{"id":572,"date":"2019-12-14T16:54:38","date_gmt":"2019-12-14T08:54:38","guid":{"rendered":"https:\/\/shuliybaler.com\/?p=572"},"modified":"2022-09-27T10:17:08","modified_gmt":"2022-09-27T02:17:08","slug":"alligator-shear","status":"publish","type":"product","link":"https:\/\/shuliybaler.com\/sw\/product\/alligator-shear\/","title":{"rendered":"Skrotmetallklippare | alligatorst\u00e5lklippmaskin"},"content":{"rendered":"<p class=\"translation-block\"><strong>Skrotmetallklippare<\/strong> \u00e4ven kallad alligatorst\u00e5lklippmaskin, \u00e4r mycket l\u00e4mplig f\u00f6r att klippa l\u00e5nga metaller. J\u00e4mf\u00f6rt med annan<a href=\"https:\/\/shuliybaler.com\/sw\/gantry-shear\/\"> klipputrustning<\/a>, har den egenskaperna av l\u00e4tt vikt, liten fotavtryck och h\u00f6g effektivitet. D\u00e4rf\u00f6r anv\u00e4nds denna maskin ofta i valsverk, metall\u00e5tervinningsanl\u00e4ggningar, skrotbilsklippningsanl\u00e4ggningar, elektriska \u00e5tervinningsanl\u00e4ggningar, etc. Den \u00e4r mycket l\u00e4mplig f\u00f6r att klippa rundst\u00e5l, vinkelst\u00e5l, armeringsj\u00e4rn, tr\u00e5d, j\u00e4rnpl\u00e5t, f\u00e4rgst\u00e5ltak, aluminiumlegering, kanalst\u00e5l, kopparpl\u00e5t, j\u00e4rnpl\u00e5t, skrotmetall, etc. f\u00f6r efterf\u00f6ljande bearbetning.<\/p>    <figure class=\"wp-block-image size-full\"><img loading=\"lazy\" decoding=\"async\" width=\"720\" height=\"540\" src=\"https:\/\/shuliybaler.com\/wp-content\/uploads\/2019\/12\/u7513068303196564925fm199app68fJPEG.jpg\" alt=\"metallsk\u00e4romaskin\" class=\"wp-image-2059\" title=\"\"><figcaption>Metallklippare<\/figcaption><\/figure>    <h2 class=\"wp-block-heading\" id=\"h-how-does-the-alligator-steel-shear-machine-work\">Hur fungerar alligatorst\u00e5lklippmaskinen?<\/h2>    <p>Alligatorklippare best\u00e5r huvudsakligen av klippoljecylindrar, klippknivar, tryckknivar, tryckoljecylindrar, hydrauliska pumpar, kontrollpaneler, s\u00e4kerhetsanordningar, och s\u00e5 vidare. N\u00e4r skrotst\u00e5lklipparen arbetar, ger den hydrauliska pumpen kraft till tryckkniven, och tryckkniven s\u00e4nks f\u00f6r att h\u00e5lla materialet stadigt. Sedan fyller den hydrauliska oljepumpen klippcylindern med olja, och klipparen sjunker gradvis f\u00f6r att klippa materialet.<\/p>    <figure class=\"wp-block-image size-full\"><img loading=\"lazy\" decoding=\"async\" width=\"720\" height=\"540\" src=\"https:\/\/shuliybaler.com\/wp-content\/uploads\/2019\/12\/u35814314264196434871fm199app68fJPEG.jpg\" alt=\"alligator-st\u00e5l sk\u00e4rare maskin arbetsresultatvisning\" class=\"wp-image-2060\" title=\"\"><figcaption>Alligatorst\u00e5lklippmaskin Arbeteffektvisning<\/figcaption><\/figure>    <h2 class=\"wp-block-heading\">Till\u00e4mpningsomr\u00e5den f\u00f6r skrotmetallklippare<\/h2>    <p>Denna skrotmetallklippare kan anv\u00e4ndas inom metall\u00e5tervinningsindustrin, metallbearbetningsindustrin, skrotbilbearbetningsindustrin, etc. Den kan snabbt klippa vissa l\u00e5nga metallremsor till vissa f\u00f6tter av lagring. De r\u00e5varor som kan bearbetas \u00e4r metall, j\u00e4rn, st\u00e5l, f\u00e4rgst\u00e5ltak, aluminiumlegering, skrotst\u00e5l och j\u00e4rnpl\u00e5t.<\/p>    <figure class=\"wp-block-gallery has-nested-images columns-default is-cropped wp-block-gallery-2 is-layout-flex wp-block-gallery-is-layout-flex\"> <figure class=\"wp-block-image size-large\"><img loading=\"lazy\" decoding=\"async\" width=\"720\" height=\"540\" data-id=\"2061\" src=\"https:\/\/shuliybaler.com\/wp-content\/uploads\/2019\/12\/0.5.jpg\" alt=\"Till\u00e4mpning av skrotmetallklippare \" class=\"wp-image-2061\" title=\"\"><figcaption>Skrotmetallklippare Till\u00e4mpning <\/figcaption><\/figure>    <figure class=\"wp-block-image size-large\"><img loading=\"lazy\" decoding=\"async\" width=\"720\" height=\"540\" data-id=\"2062\" src=\"https:\/\/shuliybaler.com\/wp-content\/uploads\/2019\/12\/14.jpg\" alt=\"Till\u00e4mpning av skrotmetallklippare \" class=\"wp-image-2062\" title=\"\"><figcaption>Skrotmetallklippare Till\u00e4mpning <\/figcaption><\/figure> <\/figure>    <h2 class=\"wp-block-heading\">Detaljer om skrotmetallklippare<\/h2>    <div class=\"wp-block-media-text alignwide is-stacked-on-mobile\"><figure class=\"wp-block-media-text__media\"><img loading=\"lazy\" decoding=\"async\" width=\"720\" height=\"540\" src=\"https:\/\/shuliybaler.com\/wp-content\/uploads\/2019\/12\/25b9061356dd0a69822e0f61b844f99.jpg\" alt=\"alligator-st\u00e5l sk\u00e4rare maskin\" class=\"wp-image-2066 size-full\" title=\"\"><\/figure><div class=\"wp-block-media-text__content\"> <p class=\"has-large-font-size\">Trycket kommer inte att minska efter \u00e5r av anv\u00e4ndning, t\u00e4tningens ringmaterial l\u00e4cker inte olja, och maskinen \u00e4r h\u00e5llbar.<\/p> <\/div><\/div>    <div class=\"wp-block-media-text alignwide has-media-on-the-right is-stacked-on-mobile\"><figure class=\"wp-block-media-text__media\"><img loading=\"lazy\" decoding=\"async\" width=\"720\" height=\"540\" src=\"https:\/\/shuliybaler.com\/wp-content\/uploads\/2019\/12\/454424f9dd2b4051916fcccd18f56f8.jpg\" alt=\"metallsk\u00e4romaskin\" class=\"wp-image-2058 size-full\" title=\"\"><\/figure><div class=\"wp-block-media-text__content\"> <p class=\"has-large-font-size\">Driftspanel med automatiska funktioner, fyrkantig f\u00f6r\u00e4ndringskontroll och justering<\/p> <\/div><\/div>    <div class=\"wp-block-media-text alignwide is-stacked-on-mobile\"><figure class=\"wp-block-media-text__media\"><img loading=\"lazy\" decoding=\"async\" width=\"749\" height=\"495\" src=\"https:\/\/shuliybaler.com\/wp-content\/uploads\/2019\/12\/adc8ee69798d0581d143eb885f18d5d.jpg\" alt=\"Kata ya Chuma Takataka\" class=\"wp-image-2068 size-full\" title=\"\"><\/figure><div class=\"wp-block-media-text__content\"> <p class=\"has-large-font-size\"> Hydraulcylinder, ingen oljel\u00e4ckage, ingen rost, f\u00f6r att s\u00e4kerst\u00e4lla smidig metallklippning<\/p> <\/div><\/div>    <div class=\"wp-block-media-text alignwide has-media-on-the-right is-stacked-on-mobile\"><figure class=\"wp-block-media-text__media\"><img loading=\"lazy\" decoding=\"async\" width=\"720\" height=\"540\" src=\"https:\/\/shuliybaler.com\/wp-content\/uploads\/2019\/12\/u954169839773959795fm199app68fJPEG.jpg\" alt=\" alligator-st\u00e5l sk\u00e4rare maskin\" class=\"wp-image-2070 size-full\" title=\"\"><\/figure><div class=\"wp-block-media-text__content\"> <p class=\"has-large-font-size\">Klippkniv, l\u00e4mplig f\u00f6r olika former av st\u00e5l eller metallkanter<\/p> <\/div><\/div>    <h2 class=\"wp-block-heading\">Arbetsprincip f\u00f6r skrotmetallklippare<\/h2>    <figure class=\"wp-block-image size-full\"><img loading=\"lazy\" decoding=\"async\" width=\"720\" height=\"540\" src=\"https:\/\/shuliybaler.com\/wp-content\/uploads\/2019\/12\/lQDPJxZbRD8Et-HNAhzNAtCwXBwOvkc-vW0Clpj01AC9AA_720_540.jpg_720x720q90g.jpg\" alt=\"Kata ya Chuma Takataka\" class=\"wp-image-2056\" title=\"\"><figcaption>Skrotmetallklippare Struktur<\/figcaption><\/figure>    <p>Krokodilklippstrukturens princip: krokodilklipp f\u00f6r den \u00f6vre och nedre krokodilklippstrukturen, genom hydraulpumpdrift, f\u00f6r att bilda tryck, i den elektromagnetiska omkastningsventilen och kontrollen av oljekretsen f\u00f6r att uppn\u00e5 lyft och sammandragning av cylindern, genom h\u00e4vst\u00e5ngsprincipen i cylindern under trycket av att trycka upp krokodilen under tryck, kommer hj\u00e4lptryckl\u00e5s cylindern att vara f\u00f6rtrycksl\u00e5st material i huvudcylindern efter rollen av kontinuerlig tryckning upp krokodilkniven och den nedre krokodilkniven f\u00f6r att uppn\u00e5 interaktiv klippning kommer att g\u00e5 in, Materialet som g\u00e5r in i klipparen klipps av.<\/p>    <figure class=\"wp-block-embed is-type-video is-provider-youtube wp-block-embed-youtube wp-embed-aspect-16-9 wp-has-aspect-ratio\"><div class=\"wp-block-embed__wrapper\"> <iframe loading=\"lazy\" title=\"Vad \u00e4r skrotklippare? | skrotmetallklippmaskin | hydrauliska alligatorklippare till salu\" width=\"500\" height=\"281\" src=\"https:\/\/www.youtube.com\/embed\/GNmdIftq4X8?start=11&#038;feature=oembed\" frameborder=\"0\" allow=\"accelerometer; autoplay; clipboard-write; encrypted-media; gyroscope; picture-in-picture; web-share\" referrerpolicy=\"strict-origin-when-cross-origin\" allowfullscreen><\/iframe> <\/div><\/figure>    <h2 class=\"wp-block-heading\" id=\"h-features-of-the-scrap-steel-cutting-shear\">Egenskaper hos skrotst\u00e5lklipparen:<\/h2>    <figure class=\"wp-block-image size-full\"><img loading=\"lazy\" decoding=\"async\" width=\"720\" height=\"540\" src=\"https:\/\/shuliybaler.com\/wp-content\/uploads\/2019\/12\/\u5fae\u4fe1\u622a\u56fe_20220530145403.jpg\" alt=\"metallsk\u00e4romaskin\" class=\"wp-image-2063\" title=\"\"><figcaption>Metallklippare<\/figcaption><\/figure>    <ol class=\"wp-block-list\"><li>L\u00e5ga kostnader. J\u00e4mf\u00f6rt med portalklipparen \u00e4r priset mycket l\u00e4gre. Stora metallskrot finns s\u00e4llan i allm\u00e4nna metall\u00e5tervinningsanl\u00e4ggningar. Konventionella skrot kan klippas med denna maskin.<\/li><li>Litet golvutrymme. P\u00e5 grund av sin lilla fotavtryck kan denna maskin anv\u00e4ndas p\u00e5 m\u00e5nga st\u00e4llen.<\/li><li>H\u00f6g arbets effektivitet. Denna maskin kan klippa 8-12 g\u00e5nger p\u00e5 en minut, och arbets effektiviteten \u00e4r mycket h\u00f6g.<\/li><li>Genom att anta hydraulisk transmissionsmetod, har f\u00f6rdelarna med stabil drift, l\u00e5g ljudniv\u00e5 och h\u00f6g s\u00e4kerhetsfaktorer.<\/li><li>L\u00e4tt installation. Denna maskin beh\u00f6ver inte installera sula skruvar, den \u00e4r enkel och flexibel att anv\u00e4nda, och klippytan kan justeras fritt.<\/li><\/ol>    <h2 class=\"wp-block-heading\" id=\"h-operating-instructions-for-alligator-steel-shear-machine\">Bruksanvisning f\u00f6r alligatorst\u00e5lklippmaskin<\/h2>    <figure class=\"wp-block-image size-full\"><img loading=\"lazy\" decoding=\"async\" width=\"720\" height=\"540\" src=\"https:\/\/shuliybaler.com\/wp-content\/uploads\/2019\/12\/u196941569234101685fm199app68fJPEG.jpg\" alt=\"alligator-st\u00e5l sk\u00e4rare maskin\" class=\"wp-image-2064\" title=\"\"><figcaption>Alligatorst\u00e5lklippmaskin<\/figcaption><\/figure>    <p>1. Tryckomr\u00e5det f\u00f6r denna maskin \u00e4r 100 till 300 ton.<\/p>    <p>2. Klippl\u00e4ngden \u00e4r 25-120 cm.<\/p>    <p>3. B\u00e5de maskinens klippkraft och bladets l\u00e4ngd kan anpassas efter kundens behov.<\/p>    <p>4. Kontrollera regelbundet oljefiltret i br\u00e4nsletanken och ta bort fr\u00e4mmande \u00e4mnen i tid f\u00f6r att f\u00f6rhindra att oljer\u00f6ret blockeras och p\u00e5verkar maskinens arbets effektivitet.<\/p>    <p>5. Kontrollera om skruvarna p\u00e5 maskinen \u00e4r \u00e5tdragna och fungerar smidigt varannan m\u00e5nad.<\/p>    <p>6. N\u00e4r du anv\u00e4nder klipparen, var uppm\u00e4rksam p\u00e5 s\u00e4kerheten f\u00f6r de omgivande personerna. N\u00e4r du klipper korta material, anv\u00e4nd kl\u00e4mmor ist\u00e4llet f\u00f6r h\u00e4nder.<\/p>    <h2 class=\"wp-block-heading\">Hj\u00e4lputrustning f\u00f6r skrotmetallklippare<\/h2>    <figure class=\"wp-block-image size-full\"><img loading=\"lazy\" decoding=\"async\" width=\"720\" height=\"540\" src=\"https:\/\/shuliybaler.com\/wp-content\/uploads\/2019\/12\/1a79d9871a0582dce90735cff14238a.jpg\" alt=\"transport\u00f6rsb\u00e4lte av skrotmetallsk\u00e4romaskin\" class=\"wp-image-2057\" title=\"\"><figcaption>Skrotmetallklippare Transportband<\/figcaption><\/figure>    <p>Ett transportband kan l\u00e4ggas till framf\u00f6r denna metallklippare, vilket m\u00f6jligg\u00f6r helt automatisk matning och kan ocks\u00e5 spela en roll i j\u00e4mn matning. Detta metallklipptransportband \u00e4r en valfri enhet, du kan v\u00e4lja om du vill k\u00f6pa det beroende p\u00e5 bearbetningsf\u00f6rh\u00e5llandena.<\/p>    <figure class=\"wp-block-image size-full\"><img loading=\"lazy\" decoding=\"async\" width=\"720\" height=\"540\" src=\"https:\/\/shuliybaler.com\/wp-content\/uploads\/2019\/12\/\u5fae\u4fe1\u622a\u56fe_20211019111839.jpg\" alt=\"Kata ya Chuma Takataka\" class=\"wp-image-2065\" title=\"\"><figcaption>Skrotmetallklippare<\/figcaption><\/figure>    <h2 class=\"wp-block-heading\">Video av skrotmetallklippare<\/h2>    <figure class=\"wp-block-embed is-type-video is-provider-youtube wp-block-embed-youtube wp-embed-aspect-16-9 wp-has-aspect-ratio\"><div class=\"wp-block-embed__wrapper\"> <iframe loading=\"lazy\" title=\"Hur tjock metall kan en klippare klippa? | Vad kan en metallklippare anv\u00e4ndas f\u00f6r att klippa? | skrotmetallklippning\" width=\"500\" height=\"281\" src=\"https:\/\/www.youtube.com\/embed\/v9FmaOvp3nc?feature=oembed\" frameborder=\"0\" allow=\"accelerometer; autoplay; clipboard-write; encrypted-media; gyroscope; picture-in-picture; web-share\" referrerpolicy=\"strict-origin-when-cross-origin\" allowfullscreen><\/iframe> <\/div><figcaption>skrotmetallklippmaskin<\/figcaption><\/figure>","protected":false},"excerpt":{"rendered":"<p>Scrap metal cutting shear also called alligator steel shear machine, is very suitable for cutting long metals. Compared with other cutting equipment, it has the characteristics of a lightweight, small footprint, and high efficiency. Therefore, this machine is often used in rolling mills, metal recycling plants, scrap car dismantling plants, electrical recycling plants, etc. It [&hellip;]<\/p>\n","protected":false},"author":1,"featured_media":2055,"parent":0,"template":"","tags":[30],"product-type":[43],"class_list":["post-572","product","type-product","status-publish","has-post-thumbnail","hentry","tag-scrap-metal-cutting-shear","product-type-metal-shear"],"_links":{"self":[{"href":"https:\/\/shuliybaler.com\/sw\/wp-json\/wp\/v2\/product\/572","targetHints":{"allow":["GET"]}}],"collection":[{"href":"https:\/\/shuliybaler.com\/sw\/wp-json\/wp\/v2\/product"}],"about":[{"href":"https:\/\/shuliybaler.com\/sw\/wp-json\/wp\/v2\/types\/product"}],"author":[{"embeddable":true,"href":"https:\/\/shuliybaler.com\/sw\/wp-json\/wp\/v2\/users\/1"}],"wp:featuredmedia":[{"embeddable":true,"href":"https:\/\/shuliybaler.com\/sw\/wp-json\/wp\/v2\/media\/2055"}],"wp:attachment":[{"href":"https:\/\/shuliybaler.com\/sw\/wp-json\/wp\/v2\/media?parent=572"}],"wp:term":[{"taxonomy":"post_tag","embeddable":true,"href":"https:\/\/shuliybaler.com\/sw\/wp-json\/wp\/v2\/tags?post=572"},{"taxonomy":"product-type","embeddable":true,"href":"https:\/\/shuliybaler.com\/sw\/wp-json\/wp\/v2\/product-type?post=572"}],"curies":[{"name":"wp","href":"https:\/\/api.w.org\/{rel}","templated":true}]}}