{"id":19,"date":"2019-11-30T01:26:31","date_gmt":"2019-11-30T01:26:31","guid":{"rendered":"https:\/\/shuliybaler.com\/?page_id=19"},"modified":"2022-09-28T15:34:50","modified_gmt":"2022-09-28T07:34:50","slug":"services","status":"publish","type":"page","link":"https:\/\/shuliybaler.com\/tr\/services\/","title":{"rendered":"Hizmetler"},"content":{"rendered":"<h2 class=\"wp-block-heading\"> Teknik hizmetler<\/h2>    <p>1. Makineyi sat\u0131n almadan \u00f6nce, sat\u0131\u015f dan\u0131\u015fmanlar\u0131m\u0131zla ileti\u015fime ge\u00e7ebilirsiniz, onlar makine sorunlar\u0131n\u0131z\u0131 \u00e7\u00f6zecektir. Gerekirse, daha profesyonel bir cevap i\u00e7in teknik ekibimizle do\u011frudan ileti\u015fime ge\u00e7ebilirsiniz.<\/p>    <p>2. Makineyi sat\u0131n ald\u0131ktan sonra, makine kurulumu i\u00e7in videolar, resimler, dosyalar vb. g\u00f6nderece\u011fiz. Gerekirse, \u00fclkenize teknisyenler g\u00f6nderebiliriz ve kurulum ve kullan\u0131m gibi bir dizi sorunu \u00e7\u00f6zebiliriz.<\/p>    <p>3. \u015eirketimiz, fabrika tasar\u0131m\u0131, fabrika alan\u0131 hesaplama, fabrika \u00e7izimi gibi \u00e7e\u015fitli hizmetler sunmaktad\u0131r.<\/p>    <p>4. 24 saat i\u00e7inde bizimle ileti\u015fime ge\u00e7mekten \u00e7ekinmeyin.<\/p>    <figure class=\"wp-block-image size-large\"><img loading=\"lazy\" decoding=\"async\" width=\"800\" height=\"500\" src=\"https:\/\/shuliybaler.com\/wp-content\/uploads\/2019\/12\/Technischer-Support.jpg\" alt=\"Teknik Destek\" class=\"wp-image-450\" title=\"\" srcset=\"https:\/\/shuliybaler.com\/wp-content\/uploads\/2019\/12\/Technischer-Support.jpg 800w, https:\/\/shuliybaler.com\/wp-content\/uploads\/2019\/12\/Technischer-Support-360x225.jpg 360w, https:\/\/shuliybaler.com\/wp-content\/uploads\/2019\/12\/Technischer-Support-720x450.jpg 720w, https:\/\/shuliybaler.com\/wp-content\/uploads\/2019\/12\/Technischer-Support-768x480.jpg 768w\" sizes=\"auto, (max-width: 800px) 100vw, 800px\" \/><figcaption>Teknik Destek<\/figcaption><\/figure>    <h2 class=\"wp-block-heading\">Destek \u00f6zelle\u015ftirmesi<\/h2>    <p>\u00c7o\u011fu makine, m\u00fc\u015fterilerin farkl\u0131 gereksinimlerini kar\u015f\u0131lamak i\u00e7in \u00f6zelle\u015ftirmeyi destekler. \u00d6zelle\u015ftirme, makine malzemesi, malzeme kal\u0131nl\u0131\u011f\u0131, makine kal\u0131p boyutu, voltaj de\u011fi\u015fikli\u011fi vb. i\u00e7erir.<\/p>    <div class=\"wp-block-media-text alignwide is-stacked-on-mobile\"><figure class=\"wp-block-media-text__media\"><img loading=\"lazy\" decoding=\"async\" width=\"720\" height=\"540\" src=\"https:\/\/shuliybaler.com\/wp-content\/uploads\/2019\/12\/Pick-up-managing-customer-accommodation.jpg\" alt=\"\" class=\"wp-image-452 size-full\" title=\"\" srcset=\"https:\/\/shuliybaler.com\/wp-content\/uploads\/2019\/12\/Pick-up-managing-customer-accommodation.jpg 720w, https:\/\/shuliybaler.com\/wp-content\/uploads\/2019\/12\/Pick-up-managing-customer-accommodation-360x270.jpg 360w, https:\/\/shuliybaler.com\/wp-content\/uploads\/2019\/12\/Pick-up-managing-customer-accommodation-180x135.jpg 180w\" sizes=\"auto, (max-width: 720px) 100vw, 720px\" \/><\/figure><div class=\"wp-block-media-text__content\"> <h2 class=\"wp-block-heading\">Misafir kabul\u00fc<\/h2>    <p>Test etmek veya fabrikam\u0131z\u0131 ziyaret etmek istiyorsan\u0131z, \u00f6zel kar\u015f\u0131lama hizmeti, otel \u00f6zelle\u015ftirme hizmeti, catering hizmeti vb. sa\u011flayabiliriz, b\u00f6ylece yabanc\u0131 bir \u00fclkede ekstra huzur i\u00e7inde olursunuz.<\/p> <\/div><\/div>    <div class=\"wp-block-media-text alignwide has-media-on-the-right is-stacked-on-mobile\"><figure class=\"wp-block-media-text__media\"><img loading=\"lazy\" decoding=\"async\" width=\"720\" height=\"540\" src=\"https:\/\/shuliybaler.com\/wp-content\/uploads\/2019\/12\/Support-all-forms-of-logistics.jpg\" alt=\"T\u00fcm lojistik bi\u00e7imlerini destekler\" class=\"wp-image-453 size-full\" title=\"\" srcset=\"https:\/\/shuliybaler.com\/wp-content\/uploads\/2019\/12\/Support-all-forms-of-logistics.jpg 720w, https:\/\/shuliybaler.com\/wp-content\/uploads\/2019\/12\/Support-all-forms-of-logistics-360x270.jpg 360w, https:\/\/shuliybaler.com\/wp-content\/uploads\/2019\/12\/Support-all-forms-of-logistics-180x135.jpg 180w\" sizes=\"auto, (max-width: 720px) 100vw, 720px\" \/><\/figure><div class=\"wp-block-media-text__content\"> <h2 class=\"wp-block-heading\">Lojistik ve di\u011ferleri<\/h2>    <p> Boyuta ba\u011fl\u0131 olarak, makine konteynerlerde veya ah\u015fap kutularda paketlenir ve \u00e7e\u015fitli ta\u015f\u0131ma y\u00f6ntemleri sa\u011flar.  <\/p> <\/div><\/div>    <p><\/p>","protected":false},"excerpt":{"rendered":"<p>Technical&nbsp;services 1. Before purchasing the machine, you can communicate with our sales consultants, they will solve the machine problems for you. If you need it, you can also contact our technical staff directly for a more professional answer. 2. After purchasing the machine, we will send you videos, pictures, files, etc. to guide your machine [&hellip;]<\/p>\n","protected":false},"author":1,"featured_media":0,"parent":0,"menu_order":0,"comment_status":"closed","ping_status":"closed","template":"","meta":{"footnotes":""},"class_list":["post-19","page","type-page","status-publish","hentry"],"_links":{"self":[{"href":"https:\/\/shuliybaler.com\/tr\/wp-json\/wp\/v2\/pages\/19","targetHints":{"allow":["GET"]}}],"collection":[{"href":"https:\/\/shuliybaler.com\/tr\/wp-json\/wp\/v2\/pages"}],"about":[{"href":"https:\/\/shuliybaler.com\/tr\/wp-json\/wp\/v2\/types\/page"}],"author":[{"embeddable":true,"href":"https:\/\/shuliybaler.com\/tr\/wp-json\/wp\/v2\/users\/1"}],"replies":[{"embeddable":true,"href":"https:\/\/shuliybaler.com\/tr\/wp-json\/wp\/v2\/comments?post=19"}],"version-history":[{"count":0,"href":"https:\/\/shuliybaler.com\/tr\/wp-json\/wp\/v2\/pages\/19\/revisions"}],"wp:attachment":[{"href":"https:\/\/shuliybaler.com\/tr\/wp-json\/wp\/v2\/media?parent=19"}],"curies":[{"name":"wp","href":"https:\/\/api.w.org\/{rel}","templated":true}]}}