{"id":23,"date":"2019-11-30T01:27:16","date_gmt":"2019-11-30T01:27:16","guid":{"rendered":"https:\/\/shuliybaler.com\/?page_id=23"},"modified":"2022-09-27T11:02:06","modified_gmt":"2022-09-27T03:02:06","slug":"about-us","status":"publish","type":"page","link":"https:\/\/shuliybaler.com\/tr\/about-us\/","title":{"rendered":"Hakk\u0131m\u0131zda"},"content":{"rendered":"<p>Shuliy Makine \u015eirketi, Henan Eyaleti Zhengzhou Ekonomik Kalk\u0131nma B\u00f6lgesi'nde, ula\u015f\u0131m\u0131n elveri\u015fli oldu\u011fu bir konumda bulunmaktad\u0131r. Makine ara\u015ft\u0131rma ve geli\u015ftirme, \u00fcretim ve sat\u0131\u015f\u0131n\u0131 entegre eden profesyonel bir \u015firkettir. \u015eirketimiz 2011 y\u0131l\u0131nda kuruldu, ancak on y\u0131l\u0131 a\u015fk\u0131n s\u00fcredir ger\u00e7ek makine \u00fcretimi ve sat\u0131\u015f deneyimine sahiptir. Bu y\u0131llar i\u00e7inde, \u015firketimiz \u00c7in'de \u00e7e\u015fitli at\u0131k metalleri geri d\u00f6n\u00fc\u015f\u00fcm, k\u0131rma ve peletleme alan\u0131nda lider hale geldi.<\/p>    <figure class=\"wp-block-image size-large\"><img decoding=\"async\" src=\"https:\/\/shuliybaler.com\/wp-content\/uploads\/2020\/01\/certification-of-Shuliy-machinery.jpg\" alt=\"Shuliy Makinesi Sertifikas\u0131\" title=\"\"><figcaption>Shuliy Makine Sertifikas\u0131<\/figcaption><\/figure>    <h2 class=\"wp-block-heading\" id=\"h-enterprise-team\"><strong>Kurumsal ekip<\/strong><\/h2>    <p>\u015eirketin geli\u015fim s\u00fcrecinde, yeteneklerin geli\u015ftirilmesine ve e\u011fitimine b\u00fcy\u00fck \u00f6nem veriyoruz ve yenilik\u00e7i ve yetenekli bir grup profesyonel bulunuyor. \u015eu anda, \u015firketimizde 100'den fazla \u00e7al\u0131\u015fan var. \u015eirketimiz sadece deneyimli ve derin bilgiye sahip personel de\u011fil, ayn\u0131 zamanda yenilik yapmaya cesaret eden gen\u00e7leri de kabul edip \u00e7a\u011f\u0131n gerisinde kalm\u0131yor.<\/p>    <h2 class=\"wp-block-heading\" id=\"h-main-machine\"><strong>Ana makine<\/strong><\/h2>    <p>\u015eu anda, \u015firketimizin ana \u00fcr\u00fcnleri aras\u0131nda metal s\u0131k\u0131\u015ft\u0131r\u0131c\u0131lar, metal makaslar, metal k\u0131r\u0131c\u0131lar, metal tala\u015f peletleme makineleri vb. bulunuyor. \u201c\u00c7in makinelerinin her k\u00f6\u015feye yay\u0131lmas\u0131n\u0131 sa\u011flamak\u201d misyonunu ta\u015f\u0131yarak, i\u015f alan\u0131m\u0131z s\u00fcrekli geni\u015fliyor. \u015eimdi, makinelerimiz Nijerya, Hindistan, Amerika Birle\u015fik Devletleri, Malezya, Sudan, Birle\u015fik Arap Emirlikleri, Birle\u015fik Krall\u0131k, Sri Lanka, Pakistan, Tayland, Cezayir ve Uganda dahil olmak \u00fczere 80'den fazla \u00fclkeye ba\u015far\u0131yla sat\u0131lm\u0131\u015ft\u0131r. Ve m\u00fckemmel makine kalitesi ve makul fiyat\u0131yla m\u00fc\u015fterilerimiz aras\u0131nda geni\u015f \u00e7apta takdir toplam\u0131\u015ft\u0131r.<\/p>    <h2 class=\"wp-block-heading\" id=\"h-company-culture\"><strong>\u015firket k\u00fclt\u00fcr\u00fc<\/strong><\/h2>    <p>Vizyon: \u00c7al\u0131\u015fanlar\u0131n geli\u015fimine yard\u0131mc\u0131 olacak en iyi platformu olu\u015fturmak.<\/p>    <p>Misyon: \u00c7in makinelerinin her k\u00f6\u015feye yay\u0131lmas\u0131n\u0131 sa\u011flamak.<\/p>    <p>De\u011ferler: D\u00fcr\u00fcstl\u00fck, Minnettarl\u0131k, Altruizm ve Kar\u015f\u0131l\u0131kl\u0131 Yard\u0131mla\u015fma.<\/p>    <p>Shuliy Grubu asla durmad\u0131. On ki\u015fiden az olan k\u00fc\u00e7\u00fck bir \u015firketten bug\u00fcne ad\u0131m ad\u0131m geldi. Bug\u00fcnleri ba\u015farmak \u015fans de\u011fil, g\u00fc\u00e7! Daha fazla yabanc\u0131 arkada\u015fla i\u015fbirli\u011fi ili\u015fkileri kurmay\u0131 d\u00f6rt g\u00f6zle bekliyoruz ve her yabanc\u0131 arkada\u015f\u0131m\u0131z\u0131 fabrikam\u0131z\u0131 ziyaret etmeye davet ediyoruz.<\/p>","protected":false},"excerpt":{"rendered":"<p>Shuliy Machinery Co., Ltd. is located in Zhengzhou Economic Development Zone, Henan Province with convenient transportation. It is a professional company integrating machine research and development, manufacturing and sales. Our company was founded in 2011 but has actual machine manufacturing experience and sales experience for more than ten years. After the development of these years, [&hellip;]<\/p>\n","protected":false},"author":1,"featured_media":0,"parent":0,"menu_order":0,"comment_status":"closed","ping_status":"closed","template":"","meta":{"footnotes":""},"class_list":["post-23","page","type-page","status-publish","hentry"],"_links":{"self":[{"href":"https:\/\/shuliybaler.com\/tr\/wp-json\/wp\/v2\/pages\/23","targetHints":{"allow":["GET"]}}],"collection":[{"href":"https:\/\/shuliybaler.com\/tr\/wp-json\/wp\/v2\/pages"}],"about":[{"href":"https:\/\/shuliybaler.com\/tr\/wp-json\/wp\/v2\/types\/page"}],"author":[{"embeddable":true,"href":"https:\/\/shuliybaler.com\/tr\/wp-json\/wp\/v2\/users\/1"}],"replies":[{"embeddable":true,"href":"https:\/\/shuliybaler.com\/tr\/wp-json\/wp\/v2\/comments?post=23"}],"version-history":[{"count":0,"href":"https:\/\/shuliybaler.com\/tr\/wp-json\/wp\/v2\/pages\/23\/revisions"}],"wp:attachment":[{"href":"https:\/\/shuliybaler.com\/tr\/wp-json\/wp\/v2\/media?parent=23"}],"curies":[{"name":"wp","href":"https:\/\/api.w.org\/{rel}","templated":true}]}}