{"id":2686,"date":"2022-07-26T16:12:20","date_gmt":"2022-07-26T08:12:20","guid":{"rendered":"https:\/\/shuliybaler.com\/?p=2686"},"modified":"2025-02-08T15:24:58","modified_gmt":"2025-02-08T07:24:58","slug":"scrap-metal-shredder-machine","status":"publish","type":"product","link":"https:\/\/shuliybaler.com\/tr\/product\/scrap-metal-shredder-machine\/","title":{"rendered":"Hurda metal k\u0131r\u0131c\u0131 | at\u0131k lastik k\u0131rma makinesi"},"content":{"rendered":"<p>Hurda metal par\u00e7alay\u0131c\u0131 makinesi, metal hurdalar\u0131, otomobil hurdalar\u0131, temel at\u0131k hurdalar ve di\u011fer \u00fcr\u00fcnler i\u00e7in kullan\u0131labilir. Metal hurdalar\u0131n\u0131n ham maddeleri. B\u00fcy\u00fck metal ham maddelerin k\u0131r\u0131lmas\u0131, geri d\u00f6n\u00fc\u015f\u00fcm ve i\u015fleme kolayl\u0131\u011f\u0131 sa\u011flar. Geri d\u00f6n\u00fc\u015f\u00fcm end\u00fcstrisi, at\u0131k ev aletleri i\u015fleme end\u00fcstrisi ve at\u0131k mobilya metal k\u0131rma i\u00e7in kullan\u0131l\u0131r.<\/p>    <figure class=\"wp-block-embed is-type-video is-provider-youtube wp-block-embed-youtube wp-embed-aspect-16-9 wp-has-aspect-ratio\"><div class=\"wp-block-embed__wrapper\"> <iframe loading=\"lazy\" title=\"Hangi metal k\u0131rma makinesi her \u015feyi k\u0131rabilir? | hurda metal par\u00e7alama makinesi | hurda k\u0131r\u0131c\u0131\" width=\"500\" height=\"281\" src=\"https:\/\/www.youtube.com\/embed\/Vk_1d0oict8?feature=oembed\" frameborder=\"0\" allow=\"accelerometer; autoplay; clipboard-write; encrypted-media; gyroscope; picture-in-picture; web-share\" referrerpolicy=\"strict-origin-when-cross-origin\" allowfullscreen><\/iframe> <\/div><\/figure>    <h2 class=\"wp-block-heading\">Hurda metal par\u00e7alay\u0131c\u0131 makine hammaddesi<\/h2>   <div class=\"wp-block-image\"> <figure class=\"aligncenter size-full\"><img loading=\"lazy\" decoding=\"async\" width=\"720\" height=\"540\" src=\"https:\/\/shuliybaler.com\/wp-content\/uploads\/2022\/07\/3DScrap-metal-shredder-machine.webp\" alt=\"3D Hurda metal par\u00e7alay\u0131c\u0131\" class=\"wp-image-2697\" title=\"\"><figcaption class=\"wp-element-caption\">3D Hurda Metal Par\u00e7alay\u0131c\u0131 Makinesi<\/figcaption><\/figure> <\/div>   <p>\u00c7ok fonksiyonlu k\u0131r\u0131c\u0131, her t\u00fcrl\u00fc at\u0131k metal, ah\u015fap, plastik, \u00e7er\u00e7eve malzemesi, at\u0131k konvey\u00f6r band\u0131, demir dolap, at\u0131k TV, buzdolab\u0131, klima, \u00e7ama\u015f\u0131r makinesi, bilgisayar, cep telefonu, dondurucu, vb. at\u0131k ev aletleri ve ev aletleri kabuklar\u0131, cam y\u00fcn\u00fc, cam, at\u0131k ofis malzemeleri, motor kabuklar\u0131, at\u0131k elektrikli cihazlar, pil kabuklar\u0131, \u00e7elik mobilya vb. k\u0131rmak i\u00e7in uygundur. Hurda metal k\u0131r\u0131c\u0131 makinesinin \u00e7\u0131k\u0131\u015f boyutu, kullan\u0131c\u0131 gereksinimlerine g\u00f6re ayarlanabilir. Hurda metal k\u0131r\u0131c\u0131 ekipman\u0131, otomatik kontrol sa\u011flar ve ba\u015flatma, durdurma, tersine \u00e7al\u0131\u015fma ve a\u015f\u0131r\u0131 y\u00fcklenme otomatik geri kazan\u0131m fonksiyonlar\u0131na sahiptir, b\u00f6ylece kullan\u0131c\u0131, i\u015fletim hatalar\u0131ndan kaynaklanan makine hasar\u0131n\u0131 azaltabilir. M\u00fc\u015fterinin bitmi\u015f \u00fcr\u00fcn gereksinimlerine g\u00f6re farkl\u0131 alet konfig\u00fcrasyonlar\u0131 de\u011fi\u015ftirilir ve k\u0131r\u0131c\u0131 \u015faft\u0131 \u0131s\u0131l i\u015flem g\u00f6rm\u00fc\u015ft\u00fcr, b\u00f6ylece t\u00fcm makinenin a\u015f\u0131nma par\u00e7alar\u0131 a\u015f\u0131nmaya dayan\u0131kl\u0131 ve dayan\u0131kl\u0131d\u0131r, kullan\u0131m\u0131 b\u00fcy\u00fck \u00f6l\u00e7\u00fcde geli\u015ftirilmi\u015ftir. <\/p>    <figure class=\"wp-block-gallery has-nested-images columns-2 is-cropped wp-block-gallery-2 is-layout-flex wp-block-gallery-is-layout-flex\"> <figure class=\"wp-block-image size-large\"><img loading=\"lazy\" decoding=\"async\" width=\"720\" height=\"540\" data-id=\"2698\" src=\"https:\/\/shuliybaler.com\/wp-content\/uploads\/2022\/07\/waste-tires.webp\" alt=\"At\u0131k lastikler\" class=\"wp-image-2698\" title=\"\"><figcaption class=\"wp-element-caption\">At\u0131k Lastikler<\/figcaption><\/figure>    <figure class=\"wp-block-image size-large\"><img loading=\"lazy\" decoding=\"async\" width=\"720\" height=\"540\" data-id=\"2699\" src=\"https:\/\/shuliybaler.com\/wp-content\/uploads\/2022\/07\/scrap-car.webp\" alt=\"hurda araba\" class=\"wp-image-2699\" title=\"\"><figcaption class=\"wp-element-caption\">Hurda Araba<\/figcaption><\/figure>    <figure class=\"wp-block-image size-large\"><img loading=\"lazy\" decoding=\"async\" width=\"720\" height=\"540\" data-id=\"2700\" src=\"https:\/\/shuliybaler.com\/wp-content\/uploads\/2022\/07\/wooden-pallet.webp\" alt=\"ah\u015fap palet\" class=\"wp-image-2700\" title=\"\"><figcaption class=\"wp-element-caption\">Ah\u015fap Palet<\/figcaption><\/figure>    <figure class=\"wp-block-image size-large\"><img loading=\"lazy\" decoding=\"async\" width=\"720\" height=\"540\" data-id=\"2701\" src=\"https:\/\/shuliybaler.com\/wp-content\/uploads\/2022\/07\/Waste-household-appliances.webp\" alt=\"At\u0131k ev aletleri\" class=\"wp-image-2701\" title=\"\"><figcaption class=\"wp-element-caption\">At\u0131k Ev Aletleri<\/figcaption><\/figure> <\/figure>    <h2 class=\"wp-block-heading\">Hurda metal par\u00e7alay\u0131c\u0131 makine yap\u0131s\u0131<\/h2>   <div class=\"wp-block-image\"> <figure class=\"aligncenter size-full\"><img loading=\"lazy\" decoding=\"async\" width=\"720\" height=\"540\" src=\"https:\/\/shuliybaler.com\/wp-content\/uploads\/2022\/07\/waste-tire-crushing-machine.webp\" alt=\"at\u0131k lastik k\u0131rma makinesi\" class=\"wp-image-2703\" title=\"\"><figcaption class=\"wp-element-caption\">at\u0131k lastik k\u0131rma makinesi<\/figcaption><\/figure> <\/div>   <p>Metal par\u00e7alay\u0131c\u0131 yap\u0131s\u0131, ana g\u00f6vde, besleme giri\u015fi, bo\u015faltma \u00e7\u0131k\u0131\u015f\u0131, kesici, motor, makine taban\u0131, red\u00fckt\u00f6r vb. i\u00e7erir. Makine, iki kesici arac\u0131l\u0131\u011f\u0131yla birbirine g\u00f6re d\u00f6ner, sonra hurda metali s\u0131k\u0131\u015ft\u0131r\u0131r ve ard\u0131ndan metal kesici kullanarak keser, genellikle b\u00fcy\u00fck. Metal par\u00e7as\u0131 hurda metal par\u00e7alay\u0131c\u0131 makineye konulduktan sonra, makine kendisiyle par\u00e7alar.<\/p>    <h2 class=\"wp-block-heading\">At\u0131k lastik k\u0131rma makinesinin besleme ve bo\u015faltma y\u00f6ntemi<\/h2>   <div class=\"wp-block-image\"> <figure class=\"aligncenter size-full\"><img loading=\"lazy\" decoding=\"async\" width=\"720\" height=\"540\" src=\"https:\/\/shuliybaler.com\/wp-content\/uploads\/2022\/07\/waste-tire-crushing-machine-1.webp\" alt=\"at\u0131k lastik k\u0131rma makinesi\" class=\"wp-image-2704\" title=\"\"><figcaption class=\"wp-element-caption\">at\u0131k lastik k\u0131rma makinesi<\/figcaption><\/figure> <\/div>   <p>Genellikle, bu metal k\u0131rma makinesine konmas\u0131 gereken \u00fcr\u00fcnler b\u00fcy\u00fck olur, \u00f6rne\u011fin hurda arabalar, demir variller, eski ev aletleri vb. E\u011fer k\u0131r\u0131lacak \u00fcr\u00fcnler \u00e7ok b\u00fcy\u00fckse, bu \u00fcr\u00fcnleri makineye koymak i\u00e7in kule vin\u00e7leri gibi ara\u00e7lar gerekir. Tabii ki, \u00e7ok k\u00fc\u00e7\u00fck bir \u00fcr\u00fcn gibi bisiklet k\u0131r\u0131p do\u011frudan makineye atabilirsiniz. Metal k\u0131r\u0131ld\u0131ktan sonra, makineden a\u015fa\u011f\u0131 \u00e7\u0131kar. Tam otomatik \u00e7i\u00e7ek \u00fcretimi i\u00e7in makinenin alt\u0131na konabilecek konvey\u00f6r bantlar kullan\u0131labilir.<\/p>    <h2 class=\"wp-block-heading\">At\u0131k lastik k\u0131rma makinesi b\u0131\u00e7a\u011f\u0131<\/h2>    <figure class=\"wp-block-gallery has-nested-images columns-2 is-cropped wp-block-gallery-3 is-layout-flex wp-block-gallery-is-layout-flex\"> <figure class=\"wp-block-image size-large\"><img loading=\"lazy\" decoding=\"async\" width=\"720\" height=\"540\" data-id=\"2705\" src=\"https:\/\/shuliybaler.com\/wp-content\/uploads\/2022\/07\/knife-of-metal-shredder.webp\" alt=\"metal k\u0131r\u0131c\u0131 b\u0131\u00e7a\u011f\u0131\" class=\"wp-image-2705\" title=\"\"><figcaption class=\"wp-element-caption\">Metal Par\u00e7alay\u0131c\u0131 B\u0131\u00e7a\u011f\u0131<\/figcaption><\/figure>    <figure class=\"wp-block-image size-large\"><img loading=\"lazy\" decoding=\"async\" width=\"720\" height=\"540\" data-id=\"2706\" src=\"https:\/\/shuliybaler.com\/wp-content\/uploads\/2022\/07\/knife-of-metal-shredder-1.webp\" alt=\"metal k\u0131r\u0131c\u0131 b\u0131\u00e7a\u011f\u0131\" class=\"wp-image-2706\" title=\"\"><figcaption class=\"wp-element-caption\">Metal Par\u00e7alay\u0131c\u0131 B\u0131\u00e7a\u011f\u0131<\/figcaption><\/figure>    <figure class=\"wp-block-image size-large\"><img loading=\"lazy\" decoding=\"async\" width=\"720\" height=\"540\" data-id=\"2707\" src=\"https:\/\/shuliybaler.com\/wp-content\/uploads\/2022\/07\/knife-of-metal-shredder-2.webp\" alt=\"metal k\u0131r\u0131c\u0131 b\u0131\u00e7a\u011f\u0131\" class=\"wp-image-2707\" title=\"\"><figcaption class=\"wp-element-caption\">Metal Par\u00e7alay\u0131c\u0131 B\u0131\u00e7a\u011f\u0131<\/figcaption><\/figure>    <figure class=\"wp-block-image size-large\"><img loading=\"lazy\" decoding=\"async\" width=\"720\" height=\"540\" data-id=\"2708\" src=\"https:\/\/shuliybaler.com\/wp-content\/uploads\/2022\/07\/knife-of-metal-shredder-3.webp\" alt=\"metal k\u0131r\u0131c\u0131 b\u0131\u00e7a\u011f\u0131\" class=\"wp-image-2708\" title=\"\"><figcaption class=\"wp-element-caption\">Metal Par\u00e7alay\u0131c\u0131 B\u0131\u00e7a\u011f\u0131<\/figcaption><\/figure> <\/figure>    <p>Par\u00e7alama b\u0131\u00e7aklar\u0131 makinenin modeline g\u00f6re yap\u0131land\u0131r\u0131lm\u0131\u015ft\u0131r. Genellikle b\u00fcy\u00fck \u00f6l\u00e7ekli makinelerin b\u0131\u00e7aklar\u0131 daha kal\u0131n olur. Genel olarak fiyat daha y\u00fcksek olacakt\u0131r. Ayr\u0131ca, bu da bitmi\u015f \u00fcr\u00fcnle ilgilidir. B\u0131\u00e7aklar ayr\u0131ca makinenin di\u015f yo\u011funlu\u011fuyla ilgilidir. Farkl\u0131 malzemeler vard\u0131r. Lastikleri k\u0131rmak istiyorsan\u0131z, 55SiCr kesiciler kullanabilirsiniz. Hafif ve ince metalleri k\u0131rmak istiyorsan\u0131z, 9CrSi kesicilere ihtiyac\u0131n\u0131z var, ancak daha kal\u0131n ve sert metalleri k\u0131rmak istiyorsan\u0131z, en y\u00fcksek dayan\u0131kl\u0131l\u0131\u011fa sahip H13 malzemeli b\u0131\u00e7a\u011fa ihtiyac\u0131n\u0131z var. Yani, H13 malzemeli ara\u00e7, herhangi bir dayan\u0131kl\u0131l\u0131ktaki malzeme i\u00e7in kullan\u0131l\u0131r. Ama 55SiCr ara\u00e7lar kal\u0131n metalleri kesmek i\u00e7in kullan\u0131lamaz. Sat\u0131n al\u0131rken dikkat edin.<\/p>    <figure class=\"wp-block-table\"><table><tbody><tr><td>malzeme<\/td><td>Ana uygulama malzemeleri<\/td><\/tr><tr><td>55SiCr (Be\u015f veya be\u015f silikon demir)<\/td><td>ah\u015fap, plastik<\/td><\/tr><tr><td>9CrSi (9 lehimli silikon)<\/td><td>kau\u00e7uk, metal<\/td><\/tr><tr><td>H13<\/td><td>metal<\/td><\/tr><\/tbody><\/table><\/figure>    <h2 class=\"wp-block-heading\" id=\"h-the-advantages-of-the-metal-shredder-machine\">Metal par\u00e7alay\u0131c\u0131 makinenin avantajlar\u0131<\/h2>   <div class=\"wp-block-image\"> <figure class=\"aligncenter size-full\"><img loading=\"lazy\" decoding=\"async\" width=\"720\" height=\"540\" src=\"https:\/\/shuliybaler.com\/wp-content\/uploads\/2022\/07\/metal-shredder.webp\" alt=\"metal par\u00e7alay\u0131c\u0131\" class=\"wp-image-2709\" title=\"\" srcset=\"https:\/\/shuliybaler.com\/wp-content\/uploads\/2022\/07\/metal-shredder.webp 720w, https:\/\/shuliybaler.com\/wp-content\/uploads\/2022\/07\/metal-shredder-360x270.webp 360w, https:\/\/shuliybaler.com\/wp-content\/uploads\/2022\/07\/metal-shredder-180x135.webp 180w\" sizes=\"auto, (max-width: 720px) 100vw, 720px\" \/><figcaption class=\"wp-element-caption\">metal par\u00e7alay\u0131c\u0131<\/figcaption><\/figure> <\/div>   <ul class=\"wp-block-list\"> <li>\u00c7\u0131k\u0131\u015f boyutu \u00f6zelle\u015ftirilebilir<\/li>    <li>A\u015f\u0131nmaya dayan\u0131kl\u0131 ve dayan\u0131kl\u0131, makinenin uzun hizmet \u00f6mr\u00fc vard\u0131r<\/li>    <li>Hurda metal par\u00e7alay\u0131c\u0131 makine \u00e7al\u0131\u015f\u0131rken d\u00fc\u015f\u00fck g\u00fcr\u00fclt\u00fc ve y\u00fcksek verimlilik<\/li>    <li>Hurda metal par\u00e7alay\u0131c\u0131 makine g\u00fc\u00e7l\u00fc bir m\u00fch\u00fcrleme sa\u011flar ve operat\u00f6r\u00fc korur<\/li> <\/ul>    <h2 class=\"wp-block-heading\">Metal par\u00e7alay\u0131c\u0131 makine parametreleri<\/h2>    <figure class=\"wp-block-gallery has-nested-images columns-default is-cropped wp-block-gallery-4 is-layout-flex wp-block-gallery-is-layout-flex\"> <figure class=\"wp-block-image size-large\"><img loading=\"lazy\" decoding=\"async\" width=\"720\" height=\"540\" data-id=\"2712\" src=\"https:\/\/shuliybaler.com\/wp-content\/uploads\/2022\/07\/SL-400-metal-shredder.webp\" alt=\"SL-400 metal par\u00e7alay\u0131c\u0131\" class=\"wp-image-2712\" title=\"\" srcset=\"https:\/\/shuliybaler.com\/wp-content\/uploads\/2022\/07\/SL-400-metal-shredder.webp 720w, https:\/\/shuliybaler.com\/wp-content\/uploads\/2022\/07\/SL-400-metal-shredder-360x270.webp 360w, https:\/\/shuliybaler.com\/wp-content\/uploads\/2022\/07\/SL-400-metal-shredder-180x135.webp 180w\" sizes=\"auto, (max-width: 720px) 100vw, 720px\" \/><figcaption class=\"wp-element-caption\">Sl-400 Metal Par\u00e7alay\u0131c\u0131<\/figcaption><\/figure>    <figure class=\"wp-block-image size-large\"><img loading=\"lazy\" decoding=\"async\" width=\"720\" height=\"540\" data-id=\"2714\" src=\"https:\/\/shuliybaler.com\/wp-content\/uploads\/2022\/07\/Sl-1000-metal-shredder.webp\" alt=\"Sl-1000 metal par\u00e7alay\u0131c\u0131\" class=\"wp-image-2714\" title=\"\" srcset=\"https:\/\/shuliybaler.com\/wp-content\/uploads\/2022\/07\/Sl-1000-metal-shredder.webp 720w, https:\/\/shuliybaler.com\/wp-content\/uploads\/2022\/07\/Sl-1000-metal-shredder-360x270.webp 360w, https:\/\/shuliybaler.com\/wp-content\/uploads\/2022\/07\/Sl-1000-metal-shredder-180x135.webp 180w\" sizes=\"auto, (max-width: 720px) 100vw, 720px\" \/><figcaption class=\"wp-element-caption\">Sl-800 Metal Par\u00e7alay\u0131c\u0131<\/figcaption><\/figure>    <figure class=\"wp-block-image size-large\"><img loading=\"lazy\" decoding=\"async\" width=\"720\" height=\"540\" data-id=\"2713\" src=\"https:\/\/shuliybaler.com\/wp-content\/uploads\/2022\/07\/SL-800-metal-shredder.webp\" alt=\"SL-800 metal par\u00e7alay\u0131c\u0131\" class=\"wp-image-2713\" title=\"\" srcset=\"https:\/\/shuliybaler.com\/wp-content\/uploads\/2022\/07\/SL-800-metal-shredder.webp 720w, https:\/\/shuliybaler.com\/wp-content\/uploads\/2022\/07\/SL-800-metal-shredder-360x270.webp 360w, https:\/\/shuliybaler.com\/wp-content\/uploads\/2022\/07\/SL-800-metal-shredder-180x135.webp 180w\" sizes=\"auto, (max-width: 720px) 100vw, 720px\" \/><figcaption class=\"wp-element-caption\">Sl-1000Metal Par\u00e7alay\u0131c\u0131<\/figcaption><\/figure> <\/figure>    <figure class=\"wp-block-table\"><table><tbody><tr><td>Model<\/td><td>Sl-400<\/td><td>SL-800<\/td><td>Sl-1000<\/td><\/tr><tr><td>G\u00fc\u00e7<\/td><td>7.5KW*2<\/td><td>18.5KW*2<\/td><td>45KW*2<\/td><\/tr><tr><td>B\u0131\u00e7ak kal\u0131nl\u0131\u011f\u0131<\/td><td>20mm<\/td><td>20mm<\/td><td>50mm<\/td><\/tr><tr><td>B\u0131\u00e7ak say\u0131s\u0131<\/td><td>20<\/td><td>20<\/td><td>20<\/td><\/tr><tr><td>Boyut<\/td><td>2000*1100*1620mm<\/td><td>3800x1500x1900mm<\/td><td>4500*1900*220mm<\/td><\/tr><tr><td>A\u011f\u0131rl\u0131k<\/td><td>1.1T<\/td><td>3.5T<\/td><td>1100KG<\/td><\/tr><\/tbody><\/table><figcaption class=\"wp-element-caption\">metal par\u00e7alay\u0131c\u0131 makine parametreleri<\/figcaption><\/figure>    <p class=\"translation-block\">Bir\u00e7ok model vard\u0131r, en k\u00fc\u00e7\u00fck model SL-400, en b\u00fcy\u00fck model ise SL-2000'dir. K\u0131r\u0131lmas\u0131 gereken \u00fcr\u00fcnlere g\u00f6re uygun modeller \u00f6neririz. Ayr\u0131ca,  hurda \u00e7elik kesme makinesi  ve ba\u015fka bir  ka\u011f\u0131t balyalama makinesi  de sat\u0131yoruz.<\/p>","protected":false},"excerpt":{"rendered":"<p>Hurda metal par\u00e7alay\u0131c\u0131 makinesi, metal hurdalar\u0131, otomobil hurdalar\u0131, temel at\u0131k hurdalar ve di\u011fer \u00fcr\u00fcnler i\u00e7in kullan\u0131labilir. Metal hurdalar\u0131n\u0131n ham maddeleri. B\u00fcy\u00fck metal ham maddelerin k\u0131r\u0131lmas\u0131, geri d\u00f6n\u00fc\u015f\u00fcm ve i\u015fleme kolayl\u0131\u011f\u0131 sa\u011flar. Geri d\u00f6n\u00fc\u015f\u00fcm end\u00fcstrisi, at\u0131k ev aletleri i\u015fleme end\u00fcstrisi ve at\u0131k mobilya metal k\u0131rma i\u00e7in kullan\u0131l\u0131r.<\/p>","protected":false},"author":1,"featured_media":2695,"parent":0,"template":"","tags":[38,84],"product-type":[46],"class_list":["post-2686","product","type-product","status-publish","has-post-thumbnail","hentry","tag-scrap-metal-shredder-machine","tag-shredder","product-type-metal-shredder"],"_links":{"self":[{"href":"https:\/\/shuliybaler.com\/tr\/wp-json\/wp\/v2\/product\/2686","targetHints":{"allow":["GET"]}}],"collection":[{"href":"https:\/\/shuliybaler.com\/tr\/wp-json\/wp\/v2\/product"}],"about":[{"href":"https:\/\/shuliybaler.com\/tr\/wp-json\/wp\/v2\/types\/product"}],"author":[{"embeddable":true,"href":"https:\/\/shuliybaler.com\/tr\/wp-json\/wp\/v2\/users\/1"}],"wp:featuredmedia":[{"embeddable":true,"href":"https:\/\/shuliybaler.com\/tr\/wp-json\/wp\/v2\/media\/2695"}],"wp:attachment":[{"href":"https:\/\/shuliybaler.com\/tr\/wp-json\/wp\/v2\/media?parent=2686"}],"wp:term":[{"taxonomy":"post_tag","embeddable":true,"href":"https:\/\/shuliybaler.com\/tr\/wp-json\/wp\/v2\/tags?post=2686"},{"taxonomy":"product-type","embeddable":true,"href":"https:\/\/shuliybaler.com\/tr\/wp-json\/wp\/v2\/product-type?post=2686"}],"curies":[{"name":"wp","href":"https:\/\/api.w.org\/{rel}","templated":true}]}}