{"id":2808,"date":"2022-09-29T15:05:42","date_gmt":"2022-09-29T07:05:42","guid":{"rendered":"https:\/\/shuliybaler.com\/?post_type=product&#038;p=2808"},"modified":"2022-10-10T13:53:38","modified_gmt":"2022-10-10T05:53:38","slug":"cotton-baling-machine","status":"publish","type":"product","link":"https:\/\/shuliybaler.com\/tr\/product\/cotton-baling-machine\/","title":{"rendered":"Pamuk balyalama makinesi | pamuk pres makinesi"},"content":{"rendered":"<p class=\"translation-block\">Pamuk balyalama makinesi, pamuk presleme i\u00e7in kullan\u0131l\u0131r. Makine, geni\u015fletilmi\u015f pamuklar\u0131 s\u0131k\u0131\u015ft\u0131rma yoluyla balyalar, bu da ta\u015f\u0131may\u0131 ve depolamay\u0131 kolayla\u015ft\u0131r\u0131r. Pamuk balyalama makinesi, hidrolik s\u0131k\u0131\u015ft\u0131rma kullanarak pamuk aras\u0131ndaki bo\u015flu\u011fu s\u0131k\u0131\u015ft\u0131r\u0131r. <a href=\"https:\/\/shuliybaler.com\/tr\/product\/vertical-metal-baler\/\" data-type=\"URL\" data-id=\"https:\/\/shuliybaler.com\/product\/vertical-metal-baler\/\">Pamuk balyalama makineleri<\/a> pamuk yeti\u015ftirme \u00e7iftlikleri ve yorgan i\u015fleme fabrikalar\u0131nda kullan\u0131labilir. Pamuk presleme makinemiz Endonezya, Pakistan, M\u0131s\u0131r, Sudan, Meksika, Suudi Arabistan gibi \u00fclkelere sat\u0131lm\u0131\u015ft\u0131r.<\/p>    <figure class=\"wp-block-gallery has-nested-images columns-default is-cropped wp-block-gallery-2 is-layout-flex wp-block-gallery-is-layout-flex\"> <figure class=\"wp-block-image size-large\"><img loading=\"lazy\" decoding=\"async\" width=\"720\" height=\"540\" data-id=\"2812\" src=\"https:\/\/shuliybaler.com\/wp-content\/uploads\/2022\/09\/cotton-baling-machine.webp\" alt=\"pamuk balyalama makinesi \" class=\"wp-image-2812\" title=\"\" srcset=\"https:\/\/shuliybaler.com\/wp-content\/uploads\/2022\/09\/cotton-baling-machine.webp 720w, https:\/\/shuliybaler.com\/wp-content\/uploads\/2022\/09\/cotton-baling-machine-360x270.webp 360w, https:\/\/shuliybaler.com\/wp-content\/uploads\/2022\/09\/cotton-baling-machine-180x135.webp 180w\" sizes=\"auto, (max-width: 720px) 100vw, 720px\" \/><figcaption>Pamuk Balyalama Makinesi <\/figcaption><\/figure>    <figure class=\"wp-block-image size-large\"><img loading=\"lazy\" decoding=\"async\" width=\"720\" height=\"540\" data-id=\"2813\" src=\"https:\/\/shuliybaler.com\/wp-content\/uploads\/2022\/09\/cotton-baling-machine-1.webp\" alt=\"pamuk balyalama makinesi \" class=\"wp-image-2813\" title=\"\" srcset=\"https:\/\/shuliybaler.com\/wp-content\/uploads\/2022\/09\/cotton-baling-machine-1.webp 720w, https:\/\/shuliybaler.com\/wp-content\/uploads\/2022\/09\/cotton-baling-machine-1-360x270.webp 360w, https:\/\/shuliybaler.com\/wp-content\/uploads\/2022\/09\/cotton-baling-machine-1-180x135.webp 180w\" sizes=\"auto, (max-width: 720px) 100vw, 720px\" \/><figcaption>Pamuk Balyalama Makinesi <\/figcaption><\/figure> <\/figure>    <h2 class=\"wp-block-heading\">Pamuk balyalama makinesinin kullan\u0131m alan\u0131 <\/h2>    <figure class=\"wp-block-gallery has-nested-images columns-2 is-cropped wp-block-gallery-3 is-layout-flex wp-block-gallery-is-layout-flex\"> <figure class=\"wp-block-image size-large\"><img loading=\"lazy\" decoding=\"async\" width=\"720\" height=\"540\" data-id=\"2815\" src=\"https:\/\/shuliybaler.com\/wp-content\/uploads\/2022\/09\/cotton-baling-1.webp\" alt=\"pamuk balyalama\" class=\"wp-image-2815\" title=\"\" srcset=\"https:\/\/shuliybaler.com\/wp-content\/uploads\/2022\/09\/cotton-baling-1.webp 720w, https:\/\/shuliybaler.com\/wp-content\/uploads\/2022\/09\/cotton-baling-1-360x270.webp 360w, https:\/\/shuliybaler.com\/wp-content\/uploads\/2022\/09\/cotton-baling-1-180x135.webp 180w\" sizes=\"auto, (max-width: 720px) 100vw, 720px\" \/><figcaption>Pamuk Balyalama<\/figcaption><\/figure>    <figure class=\"wp-block-image size-large\"><img loading=\"lazy\" decoding=\"async\" width=\"720\" height=\"540\" data-id=\"2814\" src=\"https:\/\/shuliybaler.com\/wp-content\/uploads\/2022\/09\/cotton-baling.webp\" alt=\"\" class=\"wp-image-2814\" title=\"\" srcset=\"https:\/\/shuliybaler.com\/wp-content\/uploads\/2022\/09\/cotton-baling.webp 720w, https:\/\/shuliybaler.com\/wp-content\/uploads\/2022\/09\/cotton-baling-360x270.webp 360w, https:\/\/shuliybaler.com\/wp-content\/uploads\/2022\/09\/cotton-baling-180x135.webp 180w\" sizes=\"auto, (max-width: 720px) 100vw, 720px\" \/><figcaption>Pamuk Balyalama<\/figcaption><\/figure>    <figure class=\"wp-block-image size-large\"><img loading=\"lazy\" decoding=\"async\" width=\"720\" height=\"540\" data-id=\"2816\" src=\"https:\/\/shuliybaler.com\/wp-content\/uploads\/2022\/09\/Recycling-and-packaging.webp\" alt=\"Geri d\u00f6n\u00fc\u015f\u00fcm ve ambalajlama\" class=\"wp-image-2816\" title=\"\" srcset=\"https:\/\/shuliybaler.com\/wp-content\/uploads\/2022\/09\/Recycling-and-packaging.webp 720w, https:\/\/shuliybaler.com\/wp-content\/uploads\/2022\/09\/Recycling-and-packaging-360x270.webp 360w, https:\/\/shuliybaler.com\/wp-content\/uploads\/2022\/09\/Recycling-and-packaging-180x135.webp 180w\" sizes=\"auto, (max-width: 720px) 100vw, 720px\" \/><figcaption>Geri d\u00f6n\u00fc\u015f\u00fcm ve ambalajlama<\/figcaption><\/figure>    <figure class=\"wp-block-image size-large\"><img loading=\"lazy\" decoding=\"async\" width=\"720\" height=\"540\" data-id=\"2817\" src=\"https:\/\/shuliybaler.com\/wp-content\/uploads\/2022\/09\/Recycling-and-packaging-1.webp\" alt=\"Geri d\u00f6n\u00fc\u015f\u00fcm ve ambalajlama\" class=\"wp-image-2817\" title=\"\" srcset=\"https:\/\/shuliybaler.com\/wp-content\/uploads\/2022\/09\/Recycling-and-packaging-1.webp 720w, https:\/\/shuliybaler.com\/wp-content\/uploads\/2022\/09\/Recycling-and-packaging-1-360x270.webp 360w, https:\/\/shuliybaler.com\/wp-content\/uploads\/2022\/09\/Recycling-and-packaging-1-180x135.webp 180w\" sizes=\"auto, (max-width: 720px) 100vw, 720px\" \/><figcaption>Geri d\u00f6n\u00fc\u015f\u00fcm ve ambalajlama<\/figcaption><\/figure> <\/figure>    <p class=\"translation-block\">Pamuk balyalama makinesi, at\u0131k ka\u011f\u0131t, plastik, <a href=\"https:\/\/en.wikipedia.org\/wiki\/Iron_filings\" data-type=\"URL\" data-id=\"https:\/\/en.wikipedia.org\/wiki\/Iron_filings\" target=\"_blank\" rel=\"noopener\">demir tala\u015f<\/a>, pamuk, y\u00fcn, at\u0131k ka\u011f\u0131t, at\u0131k ka\u011f\u0131t kutular\u0131, at\u0131k karton, iplik, t\u00fct\u00fcn yapraklar\u0131, plastik, kuma\u015f, dokuma \u00e7antalar, \u00f6rg\u00fc y\u00fcn, keten, \u00e7uval, \u00fcst, y\u00fcn s\u0131k\u0131\u015ft\u0131rma ambalaj\u0131 gibi gev\u015fek malzemelerin s\u0131k\u0131\u015ft\u0131r\u0131lmas\u0131 ve hacminin azalt\u0131lmas\u0131, paketleme, ta\u015f\u0131ma ve depolama alan\u0131n\u0131 kolayla\u015ft\u0131r\u0131r. S\u0131k\u0131 yap\u0131ya sahiptir ve g\u00fc\u00e7l\u00fc ve sa\u011flamd\u0131r.<\/p>    <h2 class=\"wp-block-heading\">\u0130ki t\u00fcr balyalama makineleri<\/h2>    <figure class=\"wp-block-gallery has-nested-images columns-default is-cropped wp-block-gallery-4 is-layout-flex wp-block-gallery-is-layout-flex\"> <figure class=\"wp-block-image size-large\"><img loading=\"lazy\" decoding=\"async\" width=\"720\" height=\"540\" data-id=\"2818\" src=\"https:\/\/shuliybaler.com\/wp-content\/uploads\/2022\/09\/horizontal-baler.webp\" alt=\"Yatay balyalama makinesi\" class=\"wp-image-2818\" title=\"\" srcset=\"https:\/\/shuliybaler.com\/wp-content\/uploads\/2022\/09\/horizontal-baler.webp 720w, https:\/\/shuliybaler.com\/wp-content\/uploads\/2022\/09\/horizontal-baler-360x270.webp 360w, https:\/\/shuliybaler.com\/wp-content\/uploads\/2022\/09\/horizontal-baler-180x135.webp 180w\" sizes=\"auto, (max-width: 720px) 100vw, 720px\" \/><figcaption>Yatay Pres<\/figcaption><\/figure>    <figure class=\"wp-block-image size-large\"><img loading=\"lazy\" decoding=\"async\" width=\"720\" height=\"540\" data-id=\"2819\" src=\"https:\/\/shuliybaler.com\/wp-content\/uploads\/2022\/09\/vertical-baler-machine.webp\" alt=\"dikey balyalama makinesi\" class=\"wp-image-2819\" title=\"\" srcset=\"https:\/\/shuliybaler.com\/wp-content\/uploads\/2022\/09\/vertical-baler-machine.webp 720w, https:\/\/shuliybaler.com\/wp-content\/uploads\/2022\/09\/vertical-baler-machine-360x270.webp 360w, https:\/\/shuliybaler.com\/wp-content\/uploads\/2022\/09\/vertical-baler-machine-180x135.webp 180w\" sizes=\"auto, (max-width: 720px) 100vw, 720px\" \/><figcaption>Dikey Balya Makinesi<\/figcaption><\/figure> <\/figure>    <p>Bu dikey balyalama makinesine ek olarak, daha kullan\u0131\u015fl\u0131 ve b\u00fcy\u00fck boyutlu yatay balyalama makinesi de vard\u0131r. Dikey balyalama makineleri genellikle at\u0131k, pamuk, kutu ve \u015fi\u015fe gibi hafif maddelerin paketlenmesinde kullan\u0131l\u0131r. Tip balyalama makineleri ise hurda metal gibi daha sert hammaddelerin balyalanmas\u0131nda kullan\u0131l\u0131r.<\/p>    <h2 class=\"wp-block-heading\">Pamuk balyalama makinesi yap\u0131s\u0131<\/h2>    <figure class=\"wp-block-gallery has-nested-images columns-default is-cropped wp-block-gallery-5 is-layout-flex wp-block-gallery-is-layout-flex\"> <figure class=\"wp-block-image size-large\"><img loading=\"lazy\" decoding=\"async\" width=\"720\" height=\"540\" data-id=\"2820\" src=\"https:\/\/shuliybaler.com\/wp-content\/uploads\/2022\/09\/Cotton-baling-machine-structure.webp\" alt=\"Pamuk balyalama makinesi yap\u0131s\u0131\" class=\"wp-image-2820\" title=\"\" srcset=\"https:\/\/shuliybaler.com\/wp-content\/uploads\/2022\/09\/Cotton-baling-machine-structure.webp 720w, https:\/\/shuliybaler.com\/wp-content\/uploads\/2022\/09\/Cotton-baling-machine-structure-360x270.webp 360w, https:\/\/shuliybaler.com\/wp-content\/uploads\/2022\/09\/Cotton-baling-machine-structure-180x135.webp 180w\" sizes=\"auto, (max-width: 720px) 100vw, 720px\" \/><figcaption>Pamuk Balyalama Makinesi Yap\u0131s\u0131<\/figcaption><\/figure> <\/figure>    <p>Pamuk balyalama makinesi, hidrolik silindir, hidrolik valf, hidrolik posta, \u00e7al\u0131\u015fma kolu, kal\u0131nla\u015ft\u0131r\u0131lm\u0131\u015f bas\u0131n\u00e7 plakas\u0131, \u00e7al\u0131\u015fma kolu, saf bak\u0131r motor, U \u015feklinde kap\u0131 kilidi ve b\u00fcy\u00fck kapasiteli s\u0131k\u0131\u015ft\u0131rma haznesinden olu\u015fur.<\/p>    <p>Pamuk balyalama makinesi avantaj\u0131<\/p>    <div class=\"wp-block-media-text alignwide is-stacked-on-mobile\"><figure class=\"wp-block-media-text__media\"><img loading=\"lazy\" decoding=\"async\" width=\"720\" height=\"540\" src=\"https:\/\/shuliybaler.com\/wp-content\/uploads\/2022\/09\/cotton-pressing-machine.webp\" alt=\"pamuk presleme makinesi\" class=\"wp-image-2821 size-full\" title=\"\" srcset=\"https:\/\/shuliybaler.com\/wp-content\/uploads\/2022\/09\/cotton-pressing-machine.webp 720w, https:\/\/shuliybaler.com\/wp-content\/uploads\/2022\/09\/cotton-pressing-machine-360x270.webp 360w, https:\/\/shuliybaler.com\/wp-content\/uploads\/2022\/09\/cotton-pressing-machine-180x135.webp 180w\" sizes=\"auto, (max-width: 720px) 100vw, 720px\" \/><\/figure><div class=\"wp-block-media-text__content\"> <h3 class=\"wp-block-heading\">Y\u00fcksek bas\u0131n\u00e7l\u0131 krom silindir<\/h3>    <p>Y\u00fcksek bas\u0131n\u00e7l\u0131 krom kapl\u0131 ya\u011f silindiri, y\u00fcksek s\u0131cakl\u0131k direnci, uzun hizmet \u00f6mr\u00fc, bas\u0131n\u00e7 azaltma yok ve ya\u011f s\u0131z\u0131nt\u0131s\u0131 yok<\/p> <\/div><\/div>    <div class=\"wp-block-media-text alignwide has-media-on-the-right is-stacked-on-mobile\"><figure class=\"wp-block-media-text__media\"><img loading=\"lazy\" decoding=\"async\" width=\"720\" height=\"540\" src=\"https:\/\/shuliybaler.com\/wp-content\/uploads\/2022\/09\/cotton-pressing-machine-platen.webp\" alt=\"pamuk presleme makinesi plaka\" class=\"wp-image-2822 size-full\" title=\"\" srcset=\"https:\/\/shuliybaler.com\/wp-content\/uploads\/2022\/09\/cotton-pressing-machine-platen.webp 720w, https:\/\/shuliybaler.com\/wp-content\/uploads\/2022\/09\/cotton-pressing-machine-platen-360x270.webp 360w, https:\/\/shuliybaler.com\/wp-content\/uploads\/2022\/09\/cotton-pressing-machine-platen-180x135.webp 180w\" sizes=\"auto, (max-width: 720px) 100vw, 720px\" \/><\/figure><div class=\"wp-block-media-text__content\"> <h3 class=\"wp-block-heading\">Kal\u0131nla\u015ft\u0131r\u0131lm\u0131\u015f ve y\u00fckseltilmi\u015f bas\u0131n\u00e7 plakas\u0131<\/h3>    <p>Pamuk balyalama makinesinin g\u00f6vde \u00e7elik \u00e7er\u00e7evesi kal\u0131nla\u015ft\u0131r\u0131lm\u0131\u015ft\u0131r, dayan\u0131kl\u0131l\u0131k i\u00e7in<\/p> <\/div><\/div>    <div class=\"wp-block-media-text alignwide is-stacked-on-mobile\"><figure class=\"wp-block-media-text__media\"><img loading=\"lazy\" decoding=\"async\" width=\"720\" height=\"540\" src=\"https:\/\/shuliybaler.com\/wp-content\/uploads\/2022\/09\/cotton-pressing-machine-details.webp\" alt=\"pamuk presleme makinesi detaylar\u0131\" class=\"wp-image-2823 size-full\" title=\"\" srcset=\"https:\/\/shuliybaler.com\/wp-content\/uploads\/2022\/09\/cotton-pressing-machine-details.webp 720w, https:\/\/shuliybaler.com\/wp-content\/uploads\/2022\/09\/cotton-pressing-machine-details-360x270.webp 360w, https:\/\/shuliybaler.com\/wp-content\/uploads\/2022\/09\/cotton-pressing-machine-details-180x135.webp 180w\" sizes=\"auto, (max-width: 720px) 100vw, 720px\" \/><\/figure><div class=\"wp-block-media-text__content\"> <h2 class=\"wp-block-heading\">Y\u00fcksek kaliteli motor<\/h2>    <p>T\u00fcm bak\u0131r \u00e7ekirdek motor, h\u0131zl\u0131 \u0131s\u0131 da\u011f\u0131l\u0131m\u0131, yeterli g\u00fc\u00e7 ve uzun hizmet \u00f6mr\u00fc<\/p> <\/div><\/div>    <div class=\"wp-block-media-text alignwide has-media-on-the-right is-stacked-on-mobile\"><figure class=\"wp-block-media-text__media\"><img loading=\"lazy\" decoding=\"async\" width=\"720\" height=\"540\" src=\"https:\/\/shuliybaler.com\/wp-content\/uploads\/2022\/09\/cotton-pressing-machine-details-1.webp\" alt=\"pamuk presleme makinesi detaylar\u0131\" class=\"wp-image-2824 size-full\" title=\"\" srcset=\"https:\/\/shuliybaler.com\/wp-content\/uploads\/2022\/09\/cotton-pressing-machine-details-1.webp 720w, https:\/\/shuliybaler.com\/wp-content\/uploads\/2022\/09\/cotton-pressing-machine-details-1-360x270.webp 360w, https:\/\/shuliybaler.com\/wp-content\/uploads\/2022\/09\/cotton-pressing-machine-details-1-180x135.webp 180w\" sizes=\"auto, (max-width: 720px) 100vw, 720px\" \/><\/figure><div class=\"wp-block-media-text__content\"> <h2 class=\"wp-block-heading\">G\u00fcvenlik kap\u0131s\u0131<\/h2>    <p>Pamuk balyalama makinesinin yeni tasarlanm\u0131\u015f anahtar kap\u0131s\u0131 vard\u0131r, sa\u011flam ve dayan\u0131kl\u0131d\u0131r.<\/p> <\/div><\/div>    <h2 class=\"wp-block-heading\">Pamuk balyalama makineleri kullan\u0131m\u0131 i\u00e7in \u00f6nlemler<\/h2>    <figure class=\"wp-block-gallery has-nested-images columns-default is-cropped wp-block-gallery-6 is-layout-flex wp-block-gallery-is-layout-flex\"> <figure class=\"wp-block-image size-large\"><img loading=\"lazy\" decoding=\"async\" width=\"720\" height=\"540\" data-id=\"2826\" src=\"https:\/\/shuliybaler.com\/wp-content\/uploads\/2022\/09\/cotton-pressing-machine-details-2.webp\" alt=\"pamuk presleme makinesi detaylar\u0131\" class=\"wp-image-2826\" title=\"\" srcset=\"https:\/\/shuliybaler.com\/wp-content\/uploads\/2022\/09\/cotton-pressing-machine-details-2.webp 720w, https:\/\/shuliybaler.com\/wp-content\/uploads\/2022\/09\/cotton-pressing-machine-details-2-360x270.webp 360w, https:\/\/shuliybaler.com\/wp-content\/uploads\/2022\/09\/cotton-pressing-machine-details-2-180x135.webp 180w\" sizes=\"auto, (max-width: 720px) 100vw, 720px\" \/><figcaption>Pamuk Presleme Makinesi Detaylar\u0131<\/figcaption><\/figure>    <figure class=\"wp-block-image size-large\"><img loading=\"lazy\" decoding=\"async\" width=\"720\" height=\"540\" data-id=\"2825\" src=\"https:\/\/shuliybaler.com\/wp-content\/uploads\/2022\/09\/cotton-pressing-machine-shipping.webp\" alt=\"pamuk presleme makinesi sevkiyat\u0131\" class=\"wp-image-2825\" title=\"\" srcset=\"https:\/\/shuliybaler.com\/wp-content\/uploads\/2022\/09\/cotton-pressing-machine-shipping.webp 720w, https:\/\/shuliybaler.com\/wp-content\/uploads\/2022\/09\/cotton-pressing-machine-shipping-360x270.webp 360w, https:\/\/shuliybaler.com\/wp-content\/uploads\/2022\/09\/cotton-pressing-machine-shipping-180x135.webp 180w\" sizes=\"auto, (max-width: 720px) 100vw, 720px\" \/><figcaption>Pamuk Presleme Makinesi G\u00f6nderimi<\/figcaption><\/figure>    <figure class=\"wp-block-image size-large\"><img loading=\"lazy\" decoding=\"async\" width=\"720\" height=\"540\" data-id=\"2827\" src=\"https:\/\/shuliybaler.com\/wp-content\/uploads\/2022\/09\/cotton-pressing-machine-details-3.webp\" alt=\"pamuk presleme makinesi detaylar\u0131\" class=\"wp-image-2827\" title=\"\" srcset=\"https:\/\/shuliybaler.com\/wp-content\/uploads\/2022\/09\/cotton-pressing-machine-details-3.webp 720w, https:\/\/shuliybaler.com\/wp-content\/uploads\/2022\/09\/cotton-pressing-machine-details-3-360x270.webp 360w, https:\/\/shuliybaler.com\/wp-content\/uploads\/2022\/09\/cotton-pressing-machine-details-3-180x135.webp 180w\" sizes=\"auto, (max-width: 720px) 100vw, 720px\" \/><figcaption>Pamuk Presleme Makinesi Detaylar\u0131<\/figcaption><\/figure> <\/figure>    <p>(1) Tankta eklenen hidrolik ya\u011f\u0131 i\u00e7in y\u00fcksek kaliteli a\u015f\u0131nmaya dayan\u0131kl\u0131 hidrolik ya\u011f\u0131 kesinlikle kullan\u0131lmal\u0131, filtrelenmeli ve yeterli miktarda ya\u011f her zaman bulundurulmal\u0131d\u0131r.<\/p>    <p> (2) Ya\u011f tank\u0131 her alt\u0131 ayda bir temizlenmeli ve yeni ya\u011f ile de\u011fi\u015ftirilmelidir, ancak ya\u011f temizli\u011fi ve filtreleme bir ay\u0131 ge\u00e7memelidir. Bir kez kullan\u0131lan yeni ya\u011f, s\u0131k\u0131 filtreleme sonras\u0131 tekrar kullan\u0131labilir.<\/p>    <p> (3) Makinenin her ya\u011flama par\u00e7as\u0131, en az bir vardiya boyunca ya\u011f ile doldurulmal\u0131, gerekti\u011finde temizlenmeli ve filtrelenmelidir. <\/p>    <figure class=\"wp-block-gallery has-nested-images columns-default is-cropped wp-block-gallery-7 is-layout-flex wp-block-gallery-is-layout-flex\"> <figure class=\"wp-block-image size-large\"><img loading=\"lazy\" decoding=\"async\" width=\"720\" height=\"540\" data-id=\"2828\" src=\"https:\/\/shuliybaler.com\/wp-content\/uploads\/2022\/09\/cotton-pressing-machine-1.webp\" alt=\"Pamuk balyalama makinesi \" class=\"wp-image-2828\" title=\"\" srcset=\"https:\/\/shuliybaler.com\/wp-content\/uploads\/2022\/09\/cotton-pressing-machine-1.webp 720w, https:\/\/shuliybaler.com\/wp-content\/uploads\/2022\/09\/cotton-pressing-machine-1-360x270.webp 360w, https:\/\/shuliybaler.com\/wp-content\/uploads\/2022\/09\/cotton-pressing-machine-1-180x135.webp 180w\" sizes=\"auto, (max-width: 720px) 100vw, 720px\" \/><figcaption>Pamuk Balyalama Makinesi <\/figcaption><\/figure>    <figure class=\"wp-block-image size-large\"><img loading=\"lazy\" decoding=\"async\" width=\"720\" height=\"540\" data-id=\"2829\" src=\"https:\/\/shuliybaler.com\/wp-content\/uploads\/2022\/09\/Cotton-baling-machine.webp\" alt=\"Pamuk balyalama makinesi \" class=\"wp-image-2829\" title=\"\" srcset=\"https:\/\/shuliybaler.com\/wp-content\/uploads\/2022\/09\/Cotton-baling-machine.webp 720w, https:\/\/shuliybaler.com\/wp-content\/uploads\/2022\/09\/Cotton-baling-machine-360x270.webp 360w, https:\/\/shuliybaler.com\/wp-content\/uploads\/2022\/09\/Cotton-baling-machine-180x135.webp 180w\" sizes=\"auto, (max-width: 720px) 100vw, 720px\" \/><figcaption>Pamuk Balyalama Makinesi <\/figcaption><\/figure>    <figure class=\"wp-block-image size-large\"><img loading=\"lazy\" decoding=\"async\" width=\"720\" height=\"540\" data-id=\"2830\" src=\"https:\/\/shuliybaler.com\/wp-content\/uploads\/2022\/09\/Cotton-baling-machine-1.webp\" alt=\"Pamuk balyalama makinesi \" class=\"wp-image-2830\" title=\"\" srcset=\"https:\/\/shuliybaler.com\/wp-content\/uploads\/2022\/09\/Cotton-baling-machine-1.webp 720w, https:\/\/shuliybaler.com\/wp-content\/uploads\/2022\/09\/Cotton-baling-machine-1-360x270.webp 360w, https:\/\/shuliybaler.com\/wp-content\/uploads\/2022\/09\/Cotton-baling-machine-1-180x135.webp 180w\" sizes=\"auto, (max-width: 720px) 100vw, 720px\" \/><figcaption>Pamuk Balyalama Makinesi <\/figcaption><\/figure> <\/figure>    <p>(4) Malzeme kutusundaki kal\u0131nt\u0131lar zaman\u0131nda temizlenmelidir.<\/p>    <p> (5) Makinenin yap\u0131s\u0131n\u0131, performans\u0131n\u0131 ve \u00e7al\u0131\u015fma prosed\u00fcrlerini bilmeyenlerin makineyi izinsiz \u00e7al\u0131\u015ft\u0131rmas\u0131 yasakt\u0131r. <\/p>    <p>(6) Makine \u00e7al\u0131\u015f\u0131rken ciddi ya\u011f s\u0131z\u0131nt\u0131s\u0131 veya anormal durumlar varsa, derhal durdurulmal\u0131 ve neden analiz edilerek ar\u0131za giderilmelidir, ve makine zorla \u00e7al\u0131\u015ft\u0131r\u0131lmamal\u0131d\u0131r. <\/p>    <figure class=\"wp-block-gallery has-nested-images columns-default is-cropped wp-block-gallery-8 is-layout-flex wp-block-gallery-is-layout-flex\"> <figure class=\"wp-block-image size-large\"><img loading=\"lazy\" decoding=\"async\" width=\"720\" height=\"540\" data-id=\"2831\" src=\"https:\/\/shuliybaler.com\/wp-content\/uploads\/2022\/09\/baling-machine.webp\" alt=\"balyalama makinesi\" class=\"wp-image-2831\" title=\"\" srcset=\"https:\/\/shuliybaler.com\/wp-content\/uploads\/2022\/09\/baling-machine.webp 720w, https:\/\/shuliybaler.com\/wp-content\/uploads\/2022\/09\/baling-machine-360x270.webp 360w, https:\/\/shuliybaler.com\/wp-content\/uploads\/2022\/09\/baling-machine-180x135.webp 180w\" sizes=\"auto, (max-width: 720px) 100vw, 720px\" \/><figcaption>Balyalama Makinesi<\/figcaption><\/figure>    <figure class=\"wp-block-image size-large\"><img loading=\"lazy\" decoding=\"async\" width=\"720\" height=\"540\" data-id=\"2832\" src=\"https:\/\/shuliybaler.com\/wp-content\/uploads\/2022\/09\/can-packer.webp\" alt=\"kavanoz paketleyici\" class=\"wp-image-2832\" title=\"\" srcset=\"https:\/\/shuliybaler.com\/wp-content\/uploads\/2022\/09\/can-packer.webp 720w, https:\/\/shuliybaler.com\/wp-content\/uploads\/2022\/09\/can-packer-360x270.webp 360w, https:\/\/shuliybaler.com\/wp-content\/uploads\/2022\/09\/can-packer-180x135.webp 180w\" sizes=\"auto, (max-width: 720px) 100vw, 720px\" \/><figcaption>Kapa\u011f\u0131 A\u00e7\u0131c\u0131<\/figcaption><\/figure>    <figure class=\"wp-block-image size-large\"><img loading=\"lazy\" decoding=\"async\" width=\"720\" height=\"540\" data-id=\"2833\" src=\"https:\/\/shuliybaler.com\/wp-content\/uploads\/2022\/09\/baling.webp\" alt=\"balyalama\" class=\"wp-image-2833\" title=\"\" srcset=\"https:\/\/shuliybaler.com\/wp-content\/uploads\/2022\/09\/baling.webp 720w, https:\/\/shuliybaler.com\/wp-content\/uploads\/2022\/09\/baling-360x270.webp 360w, https:\/\/shuliybaler.com\/wp-content\/uploads\/2022\/09\/baling-180x135.webp 180w\" sizes=\"auto, (max-width: 720px) 100vw, 720px\" \/><figcaption>Balyalama<\/figcaption><\/figure> <\/figure>    <p>(7) Makine \u00e7al\u0131\u015f\u0131rken, hareketli par\u00e7alara tamir veya dokunmak yasakt\u0131r ve malzeme kutusundaki malzemeye el veya ayakla basmak kesinlikle yasakt\u0131r. <\/p>    <p>(8) Pompa, valf ve bas\u0131n\u00e7 g\u00f6stergesini ayarlarken, deneyimli teknik \u00e7al\u0131\u015fanlar taraf\u0131ndan yap\u0131lmal\u0131d\u0131r. Bas\u0131n\u00e7 g\u00f6stergesinde ar\u0131za varsa, g\u00f6sterge hemen kontrol edilmeli veya g\u00fcncellenmelidir.<\/p>    <h2 class=\"wp-block-heading\">Pamuk balyalama nas\u0131l \u00e7al\u0131\u015f\u0131r\uff1f<\/h2>    <figure class=\"wp-block-embed is-type-video is-provider-youtube wp-block-embed-youtube wp-embed-aspect-16-9 wp-has-aspect-ratio\"><div class=\"wp-block-embed__wrapper\"> <iframe loading=\"lazy\" title=\"At\u0131k ka\u011f\u0131t pres makinesi | pamuk balya makinesi | kutu pres makinesi | geri d\u00f6n\u00fc\u015f\u00fcm pres makinesi\" width=\"500\" height=\"281\" src=\"https:\/\/www.youtube.com\/embed\/QZtXuzoCVkA?feature=oembed\" frameborder=\"0\" allow=\"accelerometer; autoplay; clipboard-write; encrypted-media; gyroscope; picture-in-picture; web-share\" referrerpolicy=\"strict-origin-when-cross-origin\" allowfullscreen><\/iframe> <\/div><figcaption>pamuk balyalama \u00e7al\u0131\u015fmas\u0131<\/figcaption><\/figure>","protected":false},"excerpt":{"rendered":"<p>Bir pamuk s\u0131k\u0131\u015ft\u0131rma makinesi, pamuk presleme i\u00e7in kullan\u0131l\u0131r. Makine, geni\u015fletilmi\u015f pamuklar\u0131 s\u0131k\u0131\u015ft\u0131rarak balyalar ve ta\u015f\u0131may\u0131 kolayla\u015ft\u0131r\u0131r. Pamuk s\u0131k\u0131\u015ft\u0131rma makinesi, hidrolik s\u0131k\u0131\u015ft\u0131rma kullanarak pamuk aras\u0131ndaki bo\u015flu\u011fu s\u0131k\u0131\u015ft\u0131r\u0131r. Pamuk balyalar\u0131, pamuk yeti\u015ftiricili\u011fi yapan \u00e7iftliklerde ve yorgan i\u015fleme fabrikalar\u0131nda kullan\u0131labilir. Pamuk presleme makinemiz Endonezya, Pakistan, M\u0131s\u0131r, Sudan, Meksika, Suudi Arabistan gibi \u00fclkelere sat\u0131lm\u0131\u015ft\u0131r.<\/p>","protected":false},"author":1,"featured_media":2811,"parent":0,"template":"","tags":[50],"product-type":[48],"class_list":["post-2808","product","type-product","status-publish","has-post-thumbnail","hentry","tag-metal-baling-machine","product-type-solution"],"_links":{"self":[{"href":"https:\/\/shuliybaler.com\/tr\/wp-json\/wp\/v2\/product\/2808","targetHints":{"allow":["GET"]}}],"collection":[{"href":"https:\/\/shuliybaler.com\/tr\/wp-json\/wp\/v2\/product"}],"about":[{"href":"https:\/\/shuliybaler.com\/tr\/wp-json\/wp\/v2\/types\/product"}],"author":[{"embeddable":true,"href":"https:\/\/shuliybaler.com\/tr\/wp-json\/wp\/v2\/users\/1"}],"wp:featuredmedia":[{"embeddable":true,"href":"https:\/\/shuliybaler.com\/tr\/wp-json\/wp\/v2\/media\/2811"}],"wp:attachment":[{"href":"https:\/\/shuliybaler.com\/tr\/wp-json\/wp\/v2\/media?parent=2808"}],"wp:term":[{"taxonomy":"post_tag","embeddable":true,"href":"https:\/\/shuliybaler.com\/tr\/wp-json\/wp\/v2\/tags?post=2808"},{"taxonomy":"product-type","embeddable":true,"href":"https:\/\/shuliybaler.com\/tr\/wp-json\/wp\/v2\/product-type?post=2808"}],"curies":[{"name":"wp","href":"https:\/\/api.w.org\/{rel}","templated":true}]}}