{"id":2860,"date":"2022-10-10T13:51:09","date_gmt":"2022-10-10T05:51:09","guid":{"rendered":"https:\/\/shuliybaler.com\/?post_type=product&#038;p=2860"},"modified":"2022-10-10T17:37:05","modified_gmt":"2022-10-10T09:37:05","slug":"sawdust-baler-machine-2","status":"publish","type":"product","link":"https:\/\/shuliybaler.com\/tr\/product\/sawdust-baler-machine-2\/","title":{"rendered":"K\u00fc\u00e7\u00fck odun tala\u015f\u0131 pres makinesi | odun t\u0131ra\u015f pres makinesi"},"content":{"rendered":"<p>Tala\u015f balama makinesi, tala\u015flar\u0131 s\u0131k\u0131\u015ft\u0131r\u0131p paketleyen bir makinedir; bu sayede paketlendikten sonra kolayca depolanabilir ve ta\u015f\u0131nabilir. Balerlerimiz verimli \u00e7al\u0131\u015f\u0131r ve hurda metal ve di\u011fer ham maddeleri paketleyebilir. Tala\u015f balama makineleri, ah\u015fap i\u015fleme tesislerinde ve k\u00f6m\u00fcr i\u015fleme tesislerinde yayg\u0131n olarak kullan\u0131lmaktad\u0131r.<\/p>   <div class=\"wp-block-image\"> <figure class=\"aligncenter size-full\"><img loading=\"lazy\" decoding=\"async\" width=\"720\" height=\"540\" src=\"https:\/\/shuliybaler.com\/wp-content\/uploads\/2022\/10\/baler-machine.webp\" alt=\"balya makinesi\" class=\"wp-image-2862\" title=\"\" srcset=\"https:\/\/shuliybaler.com\/wp-content\/uploads\/2022\/10\/baler-machine.webp 720w, https:\/\/shuliybaler.com\/wp-content\/uploads\/2022\/10\/baler-machine-360x270.webp 360w, https:\/\/shuliybaler.com\/wp-content\/uploads\/2022\/10\/baler-machine-180x135.webp 180w\" sizes=\"auto, (max-width: 720px) 100vw, 720px\" \/><figcaption>balya makinesi<\/figcaption><\/figure> <\/div>   <h2 class=\"wp-block-heading\">Tala\u015f balama makinesi hangi ham maddeleri paketleyebilir?<\/h2>    <p class=\"translation-block\"><a href=\"https:\/\/hnwoodmachine.com\/wood-crusher-wood-shredder\/\" data-type=\"URL\" data-id=\"https:\/\/hnwoodmachine.com\/wood-crusher-wood-shredder\/\" target=\"_blank\" rel=\"noopener\">tala\u015f<\/a> paketlemenin yan\u0131 s\u0131ra, tala\u015f balama makinesi demir variller, \u00e7elik \u00fcr\u00fcnler, al\u00fcminyum \u00fcr\u00fcnler, at\u0131k kartonlar ve di\u011fer \u00fcr\u00fcnleri, ayr\u0131ca saman ve yem gibi \u00fcr\u00fcnleri de paketleyebilir.<\/p>    <figure class=\"wp-block-gallery has-nested-images columns-2 is-cropped wp-block-gallery-2 is-layout-flex wp-block-gallery-is-layout-flex\"> <figure class=\"wp-block-image size-large\"><img loading=\"lazy\" decoding=\"async\" width=\"720\" height=\"540\" data-id=\"2863\" src=\"https:\/\/shuliybaler.com\/wp-content\/uploads\/2022\/10\/straw-baling.webp\" alt=\"\" class=\"wp-image-2863\" title=\"\" srcset=\"https:\/\/shuliybaler.com\/wp-content\/uploads\/2022\/10\/straw-baling.webp 720w, https:\/\/shuliybaler.com\/wp-content\/uploads\/2022\/10\/straw-baling-360x270.webp 360w, https:\/\/shuliybaler.com\/wp-content\/uploads\/2022\/10\/straw-baling-180x135.webp 180w\" sizes=\"auto, (max-width: 720px) 100vw, 720px\" \/><figcaption><\/figcaption><\/figure>    <figure class=\"wp-block-image size-large\"><img loading=\"lazy\" decoding=\"async\" width=\"720\" height=\"540\" data-id=\"2864\" src=\"https:\/\/shuliybaler.com\/wp-content\/uploads\/2022\/10\/waste-paper-baling.webp\" alt=\"at\u0131k ka\u011f\u0131t ambalaj\u0131\" class=\"wp-image-2864\" title=\"\" srcset=\"https:\/\/shuliybaler.com\/wp-content\/uploads\/2022\/10\/waste-paper-baling.webp 720w, https:\/\/shuliybaler.com\/wp-content\/uploads\/2022\/10\/waste-paper-baling-360x270.webp 360w, https:\/\/shuliybaler.com\/wp-content\/uploads\/2022\/10\/waste-paper-baling-180x135.webp 180w\" sizes=\"auto, (max-width: 720px) 100vw, 720px\" \/><figcaption>At\u0131k Ka\u011f\u0131t Ambalaj\u0131<\/figcaption><\/figure>    <figure class=\"wp-block-image size-large\"><img loading=\"lazy\" decoding=\"async\" width=\"720\" height=\"540\" data-id=\"2865\" src=\"https:\/\/shuliybaler.com\/wp-content\/uploads\/2022\/10\/metal-baling.webp\" alt=\"metal presleme\" class=\"wp-image-2865\" title=\"\" srcset=\"https:\/\/shuliybaler.com\/wp-content\/uploads\/2022\/10\/metal-baling.webp 720w, https:\/\/shuliybaler.com\/wp-content\/uploads\/2022\/10\/metal-baling-360x270.webp 360w, https:\/\/shuliybaler.com\/wp-content\/uploads\/2022\/10\/metal-baling-180x135.webp 180w\" sizes=\"auto, (max-width: 720px) 100vw, 720px\" \/><figcaption>Metal Balyalama<\/figcaption><\/figure>    <figure class=\"wp-block-image size-large\"><img loading=\"lazy\" decoding=\"async\" width=\"720\" height=\"540\" data-id=\"2866\" src=\"https:\/\/shuliybaler.com\/wp-content\/uploads\/2022\/10\/waste-clothes-baling.webp\" alt=\"k\u0131yafet balyalama\" class=\"wp-image-2866\" title=\"\" srcset=\"https:\/\/shuliybaler.com\/wp-content\/uploads\/2022\/10\/waste-clothes-baling.webp 720w, https:\/\/shuliybaler.com\/wp-content\/uploads\/2022\/10\/waste-clothes-baling-360x270.webp 360w, https:\/\/shuliybaler.com\/wp-content\/uploads\/2022\/10\/waste-clothes-baling-180x135.webp 180w\" sizes=\"auto, (max-width: 720px) 100vw, 720px\" \/><figcaption>At\u0131k K\u0131yafet Balyalama<\/figcaption><\/figure> <\/figure>    <h2 class=\"wp-block-heading\">Tala\u015f balama makinesinin rol\u00fc <\/h2>   <div class=\"wp-block-image\"> <figure class=\"aligncenter size-full\"><img loading=\"lazy\" decoding=\"async\" width=\"720\" height=\"540\" src=\"https:\/\/shuliybaler.com\/wp-content\/uploads\/2022\/10\/sawdust-baling-machine.webp\" alt=\"tala\u015f balama makinesi \" class=\"wp-image-2867\" title=\"\" srcset=\"https:\/\/shuliybaler.com\/wp-content\/uploads\/2022\/10\/sawdust-baling-machine.webp 720w, https:\/\/shuliybaler.com\/wp-content\/uploads\/2022\/10\/sawdust-baling-machine-360x270.webp 360w, https:\/\/shuliybaler.com\/wp-content\/uploads\/2022\/10\/sawdust-baling-machine-180x135.webp 180w\" sizes=\"auto, (max-width: 720px) 100vw, 720px\" \/><figcaption>tala\u015f balama makinesi <\/figcaption><\/figure> <\/div>   <p>Baler \u00f6nce ham maddeleri s\u0131k\u0131\u015ft\u0131racak ve ard\u0131ndan s\u0131k\u0131\u015ft\u0131rma sonras\u0131 maddeler aras\u0131ndaki bo\u015fluk daha k\u00fc\u00e7\u00fck hale gelecek, bu da alan tasarrufu sa\u011flayacak ve do\u011frudan vin\u00e7ler ve treylerler ile k\u0131sa mesafelerde ta\u015f\u0131nabilir. Ayr\u0131ca, baler i\u015flevler ekledi\u011finde, kare veya dikd\u00f6rtgen gibi belirli bir \u015fekil olu\u015fturacak, alt\u0131 ge\u00e7i\u015fli \u015fekil vb. ve olu\u015fan \u015fekiller tamamen e\u015fit olacakt\u0131r. \u00dcst \u00fcste istiflenebilir.<\/p>    <h2 class=\"wp-block-heading\">\u0130ki model metal baler<\/h2>    <figure class=\"wp-block-gallery has-nested-images columns-default is-cropped wp-block-gallery-3 is-layout-flex wp-block-gallery-is-layout-flex\"> <figure class=\"wp-block-image size-large\"><img loading=\"lazy\" decoding=\"async\" width=\"720\" height=\"540\" data-id=\"2868\" src=\"https:\/\/shuliybaler.com\/wp-content\/uploads\/2022\/10\/vertical-baler-machine.webp\" alt=\"dikey balyalama makinesi\" class=\"wp-image-2868\" title=\"\" srcset=\"https:\/\/shuliybaler.com\/wp-content\/uploads\/2022\/10\/vertical-baler-machine.webp 720w, https:\/\/shuliybaler.com\/wp-content\/uploads\/2022\/10\/vertical-baler-machine-360x270.webp 360w, https:\/\/shuliybaler.com\/wp-content\/uploads\/2022\/10\/vertical-baler-machine-180x135.webp 180w\" sizes=\"auto, (max-width: 720px) 100vw, 720px\" \/><figcaption>Dikey Balya Makinesi<\/figcaption><\/figure>    <figure class=\"wp-block-image size-large\"><img loading=\"lazy\" decoding=\"async\" width=\"720\" height=\"540\" data-id=\"2869\" src=\"https:\/\/shuliybaler.com\/wp-content\/uploads\/2022\/10\/horizontal-baler-machine.webp\" alt=\"yatay balya makinesi\" class=\"wp-image-2869\" title=\"\" srcset=\"https:\/\/shuliybaler.com\/wp-content\/uploads\/2022\/10\/horizontal-baler-machine.webp 720w, https:\/\/shuliybaler.com\/wp-content\/uploads\/2022\/10\/horizontal-baler-machine-360x270.webp 360w, https:\/\/shuliybaler.com\/wp-content\/uploads\/2022\/10\/horizontal-baler-machine-180x135.webp 180w\" sizes=\"auto, (max-width: 720px) 100vw, 720px\" \/><figcaption>Yatay Balya Makinesi<\/figcaption><\/figure> <\/figure>    <p class=\"translation-block\">\u015eirketimizin iki t\u00fcr baleri var; biri <a href=\"https:\/\/shuliybaler.com\/tr\/product\/vertical-metal-baler\/\" data-type=\"URL\" data-id=\"https:\/\/shuliybaler.com\/product\/vertical-metal-baler\/\">dikey baler makinesi<\/a> di\u011feri ise <a href=\"https:\/\/shuliybaler.com\/tr\/product\/scrap-metal-baler\/\" data-type=\"URL\" data-id=\"https:\/\/shuliybaler.com\/product\/scrap-metal-baler\/\">yatay baler<\/a>. Bu iki balerin i\u015flevleri ayn\u0131d\u0131r, ancak g\u00f6r\u00fcn\u00fcmleri farkl\u0131d\u0131r. Dikey baler \u00fcstten alta y\u00fcklenmelidir, yatay baler ise arkadan \u00f6ne y\u00fcklenmelidir. Bu nedenle, dikey baler, at\u0131k ka\u011f\u0131t, eski giysiler, saman ve di\u011fer \u00fcr\u00fcnler gibi nispeten hafif ham maddeler i\u00e7in daha uygundur. Yatay balerler ise baz\u0131 \u00e7elik ve hurda demir variller gibi daha a\u011f\u0131r ham maddeler i\u00e7in daha uygundur.<\/p>    <h2 class=\"wp-block-heading\">Endonezyal\u0131 m\u00fc\u015fteriler yatay baler sat\u0131n al\u0131yor<\/h2>    <figure class=\"wp-block-gallery has-nested-images columns-2 is-cropped wp-block-gallery-4 is-layout-flex wp-block-gallery-is-layout-flex\"> <figure class=\"wp-block-image size-large\"><img loading=\"lazy\" decoding=\"async\" width=\"720\" height=\"540\" data-id=\"2873\" src=\"https:\/\/shuliybaler.com\/wp-content\/uploads\/2022\/10\/Wood-chip-baler-export-3.webp\" alt=\"Ah\u015fap tala\u015f\u0131 baler ihracat\u0131\" class=\"wp-image-2873\" title=\"\" srcset=\"https:\/\/shuliybaler.com\/wp-content\/uploads\/2022\/10\/Wood-chip-baler-export-3.webp 720w, https:\/\/shuliybaler.com\/wp-content\/uploads\/2022\/10\/Wood-chip-baler-export-3-360x270.webp 360w, https:\/\/shuliybaler.com\/wp-content\/uploads\/2022\/10\/Wood-chip-baler-export-3-180x135.webp 180w\" sizes=\"auto, (max-width: 720px) 100vw, 720px\" \/><figcaption>Ah\u015fap Tala\u015f\u0131 Baler \u0130hracat\u0131<\/figcaption><\/figure>    <figure class=\"wp-block-image size-large\"><img loading=\"lazy\" decoding=\"async\" width=\"720\" height=\"540\" data-id=\"2872\" src=\"https:\/\/shuliybaler.com\/wp-content\/uploads\/2022\/10\/Wood-chip-baler-export-2.webp\" alt=\"Ah\u015fap tala\u015f\u0131 baler ihracat\u0131\" class=\"wp-image-2872\" title=\"\" srcset=\"https:\/\/shuliybaler.com\/wp-content\/uploads\/2022\/10\/Wood-chip-baler-export-2.webp 720w, https:\/\/shuliybaler.com\/wp-content\/uploads\/2022\/10\/Wood-chip-baler-export-2-360x270.webp 360w, https:\/\/shuliybaler.com\/wp-content\/uploads\/2022\/10\/Wood-chip-baler-export-2-180x135.webp 180w\" sizes=\"auto, (max-width: 720px) 100vw, 720px\" \/><figcaption>Ah\u015fap Tala\u015f\u0131 Baler \u0130hracat\u0131<\/figcaption><\/figure>    <figure class=\"wp-block-image size-large\"><img loading=\"lazy\" decoding=\"async\" width=\"720\" height=\"540\" data-id=\"2871\" src=\"https:\/\/shuliybaler.com\/wp-content\/uploads\/2022\/10\/Wood-chip-baler-export-1.webp\" alt=\"Ah\u015fap tala\u015f\u0131 baler ihracat\u0131\" class=\"wp-image-2871\" title=\"\" srcset=\"https:\/\/shuliybaler.com\/wp-content\/uploads\/2022\/10\/Wood-chip-baler-export-1.webp 720w, https:\/\/shuliybaler.com\/wp-content\/uploads\/2022\/10\/Wood-chip-baler-export-1-360x270.webp 360w, https:\/\/shuliybaler.com\/wp-content\/uploads\/2022\/10\/Wood-chip-baler-export-1-180x135.webp 180w\" sizes=\"auto, (max-width: 720px) 100vw, 720px\" \/><figcaption>Ah\u015fap Tala\u015f\u0131 Baler \u0130hracat\u0131<\/figcaption><\/figure>    <figure class=\"wp-block-image size-large\"><img loading=\"lazy\" decoding=\"async\" width=\"720\" height=\"540\" data-id=\"2870\" src=\"https:\/\/shuliybaler.com\/wp-content\/uploads\/2022\/10\/Wood-chip-baler-export.webp\" alt=\"Ah\u015fap tala\u015f\u0131 baler ihracat\u0131\" class=\"wp-image-2870\" title=\"\" srcset=\"https:\/\/shuliybaler.com\/wp-content\/uploads\/2022\/10\/Wood-chip-baler-export.webp 720w, https:\/\/shuliybaler.com\/wp-content\/uploads\/2022\/10\/Wood-chip-baler-export-360x270.webp 360w, https:\/\/shuliybaler.com\/wp-content\/uploads\/2022\/10\/Wood-chip-baler-export-180x135.webp 180w\" sizes=\"auto, (max-width: 720px) 100vw, 720px\" \/><figcaption>Ah\u015fap Tala\u015f\u0131 Baler \u0130hracat\u0131<\/figcaption><\/figure> <\/figure>    <p>Endonezya'ya yatay bir baler ihra\u00e7 ediyoruz. M\u00fc\u015fteri bir ah\u015fap fabrikas\u0131na sahip ve ah\u015fap tala\u015flar\u0131n\u0131 s\u0131k\u0131\u015ft\u0131rmak i\u00e7in bir baler sat\u0131n al\u0131yor. Yatay balerimiz tala\u015flar\u0131 s\u0131k\u0131\u015ft\u0131rmak i\u00e7in \u00e7ok uygundur. Genel olarak, teslimat d\u00f6ng\u00fcm\u00fcz bir haftad\u0131r ve ta\u015f\u0131ma s\u00fcresi yakla\u015f\u0131k 35-40 g\u00fcnd\u00fcr, bu nedenle m\u00fc\u015fteri bir aydan fazla bir s\u00fcre i\u00e7inde kullan\u0131ma alabilir.<\/p>    <figure class=\"wp-block-embed is-type-video is-provider-youtube wp-block-embed-youtube wp-embed-aspect-16-9 wp-has-aspect-ratio\"><div class=\"wp-block-embed__wrapper\"> <iframe loading=\"lazy\" title=\"Oto demir varil ve kutu s\u0131k\u0131\u015ft\u0131rma makinesi | geri d\u00f6n\u00fc\u015f\u00fcm s\u0131k\u0131\u015ft\u0131r\u0131c\u0131 makinesi al\u00fcminyum kutular ve metal s\u0131k\u0131\u015ft\u0131r\u0131c\u0131lar\" width=\"500\" height=\"281\" src=\"https:\/\/www.youtube.com\/embed\/9JxkvEm4QMc?feature=oembed\" frameborder=\"0\" allow=\"accelerometer; autoplay; clipboard-write; encrypted-media; gyroscope; picture-in-picture; web-share\" referrerpolicy=\"strict-origin-when-cross-origin\" allowfullscreen><\/iframe> <\/div><figcaption>balya makinesi <\/figcaption><\/figure>","protected":false},"excerpt":{"rendered":"<p>A sawdust baler machine is a machine for compressing and packing sawdust, which can be easily stored and transported after being packed by the machine, Our balers work efficiently and can pack scrap metal and other raw materials. Sawdust baler machines are widely used in wood processing plants and coal processing plants. What raw materials [&hellip;]<\/p>\n","protected":false},"author":1,"featured_media":2861,"parent":0,"template":"","tags":[50],"product-type":[48],"class_list":["post-2860","product","type-product","status-publish","has-post-thumbnail","hentry","tag-metal-baling-machine","product-type-solution"],"_links":{"self":[{"href":"https:\/\/shuliybaler.com\/tr\/wp-json\/wp\/v2\/product\/2860","targetHints":{"allow":["GET"]}}],"collection":[{"href":"https:\/\/shuliybaler.com\/tr\/wp-json\/wp\/v2\/product"}],"about":[{"href":"https:\/\/shuliybaler.com\/tr\/wp-json\/wp\/v2\/types\/product"}],"author":[{"embeddable":true,"href":"https:\/\/shuliybaler.com\/tr\/wp-json\/wp\/v2\/users\/1"}],"wp:featuredmedia":[{"embeddable":true,"href":"https:\/\/shuliybaler.com\/tr\/wp-json\/wp\/v2\/media\/2861"}],"wp:attachment":[{"href":"https:\/\/shuliybaler.com\/tr\/wp-json\/wp\/v2\/media?parent=2860"}],"wp:term":[{"taxonomy":"post_tag","embeddable":true,"href":"https:\/\/shuliybaler.com\/tr\/wp-json\/wp\/v2\/tags?post=2860"},{"taxonomy":"product-type","embeddable":true,"href":"https:\/\/shuliybaler.com\/tr\/wp-json\/wp\/v2\/product-type?post=2860"}],"curies":[{"name":"wp","href":"https:\/\/api.w.org\/{rel}","templated":true}]}}