{"id":2876,"date":"2022-10-12T10:00:44","date_gmt":"2022-10-12T02:00:44","guid":{"rendered":"https:\/\/shuliybaler.com\/?post_type=product&#038;p=2876"},"modified":"2023-03-22T17:29:10","modified_gmt":"2023-03-22T09:29:10","slug":"waste-paper-baler-machine","status":"publish","type":"product","link":"https:\/\/shuliybaler.com\/tr\/product\/waste-paper-baler-machine\/","title":{"rendered":"At\u0131k ka\u011f\u0131t presleme makinesi | karton presleme makinesi"},"content":{"rendered":"<p class=\"translation-block\">Bir at\u0131k ka\u011f\u0131t presleme makinesi, at\u0131k ka\u011f\u0131d\u0131 geri d\u00f6n\u00fc\u015ft\u00fcrmek ve paketlemek i\u00e7in kullan\u0131lan bir makinedir. Makinenin s\u0131k\u0131\u015ft\u0131rma ve \u015fekillendirme i\u015flemiyle, at\u0131k ka\u011f\u0131d\u0131n bo\u015fluklar\u0131 azalt\u0131l\u0131r ve tek tip boyutta at\u0131k ka\u011f\u0131t torbas\u0131 olu\u015fturulur, bu da depolama alan\u0131nda saklanabilir. Karton presleme makinelerinin iki t\u00fcr\u00fc vard\u0131r, biri k\u00fc\u00e7\u00fck <a href=\"https:\/\/shuliybaler.com\/tr\/product\/vertical-metal-baler\/\" data-type=\"URL\" data-id=\"https:\/\/shuliybaler.com\/product\/vertical-metal-baler\/\">dikey presleme makinesi<\/a>, di\u011feri ise b\u00fcy\u00fck <a href=\"https:\/\/shuliybaler.com\/tr\/product\/scrap-metal-baler\/\" data-type=\"URL\" data-id=\"https:\/\/shuliybaler.com\/product\/scrap-metal-baler\/\">yatay presleme makinesi<\/a>. A\u015fa\u011f\u0131da yatay presleme makinesi yer almaktad\u0131r.<\/p>    <figure class=\"wp-block-gallery has-nested-images columns-default is-cropped wp-block-gallery-2 is-layout-flex wp-block-gallery-is-layout-flex\"> <figure class=\"wp-block-image size-large\"><img loading=\"lazy\" decoding=\"async\" width=\"720\" height=\"540\" data-id=\"2878\" src=\"https:\/\/shuliybaler.com\/wp-content\/uploads\/2022\/10\/paper-baler.webp\" alt=\"ka\u011f\u0131t balyalama makinesi\" class=\"wp-image-2878\" title=\"\" srcset=\"https:\/\/shuliybaler.com\/wp-content\/uploads\/2022\/10\/paper-baler.webp 720w, https:\/\/shuliybaler.com\/wp-content\/uploads\/2022\/10\/paper-baler-360x270.webp 360w, https:\/\/shuliybaler.com\/wp-content\/uploads\/2022\/10\/paper-baler-180x135.webp 180w\" sizes=\"auto, (max-width: 720px) 100vw, 720px\" \/><figcaption class=\"wp-element-caption\">Ka\u011f\u0131t Presi<\/figcaption><\/figure>    <figure class=\"wp-block-image size-large\"><img loading=\"lazy\" decoding=\"async\" width=\"720\" height=\"540\" data-id=\"2879\" src=\"https:\/\/shuliybaler.com\/wp-content\/uploads\/2022\/10\/paper-baler-1.webp\" alt=\"\" class=\"wp-image-2879\" title=\"\" srcset=\"https:\/\/shuliybaler.com\/wp-content\/uploads\/2022\/10\/paper-baler-1.webp 720w, https:\/\/shuliybaler.com\/wp-content\/uploads\/2022\/10\/paper-baler-1-360x270.webp 360w, https:\/\/shuliybaler.com\/wp-content\/uploads\/2022\/10\/paper-baler-1-180x135.webp 180w\" sizes=\"auto, (max-width: 720px) 100vw, 720px\" \/><figcaption class=\"wp-element-caption\">Ka\u011f\u0131t Presi<\/figcaption><\/figure> <\/figure>    <h2 class=\"wp-block-heading\">At\u0131k ka\u011f\u0131t presleme makinesinin uygulama alan\u0131<\/h2>    <p class=\"translation-block\">At\u0131k ka\u011f\u0131t presleme makinesi geni\u015f bir uygulama alan\u0131na sahiptir. Bir at\u0131k ka\u011f\u0131t presleme makinesi, metal ve hurda demir gibi sert malzemeleri paketleyebilir ve plastik \u015fi\u015fe,<a href=\"https:\/\/shuliybaler.com\/tr\/product\/aluminum-can-baler\/\" data-type=\"URL\" data-id=\"https:\/\/shuliybaler.com\/product\/aluminum-can-baler\/\"> kutu<\/a>, pipet, at\u0131k ka\u011f\u0131t, k\u0131yafet, <a href=\"https:\/\/shuliybaler.com\/tr\/product\/cotton-baling-machine\/\" data-type=\"URL\" data-id=\"https:\/\/shuliybaler.com\/product\/cotton-baling-machine\/\">pamuk<\/a> gibi hafif malzemeleri de paketleyebilir, bu nedenle bu <a href=\"https:\/\/shuliybaler.com\/tr\/product\/metal-baler\/\" data-type=\"URL\" data-id=\"https:\/\/shuliybaler.com\/product\/metal-baler\/\">\u00e7ok fonksiyonlu metal presleme makinesi<\/a>.<\/p>    <figure class=\"wp-block-gallery has-nested-images columns-default is-cropped wp-block-gallery-3 is-layout-flex wp-block-gallery-is-layout-flex\"> <figure class=\"wp-block-image size-large\"><img loading=\"lazy\" decoding=\"async\" width=\"720\" height=\"540\" data-id=\"2880\" src=\"https:\/\/shuliybaler.com\/wp-content\/uploads\/2022\/10\/straw-baling-1.webp\" alt=\"saman balyalama\" class=\"wp-image-2880\" title=\"\" srcset=\"https:\/\/shuliybaler.com\/wp-content\/uploads\/2022\/10\/straw-baling-1.webp 720w, https:\/\/shuliybaler.com\/wp-content\/uploads\/2022\/10\/straw-baling-1-360x270.webp 360w, https:\/\/shuliybaler.com\/wp-content\/uploads\/2022\/10\/straw-baling-1-180x135.webp 180w\" sizes=\"auto, (max-width: 720px) 100vw, 720px\" \/><figcaption class=\"wp-element-caption\">Saman Balyalama<\/figcaption><\/figure>    <figure class=\"wp-block-image size-large\"><img loading=\"lazy\" decoding=\"async\" width=\"720\" height=\"540\" data-id=\"2881\" src=\"https:\/\/shuliybaler.com\/wp-content\/uploads\/2022\/10\/plastic-bottle-packaging.webp\" alt=\"plastik \u015fi\u015fe ambalaj\u0131\" class=\"wp-image-2881\" title=\"\" srcset=\"https:\/\/shuliybaler.com\/wp-content\/uploads\/2022\/10\/plastic-bottle-packaging.webp 720w, https:\/\/shuliybaler.com\/wp-content\/uploads\/2022\/10\/plastic-bottle-packaging-360x270.webp 360w, https:\/\/shuliybaler.com\/wp-content\/uploads\/2022\/10\/plastic-bottle-packaging-180x135.webp 180w\" sizes=\"auto, (max-width: 720px) 100vw, 720px\" \/><figcaption class=\"wp-element-caption\">Plastik \u015ei\u015fe Ambalaj\u0131<\/figcaption><\/figure>    <figure class=\"wp-block-image size-large\"><img loading=\"lazy\" decoding=\"async\" width=\"720\" height=\"540\" data-id=\"2882\" src=\"https:\/\/shuliybaler.com\/wp-content\/uploads\/2022\/10\/cardboard-baling.webp\" alt=\"karton balyalama\" class=\"wp-image-2882\" title=\"\" srcset=\"https:\/\/shuliybaler.com\/wp-content\/uploads\/2022\/10\/cardboard-baling.webp 720w, https:\/\/shuliybaler.com\/wp-content\/uploads\/2022\/10\/cardboard-baling-360x270.webp 360w, https:\/\/shuliybaler.com\/wp-content\/uploads\/2022\/10\/cardboard-baling-180x135.webp 180w\" sizes=\"auto, (max-width: 720px) 100vw, 720px\" \/><figcaption class=\"wp-element-caption\">Karton Balyalama<\/figcaption><\/figure> <\/figure>    <h2 class=\"wp-block-heading\">Neden at\u0131k ka\u011f\u0131t presleme makinesi kullanmal\u0131y\u0131z?<\/h2>   <div class=\"wp-block-image\"> <figure class=\"aligncenter size-full\"><img loading=\"lazy\" decoding=\"async\" width=\"720\" height=\"540\" src=\"https:\/\/shuliybaler.com\/wp-content\/uploads\/2022\/10\/cardboard-baling-machine.webp\" alt=\"karton presleme makinesi\" class=\"wp-image-2883\" title=\"\" srcset=\"https:\/\/shuliybaler.com\/wp-content\/uploads\/2022\/10\/cardboard-baling-machine.webp 720w, https:\/\/shuliybaler.com\/wp-content\/uploads\/2022\/10\/cardboard-baling-machine-360x270.webp 360w, https:\/\/shuliybaler.com\/wp-content\/uploads\/2022\/10\/cardboard-baling-machine-180x135.webp 180w\" sizes=\"auto, (max-width: 720px) 100vw, 720px\" \/><figcaption class=\"wp-element-caption\">karton presleme makinesi<\/figcaption><\/figure> <\/div>   <p>1. Kolay ta\u015f\u0131mac\u0131l\u0131k. Paketlenmi\u015f at\u0131k ka\u011f\u0131t, ta\u015f\u0131may\u0131 etkili \u015fekilde azalt\u0131r ve ta\u015f\u0131ma verimlili\u011fini art\u0131r\u0131r.<\/p>    <p>2. Pop\u00fcler. Piyasada paketlenmi\u015f ve s\u0131ralanm\u0131\u015f at\u0131k ka\u011f\u0131t, sat\u0131ld\u0131\u011f\u0131nda daha pop\u00fcler olur.<\/p>    <p>3. Daha kolay depolama. Preslenmi\u015f at\u0131k ka\u011f\u0131t, depoda saklanabilir, daha fazla depo alan\u0131 tasarrufu sa\u011flar.<\/p>    <p>4. Kolay yeniden i\u015fleme. At\u0131k ka\u011f\u0131t paketlendikten sonra, yeniden kullan\u0131m\u0131 daha kolay olur.<\/p>    <h2 class=\"wp-block-heading\">Karton presleme makinesi, konvey\u00f6r band\u0131 ile donat\u0131labilir<\/h2>   <div class=\"wp-block-image\"> <figure class=\"aligncenter size-full\"><img loading=\"lazy\" decoding=\"async\" width=\"720\" height=\"540\" src=\"https:\/\/shuliybaler.com\/wp-content\/uploads\/2022\/10\/cardboard-baling-machine-conveyor.webp\" alt=\"karton presleme makinesi konvey\u00f6r\u00fc\" class=\"wp-image-2884\" title=\"\" srcset=\"https:\/\/shuliybaler.com\/wp-content\/uploads\/2022\/10\/cardboard-baling-machine-conveyor.webp 720w, https:\/\/shuliybaler.com\/wp-content\/uploads\/2022\/10\/cardboard-baling-machine-conveyor-360x270.webp 360w, https:\/\/shuliybaler.com\/wp-content\/uploads\/2022\/10\/cardboard-baling-machine-conveyor-180x135.webp 180w\" sizes=\"auto, (max-width: 720px) 100vw, 720px\" \/><figcaption class=\"wp-element-caption\">karton presleme makinesi konvey\u00f6r\u00fc<\/figcaption><\/figure> <\/div>   <p>B\u00fcy\u00fck \u00f6l\u00e7ekli at\u0131k ka\u011f\u0131t presleme, presleme \u015fans\u0131n\u0131 art\u0131r\u0131r ve besleme, otomatik paketleme sa\u011flayan bir konvey\u00f6r band\u0131 ile donat\u0131labilir, zaman ve emek tasarrufu sa\u011flar. Ayr\u0131ca, karton presleme makinesinin besleme giri\u015fi olduk\u00e7a geni\u015ftir. Bu t\u00fcr bir at\u0131k ka\u011f\u0131t presleme makinesi besleme i\u00e7in uygundur, t\u0131kanma yapmaz ve y\u00fcksek \u00fcretim verimlili\u011fine sahiptir.<\/p>    <h2 class=\"wp-block-heading\">Karton presleme makinesinin \u00fc\u00e7 bo\u015faltma \u015fekli<\/h2>    <figure class=\"wp-block-gallery has-nested-images columns-2 is-cropped wp-block-gallery-4 is-layout-flex wp-block-gallery-is-layout-flex\"> <figure class=\"wp-block-image size-large\"><img loading=\"lazy\" decoding=\"async\" width=\"720\" height=\"540\" data-id=\"2886\" src=\"https:\/\/shuliybaler.com\/wp-content\/uploads\/2022\/10\/Waste-paper-baler-machine-2.webp\" alt=\"At\u0131k ka\u011f\u0131t presleme makinesi\" class=\"wp-image-2886\" title=\"\" srcset=\"https:\/\/shuliybaler.com\/wp-content\/uploads\/2022\/10\/Waste-paper-baler-machine-2.webp 720w, https:\/\/shuliybaler.com\/wp-content\/uploads\/2022\/10\/Waste-paper-baler-machine-2-360x270.webp 360w, https:\/\/shuliybaler.com\/wp-content\/uploads\/2022\/10\/Waste-paper-baler-machine-2-180x135.webp 180w\" sizes=\"auto, (max-width: 720px) 100vw, 720px\" \/><figcaption class=\"wp-element-caption\">At\u0131k Ka\u011f\u0131t Presleme Makinesi<\/figcaption><\/figure>    <figure class=\"wp-block-image size-large\"><img loading=\"lazy\" decoding=\"async\" width=\"720\" height=\"540\" data-id=\"2887\" src=\"https:\/\/shuliybaler.com\/wp-content\/uploads\/2022\/10\/Waste-paper-baler-machine-3.webp\" alt=\"At\u0131k ka\u011f\u0131t presleme makinesi\" class=\"wp-image-2887\" title=\"\" srcset=\"https:\/\/shuliybaler.com\/wp-content\/uploads\/2022\/10\/Waste-paper-baler-machine-3.webp 720w, https:\/\/shuliybaler.com\/wp-content\/uploads\/2022\/10\/Waste-paper-baler-machine-3-360x270.webp 360w, https:\/\/shuliybaler.com\/wp-content\/uploads\/2022\/10\/Waste-paper-baler-machine-3-180x135.webp 180w\" sizes=\"auto, (max-width: 720px) 100vw, 720px\" \/><figcaption class=\"wp-element-caption\">At\u0131k Ka\u011f\u0131t Presleme Makinesi<\/figcaption><\/figure>    <figure class=\"wp-block-image size-large\"><img loading=\"lazy\" decoding=\"async\" width=\"720\" height=\"540\" data-id=\"2888\" src=\"https:\/\/shuliybaler.com\/wp-content\/uploads\/2022\/10\/Waste-paper-baler-machine-4.webp\" alt=\"At\u0131k ka\u011f\u0131t presleme makinesi\" class=\"wp-image-2888\" title=\"\" srcset=\"https:\/\/shuliybaler.com\/wp-content\/uploads\/2022\/10\/Waste-paper-baler-machine-4.webp 720w, https:\/\/shuliybaler.com\/wp-content\/uploads\/2022\/10\/Waste-paper-baler-machine-4-360x270.webp 360w, https:\/\/shuliybaler.com\/wp-content\/uploads\/2022\/10\/Waste-paper-baler-machine-4-180x135.webp 180w\" sizes=\"auto, (max-width: 720px) 100vw, 720px\" \/><figcaption class=\"wp-element-caption\">At\u0131k Ka\u011f\u0131t Presleme Makinesi<\/figcaption><\/figure>    <figure class=\"wp-block-image size-large\"><img loading=\"lazy\" decoding=\"async\" width=\"720\" height=\"540\" data-id=\"2885\" src=\"https:\/\/shuliybaler.com\/wp-content\/uploads\/2022\/10\/Waste-paper-baler-machine-1.webp\" alt=\"At\u0131k ka\u011f\u0131t presleme makinesi\" class=\"wp-image-2885\" title=\"\" srcset=\"https:\/\/shuliybaler.com\/wp-content\/uploads\/2022\/10\/Waste-paper-baler-machine-1.webp 720w, https:\/\/shuliybaler.com\/wp-content\/uploads\/2022\/10\/Waste-paper-baler-machine-1-360x270.webp 360w, https:\/\/shuliybaler.com\/wp-content\/uploads\/2022\/10\/Waste-paper-baler-machine-1-180x135.webp 180w\" sizes=\"auto, (max-width: 720px) 100vw, 720px\" \/><figcaption class=\"wp-element-caption\">At\u0131k Ka\u011f\u0131t Presleme Makinesi<\/figcaption><\/figure> <\/figure>    <p class=\"translation-block\">Paketlenmi\u015f at\u0131k ka\u011f\u0131t, at\u0131k ka\u011f\u0131t presleme makinesinin haznesine yerle\u015ftirilir, nas\u0131l bo\u015falt\u0131l\u0131r? Asl\u0131nda, presin bo\u015falt\u0131lmas\u0131 \u00fc\u00e7 \u015fekilde yap\u0131l\u0131r. <a href=\"https:\/\/en.wikipedia.org\/wiki\/Cardboard\" data-type=\"URL\" data-id=\"https:\/\/en.wikipedia.org\/wiki\/Cardboard\" target=\"_blank\" rel=\"noopener\">karton<\/a> presleme makinesi devrilebilir, torbay\u0131 iterek bo\u015faltma, ve manuel bo\u015faltma. Bu \u00fc\u00e7 bo\u015faltma \u015fekli \u00f6zelle\u015ftirilebilir. Paketlenmi\u015f at\u0131k ka\u011f\u0131d\u0131n boyutu da ayarlanabilir.<\/p>    <h2 class=\"wp-block-heading\">Karton presleme makinesi parametreleri <\/h2>   <div class=\"wp-block-image\"> <figure class=\"aligncenter size-full\"><img loading=\"lazy\" decoding=\"async\" width=\"720\" height=\"540\" src=\"https:\/\/shuliybaler.com\/wp-content\/uploads\/2022\/10\/cardboard-baling-machine-1.webp\" alt=\"karton presleme makinesi\" class=\"wp-image-2889\" title=\"\" srcset=\"https:\/\/shuliybaler.com\/wp-content\/uploads\/2022\/10\/cardboard-baling-machine-1.webp 720w, https:\/\/shuliybaler.com\/wp-content\/uploads\/2022\/10\/cardboard-baling-machine-1-360x270.webp 360w, https:\/\/shuliybaler.com\/wp-content\/uploads\/2022\/10\/cardboard-baling-machine-1-180x135.webp 180w\" sizes=\"auto, (max-width: 720px) 100vw, 720px\" \/><figcaption class=\"wp-element-caption\">karton presleme makinesi<\/figcaption><\/figure> <\/div>   <figure class=\"wp-block-table\"><table><tbody><tr><td>Model<\/td><td>SL-DB-100<\/td><td>SL-DB-160<\/td><td>SL-DB-180<\/td><td>SL-DB-200<\/td><\/tr><tr><td>Bas\u0131n\u00e7<\/td><td>1000KN<\/td><td>1600 KN<\/td><td>1800 KN<\/td><td>2000 KN<\/td><\/tr><tr><td>Ana g\u00fc\u00e7<\/td><td>22KW 1.5KW 4kw<\/td><td>37KW 1.5KW 4kw<\/td><td>45KW 3KW 5kw<\/td><td>55KW 13KW 5.5kw<\/td><\/tr><tr><td>Balyalama telleri miktar\u0131<\/td><td>4\/5<\/td><td>4\/5<\/td><td>5<\/td><td>5<\/td><\/tr><tr><td>Balyalar\u0131n boyutu<\/td><td>W1150mm*H1050mm*L (ayarlanabilir)<\/td><td>W1150mm*H1250mm*L (ayarlanabilir)<\/td><td>W1150mm*H1350mm*L (ayarlanabilir)<\/td><td>W1150mm*H1450mm*L (ayarlanabilir)<\/td><\/tr><tr><td>Tel<\/td><td>Tavlanm\u0131\u015f tel 3mm(12#) veya plastik tel<\/td><td>Tavlanm\u0131\u015f tel 3mm(12#) veya plastik tel<\/td><td>Tavlanm\u0131\u015f tel 3mm(12#) veya plastik tel<\/td><td>Tavlanm\u0131\u015f tel 3mm(12#) veya plastik tel<\/td><\/tr><tr><td>Gerilim<\/td><td>380V\/50HZ<\/td><td>380V\/50HZ<\/td><td>380V\/50HZ<\/td><td>380V\/50HZ<\/td><\/tr><tr><td>Ba\u011flama y\u00f6ntemi<\/td><td>Manuel\/otomatik<\/td><td>Manuel\/otomatik<\/td><td>Manuel\/otomatik<\/td><td>Manuel\/otomatik<\/td><\/tr><tr><td>Kapasite<\/td><td>6-8 bal\/h<\/td><td>6-8 bal\/h<\/td><td>6-8 bal\/h<\/td><td>6-8 bal\/h<\/td><\/tr><tr><td>Balya a\u011f\u0131rl\u0131\u011f\u0131<\/td><td>500-1000kg<\/td><td>1000-1300kg<\/td><td>1000-1300kg<\/td><td>1000-1300kg&nbsp;<\/td><\/tr><tr><td>Konvey\u00f6r boyutu<\/td><td>6530*1400*3200mm<\/td><td>7113*1555*3360mm<\/td><td>7800*1655*3360mm<\/td><td>8200*1700*3360mm<\/td><\/tr><tr><td>\u0130\u015fletme y\u00f6ntemi<\/td><td>Manuel\/PLC<\/td><td>Manuel\/PLC<\/td><td>Manuel\/PLC<\/td><td>Manuel\/PLC<\/td><\/tr><\/tbody><\/table><figcaption class=\"wp-element-caption\">karton presleme makinesi <\/figcaption><\/figure>    <h2 class=\"wp-block-heading\">At\u0131k ka\u011f\u0131t presleme makinesinin avantajlar\u0131 <\/h2>    <figure class=\"wp-block-gallery has-nested-images columns-default is-cropped wp-block-gallery-5 is-layout-flex wp-block-gallery-is-layout-flex\"> <figure class=\"wp-block-image size-large\"><img loading=\"lazy\" decoding=\"async\" width=\"720\" height=\"540\" data-id=\"2890\" src=\"https:\/\/shuliybaler.com\/wp-content\/uploads\/2022\/10\/cardboard-baling-machine-shipping.webp\" alt=\"karton presleme makinesi\" class=\"wp-image-2890\" title=\"\" srcset=\"https:\/\/shuliybaler.com\/wp-content\/uploads\/2022\/10\/cardboard-baling-machine-shipping.webp 720w, https:\/\/shuliybaler.com\/wp-content\/uploads\/2022\/10\/cardboard-baling-machine-shipping-360x270.webp 360w, https:\/\/shuliybaler.com\/wp-content\/uploads\/2022\/10\/cardboard-baling-machine-shipping-180x135.webp 180w\" sizes=\"auto, (max-width: 720px) 100vw, 720px\" \/><figcaption class=\"wp-element-caption\">Karton Presleme Makinesi<\/figcaption><\/figure>    <figure class=\"wp-block-image size-large\"><img loading=\"lazy\" decoding=\"async\" width=\"720\" height=\"540\" data-id=\"2892\" src=\"https:\/\/shuliybaler.com\/wp-content\/uploads\/2022\/10\/cardboard-baling-machine-export.webp\" alt=\"karton s\u0131k\u0131\u015ft\u0131rma makinesi ihracat\u0131\" class=\"wp-image-2892\" title=\"\" srcset=\"https:\/\/shuliybaler.com\/wp-content\/uploads\/2022\/10\/cardboard-baling-machine-export.webp 720w, https:\/\/shuliybaler.com\/wp-content\/uploads\/2022\/10\/cardboard-baling-machine-export-360x270.webp 360w, https:\/\/shuliybaler.com\/wp-content\/uploads\/2022\/10\/cardboard-baling-machine-export-180x135.webp 180w\" sizes=\"auto, (max-width: 720px) 100vw, 720px\" \/><figcaption class=\"wp-element-caption\">Karton Presleme Makinesi \u0130hracat\u0131<\/figcaption><\/figure> <\/figure>    <p>1. Karton presleme makinesi hidrolik ile \u00e7al\u0131\u015f\u0131r, kompakt yap\u0131ya sahiptir, kurulumu kolay, kullan\u0131m\u0131 basittir, bak\u0131m gerektirir ve iyi hava s\u0131zd\u0131rmazl\u0131\u011f\u0131 sa\u011flar.<\/p>    <p>2. G\u00fcr\u00fclt\u00fc seviyesini azaltmak i\u00e7in d\u00fc\u015f\u00fck g\u00fcr\u00fclt\u00fcl\u00fc hidrolik ayar, g\u00fcr\u00fclt\u00fc kirlili\u011fi sorunlar\u0131n\u0131 \u00f6nler,<\/p>    <p>3. H\u0131z ayarlanabilir ve makinenin paketleme h\u0131z\u0131 manuel olarak kontrol edilebilir.<\/p>    <p>4. Hidrolik prensip kullan\u0131larak, malzeme h\u0131zl\u0131 bir \u015fekilde s\u0131k\u0131\u015ft\u0131r\u0131l\u0131r, bu da malzemenin depolama alan\u0131n\u0131 azaltmaya faydal\u0131d\u0131r.<\/p>    <h2 class=\"wp-block-heading\">At\u0131k ka\u011f\u0131t presleme i\u00e7in yatay pres makinesi videosu<\/h2>    <figure class=\"wp-block-embed is-type-video is-provider-youtube wp-block-embed-youtube wp-embed-aspect-16-9 wp-has-aspect-ratio\"><div class=\"wp-block-embed__wrapper\"> <iframe loading=\"lazy\" title=\"Sat\u0131l\u0131k at\u0131k karton geri d\u00f6n\u00fc\u015f\u00fcm presleme makinesi | yatay presleme ile at\u0131k ka\u011f\u0131t presleme\" width=\"500\" height=\"281\" src=\"https:\/\/www.youtube.com\/embed\/upwnSm5wzR0?feature=oembed\" frameborder=\"0\" allow=\"accelerometer; autoplay; clipboard-write; encrypted-media; gyroscope; picture-in-picture; web-share\" referrerpolicy=\"strict-origin-when-cross-origin\" allowfullscreen><\/iframe> <\/div><\/figure>","protected":false},"excerpt":{"rendered":"<p>A waste paper baler machine is a machine used to recycle and pack waste paper. Through the compression and molding of the machine, the waste paper can reduce the gap and form a uniform size waste paper bag, which can be stored in the warehouse. There are two types of cardboard baling machines, one is [&hellip;]<\/p>\n","protected":false},"author":1,"featured_media":2877,"parent":0,"template":"","tags":[],"product-type":[48],"class_list":["post-2876","product","type-product","status-publish","has-post-thumbnail","hentry","product-type-solution"],"_links":{"self":[{"href":"https:\/\/shuliybaler.com\/tr\/wp-json\/wp\/v2\/product\/2876","targetHints":{"allow":["GET"]}}],"collection":[{"href":"https:\/\/shuliybaler.com\/tr\/wp-json\/wp\/v2\/product"}],"about":[{"href":"https:\/\/shuliybaler.com\/tr\/wp-json\/wp\/v2\/types\/product"}],"author":[{"embeddable":true,"href":"https:\/\/shuliybaler.com\/tr\/wp-json\/wp\/v2\/users\/1"}],"wp:featuredmedia":[{"embeddable":true,"href":"https:\/\/shuliybaler.com\/tr\/wp-json\/wp\/v2\/media\/2877"}],"wp:attachment":[{"href":"https:\/\/shuliybaler.com\/tr\/wp-json\/wp\/v2\/media?parent=2876"}],"wp:term":[{"taxonomy":"post_tag","embeddable":true,"href":"https:\/\/shuliybaler.com\/tr\/wp-json\/wp\/v2\/tags?post=2876"},{"taxonomy":"product-type","embeddable":true,"href":"https:\/\/shuliybaler.com\/tr\/wp-json\/wp\/v2\/product-type?post=2876"}],"curies":[{"name":"wp","href":"https:\/\/api.w.org\/{rel}","templated":true}]}}