{"id":2893,"date":"2022-10-13T15:04:44","date_gmt":"2022-10-13T07:04:44","guid":{"rendered":"https:\/\/shuliybaler.com\/?post_type=product&#038;p=2893"},"modified":"2022-10-13T15:05:33","modified_gmt":"2022-10-13T07:05:33","slug":"plastic-bottle-baling-machine","status":"publish","type":"product","link":"https:\/\/shuliybaler.com\/tr\/product\/plastic-bottle-baling-machine\/","title":{"rendered":"Plastik \u015fi\u015fe balyalama makinesi"},"content":{"rendered":"<p class=\"translation-block\">Plastik \u015fi\u015fe balyalama makinesi ayn\u0131 zamanda hidrolik balyalama makinesi olarak da adland\u0131r\u0131l\u0131r. Bir plastik \u015fi\u015fe balyalama makinesi, plastik su \u015fi\u015felerini s\u0131k\u0131\u015ft\u0131rmak ve paketlemek i\u00e7in kullan\u0131lan bir makinedir. <a href=\"https:\/\/shuliybaler.com\/tr\/product\/scrap-metal-baler\/\" data-type=\"URL\" data-id=\"https:\/\/shuliybaler.com\/product\/scrap-metal-baler\/\">plastik \u015fi\u015fe balyalama<\/a> i\u015flemiyle, plastik \u015fi\u015fenin hacmi azalt\u0131labilir ve ta\u015f\u0131mac\u0131l\u0131k kolayla\u015f\u0131r. Plastik \u015fi\u015fe balyalama makinesi ayr\u0131ca <a href=\"https:\/\/shuliybaler.com\/tr\/product\/aluminum-can-baler\/\" data-type=\"URL\" data-id=\"https:\/\/shuliybaler.com\/product\/aluminum-can-baler\/\">kutular\u0131 paketleyebilir<\/a>. , at\u0131k kartonlar, pamuk, <a href=\"https:\/\/shuliybaler.com\/tr\/product\/metal-baler\/\" data-type=\"URL\" data-id=\"https:\/\/shuliybaler.com\/product\/metal-baler\/\">hurda metal<\/a>, vb., yayg\u0131n olarak kullan\u0131l\u0131r, esas olarak depolama alan\u0131n\u0131 azaltmak i\u00e7in. \u0130kincil geri d\u00f6n\u00fc\u015f\u00fcm i\u00e7in uygundur.<\/p>   <div class=\"wp-block-image\"> <figure class=\"aligncenter size-full\"><img loading=\"lazy\" decoding=\"async\" width=\"720\" height=\"540\" src=\"https:\/\/shuliybaler.com\/wp-content\/uploads\/2022\/10\/raw-material-Plastic-bottle-baling-machine.webp\" alt=\"Hammadde Plastik \u015fi\u015fe balyalama makinesi\" class=\"wp-image-2896\" title=\"\" srcset=\"https:\/\/shuliybaler.com\/wp-content\/uploads\/2022\/10\/raw-material-Plastic-bottle-baling-machine.webp 720w, https:\/\/shuliybaler.com\/wp-content\/uploads\/2022\/10\/raw-material-Plastic-bottle-baling-machine-360x270.webp 360w, https:\/\/shuliybaler.com\/wp-content\/uploads\/2022\/10\/raw-material-Plastic-bottle-baling-machine-180x135.webp 180w\" sizes=\"auto, (max-width: 720px) 100vw, 720px\" \/><figcaption>Hammadde Plastik \u015fi\u015fe balyalama makinesi<\/figcaption><\/figure> <\/div>   <h2 class=\"wp-block-heading\">Plastik \u015fi\u015fe balyalama makinesinin yap\u0131s\u0131<\/h2>   <div class=\"wp-block-image\"> <figure class=\"aligncenter size-full\"><img loading=\"lazy\" decoding=\"async\" width=\"720\" height=\"540\" src=\"https:\/\/shuliybaler.com\/wp-content\/uploads\/2022\/10\/Plastic-bottle-baling-machine-1.webp\" alt=\"Plastik \u015fi\u015fe balyalama makinesi\" class=\"wp-image-2895\" title=\"\" srcset=\"https:\/\/shuliybaler.com\/wp-content\/uploads\/2022\/10\/Plastic-bottle-baling-machine-1.webp 720w, https:\/\/shuliybaler.com\/wp-content\/uploads\/2022\/10\/Plastic-bottle-baling-machine-1-360x270.webp 360w, https:\/\/shuliybaler.com\/wp-content\/uploads\/2022\/10\/Plastic-bottle-baling-machine-1-180x135.webp 180w\" sizes=\"auto, (max-width: 720px) 100vw, 720px\" \/><figcaption>Plastik \u015fi\u015fe balyalama makinesi<\/figcaption><\/figure> <\/div>   <p class=\"translation-block\">Ana motorun ana bile\u015fenleri <a href=\"https:\/\/en.wikipedia.org\/wiki\/Plastic_bottle\" data-type=\"URL\" data-id=\"https:\/\/en.wikipedia.org\/wiki\/Plastic_bottle\" target=\"_blank\" rel=\"noopener\">plastik \u015fi\u015fe<\/a>, ana \u00e7er\u00e7eve, hidrolik sistem, elektrik kontrol sistemi ve besleme sistemidir. Ana \u00e7er\u00e7eve y\u00fcksek kaliteli \u00e7elik levhalardan yap\u0131lm\u0131\u015f, kal\u0131nla\u015ft\u0131r\u0131lm\u0131\u015f ve kaynakl\u0131d\u0131r, dayan\u0131kl\u0131d\u0131r. Hidrolik sistem, hidrolik pompa, solenoid valf, ya\u011f silindiri gibi ana bile\u015fenlerden olu\u015fur. Hidrolik balya makinesi y\u00fcksek bas\u0131n\u00e7, y\u00fcksek h\u0131z ve d\u00fc\u015f\u00fck g\u00fcr\u00fclt\u00fcye sahiptir. Bo\u015faltma sistemi, yan itme, manuel ve ileri itme gibi \u00e7e\u015fitli y\u00f6ntemlere ayr\u0131lm\u0131\u015ft\u0131r.<\/p>    <h2 class=\"wp-block-heading\">Plastik balyalama makinesi parametreleri <\/h2>    <figure class=\"wp-block-gallery has-nested-images columns-2 is-cropped wp-block-gallery-2 is-layout-flex wp-block-gallery-is-layout-flex\"> <figure class=\"wp-block-image size-large\"><img loading=\"lazy\" decoding=\"async\" width=\"720\" height=\"540\" data-id=\"2897\" src=\"https:\/\/shuliybaler.com\/wp-content\/uploads\/2022\/10\/SLSH-120.webp\" alt=\"SLSH-120\" class=\"wp-image-2897\" title=\"\" srcset=\"https:\/\/shuliybaler.com\/wp-content\/uploads\/2022\/10\/SLSH-120.webp 720w, https:\/\/shuliybaler.com\/wp-content\/uploads\/2022\/10\/SLSH-120-360x270.webp 360w, https:\/\/shuliybaler.com\/wp-content\/uploads\/2022\/10\/SLSH-120-180x135.webp 180w\" sizes=\"auto, (max-width: 720px) 100vw, 720px\" \/><figcaption>Slsh-200<\/figcaption><\/figure>    <figure class=\"wp-block-image size-large\"><img loading=\"lazy\" decoding=\"async\" width=\"720\" height=\"540\" data-id=\"2898\" src=\"https:\/\/shuliybaler.com\/wp-content\/uploads\/2022\/10\/SLSH-160.webp\" alt=\"SLSH-160\" class=\"wp-image-2898\" title=\"\" srcset=\"https:\/\/shuliybaler.com\/wp-content\/uploads\/2022\/10\/SLSH-160.webp 720w, https:\/\/shuliybaler.com\/wp-content\/uploads\/2022\/10\/SLSH-160-360x270.webp 360w, https:\/\/shuliybaler.com\/wp-content\/uploads\/2022\/10\/SLSH-160-180x135.webp 180w\" sizes=\"auto, (max-width: 720px) 100vw, 720px\" \/><figcaption>Slsh-160<\/figcaption><\/figure>    <figure class=\"wp-block-image size-large\"><img loading=\"lazy\" decoding=\"async\" width=\"720\" height=\"540\" data-id=\"2899\" src=\"https:\/\/shuliybaler.com\/wp-content\/uploads\/2022\/10\/SLSH-180.webp\" alt=\"SLSH-180\" class=\"wp-image-2899\" title=\"\" srcset=\"https:\/\/shuliybaler.com\/wp-content\/uploads\/2022\/10\/SLSH-180.webp 720w, https:\/\/shuliybaler.com\/wp-content\/uploads\/2022\/10\/SLSH-180-360x270.webp 360w, https:\/\/shuliybaler.com\/wp-content\/uploads\/2022\/10\/SLSH-180-180x135.webp 180w\" sizes=\"auto, (max-width: 720px) 100vw, 720px\" \/><figcaption>Slsh-180<\/figcaption><\/figure>    <figure class=\"wp-block-image size-large\"><img loading=\"lazy\" decoding=\"async\" width=\"720\" height=\"540\" data-id=\"2900\" src=\"https:\/\/shuliybaler.com\/wp-content\/uploads\/2022\/10\/SLSH-200.webp\" alt=\"SLSH-200\" class=\"wp-image-2900\" title=\"\" srcset=\"https:\/\/shuliybaler.com\/wp-content\/uploads\/2022\/10\/SLSH-200.webp 720w, https:\/\/shuliybaler.com\/wp-content\/uploads\/2022\/10\/SLSH-200-360x270.webp 360w, https:\/\/shuliybaler.com\/wp-content\/uploads\/2022\/10\/SLSH-200-180x135.webp 180w\" sizes=\"auto, (max-width: 720px) 100vw, 720px\" \/><figcaption>Slsh-200<\/figcaption><\/figure> <\/figure>    <figure class=\"wp-block-table\"><table><tbody><tr><td>Model<\/td><td>SLSH-120<\/td><td>SLSH-160<\/td><td>SLSH-180<\/td><td>SLSH-200<\/td><\/tr><tr><td>Dinamik sistem<\/td><td>hidrolik sistem\u2300245  hareket 2100mm<\/td><td>hidrolik sistem\u2300280 Hareket 2300mm<\/td><td>hidrolik sistem\u2300280 Hareket 2400mm<\/td><td>hidrolik sistem\u2300280 Hareket 2450mm<\/td><\/tr><tr><td>G\u00fc\u00e7<\/td><td>22kw,3 HP,380V<\/td><td>30Kw 4Kw, 3 HP,380V<\/td><td>37Kw 4Kw, 3 HP,380V<\/td><td>45Kw 4Kw<\/td><\/tr><tr><td>Ana Nominal itme kuvveti<\/td><td>1200KN<\/td><td>1600KN<\/td><td>1800KN<\/td><td>2000kn<\/td><\/tr><tr><td>Sistem bas\u0131nc\u0131<\/td><td>28Mpa<\/td><td>31.5MPA<\/td><td>31.5Mpa<\/td><td>31.5MPA &nbsp;<\/td><\/tr><tr><td>Kontrol sistemi<\/td><td>PLC otomatik kontrol<\/td><td>PLC otomatik kontrol<\/td><td>PLC otomatik kontrol<\/td><td>PLC otomatik kontrol<\/td><\/tr><tr><td>Besleme boyutu<\/td><td>1650mm*1100mm<\/td><td>1650mm*1100mm<\/td><td>2000*1100mm<\/td><td>2000mm*1100mm<\/td><\/tr><tr><td>Bale boyutu<\/td><td>1100*900mm<\/td><td>1100mm*1250mm<\/td><td>1100*1300mm<\/td><td>1100mm*1400mm<\/td><\/tr><tr><td>Bale yo\u011funlu\u011fu<\/td><td>800Kg\/Balya, 400-450kg\/m\u00b3<\/td><td>1200Kg\/Balya  450Kg\/m\u00b3<\/td><td>1300kg\/balya, 500kg\/m\u00b3<\/td><td>1400Kg\/Balya  520Kg\/m\u00b3<\/td><\/tr><tr><td>Kapasite<\/td><td>4-7 balya\/saat<\/td><td>5-8 balya<\/td><td>6-9 balya<\/td><td>8-10 balya<\/td><\/tr><tr><td>Ba\u011flama<\/td><td>3 adet manuel iplik sarma<\/td><td>4-5 adet, Manuel iplik sarma<\/td><td>4-5 adet, Manuel iplik sarma<\/td><td>4-5 adet, Manuel iplik sarma<\/td><\/tr><\/tbody><\/table><figcaption>Plastik \u015fi\u015fe presi<\/figcaption><\/figure>   <div class=\"wp-block-image\"> <figure class=\"aligncenter size-full\"><img loading=\"lazy\" decoding=\"async\" width=\"720\" height=\"540\" src=\"https:\/\/shuliybaler.com\/wp-content\/uploads\/2022\/10\/Plastic-bottle-baling-machine-2.webp\" alt=\"Plastik \u015fi\u015fe balyalama makinesi\" class=\"wp-image-2901\" title=\"\" srcset=\"https:\/\/shuliybaler.com\/wp-content\/uploads\/2022\/10\/Plastic-bottle-baling-machine-2.webp 720w, https:\/\/shuliybaler.com\/wp-content\/uploads\/2022\/10\/Plastic-bottle-baling-machine-2-360x270.webp 360w, https:\/\/shuliybaler.com\/wp-content\/uploads\/2022\/10\/Plastic-bottle-baling-machine-2-180x135.webp 180w\" sizes=\"auto, (max-width: 720px) 100vw, 720px\" \/><figcaption>Plastik \u015fi\u015fe balyalama makinesi<\/figcaption><\/figure> <\/div>   <h2 class=\"wp-block-heading\">Uganda'ya ihra\u00e7 edilen plastik \u015fi\u015fe balyalama makinesi<\/h2>   <div class=\"wp-block-image\"> <figure class=\"aligncenter size-full\"><img loading=\"lazy\" decoding=\"async\" width=\"720\" height=\"540\" src=\"https:\/\/shuliybaler.com\/wp-content\/uploads\/2022\/10\/Plastic-bottle-baling-machine-3.webp\" alt=\"Plastik \u015fi\u015fe balyalama makinesi\" class=\"wp-image-2902\" title=\"\" srcset=\"https:\/\/shuliybaler.com\/wp-content\/uploads\/2022\/10\/Plastic-bottle-baling-machine-3.webp 720w, https:\/\/shuliybaler.com\/wp-content\/uploads\/2022\/10\/Plastic-bottle-baling-machine-3-360x270.webp 360w, https:\/\/shuliybaler.com\/wp-content\/uploads\/2022\/10\/Plastic-bottle-baling-machine-3-180x135.webp 180w\" sizes=\"auto, (max-width: 720px) 100vw, 720px\" \/><figcaption>Plastik \u015fi\u015fe balyalama makinesi<\/figcaption><\/figure> <\/div>   <p>Uganda'ya 200 model plastik \u015fi\u015fe balyalama makinesi ihra\u00e7 ettik. M\u00fc\u015fteri geri d\u00f6n\u00fc\u015f\u00fcm sekt\u00f6r\u00fcnde. M\u00fc\u015fteri hurda metal ve plastik \u015fi\u015feleri paketlemesi gerekiyor. Bu nedenle, her iki \u00fcr\u00fcn i\u00e7in de uygun olacak en b\u00fcy\u00fck plastik \u015fi\u015fe balyalama makinesini se\u00e7ti. Bu, iki \u00fcr\u00fcn\u00fcn paketlenmesine olanak tan\u0131r. Ve m\u00fc\u015fteri testlerinden sonra, paketleme etkisinin \u00e7ok iyi oldu\u011fu bulunmu\u015ftur, \u00f6zellikle plastik \u015fi\u015fe s\u0131k\u0131\u015ft\u0131r\u0131ld\u0131ktan sonra, \u00e7ok yer tasarrufu sa\u011flar.<\/p>","protected":false},"excerpt":{"rendered":"<p>Plastik \u015fi\u015fe presleme makinesi, hidrolik pres makinesi olarak da adland\u0131r\u0131l\u0131r. Plastik \u015fi\u015fe presleme makinesi, plastik su \u015fi\u015felerini s\u0131k\u0131\u015ft\u0131r\u0131p paketlemek i\u00e7in kullan\u0131l\u0131r. Plastik \u015fi\u015fe presleme i\u015flemiyle, \u015fi\u015felerin hacmi azalt\u0131l\u0131r ve ta\u015f\u0131mak kolayla\u015f\u0131r. Plastik \u015fi\u015fe presleme makinesi, kutular\u0131, at\u0131k kartonlar\u0131, pamuklar\u0131, hurda metalleri de paketleyebilir, yayg\u0131n kullan\u0131l\u0131r ve depolama alan\u0131n\u0131 azaltmak i\u00e7in tasarlanm\u0131\u015ft\u0131r. \u0130kincil geri d\u00f6n\u00fc\u015f\u00fcm i\u00e7in uygundur.<\/p>","protected":false},"author":1,"featured_media":2894,"parent":0,"template":"","tags":[51],"product-type":[48],"class_list":["post-2893","product","type-product","status-publish","has-post-thumbnail","hentry","tag-baler-machine","product-type-solution"],"_links":{"self":[{"href":"https:\/\/shuliybaler.com\/tr\/wp-json\/wp\/v2\/product\/2893","targetHints":{"allow":["GET"]}}],"collection":[{"href":"https:\/\/shuliybaler.com\/tr\/wp-json\/wp\/v2\/product"}],"about":[{"href":"https:\/\/shuliybaler.com\/tr\/wp-json\/wp\/v2\/types\/product"}],"author":[{"embeddable":true,"href":"https:\/\/shuliybaler.com\/tr\/wp-json\/wp\/v2\/users\/1"}],"wp:featuredmedia":[{"embeddable":true,"href":"https:\/\/shuliybaler.com\/tr\/wp-json\/wp\/v2\/media\/2894"}],"wp:attachment":[{"href":"https:\/\/shuliybaler.com\/tr\/wp-json\/wp\/v2\/media?parent=2893"}],"wp:term":[{"taxonomy":"post_tag","embeddable":true,"href":"https:\/\/shuliybaler.com\/tr\/wp-json\/wp\/v2\/tags?post=2893"},{"taxonomy":"product-type","embeddable":true,"href":"https:\/\/shuliybaler.com\/tr\/wp-json\/wp\/v2\/product-type?post=2893"}],"curies":[{"name":"wp","href":"https:\/\/api.w.org\/{rel}","templated":true}]}}