{"id":2904,"date":"2022-10-19T16:35:05","date_gmt":"2022-10-19T08:35:05","guid":{"rendered":"https:\/\/shuliybaler.com\/?post_type=product&#038;p=2904"},"modified":"2023-02-28T16:04:04","modified_gmt":"2023-02-28T08:04:04","slug":"plastic-bottle-baler-machine","status":"publish","type":"product","link":"https:\/\/shuliybaler.com\/tr\/product\/plastic-bottle-baler-machine-plastic-bottle-packing-machine\/","title":{"rendered":"Plastik \u015fi\u015fe presleme makinesi | Plastik \u015fi\u015fe paketleme makinesi"},"content":{"rendered":"<p class=\"translation-block\">Plastik \u015fi\u015fe presleme makinesi, plastik \u015fi\u015feler i\u00e7in \u00f6zel ekipmand\u0131r. <a href=\"https:\/\/www.google.com\/search?q=waste plastic bottle&amp;sxsrf=ALiCzsZDD9uj538vXpp1bTkcyeTWwADRLg:1669878238699&amp;source=lnms&amp;tbm=isch&amp;sa=X&amp;ved=2ahUKEwi5kPGZ7df7AhVZNEQIHehCDb0Q_AUoAXoECAEQAw&amp;biw=1745&amp;bih=852&amp;dpr=1.1\" data-type=\"URL\" data-id=\"https:\/\/www.google.com\/search?q=waste plastic bottle&amp;sxsrf=ALiCzsZDD9uj538vXpp1bTkcyeTWwADRLg:1669878238699&amp;source=lnms&amp;tbm=isch&amp;sa=X&amp;ved=2ahUKEwi5kPGZ7df7AhVZNEQIHehCDb0Q_AUoAXoECAEQAw&amp;biw=1745&amp;bih=852&amp;dpr=1.1\" target=\"_blank\" rel=\"noopener\">Plastik \u015fi\u015feleri<\/a> s\u0131k\u0131\u015ft\u0131rarak ve aras\u0131ndaki bo\u015fluklar\u0131 ekstr\u00fcde ederek, plastik \u015fi\u015felerin depolama alan\u0131n\u0131 s\u0131k\u0131\u015ft\u0131rabilir ve plastik \u015fi\u015felerin ta\u015f\u0131nmas\u0131n\u0131n zor olmamas\u0131n\u0131 sa\u011flar.<\/p>    <figure class=\"wp-block-image size-full\"><img loading=\"lazy\" decoding=\"async\" width=\"720\" height=\"540\" src=\"https:\/\/shuliybaler.com\/wp-content\/uploads\/2022\/10\/Plastic-bottle-baler-machine-1.webp\" alt=\"Plastik \u015fi\u015fe balyalama makinesi\" class=\"wp-image-2965\" title=\"\" srcset=\"https:\/\/shuliybaler.com\/wp-content\/uploads\/2022\/10\/Plastic-bottle-baler-machine-1.webp 720w, https:\/\/shuliybaler.com\/wp-content\/uploads\/2022\/10\/Plastic-bottle-baler-machine-1-360x270.webp 360w, https:\/\/shuliybaler.com\/wp-content\/uploads\/2022\/10\/Plastic-bottle-baler-machine-1-180x135.webp 180w\" sizes=\"auto, (max-width: 720px) 100vw, 720px\" \/><figcaption class=\"wp-element-caption\">Plastik \u015ei\u015fe Presleme Makinesi<\/figcaption><\/figure>    <h2 class=\"wp-block-heading\">Yatay plastik \u015fi\u015fe paketleme makinesi tan\u0131t\u0131m\u0131<\/h2>    <figure class=\"wp-block-image size-full\"><img loading=\"lazy\" decoding=\"async\" width=\"720\" height=\"540\" src=\"https:\/\/shuliybaler.com\/wp-content\/uploads\/2022\/10\/Plastic-bottle-packing-machine.webp\" alt=\"Plastik \u015fi\u015fe paketleme makinesi\" class=\"wp-image-2966\" title=\"\" srcset=\"https:\/\/shuliybaler.com\/wp-content\/uploads\/2022\/10\/Plastic-bottle-packing-machine.webp 720w, https:\/\/shuliybaler.com\/wp-content\/uploads\/2022\/10\/Plastic-bottle-packing-machine-360x270.webp 360w, https:\/\/shuliybaler.com\/wp-content\/uploads\/2022\/10\/Plastic-bottle-packing-machine-180x135.webp 180w\" sizes=\"auto, (max-width: 720px) 100vw, 720px\" \/><figcaption class=\"wp-element-caption\">Plastik \u015ei\u015fe Paketleme Makinesi<\/figcaption><\/figure>    <p class=\"translation-block\">&nbsp;<a href=\"https:\/\/shuliybaler.com\/tr\/product\/scrap-metal-baler\/\" data-type=\"URL\" data-id=\"https:\/\/shuliybaler.com\/product\/scrap-metal-baler\/\">Yatay i\u00e7ecek \u015fi\u015fesi presleme<\/a>, kola \u015fi\u015feleri, kutular, plastik filmler, at\u0131k ka\u011f\u0131t, s\u00fcngerler, kimyasal lifler ve at\u0131k malzemeler i\u00e7in s\u0131k\u0131\u015ft\u0131rma presleriyle uygundur. Konvey\u00f6r bant besleme ile donat\u0131lm\u0131\u015ft\u0131r. Saatte yakla\u015f\u0131k 1-5 ton i\u015fleme uygundur. Ayr\u0131ca ba\u011f\u0131ms\u0131z makine olarak da kullan\u0131labilir, k\u00fc\u00e7\u00fck ayak izi, h\u0131zl\u0131 paketleme h\u0131z\u0131, basit kullan\u0131m, stabil performans ve d\u00fc\u015f\u00fck ar\u0131za oran\u0131 ile.<\/p>    <h2 class=\"wp-block-heading\">Neden plastik \u015fi\u015felere presleme makinesi gerekir?<\/h2>    <figure class=\"wp-block-gallery has-nested-images columns-default is-cropped wp-block-gallery-2 is-layout-flex wp-block-gallery-is-layout-flex\"> <figure class=\"wp-block-image size-full\"><img loading=\"lazy\" decoding=\"async\" width=\"720\" height=\"540\" data-id=\"2967\" src=\"https:\/\/shuliybaler.com\/wp-content\/uploads\/2022\/10\/Plastic-bottle-packing-machine-1.webp\" alt=\"Plastik \u015fi\u015fe paketleme makinesi\" class=\"wp-image-2967\" title=\"\" srcset=\"https:\/\/shuliybaler.com\/wp-content\/uploads\/2022\/10\/Plastic-bottle-packing-machine-1.webp 720w, https:\/\/shuliybaler.com\/wp-content\/uploads\/2022\/10\/Plastic-bottle-packing-machine-1-360x270.webp 360w, https:\/\/shuliybaler.com\/wp-content\/uploads\/2022\/10\/Plastic-bottle-packing-machine-1-180x135.webp 180w\" sizes=\"auto, (max-width: 720px) 100vw, 720px\" \/><figcaption class=\"wp-element-caption\">Plastik \u015ei\u015fe Paketleme Makinesi<\/figcaption><\/figure>    <figure class=\"wp-block-image size-full\"><img loading=\"lazy\" decoding=\"async\" width=\"720\" height=\"540\" data-id=\"2971\" src=\"https:\/\/shuliybaler.com\/wp-content\/uploads\/2022\/10\/plastic-bottle-baling.webp\" alt=\"Plastik \u015fi\u015fe balyalama\" class=\"wp-image-2971\" title=\"\" srcset=\"https:\/\/shuliybaler.com\/wp-content\/uploads\/2022\/10\/plastic-bottle-baling.webp 720w, https:\/\/shuliybaler.com\/wp-content\/uploads\/2022\/10\/plastic-bottle-baling-360x270.webp 360w, https:\/\/shuliybaler.com\/wp-content\/uploads\/2022\/10\/plastic-bottle-baling-180x135.webp 180w\" sizes=\"auto, (max-width: 720px) 100vw, 720px\" \/><figcaption class=\"wp-element-caption\">Plastik \u015ei\u015fe Presleme<\/figcaption><\/figure> <\/figure>    <p>Plastik \u015fi\u015feler geri d\u00f6n\u00fc\u015ft\u00fcr\u00fclebilir ve plastik par\u00e7alar haline getirilebilir. Plastik \u015fi\u015feleri geri d\u00f6n\u00fc\u015ft\u00fcr\u00fcrken, \u015fi\u015feler bo\u015f oldu\u011fu i\u00e7in aralar\u0131nda \u00e7ok fazla bo\u015fluk olur ve plastik \u015fi\u015feler g\u00f6rece ince ve zor i\u015flenir, bu nedenle plastik \u015fi\u015fe presleme makineleri kullan\u0131labilir. \u015ei\u015feler s\u0131k\u0131\u015ft\u0131r\u0131l\u0131r ve ayn\u0131 boyutta plastik \u015fi\u015fe bloklar\u0131na \u015fekillendirilir, ta\u015f\u0131malar\u0131 ve depolanmalar\u0131 kolay olur.<\/p>    <h2 class=\"wp-block-heading\">\u0130ki t\u00fcr plastik \u015fi\u015fe presleme makinesi<\/h2>    <figure class=\"wp-block-image size-full\"><img loading=\"lazy\" decoding=\"async\" width=\"720\" height=\"540\" src=\"https:\/\/shuliybaler.com\/wp-content\/uploads\/2022\/10\/plastic-bottle-baler-machine.webp\" alt=\"Plastik \u015fi\u015fe balyalama makinesi\" class=\"wp-image-2968\" title=\"\" srcset=\"https:\/\/shuliybaler.com\/wp-content\/uploads\/2022\/10\/plastic-bottle-baler-machine.webp 720w, https:\/\/shuliybaler.com\/wp-content\/uploads\/2022\/10\/plastic-bottle-baler-machine-360x270.webp 360w, https:\/\/shuliybaler.com\/wp-content\/uploads\/2022\/10\/plastic-bottle-baler-machine-180x135.webp 180w\" sizes=\"auto, (max-width: 720px) 100vw, 720px\" \/><figcaption class=\"wp-element-caption\">Plastik \u015ei\u015fe Presleme Makinesi<\/figcaption><\/figure>    <p class=\"translation-block\">G\u00fcn\u00fcm\u00fczde piyasadaki plastik \u015fi\u015fe presleme makineleri iki t\u00fcre ayr\u0131l\u0131r: <a href=\"https:\/\/shuliybaler.com\/tr\/product\/vertical-metal-baler\/\" data-type=\"URL\" data-id=\"https:\/\/shuliybaler.com\/product\/vertical-metal-baler\/\">dikey presler<\/a> ve <a href=\"https:\/\/shuliybaler.com\/tr\/product\/scrap-metal-baler\/\" data-type=\"URL\" data-id=\"https:\/\/shuliybaler.com\/product\/scrap-metal-baler\/\">yatay presler<\/a>. Her iki tip pres, at\u0131k plastik \u015fi\u015feleri paketlemek i\u00e7in kullan\u0131labilir. Fark, paketleme \u00e7\u0131k\u0131\u015f\u0131, otomasyon seviyesi ve paket boyutunda yatar. \u0130\u015fletmelerin farkl\u0131 ihtiya\u00e7lar\u0131na g\u00f6re sat\u0131n alma t\u00fcrleri de farkl\u0131d\u0131r. A\u015fa\u011f\u0131da iki t\u00fcr plastik \u015fi\u015fe presleme makinesinin kullan\u0131m\u0131 anlat\u0131lacakt\u0131r.<\/p>    <h2 class=\"wp-block-heading\">Dikey plastik \u015fi\u015fe presleme makinesi nas\u0131l kullan\u0131l\u0131r?<\/h2>    <figure class=\"wp-block-image size-full\"><img loading=\"lazy\" decoding=\"async\" width=\"720\" height=\"540\" src=\"https:\/\/shuliybaler.com\/wp-content\/uploads\/2022\/10\/plastic-bottle-baler-machine-1.webp\" alt=\"Plastik \u015fi\u015fe balyalama makinesi\" class=\"wp-image-2969\" title=\"\" srcset=\"https:\/\/shuliybaler.com\/wp-content\/uploads\/2022\/10\/plastic-bottle-baler-machine-1.webp 720w, https:\/\/shuliybaler.com\/wp-content\/uploads\/2022\/10\/plastic-bottle-baler-machine-1-360x270.webp 360w, https:\/\/shuliybaler.com\/wp-content\/uploads\/2022\/10\/plastic-bottle-baler-machine-1-180x135.webp 180w\" sizes=\"auto, (max-width: 720px) 100vw, 720px\" \/><figcaption class=\"wp-element-caption\">Plastik \u015ei\u015fe Presleme Makinesi<\/figcaption><\/figure>    <p>\u0130\u015flem s\u00fcreci karma\u015f\u0131kt\u0131r. \u0130lk olarak, ekipman\u0131n bo\u015faltma kap\u0131s\u0131n\u0131 el tekerle\u011fi kilit cihaz\u0131 ile a\u00e7\u0131n, paketleme odas\u0131n\u0131 bo\u015falt\u0131n ve \u00fczerine bir paketleme bezi veya karton koyun. S\u0131k\u0131\u015ft\u0131rma odas\u0131n\u0131n kap\u0131s\u0131n\u0131 kapat\u0131n, ayn\u0131 zamanda besleme kap\u0131s\u0131n\u0131 a\u00e7\u0131n ve malzemeyi besleme kap\u0131s\u0131ndan besleyin. Malzeme dolduktan sonra, besleme kap\u0131s\u0131n\u0131 kapat\u0131n, PLC elektrik sistemi ile otomatik olarak s\u0131k\u0131\u015ft\u0131r\u0131n, s\u0131k\u0131\u015ft\u0131rma ve hacim azaltma sonras\u0131 tekrar besleyin ve yukar\u0131daki i\u015flemleri malzeme dolana kadar tekrarlay\u0131n. S\u0131k\u0131\u015ft\u0131rma \u015fekillendirmeden sonra, s\u0131k\u0131\u015ft\u0131rma odas\u0131 ve besleme kap\u0131s\u0131n\u0131 a\u00e7\u0131n, s\u0131k\u0131\u015ft\u0131r\u0131lm\u0131\u015f plastik \u015fi\u015feyi iplik ve iplik yap\u0131n. \u0130\u015flem tamamland\u0131ktan sonra, bo\u015faltma i\u015flemini tamamlamak i\u00e7in itme paketleme i\u015flemini yap\u0131n.<\/p>    <figure class=\"wp-block-image size-full\"><img loading=\"lazy\" decoding=\"async\" width=\"720\" height=\"540\" src=\"https:\/\/shuliybaler.com\/wp-content\/uploads\/2022\/10\/Plastic-bottle-baler-conveyor-belt.webp\" alt=\"Plastik \u015fi\u015fe presleme konvey\u00f6r band\u0131\" class=\"wp-image-2972\" title=\"\" srcset=\"https:\/\/shuliybaler.com\/wp-content\/uploads\/2022\/10\/Plastic-bottle-baler-conveyor-belt.webp 720w, https:\/\/shuliybaler.com\/wp-content\/uploads\/2022\/10\/Plastic-bottle-baler-conveyor-belt-360x270.webp 360w, https:\/\/shuliybaler.com\/wp-content\/uploads\/2022\/10\/Plastic-bottle-baler-conveyor-belt-180x135.webp 180w\" sizes=\"auto, (max-width: 720px) 100vw, 720px\" \/><figcaption class=\"wp-element-caption\">Plastik \u015ei\u015fe Presleme Konvey\u00f6r Band\u0131<\/figcaption><\/figure>    <h2 class=\"wp-block-heading\">Yatay plastik \u015fi\u015fe presleme nas\u0131l kullan\u0131l\u0131r?<\/h2>    <figure class=\"wp-block-image size-full\"><img loading=\"lazy\" decoding=\"async\" width=\"720\" height=\"540\" src=\"https:\/\/shuliybaler.com\/wp-content\/uploads\/2022\/10\/horizontal-plastic-bottle-baler.webp\" alt=\"Yatay plastik \u015fi\u015fe balyalama makinesi\" class=\"wp-image-2970\" title=\"\" srcset=\"https:\/\/shuliybaler.com\/wp-content\/uploads\/2022\/10\/horizontal-plastic-bottle-baler.webp 720w, https:\/\/shuliybaler.com\/wp-content\/uploads\/2022\/10\/horizontal-plastic-bottle-baler-360x270.webp 360w, https:\/\/shuliybaler.com\/wp-content\/uploads\/2022\/10\/horizontal-plastic-bottle-baler-180x135.webp 180w\" sizes=\"auto, (max-width: 720px) 100vw, 720px\" \/><figcaption class=\"wp-element-caption\">Yatay Plastik \u015ei\u015fe Presleme<\/figcaption><\/figure>    <p>Yatay plastik \u015fi\u015fe presleme makinesi kullan\u0131m\u0131 \u00e7ok daha basittir. Ekipman\u0131 a\u00e7arken herhangi bir anormallik olmad\u0131\u011f\u0131ndan emin olduktan sonra do\u011frudan beslenebilir veya konvey\u00f6r arac\u0131l\u0131\u011f\u0131yla s\u0131k\u0131\u015ft\u0131rma odas\u0131na beslenebilir. Plastik \u015fi\u015fe yerine ula\u015ft\u0131\u011f\u0131nda, s\u0131k\u0131\u015ft\u0131rma d\u00fc\u011fmesine basarak yerinde s\u0131k\u0131\u015ft\u0131r\u0131l\u0131r. Otomatik olarak geri \u00e7ekilir ve durur. Besleme ve s\u0131k\u0131\u015ft\u0131rma i\u015flemini tekrar ederek istenen paketleme uzunlu\u011funa ula\u015f\u0131l\u0131r, paketleme d\u00fc\u011fmesine bas\u0131l\u0131r ve paketleme pozisyonuna ula\u015f\u0131ld\u0131\u011f\u0131nda, iplik \u00e7ekme d\u00fc\u011fmesine bas\u0131l\u0131r, iplik otomatik kesilir ve iplik \u00e7ekme i\u015flemi tamamlan\u0131r.<\/p>    <figure class=\"wp-block-embed is-type-video is-provider-youtube wp-block-embed-youtube wp-embed-aspect-16-9 wp-has-aspect-ratio\"><div class=\"wp-block-embed__wrapper\"> <iframe loading=\"lazy\" title=\"Gabon&#039;a iki kez ihra\u00e7 edilen en iyi metal presleme makinesi | Ya\u011f tenekesi presleme plastik \u015fi\u015fe presleme makinesi\" width=\"500\" height=\"281\" src=\"https:\/\/www.youtube.com\/embed\/1WCZwz3QRbs?feature=oembed\" frameborder=\"0\" allow=\"accelerometer; autoplay; clipboard-write; encrypted-media; gyroscope; picture-in-picture; web-share\" referrerpolicy=\"strict-origin-when-cross-origin\" allowfullscreen><\/iframe> <\/div><figcaption class=\"wp-element-caption\">Plastik \u015fi\u015fe balyalama makinesi<\/figcaption><\/figure>","protected":false},"excerpt":{"rendered":"<p>Plastik \u015fi\u015fe balyalama makinesi, plastik \u015fi\u015felerin s\u0131k\u0131\u015ft\u0131r\u0131lmas\u0131 ve aralar\u0131ndaki bo\u015fluklar\u0131n ekstr\u00fczyonuyla, plastik \u015fi\u015felerin depolama alan\u0131 s\u0131k\u0131\u015ft\u0131r\u0131labilir ve ta\u015f\u0131nmas\u0131 kolay hale gelir.<\/p>","protected":false},"author":1,"featured_media":2963,"parent":0,"template":"","tags":[],"product-type":[41],"class_list":["post-2904","product","type-product","status-publish","has-post-thumbnail","hentry","product-type-metal-baler-machine"],"_links":{"self":[{"href":"https:\/\/shuliybaler.com\/tr\/wp-json\/wp\/v2\/product\/2904","targetHints":{"allow":["GET"]}}],"collection":[{"href":"https:\/\/shuliybaler.com\/tr\/wp-json\/wp\/v2\/product"}],"about":[{"href":"https:\/\/shuliybaler.com\/tr\/wp-json\/wp\/v2\/types\/product"}],"author":[{"embeddable":true,"href":"https:\/\/shuliybaler.com\/tr\/wp-json\/wp\/v2\/users\/1"}],"wp:featuredmedia":[{"embeddable":true,"href":"https:\/\/shuliybaler.com\/tr\/wp-json\/wp\/v2\/media\/2963"}],"wp:attachment":[{"href":"https:\/\/shuliybaler.com\/tr\/wp-json\/wp\/v2\/media?parent=2904"}],"wp:term":[{"taxonomy":"post_tag","embeddable":true,"href":"https:\/\/shuliybaler.com\/tr\/wp-json\/wp\/v2\/tags?post=2904"},{"taxonomy":"product-type","embeddable":true,"href":"https:\/\/shuliybaler.com\/tr\/wp-json\/wp\/v2\/product-type?post=2904"}],"curies":[{"name":"wp","href":"https:\/\/api.w.org\/{rel}","templated":true}]}}