{"id":2905,"date":"2022-11-10T14:55:46","date_gmt":"2022-11-10T06:55:46","guid":{"rendered":"https:\/\/shuliybaler.com\/?post_type=product&#038;p=2905"},"modified":"2022-11-17T16:33:36","modified_gmt":"2022-11-17T08:33:36","slug":"scrap-plate-shearing-machine","status":"publish","type":"product","link":"https:\/\/shuliybaler.com\/tr\/product\/scrap-plate-shearing-machine\/","title":{"rendered":"Hurda levha kesme makinesi | demir hurda kesim makinesi"},"content":{"rendered":"<p class=\"translation-block\">Hurda levha kesme makinesi, hidrolik metal kesme ekipmanlar\u0131ndan biridir. G\u00f6r\u00fcn\u00fcm\u00fc kaplan\u0131n ba\u015f\u0131na benzer, bu y\u00fczden kaplan ba\u015f\u0131 kesici olarak da adland\u0131r\u0131l\u0131r. Kaplan ba\u015f\u0131 makaslar, <a href=\"https:\/\/shuliybaler.com\/tr\/product\/alligator-shear\/\" data-type=\"URL\" data-id=\"https:\/\/shuliybaler.com\/product\/alligator-shear\/\">timsah \u00e7elik makaslar\u0131<\/a> ile ayn\u0131 i\u015flevi g\u00f6r\u00fcr ve metal geri d\u00f6n\u00fc\u015f\u00fcm ve i\u015fleme tesisleri, hurda araba s\u00f6k\u00fcm alanlar\u0131, ergitme ve d\u00f6k\u00fcm end\u00fcstrileri ile \u00e7e\u015fitli \u015fekillerdeki \u00e7elik ve metal malzemelerin so\u011fuk kesiminde uygundur.<\/p>    <figure class=\"wp-block-image size-full\"><img loading=\"lazy\" decoding=\"async\" width=\"720\" height=\"540\" src=\"https:\/\/shuliybaler.com\/wp-content\/uploads\/2022\/11\/iron-scrap-cutting-machine.webp\" alt=\"demir hurdas\u0131 kesme makinesi\" class=\"wp-image-2908\" title=\"\" srcset=\"https:\/\/shuliybaler.com\/wp-content\/uploads\/2022\/11\/iron-scrap-cutting-machine.webp 720w, https:\/\/shuliybaler.com\/wp-content\/uploads\/2022\/11\/iron-scrap-cutting-machine-360x270.webp 360w, https:\/\/shuliybaler.com\/wp-content\/uploads\/2022\/11\/iron-scrap-cutting-machine-180x135.webp 180w\" sizes=\"auto, (max-width: 720px) 100vw, 720px\" \/><figcaption class=\"wp-element-caption\">Demir Hurda Kesme Makinesi<\/figcaption><\/figure>    <h2 class=\"wp-block-heading\">Hurda levha kesme makinesinin kullan\u0131m alan\u0131<\/h2>    <p class=\"translation-block\">Hurda levha kesme makineleri, metal kesimi i\u00e7in metal geri d\u00f6n\u00fc\u015f\u00fcm sahalar\u0131nda uygundur, bu da geri d\u00f6n\u00fc\u015f\u00fcm ve yeniden kullan\u0131m i\u00e7in uygundur; <a href=\"https:\/\/www.youtube.com\/watch?v=GNmdIftq4X8&amp;t=13s\" data-type=\"URL\" data-id=\"https:\/\/www.youtube.com\/watch?v=GNmdIftq4X8&amp;t=13s\" target=\"_blank\" rel=\"noopener\">hurda levha kesme makineleri<\/a>, ayr\u0131ca hurda araba geri d\u00f6n\u00fc\u015f\u00fcm tesislerinde hurda arabalar\u0131 s\u00f6kmek i\u00e7in kullan\u0131labilir. Metal kesme makineleri, in\u015faat sahalar\u0131nda rebarl\u0131k ve metal kesimi i\u00e7in de kullan\u0131labilir. Bu nedenle, kaplan ba\u015f\u0131 makaslar her t\u00fcrl\u00fc sert metali kesmekte kullan\u0131labilir.<\/p>    <h2 class=\"wp-block-heading\">Hurda levha kesme makinesinin avantajlar\u0131<\/h2>    <figure class=\"wp-block-gallery has-nested-images columns-default is-cropped wp-block-gallery-2 is-layout-flex wp-block-gallery-is-layout-flex\"> <figure class=\"wp-block-image size-large\"><img loading=\"lazy\" decoding=\"async\" width=\"720\" height=\"540\" data-id=\"2909\" src=\"https:\/\/shuliybaler.com\/wp-content\/uploads\/2022\/11\/scrap-plate-shearing-machine.webp\" alt=\"hurda levha makas\u0131\" class=\"wp-image-2909\" title=\"\" srcset=\"https:\/\/shuliybaler.com\/wp-content\/uploads\/2022\/11\/scrap-plate-shearing-machine.webp 720w, https:\/\/shuliybaler.com\/wp-content\/uploads\/2022\/11\/scrap-plate-shearing-machine-360x270.webp 360w, https:\/\/shuliybaler.com\/wp-content\/uploads\/2022\/11\/scrap-plate-shearing-machine-180x135.webp 180w\" sizes=\"auto, (max-width: 720px) 100vw, 720px\" \/><figcaption class=\"wp-element-caption\">Hurda Levha Kesme Makinesi<\/figcaption><\/figure>    <figure class=\"wp-block-image size-large\"><img loading=\"lazy\" decoding=\"async\" width=\"720\" height=\"540\" data-id=\"2910\" src=\"https:\/\/shuliybaler.com\/wp-content\/uploads\/2022\/11\/scrap-plate-shearing-machine-1.webp\" alt=\"hurda levha makas\u0131\" class=\"wp-image-2910\" title=\"\" srcset=\"https:\/\/shuliybaler.com\/wp-content\/uploads\/2022\/11\/scrap-plate-shearing-machine-1.webp 720w, https:\/\/shuliybaler.com\/wp-content\/uploads\/2022\/11\/scrap-plate-shearing-machine-1-360x270.webp 360w, https:\/\/shuliybaler.com\/wp-content\/uploads\/2022\/11\/scrap-plate-shearing-machine-1-180x135.webp 180w\" sizes=\"auto, (max-width: 720px) 100vw, 720px\" \/><figcaption class=\"wp-element-caption\">Hurda Levha Kesme Makinesi<\/figcaption><\/figure> <\/figure>    <p>1. Bu demir hurda kesim makinesi, at\u0131k malzemelerin geri d\u00f6n\u00fc\u015f\u00fcm ve i\u015fleme end\u00fcstrisinde kullan\u0131l\u0131r. K\u00fc\u00e7\u00fck ve orta \u00f6l\u00e7ekli \u00e7elik fabrikalar\u0131, \u00e7e\u015fitli kesit \u015fekillerine sahip hurda metalin so\u011fuk kesiminde kullan\u0131l\u0131r; yuvarlak \u00e7elik, kare \u00e7elik, kanal \u00e7elik, a\u00e7\u0131 \u00e7elik, I-kiri\u015f, \u00e7elik levha, \u00e7elik boru ve benzeri.<\/p>    <p>2. Bu demir hurda kesim makinesi, manuel ve otomatik fonksiyonlara sahiptir. \u0130\u015fletme kontrol\u00fc kullan\u0131m\u0131 kolay ve basittir, makaslar \u00e7al\u0131\u015fma s\u0131ras\u0131nda herhangi bir konumda kesilebilir ve durdurulabilir. ve buna g\u00f6re<\/p>    <p>3. Hidrolik tahrik kullan\u0131r, kullan\u0131m\u0131 ve bak\u0131m\u0131 kolayd\u0131r.<\/p>    <p>4. Mekanik transmisyonlu kesme makinesiyle kar\u015f\u0131la\u015ft\u0131r\u0131ld\u0131\u011f\u0131nda, k\u00fc\u00e7\u00fck boyut, hafiflik, d\u00fc\u015f\u00fck atalet, d\u00fc\u015f\u00fck g\u00fcr\u00fclt\u00fc, stabil hareket, kullan\u0131\u015fl\u0131l\u0131k, esneklik, b\u00fcy\u00fck kesme b\u00f6lgesi ve makas\u0131n kolay ayarlanmas\u0131 gibi avantajlara sahiptir. G\u00fcvenli \u00e7al\u0131\u015f\u0131r ve kolayca uygulanabilir. A\u015f\u0131r\u0131 y\u00fck korumas\u0131.<\/p>    <figure class=\"wp-block-embed is-type-video is-provider-youtube wp-block-embed-youtube wp-embed-aspect-16-9 wp-has-aspect-ratio\"><div class=\"wp-block-embed__wrapper\"> <iframe loading=\"lazy\" title=\"Hidrolik hurda levha kesme makinesi | hurda metal kesme makinesi | demir hurda kesim makinesi\" width=\"500\" height=\"281\" src=\"https:\/\/www.youtube.com\/embed\/B3-xPveJGvw?feature=oembed\" frameborder=\"0\" allow=\"accelerometer; autoplay; clipboard-write; encrypted-media; gyroscope; picture-in-picture; web-share\" referrerpolicy=\"strict-origin-when-cross-origin\" allowfullscreen><\/iframe> <\/div><\/figure>    <h2 class=\"wp-block-heading\">Hurda levha kesme makinesi parametresi<\/h2>    <figure class=\"wp-block-image size-full\"><img loading=\"lazy\" decoding=\"async\" width=\"720\" height=\"540\" src=\"https:\/\/shuliybaler.com\/wp-content\/uploads\/2022\/11\/hydraulic-metal-shearing-equipment.webp\" alt=\"hidrolik metal makas ekipman\u0131\" class=\"wp-image-2911\" title=\"\" srcset=\"https:\/\/shuliybaler.com\/wp-content\/uploads\/2022\/11\/hydraulic-metal-shearing-equipment.webp 720w, https:\/\/shuliybaler.com\/wp-content\/uploads\/2022\/11\/hydraulic-metal-shearing-equipment-360x270.webp 360w, https:\/\/shuliybaler.com\/wp-content\/uploads\/2022\/11\/hydraulic-metal-shearing-equipment-180x135.webp 180w\" sizes=\"auto, (max-width: 720px) 100vw, 720px\" \/><figcaption class=\"wp-element-caption\">Hidrolik Metal Kesme Ekipmanlar\u0131<\/figcaption><\/figure>    <figure class=\"wp-block-table\"><table><tbody><tr><td>Ekipman bas\u0131nc\u0131<\/td><td>2500kn<\/td><\/tr><tr><td>Sistem bas\u0131nc\u0131<\/td><td>25mpa<\/td><\/tr><tr><td>B\u0131\u00e7ak boyutu<\/td><td>1000mm<\/td><\/tr><tr><td>Motor G\u00fcc\u00fc<\/td><td>22kv<\/td><\/tr><tr><td>Posta kutusu kapasitesi<\/td><td>360L<\/td><\/tr><tr><td>Kesme say\u0131s\u0131 <\/td><td>4-8<\/td><\/tr><tr><td>Kesme makinesi boyutu<\/td><td>2000*1200*2100<\/td><\/tr><\/tbody><\/table><figcaption class=\"wp-element-caption\">Hurda levha kesme makinesi<\/figcaption><\/figure>    <h2 class=\"wp-block-heading\">Hurda levha kesme makinesi nas\u0131l \u00e7al\u0131\u015f\u0131r?<\/h2>    <figure class=\"wp-block-gallery has-nested-images columns-default is-cropped wp-block-gallery-3 is-layout-flex wp-block-gallery-is-layout-flex\"> <figure class=\"wp-block-image size-large\"><img loading=\"lazy\" decoding=\"async\" width=\"720\" height=\"540\" data-id=\"2913\" src=\"https:\/\/shuliybaler.com\/wp-content\/uploads\/2022\/11\/hydraulic-metal-shearing-equipment-2.webp\" alt=\"hidrolik metal makas ekipman\u0131\" class=\"wp-image-2913\" title=\"\" srcset=\"https:\/\/shuliybaler.com\/wp-content\/uploads\/2022\/11\/hydraulic-metal-shearing-equipment-2.webp 720w, https:\/\/shuliybaler.com\/wp-content\/uploads\/2022\/11\/hydraulic-metal-shearing-equipment-2-360x270.webp 360w, https:\/\/shuliybaler.com\/wp-content\/uploads\/2022\/11\/hydraulic-metal-shearing-equipment-2-180x135.webp 180w\" sizes=\"auto, (max-width: 720px) 100vw, 720px\" \/><figcaption class=\"wp-element-caption\">Hidrolik Metal Kesme Ekipmanlar\u0131<\/figcaption><\/figure>    <figure class=\"wp-block-image size-large\"><img loading=\"lazy\" decoding=\"async\" width=\"720\" height=\"540\" data-id=\"2914\" src=\"https:\/\/shuliybaler.com\/wp-content\/uploads\/2022\/11\/hydraulic-metal-shearing-equipment-3.webp\" alt=\"hidrolik metal makas ekipman\u0131\" class=\"wp-image-2914\" title=\"\" srcset=\"https:\/\/shuliybaler.com\/wp-content\/uploads\/2022\/11\/hydraulic-metal-shearing-equipment-3.webp 720w, https:\/\/shuliybaler.com\/wp-content\/uploads\/2022\/11\/hydraulic-metal-shearing-equipment-3-360x270.webp 360w, https:\/\/shuliybaler.com\/wp-content\/uploads\/2022\/11\/hydraulic-metal-shearing-equipment-3-180x135.webp 180w\" sizes=\"auto, (max-width: 720px) 100vw, 720px\" \/><figcaption class=\"wp-element-caption\">Hidrolik Metal Kesme Ekipmanlar\u0131<\/figcaption><\/figure>    <figure class=\"wp-block-image size-large\"><img loading=\"lazy\" decoding=\"async\" width=\"720\" height=\"540\" data-id=\"2915\" src=\"https:\/\/shuliybaler.com\/wp-content\/uploads\/2022\/11\/metal-shearing-equipment.webp\" alt=\"hidrolik metal makas ekipman\u0131\" class=\"wp-image-2915\" title=\"\" srcset=\"https:\/\/shuliybaler.com\/wp-content\/uploads\/2022\/11\/metal-shearing-equipment.webp 720w, https:\/\/shuliybaler.com\/wp-content\/uploads\/2022\/11\/metal-shearing-equipment-360x270.webp 360w, https:\/\/shuliybaler.com\/wp-content\/uploads\/2022\/11\/metal-shearing-equipment-180x135.webp 180w\" sizes=\"auto, (max-width: 720px) 100vw, 720px\" \/><figcaption class=\"wp-element-caption\">Hidrolik Metal Kesme Ekipmanlar\u0131<\/figcaption><\/figure>    <figure class=\"wp-block-image size-large\"><img loading=\"lazy\" decoding=\"async\" width=\"720\" height=\"540\" data-id=\"2912\" src=\"https:\/\/shuliybaler.com\/wp-content\/uploads\/2022\/11\/hydraulic-metal-shearing-equipment-1.webp\" alt=\"hidrolik metal makas ekipman\u0131\" class=\"wp-image-2912\" title=\"\" srcset=\"https:\/\/shuliybaler.com\/wp-content\/uploads\/2022\/11\/hydraulic-metal-shearing-equipment-1.webp 720w, https:\/\/shuliybaler.com\/wp-content\/uploads\/2022\/11\/hydraulic-metal-shearing-equipment-1-360x270.webp 360w, https:\/\/shuliybaler.com\/wp-content\/uploads\/2022\/11\/hydraulic-metal-shearing-equipment-1-180x135.webp 180w\" sizes=\"auto, (max-width: 720px) 100vw, 720px\" \/><figcaption class=\"wp-element-caption\">Hidrolik Metal Kesme Ekipmanlar\u0131<\/figcaption><\/figure> <\/figure>    <p>Mekanik transmisyonlu kesme makinesiyle kar\u015f\u0131la\u015ft\u0131r\u0131ld\u0131\u011f\u0131nda, k\u00fc\u00e7\u00fck boyut, hafiflik, d\u00fc\u015f\u00fck atalet, d\u00fc\u015f\u00fck g\u00fcr\u00fclt\u00fc, stabil hareket, kullan\u0131\u015fl\u0131l\u0131k, esneklik, b\u00fcy\u00fck kesme b\u00f6lgesi ve makas\u0131n kolay ayarlanmas\u0131 gibi avantajlara sahiptir. G\u00fcvenli \u00e7al\u0131\u015f\u0131r ve kullan\u0131l\u0131r, a\u015f\u0131r\u0131 y\u00fck korumas\u0131n\u0131 kolayca sa\u011flar.<\/p>","protected":false},"excerpt":{"rendered":"<p>Hurda levha makas\u0131, hidrolik metal makas\u0131 ekipmanlar\u0131ndan biridir. G\u00f6r\u00fcn\u00fcm\u00fc kaplan ba\u015f\u0131na benzer, bu y\u00fczden kaplan ba\u015f\u0131 makas\u0131 olarak da adland\u0131r\u0131l\u0131r. Kaplan ba\u015f\u0131 makaslar, timsah \u00e7eli\u011fi makas\u0131 makineleriyle ayn\u0131 i\u015flevi g\u00f6r\u00fcr ve metal geri d\u00f6n\u00fc\u015f\u00fcm ve i\u015fleme tesisleri, hurda araba s\u00f6k\u00fcm alanlar\u0131, eritme ve d\u00f6k\u00fcm end\u00fcstrileri ile \u00e7e\u015fitli \u015fekillerde \u00e7elik ve metal malzemelerin so\u011fuk kesim ve makaslama i\u015flemlerinde uygundur.<\/p>","protected":false},"author":1,"featured_media":2907,"parent":0,"template":"","tags":[37],"product-type":[43],"class_list":["post-2905","product","type-product","status-publish","has-post-thumbnail","hentry","tag-scrap-metal-shear-machine","product-type-metal-shear"],"_links":{"self":[{"href":"https:\/\/shuliybaler.com\/tr\/wp-json\/wp\/v2\/product\/2905","targetHints":{"allow":["GET"]}}],"collection":[{"href":"https:\/\/shuliybaler.com\/tr\/wp-json\/wp\/v2\/product"}],"about":[{"href":"https:\/\/shuliybaler.com\/tr\/wp-json\/wp\/v2\/types\/product"}],"author":[{"embeddable":true,"href":"https:\/\/shuliybaler.com\/tr\/wp-json\/wp\/v2\/users\/1"}],"wp:featuredmedia":[{"embeddable":true,"href":"https:\/\/shuliybaler.com\/tr\/wp-json\/wp\/v2\/media\/2907"}],"wp:attachment":[{"href":"https:\/\/shuliybaler.com\/tr\/wp-json\/wp\/v2\/media?parent=2905"}],"wp:term":[{"taxonomy":"post_tag","embeddable":true,"href":"https:\/\/shuliybaler.com\/tr\/wp-json\/wp\/v2\/tags?post=2905"},{"taxonomy":"product-type","embeddable":true,"href":"https:\/\/shuliybaler.com\/tr\/wp-json\/wp\/v2\/product-type?post=2905"}],"curies":[{"name":"wp","href":"https:\/\/api.w.org\/{rel}","templated":true}]}}