{"id":2916,"date":"2022-11-16T18:06:03","date_gmt":"2022-11-16T10:06:03","guid":{"rendered":"https:\/\/shuliybaler.com\/?post_type=product&#038;p=2916"},"modified":"2022-12-13T11:34:27","modified_gmt":"2022-12-13T03:34:27","slug":"steel-drum-shredder","status":"publish","type":"product","link":"https:\/\/shuliybaler.com\/tr\/product\/steel-drum-shredder\/","title":{"rendered":"\u00c7elik davul par\u00e7alama makinesi | \u00e7elik varil k\u0131r\u0131c\u0131"},"content":{"rendered":"<p class=\"translation-block\">\u00c7elik varil par\u00e7alay\u0131c\u0131, \u00e7ift \u015faftl\u0131 bir k\u0131r\u0131c\u0131d\u0131r. Bu <a href=\"https:\/\/shuliybaler.com\/tr\/product\/scrap-metal-shredder-machine\/\" data-type=\"URL\" data-id=\"https:\/\/shuliybaler.com\/product\/scrap-metal-shredder-machine\/\">\u00e7elik variller k\u0131r\u0131c\u0131<\/a> lastik, metal, hurda \u00e7elik, hurda araba vb. k\u0131rabilir. Bu <a href=\"https:\/\/www.greif.com\/steel-drums\/\" data-type=\"URL\" data-id=\"https:\/\/www.greif.com\/steel-drums\/\" target=\"_blank\" rel=\"noopener\">\u00e7elik variller k\u0131r\u0131c\u0131<\/a> keser, par\u00e7alara ay\u0131r\u0131r, s\u0131k\u0131\u015ft\u0131r\u0131r, vb. Boyut k\u00fc\u00e7\u00fclt\u00fcr. Demir varil k\u0131r\u0131c\u0131, \u00e7evre koruma geri d\u00f6n\u00fc\u015f\u00fcm ekipman\u0131nda \u00e7ok \u00f6nemli bir makinedir. B\u0131\u00e7a\u011f\u0131n y\u00fcksek sertli\u011fi, geni\u015f kullan\u0131m alan\u0131 ve d\u00fc\u015f\u00fck g\u00fcr\u00fclt\u00fcye sahiptir. D\u00fc\u015f\u00fck enerji t\u00fcketir.<\/p>    <figure class=\"wp-block-image size-full\"><img loading=\"lazy\" decoding=\"async\" width=\"720\" height=\"540\" src=\"https:\/\/shuliybaler.com\/wp-content\/uploads\/2022\/11\/steel-drum-shredder-1.jpg\" alt=\"\u00e7elik varil par\u00e7alay\u0131c\u0131\" class=\"wp-image-2922\" title=\"\" srcset=\"https:\/\/shuliybaler.com\/wp-content\/uploads\/2022\/11\/steel-drum-shredder-1.jpg 720w, https:\/\/shuliybaler.com\/wp-content\/uploads\/2022\/11\/steel-drum-shredder-1-360x270.jpg 360w, https:\/\/shuliybaler.com\/wp-content\/uploads\/2022\/11\/steel-drum-shredder-1-180x135.jpg 180w\" sizes=\"auto, (max-width: 720px) 100vw, 720px\" \/><figcaption class=\"wp-element-caption\">\u00c7elik Davul Par\u00e7alama Makinesi<\/figcaption><\/figure>    <h2 class=\"wp-block-heading\">\u00c7elik davul k\u0131r\u0131c\u0131'n\u0131n kullan\u0131m alan\u0131<\/h2>    <figure class=\"wp-block-image size-full\"><img loading=\"lazy\" decoding=\"async\" width=\"720\" height=\"540\" src=\"https:\/\/shuliybaler.com\/wp-content\/uploads\/2022\/11\/application-of-steel-drum-shredder.jpg\" alt=\"\u00c7elik varil k\u0131r\u0131c\u0131 uygulamas\u0131\" class=\"wp-image-2923\" title=\"\" srcset=\"https:\/\/shuliybaler.com\/wp-content\/uploads\/2022\/11\/application-of-steel-drum-shredder.jpg 720w, https:\/\/shuliybaler.com\/wp-content\/uploads\/2022\/11\/application-of-steel-drum-shredder-360x270.jpg 360w, https:\/\/shuliybaler.com\/wp-content\/uploads\/2022\/11\/application-of-steel-drum-shredder-180x135.jpg 180w\" sizes=\"auto, (max-width: 720px) 100vw, 720px\" \/><figcaption class=\"wp-element-caption\">\u00c7elik davul k\u0131r\u0131c\u0131 uygulamas\u0131<\/figcaption><\/figure>    <p class=\"translation-block\"><strong>Metaller<\/strong>: kutular, metal kutular, demir bisikletler, araba g\u00f6vdeleri<\/p>    <p class=\"translation-block\"><strong>Ah\u015fap<\/strong>: at\u0131k mobilya, dallar, g\u00f6vdeler, ah\u015fap k\u0131r\u0131nt\u0131lar\u0131, ah\u015fap paletler, kat\u0131 ah\u015fap,<\/p>    <p>Lastik: kullan\u0131lm\u0131\u015f lastikler, bantlar, hortum end\u00fcstrisi, kau\u00e7uk \u00fcr\u00fcnleri,<\/p>    <p>Plastik, plastik filmler, plastik torbalar, dokuma torbalar, plastik \u015fi\u015feler,<\/p>    <p>T\u00fcp tipi: plastik t\u00fcp, PE t\u00fcp, metal al\u00fcminyum t\u00fcp,<\/p>    <figure class=\"wp-block-image size-full\"><img loading=\"lazy\" decoding=\"async\" width=\"720\" height=\"540\" src=\"https:\/\/shuliybaler.com\/wp-content\/uploads\/2022\/11\/steel-barrels-crusher.jpg\" alt=\"\u00e7elik varil k\u0131r\u0131c\u0131\" class=\"wp-image-2925\" title=\"\" srcset=\"https:\/\/shuliybaler.com\/wp-content\/uploads\/2022\/11\/steel-barrels-crusher.jpg 720w, https:\/\/shuliybaler.com\/wp-content\/uploads\/2022\/11\/steel-barrels-crusher-360x270.jpg 360w, https:\/\/shuliybaler.com\/wp-content\/uploads\/2022\/11\/steel-barrels-crusher-180x135.jpg 180w\" sizes=\"auto, (max-width: 720px) 100vw, 720px\" \/><figcaption class=\"wp-element-caption\">\u00c7elik Varil K\u0131r\u0131c\u0131<\/figcaption><\/figure>    <p>Ambalaj: dokuma torbalar, plastik torbalar, at\u0131k kabul\u00fc,<\/p>    <p>Elektronik: buzdolab\u0131 devre kartlar\u0131, diz\u00fcst\u00fc bilgisayar kasalar\u0131, TV kasalar\u0131<\/p>    <p>Ka\u011f\u0131t: eski kitaplar ve gazeteler, dergiler, kopya ka\u011f\u0131d\u0131,<\/p>    <p>Et: domuz kemikleri, et suyu,<\/p>    <p>Cam: hafif t\u00fcpler, cam bardaklar, cam \u015fi\u015feler<\/p>    <h2 class=\"wp-block-heading\">\u00c7elik davul k\u0131r\u0131c\u0131'n\u0131n rol\u00fc<\/h2>    <figure class=\"wp-block-image size-full\"><img loading=\"lazy\" decoding=\"async\" width=\"720\" height=\"540\" src=\"https:\/\/shuliybaler.com\/wp-content\/uploads\/2022\/11\/steel-drum-shredder-2.jpg\" alt=\"\u00e7elik varil par\u00e7alay\u0131c\u0131\" class=\"wp-image-2924\" title=\"\" srcset=\"https:\/\/shuliybaler.com\/wp-content\/uploads\/2022\/11\/steel-drum-shredder-2.jpg 720w, https:\/\/shuliybaler.com\/wp-content\/uploads\/2022\/11\/steel-drum-shredder-2-360x270.jpg 360w, https:\/\/shuliybaler.com\/wp-content\/uploads\/2022\/11\/steel-drum-shredder-2-180x135.jpg 180w\" sizes=\"auto, (max-width: 720px) 100vw, 720px\" \/><figcaption class=\"wp-element-caption\">\u00c7elik Davul Par\u00e7alama Makinesi<\/figcaption><\/figure>    <p>Demir varil k\u0131r\u0131c\u0131'n\u0131n ana fonksiyonu, malzemeyi k\u0131rmakt\u0131r, genellikle i\u015flenmemi\u015f ham maddeleri veya hurda malzemeleri i\u015flemek i\u00e7in kullan\u0131l\u0131r. Boyut k\u00fc\u00e7\u00fcl\u00fcr. \u00d6rne\u011fin, plastik \u015fi\u015feler k\u0131r\u0131l\u0131r, lastikler par\u00e7alan\u0131r ve sonra gran\u00fcllere eritilir, ham madde olarak kullan\u0131l\u0131r ve geri d\u00f6n\u00fc\u015ft\u00fcr\u00fcl\u00fcr. Bu demir varil k\u0131r\u0131c\u0131, at\u0131k demir varilleri par\u00e7alamak ve ekonomik de\u011fer yaratmak i\u00e7in de s\u0131kl\u0131kla kullan\u0131l\u0131r.<\/p>    <figure class=\"wp-block-image size-full\"><img loading=\"lazy\" decoding=\"async\" width=\"720\" height=\"540\" src=\"https:\/\/shuliybaler.com\/wp-content\/uploads\/2022\/11\/steel-drum-shredder-2-1.jpg\" alt=\"\u00e7elik varil par\u00e7alay\u0131c\u0131\" class=\"wp-image-2929\" title=\"\" srcset=\"https:\/\/shuliybaler.com\/wp-content\/uploads\/2022\/11\/steel-drum-shredder-2-1.jpg 720w, https:\/\/shuliybaler.com\/wp-content\/uploads\/2022\/11\/steel-drum-shredder-2-1-360x270.jpg 360w, https:\/\/shuliybaler.com\/wp-content\/uploads\/2022\/11\/steel-drum-shredder-2-1-180x135.jpg 180w\" sizes=\"auto, (max-width: 720px) 100vw, 720px\" \/><figcaption class=\"wp-element-caption\">\u00c7elik Davul Par\u00e7alama Makinesi<\/figcaption><\/figure>    <h2 class=\"wp-block-heading\">\u00c7elik varil k\u0131r\u0131c\u0131'n\u0131n bile\u015fenleri<\/h2>    <figure class=\"wp-block-gallery has-nested-images columns-default is-cropped wp-block-gallery-2 is-layout-flex wp-block-gallery-is-layout-flex\"> <figure class=\"wp-block-image size-large\"><img loading=\"lazy\" decoding=\"async\" width=\"720\" height=\"540\" data-id=\"2918\" src=\"https:\/\/shuliybaler.com\/wp-content\/uploads\/2022\/11\/steel-barrels-crusher-knife.jpg\" alt=\"\u00e7elik varil k\u0131r\u0131c\u0131 b\u0131\u00e7a\u011f\u0131\" class=\"wp-image-2918\" title=\"\" srcset=\"https:\/\/shuliybaler.com\/wp-content\/uploads\/2022\/11\/steel-barrels-crusher-knife.jpg 720w, https:\/\/shuliybaler.com\/wp-content\/uploads\/2022\/11\/steel-barrels-crusher-knife-360x270.jpg 360w, https:\/\/shuliybaler.com\/wp-content\/uploads\/2022\/11\/steel-barrels-crusher-knife-180x135.jpg 180w\" sizes=\"auto, (max-width: 720px) 100vw, 720px\" \/><figcaption class=\"wp-element-caption\">\u00c7elik Varil K\u0131r\u0131c\u0131 B\u0131\u00e7a\u011f\u0131<\/figcaption><\/figure>    <figure class=\"wp-block-image size-large\"><img loading=\"lazy\" decoding=\"async\" width=\"720\" height=\"540\" data-id=\"2919\" src=\"https:\/\/shuliybaler.com\/wp-content\/uploads\/2022\/11\/machine-bearing.jpg\" alt=\"\u00e7elik varil k\u0131r\u0131c\u0131 detaylar\u0131\" class=\"wp-image-2919\" title=\"\" srcset=\"https:\/\/shuliybaler.com\/wp-content\/uploads\/2022\/11\/machine-bearing.jpg 720w, https:\/\/shuliybaler.com\/wp-content\/uploads\/2022\/11\/machine-bearing-360x270.jpg 360w, https:\/\/shuliybaler.com\/wp-content\/uploads\/2022\/11\/machine-bearing-180x135.jpg 180w\" sizes=\"auto, (max-width: 720px) 100vw, 720px\" \/><figcaption class=\"wp-element-caption\">\u00c7elik varil k\u0131r\u0131c\u0131 yatak<\/figcaption><\/figure>    <figure class=\"wp-block-image size-large\"><img loading=\"lazy\" decoding=\"async\" width=\"720\" height=\"540\" data-id=\"2920\" src=\"https:\/\/shuliybaler.com\/wp-content\/uploads\/2022\/11\/steel-barrels-crusher-details.jpg\" alt=\"\u00e7elik varil k\u0131r\u0131c\u0131 detaylar\u0131\" class=\"wp-image-2920\" title=\"\" srcset=\"https:\/\/shuliybaler.com\/wp-content\/uploads\/2022\/11\/steel-barrels-crusher-details.jpg 720w, https:\/\/shuliybaler.com\/wp-content\/uploads\/2022\/11\/steel-barrels-crusher-details-360x270.jpg 360w, https:\/\/shuliybaler.com\/wp-content\/uploads\/2022\/11\/steel-barrels-crusher-details-180x135.jpg 180w\" sizes=\"auto, (max-width: 720px) 100vw, 720px\" \/><figcaption class=\"wp-element-caption\">\u00c7elik varil k\u0131r\u0131c\u0131 detaylar\u0131<\/figcaption><\/figure> <\/figure>    <p>\u00c7ift \u015faftl\u0131 k\u0131r\u0131c\u0131, kat\u0131 at\u0131k k\u0131rma makinesi t\u00fcr\u00fcd\u00fcr. Ana bile\u015fenleri aras\u0131nda b\u0131\u00e7ak mil, sabit b\u0131\u00e7ak, y\u00fck ta\u015f\u0131ma kutusu, kutu, braketi, besleme sistemi, hidrolik itme sistemi, g\u00fc\u00e7 sistemi ve motor kontrol sistemi bulunur. Malzeme makinenin \u00fcst\u00fcnden al\u0131n\u0131r, b\u0131\u00e7aklar arac\u0131l\u0131\u011f\u0131yla ge\u00e7er ve k\u0131r\u0131lm\u0131\u015f demir davul par\u00e7alar\u0131 makinenin alt\u0131ndan \u00e7\u0131kar. Makine alt\u0131nda otomatik i\u015flemeyi sa\u011flamak i\u00e7in konvey\u00f6r band\u0131 yerle\u015ftirilebilir.<\/p>    <figure class=\"wp-block-embed is-type-video is-provider-youtube wp-block-embed-youtube wp-embed-aspect-16-9 wp-has-aspect-ratio\"><div class=\"wp-block-embed__wrapper\"> <iframe loading=\"lazy\" title=\"Hangi metal k\u0131rma makinesi her \u015feyi k\u0131rabilir? | hurda metal par\u00e7alama makinesi | hurda k\u0131r\u0131c\u0131\" width=\"500\" height=\"281\" src=\"https:\/\/www.youtube.com\/embed\/Vk_1d0oict8?feature=oembed\" frameborder=\"0\" allow=\"accelerometer; autoplay; clipboard-write; encrypted-media; gyroscope; picture-in-picture; web-share\" referrerpolicy=\"strict-origin-when-cross-origin\" allowfullscreen><\/iframe> <\/div><figcaption class=\"wp-element-caption\">\u00c7elik davul par\u00e7alama videosu<\/figcaption><\/figure>    <h2 class=\"wp-block-heading\">\u00c7elik davul k\u0131r\u0131c\u0131'n\u0131n avantajlar\u0131<\/h2>    <figure class=\"wp-block-image size-full\"><img loading=\"lazy\" decoding=\"async\" width=\"720\" height=\"540\" src=\"https:\/\/shuliybaler.com\/wp-content\/uploads\/2022\/11\/steel-drum-shredder.jpg\" alt=\"\u00e7elik varil par\u00e7alay\u0131c\u0131\" class=\"wp-image-2921\" title=\"\" srcset=\"https:\/\/shuliybaler.com\/wp-content\/uploads\/2022\/11\/steel-drum-shredder.jpg 720w, https:\/\/shuliybaler.com\/wp-content\/uploads\/2022\/11\/steel-drum-shredder-360x270.jpg 360w, https:\/\/shuliybaler.com\/wp-content\/uploads\/2022\/11\/steel-drum-shredder-180x135.jpg 180w\" sizes=\"auto, (max-width: 720px) 100vw, 720px\" \/><figcaption class=\"wp-element-caption\">\u00c7elik Davul Par\u00e7alama Makinesi<\/figcaption><\/figure>    <p>1. T\u00fcm k\u0131lavuzlu, y\u00fcksek mekanik dayan\u0131kl\u0131l\u0131k ve i\u015fleme do\u011frulu\u011fu sa\u011flar, ekipman\u0131n kullan\u0131m \u00f6mr\u00fcn\u00fc uzat\u0131r ve bak\u0131m maliyetlerini azalt\u0131r<\/p>    <p>2. Ba\u011f\u0131ms\u0131z \u00e7\u0131kar\u0131labilir sabit b\u0131\u00e7ak teknolojisi, her sabit b\u0131\u00e7ak ba\u011f\u0131ms\u0131z olarak s\u00f6k\u00fclebilir ve tak\u0131labilir. K\u0131sa s\u00fcrede ve h\u0131zl\u0131ca s\u00f6k\u00fclebilir, bu da manuel i\u015f y\u00fck\u00fcn\u00fc azalt\u0131r ve normal s\u00fcreklili\u011fi art\u0131r\u0131r.<\/p>    <p>3. Ara\u00e7 \u00f6zelle\u015ftirmesi. Kesici, \u00e7elik davul par\u00e7alama makinesinin k\u0131r\u0131lan malzemenin inceli\u011fini kontrol etmek i\u00e7in de\u011fi\u015ftirilebilir. Kontrol edilebilir makine \u00fcretimini sa\u011flar.<\/p>    <figure class=\"wp-block-gallery has-nested-images columns-default is-cropped wp-block-gallery-3 is-layout-flex wp-block-gallery-is-layout-flex\"> <figure class=\"wp-block-image size-large\"><img loading=\"lazy\" decoding=\"async\" width=\"720\" height=\"540\" data-id=\"2926\" src=\"https:\/\/shuliybaler.com\/wp-content\/uploads\/2022\/11\/steel-barrels-crusher-1.jpg\" alt=\"\u00e7elik varil k\u0131r\u0131c\u0131\" class=\"wp-image-2926\" title=\"\" srcset=\"https:\/\/shuliybaler.com\/wp-content\/uploads\/2022\/11\/steel-barrels-crusher-1.jpg 720w, https:\/\/shuliybaler.com\/wp-content\/uploads\/2022\/11\/steel-barrels-crusher-1-360x270.jpg 360w, https:\/\/shuliybaler.com\/wp-content\/uploads\/2022\/11\/steel-barrels-crusher-1-180x135.jpg 180w\" sizes=\"auto, (max-width: 720px) 100vw, 720px\" \/><figcaption class=\"wp-element-caption\">\u00c7elik Varil K\u0131r\u0131c\u0131<\/figcaption><\/figure>    <figure class=\"wp-block-image size-large\"><img loading=\"lazy\" decoding=\"async\" width=\"720\" height=\"540\" data-id=\"2927\" src=\"https:\/\/shuliybaler.com\/wp-content\/uploads\/2022\/11\/steel-barrels-crusher-2.jpg\" alt=\"\u00e7elik varil k\u0131r\u0131c\u0131\" class=\"wp-image-2927\" title=\"\" srcset=\"https:\/\/shuliybaler.com\/wp-content\/uploads\/2022\/11\/steel-barrels-crusher-2.jpg 720w, https:\/\/shuliybaler.com\/wp-content\/uploads\/2022\/11\/steel-barrels-crusher-2-360x270.jpg 360w, https:\/\/shuliybaler.com\/wp-content\/uploads\/2022\/11\/steel-barrels-crusher-2-180x135.jpg 180w\" sizes=\"auto, (max-width: 720px) 100vw, 720px\" \/><figcaption class=\"wp-element-caption\">\u00c7elik Varil K\u0131r\u0131c\u0131<\/figcaption><\/figure>    <figure class=\"wp-block-image size-large\"><img loading=\"lazy\" decoding=\"async\" width=\"720\" height=\"540\" data-id=\"2928\" src=\"https:\/\/shuliybaler.com\/wp-content\/uploads\/2022\/11\/steel-barrels-crusher-3.jpg\" alt=\"\u00e7elik varil k\u0131r\u0131c\u0131\" class=\"wp-image-2928\" title=\"\" srcset=\"https:\/\/shuliybaler.com\/wp-content\/uploads\/2022\/11\/steel-barrels-crusher-3.jpg 720w, https:\/\/shuliybaler.com\/wp-content\/uploads\/2022\/11\/steel-barrels-crusher-3-360x270.jpg 360w, https:\/\/shuliybaler.com\/wp-content\/uploads\/2022\/11\/steel-barrels-crusher-3-180x135.jpg 180w\" sizes=\"auto, (max-width: 720px) 100vw, 720px\" \/><figcaption class=\"wp-element-caption\">\u00c7elik Varil K\u0131r\u0131c\u0131<\/figcaption><\/figure> <\/figure>","protected":false},"excerpt":{"rendered":"<p>\u00c7elik varil par\u00e7alay\u0131c\u0131, \u00e7ift \u015faftl\u0131 bir k\u0131r\u0131c\u0131d\u0131r. Bu \u00e7elik varil k\u0131r\u0131c\u0131, lastik, metal, hurda \u00e7elik, hurda araba vb. k\u0131rabilir. Bu \u00e7elik varil k\u0131r\u0131c\u0131, keser, par\u00e7alara ay\u0131r\u0131r, s\u0131k\u0131\u015ft\u0131r\u0131r, vb. Boyut k\u00fc\u00e7\u00fclt\u00fcr. <\/p>","protected":false},"author":1,"featured_media":2917,"parent":0,"template":"","tags":[],"product-type":[46],"class_list":["post-2916","product","type-product","status-publish","has-post-thumbnail","hentry","product-type-metal-shredder"],"_links":{"self":[{"href":"https:\/\/shuliybaler.com\/tr\/wp-json\/wp\/v2\/product\/2916","targetHints":{"allow":["GET"]}}],"collection":[{"href":"https:\/\/shuliybaler.com\/tr\/wp-json\/wp\/v2\/product"}],"about":[{"href":"https:\/\/shuliybaler.com\/tr\/wp-json\/wp\/v2\/types\/product"}],"author":[{"embeddable":true,"href":"https:\/\/shuliybaler.com\/tr\/wp-json\/wp\/v2\/users\/1"}],"wp:featuredmedia":[{"embeddable":true,"href":"https:\/\/shuliybaler.com\/tr\/wp-json\/wp\/v2\/media\/2917"}],"wp:attachment":[{"href":"https:\/\/shuliybaler.com\/tr\/wp-json\/wp\/v2\/media?parent=2916"}],"wp:term":[{"taxonomy":"post_tag","embeddable":true,"href":"https:\/\/shuliybaler.com\/tr\/wp-json\/wp\/v2\/tags?post=2916"},{"taxonomy":"product-type","embeddable":true,"href":"https:\/\/shuliybaler.com\/tr\/wp-json\/wp\/v2\/product-type?post=2916"}],"curies":[{"name":"wp","href":"https:\/\/api.w.org\/{rel}","templated":true}]}}