{"id":2952,"date":"2022-12-01T14:12:42","date_gmt":"2022-12-01T06:12:42","guid":{"rendered":"https:\/\/shuliybaler.com\/?post_type=product&#038;p=2952"},"modified":"2022-12-13T11:30:36","modified_gmt":"2022-12-13T03:30:36","slug":"wood-pallet-shredder-machine","status":"publish","type":"product","link":"https:\/\/shuliybaler.com\/tr\/product\/wood-pallet-shredder-machine\/","title":{"rendered":"Ah\u015fap palet par\u00e7alama makinesi | ah\u015fap palet ezme makinesi"},"content":{"rendered":"<p class=\"translation-block\">Bu ah\u015fap palet k\u0131rma makinesi \u00e7ok fonksiyonlu bir k\u0131r\u0131c\u0131d\u0131r, ah\u015fap paletler, demir variller, hurda arabalar, kartonlar ve <a href=\"https:\/\/en.wikipedia.org\/wiki\/Tire_recycling\" data-type=\"URL\" data-id=\"https:\/\/en.wikipedia.org\/wiki\/Tire_recycling\" target=\"_blank\" rel=\"noopener\">lastikler<\/a>, esas olarak geri d\u00f6n\u00fc\u015f\u00fcm end\u00fcstrisinde kullan\u0131l\u0131r, ah\u015fap palet k\u0131rma makinesi kullan\u0131m\u0131 kolay ve etkilidir, bu <a href=\"https:\/\/shuliybaler.com\/tr\/product\/scrap-metal-shredder-machine\/\" data-type=\"URL\" data-id=\"https:\/\/shuliybaler.com\/product\/scrap-metal-shredder-machine\/\">ah\u015fap palet k\u0131r\u0131c\u0131<\/a> ayn\u0131 zamanda \u00e7ift \u015faftl\u0131 k\u0131r\u0131c\u0131 olarak adland\u0131r\u0131l\u0131r \u00e7\u00fcnk\u00fc makinenin iki \u015faft\u0131 ve b\u0131\u00e7aklar\u0131 vard\u0131r, \u00e7al\u0131\u015fma s\u0131ras\u0131nda ayn\u0131 y\u00f6nde hareket ederler ve malzemeleri k\u0131rma etkisi sa\u011flarlar. Bu makine Birle\u015fik Arap Emirlikleri, Avustralya, \u0130spanya, Pakistan, Makedonya, Cezayir ve di\u011fer \u00fclkelerde \u00e7ok iyi sat\u0131lmaktad\u0131r.<\/p>   <div class=\"wp-block-image\"> <figure class=\"aligncenter size-full\"><img loading=\"lazy\" decoding=\"async\" width=\"720\" height=\"540\" src=\"https:\/\/shuliybaler.com\/wp-content\/uploads\/2022\/12\/wooden-pallet-shredding-machine.webp\" alt=\"ah\u015fap palet k\u0131rma makinesi\" class=\"wp-image-2960\" title=\"\" srcset=\"https:\/\/shuliybaler.com\/wp-content\/uploads\/2022\/12\/wooden-pallet-shredding-machine.webp 720w, https:\/\/shuliybaler.com\/wp-content\/uploads\/2022\/12\/wooden-pallet-shredding-machine-360x270.webp 360w, https:\/\/shuliybaler.com\/wp-content\/uploads\/2022\/12\/wooden-pallet-shredding-machine-180x135.webp 180w\" sizes=\"auto, (max-width: 720px) 100vw, 720px\" \/><figcaption class=\"wp-element-caption\">ah\u015fap palet k\u0131rma makinesi<\/figcaption><\/figure> <\/div>   <h2 class=\"wp-block-heading\">Ah\u015fap palet k\u0131rma makinesinin rol\u00fc <\/h2>    <figure class=\"wp-block-gallery has-nested-images columns-default is-cropped wp-block-gallery-2 is-layout-flex wp-block-gallery-is-layout-flex\"> <figure class=\"wp-block-image size-large\"><img loading=\"lazy\" decoding=\"async\" width=\"720\" height=\"540\" data-id=\"2954\" src=\"https:\/\/shuliybaler.com\/wp-content\/uploads\/2022\/12\/wood-pallet.webp\" alt=\"ah\u015fap palet\" class=\"wp-image-2954\" title=\"\" srcset=\"https:\/\/shuliybaler.com\/wp-content\/uploads\/2022\/12\/wood-pallet.webp 720w, https:\/\/shuliybaler.com\/wp-content\/uploads\/2022\/12\/wood-pallet-360x270.webp 360w, https:\/\/shuliybaler.com\/wp-content\/uploads\/2022\/12\/wood-pallet-180x135.webp 180w\" sizes=\"auto, (max-width: 720px) 100vw, 720px\" \/><figcaption class=\"wp-element-caption\">Ah\u015fap Palet<\/figcaption><\/figure>    <figure class=\"wp-block-image size-large\"><img loading=\"lazy\" decoding=\"async\" width=\"720\" height=\"540\" data-id=\"2955\" src=\"https:\/\/shuliybaler.com\/wp-content\/uploads\/2022\/12\/wood-pallet-crushing.webp\" alt=\"ah\u015fap palet k\u0131rma\" class=\"wp-image-2955\" title=\"\" srcset=\"https:\/\/shuliybaler.com\/wp-content\/uploads\/2022\/12\/wood-pallet-crushing.webp 720w, https:\/\/shuliybaler.com\/wp-content\/uploads\/2022\/12\/wood-pallet-crushing-360x270.webp 360w, https:\/\/shuliybaler.com\/wp-content\/uploads\/2022\/12\/wood-pallet-crushing-180x135.webp 180w\" sizes=\"auto, (max-width: 720px) 100vw, 720px\" \/><figcaption class=\"wp-element-caption\">Ah\u015fap Palet K\u0131rma<\/figcaption><\/figure> <\/figure>    <p>Ah\u015fap palet k\u0131rma makinesinin kullan\u0131m\u0131 esasen ah\u015fap palet at\u0131klar\u0131n\u0131 k\u0131rmak i\u00e7indir. K\u0131r\u0131lan ah\u015fap paletler k\u00f6m\u00fcr yapmak ve yeniden kullanmak i\u00e7in kullan\u0131labilir. Makine \u00e7al\u0131\u015f\u0131rken, \u00fczerindeki \u00e7iviler ta\u015f\u0131nabilir ve \u00e7ivileri \u00e7\u0131karma ad\u0131mlar\u0131 \u00e7\u0131kar\u0131l\u0131r. Kullan\u0131m s\u0131ras\u0131nda, ah\u015fap paleti do\u011frudan makinenin \u00fcst\u00fcnden yerle\u015ftirin ve k\u0131rma makinesi do\u011frudan makinenin alt\u0131ndan \u00e7\u0131kabilir. Tam otomatik \u00fcretim i\u00e7in makinenin alt\u0131na bir konvey\u00f6r band\u0131 yerle\u015ftirilebilir.<\/p>    <figure class=\"wp-block-embed is-type-video is-provider-youtube wp-block-embed-youtube wp-embed-aspect-16-9 wp-has-aspect-ratio\"><div class=\"wp-block-embed__wrapper\"> <iframe loading=\"lazy\" title=\"At\u0131k ah\u015fap palet k\u0131rma makinesi | ah\u015fap k\u0131rma makinesi k\u0131rma | \u00e7ift \u015faftl\u0131 k\u0131r\u0131c\u0131\" width=\"500\" height=\"281\" src=\"https:\/\/www.youtube.com\/embed\/QUaXAB-KYM4?start=139&#038;feature=oembed\" frameborder=\"0\" allow=\"accelerometer; autoplay; clipboard-write; encrypted-media; gyroscope; picture-in-picture; web-share\" referrerpolicy=\"strict-origin-when-cross-origin\" allowfullscreen><\/iframe> <\/div><figcaption class=\"wp-element-caption\">ah\u015fap k\u0131rma makinesi <\/figcaption><\/figure>    <h2 class=\"wp-block-heading\">Ah\u015fap palet k\u0131rma b\u0131\u00e7aklar\u0131n\u0131n \u00f6zelle\u015ftirilmesi<\/h2>   <div class=\"wp-block-image\"> <figure class=\"aligncenter size-full\"><img loading=\"lazy\" decoding=\"async\" width=\"720\" height=\"540\" src=\"https:\/\/shuliybaler.com\/wp-content\/uploads\/2022\/12\/Wooden-pallet-shredder-knives.jpg\" alt=\"Ah\u015fap palet k\u0131rma b\u0131\u00e7aklar\u0131 \" class=\"wp-image-2956\" title=\"\" srcset=\"https:\/\/shuliybaler.com\/wp-content\/uploads\/2022\/12\/Wooden-pallet-shredder-knives.jpg 720w, https:\/\/shuliybaler.com\/wp-content\/uploads\/2022\/12\/Wooden-pallet-shredder-knives-360x270.jpg 360w, https:\/\/shuliybaler.com\/wp-content\/uploads\/2022\/12\/Wooden-pallet-shredder-knives-180x135.jpg 180w\" sizes=\"auto, (max-width: 720px) 100vw, 720px\" \/><figcaption class=\"wp-element-caption\">Ah\u015fap palet k\u0131rma b\u0131\u00e7aklar\u0131 <\/figcaption><\/figure> <\/div>   <p>Kesici sadece ah\u015fap paleti k\u0131rmakla kalmaz, ayn\u0131 zamanda k\u0131r\u0131lan ah\u015fap paletin boyutunu kontrol eder. K\u0131r\u0131lan ah\u015fap daha k\u00fc\u00e7\u00fck yapmak istiyorsan\u0131z, daha fazla b\u0131\u00e7ak ekebilirsiniz, aksi takdirde ah\u015fap palet daha b\u00fcy\u00fck olur.<\/p>    <h2 class=\"wp-block-heading\">Ah\u015fap palet k\u0131rma makinesinin yap\u0131s\u0131<\/h2>   <div class=\"wp-block-image\"> <figure class=\"aligncenter size-full\"><img loading=\"lazy\" decoding=\"async\" width=\"720\" height=\"540\" src=\"https:\/\/shuliybaler.com\/wp-content\/uploads\/2022\/12\/wood-pallet-shredder.webp\" alt=\"ah\u015fap palet k\u0131r\u0131c\u0131\" class=\"wp-image-2957\" title=\"\" srcset=\"https:\/\/shuliybaler.com\/wp-content\/uploads\/2022\/12\/wood-pallet-shredder.webp 720w, https:\/\/shuliybaler.com\/wp-content\/uploads\/2022\/12\/wood-pallet-shredder-360x270.webp 360w, https:\/\/shuliybaler.com\/wp-content\/uploads\/2022\/12\/wood-pallet-shredder-180x135.webp 180w\" sizes=\"auto, (max-width: 720px) 100vw, 720px\" \/><figcaption class=\"wp-element-caption\">ah\u015fap palet k\u0131r\u0131c\u0131<\/figcaption><\/figure> <\/div>   <p class=\"translation-block\">\u00c7ift \u015faftl\u0131 k\u0131r\u0131c\u0131  ana yap\u0131s\u0131, di\u015fli kutular\u0131, transmisyon bile\u015fenleri ve elektrik kutular\u0131n\u0131 i\u00e7erir. Ah\u015fap palet k\u0131rma makinesi kullan\u0131l\u0131rken, malzeme makinenin \u00fcst\u00fcnden al\u0131n\u0131r ve k\u0131r\u0131ld\u0131ktan sonra ah\u015fap makineden \u00e7\u0131kar. Bir konvey\u00f6r band\u0131 makinenin alt\u0131na ba\u011flanabilir, b\u00f6ylece tala\u015f otomatik olarak ta\u015f\u0131nabilir ve ah\u015fap k\u0131rma i\u015flemi daha verimli olur.<\/p>    <h2 class=\"wp-block-heading\">Ah\u015fap palet k\u0131r\u0131c\u0131 parametreleri<\/h2>   <div class=\"wp-block-image\"> <figure class=\"aligncenter size-full\"><img loading=\"lazy\" decoding=\"async\" width=\"720\" height=\"540\" src=\"https:\/\/shuliybaler.com\/wp-content\/uploads\/2022\/12\/wood-pallet-shredder-mahcine.webp\" alt=\"ah\u015fap palet k\u0131r\u0131c\u0131\" class=\"wp-image-2958\" title=\"\" srcset=\"https:\/\/shuliybaler.com\/wp-content\/uploads\/2022\/12\/wood-pallet-shredder-mahcine.webp 720w, https:\/\/shuliybaler.com\/wp-content\/uploads\/2022\/12\/wood-pallet-shredder-mahcine-360x270.webp 360w, https:\/\/shuliybaler.com\/wp-content\/uploads\/2022\/12\/wood-pallet-shredder-mahcine-180x135.webp 180w\" sizes=\"auto, (max-width: 720px) 100vw, 720px\" \/><figcaption class=\"wp-element-caption\">ah\u015fap palet k\u0131r\u0131c\u0131 makinesi <\/figcaption><\/figure> <\/div>   <figure class=\"wp-block-table\"><table><tbody><tr><td>Model<\/td><td>G\u00fc\u00e7 (kW)<\/td><td>\u00c7\u0131k\u0131\u015f (t\/saat)<\/td><td>B\u0131\u00e7ak say\u0131s\u0131 (adet)<\/td><\/tr><tr><td>400<\/td><td>7.5*2<\/td><td>0.5-1<\/td><td>20<\/td><\/tr><tr><td>600<\/td><td>11*2<\/td><td>1.5-2<\/td><td>30<\/td><\/tr><tr><td>800<\/td><td>18.5*2<\/td><td>2-3<\/td><td>40<\/td><\/tr><tr><td>1000<\/td><td>22*2<\/td><td>4-5<\/td><td>50<\/td><\/tr><tr><td>1200<\/td><td>37*2<\/td><td>5-7<\/td><td>30<\/td><\/tr><tr><td>1400<\/td><td>45*2<\/td><td>8-10<\/td><td>40<\/td><\/tr><tr><td>1600<\/td><td>75*2<\/td><td>12-15<\/td><td>20<\/td><\/tr><tr><td>1800<\/td><td>75*2<\/td><td>15-18<\/td><td>18<\/td><\/tr><tr><td>2000<\/td><td>90*2<\/td><td>20-25<\/td><td>20<\/td><\/tr><\/tbody><\/table><figcaption class=\"wp-element-caption\">Ah\u015fap palet k\u0131r\u0131c\u0131 parametreleri<\/figcaption><\/figure>    <figure class=\"wp-block-gallery has-nested-images columns-default is-cropped wp-block-gallery-3 is-layout-flex wp-block-gallery-is-layout-flex\"> <figure class=\"wp-block-image size-large\"><img loading=\"lazy\" decoding=\"async\" width=\"720\" height=\"540\" data-id=\"2961\" src=\"https:\/\/shuliybaler.com\/wp-content\/uploads\/2022\/12\/Wood-pallet-shredder-machine-1.webp\" alt=\"Ah\u015fap palet par\u00e7alama makinesi \" class=\"wp-image-2961\" title=\"\" srcset=\"https:\/\/shuliybaler.com\/wp-content\/uploads\/2022\/12\/Wood-pallet-shredder-machine-1.webp 720w, https:\/\/shuliybaler.com\/wp-content\/uploads\/2022\/12\/Wood-pallet-shredder-machine-1-360x270.webp 360w, https:\/\/shuliybaler.com\/wp-content\/uploads\/2022\/12\/Wood-pallet-shredder-machine-1-180x135.webp 180w\" sizes=\"auto, (max-width: 720px) 100vw, 720px\" \/><figcaption class=\"wp-element-caption\">Ah\u015fap Palet K\u0131rma Makinesi <\/figcaption><\/figure>    <figure class=\"wp-block-image size-large\"><img loading=\"lazy\" decoding=\"async\" width=\"720\" height=\"540\" data-id=\"2962\" src=\"https:\/\/shuliybaler.com\/wp-content\/uploads\/2022\/12\/Wood-pallet-shredder-machine-2.webp\" alt=\"Ah\u015fap palet par\u00e7alama makinesi \" class=\"wp-image-2962\" title=\"\" srcset=\"https:\/\/shuliybaler.com\/wp-content\/uploads\/2022\/12\/Wood-pallet-shredder-machine-2.webp 720w, https:\/\/shuliybaler.com\/wp-content\/uploads\/2022\/12\/Wood-pallet-shredder-machine-2-360x270.webp 360w, https:\/\/shuliybaler.com\/wp-content\/uploads\/2022\/12\/Wood-pallet-shredder-machine-2-180x135.webp 180w\" sizes=\"auto, (max-width: 720px) 100vw, 720px\" \/><figcaption class=\"wp-element-caption\">Ah\u015fap Palet K\u0131rma Makinesi <\/figcaption><\/figure> <\/figure>    <h2 class=\"wp-block-heading\">Ah\u015fap palet k\u0131rma makinesinin avantajlar\u0131 <\/h2>   <div class=\"wp-block-image\"> <figure class=\"aligncenter size-full\"><img loading=\"lazy\" decoding=\"async\" width=\"720\" height=\"540\" src=\"https:\/\/shuliybaler.com\/wp-content\/uploads\/2022\/12\/wooden-pallet-crushing-machine.webp\" alt=\"ah\u015fap palet k\u0131rma makinesi \" class=\"wp-image-2959\" title=\"\" srcset=\"https:\/\/shuliybaler.com\/wp-content\/uploads\/2022\/12\/wooden-pallet-crushing-machine.webp 720w, https:\/\/shuliybaler.com\/wp-content\/uploads\/2022\/12\/wooden-pallet-crushing-machine-360x270.webp 360w, https:\/\/shuliybaler.com\/wp-content\/uploads\/2022\/12\/wooden-pallet-crushing-machine-180x135.webp 180w\" sizes=\"auto, (max-width: 720px) 100vw, 720px\" \/><figcaption class=\"wp-element-caption\">ah\u015fap palet k\u0131rma makinesi <\/figcaption><\/figure> <\/div>   <p>G\u00f6vde bunu dikkate al\u0131r. Makinenin g\u00f6vdesi daha kal\u0131n malzemeden yap\u0131lm\u0131\u015ft\u0131r, dayan\u0131kl\u0131d\u0131r<\/p>    <p>ve verimli. Birim y\u00fcksek derecede otomasyon, y\u00fcksek verimlilik ve az i\u015f g\u00fcc\u00fc gerektirir<\/p>    <p class=\"translation-block\"><strong>Geni\u015f uygulama alan\u0131.<\/strong> Metal, plastik, ah\u015fap tepsi, at\u0131k ka\u011f\u0131t vb. geri d\u00f6n\u00fc\u015f\u00fcm\u00fcnde kullan\u0131labilir.<\/p>    <p class=\"translation-block\"><strong>benzersiz tasar\u0131m.<\/strong> Makinenin kesici mili, malzemenin dolanmas\u0131n\u0131 ve t\u0131kanmas\u0131n\u0131 \u00f6nleyecek \u015fekilde tasarlanm\u0131\u015ft\u0131r<\/p>    <p class=\"translation-block\"><strong>D\u00fc\u015f\u00fck g\u00fcr\u00fclt\u00fc<\/strong>. Makine \u00e7al\u0131\u015f\u0131rken d\u00fc\u015f\u00fck g\u00fcr\u00fclt\u00fc yapar.<\/p>","protected":false},"excerpt":{"rendered":"<p>Bu ah\u015fap palet k\u0131rma makinesi \u00e7ok fonksiyonlu bir k\u0131r\u0131c\u0131d\u0131r, ah\u015fap paletler, demir variller, hurda arabalar, kartonlar ve lastikler k\u0131rabilir, esas olarak geri d\u00f6n\u00fc\u015f\u00fcm end\u00fcstrisinde kullan\u0131l\u0131r, ah\u015fap palet k\u0131rma makinesi kullan\u0131m\u0131 kolay ve etkilidir.<\/p>","protected":false},"author":1,"featured_media":2953,"parent":0,"template":"","tags":[54],"product-type":[46],"class_list":["post-2952","product","type-product","status-publish","has-post-thumbnail","hentry","tag-wood-pallet-shredder-machine","product-type-metal-shredder"],"_links":{"self":[{"href":"https:\/\/shuliybaler.com\/tr\/wp-json\/wp\/v2\/product\/2952","targetHints":{"allow":["GET"]}}],"collection":[{"href":"https:\/\/shuliybaler.com\/tr\/wp-json\/wp\/v2\/product"}],"about":[{"href":"https:\/\/shuliybaler.com\/tr\/wp-json\/wp\/v2\/types\/product"}],"author":[{"embeddable":true,"href":"https:\/\/shuliybaler.com\/tr\/wp-json\/wp\/v2\/users\/1"}],"wp:featuredmedia":[{"embeddable":true,"href":"https:\/\/shuliybaler.com\/tr\/wp-json\/wp\/v2\/media\/2953"}],"wp:attachment":[{"href":"https:\/\/shuliybaler.com\/tr\/wp-json\/wp\/v2\/media?parent=2952"}],"wp:term":[{"taxonomy":"post_tag","embeddable":true,"href":"https:\/\/shuliybaler.com\/tr\/wp-json\/wp\/v2\/tags?post=2952"},{"taxonomy":"product-type","embeddable":true,"href":"https:\/\/shuliybaler.com\/tr\/wp-json\/wp\/v2\/product-type?post=2952"}],"curies":[{"name":"wp","href":"https:\/\/api.w.org\/{rel}","templated":true}]}}