{"id":2981,"date":"2022-12-12T11:11:28","date_gmt":"2022-12-12T03:11:28","guid":{"rendered":"https:\/\/shuliybaler.com\/?post_type=product&#038;p=2981"},"modified":"2022-12-12T11:34:04","modified_gmt":"2022-12-12T03:34:04","slug":"plastic-shredder-machine","status":"publish","type":"product","link":"https:\/\/shuliybaler.com\/tr\/product\/plastic-shredder-machine\/","title":{"rendered":"Plastik \u015fredding makinesi plastik \u015fi\u015feleri ezmek i\u00e7in"},"content":{"rendered":"<p>Plastik \u00f6\u011f\u00fct\u00fcc\u00fcs\u00fc, plastikleri k\u0131rabilen bir cihazd\u0131r. B\u00fcy\u00fck plastik par\u00e7alar\u0131n\u0131 k\u0131rd\u0131ktan sonra geri d\u00f6n\u00fc\u015ft\u00fcrmeyi kolayla\u015ft\u0131r\u0131r. Plastik \u015fi\u015feler, plastik borular, ev aletleri kabuklar\u0131, plastik kovalar vb. i\u00e7in \u00f6\u011f\u00fct\u00fclebilir. Makine, k\u0131r\u0131lan plastik par\u00e7ac\u0131klar\u0131n\u0131n boyutunu kontrol edebilir.<\/p>    <figure class=\"wp-block-gallery has-nested-images columns-default is-cropped wp-block-gallery-2 is-layout-flex wp-block-gallery-is-layout-flex\"> <figure class=\"wp-block-image size-large\"><img loading=\"lazy\" decoding=\"async\" width=\"720\" height=\"540\" data-id=\"2983\" src=\"https:\/\/shuliybaler.com\/wp-content\/uploads\/2022\/12\/plastic-shredding-machine-machine.webp\" alt=\"plastik k\u0131rma makinesi\" class=\"wp-image-2983\" title=\"\" srcset=\"https:\/\/shuliybaler.com\/wp-content\/uploads\/2022\/12\/plastic-shredding-machine-machine.webp 720w, https:\/\/shuliybaler.com\/wp-content\/uploads\/2022\/12\/plastic-shredding-machine-machine-360x270.webp 360w, https:\/\/shuliybaler.com\/wp-content\/uploads\/2022\/12\/plastic-shredding-machine-machine-180x135.webp 180w\" sizes=\"auto, (max-width: 720px) 100vw, 720px\" \/><figcaption class=\"wp-element-caption\">Plastik \u00d6\u011f\u00fct\u00fcc\u00fcs\u00fc Makinesi Makine<\/figcaption><\/figure>    <figure class=\"wp-block-image size-large\"><img loading=\"lazy\" decoding=\"async\" width=\"720\" height=\"540\" data-id=\"2984\" src=\"https:\/\/shuliybaler.com\/wp-content\/uploads\/2022\/12\/after-shredding.webp\" alt=\"par\u00e7alanan sonra\" class=\"wp-image-2984\" title=\"\" srcset=\"https:\/\/shuliybaler.com\/wp-content\/uploads\/2022\/12\/after-shredding.webp 720w, https:\/\/shuliybaler.com\/wp-content\/uploads\/2022\/12\/after-shredding-360x270.webp 360w, https:\/\/shuliybaler.com\/wp-content\/uploads\/2022\/12\/after-shredding-180x135.webp 180w\" sizes=\"auto, (max-width: 720px) 100vw, 720px\" \/><figcaption class=\"wp-element-caption\">Par\u00e7aland\u0131ktan sonra<\/figcaption><\/figure> <\/figure>    <h2 class=\"wp-block-heading\">Plastik \u00f6\u011f\u00fct\u00fcc\u00fc makinesinin uygulamas\u0131<\/h2>    <figure class=\"wp-block-gallery has-nested-images columns-2 is-cropped wp-block-gallery-3 is-layout-flex wp-block-gallery-is-layout-flex\"> <figure class=\"wp-block-image size-large\"><img loading=\"lazy\" decoding=\"async\" width=\"720\" height=\"540\" data-id=\"2985\" src=\"https:\/\/shuliybaler.com\/wp-content\/uploads\/2022\/12\/plastic-pipe.webp\" alt=\"plastik boru\" class=\"wp-image-2985\" title=\"\" srcset=\"https:\/\/shuliybaler.com\/wp-content\/uploads\/2022\/12\/plastic-pipe.webp 720w, https:\/\/shuliybaler.com\/wp-content\/uploads\/2022\/12\/plastic-pipe-360x270.webp 360w, https:\/\/shuliybaler.com\/wp-content\/uploads\/2022\/12\/plastic-pipe-180x135.webp 180w\" sizes=\"auto, (max-width: 720px) 100vw, 720px\" \/><figcaption class=\"wp-element-caption\">Plastik Boru<\/figcaption><\/figure>    <figure class=\"wp-block-image size-large\"><img loading=\"lazy\" decoding=\"async\" width=\"720\" height=\"540\" data-id=\"2986\" src=\"https:\/\/shuliybaler.com\/wp-content\/uploads\/2022\/12\/plastic-barrel.jpg\" alt=\"plastik varil\" class=\"wp-image-2986\" title=\"\" srcset=\"https:\/\/shuliybaler.com\/wp-content\/uploads\/2022\/12\/plastic-barrel.jpg 720w, https:\/\/shuliybaler.com\/wp-content\/uploads\/2022\/12\/plastic-barrel-360x270.jpg 360w, https:\/\/shuliybaler.com\/wp-content\/uploads\/2022\/12\/plastic-barrel-180x135.jpg 180w\" sizes=\"auto, (max-width: 720px) 100vw, 720px\" \/><figcaption class=\"wp-element-caption\">Plastik Varil<\/figcaption><\/figure>    <figure class=\"wp-block-image size-large\"><img loading=\"lazy\" decoding=\"async\" width=\"720\" height=\"540\" data-id=\"2987\" src=\"https:\/\/shuliybaler.com\/wp-content\/uploads\/2022\/12\/plastic-bottles.webp\" alt=\"plastik \u015fi\u015fe\" class=\"wp-image-2987\" title=\"\" srcset=\"https:\/\/shuliybaler.com\/wp-content\/uploads\/2022\/12\/plastic-bottles.webp 720w, https:\/\/shuliybaler.com\/wp-content\/uploads\/2022\/12\/plastic-bottles-360x270.webp 360w, https:\/\/shuliybaler.com\/wp-content\/uploads\/2022\/12\/plastic-bottles-180x135.webp 180w\" sizes=\"auto, (max-width: 720px) 100vw, 720px\" \/><figcaption class=\"wp-element-caption\">Plastik \u015fi\u015fe<\/figcaption><\/figure>    <figure class=\"wp-block-image size-large\"><img loading=\"lazy\" decoding=\"async\" width=\"720\" height=\"540\" data-id=\"2988\" src=\"https:\/\/shuliybaler.com\/wp-content\/uploads\/2022\/12\/plastic-bottle.jpg\" alt=\"i\u00e7me \u015fi\u015fesi\" class=\"wp-image-2988\" title=\"\" srcset=\"https:\/\/shuliybaler.com\/wp-content\/uploads\/2022\/12\/plastic-bottle.jpg 720w, https:\/\/shuliybaler.com\/wp-content\/uploads\/2022\/12\/plastic-bottle-360x270.jpg 360w, https:\/\/shuliybaler.com\/wp-content\/uploads\/2022\/12\/plastic-bottle-180x135.jpg 180w\" sizes=\"auto, (max-width: 720px) 100vw, 720px\" \/><figcaption class=\"wp-element-caption\">\u0130\u00e7me \u015ei\u015fesi<\/figcaption><\/figure> <\/figure>    <p>Plastik \u00f6\u011f\u00fct\u00fcc\u00fcler ayr\u0131ca ayn\u0131 g\u00f6vdeye sahip twin-shaft \u00f6\u011f\u00fct\u00fcc\u00fcler olarak da adland\u0131r\u0131l\u0131r; i\u015flenmi\u015f hurda par\u00e7alar\u0131 veya geri d\u00f6n\u00fc\u015ft\u00fcr\u00fclm\u00fc\u015f \u00fcr\u00fcnleri k\u0131rmak i\u00e7in kullan\u0131l\u0131r, \u00f6zellikle plastik veya kau\u00e7uk art\u0131klar\u0131n\u0131 k\u0131r\u0131p eriterek tekrar plastik \u015fi\u015feler yapmak i\u00e7in hammadde olarak kullan\u0131l\u0131r. Lastikler veya \u00e7\u00f6p kutular ve daha fazlas\u0131. \u00d6\u011f\u00fct\u00fcc\u00fcler, plastik geri d\u00f6n\u00fc\u015f\u00fcm ve yeniden kullan\u0131m end\u00fcstrilerinde kullan\u0131l\u0131r ve genellikle b\u00fcy\u00fck \u00e7apl\u0131 PE plastik borular\u0131n, ba\u011fl\u0131 plastik filmlerin ve plastik levhalar\u0131n b\u00fcy\u00fck y\u0131\u011f\u0131nlar\u0131n\u0131n k\u0131r\u0131lmas\u0131 i\u00e7in kullan\u0131l\u0131r.<\/p>    <h2 class=\"wp-block-heading\">Plastik \u00d6\u011f\u00fct\u00fcc\u00fc Modeli<\/h2>    <figure class=\"wp-block-table\"><table><tbody><tr><td>model<\/td><td>B\u0131\u00e7ak kal\u0131nl\u0131\u011f\u0131 (mm)<\/td><td>B\u0131\u00e7ak say\u0131s\u0131<\/td><td>G\u00fc\u00e7 (kW)<\/td><\/tr><tr><td>600<\/td><td>30<\/td><td>20<\/td><td>22*2<\/td><\/tr><tr><td>800<\/td><td>40<\/td><td>20<\/td><td>30*2<\/td><\/tr><tr><td>1000<\/td><td>50<\/td><td>20<\/td><td>37*2<\/td><\/tr><tr><td>1200<\/td><td>50<\/td><td>24<\/td><td>45*2<\/td><\/tr><tr><td>1400<\/td><td>70<\/td><td>24<\/td><td>55*2<\/td><\/tr><\/tbody><\/table><\/figure>    <figure class=\"wp-block-gallery has-nested-images columns-default is-cropped wp-block-gallery-4 is-layout-flex wp-block-gallery-is-layout-flex\"> <figure class=\"wp-block-image size-large\"><img loading=\"lazy\" decoding=\"async\" width=\"720\" height=\"540\" data-id=\"2992\" src=\"https:\/\/shuliybaler.com\/wp-content\/uploads\/2022\/12\/600plastic-bottle-crushing-machine.webp\" alt=\"600plastik \u015fi\u015fe k\u0131rma makinesi\" class=\"wp-image-2992\" title=\"\" srcset=\"https:\/\/shuliybaler.com\/wp-content\/uploads\/2022\/12\/600plastic-bottle-crushing-machine.webp 720w, https:\/\/shuliybaler.com\/wp-content\/uploads\/2022\/12\/600plastic-bottle-crushing-machine-360x270.webp 360w, https:\/\/shuliybaler.com\/wp-content\/uploads\/2022\/12\/600plastic-bottle-crushing-machine-180x135.webp 180w\" sizes=\"auto, (max-width: 720px) 100vw, 720px\" \/><figcaption class=\"wp-element-caption\">600Plastic \u015ei\u015fe K\u0131rma Makinesi<\/figcaption><\/figure>    <figure class=\"wp-block-image size-large\"><img loading=\"lazy\" decoding=\"async\" width=\"720\" height=\"540\" data-id=\"2993\" src=\"https:\/\/shuliybaler.com\/wp-content\/uploads\/2022\/12\/800-Plastic-shredder-machine.webp\" alt=\"800 Plastik k\u0131rma makinesi\" class=\"wp-image-2993\" title=\"\" srcset=\"https:\/\/shuliybaler.com\/wp-content\/uploads\/2022\/12\/800-Plastic-shredder-machine.webp 720w, https:\/\/shuliybaler.com\/wp-content\/uploads\/2022\/12\/800-Plastic-shredder-machine-360x270.webp 360w, https:\/\/shuliybaler.com\/wp-content\/uploads\/2022\/12\/800-Plastic-shredder-machine-180x135.webp 180w\" sizes=\"auto, (max-width: 720px) 100vw, 720px\" \/><figcaption class=\"wp-element-caption\">800 Plastik \u00d6\u011f\u00fct\u00fcc\u00fc Makinesi<\/figcaption><\/figure>    <figure class=\"wp-block-image size-large\"><img loading=\"lazy\" decoding=\"async\" width=\"720\" height=\"540\" data-id=\"2994\" src=\"https:\/\/shuliybaler.com\/wp-content\/uploads\/2022\/12\/1000Plastic-shredder-machine.webp\" alt=\"1000 Plastik k\u0131rma makinesi\" class=\"wp-image-2994\" title=\"\" srcset=\"https:\/\/shuliybaler.com\/wp-content\/uploads\/2022\/12\/1000Plastic-shredder-machine.webp 720w, https:\/\/shuliybaler.com\/wp-content\/uploads\/2022\/12\/1000Plastic-shredder-machine-360x270.webp 360w, https:\/\/shuliybaler.com\/wp-content\/uploads\/2022\/12\/1000Plastic-shredder-machine-180x135.webp 180w\" sizes=\"auto, (max-width: 720px) 100vw, 720px\" \/><figcaption class=\"wp-element-caption\">1000Plastic \u00d6\u011f\u00fct\u00fcc\u00fc Makinesi<\/figcaption><\/figure>    <figure class=\"wp-block-image size-large\"><img loading=\"lazy\" decoding=\"async\" width=\"720\" height=\"540\" data-id=\"2995\" src=\"https:\/\/shuliybaler.com\/wp-content\/uploads\/2022\/12\/1200-Plastic-shredding-machine.webp\" alt=\"1200 Plastik k\u0131rma makinesi\" class=\"wp-image-2995\" title=\"\" srcset=\"https:\/\/shuliybaler.com\/wp-content\/uploads\/2022\/12\/1200-Plastic-shredding-machine.webp 720w, https:\/\/shuliybaler.com\/wp-content\/uploads\/2022\/12\/1200-Plastic-shredding-machine-360x270.webp 360w, https:\/\/shuliybaler.com\/wp-content\/uploads\/2022\/12\/1200-Plastic-shredding-machine-180x135.webp 180w\" sizes=\"auto, (max-width: 720px) 100vw, 720px\" \/><figcaption class=\"wp-element-caption\">1200 Plastik \u00d6\u011f\u00fctme Makinesi<\/figcaption><\/figure> <\/figure>    <h2 class=\"wp-block-heading\">Plastik \u00f6\u011f\u00fct\u00fcc\u00fcn\u00fcn \u00e7al\u0131\u015fma prensibi<\/h2>    <figure class=\"wp-block-gallery has-nested-images columns-default is-cropped wp-block-gallery-5 is-layout-flex wp-block-gallery-is-layout-flex\"> <figure class=\"wp-block-image size-large\"><img loading=\"lazy\" decoding=\"async\" width=\"720\" height=\"540\" data-id=\"2989\" src=\"https:\/\/shuliybaler.com\/wp-content\/uploads\/2022\/12\/plastic-shredder-knives.webp\" alt=\"plastik k\u0131r\u0131c\u0131 b\u0131\u00e7aklar\u0131\" class=\"wp-image-2989\" title=\"\" srcset=\"https:\/\/shuliybaler.com\/wp-content\/uploads\/2022\/12\/plastic-shredder-knives.webp 720w, https:\/\/shuliybaler.com\/wp-content\/uploads\/2022\/12\/plastic-shredder-knives-360x270.webp 360w, https:\/\/shuliybaler.com\/wp-content\/uploads\/2022\/12\/plastic-shredder-knives-180x135.webp 180w\" sizes=\"auto, (max-width: 720px) 100vw, 720px\" \/><figcaption class=\"wp-element-caption\">Plastik \u00d6\u011f\u00fct\u00fcc\u00fcs\u00fc B\u0131\u00e7aklar\u0131<\/figcaption><\/figure>    <figure class=\"wp-block-image size-large\"><img loading=\"lazy\" decoding=\"async\" width=\"720\" height=\"540\" data-id=\"2990\" src=\"https:\/\/shuliybaler.com\/wp-content\/uploads\/2022\/12\/knife-teeth.webp\" alt=\"b\u0131\u00e7ak di\u015fleri\" class=\"wp-image-2990\" title=\"\" srcset=\"https:\/\/shuliybaler.com\/wp-content\/uploads\/2022\/12\/knife-teeth.webp 720w, https:\/\/shuliybaler.com\/wp-content\/uploads\/2022\/12\/knife-teeth-360x270.webp 360w, https:\/\/shuliybaler.com\/wp-content\/uploads\/2022\/12\/knife-teeth-180x135.webp 180w\" sizes=\"auto, (max-width: 720px) 100vw, 720px\" \/><figcaption class=\"wp-element-caption\">B\u0131\u00e7ak Di\u015fleri<\/figcaption><\/figure> <\/figure>    <p>Plastik \u00fcr\u00fcn \u00f6\u011f\u00fct\u00fcc\u00fc yata\u011f\u0131na girer, \u00f6\u011f\u00fct\u00fcc\u00fcn\u00fcn kesici di\u015fleriyle ge\u00e7er ve ekstr\u00fczyon ile kesme birle\u015fik eylemine maruz kalarak k\u00fc\u00e7\u00fck malzeme par\u00e7alar\u0131 olu\u015fturur. \u00d6\u011f\u00fct\u00fcc\u00fc tamamland\u0131ktan sonra makinenin alt\u0131ndan bo\u015falt\u0131l\u0131r.<\/p>    <figure class=\"wp-block-embed is-type-video is-provider-youtube wp-block-embed-youtube wp-embed-aspect-16-9 wp-has-aspect-ratio\"><div class=\"wp-block-embed__wrapper\"> <iframe loading=\"lazy\" title=\"\u00c7ok g\u00fc\u00e7l\u00fc plastik \u00f6\u011f\u00fct\u00fcc\u00fcs\u00fc t\u00fcm plastik \u00fcr\u00fcnleri par\u00e7alar#shorts\" width=\"500\" height=\"281\" src=\"https:\/\/www.youtube.com\/embed\/CwBs3wEBitY?feature=oembed\" frameborder=\"0\" allow=\"accelerometer; autoplay; clipboard-write; encrypted-media; gyroscope; picture-in-picture; web-share\" referrerpolicy=\"strict-origin-when-cross-origin\" allowfullscreen><\/iframe> <\/div><\/figure>    <h2 class=\"wp-block-heading\">Shuliy \u015firket tan\u0131t\u0131m\u0131<\/h2>   <div class=\"wp-block-image\"> <figure class=\"aligncenter size-full\"><img loading=\"lazy\" decoding=\"async\" width=\"720\" height=\"540\" src=\"https:\/\/shuliybaler.com\/wp-content\/uploads\/2022\/12\/plastic-shredder-machine-delivery.webp\" alt=\"plastik \u00f6\u011f\u00fct\u00fcc\u00fc makinesi teslimat\u0131\" class=\"wp-image-2991\" title=\"\" srcset=\"https:\/\/shuliybaler.com\/wp-content\/uploads\/2022\/12\/plastic-shredder-machine-delivery.webp 720w, https:\/\/shuliybaler.com\/wp-content\/uploads\/2022\/12\/plastic-shredder-machine-delivery-360x270.webp 360w, https:\/\/shuliybaler.com\/wp-content\/uploads\/2022\/12\/plastic-shredder-machine-delivery-180x135.webp 180w\" sizes=\"auto, (max-width: 720px) 100vw, 720px\" \/><figcaption class=\"wp-element-caption\">plastik \u00f6\u011f\u00fct\u00fcc\u00fc makinesi teslimat\u0131<\/figcaption><\/figure> <\/div>   <p>Shuliy \u015eirketi, metal i\u015fleme ekipmanlar\u0131 \u00fcreten bir \u015firkettir. Ana ekipmanlar\u0131 aras\u0131nda metal s\u0131k\u0131\u015ft\u0131r\u0131c\u0131lar (metallerin s\u0131k\u0131\u015ft\u0131r\u0131larak metal blo\u011fu haline getirilmesini sa\u011flar); metal kesiciler, metal ata\u015flar\u0131n\u0131 istenen boyutlarda kesebilir; metal k\u00fcl\u00e7ele\u015ftirme makineleri ise metal at\u0131klar\u0131 par\u00e7alar halinde basabilir; bu metal plastik \u00f6\u011f\u00fct\u00fcc\u00fcs\u00fc daha \u00e7ok y\u00f6nl\u00fcd\u00fcr ve herhangi bir malzemeyi ezebilir, sadece malzemeyi makineye koyun, malzeme ezilir. Metal \u00f6\u011f\u00fct\u00fcc\u00fcler, geri d\u00f6n\u00fc\u015f\u00fcm end\u00fcstrisinde temel makineler aras\u0131ndad\u0131r.<\/p>    <h2 class=\"wp-block-heading\">SSS<\/h2>   <div id=\"rank-math-faq\" class=\"rank-math-block\"> <div class=\"rank-math-list\"> <div id=\"faq-question-1670810085633\" class=\"rank-math-list-item\"> <h3 class=\"rank-math-question\">Hangi boyutta \u00f6\u011f\u00fct\u00fcc\u00fcler vard\u0131r? Nas\u0131l ay\u0131rt edilir?<\/h3> <div class=\"rank-math-answer\">  <p>\u015eeritler, 600 tip, 800 tip, 1000 tip, 1200 tip, 1500 tip, 2000 tip olarak ayr\u0131l\u0131r. Modeller, kesici kutu boyutuna g\u00f6re ay\u0131rt edilir ve gereksinimlere g\u00f6re \u00f6zelle\u015ftirilebilir.<\/p>  <\/div> <\/div> <div id=\"faq-question-1670810109596\" class=\"rank-math-list-item\"> <h3 class=\"rank-math-question\">Plastik \u00f6\u011f\u00fct\u00fcc\u00fc makinesinde hangi malzemeler i\u015flenebilir?<\/h3> <div class=\"rank-math-answer\">  <p>\u00d6\u011f\u00fct\u00fcc\u00fc, metal, hurda demir, plastik, evsel \u00e7\u00f6p, at\u0131k giysiler, kau\u00e7uk lastikler vb. gibi malzemeleri i\u015fleyebilir. \u00c7ok fonksiyonlu k\u0131rma ekipman\u0131d\u0131r.<\/p>  <\/div> <\/div> <div id=\"faq-question-1670810156676\" class=\"rank-math-list-item\"> <h3 class=\"rank-math-question\">Is the plastic shredder machine noisy?<\/h3> <div class=\"rank-math-answer\">  <p>Plastik \u00f6\u011f\u00fct\u00fcc\u00fc g\u00fcr\u00fclt\u00fcs\u00fczd\u00fcr, nispeten sessiz ekipman ve kirlilik yok.<\/p>  <\/div> <\/div> <\/div> <\/div>","protected":false},"excerpt":{"rendered":"<p>The plastic shredder machine is a device that can crush plastic. The shredder is convenient for recycling after crushing large pieces of plastic. The plastic shredder can shred plastic bottles, plastic pipes, home appliance shells, plastic buckets, etc. The machine can Control the size of the crushed plastic flakes. Application of plastic shredder machine Plastic [&hellip;]<\/p>\n","protected":false},"author":1,"featured_media":2982,"parent":0,"template":"","tags":[52],"product-type":[46],"class_list":["post-2981","product","type-product","status-publish","has-post-thumbnail","hentry","tag-plastic-shredder-machine","product-type-metal-shredder"],"_links":{"self":[{"href":"https:\/\/shuliybaler.com\/tr\/wp-json\/wp\/v2\/product\/2981","targetHints":{"allow":["GET"]}}],"collection":[{"href":"https:\/\/shuliybaler.com\/tr\/wp-json\/wp\/v2\/product"}],"about":[{"href":"https:\/\/shuliybaler.com\/tr\/wp-json\/wp\/v2\/types\/product"}],"author":[{"embeddable":true,"href":"https:\/\/shuliybaler.com\/tr\/wp-json\/wp\/v2\/users\/1"}],"wp:featuredmedia":[{"embeddable":true,"href":"https:\/\/shuliybaler.com\/tr\/wp-json\/wp\/v2\/media\/2982"}],"wp:attachment":[{"href":"https:\/\/shuliybaler.com\/tr\/wp-json\/wp\/v2\/media?parent=2981"}],"wp:term":[{"taxonomy":"post_tag","embeddable":true,"href":"https:\/\/shuliybaler.com\/tr\/wp-json\/wp\/v2\/tags?post=2981"},{"taxonomy":"product-type","embeddable":true,"href":"https:\/\/shuliybaler.com\/tr\/wp-json\/wp\/v2\/product-type?post=2981"}],"curies":[{"name":"wp","href":"https:\/\/api.w.org\/{rel}","templated":true}]}}