{"id":3031,"date":"2022-12-27T16:10:28","date_gmt":"2022-12-27T08:10:28","guid":{"rendered":"https:\/\/shuliybaler.com\/?post_type=product&#038;p=3031"},"modified":"2022-12-27T16:10:29","modified_gmt":"2022-12-27T08:10:29","slug":"corrugated-box-shredding-machine","status":"publish","type":"product","link":"https:\/\/shuliybaler.com\/tr\/product\/corrugated-box-shredding-machine\/","title":{"rendered":"B\u00fcy\u00fck oluklu kutu par\u00e7alama makinesi"},"content":{"rendered":"<p class=\"translation-block\">Karton kutu do\u011fray\u0131c\u0131 makinesi, kartonlar\u0131 do\u011framak i\u00e7in kullan\u0131lan bir makinedir, esas olarak geri d\u00f6n\u00fc\u015f\u00fcm end\u00fcstrisinde kullan\u0131l\u0131r, <a href=\"https:\/\/en.wikipedia.org\/wiki\/Drum_(container)\" data-type=\"URL\" data-id=\"https:\/\/en.wikipedia.org\/wiki\/Drum_(container)\" target=\"_blank\" rel=\"noopener\">demir variller<\/a>, lastikler, ah\u015fap paletler, dallar, hayvan kemikleri vb. do\u011frayabilir. Geni\u015f \u00e7apta kullan\u0131l\u0131r ve g\u00fc\u00e7l\u00fc do\u011frama yetene\u011fine sahiptir.<\/p>    <h2 class=\"wp-block-heading\">Karton kutu geri d\u00f6n\u00fc\u015f\u00fcm\u00fc<\/h2>    <figure class=\"wp-block-gallery has-nested-images columns-default is-cropped wp-block-gallery-2 is-layout-flex wp-block-gallery-is-layout-flex\"> <figure class=\"wp-block-image size-large\"><img loading=\"lazy\" decoding=\"async\" width=\"720\" height=\"540\" data-id=\"3033\" src=\"https:\/\/shuliybaler.com\/wp-content\/uploads\/2022\/12\/corrugated-box.webp\" alt=\"kutu\" class=\"wp-image-3033\" title=\"\" srcset=\"https:\/\/shuliybaler.com\/wp-content\/uploads\/2022\/12\/corrugated-box.webp 720w, https:\/\/shuliybaler.com\/wp-content\/uploads\/2022\/12\/corrugated-box-360x270.webp 360w, https:\/\/shuliybaler.com\/wp-content\/uploads\/2022\/12\/corrugated-box-180x135.webp 180w\" sizes=\"auto, (max-width: 720px) 100vw, 720px\" \/><figcaption class=\"wp-element-caption\">Karton kutu<\/figcaption><\/figure>    <figure class=\"wp-block-image size-large\"><img loading=\"lazy\" decoding=\"async\" width=\"720\" height=\"540\" data-id=\"3034\" src=\"https:\/\/shuliybaler.com\/wp-content\/uploads\/2022\/12\/corrugated-box-shredding.webp\" alt=\"kutu k\u0131rma \" class=\"wp-image-3034\" title=\"\" srcset=\"https:\/\/shuliybaler.com\/wp-content\/uploads\/2022\/12\/corrugated-box-shredding.webp 720w, https:\/\/shuliybaler.com\/wp-content\/uploads\/2022\/12\/corrugated-box-shredding-360x270.webp 360w, https:\/\/shuliybaler.com\/wp-content\/uploads\/2022\/12\/corrugated-box-shredding-180x135.webp 180w\" sizes=\"auto, (max-width: 720px) 100vw, 720px\" \/><figcaption class=\"wp-element-caption\">Karton kutu do\u011fray\u0131c\u0131 <\/figcaption><\/figure> <\/figure>    <p>Karton kutu ta\u015f\u0131mac\u0131l\u0131k ve paketleme i\u00e7in kullan\u0131l\u0131r. Kartonlar\u0131n belirli bir \u00f6mr\u00fc vard\u0131r. Bir\u00e7ok kez kullan\u0131mdan sonra, kartonlar elenir ve geri d\u00f6n\u00fc\u015f\u00fcm sistemine girer. Kartonlar, ezildikten sonra yeniden kullan\u0131labilir veya ba\u015fka ka\u011f\u0131t \u00fcr\u00fcnlerine d\u00f6n\u00fc\u015ft\u00fcr\u00fclebilir, \u00f6rne\u011fin yumurta tepsisi yap\u0131m\u0131nda.<\/p>    <h2 class=\"wp-block-heading\">K\u0131vr\u0131ml\u0131 kutu par\u00e7alama makinesi<\/h2>   <div class=\"wp-block-image\"> <figure class=\"aligncenter size-full\"><img loading=\"lazy\" decoding=\"async\" width=\"720\" height=\"540\" src=\"https:\/\/shuliybaler.com\/wp-content\/uploads\/2022\/12\/Corrugated-box-shredding-machine.webp\" alt=\"K\u0131vr\u0131ml\u0131 kutu par\u00e7alama makinesi\" class=\"wp-image-3035\" title=\"\" srcset=\"https:\/\/shuliybaler.com\/wp-content\/uploads\/2022\/12\/Corrugated-box-shredding-machine.webp 720w, https:\/\/shuliybaler.com\/wp-content\/uploads\/2022\/12\/Corrugated-box-shredding-machine-360x270.webp 360w, https:\/\/shuliybaler.com\/wp-content\/uploads\/2022\/12\/Corrugated-box-shredding-machine-180x135.webp 180w\" sizes=\"auto, (max-width: 720px) 100vw, 720px\" \/><figcaption class=\"wp-element-caption\">K\u0131vr\u0131ml\u0131 kutu par\u00e7alama makinesi<\/figcaption><\/figure> <\/div>   <p>Karton kutu h\u0131zla k\u00fc\u00e7\u00fck par\u00e7alara ayr\u0131ld\u0131ktan sonra, sonraki ka\u011f\u0131t yap\u0131m i\u015flemi i\u00e7in uygundur. Kimyasal hammaddeler eklendikten sonra yeni ka\u011f\u0131t \u00fcretilebilir. Yeni ka\u011f\u0131t \u00fcr\u00fcnleriyle kar\u015f\u0131la\u015ft\u0131r\u0131ld\u0131\u011f\u0131nda, geri d\u00f6n\u00fc\u015ft\u00fcr\u00fclm\u00fc\u015f ka\u011f\u0131t daha az \u00e7evresel kirlili\u011fe neden olur.<\/p>    <h2 class=\"wp-block-heading\">Karton kutu do\u011fray\u0131c\u0131 makinesi \u00f6zellikleri:<\/h2>   <div class=\"wp-block-image\"> <figure class=\"aligncenter size-full\"><img loading=\"lazy\" decoding=\"async\" width=\"720\" height=\"540\" src=\"https:\/\/shuliybaler.com\/wp-content\/uploads\/2022\/12\/corrugated-box-shredder.webp\" alt=\"karton kutu k\u0131r\u0131c\u0131\" class=\"wp-image-3037\" title=\"\" srcset=\"https:\/\/shuliybaler.com\/wp-content\/uploads\/2022\/12\/corrugated-box-shredder.webp 720w, https:\/\/shuliybaler.com\/wp-content\/uploads\/2022\/12\/corrugated-box-shredder-360x270.webp 360w, https:\/\/shuliybaler.com\/wp-content\/uploads\/2022\/12\/corrugated-box-shredder-180x135.webp 180w\" sizes=\"auto, (max-width: 720px) 100vw, 720px\" \/><figcaption class=\"wp-element-caption\">karton kutu k\u0131r\u0131c\u0131<\/figcaption><\/figure> <\/div>   <ol class=\"wp-block-list\"> <li>B\u00fct\u00fcnle\u015fik b\u0131\u00e7ak kutusu.<br>Y\u00fcksek mekanik dayan\u0131m ve i\u015fleme do\u011frulu\u011fu sa\u011flar, ekipman\u0131n servis \u00f6mr\u00fcn\u00fc uzat\u0131r ve bak\u0131m maliyetlerini d\u00fc\u015f\u00fcr\u00fcr.<\/li>    <li>Alet \u00e7\u0131kar\u0131labilir teknolojisi.<br>Her sabitleme b\u0131\u00e7a\u011f\u0131 s\u00f6k\u00fclebilir ve k\u0131sa s\u00fcrede h\u0131zl\u0131 bir \u015fekilde montaj\u0131 yap\u0131labilir, i\u015f\u00e7ilerin i\u015f y\u00fck\u00fcn\u00fc b\u00fcy\u00fck \u00f6l\u00e7\u00fcde azalt\u0131r.<\/li>    <li>Ak\u0131ll\u0131 \u00f6zellikler.<br>GEP ak\u0131ll\u0131 teknolojiyi benimseyerek otomatik ya\u011flama, ak\u0131ll\u0131 tespit ve anormal alarm\u0131 ger\u00e7ekle\u015ftirir ve k\u0131r\u0131lmaz nesneler i\u00e7in ak\u0131ll\u0131 koruma sistemi tasarlar; bu da bak\u0131m maliyetlerini ve ar\u0131za risklerini azalt\u0131r ve ekipman\u0131n uzun vadeli sa\u011fl\u0131kl\u0131 \u00e7al\u0131\u015fmas\u0131n\u0131 sa\u011flar.<\/li>    <li>Ana mil iyi bir kararl\u0131l\u0131\u011fa sahip ve g\u00fc\u00e7l\u00fc darbe kapasitesine sahiptir.<br>Ana milik mekanizmas\u0131 \u00f6zel bir malzemeden yap\u0131lm\u0131\u015ft\u0131r, bu malzeme bir\u00e7ok kez \u0131s\u0131l i\u015flemeden ge\u00e7mi\u015ftir, bu nedenle iyi mekanik dayan\u0131m\u0131na, g\u00fc\u00e7l\u00fc ya\u015flanma ve darbe direncine ve uzun servis \u00f6mr\u00fcne sahiptir.<\/li>    <li>\u0130thal yataklar ve \u00e7oklu birle\u015fik s\u0131zd\u0131rmazl\u0131klar.<br>Y\u00fcksek y\u00fck direnci, uzun \u00f6m\u00fcr, toz ge\u00e7irmez, su ge\u00e7irmez ve kirlili\u011fe kar\u015f\u0131 koruma, makinenin s\u00fcrekli ve istikrarl\u0131 \u00e7al\u0131\u015fmas\u0131n\u0131 sa\u011flar.<\/li>    <li>PLC dokunmatik ekranl\u0131 kontrol paneli.<br>Siemens PLC dokunmatik ekranl\u0131 kontrol paneli kullan\u0131l\u0131r, geli\u015fmi\u015f elektrik bile\u015fenleriyle, iyi kararl\u0131l\u0131k ve kolay kullan\u0131m sa\u011flar.<\/li> <\/ol>    <figure class=\"wp-block-gallery has-nested-images columns-default is-cropped wp-block-gallery-3 is-layout-flex wp-block-gallery-is-layout-flex\"> <figure class=\"wp-block-image size-large\"><img loading=\"lazy\" decoding=\"async\" width=\"720\" height=\"540\" data-id=\"3038\" src=\"https:\/\/shuliybaler.com\/wp-content\/uploads\/2022\/12\/corrugated-box-shredder-1.webp\" alt=\"karton kutu k\u0131r\u0131c\u0131\" class=\"wp-image-3038\" title=\"\" srcset=\"https:\/\/shuliybaler.com\/wp-content\/uploads\/2022\/12\/corrugated-box-shredder-1.webp 720w, https:\/\/shuliybaler.com\/wp-content\/uploads\/2022\/12\/corrugated-box-shredder-1-360x270.webp 360w, https:\/\/shuliybaler.com\/wp-content\/uploads\/2022\/12\/corrugated-box-shredder-1-180x135.webp 180w\" sizes=\"auto, (max-width: 720px) 100vw, 720px\" \/><figcaption class=\"wp-element-caption\">Karton kutu do\u011fray\u0131c\u0131<\/figcaption><\/figure>    <figure class=\"wp-block-image size-large\"><img loading=\"lazy\" decoding=\"async\" width=\"720\" height=\"540\" data-id=\"3039\" src=\"https:\/\/shuliybaler.com\/wp-content\/uploads\/2022\/12\/corrugated-box-shredder-knife.webp\" alt=\"kutu k\u0131r\u0131c\u0131 b\u0131\u00e7a\u011f\u0131\" class=\"wp-image-3039\" title=\"\" srcset=\"https:\/\/shuliybaler.com\/wp-content\/uploads\/2022\/12\/corrugated-box-shredder-knife.webp 720w, https:\/\/shuliybaler.com\/wp-content\/uploads\/2022\/12\/corrugated-box-shredder-knife-360x270.webp 360w, https:\/\/shuliybaler.com\/wp-content\/uploads\/2022\/12\/corrugated-box-shredder-knife-180x135.webp 180w\" sizes=\"auto, (max-width: 720px) 100vw, 720px\" \/><figcaption class=\"wp-element-caption\">Karton kutu do\u011fray\u0131c\u0131 b\u0131\u00e7a\u011f\u0131<\/figcaption><\/figure> <\/figure>    <h2 class=\"wp-block-heading\">Karton kutu do\u011fray\u0131c\u0131 parametreleri<\/h2>    <figure class=\"wp-block-table\"><table><tbody><tr><td>Model<\/td><td>SL1000<\/td><\/tr><tr><td>B\u0131\u00e7ak Diski \u00e7ap\u0131 (mm)<\/td><td>485<\/td><\/tr><tr><td>B\u0131\u00e7ak kal\u0131nl\u0131\u011f\u0131 (mm)<\/td><td>50<\/td><\/tr><tr><td>B\u0131\u00e7ak say\u0131s\u0131<\/td><td>20<\/td><\/tr><tr><td>Mil \u00e7ap\u0131 (mm)<\/td><td>260<\/td><\/tr><tr><td>Boyutlar (mm)<\/td><td>4500\u00d71900\u00d72200<\/td><\/tr><tr><td>Hopper a\u00e7\u0131kl\u0131k boyutu (mm)<\/td><td>1400\u00d71200<\/td><\/tr><tr><td>K\u0131r\u0131k oda boyutu (mm)<\/td><td>1200\u00d71050<\/td><\/tr><tr><td>Kutu kal\u0131nl\u0131\u011f\u0131 (mm)<\/td><td>50<\/td><\/tr><tr><td>Motor g\u00fcc\u00fc (kW)<\/td><td>Y-6 45kw\u00d72<\/td><\/tr><tr><td>H\u0131z (dakikada\/devir)<\/td><td>9-15<\/td><\/tr><tr><td>Da\u011f\u0131t\u0131m Dolab\u0131<\/td><td>A\u015f\u0131r\u0131 y\u00fckte otomatik ileri ve geri hareket<\/td><\/tr><\/tbody><\/table><figcaption class=\"wp-element-caption\">karton kutu do\u011fray\u0131c\u0131 makinesi<\/figcaption><\/figure>   <div class=\"wp-block-image\"> <figure class=\"aligncenter size-full\"><img loading=\"lazy\" decoding=\"async\" width=\"720\" height=\"540\" src=\"https:\/\/shuliybaler.com\/wp-content\/uploads\/2022\/12\/corrugated-box-shredding-machine-1.webp\" alt=\"karton kutu do\u011fray\u0131c\u0131 makinesi\" class=\"wp-image-3040\" title=\"\" srcset=\"https:\/\/shuliybaler.com\/wp-content\/uploads\/2022\/12\/corrugated-box-shredding-machine-1.webp 720w, https:\/\/shuliybaler.com\/wp-content\/uploads\/2022\/12\/corrugated-box-shredding-machine-1-360x270.webp 360w, https:\/\/shuliybaler.com\/wp-content\/uploads\/2022\/12\/corrugated-box-shredding-machine-1-180x135.webp 180w\" sizes=\"auto, (max-width: 720px) 100vw, 720px\" \/><figcaption class=\"wp-element-caption\">karton kutu do\u011fray\u0131c\u0131 makinesi<\/figcaption><\/figure> <\/div>   <h2 class=\"wp-block-heading\">Karton kutu do\u011fray\u0131c\u0131 makinesi m\u00fc\u015fteri \u00f6rne\u011fi<\/h2>   <div class=\"wp-block-image\"> <figure class=\"aligncenter size-full\"><img loading=\"lazy\" decoding=\"async\" width=\"720\" height=\"540\" src=\"https:\/\/shuliybaler.com\/wp-content\/uploads\/2022\/12\/corrugated-box-shredding-machines.webp\" alt=\"karton kutu do\u011fray\u0131c\u0131 makineler\" class=\"wp-image-3036\" title=\"\" srcset=\"https:\/\/shuliybaler.com\/wp-content\/uploads\/2022\/12\/corrugated-box-shredding-machines.webp 720w, https:\/\/shuliybaler.com\/wp-content\/uploads\/2022\/12\/corrugated-box-shredding-machines-360x270.webp 360w, https:\/\/shuliybaler.com\/wp-content\/uploads\/2022\/12\/corrugated-box-shredding-machines-180x135.webp 180w\" sizes=\"auto, (max-width: 720px) 100vw, 720px\" \/><figcaption class=\"wp-element-caption\">karton kutu do\u011fray\u0131c\u0131 makineler<\/figcaption><\/figure> <\/div>   <p class=\"translation-block\">M\u00fc\u015fteri, s\u0131\u011f\u0131r kemi\u011fi do\u011framak i\u00e7in bir <a href=\"https:\/\/shuliybaler.com\/tr\/product\/scrap-metal-shredder-machine\/\" data-type=\"URL\" data-id=\"https:\/\/shuliybaler.com\/product\/scrap-metal-shredder-machine\/\">do\u011fray\u0131c\u0131<\/a> sat\u0131n ald\u0131. S\u0131\u011f\u0131r kemikleri \u00e7ok serttir ve baz\u0131 kemikler \u00e7ok b\u00fcy\u00fckt\u00fcr, bu y\u00fczden genel et makineleri bunlar\u0131 i\u015fleyemez. M\u00fc\u015fteri, bizim demir varillerimizi do\u011frayan do\u011fray\u0131c\u0131m\u0131z\u0131n videosunu g\u00f6rd\u00fc, bu y\u00fczden kemi\u011fi i\u015fleyip i\u015fleyemeyece\u011fimizi sordu, kemi\u011fi daha \u00f6nce hi\u00e7 i\u015flemedik ama teorik olarak m\u00fcmk\u00fcnd\u00fcr \u00e7\u00fcnk\u00fc makinelerimiz demir aletleri kolayca i\u015fler.<br>Test i\u00e7in s\u0131\u011f\u0131r kemikleri ald\u0131k ve \u00e7ok iyi sonu\u00e7lar ald\u0131k. Bir video \u00e7ektik ve m\u00fc\u015fteriye g\u00f6nderdik, kendisi de \u00e7ok memnun kald\u0131. Bir m\u00fc\u015fteri, s\u0131\u011f\u0131r i\u015fleme tesisinde kullanmak \u00fczere bir g\u00fcnl\u00fck do\u011fray\u0131c\u0131 sipari\u015f etti.<\/p>","protected":false},"excerpt":{"rendered":"<p>Bir oluklu kutu k\u0131rma makinesi, kartonlar\u0131 k\u0131rmak i\u00e7in kullan\u0131lan bir makinedir, esas olarak geri d\u00f6n\u00fc\u015f\u00fcm end\u00fcstrisinde kullan\u0131l\u0131r, demir varilleri, lastikleri, ah\u015fap paletleri, dallar\u0131, hayvan kemiklerini k\u0131rabilir. Geni\u015f kullan\u0131m alan\u0131na sahiptir ve g\u00fc\u00e7l\u00fc k\u0131rma yetene\u011fi vard\u0131r.<\/p>","protected":false},"author":1,"featured_media":3032,"parent":0,"template":"","tags":[56],"product-type":[46],"class_list":["post-3031","product","type-product","status-publish","has-post-thumbnail","hentry","tag-corrugated-box-shredding-machine","product-type-metal-shredder"],"_links":{"self":[{"href":"https:\/\/shuliybaler.com\/tr\/wp-json\/wp\/v2\/product\/3031","targetHints":{"allow":["GET"]}}],"collection":[{"href":"https:\/\/shuliybaler.com\/tr\/wp-json\/wp\/v2\/product"}],"about":[{"href":"https:\/\/shuliybaler.com\/tr\/wp-json\/wp\/v2\/types\/product"}],"author":[{"embeddable":true,"href":"https:\/\/shuliybaler.com\/tr\/wp-json\/wp\/v2\/users\/1"}],"wp:featuredmedia":[{"embeddable":true,"href":"https:\/\/shuliybaler.com\/tr\/wp-json\/wp\/v2\/media\/3032"}],"wp:attachment":[{"href":"https:\/\/shuliybaler.com\/tr\/wp-json\/wp\/v2\/media?parent=3031"}],"wp:term":[{"taxonomy":"post_tag","embeddable":true,"href":"https:\/\/shuliybaler.com\/tr\/wp-json\/wp\/v2\/tags?post=3031"},{"taxonomy":"product-type","embeddable":true,"href":"https:\/\/shuliybaler.com\/tr\/wp-json\/wp\/v2\/product-type?post=3031"}],"curies":[{"name":"wp","href":"https:\/\/api.w.org\/{rel}","templated":true}]}}