{"id":3051,"date":"2023-01-06T11:14:47","date_gmt":"2023-01-06T03:14:47","guid":{"rendered":"https:\/\/shuliybaler.com\/?post_type=product&#038;p=3051"},"modified":"2025-02-08T15:25:15","modified_gmt":"2025-02-08T07:25:15","slug":"animal-bone-shredding-crusher-machine","status":"publish","type":"product","link":"https:\/\/shuliybaler.com\/tr\/product\/animal-bone-shredding-crusher-machine\/","title":{"rendered":"Hayvan kemikleri k\u0131rma makinesi"},"content":{"rendered":"<p>Hayvan kemi\u011fi k\u0131rma pres makinesi sert hayvan kemiklerini k\u0131rmak i\u00e7in bir cihazd\u0131r. Makine mezbahalarda ve g\u0131da i\u015fleme tesislerinde kullan\u0131labilir. Hayvan kemi\u011fi k\u0131r\u0131c\u0131 y\u00fcksek \u00e7al\u0131\u015fma verimlili\u011fine sahiptir.<\/p>    <figure class=\"wp-block-gallery has-nested-images columns-default is-cropped wp-block-gallery-2 is-layout-flex wp-block-gallery-is-layout-flex\"> <figure class=\"wp-block-image size-large\"><img loading=\"lazy\" decoding=\"async\" width=\"720\" height=\"540\" data-id=\"3062\" src=\"https:\/\/shuliybaler.com\/wp-content\/uploads\/2023\/01\/bone-shredding-crusher.jpg\" alt=\"kemik k\u0131rma\" class=\"wp-image-3062\" title=\"\" srcset=\"https:\/\/shuliybaler.com\/wp-content\/uploads\/2023\/01\/bone-shredding-crusher.jpg 720w, https:\/\/shuliybaler.com\/wp-content\/uploads\/2023\/01\/bone-shredding-crusher-360x270.jpg 360w, https:\/\/shuliybaler.com\/wp-content\/uploads\/2023\/01\/bone-shredding-crusher-180x135.jpg 180w\" sizes=\"auto, (max-width: 720px) 100vw, 720px\" \/><figcaption class=\"wp-element-caption\">Kemik K\u0131rma Presi<\/figcaption><\/figure>    <figure class=\"wp-block-image size-large\"><img loading=\"lazy\" decoding=\"async\" width=\"720\" height=\"540\" data-id=\"3063\" src=\"https:\/\/shuliybaler.com\/wp-content\/uploads\/2023\/01\/bone-shredding-crusher-1.jpg\" alt=\"kemik k\u0131rma\" class=\"wp-image-3063\" title=\"\" srcset=\"https:\/\/shuliybaler.com\/wp-content\/uploads\/2023\/01\/bone-shredding-crusher-1.jpg 720w, https:\/\/shuliybaler.com\/wp-content\/uploads\/2023\/01\/bone-shredding-crusher-1-360x270.jpg 360w, https:\/\/shuliybaler.com\/wp-content\/uploads\/2023\/01\/bone-shredding-crusher-1-180x135.jpg 180w\" sizes=\"auto, (max-width: 720px) 100vw, 720px\" \/><figcaption class=\"wp-element-caption\">Kemik K\u0131rma Presi<\/figcaption><\/figure> <\/figure>    <h2 class=\"wp-block-heading\">Kemik k\u0131r\u0131c\u0131yla hangi \u00fcr\u00fcnler i\u015flenebilir?  <\/h2>    <h3 class=\"wp-block-heading\">Kemik k\u0131r\u0131c\u0131lar kemikleri ve eti i\u015fler<\/h3>    <figure class=\"wp-block-gallery has-nested-images columns-default is-cropped wp-block-gallery-3 is-layout-flex wp-block-gallery-is-layout-flex\"> <figure class=\"wp-block-image size-large\"><img loading=\"lazy\" decoding=\"async\" width=\"720\" height=\"540\" data-id=\"3053\" src=\"https:\/\/shuliybaler.com\/wp-content\/uploads\/2023\/01\/bones.jpg\" alt=\"kemikler \" class=\"wp-image-3053\" title=\"\" srcset=\"https:\/\/shuliybaler.com\/wp-content\/uploads\/2023\/01\/bones.jpg 720w, https:\/\/shuliybaler.com\/wp-content\/uploads\/2023\/01\/bones-360x270.jpg 360w, https:\/\/shuliybaler.com\/wp-content\/uploads\/2023\/01\/bones-180x135.jpg 180w\" sizes=\"auto, (max-width: 720px) 100vw, 720px\" \/><figcaption class=\"wp-element-caption\">Kemikler <\/figcaption><\/figure>    <figure class=\"wp-block-image size-large\"><img loading=\"lazy\" decoding=\"async\" width=\"720\" height=\"540\" data-id=\"3054\" src=\"https:\/\/shuliybaler.com\/wp-content\/uploads\/2023\/01\/beef-bone.jpg\" alt=\"s\u0131\u011f\u0131r kemi\u011fi\" class=\"wp-image-3054\" title=\"\" srcset=\"https:\/\/shuliybaler.com\/wp-content\/uploads\/2023\/01\/beef-bone.jpg 720w, https:\/\/shuliybaler.com\/wp-content\/uploads\/2023\/01\/beef-bone-360x270.jpg 360w, https:\/\/shuliybaler.com\/wp-content\/uploads\/2023\/01\/beef-bone-180x135.jpg 180w\" sizes=\"auto, (max-width: 720px) 100vw, 720px\" \/><figcaption class=\"wp-element-caption\">Dana Kemikleri<\/figcaption><\/figure> <\/figure>    <p>Hayvan kemi\u011fi k\u0131r\u0131c\u0131 sadece kemikleri de\u011fil, ayn\u0131 zamanda donmu\u015f ve taze eti de k\u0131rabilir. Hayvan kemi\u011fi k\u0131r\u0131c\u0131, evcil hayvan mamas\u0131 i\u015flemek i\u00e7in kullan\u0131labilir. Ayr\u0131ca, hayvan \u00f6l\u00fcleri, \u00f6rne\u011fin yakarken, yakma ve yakma verimlili\u011fini art\u0131rmak i\u00e7in de kullan\u0131labilir.<\/p>    <h3 class=\"wp-block-heading\">Metal i\u00e7in k\u0131r\u0131c\u0131<\/h3>    <p class=\"translation-block\">Bu k\u0131r\u0131c\u0131 ayr\u0131ca<a href=\"https:\/\/shuliybaler.com\/tr\/product\/scrap-metal-shredder-machine\/\" data-type=\"URL\" data-id=\"https:\/\/shuliybaler.com\/product\/scrap-metal-shredder-machine\/\"> metal \u00fcr\u00fcnleri de k\u0131rabilir<\/a>, \u00f6rne\u011fin motorlar, bisikletler, metal borular vb.<\/p>    <h2 class=\"wp-block-heading\">Kemik k\u0131r\u0131l\u0131rken hangi sorunlar ortaya \u00e7\u0131kabilir?<\/h2>   <div class=\"wp-block-image\"> <figure class=\"aligncenter size-full\"><img loading=\"lazy\" decoding=\"async\" width=\"720\" height=\"540\" src=\"https:\/\/shuliybaler.com\/wp-content\/uploads\/2023\/01\/bone-crusher.jpg\" alt=\"kemik k\u0131r\u0131c\u0131\" class=\"wp-image-3061\" title=\"\" srcset=\"https:\/\/shuliybaler.com\/wp-content\/uploads\/2023\/01\/bone-crusher.jpg 720w, https:\/\/shuliybaler.com\/wp-content\/uploads\/2023\/01\/bone-crusher-360x270.jpg 360w, https:\/\/shuliybaler.com\/wp-content\/uploads\/2023\/01\/bone-crusher-180x135.jpg 180w\" sizes=\"auto, (max-width: 720px) 100vw, 720px\" \/><figcaption class=\"wp-element-caption\">kemik k\u0131r\u0131c\u0131<\/figcaption><\/figure> <\/div>   <p class=\"translation-block\">Kemik k\u0131r\u0131ld\u0131\u011f\u0131nda, boyut nedeniyle \u00e7ok b\u00fcy\u00fck olabilir, bu nedenle <a href=\"https:\/\/www.meatprocessingmachine.org\/products\/meat-cutting-machine\/\" data-type=\"URL\" data-id=\"https:\/\/www.meatprocessingmachine.org\/products\/meat-cutting-machine\/\" target=\"_blank\" rel=\"noopener\">genel et i\u015fleme makinesi<\/a> k\u0131r\u0131ld\u0131\u011f\u0131nda kullan\u0131lamaz veya kullan\u0131l\u0131rsa makineye b\u00fcy\u00fck zarar verir ve \u00f6mr\u00fcn\u00fc k\u0131salt\u0131r. Ancak, bu kemik k\u0131r\u0131c\u0131 kesici H13 malzemesini kullan\u0131r, metal i\u015flerini ve b\u00fcy\u00fck kemikleri kolayca k\u0131rabilir.<\/p>    <h2 class=\"wp-block-heading\">Hayvan kemi\u011fi k\u0131rma pres makinesi avantaj\u0131<\/h2>    <figure class=\"wp-block-gallery has-nested-images columns-default is-cropped wp-block-gallery-4 is-layout-flex wp-block-gallery-is-layout-flex\"> <figure class=\"wp-block-image size-large\"><img loading=\"lazy\" decoding=\"async\" width=\"720\" height=\"540\" data-id=\"3055\" src=\"https:\/\/shuliybaler.com\/wp-content\/uploads\/2023\/01\/bone-shredding-crusher-machine.jpg\" alt=\"kemik k\u0131rma makinesi\" class=\"wp-image-3055\" title=\"\" srcset=\"https:\/\/shuliybaler.com\/wp-content\/uploads\/2023\/01\/bone-shredding-crusher-machine.jpg 720w, https:\/\/shuliybaler.com\/wp-content\/uploads\/2023\/01\/bone-shredding-crusher-machine-360x270.jpg 360w, https:\/\/shuliybaler.com\/wp-content\/uploads\/2023\/01\/bone-shredding-crusher-machine-180x135.jpg 180w\" sizes=\"auto, (max-width: 720px) 100vw, 720px\" \/><figcaption class=\"wp-element-caption\">Kemik K\u0131rma Pres Makinesi<\/figcaption><\/figure>    <figure class=\"wp-block-image size-large\"><img loading=\"lazy\" decoding=\"async\" width=\"720\" height=\"540\" data-id=\"3056\" src=\"https:\/\/shuliybaler.com\/wp-content\/uploads\/2023\/01\/bone-shredding-crusher-machine-knife.jpg\" alt=\"kemik k\u0131rma makinesi b\u0131\u00e7a\u011f\u0131\" class=\"wp-image-3056\" title=\"\" srcset=\"https:\/\/shuliybaler.com\/wp-content\/uploads\/2023\/01\/bone-shredding-crusher-machine-knife.jpg 720w, https:\/\/shuliybaler.com\/wp-content\/uploads\/2023\/01\/bone-shredding-crusher-machine-knife-360x270.jpg 360w, https:\/\/shuliybaler.com\/wp-content\/uploads\/2023\/01\/bone-shredding-crusher-machine-knife-180x135.jpg 180w\" sizes=\"auto, (max-width: 720px) 100vw, 720px\" \/><figcaption class=\"wp-element-caption\">Kemik K\u0131rma Pres Makinesi Kesici<\/figcaption><\/figure> <\/figure>    <p>D\u00fc\u015f\u00fck h\u0131z d\u00fc\u015f\u00fck ses<\/p>    <p>B\u00fcy\u00fck i\u015fleme kapasitesi ve \u00e7\u0131kt\u0131 boyutu kontrol edilebilir<\/p>    <p>Makinenin hava ge\u00e7irmezli\u011fi iyi, paslanmaz \u00e7elik malzeme iyi korozyon direncine sahiptir<\/p>    <p>Tam \u00f6zellikler \u00f6zelle\u015ftirmeyi destekler<\/p>    <h2 class=\"wp-block-heading\">Hayvan kemi\u011fi k\u0131rma pres makinesi parametresi<\/h2>    <figure class=\"wp-block-gallery has-nested-images columns-2 is-cropped wp-block-gallery-5 is-layout-flex wp-block-gallery-is-layout-flex\"> <figure class=\"wp-block-image size-large\"><img loading=\"lazy\" decoding=\"async\" width=\"720\" height=\"540\" data-id=\"3057\" src=\"https:\/\/shuliybaler.com\/wp-content\/uploads\/2023\/01\/Animal-bone-shredding-crusher-machine-1.jpg\" alt=\"Hayvan kemikleri k\u0131rma makinesi\" class=\"wp-image-3057\" title=\"\" srcset=\"https:\/\/shuliybaler.com\/wp-content\/uploads\/2023\/01\/Animal-bone-shredding-crusher-machine-1.jpg 720w, https:\/\/shuliybaler.com\/wp-content\/uploads\/2023\/01\/Animal-bone-shredding-crusher-machine-1-360x270.jpg 360w, https:\/\/shuliybaler.com\/wp-content\/uploads\/2023\/01\/Animal-bone-shredding-crusher-machine-1-180x135.jpg 180w\" sizes=\"auto, (max-width: 720px) 100vw, 720px\" \/><figcaption class=\"wp-element-caption\">Hayvan Kemik K\u0131rma Pres Makinesi<\/figcaption><\/figure>    <figure class=\"wp-block-image size-large\"><img loading=\"lazy\" decoding=\"async\" width=\"720\" height=\"540\" data-id=\"3058\" src=\"https:\/\/shuliybaler.com\/wp-content\/uploads\/2023\/01\/Animal-bone-shredding-crusher-machine-2.jpg\" alt=\"Hayvan kemikleri k\u0131rma makinesi\" class=\"wp-image-3058\" title=\"\" srcset=\"https:\/\/shuliybaler.com\/wp-content\/uploads\/2023\/01\/Animal-bone-shredding-crusher-machine-2.jpg 720w, https:\/\/shuliybaler.com\/wp-content\/uploads\/2023\/01\/Animal-bone-shredding-crusher-machine-2-360x270.jpg 360w, https:\/\/shuliybaler.com\/wp-content\/uploads\/2023\/01\/Animal-bone-shredding-crusher-machine-2-180x135.jpg 180w\" sizes=\"auto, (max-width: 720px) 100vw, 720px\" \/><figcaption class=\"wp-element-caption\">Hayvan Kemik K\u0131rma Pres Makinesi <\/figcaption><\/figure>    <figure class=\"wp-block-image size-large\"><img loading=\"lazy\" decoding=\"async\" width=\"720\" height=\"540\" data-id=\"3059\" src=\"https:\/\/shuliybaler.com\/wp-content\/uploads\/2023\/01\/Animal-bone-shredding-crusher-machine-3.jpg\" alt=\"Hayvan kemikleri k\u0131rma makinesi\" class=\"wp-image-3059\" title=\"\" srcset=\"https:\/\/shuliybaler.com\/wp-content\/uploads\/2023\/01\/Animal-bone-shredding-crusher-machine-3.jpg 720w, https:\/\/shuliybaler.com\/wp-content\/uploads\/2023\/01\/Animal-bone-shredding-crusher-machine-3-360x270.jpg 360w, https:\/\/shuliybaler.com\/wp-content\/uploads\/2023\/01\/Animal-bone-shredding-crusher-machine-3-180x135.jpg 180w\" sizes=\"auto, (max-width: 720px) 100vw, 720px\" \/><figcaption class=\"wp-element-caption\">Hayvan Kemik K\u0131rma Pres Makinesi<\/figcaption><\/figure>    <figure class=\"wp-block-image size-large\"><img loading=\"lazy\" decoding=\"async\" width=\"720\" height=\"540\" data-id=\"3060\" src=\"https:\/\/shuliybaler.com\/wp-content\/uploads\/2023\/01\/Animal-bone-shredding-crusher-machine-4.jpg\" alt=\"Hayvan kemikleri k\u0131rma makinesi\" class=\"wp-image-3060\" title=\"\" srcset=\"https:\/\/shuliybaler.com\/wp-content\/uploads\/2023\/01\/Animal-bone-shredding-crusher-machine-4.jpg 720w, https:\/\/shuliybaler.com\/wp-content\/uploads\/2023\/01\/Animal-bone-shredding-crusher-machine-4-360x270.jpg 360w, https:\/\/shuliybaler.com\/wp-content\/uploads\/2023\/01\/Animal-bone-shredding-crusher-machine-4-180x135.jpg 180w\" sizes=\"auto, (max-width: 720px) 100vw, 720px\" \/><figcaption class=\"wp-element-caption\">Hayvan Kemik K\u0131rma Pres Makinesi<\/figcaption><\/figure> <\/figure>    <figure class=\"wp-block-table\"><table><tbody><tr><td>\u0130sim<\/td><td>parametre<\/td><\/tr><tr><td>K\u0131r\u0131c\u0131<\/td><td>1200 a\u011f\u0131r<\/td><\/tr><tr><td>Kesici \u00e7ap\u0131<\/td><td>500mm<\/td><\/tr><tr><td>Kesici kal\u0131nl\u0131\u011f\u0131<\/td><td>60mm<\/td><\/tr><tr><td>Kesici di\u015f say\u0131s\u0131<\/td><td>7 di\u015f<\/td><\/tr><tr><td>Kesici di\u015f y\u00fcksekli\u011fi<\/td><td>40-45mm<\/td><\/tr><tr><td>Di\u015fli oran\u0131<\/td><td>90:1<\/td><\/tr><tr><td>Red\u00fckt\u00f6r modeli<\/td><td>Zsy450tipi\u00d72 (sert di\u015f y\u00fczeyi)<\/td><\/tr><tr><td>Motor G\u00fcc\u00fc<\/td><td>55kw\u00d72 (Seviye 6)<\/td><\/tr><tr><td>\u00c7er\u00e7eve<\/td><td>160\u00d7160 kare boru<\/td><\/tr><tr><td>Da\u011f\u0131t\u0131m Dolab\u0131<\/td><td>A\u015f\u0131r\u0131 y\u00fck otomatik ileri ve geri koruma<\/td><\/tr><tr><td>Boyutlar<\/td><td>3500\u00d71800\u00d71950<\/td><\/tr><tr><td>\u00c7\u0131k\u0131\u015f Konvey\u00f6r\u00fc<\/td><td>600 tip \u00d7 6 metre<\/td><\/tr><tr><td>As\u0131l\u0131 Manyetik Ay\u0131r\u0131c\u0131<\/td><td>600 tip<\/td><\/tr><\/tbody><\/table><\/figure>","protected":false},"excerpt":{"rendered":"<p>Kemik ezildi\u011finde, boyut nedeniyle \u00e7ok b\u00fcy\u00fck olabilir, bu nedenle genel et i\u015fleme makinesi par\u00e7alama s\u0131ras\u0131nda onu i\u015fleyemez veya kullan\u0131l\u0131rsa makineye b\u00fcy\u00fck zarar verir ve \u00f6mr\u00fcn\u00fc azalt\u0131r. Ancak, bu kemik k\u0131r\u0131c\u0131 b\u0131\u00e7a\u011f\u0131 ayn\u0131 H13 malzemeden yap\u0131lm\u0131\u015ft\u0131r ve metal i\u015fleme ve b\u00fcy\u00fck kemikleri kolayca par\u00e7alayabilir.<\/p>","protected":false},"author":1,"featured_media":3052,"parent":0,"template":"","tags":[84,57],"product-type":[46],"class_list":["post-3051","product","type-product","status-publish","has-post-thumbnail","hentry","tag-shredder","tag-shredding-crusher-machine","product-type-metal-shredder"],"_links":{"self":[{"href":"https:\/\/shuliybaler.com\/tr\/wp-json\/wp\/v2\/product\/3051","targetHints":{"allow":["GET"]}}],"collection":[{"href":"https:\/\/shuliybaler.com\/tr\/wp-json\/wp\/v2\/product"}],"about":[{"href":"https:\/\/shuliybaler.com\/tr\/wp-json\/wp\/v2\/types\/product"}],"author":[{"embeddable":true,"href":"https:\/\/shuliybaler.com\/tr\/wp-json\/wp\/v2\/users\/1"}],"wp:featuredmedia":[{"embeddable":true,"href":"https:\/\/shuliybaler.com\/tr\/wp-json\/wp\/v2\/media\/3052"}],"wp:attachment":[{"href":"https:\/\/shuliybaler.com\/tr\/wp-json\/wp\/v2\/media?parent=3051"}],"wp:term":[{"taxonomy":"post_tag","embeddable":true,"href":"https:\/\/shuliybaler.com\/tr\/wp-json\/wp\/v2\/tags?post=3051"},{"taxonomy":"product-type","embeddable":true,"href":"https:\/\/shuliybaler.com\/tr\/wp-json\/wp\/v2\/product-type?post=3051"}],"curies":[{"name":"wp","href":"https:\/\/api.w.org\/{rel}","templated":true}]}}