{"id":3065,"date":"2023-01-09T16:51:01","date_gmt":"2023-01-09T08:51:01","guid":{"rendered":"https:\/\/shuliybaler.com\/?post_type=product&#038;p=3065"},"modified":"2023-01-09T17:10:55","modified_gmt":"2023-01-09T09:10:55","slug":"trash-compactor-machine","status":"publish","type":"product","link":"https:\/\/shuliybaler.com\/tr\/product\/trash-compactor-machine\/","title":{"rendered":"\u00c7\u00f6p s\u0131k\u0131\u015ft\u0131rma makinesi | \u00e7\u00f6p balyalama makinesi"},"content":{"rendered":"<p class=\"translation-block\">\u00c7\u00f6p s\u0131k\u0131\u015ft\u0131r\u0131c\u0131 makinesi ayn\u0131 zamanda <a href=\"https:\/\/shuliybaler.com\/tr\/product\/scrap-metal-baler\/\" data-type=\"URL\" data-id=\"https:\/\/shuliybaler.com\/product\/scrap-metal-baler\/\">\u00e7\u00f6p balyalama makinesi<\/a> olarak da adland\u0131r\u0131l\u0131r, hava, s\u0131v\u0131 ve suyu ekstr\u00fczyonla d\u0131\u015far\u0131 atar ve s\u0131k\u0131\u015ft\u0131rma yoluyla \u00e7\u00f6p hacmini azalt\u0131r, b\u00f6ylece depolama alan\u0131n\u0131 k\u00fc\u00e7\u00fclt\u00fcr. <a href=\"https:\/\/shuliybaler.com\/tr\/product\/vertical-metal-baler\/\" data-type=\"URL\" data-id=\"https:\/\/shuliybaler.com\/product\/vertical-metal-baler\/\">\u00c7\u00f6p s\u0131k\u0131\u015ft\u0131r\u0131c\u0131lar<\/a> \u00e7evre koruma i\u00e7in \u00f6nemli i\u015fleme ekipmanlar\u0131 haline gelmi\u015ftir.<\/p>   <div class=\"wp-block-image\"> <figure class=\"aligncenter size-full\"><img loading=\"lazy\" decoding=\"async\" width=\"720\" height=\"540\" src=\"https:\/\/shuliybaler.com\/wp-content\/uploads\/2023\/01\/Trash-compactor-machine-1.webp\" alt=\"\u00c7\u00f6p s\u0131k\u0131\u015ft\u0131r\u0131c\u0131 makinesi\" class=\"wp-image-3067\" title=\"\" srcset=\"https:\/\/shuliybaler.com\/wp-content\/uploads\/2023\/01\/Trash-compactor-machine-1.webp 720w, https:\/\/shuliybaler.com\/wp-content\/uploads\/2023\/01\/Trash-compactor-machine-1-360x270.webp 360w, https:\/\/shuliybaler.com\/wp-content\/uploads\/2023\/01\/Trash-compactor-machine-1-180x135.webp 180w\" sizes=\"auto, (max-width: 720px) 100vw, 720px\" \/><figcaption class=\"wp-element-caption\">\u00c7\u00f6p s\u0131k\u0131\u015ft\u0131r\u0131c\u0131 makinesi<\/figcaption><\/figure> <\/div>   <h2 class=\"wp-block-heading\">Hangi end\u00fcstrilerde \u00e7\u00f6p s\u0131k\u0131\u015ft\u0131r\u0131c\u0131 makineleri kullan\u0131l\u0131r?<\/h2>    <p>Her t\u00fcrl\u00fc i\u015fletme, at\u0131k \u00fcretir ve bertaraf edilmesi gerekir. \u0130\u015fletmenin b\u00fcy\u00fckl\u00fc\u011f\u00fc ve i\u015f y\u00fck\u00fc, s\u0131k\u0131\u015ft\u0131r\u0131c\u0131lar\u0131n kullan\u0131m\u0131n\u0131 art\u0131r\u0131r.<\/p>    <figure class=\"wp-block-gallery has-nested-images columns-4 is-cropped wp-block-gallery-2 is-layout-flex wp-block-gallery-is-layout-flex\"> <figure class=\"wp-block-image size-large\"><img loading=\"lazy\" decoding=\"async\" width=\"720\" height=\"540\" data-id=\"3075\" src=\"https:\/\/shuliybaler.com\/wp-content\/uploads\/2023\/01\/waste-paper-packaging.webp\" alt=\"\" class=\"wp-image-3075\" title=\"\" srcset=\"https:\/\/shuliybaler.com\/wp-content\/uploads\/2023\/01\/waste-paper-packaging.webp 720w, https:\/\/shuliybaler.com\/wp-content\/uploads\/2023\/01\/waste-paper-packaging-360x270.webp 360w, https:\/\/shuliybaler.com\/wp-content\/uploads\/2023\/01\/waste-paper-packaging-180x135.webp 180w\" sizes=\"auto, (max-width: 720px) 100vw, 720px\" \/><figcaption class=\"wp-element-caption\">Saman Balyalama<\/figcaption><\/figure>    <figure class=\"wp-block-image size-large\"><img loading=\"lazy\" decoding=\"async\" width=\"720\" height=\"540\" data-id=\"3076\" src=\"https:\/\/shuliybaler.com\/wp-content\/uploads\/2023\/01\/straw-baling.webp\" alt=\"saman balyalama\" class=\"wp-image-3076\" title=\"\" srcset=\"https:\/\/shuliybaler.com\/wp-content\/uploads\/2023\/01\/straw-baling.webp 720w, https:\/\/shuliybaler.com\/wp-content\/uploads\/2023\/01\/straw-baling-360x270.webp 360w, https:\/\/shuliybaler.com\/wp-content\/uploads\/2023\/01\/straw-baling-180x135.webp 180w\" sizes=\"auto, (max-width: 720px) 100vw, 720px\" \/><figcaption class=\"wp-element-caption\">Saman Balyalama<\/figcaption><\/figure>    <figure class=\"wp-block-image size-large\"><img loading=\"lazy\" decoding=\"async\" width=\"720\" height=\"540\" data-id=\"3077\" src=\"https:\/\/shuliybaler.com\/wp-content\/uploads\/2023\/01\/Corrugated-box-packaging.webp\" alt=\"K\u0131vr\u0131ml\u0131 kutu paketleme\" class=\"wp-image-3077\" title=\"\" srcset=\"https:\/\/shuliybaler.com\/wp-content\/uploads\/2023\/01\/Corrugated-box-packaging.webp 720w, https:\/\/shuliybaler.com\/wp-content\/uploads\/2023\/01\/Corrugated-box-packaging-360x270.webp 360w, https:\/\/shuliybaler.com\/wp-content\/uploads\/2023\/01\/Corrugated-box-packaging-180x135.webp 180w\" sizes=\"auto, (max-width: 720px) 100vw, 720px\" \/><figcaption class=\"wp-element-caption\">K\u0131vr\u0131ml\u0131 Kutu Paketleme<\/figcaption><\/figure>    <figure class=\"wp-block-image size-large\"><img loading=\"lazy\" decoding=\"async\" width=\"720\" height=\"540\" data-id=\"3078\" src=\"https:\/\/shuliybaler.com\/wp-content\/uploads\/2023\/01\/plastic-bottle-baling.webp\" alt=\"Plastik \u015fi\u015fe balyalama\" class=\"wp-image-3078\" title=\"\" srcset=\"https:\/\/shuliybaler.com\/wp-content\/uploads\/2023\/01\/plastic-bottle-baling.webp 720w, https:\/\/shuliybaler.com\/wp-content\/uploads\/2023\/01\/plastic-bottle-baling-360x270.webp 360w, https:\/\/shuliybaler.com\/wp-content\/uploads\/2023\/01\/plastic-bottle-baling-180x135.webp 180w\" sizes=\"auto, (max-width: 720px) 100vw, 720px\" \/><figcaption class=\"wp-element-caption\">Plastik \u015ei\u015fe Presleme<\/figcaption><\/figure> <\/figure>    <h3 class=\"wp-block-heading\">Restoranlar ve oteller<\/h3>    <p>S\u0131k\u0131\u015ft\u0131r\u0131c\u0131lar\u0131n en yayg\u0131n kullan\u0131m\u0131, ambalaj malzemeleri ve kutulardan artan yiyeceklere kadar \u00e7e\u015fitli perakende, restoran ve konaklama i\u015fletmelerinde bulunur. Islak at\u0131k, s\u0131k\u0131\u015ft\u0131r\u0131c\u0131ya y\u00fcklenir ve kafa, malzemeyi orijinal hacminden u daha k\u00fc\u00e7\u00fck hale getirir.<\/p>    <h3 class=\"wp-block-heading\">T\u0131bbi hijyen<\/h3>    <p class=\"translation-block\">Sa\u011fl\u0131k sisteminde \u00e7ok fazla at\u0131k var , ancak bunlar\u0131n \u00e7o\u011fu rastgele bertaraf edilemez ve t\u0131bbi at\u0131k s\u0131k\u0131\u015ft\u0131r\u0131c\u0131lar, at\u0131klar\u0131n kamuoyuna maruz kalmas\u0131n\u0131 \u00f6nlemek i\u00e7in kapsama, depolama ve ta\u015f\u0131ma i\u015flemlerini i\u00e7erecek \u015fekilde tasarlanm\u0131\u015ft\u0131r. \u00c7\u00f6p s\u0131k\u0131\u015ft\u0131r\u0131c\u0131, bu t\u0131bbi at\u0131klar\u0131 toplayabilir, s\u0131k\u0131\u015ft\u0131rabilir ve tek bir i\u015flem i\u00e7in paketleyebilir.<\/p>    <h3 class=\"wp-block-heading\">Okul<\/h3>    <figure class=\"wp-block-gallery has-nested-images columns-default is-cropped wp-block-gallery-3 is-layout-flex wp-block-gallery-is-layout-flex\"> <figure class=\"wp-block-image size-large\"><img loading=\"lazy\" decoding=\"async\" width=\"720\" height=\"540\" data-id=\"3079\" src=\"https:\/\/shuliybaler.com\/wp-content\/uploads\/2023\/01\/after-baling.webp\" alt=\"bal\u0131ktan sonra\" class=\"wp-image-3079\" title=\"\" srcset=\"https:\/\/shuliybaler.com\/wp-content\/uploads\/2023\/01\/after-baling.webp 720w, https:\/\/shuliybaler.com\/wp-content\/uploads\/2023\/01\/after-baling-360x270.webp 360w, https:\/\/shuliybaler.com\/wp-content\/uploads\/2023\/01\/after-baling-180x135.webp 180w\" sizes=\"auto, (max-width: 720px) 100vw, 720px\" \/><figcaption class=\"wp-element-caption\">Balyadan sonra<\/figcaption><\/figure>    <figure class=\"wp-block-image size-large\"><img loading=\"lazy\" decoding=\"async\" width=\"720\" height=\"540\" data-id=\"3082\" src=\"https:\/\/shuliybaler.com\/wp-content\/uploads\/2023\/01\/after-baling-3.webp\" alt=\"bal\u0131ktan sonra\" class=\"wp-image-3082\" title=\"\" srcset=\"https:\/\/shuliybaler.com\/wp-content\/uploads\/2023\/01\/after-baling-3.webp 720w, https:\/\/shuliybaler.com\/wp-content\/uploads\/2023\/01\/after-baling-3-360x270.webp 360w, https:\/\/shuliybaler.com\/wp-content\/uploads\/2023\/01\/after-baling-3-180x135.webp 180w\" sizes=\"auto, (max-width: 720px) 100vw, 720px\" \/><figcaption class=\"wp-element-caption\">Balyadan sonra<\/figcaption><\/figure>    <figure class=\"wp-block-image size-large\"><img loading=\"lazy\" decoding=\"async\" width=\"720\" height=\"540\" data-id=\"3080\" src=\"https:\/\/shuliybaler.com\/wp-content\/uploads\/2023\/01\/after-baling-1.webp\" alt=\"bal\u0131ktan sonra\" class=\"wp-image-3080\" title=\"\" srcset=\"https:\/\/shuliybaler.com\/wp-content\/uploads\/2023\/01\/after-baling-1.webp 720w, https:\/\/shuliybaler.com\/wp-content\/uploads\/2023\/01\/after-baling-1-360x270.webp 360w, https:\/\/shuliybaler.com\/wp-content\/uploads\/2023\/01\/after-baling-1-180x135.webp 180w\" sizes=\"auto, (max-width: 720px) 100vw, 720px\" \/><figcaption class=\"wp-element-caption\">Balyadan sonra<\/figcaption><\/figure>    <figure class=\"wp-block-image size-large\"><img loading=\"lazy\" decoding=\"async\" width=\"720\" height=\"540\" data-id=\"3081\" src=\"https:\/\/shuliybaler.com\/wp-content\/uploads\/2023\/01\/after-baling-2.webp\" alt=\"bal\u0131ktan sonra\" class=\"wp-image-3081\" title=\"\" srcset=\"https:\/\/shuliybaler.com\/wp-content\/uploads\/2023\/01\/after-baling-2.webp 720w, https:\/\/shuliybaler.com\/wp-content\/uploads\/2023\/01\/after-baling-2-360x270.webp 360w, https:\/\/shuliybaler.com\/wp-content\/uploads\/2023\/01\/after-baling-2-180x135.webp 180w\" sizes=\"auto, (max-width: 720px) 100vw, 720px\" \/><figcaption class=\"wp-element-caption\">Balyadan sonra<\/figcaption><\/figure> <\/figure>    <p>Okulda \u00e7ok fazla at\u0131k ka\u011f\u0131t, eski masa, sandalye vb. var ve geri d\u00f6n\u00fc\u015ft\u00fcr\u00fcl\u00fcp paketlenmesi gerekir. Okullarda \u00e7\u00f6p balyalama makineleri \u00e7ok faydal\u0131 olabilir. \u00d6zellikle baz\u0131 ka\u011f\u0131tlar geri d\u00f6n\u00fc\u015ft\u00fcr\u00fclerek \u00e7evre korumas\u0131na katk\u0131da bulunur.<\/p>    <h2 class=\"wp-block-heading\">\u00c7\u00f6p s\u0131k\u0131\u015ft\u0131r\u0131c\u0131 kullanman\u0131n faydalar\u0131<\/h2>    <figure class=\"wp-block-gallery has-nested-images columns-2 is-cropped wp-block-gallery-4 is-layout-flex wp-block-gallery-is-layout-flex\"> <figure class=\"wp-block-image size-large\"><img loading=\"lazy\" decoding=\"async\" width=\"720\" height=\"540\" data-id=\"3070\" src=\"https:\/\/shuliybaler.com\/wp-content\/uploads\/2023\/01\/Trash-compactor-machine-2.webp\" alt=\"\u00c7\u00f6p s\u0131k\u0131\u015ft\u0131r\u0131c\u0131 makinesi\" class=\"wp-image-3070\" title=\"\" srcset=\"https:\/\/shuliybaler.com\/wp-content\/uploads\/2023\/01\/Trash-compactor-machine-2.webp 720w, https:\/\/shuliybaler.com\/wp-content\/uploads\/2023\/01\/Trash-compactor-machine-2-360x270.webp 360w, https:\/\/shuliybaler.com\/wp-content\/uploads\/2023\/01\/Trash-compactor-machine-2-180x135.webp 180w\" sizes=\"auto, (max-width: 720px) 100vw, 720px\" \/><figcaption class=\"wp-element-caption\">\u00c7\u00f6p S\u0131k\u0131\u015ft\u0131r\u0131c\u0131 Makinesi<\/figcaption><\/figure>    <figure class=\"wp-block-image size-large\"><img loading=\"lazy\" decoding=\"async\" width=\"720\" height=\"540\" data-id=\"3071\" src=\"https:\/\/shuliybaler.com\/wp-content\/uploads\/2023\/01\/Trash-compactor-machine-3.webp\" alt=\"\u00c7\u00f6p s\u0131k\u0131\u015ft\u0131r\u0131c\u0131 makinesi\" class=\"wp-image-3071\" title=\"\" srcset=\"https:\/\/shuliybaler.com\/wp-content\/uploads\/2023\/01\/Trash-compactor-machine-3.webp 720w, https:\/\/shuliybaler.com\/wp-content\/uploads\/2023\/01\/Trash-compactor-machine-3-360x270.webp 360w, https:\/\/shuliybaler.com\/wp-content\/uploads\/2023\/01\/Trash-compactor-machine-3-180x135.webp 180w\" sizes=\"auto, (max-width: 720px) 100vw, 720px\" \/><figcaption class=\"wp-element-caption\">\u00c7\u00f6p S\u0131k\u0131\u015ft\u0131r\u0131c\u0131 Makinesi<\/figcaption><\/figure>    <figure class=\"wp-block-image size-large\"><img loading=\"lazy\" decoding=\"async\" width=\"720\" height=\"540\" data-id=\"3073\" src=\"https:\/\/shuliybaler.com\/wp-content\/uploads\/2023\/01\/Trash-compactor-machine-5.webp\" alt=\"\u00c7\u00f6p s\u0131k\u0131\u015ft\u0131r\u0131c\u0131 makinesi \" class=\"wp-image-3073\" title=\"\" srcset=\"https:\/\/shuliybaler.com\/wp-content\/uploads\/2023\/01\/Trash-compactor-machine-5.webp 720w, https:\/\/shuliybaler.com\/wp-content\/uploads\/2023\/01\/Trash-compactor-machine-5-360x270.webp 360w, https:\/\/shuliybaler.com\/wp-content\/uploads\/2023\/01\/Trash-compactor-machine-5-180x135.webp 180w\" sizes=\"auto, (max-width: 720px) 100vw, 720px\" \/><figcaption class=\"wp-element-caption\">\u00c7\u00f6p S\u0131k\u0131\u015ft\u0131r\u0131c\u0131 Makinesi <\/figcaption><\/figure>    <figure class=\"wp-block-image size-large\"><img loading=\"lazy\" decoding=\"async\" width=\"720\" height=\"540\" data-id=\"3072\" src=\"https:\/\/shuliybaler.com\/wp-content\/uploads\/2023\/01\/Trash-compactor-machine-4.webp\" alt=\"\u00c7\u00f6p s\u0131k\u0131\u015ft\u0131r\u0131c\u0131 makinesi fabrikas\u0131 \" class=\"wp-image-3072\" title=\"\" srcset=\"https:\/\/shuliybaler.com\/wp-content\/uploads\/2023\/01\/Trash-compactor-machine-4.webp 720w, https:\/\/shuliybaler.com\/wp-content\/uploads\/2023\/01\/Trash-compactor-machine-4-360x270.webp 360w, https:\/\/shuliybaler.com\/wp-content\/uploads\/2023\/01\/Trash-compactor-machine-4-180x135.webp 180w\" sizes=\"auto, (max-width: 720px) 100vw, 720px\" \/><figcaption class=\"wp-element-caption\">\u00c7\u00f6p S\u0131k\u0131\u015ft\u0131r\u0131c\u0131 Makinesi Fabrikas\u0131 <\/figcaption><\/figure> <\/figure>    <h2 class=\"wp-block-heading\">\u0130\u015fletme maliyetlerini azaltmak<\/h2>    <p>At\u0131klar\u0131n uygun y\u00f6netimi ve kontrol\u00fc, i\u015fletme maliyetlerini azaltabilir. At\u0131k, \u00e7\u00f6p ve molozlar\u0131n s\u0131k\u0131\u015ft\u0131r\u0131lmas\u0131, molozlar\u0131n toplanma ihtiyac\u0131n\u0131 ve \u00e7\u00f6p kutular\u0131 ile konteynerlere olan ihtiyac\u0131 azalt\u0131r.<\/p>    <h2 class=\"wp-block-heading\">At\u0131k bertaraf verimlili\u011fini art\u0131rmak<\/h2>    <p>\u00c7\u00f6p bertaraf\u0131 \u00e7ok b\u00fcy\u00fck bir projedir ve \u00e7\u00f6p\u00fc bertaraf etmek zaman al\u0131r. \u00c7\u00f6p hacmi s\u0131k\u0131\u015ft\u0131r\u0131ld\u0131ktan sonra, ta\u015f\u0131ma ve i\u015fleme zaman\u0131n\u0131 tasarruf eder.<\/p>    <h2 class=\"wp-block-heading\">Alan\u0131 art\u0131rmak<\/h2>   <div class=\"wp-block-image\"> <figure class=\"aligncenter size-full\"><img loading=\"lazy\" decoding=\"async\" width=\"720\" height=\"540\" src=\"https:\/\/shuliybaler.com\/wp-content\/uploads\/2023\/01\/garbage-baler-machine.webp\" alt=\"\u00c7\u00f6p balyalama makinesi\" class=\"wp-image-3083\" title=\"\" srcset=\"https:\/\/shuliybaler.com\/wp-content\/uploads\/2023\/01\/garbage-baler-machine.webp 720w, https:\/\/shuliybaler.com\/wp-content\/uploads\/2023\/01\/garbage-baler-machine-360x270.webp 360w, https:\/\/shuliybaler.com\/wp-content\/uploads\/2023\/01\/garbage-baler-machine-180x135.webp 180w\" sizes=\"auto, (max-width: 720px) 100vw, 720px\" \/><figcaption class=\"wp-element-caption\">\u00e7\u00f6p balyalama makinesi<\/figcaption><\/figure> <\/div>   <p>\u00c7\u00f6p s\u0131k\u0131\u015ft\u0131r\u0131c\u0131lar, hacimli ve alan kaplayan at\u0131klar\u0131 y\u00f6netilebilir k\u00fc\u00e7\u00fck k\u00fcpler veya bloklara d\u00f6n\u00fc\u015ft\u00fcrerek, \u015firketinizin ayak izini azalt\u0131r. B\u00fcy\u00fck at\u0131k par\u00e7alar\u0131, y\u00f6netilebilir k\u00fc\u00e7\u00fck k\u00fcpler veya bloklara d\u00f6n\u00fc\u015ft\u00fcr\u00fclerek, at\u0131klar\u0131n daha kolay y\u00f6netilmesini ve daha az alan kaplamas\u0131n\u0131 sa\u011flar.<\/p>    <h2 class=\"wp-block-heading\">Kullan\u0131m\u0131 kolay<\/h2>    <p>S\u0131k\u0131\u015ft\u0131r\u0131c\u0131 kurulumu ve kullan\u0131m\u0131 basit, pratiktir ve etkilidir. Kullan\u0131c\u0131 sadece d\u00fc\u011fmeye basmal\u0131 ve \u015firket personelinin uygun y\u00f6nlendirmeyle makineyi kullanmas\u0131 yeterlidir.<\/p>    <h2 class=\"wp-block-heading\">\u00c7\u00f6p s\u0131k\u0131\u015ft\u0131r\u0131c\u0131 makinesi g\u00fcvenli\u011fi<\/h2>   <div class=\"wp-block-image\"> <figure class=\"aligncenter size-full\"><img loading=\"lazy\" decoding=\"async\" width=\"720\" height=\"540\" src=\"https:\/\/shuliybaler.com\/wp-content\/uploads\/2023\/01\/Trash-compactor-machine-6.webp\" alt=\"\u00c7\u00f6p s\u0131k\u0131\u015ft\u0131r\u0131c\u0131 makinesi \" class=\"wp-image-3074\" title=\"\" srcset=\"https:\/\/shuliybaler.com\/wp-content\/uploads\/2023\/01\/Trash-compactor-machine-6.webp 720w, https:\/\/shuliybaler.com\/wp-content\/uploads\/2023\/01\/Trash-compactor-machine-6-360x270.webp 360w, https:\/\/shuliybaler.com\/wp-content\/uploads\/2023\/01\/Trash-compactor-machine-6-180x135.webp 180w\" sizes=\"auto, (max-width: 720px) 100vw, 720px\" \/><figcaption class=\"wp-element-caption\">\u00c7\u00f6p s\u0131k\u0131\u015ft\u0131r\u0131c\u0131 makinesi <\/figcaption><\/figure> <\/div>   <p>Uzun s\u00fcre biriken \u00e7\u00f6p zararl\u0131 \u00f6zellikler g\u00f6sterebilir. Islak \u00e7\u00f6p depolan\u0131rsa, \u00e7\u00fcr\u00fcr ve k\u00f6t\u00fc koku yayar, bu da zararl\u0131 ve potansiyel olarak tehlikeli olabilir. \u00c7\u00f6p ve at\u0131klar, k\u00f6t\u00fc koku yayan at\u0131klar\u0131 s\u0131k\u0131\u015ft\u0131ran ve b\u00fcy\u00fck miktarda toksik kimyasal \u00fcretimini engelleyen \u00e7\u00f6p s\u0131k\u0131\u015ft\u0131r\u0131c\u0131 ile kolayca bertaraf edilebilir.<\/p>    <h2 class=\"wp-block-heading\">\u00c7\u00f6p balyalama makinesi parametresi<\/h2>    <figure class=\"wp-block-table\"><table><tbody><tr><td>Model<\/td><td>Nominal Kuvvet(kn)<\/td><td>s\u0131k\u0131\u015ft\u0131rma odas\u0131(mm)<\/td><td>Blok boyutu<br>(mm)<\/td><td>Blok yo\u011funlu\u011fu(kg\/m 3 )<\/td><td>Kapastite (kg\/s)<\/td><td>g\u00fc\u00e7(kW)<\/td><td>Bale Bo\u015faltma \u0130\u015flemi<\/td><\/tr><tr><td>Y81-1600<\/td><td>1600<\/td><td>1600\u00d7 1000\u00d7800<\/td><td>300\u00d7300\u00d7(400-800)<\/td><td>\u22652000<\/td><td>2000KG\/H-3000KG\/H<\/td><td>22<\/td><td>Devir, manuel vana operasyonu<\/td><\/tr><\/tbody><\/table><figcaption class=\"wp-element-caption\">\u00c7\u00f6p balyalama makinesi parametresi<\/figcaption><\/figure>","protected":false},"excerpt":{"rendered":"<p>\u00c7\u00f6p s\u0131k\u0131\u015ft\u0131r\u0131c\u0131 makine ayn\u0131 zamanda \u00e7\u00f6p balyalama makinesi olarak da adland\u0131r\u0131l\u0131r, hava, s\u0131v\u0131 ve suyu ekstr\u00fczyonla s\u0131k\u0131\u015ft\u0131r\u0131r ve \u00e7\u00f6p hacmini s\u0131k\u0131\u015ft\u0131rma yoluyla azaltarak depolama alan\u0131n\u0131 k\u00fc\u00e7\u00fclt\u00fcr. \u00c7\u00f6p s\u0131k\u0131\u015ft\u0131r\u0131c\u0131lar \u00e7evre koruma i\u00e7in \u00f6nemli i\u015fleme ekipmanlar\u0131 haline gelmi\u015ftir.<\/p>","protected":false},"author":1,"featured_media":3066,"parent":0,"template":"","tags":[],"product-type":[41],"class_list":["post-3065","product","type-product","status-publish","has-post-thumbnail","hentry","product-type-metal-baler-machine"],"_links":{"self":[{"href":"https:\/\/shuliybaler.com\/tr\/wp-json\/wp\/v2\/product\/3065","targetHints":{"allow":["GET"]}}],"collection":[{"href":"https:\/\/shuliybaler.com\/tr\/wp-json\/wp\/v2\/product"}],"about":[{"href":"https:\/\/shuliybaler.com\/tr\/wp-json\/wp\/v2\/types\/product"}],"author":[{"embeddable":true,"href":"https:\/\/shuliybaler.com\/tr\/wp-json\/wp\/v2\/users\/1"}],"wp:featuredmedia":[{"embeddable":true,"href":"https:\/\/shuliybaler.com\/tr\/wp-json\/wp\/v2\/media\/3066"}],"wp:attachment":[{"href":"https:\/\/shuliybaler.com\/tr\/wp-json\/wp\/v2\/media?parent=3065"}],"wp:term":[{"taxonomy":"post_tag","embeddable":true,"href":"https:\/\/shuliybaler.com\/tr\/wp-json\/wp\/v2\/tags?post=3065"},{"taxonomy":"product-type","embeddable":true,"href":"https:\/\/shuliybaler.com\/tr\/wp-json\/wp\/v2\/product-type?post=3065"}],"curies":[{"name":"wp","href":"https:\/\/api.w.org\/{rel}","templated":true}]}}