{"id":3091,"date":"2023-01-17T16:45:15","date_gmt":"2023-01-17T08:45:15","guid":{"rendered":"https:\/\/shuliybaler.com\/?post_type=product&#038;p=3091"},"modified":"2023-01-18T09:01:05","modified_gmt":"2023-01-18T01:01:05","slug":"used-clothes-baling-machine","status":"publish","type":"product","link":"https:\/\/shuliybaler.com\/tr\/product\/used-clothes-baling-machine\/","title":{"rendered":"Kullan\u0131lm\u0131\u015f giysi balyalama makinesi"},"content":{"rendered":"<p>The clothes baling machine is used to pack and compress loose materials such as old clothes, cotton, clothes, cotton threads, etc. The baler squeezes out the gaps in the clothes to reduce the area occupied by the clothes. Clothes balers are usually used to recycle used clothes and shoes, which can save 80% of the space after compression. Balers are popular machines in the environmental and recycling industries.<\/p>    <h2 class=\"wp-block-heading\">\u0130ki t\u00fcr giysi paketleme makinesi<\/h2>    <figure class=\"wp-block-gallery has-nested-images columns-default is-cropped wp-block-gallery-2 is-layout-flex wp-block-gallery-is-layout-flex\"> <figure class=\"wp-block-image size-large\"><img loading=\"lazy\" decoding=\"async\" width=\"720\" height=\"540\" data-id=\"3094\" src=\"https:\/\/shuliybaler.com\/wp-content\/uploads\/2023\/01\/Horizontal-clothes-baling-machine.webp\" alt=\"Yatay giysi pres makinesi\" class=\"wp-image-3094\" title=\"\" srcset=\"https:\/\/shuliybaler.com\/wp-content\/uploads\/2023\/01\/Horizontal-clothes-baling-machine.webp 720w, https:\/\/shuliybaler.com\/wp-content\/uploads\/2023\/01\/Horizontal-clothes-baling-machine-360x270.webp 360w, https:\/\/shuliybaler.com\/wp-content\/uploads\/2023\/01\/Horizontal-clothes-baling-machine-180x135.webp 180w\" sizes=\"auto, (max-width: 720px) 100vw, 720px\" \/><figcaption class=\"wp-element-caption\">Yatay Giysi Pres Makinesi<\/figcaption><\/figure>    <figure class=\"wp-block-image size-large\"><img loading=\"lazy\" decoding=\"async\" width=\"720\" height=\"540\" data-id=\"3093\" src=\"https:\/\/shuliybaler.com\/wp-content\/uploads\/2023\/01\/Vertical-clothes-baling-machine.webp\" alt=\"Dikey giysi pres makinesi\" class=\"wp-image-3093\" title=\"\" srcset=\"https:\/\/shuliybaler.com\/wp-content\/uploads\/2023\/01\/Vertical-clothes-baling-machine.webp 720w, https:\/\/shuliybaler.com\/wp-content\/uploads\/2023\/01\/Vertical-clothes-baling-machine-360x270.webp 360w, https:\/\/shuliybaler.com\/wp-content\/uploads\/2023\/01\/Vertical-clothes-baling-machine-180x135.webp 180w\" sizes=\"auto, (max-width: 720px) 100vw, 720px\" \/><figcaption class=\"wp-element-caption\">Dikey Giysi Pres Makinesi<\/figcaption><\/figure> <\/figure>    <h3 class=\"wp-block-heading\">Dikey giysi pres makinesi<\/h3>    <p class=\"translation-block\">Dikey pres <a href=\"https:\/\/shuliybaler.com\/tr\/product\/vertical-metal-baler\/\" data-type=\"URL\" data-id=\"https:\/\/shuliybaler.com\/product\/vertical-metal-baler\/\">k\u00fc\u00e7\u00fck giysi presi<\/a>, at\u0131k giysileri hazneye koyabilir ve ard\u0131ndan hidrolik pres giysileri s\u0131k\u0131\u015ft\u0131rabilir.<\/p>    <h4 class=\"wp-block-heading\">Dikey pres parametreleri<\/h4>   <div class=\"wp-block-image\"> <figure class=\"aligncenter size-full\"><img loading=\"lazy\" decoding=\"async\" width=\"720\" height=\"540\" src=\"https:\/\/shuliybaler.com\/wp-content\/uploads\/2023\/01\/Vertical-balers.webp\" alt=\"Dikey presler\" class=\"wp-image-3095\" title=\"\" srcset=\"https:\/\/shuliybaler.com\/wp-content\/uploads\/2023\/01\/Vertical-balers.webp 720w, https:\/\/shuliybaler.com\/wp-content\/uploads\/2023\/01\/Vertical-balers-360x270.webp 360w, https:\/\/shuliybaler.com\/wp-content\/uploads\/2023\/01\/Vertical-balers-180x135.webp 180w\" sizes=\"auto, (max-width: 720px) 100vw, 720px\" \/><figcaption class=\"wp-element-caption\">Dikey presler<\/figcaption><\/figure> <\/div>   <figure class=\"wp-block-table\"><table><tbody><tr><td>Model<\/td><td>SL-10T<\/td><td>SL-20T<\/td><td>SL-30T<\/td><td>SL-60T<\/td><td>SL-80T<\/td><\/tr><tr><td>G\u00fc\u00e7 (kW)<\/td><td>5.5<\/td><td>7.5<\/td><td>11<\/td><td>15<\/td><td>17<\/td><\/tr><tr><td>paket\uff08mm\uff09<\/td><td>800*400*800<\/td><td>800*400*800<\/td><td>800*400*600<\/td><td>1150*750*1000<\/td><td>1150*750*1000<\/td><\/tr><tr><td>bas\u0131n\u00e7\uff08mm\uff09<\/td><td>1000<\/td><td>1000<\/td><td>1000<\/td><td>1100<\/td><td>1100<\/td><\/tr><tr><td>boyut\uff08mm\uff09<\/td><td>1400*700*2900<\/td><td>1400*700*2950<\/td><td>1450*800*2950<\/td><td>1700*1000*3200<\/td><td>1800*1000*3200<\/td><\/tr><tr><td>Ya\u011f silindiri<\/td><td>125<\/td><td>160<\/td><td>160<\/td><td>160<\/td><td>180<\/td><\/tr><tr><td>Pres h\u0131z\u0131 (d\/dak)<\/td><td>8-10<\/td><td>8-10<\/td><td>8-10<\/td><td>6-10<\/td><td>6-10<\/td><\/tr><tr><td>A\u011f\u0131rl\u0131k\uff08kg\uff09<\/td><td>400<\/td><td>850<\/td><td>950<\/td><td>1600<\/td><td>2000<\/td><\/tr><\/tbody><\/table><figcaption class=\"wp-element-caption\">Dikey pres parametreleri<\/figcaption><\/figure>    <h3 class=\"wp-block-heading\">Yatay giysi pres makinesi<\/h3>    <figure class=\"wp-block-gallery has-nested-images columns-default is-cropped wp-block-gallery-3 is-layout-flex wp-block-gallery-is-layout-flex\"> <figure class=\"wp-block-image size-large\"><img loading=\"lazy\" decoding=\"async\" width=\"720\" height=\"540\" data-id=\"3097\" src=\"https:\/\/shuliybaler.com\/wp-content\/uploads\/2023\/01\/Automatic-horizontal-baler.webp\" alt=\"Otomatik yatay pres\" class=\"wp-image-3097\" title=\"\" srcset=\"https:\/\/shuliybaler.com\/wp-content\/uploads\/2023\/01\/Automatic-horizontal-baler.webp 720w, https:\/\/shuliybaler.com\/wp-content\/uploads\/2023\/01\/Automatic-horizontal-baler-360x270.webp 360w, https:\/\/shuliybaler.com\/wp-content\/uploads\/2023\/01\/Automatic-horizontal-baler-180x135.webp 180w\" sizes=\"auto, (max-width: 720px) 100vw, 720px\" \/><figcaption class=\"wp-element-caption\">Otomatik Yatay Pres<\/figcaption><\/figure>    <figure class=\"wp-block-image size-large\"><img loading=\"lazy\" decoding=\"async\" width=\"720\" height=\"540\" data-id=\"3096\" src=\"https:\/\/shuliybaler.com\/wp-content\/uploads\/2023\/01\/Automatic-horizontal-baler-conveyor-belt.webp\" alt=\"Otomatik yatay pres konvey\u00f6r band\u0131\" class=\"wp-image-3096\" title=\"\" srcset=\"https:\/\/shuliybaler.com\/wp-content\/uploads\/2023\/01\/Automatic-horizontal-baler-conveyor-belt.webp 720w, https:\/\/shuliybaler.com\/wp-content\/uploads\/2023\/01\/Automatic-horizontal-baler-conveyor-belt-360x270.webp 360w, https:\/\/shuliybaler.com\/wp-content\/uploads\/2023\/01\/Automatic-horizontal-baler-conveyor-belt-180x135.webp 180w\" sizes=\"auto, (max-width: 720px) 100vw, 720px\" \/><figcaption class=\"wp-element-caption\">Otomatik Yatay Pres Konvey\u00f6r Band\u0131<\/figcaption><\/figure> <\/figure>    <p class=\"translation-block\">Yatay pres, daha b\u00fcy\u00fck bir pres t\u00fcr\u00fcd\u00fcr, tam otomatik \u00fcretim i\u00e7in uygundur ve konvey\u00f6r band\u0131 ile birlikte kullan\u0131larak ikinci el giysileri do\u011frudan konvey\u00f6r band\u0131na koyabilir ve ard\u0131ndan yatay giysi presine g\u00f6ndererek paketleme ve s\u0131k\u0131\u015ft\u0131rma yapabilir.<\/p>    <h4 class=\"wp-block-heading\">Yatay pres parametreleri<\/h4>    <figure class=\"wp-block-gallery has-nested-images columns-2 is-cropped wp-block-gallery-4 is-layout-flex wp-block-gallery-is-layout-flex\"> <figure class=\"wp-block-image size-large\"><img loading=\"lazy\" decoding=\"async\" width=\"720\" height=\"540\" data-id=\"3098\" src=\"https:\/\/shuliybaler.com\/wp-content\/uploads\/2023\/01\/Horizontal-baler-parameters.webp\" alt=\"Yatay balya \" class=\"wp-image-3098\" title=\"\" srcset=\"https:\/\/shuliybaler.com\/wp-content\/uploads\/2023\/01\/Horizontal-baler-parameters.webp 720w, https:\/\/shuliybaler.com\/wp-content\/uploads\/2023\/01\/Horizontal-baler-parameters-360x270.webp 360w, https:\/\/shuliybaler.com\/wp-content\/uploads\/2023\/01\/Horizontal-baler-parameters-180x135.webp 180w\" sizes=\"auto, (max-width: 720px) 100vw, 720px\" \/><figcaption class=\"wp-element-caption\">Yatay Pres <\/figcaption><\/figure>    <figure class=\"wp-block-image size-large\"><img loading=\"lazy\" decoding=\"async\" width=\"720\" height=\"540\" data-id=\"3099\" src=\"https:\/\/shuliybaler.com\/wp-content\/uploads\/2023\/01\/Horizontal-baler-parameters-1.webp\" alt=\"Yatay balya \" class=\"wp-image-3099\" title=\"\" srcset=\"https:\/\/shuliybaler.com\/wp-content\/uploads\/2023\/01\/Horizontal-baler-parameters-1.webp 720w, https:\/\/shuliybaler.com\/wp-content\/uploads\/2023\/01\/Horizontal-baler-parameters-1-360x270.webp 360w, https:\/\/shuliybaler.com\/wp-content\/uploads\/2023\/01\/Horizontal-baler-parameters-1-180x135.webp 180w\" sizes=\"auto, (max-width: 720px) 100vw, 720px\" \/><figcaption class=\"wp-element-caption\">Yatay Pres <\/figcaption><\/figure>    <figure class=\"wp-block-image size-large\"><img loading=\"lazy\" decoding=\"async\" width=\"720\" height=\"540\" data-id=\"3101\" src=\"https:\/\/shuliybaler.com\/wp-content\/uploads\/2023\/01\/Horizontal-baler-parameters-3.webp\" alt=\"Yatay balya \" class=\"wp-image-3101\" title=\"\" srcset=\"https:\/\/shuliybaler.com\/wp-content\/uploads\/2023\/01\/Horizontal-baler-parameters-3.webp 720w, https:\/\/shuliybaler.com\/wp-content\/uploads\/2023\/01\/Horizontal-baler-parameters-3-360x270.webp 360w, https:\/\/shuliybaler.com\/wp-content\/uploads\/2023\/01\/Horizontal-baler-parameters-3-180x135.webp 180w\" sizes=\"auto, (max-width: 720px) 100vw, 720px\" \/><figcaption class=\"wp-element-caption\">Yatay Pres <\/figcaption><\/figure>    <figure class=\"wp-block-image size-large\"><img loading=\"lazy\" decoding=\"async\" width=\"720\" height=\"540\" data-id=\"3100\" src=\"https:\/\/shuliybaler.com\/wp-content\/uploads\/2023\/01\/Horizontal-baler-parameters-2.webp\" alt=\"Yatay balya \" class=\"wp-image-3100\" title=\"\" srcset=\"https:\/\/shuliybaler.com\/wp-content\/uploads\/2023\/01\/Horizontal-baler-parameters-2.webp 720w, https:\/\/shuliybaler.com\/wp-content\/uploads\/2023\/01\/Horizontal-baler-parameters-2-360x270.webp 360w, https:\/\/shuliybaler.com\/wp-content\/uploads\/2023\/01\/Horizontal-baler-parameters-2-180x135.webp 180w\" sizes=\"auto, (max-width: 720px) 100vw, 720px\" \/><figcaption class=\"wp-element-caption\">Yatay Pres <\/figcaption><\/figure> <\/figure>    <figure class=\"wp-block-table\"><table><tbody><tr><td>MODEL<\/td><td>ZW-B<\/td><\/tr><tr><td>Lasti\u011fin Maks. d\u0131\u015f \u00e7ap\u0131<\/td><td>750mm<\/td><\/tr><tr><td>Lasti\u011fin minimum i\u00e7 \u00e7ap\u0131<\/td><td>300mm<\/td><\/tr><tr><td>Maksimum lastik geni\u015fli\u011fi<\/td><td>280mm<\/td><\/tr><tr><td>\u00c7anta Maksimum \u00e7ap\u0131&nbsp;<\/td><td>200mm<\/td><\/tr><tr><td>Ambalaj band\u0131 geni\u015fli\u011fi&nbsp;<\/td><td>40-70mm<\/td><\/tr><tr><td>G\u00fc\u00e7 kayna\u011f\u0131 voltaj\u0131&nbsp;<\/td><td>380v<\/td><\/tr><tr><td>\u00c7al\u0131\u015fma h\u0131z\u0131&nbsp;<\/td><td>20-30sn\/\u015ferit<\/td><\/tr><tr><td>Model<\/td><td>LZW-3H<\/td><\/tr><tr><td>Ambalaj lasti\u011fi i\u00e7 \u00e7ap aral\u0131\u011f\u0131&nbsp;<\/td><td>305-510mm<\/td><\/tr><tr><td>Ambalaj lasti\u011fi geni\u015fli\u011fi&nbsp;<\/td><td>150-280mm<\/td><\/tr><tr><td>Ambalaj lasti\u011finin d\u0131\u015f \u00e7ap\u0131&nbsp;<\/td><td>750mm<\/td><\/tr><tr><td>Ambalaj malzemesi&nbsp;<\/td><td>Ambalaj band\u0131, kompozit ka\u011f\u0131t band\u0131, germe film<\/td><\/tr><tr><td>Ambalaj band\u0131 geni\u015fli\u011fi&nbsp;<\/td><td>60-80mm<\/td><\/tr><tr><td>Ambalaj band\u0131n\u0131n d\u0131\u015f \u00e7ap\u0131&nbsp;<\/td><td>200mm (maksimum)<\/td><\/tr><tr><td>Silindir y\u00fcksekli\u011fi&nbsp;<\/td><td>360mm<\/td><\/tr><tr><td>Rulman silindiri&nbsp;<\/td><td>200kg<\/td><\/tr><tr><td>Ambalaj band\u0131 \u00f6rt\u00fc\u015fme aral\u0131\u011f\u0131&nbsp;<\/td><td>30%-70%<\/td><\/tr><tr><td>\u00dcretim verimlili\u011fi<\/td><td>750\/R20<\/td><\/tr><\/tbody><\/table><figcaption class=\"wp-element-caption\">Yatay pres parametreleri<\/figcaption><\/figure>    <h2 class=\"wp-block-heading\">Giysi pres makinesiyle hangi malzemeler i\u015flenebilir<\/h2>    <figure class=\"wp-block-gallery has-nested-images columns-default is-cropped wp-block-gallery-5 is-layout-flex wp-block-gallery-is-layout-flex\"> <figure class=\"wp-block-image size-large\"><img loading=\"lazy\" decoding=\"async\" width=\"720\" height=\"540\" data-id=\"3102\" src=\"https:\/\/shuliybaler.com\/wp-content\/uploads\/2023\/01\/clothes-baling-machine.webp\" alt=\"giysi pres makinesi\" class=\"wp-image-3102\" title=\"\" srcset=\"https:\/\/shuliybaler.com\/wp-content\/uploads\/2023\/01\/clothes-baling-machine.webp 720w, https:\/\/shuliybaler.com\/wp-content\/uploads\/2023\/01\/clothes-baling-machine-360x270.webp 360w, https:\/\/shuliybaler.com\/wp-content\/uploads\/2023\/01\/clothes-baling-machine-180x135.webp 180w\" sizes=\"auto, (max-width: 720px) 100vw, 720px\" \/><figcaption class=\"wp-element-caption\">Giysi Presleme Makinesi<\/figcaption><\/figure>    <figure class=\"wp-block-image size-large\"><img loading=\"lazy\" decoding=\"async\" width=\"720\" height=\"540\" data-id=\"3103\" src=\"https:\/\/shuliybaler.com\/wp-content\/uploads\/2023\/01\/clothes-baling-machine-1.webp\" alt=\"giysi pres makinesi\" class=\"wp-image-3103\" title=\"\" srcset=\"https:\/\/shuliybaler.com\/wp-content\/uploads\/2023\/01\/clothes-baling-machine-1.webp 720w, https:\/\/shuliybaler.com\/wp-content\/uploads\/2023\/01\/clothes-baling-machine-1-360x270.webp 360w, https:\/\/shuliybaler.com\/wp-content\/uploads\/2023\/01\/clothes-baling-machine-1-180x135.webp 180w\" sizes=\"auto, (max-width: 720px) 100vw, 720px\" \/><figcaption class=\"wp-element-caption\">Giysi Presleme Makinesi<\/figcaption><\/figure> <\/figure>    <p class=\"translation-block\">Pres ile paketlenebilecek malzemeler aras\u0131nda <a href=\"https:\/\/en.wikipedia.org\/wiki\/Cotton\" data-type=\"URL\" data-id=\"https:\/\/en.wikipedia.org\/wiki\/Cotton\" target=\"_blank\" rel=\"noopener\">pamuk<\/a>, geri d\u00f6n\u00fc\u015ft\u00fcr\u00fclebilir \u00e7\u00f6p, at\u0131k ka\u011f\u0131t, <a href=\"https:\/\/en.wikipedia.org\/wiki\/Scrap\" data-type=\"URL\" data-id=\"https:\/\/en.wikipedia.org\/wiki\/Scrap\" target=\"_blank\" rel=\"noopener\">hurda metal<\/a>, plastik \u015fi\u015fe, kutu, plastik torba vb. bulunur, \u00f6zellikle b\u00fcy\u00fck bo\u015fluklar ve geni\u015f alanlar olan \u00fcr\u00fcnlerde etkisi daha belirgin olur.<\/p>    <h2 class=\"wp-block-heading\">Neden giysi pres makinesi kullan\u0131l\u0131r?<\/h2>    <figure class=\"wp-block-gallery has-nested-images columns-default is-cropped wp-block-gallery-6 is-layout-flex wp-block-gallery-is-layout-flex\"> <figure class=\"wp-block-image size-large\"><img loading=\"lazy\" decoding=\"async\" width=\"720\" height=\"540\" data-id=\"3108\" src=\"https:\/\/shuliybaler.com\/wp-content\/uploads\/2023\/01\/clothes-baling-3.webp\" alt=\"K\u0131yafet balyalama\" class=\"wp-image-3108\" title=\"\" srcset=\"https:\/\/shuliybaler.com\/wp-content\/uploads\/2023\/01\/clothes-baling-3.webp 720w, https:\/\/shuliybaler.com\/wp-content\/uploads\/2023\/01\/clothes-baling-3-360x270.webp 360w, https:\/\/shuliybaler.com\/wp-content\/uploads\/2023\/01\/clothes-baling-3-180x135.webp 180w\" sizes=\"auto, (max-width: 720px) 100vw, 720px\" \/><figcaption class=\"wp-element-caption\">Giysi Presleme<\/figcaption><\/figure>    <figure class=\"wp-block-image size-large\"><img loading=\"lazy\" decoding=\"async\" width=\"720\" height=\"540\" data-id=\"3104\" src=\"https:\/\/shuliybaler.com\/wp-content\/uploads\/2023\/01\/clothes-baling.webp\" alt=\"K\u0131yafet balyalama\" class=\"wp-image-3104\" title=\"\" srcset=\"https:\/\/shuliybaler.com\/wp-content\/uploads\/2023\/01\/clothes-baling.webp 720w, https:\/\/shuliybaler.com\/wp-content\/uploads\/2023\/01\/clothes-baling-360x270.webp 360w, https:\/\/shuliybaler.com\/wp-content\/uploads\/2023\/01\/clothes-baling-180x135.webp 180w\" sizes=\"auto, (max-width: 720px) 100vw, 720px\" \/><figcaption class=\"wp-element-caption\">Giysi Presleme<\/figcaption><\/figure>    <figure class=\"wp-block-image size-large\"><img loading=\"lazy\" decoding=\"async\" width=\"720\" height=\"540\" data-id=\"3105\" src=\"https:\/\/shuliybaler.com\/wp-content\/uploads\/2023\/01\/clothes-baling-1.webp\" alt=\"K\u0131yafet balyalama\" class=\"wp-image-3105\" title=\"\" srcset=\"https:\/\/shuliybaler.com\/wp-content\/uploads\/2023\/01\/clothes-baling-1.webp 720w, https:\/\/shuliybaler.com\/wp-content\/uploads\/2023\/01\/clothes-baling-1-360x270.webp 360w, https:\/\/shuliybaler.com\/wp-content\/uploads\/2023\/01\/clothes-baling-1-180x135.webp 180w\" sizes=\"auto, (max-width: 720px) 100vw, 720px\" \/><figcaption class=\"wp-element-caption\">Giysi Presleme<\/figcaption><\/figure> <\/figure>    <ol class=\"wp-block-list\"> <li>Malzeme ta\u015f\u0131ma hacmini azalt\u0131n ve ta\u015f\u0131ma verimlili\u011fini art\u0131r\u0131n<\/li>    <li>Malzeme at\u0131\u011f\u0131ndan tasarruf<\/li>    <li>Ambalaj malzemeleri sat\u0131\u015f\u0131ndan gelir elde edin<\/li>    <li>\u00dcr\u00fcn de\u011ferini en \u00fcst d\u00fczeye \u00e7\u0131karmak i\u00e7in sekt\u00f6r normlar\u0131n\u0131 kar\u015f\u0131lay\u0131n veya a\u015f\u0131n<\/li> <\/ol>    <figure class=\"wp-block-embed is-type-video is-provider-youtube wp-block-embed-youtube wp-embed-aspect-16-9 wp-has-aspect-ratio\"><div class=\"wp-block-embed__wrapper\"> <iframe loading=\"lazy\" title=\"\u0130ki tip kullan\u0131lm\u0131\u015f giysi pres makinesi | dikey giysi pres | yatay giysi pres\" width=\"500\" height=\"281\" src=\"https:\/\/www.youtube.com\/embed\/UJUC6do1EKU?feature=oembed\" frameborder=\"0\" allow=\"accelerometer; autoplay; clipboard-write; encrypted-media; gyroscope; picture-in-picture; web-share\" referrerpolicy=\"strict-origin-when-cross-origin\" allowfullscreen><\/iframe> <\/div><figcaption class=\"wp-element-caption\">giysi pres makinesi<\/figcaption><\/figure>","protected":false},"excerpt":{"rendered":"<p>The clothes baling machine is used to pack and compress loose materials such as old clothes, cotton, clothes, cotton threads, etc. The baler squeezes out the gaps in the clothes to reduce the area occupied by the clothes. Clothes balers are usually used to recycle used clothes and shoes, which can save 80% of the space after compression. Balers are popular machines in the environmental and recycling industries<\/p>","protected":false},"author":1,"featured_media":3092,"parent":0,"template":"","tags":[59],"product-type":[41],"class_list":["post-3091","product","type-product","status-publish","has-post-thumbnail","hentry","tag-used-clothes-baling-machine","product-type-metal-baler-machine"],"_links":{"self":[{"href":"https:\/\/shuliybaler.com\/tr\/wp-json\/wp\/v2\/product\/3091","targetHints":{"allow":["GET"]}}],"collection":[{"href":"https:\/\/shuliybaler.com\/tr\/wp-json\/wp\/v2\/product"}],"about":[{"href":"https:\/\/shuliybaler.com\/tr\/wp-json\/wp\/v2\/types\/product"}],"author":[{"embeddable":true,"href":"https:\/\/shuliybaler.com\/tr\/wp-json\/wp\/v2\/users\/1"}],"wp:featuredmedia":[{"embeddable":true,"href":"https:\/\/shuliybaler.com\/tr\/wp-json\/wp\/v2\/media\/3092"}],"wp:attachment":[{"href":"https:\/\/shuliybaler.com\/tr\/wp-json\/wp\/v2\/media?parent=3091"}],"wp:term":[{"taxonomy":"post_tag","embeddable":true,"href":"https:\/\/shuliybaler.com\/tr\/wp-json\/wp\/v2\/tags?post=3091"},{"taxonomy":"product-type","embeddable":true,"href":"https:\/\/shuliybaler.com\/tr\/wp-json\/wp\/v2\/product-type?post=3091"}],"curies":[{"name":"wp","href":"https:\/\/api.w.org\/{rel}","templated":true}]}}