{"id":3150,"date":"2023-03-22T16:47:23","date_gmt":"2023-03-22T08:47:23","guid":{"rendered":"https:\/\/shuliybaler.com\/?post_type=product&#038;p=3150"},"modified":"2024-01-18T17:44:05","modified_gmt":"2024-01-18T09:44:05","slug":"scrap-hydraulic-tyre-baling-machine","status":"publish","type":"product","link":"https:\/\/shuliybaler.com\/tr\/product\/scrap-hydraulic-tyre-baling-machine\/","title":{"rendered":"Hurda hidrolik lastik balyalama makinesi ile lastik geri d\u00f6n\u00fc\u015f\u00fcm\u00fc"},"content":{"rendered":"<p class=\"translation-block\"><strong>Lastik balyalama makinesi<\/strong>, kamyon lastikleri, araba lastikleri vb. s\u0131k\u0131\u015ft\u0131rmak i\u00e7in hidrolik sistem kullan\u0131r, depolama ve ta\u015f\u0131ma alan\u0131n\u0131 tasarruf sa\u011flar. <\/p>    <p class=\"translation-block\">Lastik balyalama makinelerinin iki tipi vard\u0131r, <strong>dikey balyalama makinesi<\/strong> ve <strong>yatay balyalama makinesi<\/strong>, her ikisi de lastikleri paketlemek i\u00e7in kullan\u0131labilir. \u0130ki makinenin \u00e7\u0131k\u0131\u015f\u0131 farkl\u0131d\u0131r. Lastik balyalar\u0131 geri d\u00f6n\u00fc\u015f\u00fcm end\u00fcstrisinde yayg\u0131n olarak kullan\u0131lmaktad\u0131r. <\/p>    <p>B\u00f6ylece, lastik geri d\u00f6n\u00fc\u015f\u00fcm\u00fc istiyorsan\u0131z, daha fazla makine detay\u0131 ve fiyat i\u00e7in bizimle ileti\u015fime ge\u00e7in!<\/p>    <figure class=\"wp-block-embed is-type-video is-provider-youtube wp-block-embed-youtube wp-embed-aspect-16-9 wp-has-aspect-ratio\"><div class=\"wp-block-embed__wrapper\"> <iframe loading=\"lazy\" title=\"Bir at\u0131k lastik pres balyalama makinesi Endonezya&#039;ya ihra\u00e7 ediliyor | hurda lastik geri d\u00f6n\u00fc\u015f\u00fcm balyalama makinesi\" width=\"500\" height=\"281\" src=\"https:\/\/www.youtube.com\/embed\/1_gq1TGwO4w?feature=oembed\" frameborder=\"0\" allow=\"accelerometer; autoplay; clipboard-write; encrypted-media; gyroscope; picture-in-picture; web-share\" referrerpolicy=\"strict-origin-when-cross-origin\" allowfullscreen><\/iframe> <\/div><figcaption class=\"wp-element-caption\">Yatay lastik balyalama makinesi videosu<\/figcaption><\/figure>    <h2 class=\"wp-block-heading\"><strong>Sat\u0131\u015fta olan lastik balyalama makineleri t\u00fcrleri<\/strong><\/h2>    <h3 class=\"wp-block-heading\"><strong>Yatay lastik balyalama makinesi tan\u0131t\u0131m\u0131<\/strong><\/h3>    <div class=\"wp-block-media-text alignwide is-stacked-on-mobile\"><figure class=\"wp-block-media-text__media\"><img loading=\"lazy\" decoding=\"async\" width=\"750\" height=\"750\" src=\"https:\/\/shuliybaler.com\/wp-content\/uploads\/2023\/03\/horizontal-tyre-baling-machine.webp\" alt=\" yatay lastik balyalama makinesi\" class=\"wp-image-3152 size-full\" title=\"\" srcset=\"https:\/\/shuliybaler.com\/wp-content\/uploads\/2023\/03\/horizontal-tyre-baling-machine.webp 750w, https:\/\/shuliybaler.com\/wp-content\/uploads\/2023\/03\/horizontal-tyre-baling-machine-270x270.webp 270w, https:\/\/shuliybaler.com\/wp-content\/uploads\/2023\/03\/horizontal-tyre-baling-machine-540x540.webp 540w\" sizes=\"auto, (max-width: 750px) 100vw, 750px\" \/><\/figure><div class=\"wp-block-media-text__content\"> <p>Bu yatay balyalama makinesi toplamda daha b\u00fcy\u00fck bir \u00e7\u0131kt\u0131 sa\u011flar. Toplamda d\u00f6rt modeli vard\u0131r. <\/p>    <p>Bu yatay balyalama makinesi ortalama 6-8 torba paketleyebilir. Her torban\u0131n lastik a\u011f\u0131rl\u0131\u011f\u0131 modele g\u00f6re de\u011fi\u015fir. <\/p>    <p>Elbette, model ne kadar b\u00fcy\u00fckse, torba ba\u015f\u0131na o kadar \u00e7ok lastik ve o kadar a\u011f\u0131r olur.<\/p> <\/div><\/div>    <figure class=\"wp-block-table\"><table><tbody><tr><td>Model<\/td><td>SL-DB-100<\/td><td>SL-DB-160<\/td><td>SL-DB-180<\/td><td>SL-DB-200<\/td><\/tr><tr><td>Bas\u0131n\u00e7<\/td><td>1000KN<\/td><td>1600 KN<\/td><td>1800 KN<\/td><td>2000 KN<\/td><\/tr><tr><td>Ana g\u00fc\u00e7<\/td><td>22KW 1.5KW 4kw<\/td><td>37KW 1.5KW 4kw<\/td><td>45KW 3KW 5kw<\/td><td>55KW 13KW 5.5kw<\/td><\/tr><tr><td>Balyalama telleri miktar\u0131<\/td><td>4\/5<\/td><td>4\/5<\/td><td>5<\/td><td>5<\/td><\/tr><tr><td>Balyalar\u0131n boyutu<\/td><td>W1150mm*<br>H1050mm<br>*L(ayarlanabilir)<\/td><td>W1150mm*<br>H1250mm<br>*L(ayarlanabilir)<\/td><td>W1150mm*<br>H1350mm<br>*L(ayarlanabilir)<\/td><td>W1150mm*<br>H1450mm<br>*L(ayarlanabilir)<\/td><\/tr><tr><td>Tel<\/td><td>Tavlanm\u0131\u015f tel 3mm(12#) veya plastik tel<\/td><td>Tavlanm\u0131\u015f tel 3mm(12#) veya plastik tel<\/td><td>Tavlanm\u0131\u015f tel 3mm(12#) veya plastik tel<\/td><td>Tavlanm\u0131\u015f tel 3mm(12#) veya plastik tel<\/td><\/tr><tr><td>Gerilim<\/td><td>380V\/50HZ<\/td><td>380V\/50HZ<\/td><td>380V\/50HZ<\/td><td>380V\/50HZ<\/td><\/tr><tr><td>Ba\u011flama y\u00f6ntemi<\/td><td>Manuel\/otomatik<\/td><td>Manuel\/otomatik<\/td><td>Manuel\/otomatik<\/td><td>Manuel\/otomatik<\/td><\/tr><tr><td>Kapasite<\/td><td>6-8 bal\/h<\/td><td>6-8 bal\/h<\/td><td>6-8 bal\/h<\/td><td>6-8 bal\/h<\/td><\/tr><tr><td>Balya a\u011f\u0131rl\u0131\u011f\u0131<\/td><td>500-1000kg<\/td><td>1000-1300kg<\/td><td>1000-1300kg<\/td><td>1000-1300kg<\/td><\/tr><tr><td>Konvey\u00f6r boyutu<\/td><td>6530*<em>1400<\/em>*3200mm<\/td><td>7113*<em>1555<\/em>*3360mm<\/td><td>7800*<em>1655<\/em>*3360mm<\/td><td>8200*<em>1700<\/em>*3360mm<\/td><\/tr><tr><td>\u0130\u015fletme y\u00f6ntemi<\/td><td>Manuel\/PLC<\/td><td>Manuel\/PLC<\/td><td>Manuel\/PLC<\/td><td>Manuel\/PLC<\/td><\/tr><\/tbody><\/table><figcaption class=\"wp-element-caption\">yatay lastik balyalama parametreleri<\/figcaption><\/figure>    <figure class=\"wp-block-gallery has-nested-images columns-default is-cropped wp-block-gallery-2 is-layout-flex wp-block-gallery-is-layout-flex\"> <figure class=\"wp-block-image size-large\"><img loading=\"lazy\" decoding=\"async\" width=\"720\" height=\"540\" data-id=\"3161\" src=\"https:\/\/shuliybaler.com\/wp-content\/uploads\/2023\/03\/horizontal-tyre-baling-machine-1.webp\" alt=\"Yatay lastik balyalama makinesi sat\u0131l\u0131k\" class=\"wp-image-3161\" title=\"\" srcset=\"https:\/\/shuliybaler.com\/wp-content\/uploads\/2023\/03\/horizontal-tyre-baling-machine-1.webp 720w, https:\/\/shuliybaler.com\/wp-content\/uploads\/2023\/03\/horizontal-tyre-baling-machine-1-360x270.webp 360w, https:\/\/shuliybaler.com\/wp-content\/uploads\/2023\/03\/horizontal-tyre-baling-machine-1-180x135.webp 180w\" sizes=\"auto, (max-width: 720px) 100vw, 720px\" \/><figcaption class=\"wp-element-caption\">Yatay Lastik Balyalama Makinesi Sat\u0131l\u0131k<\/figcaption><\/figure>    <figure class=\"wp-block-image size-large\"><img loading=\"lazy\" decoding=\"async\" width=\"720\" height=\"540\" data-id=\"3163\" src=\"https:\/\/shuliybaler.com\/wp-content\/uploads\/2023\/03\/horizontal-tyre-baling-machine-3.webp\" alt=\"yatay lastik balyalama makinesi\" class=\"wp-image-3163\" title=\"\" srcset=\"https:\/\/shuliybaler.com\/wp-content\/uploads\/2023\/03\/horizontal-tyre-baling-machine-3.webp 720w, https:\/\/shuliybaler.com\/wp-content\/uploads\/2023\/03\/horizontal-tyre-baling-machine-3-360x270.webp 360w, https:\/\/shuliybaler.com\/wp-content\/uploads\/2023\/03\/horizontal-tyre-baling-machine-3-180x135.webp 180w\" sizes=\"auto, (max-width: 720px) 100vw, 720px\" \/><figcaption class=\"wp-element-caption\">Yatay Lastik Balyalama Makinesi<\/figcaption><\/figure>    <figure class=\"wp-block-image size-large\"><img loading=\"lazy\" decoding=\"async\" width=\"720\" height=\"540\" data-id=\"3164\" src=\"https:\/\/shuliybaler.com\/wp-content\/uploads\/2023\/03\/horizontal-tyre-baler-machine.webp\" alt=\"Yatay lastik balyalama makinesi\" class=\"wp-image-3164\" title=\"\" srcset=\"https:\/\/shuliybaler.com\/wp-content\/uploads\/2023\/03\/horizontal-tyre-baler-machine.webp 720w, https:\/\/shuliybaler.com\/wp-content\/uploads\/2023\/03\/horizontal-tyre-baler-machine-360x270.webp 360w, https:\/\/shuliybaler.com\/wp-content\/uploads\/2023\/03\/horizontal-tyre-baler-machine-180x135.webp 180w\" sizes=\"auto, (max-width: 720px) 100vw, 720px\" \/><figcaption class=\"wp-element-caption\">Yatay Lastik Balyalama Makinesi<\/figcaption><\/figure>    <figure class=\"wp-block-image size-large\"><img loading=\"lazy\" decoding=\"async\" width=\"720\" height=\"540\" data-id=\"3162\" src=\"https:\/\/shuliybaler.com\/wp-content\/uploads\/2023\/03\/horizontal-tyre-baling-machine-2.webp\" alt=\"Yatay lastik balyalama pres makinesi\" class=\"wp-image-3162\" title=\"\" srcset=\"https:\/\/shuliybaler.com\/wp-content\/uploads\/2023\/03\/horizontal-tyre-baling-machine-2.webp 720w, https:\/\/shuliybaler.com\/wp-content\/uploads\/2023\/03\/horizontal-tyre-baling-machine-2-360x270.webp 360w, https:\/\/shuliybaler.com\/wp-content\/uploads\/2023\/03\/horizontal-tyre-baling-machine-2-180x135.webp 180w\" sizes=\"auto, (max-width: 720px) 100vw, 720px\" \/><figcaption class=\"wp-element-caption\">Yatay Lastik Balyalama Presi<\/figcaption><\/figure>    <figure class=\"wp-block-image size-large\"><img loading=\"lazy\" decoding=\"async\" width=\"720\" height=\"540\" data-id=\"3165\" src=\"https:\/\/shuliybaler.com\/wp-content\/uploads\/2023\/03\/horizontal-tire-baling-machine.webp\" alt=\"Yatay lastik balyalama makinesi\" class=\"wp-image-3165\" title=\"\" srcset=\"https:\/\/shuliybaler.com\/wp-content\/uploads\/2023\/03\/horizontal-tire-baling-machine.webp 720w, https:\/\/shuliybaler.com\/wp-content\/uploads\/2023\/03\/horizontal-tire-baling-machine-360x270.webp 360w, https:\/\/shuliybaler.com\/wp-content\/uploads\/2023\/03\/horizontal-tire-baling-machine-180x135.webp 180w\" sizes=\"auto, (max-width: 720px) 100vw, 720px\" \/><figcaption class=\"wp-element-caption\">Yatay Lastik Balyalama Makinesi<\/figcaption><\/figure> <\/figure>    <h3 class=\"wp-block-heading\"><strong>Dikey lastik balyalama makinesi tan\u0131t\u0131m\u0131<\/strong><br><\/h3>    <div class=\"wp-block-media-text alignwide has-media-on-the-right is-stacked-on-mobile\"><div class=\"wp-block-media-text__content\"> <p class=\"translation-block\"><a href=\"https:\/\/shuliybaler.com\/tr\/product\/vertical-metal-baler\/\">Dikey balyalama<\/a> k\u00fc\u00e7\u00fck bir alan kaplar ve s\u0131k\u0131\u015ft\u0131rma oran\u0131 5:1'dir. <\/p>    <p>Dikey lastik balyalama presinin be\u015f modeli vard\u0131r, saatte ortalama 6-10 balya paketleyebilir. <\/p>    <p>Farkl\u0131 modellerin her bir lastik torbas\u0131 i\u00e7in farkl\u0131 a\u011f\u0131rl\u0131klar\u0131 vard\u0131r. 80 model paketleri 2000kg'a ula\u015f\u0131r.<\/p> <\/div><figure class=\"wp-block-media-text__media\"><img loading=\"lazy\" decoding=\"async\" width=\"720\" height=\"540\" src=\"https:\/\/shuliybaler.com\/wp-content\/uploads\/2023\/03\/vertical-tire-baling-machine.webp\" alt=\"dikey lastik balyalama makinesi\" class=\"wp-image-3153 size-full\" title=\"\" srcset=\"https:\/\/shuliybaler.com\/wp-content\/uploads\/2023\/03\/vertical-tire-baling-machine.webp 720w, https:\/\/shuliybaler.com\/wp-content\/uploads\/2023\/03\/vertical-tire-baling-machine-360x270.webp 360w, https:\/\/shuliybaler.com\/wp-content\/uploads\/2023\/03\/vertical-tire-baling-machine-180x135.webp 180w\" sizes=\"auto, (max-width: 720px) 100vw, 720px\" \/><\/figure><\/div>    <figure class=\"wp-block-table\"><table><tbody><tr><td>Model<\/td><td>SL-10T<\/td><td>SL-20T<\/td><td>SL-30T<\/td><td>SL-60T<\/td><td>SL-80T<\/td><\/tr><tr><td>G\u00fc\u00e7\uff08kw\uff09<\/td><td>5.5<\/td><td>7.5<\/td><td>11<\/td><td>15<\/td><td>17<\/td><\/tr><tr><td>paket\uff08<br>mm\uff09<\/td><td>800*400*800<\/td><td>800*400*800<\/td><td>800*<em>400<\/em>*600<\/td><td>1150*<em>750<\/em>*1000<\/td><td>1150*<em>750<\/em>*1000<\/td><\/tr><tr><td>bas\u0131n\u00e7\uff08<br>mm\uff09<\/td><td>1000<\/td><td>1000<\/td><td>1000<\/td><td>1100<\/td><td>1100<\/td><\/tr><tr><td>boyut\uff08mm\uff09<\/td><td>1400*<em>700<\/em>*2900<\/td><td>1400*<em>700<\/em>*2950<\/td><td>1450*<em>700<\/em>*2950<\/td><td>1700*<em>1000<\/em>*3200<\/td><td>1800*<em>1000<\/em>*3200<\/td><\/tr><tr><td>Ya\u011f silindiri<\/td><td>125<\/td><td>160<\/td><td>160<\/td><td>160<\/td><td>180<\/td><\/tr><tr><td>Balyalama h\u0131z\u0131<br>(p\/dak)<\/td><td>8-10<\/td><td>8-10<\/td><td>8-10<\/td><td>6-10<\/td><td>6-10<\/td><\/tr><tr><td>A\u011f\u0131rl\u0131k\uff08kg\uff09<\/td><td>400<\/td><td>850<\/td><td>950<\/td><td>1600<\/td><td>2000<\/td><\/tr><\/tbody><\/table><figcaption class=\"wp-element-caption\">dikey lastik balyalama parametreleri<\/figcaption><\/figure>    <figure class=\"wp-block-gallery has-nested-images columns-default is-cropped wp-block-gallery-3 is-layout-flex wp-block-gallery-is-layout-flex\"> <figure class=\"wp-block-image size-large\"><img loading=\"lazy\" decoding=\"async\" width=\"750\" height=\"750\" data-id=\"3160\" src=\"https:\/\/shuliybaler.com\/wp-content\/uploads\/2023\/03\/vertical-tire-baler-machine.webp\" alt=\"dikey lastik baler makinesi\" class=\"wp-image-3160\" title=\"\" srcset=\"https:\/\/shuliybaler.com\/wp-content\/uploads\/2023\/03\/vertical-tire-baler-machine.webp 750w, https:\/\/shuliybaler.com\/wp-content\/uploads\/2023\/03\/vertical-tire-baler-machine-270x270.webp 270w, https:\/\/shuliybaler.com\/wp-content\/uploads\/2023\/03\/vertical-tire-baler-machine-540x540.webp 540w\" sizes=\"auto, (max-width: 750px) 100vw, 750px\" \/><figcaption class=\"wp-element-caption\">Dikey Lastik Balyalama Makinesi<\/figcaption><\/figure>    <figure class=\"wp-block-image size-large\"><img loading=\"lazy\" decoding=\"async\" width=\"750\" height=\"750\" data-id=\"3159\" src=\"https:\/\/shuliybaler.com\/wp-content\/uploads\/2023\/03\/vertical-tire-baling-machine-1.webp\" alt=\"dikey lastik baler makinesi\" class=\"wp-image-3159\" title=\"\" srcset=\"https:\/\/shuliybaler.com\/wp-content\/uploads\/2023\/03\/vertical-tire-baling-machine-1.webp 750w, https:\/\/shuliybaler.com\/wp-content\/uploads\/2023\/03\/vertical-tire-baling-machine-1-270x270.webp 270w, https:\/\/shuliybaler.com\/wp-content\/uploads\/2023\/03\/vertical-tire-baling-machine-1-540x540.webp 540w\" sizes=\"auto, (max-width: 750px) 100vw, 750px\" \/><figcaption class=\"wp-element-caption\">Dikey Lastik Balyalama Makinesi<\/figcaption><\/figure> <\/figure>    <h2 class=\"wp-block-heading\"><strong>Kamyon lasti\u011fi balyalama uygulamas\u0131<\/strong><\/h2>    <p>At\u0131k lastik balyalama makinesi esas olarak lastik geri d\u00f6n\u00fc\u015f\u00fcm end\u00fcstrisinde kullan\u0131l\u0131r. At\u0131k lastik i\u015flenmedi\u011fi takdirde \u00e7evre kirlili\u011fine neden olabilir. <\/p>    <p>Lastik balyalama presi ile i\u015flendi\u011finde, lastik kat\u0131 bir blo\u011fa s\u0131k\u0131\u015ft\u0131r\u0131labilir, bu da hacmi azalt\u0131r ve ta\u015f\u0131ma ve i\u015flem maliyetlerini d\u00fc\u015f\u00fcr\u00fcr, ayn\u0131 zamanda \u00e7evresel kirlilik riskini azalt\u0131r.<\/p>    <figure class=\"wp-block-gallery has-nested-images columns-default is-cropped wp-block-gallery-4 is-layout-flex wp-block-gallery-is-layout-flex\"> <figure class=\"wp-block-image size-large\"><img loading=\"lazy\" decoding=\"async\" width=\"720\" height=\"540\" data-id=\"3157\" src=\"https:\/\/shuliybaler.com\/wp-content\/uploads\/2023\/03\/Scrap-tires.webp\" alt=\"\" class=\"wp-image-3157\" title=\"\" srcset=\"https:\/\/shuliybaler.com\/wp-content\/uploads\/2023\/03\/Scrap-tires.webp 720w, https:\/\/shuliybaler.com\/wp-content\/uploads\/2023\/03\/Scrap-tires-360x270.webp 360w, https:\/\/shuliybaler.com\/wp-content\/uploads\/2023\/03\/Scrap-tires-180x135.webp 180w\" sizes=\"auto, (max-width: 720px) 100vw, 720px\" \/><figcaption class=\"wp-element-caption\">Hurda Lastikler<\/figcaption><\/figure>    <figure class=\"wp-block-image size-large\"><img loading=\"lazy\" decoding=\"async\" width=\"720\" height=\"540\" data-id=\"3158\" src=\"https:\/\/shuliybaler.com\/wp-content\/uploads\/2023\/03\/Scrap-tires-after-baling.webp\" alt=\"Balyalanm\u0131\u015f hurda lastikler\" class=\"wp-image-3158\" title=\"\" srcset=\"https:\/\/shuliybaler.com\/wp-content\/uploads\/2023\/03\/Scrap-tires-after-baling.webp 720w, https:\/\/shuliybaler.com\/wp-content\/uploads\/2023\/03\/Scrap-tires-after-baling-360x270.webp 360w, https:\/\/shuliybaler.com\/wp-content\/uploads\/2023\/03\/Scrap-tires-after-baling-180x135.webp 180w\" sizes=\"auto, (max-width: 720px) 100vw, 720px\" \/><figcaption class=\"wp-element-caption\">Balyalanm\u0131\u015f Hurda Lastikler<\/figcaption><\/figure> <\/figure>    <ul class=\"wp-block-list\"> <li><strong>Lastik depolama<\/strong>: Baler, lastikleri daha k\u00fc\u00e7\u00fck bir hacme s\u0131k\u0131\u015ft\u0131rabilir, bu da \u00f6zellikle lastik depolama alan\u0131 s\u0131n\u0131rl\u0131ysa, alan\u0131n en iyi \u015fekilde kullan\u0131lmas\u0131n\u0131 sa\u011flar ve lastiklerin verimli depolanmas\u0131n\u0131 sa\u011flar.<\/li>    <li><strong>Lastik g\u00f6nderimi<\/strong>: Paketlenmi\u015f lastikler, s\u0131k\u0131\u015ft\u0131r\u0131lmam\u0131\u015f lastiklere g\u00f6re daha kolay g\u00f6nderilir ve ta\u015f\u0131n\u0131r, bu da nakliye ve i\u015f\u00e7ilik maliyetlerini azalt\u0131r.<\/li> <\/ul>    <h2 class=\"wp-block-heading\"><strong>Lastik balyalama makinesi ba\u015fka hangi hammaddeleri i\u015fleyebilir?<\/strong><\/h2>    <p class=\"translation-block\">Lastik balyalar\u0131 genellikle eski k\u0131yafetler ve ayakkab\u0131lar, tala\u015f balyas\u0131, saman balyas\u0131 ,  at\u0131k ka\u011f\u0131t balyas\u0131, karton balyas\u0131, PET \u015fi\u015feleri balyas\u0131 , vb. i\u00e7in de kullan\u0131l\u0131r. Lastik balyalama makinesi geni\u015f bir kullan\u0131m alan\u0131na sahiptir.<\/p>    <figure class=\"wp-block-gallery has-nested-images columns-default is-cropped wp-block-gallery-5 is-layout-flex wp-block-gallery-is-layout-flex\"> <figure class=\"wp-block-image size-large\"><img loading=\"lazy\" decoding=\"async\" width=\"720\" height=\"540\" data-id=\"3154\" src=\"https:\/\/shuliybaler.com\/wp-content\/uploads\/2023\/03\/waste-paper-baling.webp\" alt=\"At\u0131k ka\u011f\u0131t balyalama\" class=\"wp-image-3154\" title=\"\" srcset=\"https:\/\/shuliybaler.com\/wp-content\/uploads\/2023\/03\/waste-paper-baling.webp 720w, https:\/\/shuliybaler.com\/wp-content\/uploads\/2023\/03\/waste-paper-baling-360x270.webp 360w, https:\/\/shuliybaler.com\/wp-content\/uploads\/2023\/03\/waste-paper-baling-180x135.webp 180w\" sizes=\"auto, (max-width: 720px) 100vw, 720px\" \/><figcaption class=\"wp-element-caption\">At\u0131k Ka\u011f\u0131t Balyas\u0131<\/figcaption><\/figure>    <figure class=\"wp-block-image size-large\"><img loading=\"lazy\" decoding=\"async\" width=\"720\" height=\"540\" data-id=\"3155\" src=\"https:\/\/shuliybaler.com\/wp-content\/uploads\/2023\/03\/straw-baling.webp\" alt=\"saman balyalama\" class=\"wp-image-3155\" title=\"\" srcset=\"https:\/\/shuliybaler.com\/wp-content\/uploads\/2023\/03\/straw-baling.webp 720w, https:\/\/shuliybaler.com\/wp-content\/uploads\/2023\/03\/straw-baling-360x270.webp 360w, https:\/\/shuliybaler.com\/wp-content\/uploads\/2023\/03\/straw-baling-180x135.webp 180w\" sizes=\"auto, (max-width: 720px) 100vw, 720px\" \/><figcaption class=\"wp-element-caption\">Saman Balyalama<\/figcaption><\/figure>    <figure class=\"wp-block-image size-large\"><img loading=\"lazy\" decoding=\"async\" width=\"720\" height=\"540\" data-id=\"3156\" src=\"https:\/\/shuliybaler.com\/wp-content\/uploads\/2023\/03\/Waste-cans-baling.webp\" alt=\"At\u0131k kutular balyalan\u0131yor\" class=\"wp-image-3156\" title=\"\" srcset=\"https:\/\/shuliybaler.com\/wp-content\/uploads\/2023\/03\/Waste-cans-baling.webp 720w, https:\/\/shuliybaler.com\/wp-content\/uploads\/2023\/03\/Waste-cans-baling-360x270.webp 360w, https:\/\/shuliybaler.com\/wp-content\/uploads\/2023\/03\/Waste-cans-baling-180x135.webp 180w\" sizes=\"auto, (max-width: 720px) 100vw, 720px\" \/><figcaption class=\"wp-element-caption\">At\u0131k Kutular\u0131 Balyas\u0131<\/figcaption><\/figure> <\/figure>    <h2 class=\"wp-block-heading\"><strong>Araba lasti\u011fi balyalama yap\u0131s\u0131<\/strong><\/h2>    <p>Lastik paketleyici, lastikleri kompakt paketlere s\u0131k\u0131\u015ft\u0131rmak i\u00e7in kullan\u0131lan bir ekipmand\u0131r. Ekipman, temel olarak bir \u00e7er\u00e7eve, hidrolik sistem, kontrol sistemi ve s\u0131k\u0131\u015ft\u0131rma odas\u0131ndan olu\u015fur.<\/p>    <h2 class=\"wp-block-heading\"><strong>\u015eimdi at\u0131k lastik geri d\u00f6n\u00fc\u015f\u00fcm\u00fcne ba\u015flay\u0131n!<\/strong><\/h2>    <p class=\"translation-block\">\u015eimdi at\u0131k lastik geri d\u00f6n\u00fc\u015f\u00fcm i\u015finize ba\u015flay\u0131n! Profesyonel lastik geri d\u00f6n\u00fc\u015f\u00fcm \u00e7\u00f6z\u00fcmleri i\u00e7in bizimle ileti\u015fime ge\u00e7in, at\u0131klar\u0131n\u0131z\u0131 kaynaklara d\u00f6n\u00fc\u015ft\u00fcrmenize yard\u0131mc\u0131 olal\u0131m. Ekipman konfig\u00fcrasyonundan teknik deste\u011fe kadar, hizmetinizdeyiz. \u015eimdi harekete ge\u00e7in ve at\u0131k lastik geri d\u00f6n\u00fc\u015f\u00fcm yolculu\u011funuza ba\u015flay\u0131n!<\/p>","protected":false},"excerpt":{"rendered":"<p>Lastik balyalama makinesi, lastikleri s\u0131k\u0131\u015ft\u0131rmak i\u00e7in hidrolik sistem kullan\u0131r, depolama ve ta\u015f\u0131ma alan\u0131n\u0131 tasarruf sa\u011flar. Lastik balyalama makineleri, dikey ve yatay olmak \u00fczere iki t\u00fcrd\u00fcr, her ikisi de lastik paketlemek i\u00e7in kullan\u0131labilir. Daha fazla makine detay\u0131 i\u00e7in okumaya devam edin!<\/p>","protected":false},"author":1,"featured_media":3151,"parent":0,"template":"","tags":[66],"product-type":[41],"class_list":["post-3150","product","type-product","status-publish","has-post-thumbnail","hentry","tag-tyre-baling-machine","product-type-metal-baler-machine"],"_links":{"self":[{"href":"https:\/\/shuliybaler.com\/tr\/wp-json\/wp\/v2\/product\/3150","targetHints":{"allow":["GET"]}}],"collection":[{"href":"https:\/\/shuliybaler.com\/tr\/wp-json\/wp\/v2\/product"}],"about":[{"href":"https:\/\/shuliybaler.com\/tr\/wp-json\/wp\/v2\/types\/product"}],"author":[{"embeddable":true,"href":"https:\/\/shuliybaler.com\/tr\/wp-json\/wp\/v2\/users\/1"}],"wp:featuredmedia":[{"embeddable":true,"href":"https:\/\/shuliybaler.com\/tr\/wp-json\/wp\/v2\/media\/3151"}],"wp:attachment":[{"href":"https:\/\/shuliybaler.com\/tr\/wp-json\/wp\/v2\/media?parent=3150"}],"wp:term":[{"taxonomy":"post_tag","embeddable":true,"href":"https:\/\/shuliybaler.com\/tr\/wp-json\/wp\/v2\/tags?post=3150"},{"taxonomy":"product-type","embeddable":true,"href":"https:\/\/shuliybaler.com\/tr\/wp-json\/wp\/v2\/product-type?post=3150"}],"curies":[{"name":"wp","href":"https:\/\/api.w.org\/{rel}","templated":true}]}}