{"id":3170,"date":"2023-03-23T14:23:07","date_gmt":"2023-03-23T06:23:07","guid":{"rendered":"https:\/\/shuliybaler.com\/?post_type=product&#038;p=3170"},"modified":"2023-03-23T14:23:09","modified_gmt":"2023-03-23T06:23:09","slug":"a-solution-to-waste-tire-management","status":"publish","type":"product","link":"https:\/\/shuliybaler.com\/tr\/product\/a-solution-to-waste-tire-management\/","title":{"rendered":"At\u0131k lastik y\u00f6netimi i\u00e7in bir \u00e7\u00f6z\u00fcm"},"content":{"rendered":"<p class=\"translation-block\">At\u0131k lastikler, b\u00fcy\u00fck hacimleri ve dayan\u0131kl\u0131l\u0131klar\u0131 nedeniyle bertaraf edilmesi en zor malzemelerden biridir. K\u00fcresel olarak her y\u0131l bir milyardan fazla lastik at\u0131l\u0131rken, s\u00fcrd\u00fcr\u00fclebilir bir at\u0131k lastik y\u00f6netimi \u00e7\u00f6z\u00fcm\u00fc bulmak \u00e7ok \u00f6nemlidir. Bu soruna yenilik\u00e7i bir \u00e7\u00f6z\u00fcm, <a href=\"https:\/\/shuliybaler.com\/tr\/product\/scrap-hydraulic-tyre-baling-machine\/\" data-type=\"URL\" data-id=\"https:\/\/shuliybaler.com\/product\/scrap-hydraulic-tyre-baling-machine\/\">lastik dengeleme<\/a> makinesidir.<\/p>    <h2 class=\"wp-block-heading\">Lastik dengeleme makinesi nedir?<\/h2>    <figure class=\"wp-block-gallery has-nested-images columns-default is-cropped wp-block-gallery-2 is-layout-flex wp-block-gallery-is-layout-flex\"> <figure class=\"wp-block-image size-large\"><img loading=\"lazy\" decoding=\"async\" width=\"720\" height=\"540\" data-id=\"3172\" src=\"https:\/\/shuliybaler.com\/wp-content\/uploads\/2023\/03\/tire-baler.webp\" alt=\"Lastik presleme makinesi\" class=\"wp-image-3172\" title=\"\" srcset=\"https:\/\/shuliybaler.com\/wp-content\/uploads\/2023\/03\/tire-baler.webp 720w, https:\/\/shuliybaler.com\/wp-content\/uploads\/2023\/03\/tire-baler-360x270.webp 360w, https:\/\/shuliybaler.com\/wp-content\/uploads\/2023\/03\/tire-baler-180x135.webp 180w\" sizes=\"auto, (max-width: 720px) 100vw, 720px\" \/><figcaption class=\"wp-element-caption\">Lastik Dengeleyici<\/figcaption><\/figure>    <figure class=\"wp-block-image size-large\"><img loading=\"lazy\" decoding=\"async\" width=\"720\" height=\"540\" data-id=\"3173\" src=\"https:\/\/shuliybaler.com\/wp-content\/uploads\/2023\/03\/baling-tire.webp\" alt=\"balya lasti\u011fi\" class=\"wp-image-3173\" title=\"\" srcset=\"https:\/\/shuliybaler.com\/wp-content\/uploads\/2023\/03\/baling-tire.webp 720w, https:\/\/shuliybaler.com\/wp-content\/uploads\/2023\/03\/baling-tire-360x270.webp 360w, https:\/\/shuliybaler.com\/wp-content\/uploads\/2023\/03\/baling-tire-180x135.webp 180w\" sizes=\"auto, (max-width: 720px) 100vw, 720px\" \/><figcaption class=\"wp-element-caption\">Lastik Balyalama<\/figcaption><\/figure> <\/figure>    <p class=\"translation-block\"><a href=\"https:\/\/shuliybaler.com\/tr\/product\/vertical-metal-baler\/\" data-type=\"URL\" data-id=\"https:\/\/shuliybaler.com\/product\/vertical-metal-baler\/\">lastik dengeleme<\/a> makinesi, at\u0131k lastikleri yo\u011fun ve y\u00f6netilebilir balyalar haline getiren bir makinedir. Makine, hidrolik bas\u0131n\u00e7 kullanarak lastikleri s\u0131k\u0131ca s\u0131k\u0131\u015ft\u0131r\u0131r ve hacimlerini \u00f6nemli \u00f6l\u00e7\u00fcde azalt\u0131r. S\u0131k\u0131\u015ft\u0131r\u0131ld\u0131ktan sonra, balyalanm\u0131\u015f lastikler daha verimli ta\u015f\u0131nabilir ve daha kolay depolanabilir, bu da lastik at\u0131k y\u00f6netimi i\u00e7in ideal bir \u00e7\u00f6z\u00fcm haline getirir.<\/p>    <h2 class=\"wp-block-heading\">Lastik dengeleme makinesinin faydalar\u0131<\/h2>    <p>Lastik dengeleme makinesinin kullanman\u0131n faydalar\u0131 olduk\u00e7a b\u00fcy\u00fckt\u00fcr. \u0130lk olarak, s\u0131k\u0131\u015ft\u0131r\u0131lm\u0131\u015f balyalar depolama tesislerinde ve ta\u015f\u0131mada daha az yer kaplar, bu da onlar\u0131 ta\u015f\u0131mak i\u00e7in gereken yolculuk say\u0131s\u0131n\u0131 azalt\u0131r. Bu verimlilik, daha d\u00fc\u015f\u00fck ta\u015f\u0131ma maliyetlerine ve at\u0131k lastik y\u00f6netimiyle ili\u015fkili karbon ayak izinin azalmas\u0131na yol a\u00e7ar. \u0130kinci olarak, s\u0131k\u0131\u015ft\u0131r\u0131lm\u0131\u015f balyalar daha kolay ta\u015f\u0131nabilir, bu da i\u015fyerinde yaralanma riskini azalt\u0131r ve i\u015f g\u00fcvenli\u011fini art\u0131r\u0131r. Son olarak, lastik dengeleme makinesi kullanmak, lastik depolama i\u00e7in gereken alan\u0131 azalt\u0131r ve di\u011fer ama\u00e7lar i\u00e7in de\u011ferli alan a\u00e7ar.<\/p>    <h2 class=\"wp-block-heading\">Kimlere lastik dengeleme makinesi gerekir?<\/h2>   <div class=\"wp-block-image\"> <figure class=\"aligncenter size-full\"><img loading=\"lazy\" decoding=\"async\" width=\"720\" height=\"540\" src=\"https:\/\/shuliybaler.com\/wp-content\/uploads\/2023\/03\/waste-tire-management-1.webp\" alt=\"at\u0131k lastik y\u00f6netimi\" class=\"wp-image-3177\" title=\"\" srcset=\"https:\/\/shuliybaler.com\/wp-content\/uploads\/2023\/03\/waste-tire-management-1.webp 720w, https:\/\/shuliybaler.com\/wp-content\/uploads\/2023\/03\/waste-tire-management-1-360x270.webp 360w, https:\/\/shuliybaler.com\/wp-content\/uploads\/2023\/03\/waste-tire-management-1-180x135.webp 180w\" sizes=\"auto, (max-width: 720px) 100vw, 720px\" \/><figcaption class=\"wp-element-caption\">at\u0131k lastik y\u00f6netimi<\/figcaption><\/figure> <\/div>   <p>Bir lastik dengeleme makinesi, otomotiv, in\u015faat ve at\u0131k y\u00f6netimi gibi \u00e7e\u015fitli end\u00fcstrilerde kullan\u0131labilen \u00e7ok y\u00f6nl\u00fc bir makinedir. Otomotiv end\u00fcstrisinde, lastik dengeleme makineleri, lastik \u00fcreticileri ve lastik tamir at\u00f6lyeleri taraf\u0131ndan \u00fcretilen at\u0131k lastikleri s\u0131k\u0131\u015ft\u0131rmak i\u00e7in kullan\u0131l\u0131r. \u0130n\u015faat sekt\u00f6r\u00fcnde, a\u011f\u0131r ekipmanlarda kullan\u0131lan lastikleri, \u00f6rne\u011fin y\u00fckleyiciler ve dozerler, s\u0131k\u0131\u015ft\u0131rmak i\u00e7in kullan\u0131l\u0131r. At\u0131k y\u00f6netimi sekt\u00f6r\u00fcnde ise, belediye at\u0131k y\u00f6netim tesisleri taraf\u0131ndan \u00fcretilen lastikleri s\u0131k\u0131\u015ft\u0131rmak i\u00e7in kullan\u0131l\u0131r.<\/p>    <h2 class=\"wp-block-heading\">At\u0131k lastik presleme makinesinin \u00e7\u0131kt\u0131s\u0131<\/h2>    <figure class=\"wp-block-gallery has-nested-images columns-default is-cropped wp-block-gallery-3 is-layout-flex wp-block-gallery-is-layout-flex\"> <figure class=\"wp-block-image size-large\"><img loading=\"lazy\" decoding=\"async\" width=\"720\" height=\"540\" data-id=\"3178\" src=\"https:\/\/shuliybaler.com\/wp-content\/uploads\/2023\/03\/waste-tire-pressing-machine.webp\" alt=\"At\u0131k lastik presleme makinesi\" class=\"wp-image-3178\" title=\"\" srcset=\"https:\/\/shuliybaler.com\/wp-content\/uploads\/2023\/03\/waste-tire-pressing-machine.webp 720w, https:\/\/shuliybaler.com\/wp-content\/uploads\/2023\/03\/waste-tire-pressing-machine-360x270.webp 360w, https:\/\/shuliybaler.com\/wp-content\/uploads\/2023\/03\/waste-tire-pressing-machine-180x135.webp 180w\" sizes=\"auto, (max-width: 720px) 100vw, 720px\" \/><figcaption class=\"wp-element-caption\">At\u0131k Lastik Presleme Makinesi<\/figcaption><\/figure>    <figure class=\"wp-block-image size-large\"><img loading=\"lazy\" decoding=\"async\" width=\"720\" height=\"540\" data-id=\"3179\" src=\"https:\/\/shuliybaler.com\/wp-content\/uploads\/2023\/03\/waste-tire-pressing-machine-1.webp\" alt=\"At\u0131k lastik presleme makinesi\" class=\"wp-image-3179\" title=\"\" srcset=\"https:\/\/shuliybaler.com\/wp-content\/uploads\/2023\/03\/waste-tire-pressing-machine-1.webp 720w, https:\/\/shuliybaler.com\/wp-content\/uploads\/2023\/03\/waste-tire-pressing-machine-1-360x270.webp 360w, https:\/\/shuliybaler.com\/wp-content\/uploads\/2023\/03\/waste-tire-pressing-machine-1-180x135.webp 180w\" sizes=\"auto, (max-width: 720px) 100vw, 720px\" \/><figcaption class=\"wp-element-caption\">At\u0131k Lastik Presleme Makinesi<\/figcaption><\/figure>    <figure class=\"wp-block-image size-large\"><img loading=\"lazy\" decoding=\"async\" width=\"720\" height=\"540\" data-id=\"3180\" src=\"https:\/\/shuliybaler.com\/wp-content\/uploads\/2023\/03\/waste-tire-pressing-machine-2.webp\" alt=\"At\u0131k lastik presleme makinesi\" class=\"wp-image-3180\" title=\"\" srcset=\"https:\/\/shuliybaler.com\/wp-content\/uploads\/2023\/03\/waste-tire-pressing-machine-2.webp 720w, https:\/\/shuliybaler.com\/wp-content\/uploads\/2023\/03\/waste-tire-pressing-machine-2-360x270.webp 360w, https:\/\/shuliybaler.com\/wp-content\/uploads\/2023\/03\/waste-tire-pressing-machine-2-180x135.webp 180w\" sizes=\"auto, (max-width: 720px) 100vw, 720px\" \/><figcaption class=\"wp-element-caption\">At\u0131k Lastik Presleme Makinesi<\/figcaption><\/figure> <\/figure>    <p>Farkl\u0131 tiplerde lastik dengeleme makineleri vard\u0131r, k\u00fc\u00e7\u00fck ta\u015f\u0131nabilir makinelerden b\u00fcy\u00fck end\u00fcstriyel modellere kadar. Makinenin boyutu, s\u0131k\u0131\u015ft\u0131r\u0131lacak lastiklerin hacmine ve ekipman i\u00e7in mevcut alana ba\u011fl\u0131d\u0131r. En k\u00fc\u00e7\u00fck lastik dengeleme makineleri, ayn\u0131 anda d\u00f6rt yolcu arac\u0131 lasti\u011fini s\u0131k\u0131\u015ft\u0131rabilirken, en b\u00fcy\u00fckleri bir seferde 100 kamyon lasti\u011fini s\u0131k\u0131\u015ft\u0131rabilir.<\/p>    <h2 class=\"wp-block-heading\">At\u0131k lastik y\u00f6netimi i\u00e7in \u00e7e\u015fitli yollar<\/h2>    <figure class=\"wp-block-gallery has-nested-images columns-default is-cropped wp-block-gallery-4 is-layout-flex wp-block-gallery-is-layout-flex\"> <figure class=\"wp-block-image size-large\"><img loading=\"lazy\" decoding=\"async\" width=\"750\" height=\"750\" data-id=\"3175\" src=\"https:\/\/shuliybaler.com\/wp-content\/uploads\/2023\/03\/tyre-crushing-machine.webp\" alt=\"Lastik k\u0131rma makinesi\" class=\"wp-image-3175\" title=\"\" srcset=\"https:\/\/shuliybaler.com\/wp-content\/uploads\/2023\/03\/tyre-crushing-machine.webp 750w, https:\/\/shuliybaler.com\/wp-content\/uploads\/2023\/03\/tyre-crushing-machine-270x270.webp 270w, https:\/\/shuliybaler.com\/wp-content\/uploads\/2023\/03\/tyre-crushing-machine-540x540.webp 540w\" sizes=\"auto, (max-width: 750px) 100vw, 750px\" \/><figcaption class=\"wp-element-caption\">Lastik K\u0131rma Makinesi<\/figcaption><\/figure>    <figure class=\"wp-block-image size-large\"><img loading=\"lazy\" decoding=\"async\" width=\"750\" height=\"750\" data-id=\"3176\" src=\"https:\/\/shuliybaler.com\/wp-content\/uploads\/2023\/03\/tire-shredder-machine.webp\" alt=\"Lastik par\u00e7alama makinesi\" class=\"wp-image-3176\" title=\"\" srcset=\"https:\/\/shuliybaler.com\/wp-content\/uploads\/2023\/03\/tire-shredder-machine.webp 750w, https:\/\/shuliybaler.com\/wp-content\/uploads\/2023\/03\/tire-shredder-machine-270x270.webp 270w, https:\/\/shuliybaler.com\/wp-content\/uploads\/2023\/03\/tire-shredder-machine-540x540.webp 540w\" sizes=\"auto, (max-width: 750px) 100vw, 750px\" \/><figcaption class=\"wp-element-caption\">Lastik \u015eredder Makinesi<\/figcaption><\/figure> <\/figure>    <p class=\"translation-block\">Lastik dengeleme makinelerine ek olarak, lastik at\u0131klar\u0131n\u0131 etkili bir \u015fekilde y\u00f6netmek i\u00e7in ba\u015fka makineler de kullan\u0131labilir. \u00d6rne\u011fin, <a href=\"https:\/\/shuliybaler.com\/tr\/product\/scrap-metal-shredder-machine\/\" data-type=\"URL\" data-id=\"https:\/\/shuliybaler.com\/product\/scrap-metal-shredder-machine\/\">lastik \u015fredderleri<\/a>, lastikleri daha k\u00fc\u00e7\u00fck par\u00e7alara ay\u0131rmak i\u00e7in kullan\u0131l\u0131r ve bu par\u00e7alar lastik dengeleme makinesine beslenebilir. Lastik piroliz makineleri, at\u0131k lastikleri de\u011ferli yan \u00fcr\u00fcnlere, \u00f6rne\u011fin ya\u011fa ve karbon siyah\u0131na d\u00f6n\u00fc\u015ft\u00fcrmek i\u00e7in kullan\u0131labilir.<\/p>    <h2 class=\"wp-block-heading\">Lastik dengeleme makineleri, at\u0131k lastik y\u00f6netimi i\u00e7in etkili bir \u00e7\u00f6z\u00fcmd\u00fcr<\/h2>    <p>Sonu\u00e7 olarak, lastik dengeleme makineleri, \u00e7evre, i\u015f g\u00fcvenli\u011fi ve operasyonel verimlilik a\u00e7\u0131s\u0131ndan \u00f6nemli faydalar sa\u011flayan at\u0131k lastik y\u00f6netimi i\u00e7in uygun bir \u00e7\u00f6z\u00fcmd\u00fcr. At\u0131k lastikleri balyalara s\u0131k\u0131\u015ft\u0131rarak, lastik dengeleme makineleri, lastiklerin hacmini azalt\u0131r ve ta\u015f\u0131may\u0131 ve depolamay\u0131 daha kolay ve daha maliyet etkin hale getirir. S\u00fcrd\u00fcr\u00fclebilir at\u0131k y\u00f6netimi uygulamalar\u0131na olan talebin artmas\u0131yla birlikte, lastik dengeleme makineleri, lastik at\u0131k sorununa umut vaat eden bir \u00e7\u00f6z\u00fcm sunar.<\/p>","protected":false},"excerpt":{"rendered":"<p>Lastikler, hacimleri b\u00fcy\u00fck ve dayan\u0131kl\u0131l\u0131klar\u0131 nedeniyle bertaraf edilmesi en zor malzemelerden biridir. Her y\u0131l d\u00fcnya genelinde bir milyardan fazla lastik at\u0131l\u0131rken, lastik at\u0131k y\u00f6netimi i\u00e7in s\u00fcrd\u00fcr\u00fclebilir bir \u00e7\u00f6z\u00fcm bulmak kritik \u00f6neme sahiptir. Bu soruna yenilik\u00e7i bir \u00e7\u00f6z\u00fcm ise lastik presleyicidir.<\/p>","protected":false},"author":1,"featured_media":3171,"parent":0,"template":"","tags":[67],"product-type":[48],"class_list":["post-3170","product","type-product","status-publish","has-post-thumbnail","hentry","tag-waste-tire-management","product-type-solution"],"_links":{"self":[{"href":"https:\/\/shuliybaler.com\/tr\/wp-json\/wp\/v2\/product\/3170","targetHints":{"allow":["GET"]}}],"collection":[{"href":"https:\/\/shuliybaler.com\/tr\/wp-json\/wp\/v2\/product"}],"about":[{"href":"https:\/\/shuliybaler.com\/tr\/wp-json\/wp\/v2\/types\/product"}],"author":[{"embeddable":true,"href":"https:\/\/shuliybaler.com\/tr\/wp-json\/wp\/v2\/users\/1"}],"wp:featuredmedia":[{"embeddable":true,"href":"https:\/\/shuliybaler.com\/tr\/wp-json\/wp\/v2\/media\/3171"}],"wp:attachment":[{"href":"https:\/\/shuliybaler.com\/tr\/wp-json\/wp\/v2\/media?parent=3170"}],"wp:term":[{"taxonomy":"post_tag","embeddable":true,"href":"https:\/\/shuliybaler.com\/tr\/wp-json\/wp\/v2\/tags?post=3170"},{"taxonomy":"product-type","embeddable":true,"href":"https:\/\/shuliybaler.com\/tr\/wp-json\/wp\/v2\/product-type?post=3170"}],"curies":[{"name":"wp","href":"https:\/\/api.w.org\/{rel}","templated":true}]}}