{"id":3407,"date":"2025-12-31T14:50:32","date_gmt":"2025-12-31T06:50:32","guid":{"rendered":"https:\/\/shuliybaler.com\/?post_type=product&#038;p=3407"},"modified":"2026-01-04T17:52:20","modified_gmt":"2026-01-04T09:52:20","slug":"ball-mill-grinder-for-metal-polishing","status":"publish","type":"product","link":"https:\/\/shuliybaler.com\/tr\/product\/ball-mill-grinder-for-metal-polishing\/","title":{"rendered":"Metal y\u00fczey pas giderme ve parlatma i\u00e7in top de\u011firmeni"},"content":{"rendered":"<p class=\"translation-block\">Bir <strong>top de\u011firmeni \u00f6\u011f\u00fct\u00fcc\u00fc<\/strong>, metal ve metal olmayan bile\u015fenlerin verimli y\u00fczey i\u015flemi i\u00e7in tasarlanm\u0131\u015f end\u00fcstriyel tamburlu bir \u00f6\u011f\u00fctme ve parlatma makinesidir. \u00d6zellikle kolay \u015fekil de\u011fi\u015ftiren par\u00e7alar i\u00e7in kenar yuvarlama, pas giderme, kenar yuvarlama ve parlak parlatma i\u015flemlerinde yayg\u0131n olarak kullan\u0131l\u0131r.<\/p>    <p>Shuli Machinery&#8217;s ball mills feature a robust mechanical structure, stable operation, and high grinding efficiency, making them an ideal solution for processing medium to large workpieces in industries such as metal recycling, machining, and surface treatment.<\/p>    <figure class=\"wp-block-embed aligncenter is-type-video is-provider-youtube wp-block-embed-youtube wp-embed-aspect-16-9 wp-has-aspect-ratio\"><div class=\"wp-block-embed__wrapper\"> <iframe loading=\"lazy\" title=\"Heavy-Duty Dry Ball Mill for Metal &amp; Aluminum Scrap Contact:+8617703863868\" width=\"500\" height=\"281\" src=\"https:\/\/www.youtube.com\/embed\/knRo2Nmixj4?feature=oembed\" frameborder=\"0\" allow=\"accelerometer; autoplay; clipboard-write; encrypted-media; gyroscope; picture-in-picture; web-share\" referrerpolicy=\"strict-origin-when-cross-origin\" allowfullscreen><\/iframe> <\/div><figcaption class=\"wp-element-caption\">Toprak de\u011firmeni \u00e7al\u0131\u015fma videosu<\/figcaption><\/figure>    <h2 class=\"wp-block-heading\"><strong>Toprak de\u011firmeni \u00f6\u011f\u00fctme makinesi nedir?<\/strong><\/h2>    <p>Kuru top de\u011firmenleri, genellikle 400 mm'den k\u00fc\u00e7\u00fck metal ve al\u00fcminyum hurdalar\u0131n parlat\u0131lmas\u0131 ve pas giderilmesi i\u00e7in kullan\u0131l\u0131r. Elektrikli motor, bir red\u00fckt\u00f6r arac\u0131l\u0131\u011f\u0131yla, silindirik tamburun d\u00f6nmesini sa\u011flar, malzeme ve cevher ise konvey\u00f6r arac\u0131l\u0131\u011f\u0131yla tambura beslenir.<\/p>    <p>Top de\u011firmeninin \u00e7al\u0131\u015fma prensibi, mineral kum veya \u00e7elik toplar gibi \u00f6\u011f\u00fctme ortam\u0131yla doldurulmu\u015f silindirik bir tamburun d\u00f6nmesidir. Tambur d\u00f6nerken, i\u00e7erdeki malzemeler s\u00fcrekli yuvarlan\u0131r, f\u0131rlat\u0131l\u0131r, s\u00fcrt\u00fcn\u00fcr ve kar\u0131\u015ft\u0131r\u0131l\u0131r, b\u00f6ylece y\u00fczey ya\u011f\u0131, pas ve \u00e7apaklar etkin \u015fekilde giderilir.<\/p>    <p>\u0130\u015flenmi\u015f i\u015f par\u00e7alar\u0131, hem orijinal \u015fekil ve boyutsal do\u011frulu\u011funu korur hem de daha p\u00fcr\u00fczs\u00fcz, parlak ve temiz bir y\u00fczey elde eder. Son \u00fcr\u00fcn\u00fcn y\u00fczey p\u00fcr\u00fczl\u00fcl\u00fc\u011f\u00fc 1-2 kademe art\u0131r\u0131l\u0131r. Bu nedenle, top de\u011firmenleri, kolay \u015fekil de\u011fi\u015ftiren par\u00e7alar\u0131n y\u00fczey i\u015flemleri i\u00e7in \u00f6zellikle uygundur.<\/p>   <div class=\"wp-block-image\"> <figure class=\"aligncenter size-full\"><img loading=\"lazy\" decoding=\"async\" width=\"720\" height=\"540\" src=\"https:\/\/shuliybaler.com\/wp-content\/uploads\/2025\/12\/horizontal-dry-ball-mill.webp\" alt=\"Yatay kuru top de\u011firmeni\" class=\"wp-image-3419\" title=\"\" srcset=\"https:\/\/shuliybaler.com\/wp-content\/uploads\/2025\/12\/horizontal-dry-ball-mill.webp 720w, https:\/\/shuliybaler.com\/wp-content\/uploads\/2025\/12\/horizontal-dry-ball-mill-360x270.webp 360w, https:\/\/shuliybaler.com\/wp-content\/uploads\/2025\/12\/horizontal-dry-ball-mill-180x135.webp 180w, https:\/\/shuliybaler.com\/wp-content\/uploads\/2025\/12\/horizontal-dry-ball-mill-16x12.webp 16w\" sizes=\"auto, (max-width: 720px) 100vw, 720px\" \/><figcaption class=\"wp-element-caption\">Yatay kuru top de\u011firmeni<\/figcaption><\/figure> <\/div>   <h2 class=\"wp-block-heading\"><strong>Shuliy top de\u011firmeni \u00f6\u011f\u00fct\u00fcc\u00fcs\u00fcn\u00fcn temel avantajlar\u0131<\/strong><\/h2>    <ol class=\"wp-block-list\"> <li>Demir cevheri \u00f6\u011f\u00fctme top de\u011firmenlerinin di\u015fli \u00e7ark\u0131, y\u00fcksek mukavemetli di\u015fli aktar\u0131m sistemi ve entegre d\u00f6k\u00fcm yap\u0131s\u0131 kullan\u0131r, bu da daha fazla genel stabilite, daha hassas iletim, daha uzun servis \u00f6mr\u00fc ve daha d\u00fczg\u00fcn \u00e7al\u0131\u015fma sa\u011flar.<\/li>    <li>Kuru \u00f6\u011f\u00fctme de\u011firmenlerimiz, y\u00fcksek teknoloji kaynakl\u0131 kaynak ve y\u00fczey parlatma i\u015flemleri kullan\u0131larak, m\u00fckemmel a\u015f\u0131nma direnci ve darbe direnci sa\u011flar, a\u011f\u0131r sanayi operasyonlar\u0131 i\u00e7in tasarlanm\u0131\u015ft\u0131r.<\/li>    <li>Y\u00fckseltmeler sayesinde, bo\u015falt\u0131m\u0131n dengesizli\u011fini ve a\u015f\u0131r\u0131 y\u00fcklenmeyi \u00f6nlemek i\u00e7in hazne kapasitesini art\u0131rd\u0131k, genel \u00f6\u011f\u00fctme verimlili\u011fini \u00f6nemli \u00f6l\u00e7\u00fcde art\u0131rd\u0131k ve malzeme beslemesini ve i\u015flem sonu\u00e7lar\u0131n\u0131 tutarl\u0131 hale getirdik.<\/li>    <li>In addition to strict manufacturing standards, we provide a comprehensive maintenance system and clear operating procedures after the customer purchases the machine, ensuring worry-free equipment delivery and operation, and earning customers&#8217; satisfaction and recognition.<\/li> <\/ol>    <figure class=\"wp-block-gallery has-nested-images columns-2 is-cropped wp-block-gallery-2 is-layout-flex wp-block-gallery-is-layout-flex\"> <figure class=\"wp-block-image size-large\"><img loading=\"lazy\" decoding=\"async\" width=\"720\" height=\"540\" data-id=\"3415\" src=\"https:\/\/shuliybaler.com\/wp-content\/uploads\/2025\/12\/Aperture-gear.webp\" alt=\"A\u00e7\u0131kl\u0131k di\u015flisi\" class=\"wp-image-3415\" title=\"\" srcset=\"https:\/\/shuliybaler.com\/wp-content\/uploads\/2025\/12\/Aperture-gear.webp 720w, https:\/\/shuliybaler.com\/wp-content\/uploads\/2025\/12\/Aperture-gear-360x270.webp 360w, https:\/\/shuliybaler.com\/wp-content\/uploads\/2025\/12\/Aperture-gear-180x135.webp 180w, https:\/\/shuliybaler.com\/wp-content\/uploads\/2025\/12\/Aperture-gear-16x12.webp 16w\" sizes=\"auto, (max-width: 720px) 100vw, 720px\" \/><figcaption class=\"wp-element-caption\">A\u00e7\u0131kl\u0131k di\u015flisi<\/figcaption><\/figure>    <figure class=\"wp-block-image size-large\"><img loading=\"lazy\" decoding=\"async\" width=\"720\" height=\"540\" data-id=\"3416\" src=\"https:\/\/shuliybaler.com\/wp-content\/uploads\/2025\/12\/Feeding-hopper.webp\" alt=\"Besleme haznesi\" class=\"wp-image-3416\" title=\"\" srcset=\"https:\/\/shuliybaler.com\/wp-content\/uploads\/2025\/12\/Feeding-hopper.webp 720w, https:\/\/shuliybaler.com\/wp-content\/uploads\/2025\/12\/Feeding-hopper-360x270.webp 360w, https:\/\/shuliybaler.com\/wp-content\/uploads\/2025\/12\/Feeding-hopper-180x135.webp 180w, https:\/\/shuliybaler.com\/wp-content\/uploads\/2025\/12\/Feeding-hopper-16x12.webp 16w\" sizes=\"auto, (max-width: 720px) 100vw, 720px\" \/><figcaption class=\"wp-element-caption\">Besleme Haznesi<\/figcaption><\/figure>    <figure class=\"wp-block-image size-large\"><img loading=\"lazy\" decoding=\"async\" width=\"720\" height=\"540\" data-id=\"3418\" src=\"https:\/\/shuliybaler.com\/wp-content\/uploads\/2025\/12\/seive-plate-of-dry-ball-mill.webp\" alt=\"seive plate of dry ball mill\" class=\"wp-image-3418\" title=\"\" srcset=\"https:\/\/shuliybaler.com\/wp-content\/uploads\/2025\/12\/seive-plate-of-dry-ball-mill.webp 720w, https:\/\/shuliybaler.com\/wp-content\/uploads\/2025\/12\/seive-plate-of-dry-ball-mill-360x270.webp 360w, https:\/\/shuliybaler.com\/wp-content\/uploads\/2025\/12\/seive-plate-of-dry-ball-mill-180x135.webp 180w, https:\/\/shuliybaler.com\/wp-content\/uploads\/2025\/12\/seive-plate-of-dry-ball-mill-16x12.webp 16w\" sizes=\"auto, (max-width: 720px) 100vw, 720px\" \/><figcaption class=\"wp-element-caption\">Kuru Top Makinesi Elek Plakas\u0131<\/figcaption><\/figure>    <figure class=\"wp-block-image size-large\"><img loading=\"lazy\" decoding=\"async\" width=\"720\" height=\"540\" data-id=\"3417\" src=\"https:\/\/shuliybaler.com\/wp-content\/uploads\/2025\/12\/metal-rust-remover-machine.webp\" alt=\"metal pas giderici makinesi\" class=\"wp-image-3417\" title=\"\" srcset=\"https:\/\/shuliybaler.com\/wp-content\/uploads\/2025\/12\/metal-rust-remover-machine.webp 720w, https:\/\/shuliybaler.com\/wp-content\/uploads\/2025\/12\/metal-rust-remover-machine-360x270.webp 360w, https:\/\/shuliybaler.com\/wp-content\/uploads\/2025\/12\/metal-rust-remover-machine-180x135.webp 180w, https:\/\/shuliybaler.com\/wp-content\/uploads\/2025\/12\/metal-rust-remover-machine-16x12.webp 16w\" sizes=\"auto, (max-width: 720px) 100vw, 720px\" \/><figcaption class=\"wp-element-caption\">Metal Pas Giderme Makinesi<\/figcaption><\/figure> <\/figure>    <h2 class=\"wp-block-heading\"><strong>Metal pas giderme makinesinin uygulamalar\u0131<\/strong><\/h2>    <p>Toprak de\u011firmenleri \u00e7e\u015fitli end\u00fcstrilerde yayg\u0131n olarak kullan\u0131l\u0131r ve geni\u015f bir malzeme yelpazesini i\u015fleyebilir, bunlar aras\u0131nda:<\/p>    <ol class=\"wp-block-list\"> <li>Metal par\u00e7alar ve bile\u015fenler, sinterlenmi\u015f demir ve \u0131s\u0131l i\u015flem g\u00f6rm\u00fc\u015f metalller, k\u0131r\u0131lm\u0131\u015f metal hurdalar, ya\u011fl\u0131 veya pasl\u0131 al\u00fcminyum hurdalar vb.<\/li>    <li>Ayr\u0131ca, y\u00fczey parlatmas\u0131 gereken bak\u0131r, al\u00fcminyum ala\u015f\u0131mlar\u0131 ve di\u011fer non-metal par\u00e7alar gibi, bak\u0131r ve al\u00fcminyum gibi hafif metaller de i\u015flenebilir.<\/li> <\/ol>    <p>M\u00fckemmel \u00f6zellikleri sayesinde, y\u00fcksek kaliteli y\u00fczey i\u015flemi gerektiren orta ve b\u00fcy\u00fck i\u015f par\u00e7alar\u0131 i\u00e7in \u00f6zellikle uygundur. <\/p>    <p>M\u00fc\u015fterilerimizin \u00e7o\u011fu, metal geri d\u00f6n\u00fc\u015f\u00fcm \u00f6n i\u015flemi, donan\u0131m ve ba\u011flant\u0131 eleman\u0131 \u00fcretimi sonras\u0131 \u00f6\u011f\u00fctme ve parlatma, kaplama veya elektro kaplama \u00f6ncesi y\u00fczey \u00f6n i\u015flemi gibi ama\u00e7larla kullanmaktad\u0131r.<\/p>    <h2 class=\"wp-block-heading\"><strong>End\u00fcstriyel top de\u011firmeni t\u00fcr\u00fc<\/strong><\/h2>    <p>\u00c7e\u015fitli i\u015fleme ihtiya\u00e7lar\u0131n\u0131 kar\u015f\u0131lamak i\u00e7in, Shuli farkl\u0131 \u00e7aplar, uzunluklar ve \u00fcretim kapasitelerine sahip \u00e7e\u015fitli top de\u011firmeni modelleri sunar.<\/p>    <figure class=\"wp-block-table\"><table class=\"has-fixed-layout\"><tbody><tr><td>\u00c7ap<\/td><td>Uzunluk<\/td><td>\u00c7\u0131kt\u0131<\/td><td>Motor g\u00fcc\u00fc<\/td><\/tr><tr><td>1.2x3m<\/td><td>5.5m<\/td><td>2t\/h<\/td><td>15kw<\/td><\/tr><tr><td>1.5x6m<\/td><td>8m<\/td><td>4t\/h<\/td><td>30kw<\/td><\/tr><tr><td>1.8x6m<\/td><td>9m<\/td><td>6t\/h <\/td><td>45kw<\/td><\/tr><\/tbody><\/table><figcaption class=\"wp-element-caption\">End\u00fcstriyel top de\u011firmeni \u00f6\u011f\u00fct\u00fcc\u00fcs\u00fcn\u00fcn basit parametreleri<\/figcaption><\/figure>    <p>2 ton\/saat kapasiteli k\u00fc\u00e7\u00fck ve orta \u00f6l\u00e7ekli at\u00f6lyeler i\u00e7in uygun modellerden, 6 ton\/saat kapasiteli b\u00fcy\u00fck \u00f6l\u00e7ekli end\u00fcstriyel \u00fcretime kadar, m\u00fc\u015fteriler malzeme t\u00fcr\u00fc, i\u015f y\u00fck\u00fc ve fabrika alan\u0131na g\u00f6re en uygun modeli se\u00e7ebilir.<\/p>    <p>E\u011fer hangi modelin sizin uygulaman\u0131z i\u00e7in uygun oldu\u011funu bilmiyorsan\u0131z, m\u00fchendislerimiz malzeme boyutu, korozyon derecesi ve istenen y\u00fczey i\u015flemi etkisine g\u00f6re \u00f6nerilerde bulunabilir veya \u00f6zelle\u015ftirilmi\u015f \u00e7\u00f6z\u00fcm sunabilir. Bu top de\u011firmeni hakk\u0131nda herhangi bir sorunuz varsa bizimle ileti\u015fime ge\u00e7in!<\/p>   <div class=\"wp-block-image\"> <figure class=\"aligncenter size-full\"><img loading=\"lazy\" decoding=\"async\" width=\"720\" height=\"540\" src=\"https:\/\/shuliybaler.com\/wp-content\/uploads\/2025\/12\/Drum-type-dry-metal-grinding-mill.webp\" alt=\"Silindir tipi kuru metal de\u011firmen\" class=\"wp-image-3420\" title=\"\" srcset=\"https:\/\/shuliybaler.com\/wp-content\/uploads\/2025\/12\/Drum-type-dry-metal-grinding-mill.webp 720w, https:\/\/shuliybaler.com\/wp-content\/uploads\/2025\/12\/Drum-type-dry-metal-grinding-mill-360x270.webp 360w, https:\/\/shuliybaler.com\/wp-content\/uploads\/2025\/12\/Drum-type-dry-metal-grinding-mill-180x135.webp 180w, https:\/\/shuliybaler.com\/wp-content\/uploads\/2025\/12\/Drum-type-dry-metal-grinding-mill-16x12.webp 16w\" sizes=\"auto, (max-width: 720px) 100vw, 720px\" \/><figcaption class=\"wp-element-caption\">Silindir tipi kuru metal de\u011firmen<\/figcaption><\/figure> <\/div>   <h2 class=\"wp-block-heading\"><strong>Neden Shuliy top de\u011firmeni \u00f6\u011f\u00fct\u00fcc\u00fcs\u00fcn\u00fc se\u00e7melisiniz?<\/strong><\/h2>    <ul class=\"wp-block-list\"> <li>Shuliy, 40 y\u0131ll\u0131k geni\u015f end\u00fcstri deneyimi ve on y\u0131ldan fazla uluslararas\u0131 ticaret tecr\u00fcbesiyle profesyonel bir \u00fcreticidir.<\/li>    <li>Makinelerimiz esnek tasarlanm\u0131\u015f olup, farkl\u0131 ihtiya\u00e7lara g\u00f6re \u00f6zelle\u015ftirilebilir.<\/li>    <li>Y\u00fcksek rekabet\u00e7i fabrika fiyatlar\u0131, \u015feffaf fiyatland\u0131rma, kapsaml\u0131 sat\u0131\u015f sonras\u0131 hizmet ve tam teknik destek sunuyoruz.<\/li>    <li>K\u00fcresel \u00e7apta m\u00fckemmel bir \u00fcne ve iyi kurulmu\u015f bir ihracat ve sevkiyat sistemine sahibiz, bu da d\u00fcnya genelindeki m\u00fc\u015fterilerin g\u00fcvenini kazanm\u0131\u015ft\u0131r.<\/li>    <li>Shuliy, i\u015finiz i\u00e7in pratik, dayan\u0131kl\u0131 ve maliyet etkin \u00f6\u011f\u00fctme \u00e7\u00f6z\u00fcmleri sunmaya ve profesyonel hizmet vermeye kendini adam\u0131\u015ft\u0131r.<\/li> <\/ul>    <figure class=\"wp-block-gallery has-nested-images columns-default is-cropped wp-block-gallery-3 is-layout-flex wp-block-gallery-is-layout-flex\"> <figure class=\"wp-block-image size-large\"><img loading=\"lazy\" decoding=\"async\" width=\"720\" height=\"540\" data-id=\"3421\" src=\"https:\/\/shuliybaler.com\/wp-content\/uploads\/2025\/12\/ball-mill-grinding-machine-production-process.webp\" alt=\"k\u0131rma makinesi \u00fcretim s\u00fcreci\" class=\"wp-image-3421\" title=\"\" srcset=\"https:\/\/shuliybaler.com\/wp-content\/uploads\/2025\/12\/ball-mill-grinding-machine-production-process.webp 720w, https:\/\/shuliybaler.com\/wp-content\/uploads\/2025\/12\/ball-mill-grinding-machine-production-process-360x270.webp 360w, https:\/\/shuliybaler.com\/wp-content\/uploads\/2025\/12\/ball-mill-grinding-machine-production-process-180x135.webp 180w, https:\/\/shuliybaler.com\/wp-content\/uploads\/2025\/12\/ball-mill-grinding-machine-production-process-16x12.webp 16w\" sizes=\"auto, (max-width: 720px) 100vw, 720px\" \/><figcaption class=\"wp-element-caption\">Top de\u011firmeni \u00fcretim s\u00fcreci<\/figcaption><\/figure>    <figure class=\"wp-block-image size-large\"><img loading=\"lazy\" decoding=\"async\" width=\"720\" height=\"540\" data-id=\"3422\" src=\"https:\/\/shuliybaler.com\/wp-content\/uploads\/2025\/12\/Shuliy-factory.webp\" alt=\"Shuliy fabrikas\u0131\" class=\"wp-image-3422\" title=\"\" srcset=\"https:\/\/shuliybaler.com\/wp-content\/uploads\/2025\/12\/Shuliy-factory.webp 720w, https:\/\/shuliybaler.com\/wp-content\/uploads\/2025\/12\/Shuliy-factory-360x270.webp 360w, https:\/\/shuliybaler.com\/wp-content\/uploads\/2025\/12\/Shuliy-factory-180x135.webp 180w, https:\/\/shuliybaler.com\/wp-content\/uploads\/2025\/12\/Shuliy-factory-16x12.webp 16w\" sizes=\"auto, (max-width: 720px) 100vw, 720px\" \/><figcaption class=\"wp-element-caption\">Shuliy Fabrikas\u0131<\/figcaption><\/figure> <\/figure>    <p>G\u00fcvenilir end\u00fcstriyel metal geri d\u00f6n\u00fc\u015f\u00fcm \u00e7\u00f6z\u00fcmleri ar\u0131yorsan\u0131z, l\u00fctfen detayl\u0131 teknik \u00f6zellikler, \u00f6zelle\u015ftirilmi\u015f top de\u011firmeni \u00e7\u00f6z\u00fcmleri ve tam fiyat listesi i\u00e7in Shuli \u015eirketi ile hemen ileti\u015fime ge\u00e7in.<\/p>    <p class=\"translation-block\">Di\u011fer en \u00e7ok satan \u00fcr\u00fcnleri g\u00f6rmek i\u00e7in t\u0131klay\u0131n: <a href=\"https:\/\/shuliybaler.com\/tr\/product\/steel-drum-shredder\/\">\u00c7elik tambur k\u0131r\u0131c\u0131<\/a>, <a href=\"https:\/\/shuliybaler.com\/tr\/product\/alligator-shear\/\">Hurda metal kesme makas\u0131<\/a>.<\/p>    <p><\/p>","protected":false},"excerpt":{"rendered":"<p>The ball mill is designed for efficient metal surface treatment, deburring, rust removal, and polishing. It is particularly suitable for processing easily deformable workpieces, ensuring improved surface quality without damaging the original shape and dimensional accuracy of the workpiece.<\/p>","protected":false},"author":1,"featured_media":3414,"parent":0,"template":"","tags":[15],"product-type":[87],"class_list":["post-3407","product","type-product","status-publish","has-post-thumbnail","hentry","tag-metal","product-type-metal-recycling-machine"],"_links":{"self":[{"href":"https:\/\/shuliybaler.com\/tr\/wp-json\/wp\/v2\/product\/3407","targetHints":{"allow":["GET"]}}],"collection":[{"href":"https:\/\/shuliybaler.com\/tr\/wp-json\/wp\/v2\/product"}],"about":[{"href":"https:\/\/shuliybaler.com\/tr\/wp-json\/wp\/v2\/types\/product"}],"author":[{"embeddable":true,"href":"https:\/\/shuliybaler.com\/tr\/wp-json\/wp\/v2\/users\/1"}],"wp:featuredmedia":[{"embeddable":true,"href":"https:\/\/shuliybaler.com\/tr\/wp-json\/wp\/v2\/media\/3414"}],"wp:attachment":[{"href":"https:\/\/shuliybaler.com\/tr\/wp-json\/wp\/v2\/media?parent=3407"}],"wp:term":[{"taxonomy":"post_tag","embeddable":true,"href":"https:\/\/shuliybaler.com\/tr\/wp-json\/wp\/v2\/tags?post=3407"},{"taxonomy":"product-type","embeddable":true,"href":"https:\/\/shuliybaler.com\/tr\/wp-json\/wp\/v2\/product-type?post=3407"}],"curies":[{"name":"wp","href":"https:\/\/api.w.org\/{rel}","templated":true}]}}