{"id":3448,"date":"2026-01-07T15:24:23","date_gmt":"2026-01-07T07:24:23","guid":{"rendered":"https:\/\/shuliybaler.com\/?post_type=product&#038;p=3448"},"modified":"2026-01-07T16:48:43","modified_gmt":"2026-01-07T08:48:43","slug":"metal-crusher-machine-metal-recycling","status":"publish","type":"product","link":"https:\/\/shuliybaler.com\/tr\/product\/metal-crusher-machine-metal-recycling\/","title":{"rendered":"Verimli Hurda Metal Geri D\u00f6n\u00fc\u015f\u00fcm\u00fc \u0130\u00e7in Metal K\u0131r\u0131c\u0131 Makinesi"},"content":{"rendered":"<p class=\"translation-block\"><strong>metal k\u0131r\u0131c\u0131 makinesi<\/strong> end\u00fcstriyel bir geri d\u00f6n\u00fc\u015f\u00fcm cihaz\u0131d\u0131r; al\u00fcminyum kutular ve terkedilmi\u015f ara\u00e7 par\u00e7alar\u0131 gibi hurda metal malzemeleri par\u00e7alamak, k\u0131rmak ve boyutlar\u0131n\u0131 k\u00fc\u00e7\u00fcltmek i\u00e7in kullan\u0131l\u0131r, onlar\u0131 tek tip ve kolay y\u00f6netilebilir par\u00e7alara d\u00f6n\u00fc\u015ft\u00fcr\u00fcr.<\/p>    <p>Uygulama ve i\u015flenen malzemelere ba\u011fl\u0131 olarak, tam bir metal k\u0131rma \u00fcretim hatt\u0131n\u0131n par\u00e7as\u0131 olarak yap\u0131land\u0131r\u0131labilir, b\u00f6ylece i\u015fletmelerin geri d\u00f6n\u00fc\u015f\u00fcm verimlili\u011fini art\u0131rmas\u0131na ve ta\u015f\u0131ma ile depolama maliyetlerini azaltmas\u0131na yard\u0131mc\u0131 olur.<\/p>   <div class=\"wp-block-image\"> <figure class=\"aligncenter size-full\"><img loading=\"lazy\" decoding=\"async\" width=\"720\" height=\"540\" src=\"https:\/\/shuliybaler.com\/wp-content\/uploads\/2026\/01\/Shuliy-scrap-can-crusher-machine-installation-site.webp\" alt=\"Shuliy hurda k\u0131r\u0131c\u0131 makinesi kurulum alan\u0131\" class=\"wp-image-3471\" title=\"\" srcset=\"https:\/\/shuliybaler.com\/wp-content\/uploads\/2026\/01\/Shuliy-scrap-can-crusher-machine-installation-site.webp 720w, https:\/\/shuliybaler.com\/wp-content\/uploads\/2026\/01\/Shuliy-scrap-can-crusher-machine-installation-site-360x270.webp 360w, https:\/\/shuliybaler.com\/wp-content\/uploads\/2026\/01\/Shuliy-scrap-can-crusher-machine-installation-site-180x135.webp 180w, https:\/\/shuliybaler.com\/wp-content\/uploads\/2026\/01\/Shuliy-scrap-can-crusher-machine-installation-site-16x12.webp 16w\" sizes=\"auto, (max-width: 720px) 100vw, 720px\" \/><figcaption class=\"wp-element-caption\">Shuliy hurda k\u0131r\u0131c\u0131 makinesi kurulum alan\u0131<\/figcaption><\/figure> <\/div>   <h2 class=\"wp-block-heading\"><strong>Bir metal k\u0131r\u0131c\u0131 nas\u0131l \u00e7al\u0131\u015f\u0131r?<\/strong><\/h2>    <p>\u00c7al\u0131\u015fma s\u0131ras\u0131nda, metal k\u0131r\u0131c\u0131 y\u00fcksek h\u0131zda d\u00f6nen \u00e7eki\u00e7ler ve b\u0131\u00e7aklar i\u00e7erir, bunlar \u00e7e\u015fitli metal hurdalar\u0131 k\u00fc\u00e7\u00fck par\u00e7alara ay\u0131r\u0131r, k\u0131rar ve \u015fekil de\u011fi\u015ftirir.<\/p>    <p>Tam \u00fcr\u00fcn boyutunu kontrol etmek i\u00e7in, par\u00e7alama odas\u0131n\u0131n alt\u0131nda bir ekran levhas\u0131 bulunur, bu da sadece ekran boyutundan k\u00fc\u00e7\u00fck metal par\u00e7alar\u0131n\u0131n ge\u00e7mesine izin verir. Ekran boyutu, i\u015fleme gereksinimlerine g\u00f6re ayarlanabilir, genellikle 3-10 cm aras\u0131nda de\u011fi\u015fir.<\/p>    <p>Bu ekipman, sabit kurulum ve merkezi i\u015fleme i\u00e7in uygundur ve genellikle b\u00fcy\u00fck \u00f6l\u00e7ekli metal geri d\u00f6n\u00fc\u015f\u00fcm operasyonlar\u0131nda istikrarl\u0131 \u00e7al\u0131\u015fma ve y\u00fcksek \u00e7\u0131kt\u0131 sa\u011flamak i\u00e7in tam bir \u00fcretim hatt\u0131na entegre edilir.<\/p>    <figure class=\"wp-block-embed aligncenter is-type-video is-provider-youtube wp-block-embed-youtube wp-embed-aspect-16-9 wp-has-aspect-ratio\"><div class=\"wp-block-embed__wrapper\"> <iframe loading=\"lazy\" title=\"Hurda Metal K\u0131r\u0131c\u0131 Makinesi Geri D\u00f6n\u00fc\u015f\u00fcm | Fabrika Test \u00c7al\u0131\u015fmas\u0131 \u0130leti\u015fim: 8617703863868\" width=\"500\" height=\"281\" src=\"https:\/\/www.youtube.com\/embed\/TE5EZJ6OvB8?feature=oembed\" frameborder=\"0\" allow=\"accelerometer; autoplay; clipboard-write; encrypted-media; gyroscope; picture-in-picture; web-share\" referrerpolicy=\"strict-origin-when-cross-origin\" allowfullscreen><\/iframe> <\/div><figcaption class=\"wp-element-caption\">Metal k\u0131r\u0131c\u0131 makinesinin \u00e7al\u0131\u015fma videosu<\/figcaption><\/figure>    <h2 class=\"wp-block-heading\"><strong>Metal k\u0131r\u0131c\u0131 makinemizin temel \u00f6zellikleri<\/strong><\/h2>    <ul class=\"wp-block-list\"> <li>Bu metal k\u0131r\u0131c\u0131, a\u011f\u0131r hizmet tipi rotor tasar\u0131m\u0131yla donat\u0131lm\u0131\u015ft\u0131r <strong>takviye d\u00f6kme \u00e7elik<\/strong>, \u00f6nemli \u00f6l\u00e7\u00fcde <strong>radyal kuvveti art\u0131rma<\/strong>. Bu, y\u00fcksek y\u00fckler alt\u0131nda s\u00fcrekli \u00e7al\u0131\u015fma i\u00e7in \u00f6zel olarak tasarlanm\u0131\u015ft\u0131r, kal\u0131n veya y\u00fcksek yo\u011funluklu metal malzemeleri k\u0131rarken g\u00fcvenilir performans sa\u011flar.<\/li>    <li>\u00c7eki\u00e7 ba\u015flar\u0131 ve ekran levhalar\u0131, <strong>ala\u015f\u0131ml\u0131 \u00e7elik d\u00f6k\u00fcm<\/strong>, m\u00fckemmel <strong>a\u015f\u0131nma ve darbe direnci<\/strong>. B\u0131\u00e7ak kal\u0131nl\u0131\u011f\u0131 ve say\u0131s\u0131, farkl\u0131 metal malzemelere g\u00f6re \u00f6zelle\u015ftirilebilir, \u00e7e\u015fitli geri d\u00f6n\u00fc\u015f\u00fcm ihtiya\u00e7lar\u0131na uyum sa\u011flar.<\/li>    <li>Metal k\u0131r\u0131c\u0131 makinesi destekler <strong>tam otomatik operasyon<\/strong>Besleme ve k\u0131rma s\u00fcre\u00e7lerinin tamamen otomatik hale gelmesi i\u00e7in konvey\u00f6r bantlar\u0131 kullan\u0131l\u0131r. Ayr\u0131ca, makinenin tam bir metal k\u0131rma \u00fcretim hatt\u0131na kolayca entegre edilmesini sa\u011flar.<\/li>    <li>Shuliy metal kutu s\u0131kaca\u011f\u0131 tam donan\u0131ml\u0131d\u0131r <strong>bak\u0131r \u00e7ekirdek motor ile donat\u0131lm\u0131\u015ft\u0131r, daha d\u00fc\u015f\u00fck enerji t\u00fcketimini sa\u011flar<\/strong>, daha uzun servis \u00f6mr\u00fc ve daha y\u00fcksek i\u015fletme verimlili\u011fi sa\u011flar. Bu, verimli k\u0131rma olana\u011f\u0131n\u0131 garanti ederken, uzun vadeli i\u015fletme maliyetlerini de azalt\u0131r.<\/li>    <li>T\u00fcm k\u0131r\u0131c\u0131 g\u00f6vdesi <strong>y\u00fcksek teknolojili kaynak ve parlatma teknikleriyle yap\u0131lm\u0131\u015f, kal\u0131n \u00e7elik levhalar<\/strong> sa\u011flam ve dayan\u0131kl\u0131 bir yap\u0131 sa\u011flar. <\/li>    <li>Ayr\u0131ca, makine \u015fu \u00f6zelliklerle donat\u0131lm\u0131\u015ft\u0131r <strong>motor a\u015f\u0131r\u0131 y\u00fck koruma ve g\u00fc\u00e7 kilit koruma sistemleri<\/strong>Operat\u00f6rlerin ve ekipman\u0131n g\u00fcvenli\u011fini etkin bir \u015fekilde korur.<\/li> <\/ul>    <figure class=\"wp-block-gallery has-nested-images columns-2 is-cropped wp-block-gallery-2 is-layout-flex wp-block-gallery-is-layout-flex\"> <figure class=\"wp-block-image size-large\"><img loading=\"lazy\" decoding=\"async\" width=\"720\" height=\"540\" data-id=\"3465\" src=\"https:\/\/shuliybaler.com\/wp-content\/uploads\/2026\/01\/heavy-duty-rotor-design.webp\" alt=\"a\u011f\u0131r hizmet rotor tasar\u0131m\u0131\" class=\"wp-image-3465\" title=\"\" srcset=\"https:\/\/shuliybaler.com\/wp-content\/uploads\/2026\/01\/heavy-duty-rotor-design.webp 720w, https:\/\/shuliybaler.com\/wp-content\/uploads\/2026\/01\/heavy-duty-rotor-design-360x270.webp 360w, https:\/\/shuliybaler.com\/wp-content\/uploads\/2026\/01\/heavy-duty-rotor-design-180x135.webp 180w, https:\/\/shuliybaler.com\/wp-content\/uploads\/2026\/01\/heavy-duty-rotor-design-16x12.webp 16w\" sizes=\"auto, (max-width: 720px) 100vw, 720px\" \/><figcaption class=\"wp-element-caption\">A\u011f\u0131r Hizmet Rotor Tasar\u0131m\u0131<\/figcaption><\/figure>    <figure class=\"wp-block-image size-large\"><img loading=\"lazy\" decoding=\"async\" width=\"720\" height=\"540\" data-id=\"3466\" src=\"https:\/\/shuliybaler.com\/wp-content\/uploads\/2026\/01\/Wear-resistant-hammer.webp\" alt=\"A\u015f\u0131nmaya dayan\u0131kl\u0131 \u00e7eki\u00e7\" class=\"wp-image-3466\" title=\"\" srcset=\"https:\/\/shuliybaler.com\/wp-content\/uploads\/2026\/01\/Wear-resistant-hammer.webp 720w, https:\/\/shuliybaler.com\/wp-content\/uploads\/2026\/01\/Wear-resistant-hammer-360x270.webp 360w, https:\/\/shuliybaler.com\/wp-content\/uploads\/2026\/01\/Wear-resistant-hammer-180x135.webp 180w, https:\/\/shuliybaler.com\/wp-content\/uploads\/2026\/01\/Wear-resistant-hammer-16x12.webp 16w\" sizes=\"auto, (max-width: 720px) 100vw, 720px\" \/><figcaption class=\"wp-element-caption\">A\u015f\u0131nmaya Dayan\u0131kl\u0131 \u00c7eki\u00e7<\/figcaption><\/figure>    <figure class=\"wp-block-image size-large\"><img loading=\"lazy\" decoding=\"async\" width=\"720\" height=\"540\" data-id=\"3463\" src=\"https:\/\/shuliybaler.com\/wp-content\/uploads\/2026\/01\/copper-core-motor.webp\" alt=\"copper core motor\" class=\"wp-image-3463\" title=\"\" srcset=\"https:\/\/shuliybaler.com\/wp-content\/uploads\/2026\/01\/copper-core-motor.webp 720w, https:\/\/shuliybaler.com\/wp-content\/uploads\/2026\/01\/copper-core-motor-360x270.webp 360w, https:\/\/shuliybaler.com\/wp-content\/uploads\/2026\/01\/copper-core-motor-180x135.webp 180w, https:\/\/shuliybaler.com\/wp-content\/uploads\/2026\/01\/copper-core-motor-16x12.webp 16w\" sizes=\"auto, (max-width: 720px) 100vw, 720px\" \/><figcaption class=\"wp-element-caption\">Bak\u0131r \u00c7ekirdek Motor<\/figcaption><\/figure>    <figure class=\"wp-block-image size-large\"><img loading=\"lazy\" decoding=\"async\" width=\"720\" height=\"540\" data-id=\"3464\" src=\"https:\/\/shuliybaler.com\/wp-content\/uploads\/2026\/01\/extra-thick-steel-plates.webp\" alt=\"extra-thick steel plates\" class=\"wp-image-3464\" title=\"\" srcset=\"https:\/\/shuliybaler.com\/wp-content\/uploads\/2026\/01\/extra-thick-steel-plates.webp 720w, https:\/\/shuliybaler.com\/wp-content\/uploads\/2026\/01\/extra-thick-steel-plates-360x270.webp 360w, https:\/\/shuliybaler.com\/wp-content\/uploads\/2026\/01\/extra-thick-steel-plates-180x135.webp 180w, https:\/\/shuliybaler.com\/wp-content\/uploads\/2026\/01\/extra-thick-steel-plates-16x12.webp 16w\" sizes=\"auto, (max-width: 720px) 100vw, 720px\" \/><figcaption class=\"wp-element-caption\">Ekstra Kal\u0131n \u00c7elik Levhalar<\/figcaption><\/figure> <\/figure>    <h2 class=\"wp-block-heading\"><strong>Metal k\u0131r\u0131c\u0131 makinenin teknik parametreleri<\/strong><\/h2>    <figure class=\"wp-block-table\"><table><tbody><tr><td>Model<\/td><td class=\"has-text-align-center\" data-align=\"center\">G\u00fc\u00e7<\/td><td class=\"has-text-align-center\" data-align=\"center\">H\u0131z<\/td><td class=\"has-text-align-center\" data-align=\"center\">Kapasite<\/td><td class=\"has-text-align-center\" data-align=\"center\">Boyutlar<\/td><\/tr><tr><td>BDL-600<\/td><td class=\"has-text-align-center\" data-align=\"center\">18.5\u201322 kW<\/td><td class=\"has-text-align-center\" data-align=\"center\">860 r\/dak<\/td><td class=\"has-text-align-center\" data-align=\"center\">600\u2013800 kg\/s<\/td><td class=\"has-text-align-center\" data-align=\"center\">2000\u00d71200\u00d71900 mm<\/td><\/tr><tr><td>BDL-800<\/td><td class=\"has-text-align-center\" data-align=\"center\">30\u201337 kW<\/td><td class=\"has-text-align-center\" data-align=\"center\">860 r\/dak<\/td><td class=\"has-text-align-center\" data-align=\"center\">800\u20131000 kg\/s<\/td><td class=\"has-text-align-center\" data-align=\"center\">2200\u00d71500\u00d72200 mm<\/td><\/tr><tr><td>BDL-1000<\/td><td class=\"has-text-align-center\" data-align=\"center\">55\u201375 kW<\/td><td class=\"has-text-align-center\" data-align=\"center\">860 r\/dak<\/td><td class=\"has-text-align-center\" data-align=\"center\">2500\u20133500 kg\/s<\/td><td class=\"has-text-align-center\" data-align=\"center\">2800\u00d71900\u00d73100 mm<\/td><\/tr><tr><td>BDL-1300<\/td><td class=\"has-text-align-center\" data-align=\"center\">90\u2013110 kW<\/td><td class=\"has-text-align-center\" data-align=\"center\">750 r\/dak<\/td><td class=\"has-text-align-center\" data-align=\"center\">3500\u20135000 kg\/s<\/td><td class=\"has-text-align-center\" data-align=\"center\">3500\u00d72100\u00d73800 mm<\/td><\/tr><tr><td>BDL-1600<\/td><td class=\"has-text-align-center\" data-align=\"center\">110\u00d72 kW<\/td><td class=\"has-text-align-center\" data-align=\"center\">750 r\/dak<\/td><td class=\"has-text-align-center\" data-align=\"center\">4000\u20138000 kg\/s<\/td><td class=\"has-text-align-center\" data-align=\"center\">4400\u00d72500\u00d74200 mm<\/td><\/tr><tr><td>BDL-1800<\/td><td class=\"has-text-align-center\" data-align=\"center\">160\u00d72 kW<\/td><td class=\"has-text-align-center\" data-align=\"center\">650 r\/dak<\/td><td class=\"has-text-align-center\" data-align=\"center\">8000\u201312000 kg\/s<\/td><td class=\"has-text-align-center\" data-align=\"center\">4700\u00d72900\u00d74500 mm<\/td><\/tr><tr><td>BDL-2000<\/td><td class=\"has-text-align-center\" data-align=\"center\">220\u00d72 kW<\/td><td class=\"has-text-align-center\" data-align=\"center\">650 r\/dak<\/td><td class=\"has-text-align-center\" data-align=\"center\">10000\u201318000 kg\/s<\/td><td class=\"has-text-align-center\" data-align=\"center\">5000\u00d73200\u00d74600 mm<\/td><\/tr><\/tbody><\/table><figcaption class=\"wp-element-caption\">metal k\u0131r\u0131c\u0131 makinesinin parametreleri<\/figcaption><\/figure>    <p>Uygun makine modelini se\u00e7mek, malzeme boyutu, kal\u0131nl\u0131k ve g\u00fcnl\u00fck \u00e7\u0131k\u0131\u015f gibi fakt\u00f6rleri dikkate almay\u0131 gerektirir. E\u011fer makine bir \u00fcretim hatt\u0131na entegre edilecekse, k\u0131rma oran\u0131 ve toplam \u00fcretim hatt\u0131 h\u0131z\u0131 da do\u011fru entegrasyon i\u00e7in g\u00f6z \u00f6n\u00fcnde bulundurulmal\u0131d\u0131r.<\/p>    <p>Shuliy, \u00f6zel ihtiya\u00e7lar\u0131n\u0131za g\u00f6re \u00f6nerilerde bulunabilecek sat\u0131\u015f personeline sahiptir. Ek \u00f6zelle\u015ftirme gereksinimleriniz (Renk, yap\u0131 vb.) varsa, \u00fccretsiz teklif ve \u00f6zelle\u015ftirilmi\u015f hizmet almak i\u00e7in bizimle ileti\u015fime ge\u00e7in.<\/p>    <figure class=\"wp-block-gallery has-nested-images columns-default is-cropped wp-block-gallery-3 is-layout-flex wp-block-gallery-is-layout-flex\"> <figure class=\"wp-block-image size-large\"><img loading=\"lazy\" decoding=\"async\" width=\"720\" height=\"540\" data-id=\"3467\" src=\"https:\/\/shuliybaler.com\/wp-content\/uploads\/2026\/01\/blue-metal-scrap-crusher.webp\" alt=\"mavi metal hurda k\u0131r\u0131c\u0131\" class=\"wp-image-3467\" title=\"\" srcset=\"https:\/\/shuliybaler.com\/wp-content\/uploads\/2026\/01\/blue-metal-scrap-crusher.webp 720w, https:\/\/shuliybaler.com\/wp-content\/uploads\/2026\/01\/blue-metal-scrap-crusher-360x270.webp 360w, https:\/\/shuliybaler.com\/wp-content\/uploads\/2026\/01\/blue-metal-scrap-crusher-180x135.webp 180w, https:\/\/shuliybaler.com\/wp-content\/uploads\/2026\/01\/blue-metal-scrap-crusher-16x12.webp 16w\" sizes=\"auto, (max-width: 720px) 100vw, 720px\" \/><figcaption class=\"wp-element-caption\">Mavi Metal Hurda K\u0131r\u0131c\u0131<\/figcaption><\/figure>    <figure class=\"wp-block-image size-large\"><img loading=\"lazy\" decoding=\"async\" width=\"720\" height=\"540\" data-id=\"3468\" src=\"https:\/\/shuliybaler.com\/wp-content\/uploads\/2026\/01\/white-crusher-for-metal.webp\" alt=\"beyaz metal k\u0131r\u0131c\u0131\" class=\"wp-image-3468\" title=\"\" srcset=\"https:\/\/shuliybaler.com\/wp-content\/uploads\/2026\/01\/white-crusher-for-metal.webp 720w, https:\/\/shuliybaler.com\/wp-content\/uploads\/2026\/01\/white-crusher-for-metal-360x270.webp 360w, https:\/\/shuliybaler.com\/wp-content\/uploads\/2026\/01\/white-crusher-for-metal-180x135.webp 180w, https:\/\/shuliybaler.com\/wp-content\/uploads\/2026\/01\/white-crusher-for-metal-16x12.webp 16w\" sizes=\"auto, (max-width: 720px) 100vw, 720px\" \/><figcaption class=\"wp-element-caption\">Beyaz K\u0131r\u0131c\u0131 Metal \u0130\u00e7in<\/figcaption><\/figure> <\/figure>    <h2 class=\"wp-block-heading\"><strong>Bu k\u0131r\u0131c\u0131yla hangi t\u00fcr geri d\u00f6n\u00fc\u015ft\u00fcr\u00fclebilir malzemeler i\u015flenebilir?<\/strong><\/h2>    <p>Shuliy metal k\u0131r\u0131c\u0131 makineleri, \u00e7e\u015fitli hurda metal t\u00fcrlerinin i\u015flenmesine uygundur, bunlar aras\u0131nda:<\/p>    <ul class=\"wp-block-list\"> <li>Eritilmi\u015f araba g\u00f6vdeleri ve s\u00f6k\u00fclm\u00fc\u015f araba par\u00e7alar\u0131<\/li>    <li>Kesme veya balyalama sonras\u0131 yo\u011funlu\u011fu \u22641 T\/m\u00b3 olan hafif malzemeler<\/li>    <li>Eski \u00e7ama\u015f\u0131r makineleri, buzdolaplar\u0131, klimalar, renkli \u00e7elik kiremitler ve di\u011fer ev aletleri<\/li>    <li>Hurda motosikletler, elektrikli ara\u00e7lar, bisikletler ve bunlar\u0131n g\u00f6vde par\u00e7alar\u0131<\/li>    <li>At\u0131k al\u00fcminyum kutular, boya kutular\u0131, hurda al\u00fcminyum ve k\u0131r\u0131k al\u00fcminyum kap\u0131 ve pencereler (s\u0131v\u0131lar ve boya \u00e7\u0131kar\u0131lmal\u0131)<\/li>    <li>Hurda sac metal, hurda \u00e7elik, hurda demir ve di\u011fer hurda metaller<\/li> <\/ul>    <figure class=\"wp-block-gallery has-nested-images columns-default is-cropped wp-block-gallery-4 is-layout-flex wp-block-gallery-is-layout-flex\"> <figure class=\"wp-block-image size-large\"><img loading=\"lazy\" decoding=\"async\" width=\"720\" height=\"540\" data-id=\"3462\" src=\"https:\/\/shuliybaler.com\/wp-content\/uploads\/2026\/01\/hammer-type-crushing-machine.webp\" alt=\"\u00e7ekici tipi k\u0131rma makinesi\" class=\"wp-image-3462\" title=\"\" srcset=\"https:\/\/shuliybaler.com\/wp-content\/uploads\/2026\/01\/hammer-type-crushing-machine.webp 720w, https:\/\/shuliybaler.com\/wp-content\/uploads\/2026\/01\/hammer-type-crushing-machine-360x270.webp 360w, https:\/\/shuliybaler.com\/wp-content\/uploads\/2026\/01\/hammer-type-crushing-machine-180x135.webp 180w, https:\/\/shuliybaler.com\/wp-content\/uploads\/2026\/01\/hammer-type-crushing-machine-16x12.webp 16w\" sizes=\"auto, (max-width: 720px) 100vw, 720px\" \/><figcaption class=\"wp-element-caption\">\u00c7eki\u00e7 Tipi K\u0131rma Makinesi<\/figcaption><\/figure>    <figure class=\"wp-block-image size-large\"><img loading=\"lazy\" decoding=\"async\" width=\"720\" height=\"540\" data-id=\"3461\" src=\"https:\/\/shuliybaler.com\/wp-content\/uploads\/2026\/01\/final-products-after-crushing.webp\" alt=\"final products after crushing\" class=\"wp-image-3461\" title=\"\" srcset=\"https:\/\/shuliybaler.com\/wp-content\/uploads\/2026\/01\/final-products-after-crushing.webp 720w, https:\/\/shuliybaler.com\/wp-content\/uploads\/2026\/01\/final-products-after-crushing-360x270.webp 360w, https:\/\/shuliybaler.com\/wp-content\/uploads\/2026\/01\/final-products-after-crushing-180x135.webp 180w, https:\/\/shuliybaler.com\/wp-content\/uploads\/2026\/01\/final-products-after-crushing-16x12.webp 16w\" sizes=\"auto, (max-width: 720px) 100vw, 720px\" \/><figcaption class=\"wp-element-caption\">K\u0131rma Sonras\u0131 Nihai \u00dcr\u00fcnler<\/figcaption><\/figure> <\/figure>    <h2 class=\"wp-block-heading\">En g\u00fcncel kota i\u00e7in bizimle ileti\u015fime ge\u00e7in!<\/h2>    <p>M\u00fc\u015fterilerimizin \u00e7o\u011fu, metal k\u0131rma makinesini veya ilgili \u00fcretim hatt\u0131n\u0131 hurda metal geri d\u00f6n\u00fc\u015f\u00fcm tesislerine, \u00e7elik fabrikalar\u0131na veya ergitme tesislerine kurar. Malzemeleri i\u015fleyerek hacimlerini azalt\u0131r, ta\u015f\u0131may\u0131 kolayla\u015ft\u0131r\u0131r veya ergitme verimlili\u011fini art\u0131r\u0131r, b\u00f6ylece geri kazan\u0131lan hurda metalin de\u011ferini y\u00fckseltir.<\/p>    <figure class=\"wp-block-gallery has-nested-images columns-default is-cropped wp-block-gallery-5 is-layout-flex wp-block-gallery-is-layout-flex\"> <figure class=\"wp-block-image size-large\"><img loading=\"lazy\" decoding=\"async\" width=\"720\" height=\"540\" data-id=\"3469\" src=\"https:\/\/shuliybaler.com\/wp-content\/uploads\/2026\/01\/clients-feedback.webp\" alt=\"m\u00fc\u015fteri geri bildirimi\" class=\"wp-image-3469\" title=\"\" srcset=\"https:\/\/shuliybaler.com\/wp-content\/uploads\/2026\/01\/clients-feedback.webp 720w, https:\/\/shuliybaler.com\/wp-content\/uploads\/2026\/01\/clients-feedback-360x270.webp 360w, https:\/\/shuliybaler.com\/wp-content\/uploads\/2026\/01\/clients-feedback-180x135.webp 180w, https:\/\/shuliybaler.com\/wp-content\/uploads\/2026\/01\/clients-feedback-16x12.webp 16w\" sizes=\"auto, (max-width: 720px) 100vw, 720px\" \/><figcaption class=\"wp-element-caption\">M\u00fc\u015fteri Geri Bildirimleri<\/figcaption><\/figure>    <figure class=\"wp-block-image size-large\"><img loading=\"lazy\" decoding=\"async\" width=\"720\" height=\"540\" data-id=\"3470\" src=\"https:\/\/shuliybaler.com\/wp-content\/uploads\/2026\/01\/metal-shredder-installation-case.webp\" alt=\"metal shredder  installation case\" class=\"wp-image-3470\" title=\"\" srcset=\"https:\/\/shuliybaler.com\/wp-content\/uploads\/2026\/01\/metal-shredder-installation-case.webp 720w, https:\/\/shuliybaler.com\/wp-content\/uploads\/2026\/01\/metal-shredder-installation-case-360x270.webp 360w, https:\/\/shuliybaler.com\/wp-content\/uploads\/2026\/01\/metal-shredder-installation-case-180x135.webp 180w, https:\/\/shuliybaler.com\/wp-content\/uploads\/2026\/01\/metal-shredder-installation-case-16x12.webp 16w\" sizes=\"auto, (max-width: 720px) 100vw, 720px\" \/><figcaption class=\"wp-element-caption\">Metal K\u0131r\u0131c\u0131 Kurulum Vakas\u0131<\/figcaption><\/figure> <\/figure>    <p>Makinemize ilgi duyuyorsan\u0131z, en g\u00fcncel fiyat listesi ve indirimler i\u00e7in bizimle ileti\u015fime ge\u00e7in. A\u015fa\u011f\u0131daki \u00fcr\u00fcnler bu metal k\u0131r\u0131c\u0131 makinesi ile birlikte kullan\u0131labilir: <\/p>    <ul class=\"wp-block-list\"> <li><a href=\"https:\/\/shuliybaler.com\/tr\/product\/steel-drum-shredder\/\">\u00c7elik davul par\u00e7alama makinesi<\/a><\/li>    <li><a href=\"https:\/\/shuliybaler.com\/tr\/product\/scrap-metal-baler\/\">Hurda metal presi<\/a><\/li> <\/ul>","protected":false},"excerpt":{"rendered":"<p>This high-efficiency metal shredder can be used to shred scrap metal, aluminum cans, household appliances, and steel. The shredded material is in the form of 3-10 cm spheres or segments, which facilitates packaging and other metal recycling processes.<\/p>","protected":false},"author":1,"featured_media":3460,"parent":0,"template":"","tags":[15],"product-type":[87],"class_list":["post-3448","product","type-product","status-publish","has-post-thumbnail","hentry","tag-metal","product-type-metal-recycling-machine"],"_links":{"self":[{"href":"https:\/\/shuliybaler.com\/tr\/wp-json\/wp\/v2\/product\/3448","targetHints":{"allow":["GET"]}}],"collection":[{"href":"https:\/\/shuliybaler.com\/tr\/wp-json\/wp\/v2\/product"}],"about":[{"href":"https:\/\/shuliybaler.com\/tr\/wp-json\/wp\/v2\/types\/product"}],"author":[{"embeddable":true,"href":"https:\/\/shuliybaler.com\/tr\/wp-json\/wp\/v2\/users\/1"}],"wp:featuredmedia":[{"embeddable":true,"href":"https:\/\/shuliybaler.com\/tr\/wp-json\/wp\/v2\/media\/3460"}],"wp:attachment":[{"href":"https:\/\/shuliybaler.com\/tr\/wp-json\/wp\/v2\/media?parent=3448"}],"wp:term":[{"taxonomy":"post_tag","embeddable":true,"href":"https:\/\/shuliybaler.com\/tr\/wp-json\/wp\/v2\/tags?post=3448"},{"taxonomy":"product-type","embeddable":true,"href":"https:\/\/shuliybaler.com\/tr\/wp-json\/wp\/v2\/product-type?post=3448"}],"curies":[{"name":"wp","href":"https:\/\/api.w.org\/{rel}","templated":true}]}}