{"id":3476,"date":"2026-01-08T14:24:56","date_gmt":"2026-01-08T06:24:56","guid":{"rendered":"https:\/\/shuliybaler.com\/?post_type=product&#038;p=3476"},"modified":"2026-01-09T13:37:25","modified_gmt":"2026-01-09T05:37:25","slug":"small-metal-shredder-for-waste-recycling","status":"publish","type":"product","link":"https:\/\/shuliybaler.com\/tr\/product\/small-metal-shredder-for-waste-recycling\/","title":{"rendered":"Y\u00fcksek Verimli K\u00fc\u00e7\u00fck Metal \u00d6\u011f\u00fct\u00fcc\u00fc At\u0131k Geri D\u00f6n\u00fc\u015f\u00fcm \u0130\u00e7in"},"content":{"rendered":"<p class=\"translation-block\">K\u00fc\u00e7\u00fck metal k\u0131r\u0131c\u0131  uygulamalarda verimli k\u0131rma gerektiren alanlar i\u00e7in uygundur. Kompakt boyutuna ra\u011fmen, g\u00fc\u00e7l\u00fc \u00e7ift mil kesim \u00f6zellikleri ve a\u015f\u0131nmaya dayan\u0131kl\u0131 9CrSi malzemeden yap\u0131lm\u0131\u015f b\u0131\u00e7aklar\u0131 ile uzun s\u00fcre kesintisiz \u00e7al\u0131\u015fmaya uygundur.<\/p>    <figure class=\"wp-block-embed aligncenter is-type-video is-provider-youtube wp-block-embed-youtube wp-embed-aspect-16-9 wp-has-aspect-ratio\"><div class=\"wp-block-embed__wrapper\"> <iframe loading=\"lazy\" title=\"\u0130\u00e7imizdeki Fabrika: K\u00fc\u00e7\u00fck Metal K\u0131r\u0131c\u0131 \u00c7al\u0131\u015fma Testi | Kompakt ama G\u00fc\u00e7l\u00fc \u0130leti\u015fim:  8617703863868\" width=\"500\" height=\"281\" src=\"https:\/\/www.youtube.com\/embed\/7L99OCIJPJc?feature=oembed\" frameborder=\"0\" allow=\"accelerometer; autoplay; clipboard-write; encrypted-media; gyroscope; picture-in-picture; web-share\" referrerpolicy=\"strict-origin-when-cross-origin\" allowfullscreen><\/iframe> <\/div><figcaption class=\"wp-element-caption\">k\u00fc\u00e7\u00fck metal k\u0131r\u0131c\u0131 \u00e7al\u0131\u015fma videosu<\/figcaption><\/figure>    <h2 class=\"wp-block-heading\"><strong>Bu k\u00fc\u00e7\u00fck metal k\u0131r\u0131c\u0131y\u0131 tercih etmenin temel avantajlar\u0131<\/strong><\/h2>    <ul class=\"wp-block-list\"> <li>Shuliy kompakt metal k\u0131r\u0131c\u0131, bir <strong>toplam boyutlar\u0131 1600 \u00d7 1000 \u00d7 1300 mm olan kompakt yap\u0131<\/strong>, which is suitable for small recycling centers, factory corners, and startup recycling projects with limited space. It doesn&#8217;t need a complex installation, significantly reducing installation costs.<\/li>    <li>Ticari k\u0131r\u0131c\u0131, ile \u00e7al\u0131\u015ft\u0131r\u0131l\u0131r <strong>11 kW motor ve 400 tipi \u015fanz\u0131man<\/strong>, d\u00fc\u015f\u00fck devirli 8-11 dev\/dak h\u0131z\u0131nda, g\u00fc\u00e7l\u00fc tork sa\u011flayan ve stabil ve s\u00fcrekli k\u0131rma i\u015flemlerini s\u00fcrd\u00fcren. <\/li>    <li>K\u00fc\u00e7\u00fck metal k\u0131r\u0131c\u0131lar\u0131m\u0131z bir <strong>\u00e7ift mil k\u0131rma yap\u0131s\u0131<\/strong>, g\u00fc\u00e7l\u00fc kesme, y\u0131rtma ve k\u0131rma kuvvetleri sa\u011flar. 13 d\u00f6nen b\u0131\u00e7ak ve 15 sabit b\u0131\u00e7ak ile donat\u0131lm\u0131\u015ft\u0131r, hafif metal profilleri ve kar\u0131\u015f\u0131k metal hurdalar\u0131 kolayca i\u015fleyebilir. <\/li>    <li>Nedeniyle <strong>keskin b\u0131\u00e7ak d\u00fczeni ve kontrol edilebilir d\u00f6n\u00fc\u015f h\u0131z\u0131<\/strong>, bitmi\u015f malzeme k\u00fc\u00e7\u00fck ve tek tip par\u00e7ac\u0131k boyutuna sahiptir, bu da ikincil i\u015fleme, metal ay\u0131rma ve ayr\u0131\u015ft\u0131rma ve a\u015fa\u011f\u0131 ak\u0131\u015f geri d\u00f6n\u00fc\u015f\u00fcm\u00fcn\u00fc daha verimli ve karl\u0131 hale getirir.<\/li> <\/ul>   <div class=\"wp-block-image\"> <figure class=\"aligncenter size-large\"><img loading=\"lazy\" decoding=\"async\" width=\"720\" height=\"540\" src=\"https:\/\/shuliybaler.com\/wp-content\/uploads\/2026\/01\/waste-shredder.webp\" alt=\"\" class=\"wp-image-3485\" title=\"\" srcset=\"https:\/\/shuliybaler.com\/wp-content\/uploads\/2026\/01\/waste-shredder.webp 720w, https:\/\/shuliybaler.com\/wp-content\/uploads\/2026\/01\/waste-shredder-360x270.webp 360w, https:\/\/shuliybaler.com\/wp-content\/uploads\/2026\/01\/waste-shredder-180x135.webp 180w, https:\/\/shuliybaler.com\/wp-content\/uploads\/2026\/01\/waste-shredder-16x12.webp 16w\" sizes=\"auto, (max-width: 720px) 100vw, 720px\" \/><\/figure> <\/div>   <h2 class=\"wp-block-heading\"><strong>Neden k\u00fc\u00e7\u00fck bir metal k\u0131r\u0131c\u0131ya yat\u0131r\u0131m yapmal\u0131s\u0131n\u0131z?<\/strong><\/h2>    <p>K\u00fc\u00e7\u00fck geri d\u00f6n\u00fc\u015f\u00fcm tesisleri, risk ve maliyeti kontrol alt\u0131nda tutarak metal geri d\u00f6n\u00fc\u015f\u00fcm pazar\u0131na giri\u015f yapmak veya geni\u015fletmek istiyorsa, k\u00fc\u00e7\u00fck bir metal k\u0131r\u0131c\u0131ya yat\u0131r\u0131m yapmak ak\u0131ll\u0131ca bir se\u00e7imdir.<\/p>    <ol class=\"wp-block-list\"> <li>B\u00fcy\u00fck k\u0131r\u0131c\u0131 hatlar\u0131na k\u0131yasla, ba\u015flang\u0131\u00e7 maliyeti daha d\u00fc\u015f\u00fckt\u00fcr.<\/li>    <li>Kompakt k\u0131r\u0131c\u0131, stabil performans, d\u00fc\u015f\u00fck bak\u0131m maliyetleri ve h\u0131zl\u0131 yat\u0131r\u0131m geri d\u00f6n\u00fc\u015f\u00fc sa\u011flar.<\/li>    <li>Makinemiz \u00e7ok y\u00f6nl\u00fcd\u00fcr ve \u00e7e\u015fitli metal malzemelerle kullan\u0131labilir.<\/li>    <li>Kullan\u0131m\u0131 ve bak\u0131m\u0131 kolayd\u0131r, k\u00fc\u00e7\u00fck ekipler i\u00e7in uygundur.<\/li> <\/ol>    <p>K\u00fc\u00e7\u00fck \u00f6l\u00e7ekli geri d\u00f6n\u00fc\u015f\u00fcmc\u00fcler, \u00fcreticiler ve hurda sat\u0131c\u0131lar\u0131 i\u00e7in bu makine, performans, maliyet ve \u00f6l\u00e7eklenebilirlik a\u00e7\u0131s\u0131ndan ideal bir denge sa\u011flar.<\/p>   <div class=\"wp-block-image\"> <figure class=\"aligncenter size-large\"><img loading=\"lazy\" decoding=\"async\" width=\"720\" height=\"540\" src=\"https:\/\/shuliybaler.com\/wp-content\/uploads\/2026\/01\/cardboard-shredding-machine-1.webp\" alt=\"\" class=\"wp-image-3484\" title=\"\" srcset=\"https:\/\/shuliybaler.com\/wp-content\/uploads\/2026\/01\/cardboard-shredding-machine-1.webp 720w, https:\/\/shuliybaler.com\/wp-content\/uploads\/2026\/01\/cardboard-shredding-machine-1-360x270.webp 360w, https:\/\/shuliybaler.com\/wp-content\/uploads\/2026\/01\/cardboard-shredding-machine-1-180x135.webp 180w, https:\/\/shuliybaler.com\/wp-content\/uploads\/2026\/01\/cardboard-shredding-machine-1-16x12.webp 16w\" sizes=\"auto, (max-width: 720px) 100vw, 720px\" \/><\/figure> <\/div>   <h2 class=\"wp-block-heading\"><strong>Kompakt metal k\u0131rma makinesinin geni\u015f uygulama alanlar\u0131<\/strong><\/h2>    <p>K\u00fc\u00e7\u00fck ve orta \u00f6l\u00e7ekli hurda metal geri d\u00f6n\u00fc\u015f\u00fcm tesislerinde, bu tip k\u00fc\u00e7\u00fck metal k\u0131r\u0131c\u0131 genellikle birincil veya \u00f6n k\u0131r\u0131c\u0131 ekipman olarak kullan\u0131l\u0131r. Hurdalar\u0131 daha k\u00fc\u00e7\u00fck ve y\u00f6netilebilir par\u00e7alara k\u0131rar, ay\u0131rma verimlili\u011fini art\u0131r\u0131r ve manyetik ay\u0131rma veya daha fazla k\u0131rma \u00f6ncesinde kullan\u0131l\u0131r.<\/p>    <p>Metal i\u015fleme at\u00f6lyeleri, g\u00fcnl\u00fck \u00fcretim s\u0131ras\u0131nda b\u00fcy\u00fck miktarda hurda, k\u0131rp\u0131nt\u0131 ve ar\u0131zal\u0131 par\u00e7a \u00fcretir. Bu k\u0131r\u0131c\u0131, at\u00f6lyelerin metal at\u0131klar\u0131n\u0131 yerinde k\u0131rmas\u0131na yard\u0131mc\u0131 olur, depolama alan\u0131n\u0131 azalt\u0131r ve daha temiz, daha g\u00fcvenli bir \u00e7al\u0131\u015fma ortam\u0131 sa\u011flar. <\/p>    <p>Hurda metal toplama ve ta\u015f\u0131ma istasyonlar\u0131nda, \u00e7e\u015fitli boyutlardaki at\u0131klar\u0131n i\u015flenmesi zordur. Bu k\u0131r\u0131c\u0131, malzeme hacmini azaltmak, hurda boyutlar\u0131n\u0131 standart hale getirmek ve a\u015fa\u011f\u0131 ak\u0131\u015f geri d\u00f6n\u00fc\u015f\u00fcm tesisleri taraf\u0131ndan daha kolay i\u015flenmesini sa\u011flamak, y\u00fckleme verimlili\u011fini ve lojistik y\u00f6netimini geli\u015ftirmek i\u00e7in yayg\u0131n olarak kullan\u0131l\u0131r.<\/p>    <figure class=\"wp-block-gallery has-nested-images columns-default is-cropped wp-block-gallery-2 is-layout-flex wp-block-gallery-is-layout-flex\"> <figure class=\"wp-block-image size-large\"><img loading=\"lazy\" decoding=\"async\" width=\"720\" height=\"540\" data-id=\"3488\" src=\"https:\/\/shuliybaler.com\/wp-content\/uploads\/2026\/01\/waste-recycling.webp\" alt=\"waste recycling\" class=\"wp-image-3488\" title=\"\" srcset=\"https:\/\/shuliybaler.com\/wp-content\/uploads\/2026\/01\/waste-recycling.webp 720w, https:\/\/shuliybaler.com\/wp-content\/uploads\/2026\/01\/waste-recycling-360x270.webp 360w, https:\/\/shuliybaler.com\/wp-content\/uploads\/2026\/01\/waste-recycling-180x135.webp 180w, https:\/\/shuliybaler.com\/wp-content\/uploads\/2026\/01\/waste-recycling-16x12.webp 16w\" sizes=\"auto, (max-width: 720px) 100vw, 720px\" \/><figcaption class=\"wp-element-caption\">At\u0131k Geri D\u00f6n\u00fc\u015f\u00fcm<\/figcaption><\/figure>    <figure class=\"wp-block-image size-large\"><img loading=\"lazy\" decoding=\"async\" width=\"720\" height=\"540\" data-id=\"3487\" src=\"https:\/\/shuliybaler.com\/wp-content\/uploads\/2026\/01\/metal-factory-scraps.webp\" alt=\"metal factory scraps\" class=\"wp-image-3487\" title=\"\" srcset=\"https:\/\/shuliybaler.com\/wp-content\/uploads\/2026\/01\/metal-factory-scraps.webp 720w, https:\/\/shuliybaler.com\/wp-content\/uploads\/2026\/01\/metal-factory-scraps-360x270.webp 360w, https:\/\/shuliybaler.com\/wp-content\/uploads\/2026\/01\/metal-factory-scraps-180x135.webp 180w, https:\/\/shuliybaler.com\/wp-content\/uploads\/2026\/01\/metal-factory-scraps-16x12.webp 16w\" sizes=\"auto, (max-width: 720px) 100vw, 720px\" \/><figcaption class=\"wp-element-caption\">Metal Fabrika Hurda<\/figcaption><\/figure> <\/figure>    <h2 class=\"wp-block-heading\"><strong>K\u00fc\u00e7\u00fck metal k\u0131r\u0131c\u0131 teknik parametreleri<\/strong><\/h2>    <figure class=\"wp-block-table\"><table class=\"has-fixed-layout\"><tbody><tr><td>Motor g\u00fcc\u00fc<\/td><td>11 kW<\/td><\/tr><tr><td>Red\u00fckt\u00f6r<\/td><td>400 tipi<\/td><\/tr><tr><td>Elektrik kontrol\u00fc<\/td><td>\u0130leri ve geri kontrol kabini<\/td><\/tr><tr><td>B\u0131\u00e7ak malzemesi<\/td><td>So\u011fuk i\u015fleme kal\u0131p \u00e7eli\u011fi<\/td><\/tr><tr><td>B\u0131\u00e7ak \u00e7ap\u0131<\/td><td>200 mm<\/td><\/tr><tr><td>B\u0131\u00e7ak kal\u0131nl\u0131\u011f\u0131<\/td><td>30 mm<\/td><\/tr><tr><td>D\u00f6nen b\u0131\u00e7aklar<\/td><td>13 adet<\/td><\/tr><tr><td>Sabit b\u0131\u00e7aklar<\/td><td>15 adet<\/td><\/tr><tr><td>Bo\u015fluk malzemesi<\/td><td>So\u011fuk i\u015fleme kal\u0131p \u00e7eli\u011fi<\/td><\/tr><tr><td>Mil<\/td><td>Su\u00e7lanm\u0131\u015f ve temperlenmi\u015f<\/td><\/tr><tr><td>Kare t\u00fcp \u00e7er\u00e7eve<\/td><td>80 \u00d7 80 mm<\/td><\/tr><tr><td>Genel boyut<\/td><td>1600 \u00d7 1000 \u00d7 1300 mm<\/td><\/tr><tr><td>D\u00f6nen mil h\u0131z\u0131<\/td><td>8\u201311 r\/dak<\/td><\/tr><tr><td>G\u00fc\u00e7 kayna\u011f\u0131<\/td><td>3 fazl\u0131 380 V 50 Hz<\/td><\/tr><\/tbody><\/table><figcaption class=\"wp-element-caption\">\u00c7ift mil k\u0131r\u0131c\u0131 parametreleri<\/figcaption><\/figure>    <p>Ayr\u0131ca renk, motor voltaj\u0131 ve \u00e7\u0131k\u0131\u015f portu tasar\u0131m\u0131 gibi ek \u00f6zelle\u015ftirme hizmetleri de sunuyoruz. Daha detayl\u0131 bilgi i\u00e7in uzmanlar\u0131m\u0131zla ileti\u015fime ge\u00e7in.<\/p>    <figure class=\"wp-block-gallery has-nested-images columns-default is-cropped wp-block-gallery-3 is-layout-flex wp-block-gallery-is-layout-flex\"> <figure class=\"wp-block-image size-large\"><img loading=\"lazy\" decoding=\"async\" width=\"720\" height=\"540\" data-id=\"3482\" src=\"https:\/\/shuliybaler.com\/wp-content\/uploads\/2026\/01\/metal-shredding-machine-with-wire-mesh.webp\" alt=\"tel \u00f6rg\u00fcl\u00fc metal k\u0131r\u0131c\u0131\" class=\"wp-image-3482\" title=\"\" srcset=\"https:\/\/shuliybaler.com\/wp-content\/uploads\/2026\/01\/metal-shredding-machine-with-wire-mesh.webp 720w, https:\/\/shuliybaler.com\/wp-content\/uploads\/2026\/01\/metal-shredding-machine-with-wire-mesh-360x270.webp 360w, https:\/\/shuliybaler.com\/wp-content\/uploads\/2026\/01\/metal-shredding-machine-with-wire-mesh-180x135.webp 180w, https:\/\/shuliybaler.com\/wp-content\/uploads\/2026\/01\/metal-shredding-machine-with-wire-mesh-16x12.webp 16w\" sizes=\"auto, (max-width: 720px) 100vw, 720px\" \/><figcaption class=\"wp-element-caption\">Tel \u00f6rg\u00fcl\u00fc Metal K\u0131r\u0131c\u0131<\/figcaption><\/figure>    <figure class=\"wp-block-image size-large\"><img loading=\"lazy\" decoding=\"async\" width=\"720\" height=\"540\" data-id=\"3481\" src=\"https:\/\/shuliybaler.com\/wp-content\/uploads\/2026\/01\/metal-shredder-with-discharge-ramp.webp\" alt=\"tel \u00f6rg\u00fcl\u00fc \u00e7\u0131k\u0131\u015f rampas\u0131 olan metal k\u0131r\u0131c\u0131\" class=\"wp-image-3481\" title=\"\" srcset=\"https:\/\/shuliybaler.com\/wp-content\/uploads\/2026\/01\/metal-shredder-with-discharge-ramp.webp 720w, https:\/\/shuliybaler.com\/wp-content\/uploads\/2026\/01\/metal-shredder-with-discharge-ramp-360x270.webp 360w, https:\/\/shuliybaler.com\/wp-content\/uploads\/2026\/01\/metal-shredder-with-discharge-ramp-180x135.webp 180w, https:\/\/shuliybaler.com\/wp-content\/uploads\/2026\/01\/metal-shredder-with-discharge-ramp-16x12.webp 16w\" sizes=\"auto, (max-width: 720px) 100vw, 720px\" \/><figcaption class=\"wp-element-caption\">Metal K\u0131r\u0131c\u0131 Discharge Ramp ile<\/figcaption><\/figure> <\/figure>    <div class=\"wp-block-buttons is-content-justification-center is-layout-flex wp-container-core-buttons-is-layout-16018d1d wp-block-buttons-is-layout-flex\"> <div class=\"wp-block-button is-style-fill\"><a class=\"wp-block-button__link wp-element-button\" href=\"https:\/\/shuliybaler.com\/tr\/contact-us\/\">\u00dccretsiz teklif ve dan\u0131\u015fmanl\u0131k<\/a><\/div> <\/div>    <h2 class=\"wp-block-heading\">Shuliy karton k\u0131rma makinesi SSS<\/h2>   <div id=\"rank-math-faq\" class=\"rank-math-block\"> <div class=\"rank-math-list\"> <div id=\"faq-question-1767838623961\" class=\"rank-math-list-item\"> <h3 class=\"rank-math-question\"><strong>Bu k\u00fc\u00e7\u00fck metal k\u0131r\u0131c\u0131 hangi metal t\u00fcrlerini i\u015fleyebilir?<\/strong><\/h3> <div class=\"rank-math-answer\">  <p>Hafif hurda metal, ince \u00e7elik levhalar, al\u00fcminyum ve k\u00fc\u00e7\u00fck metal par\u00e7alar i\u00e7in uygundur.<\/p>  <\/div> <\/div> <div id=\"faq-question-1767838661033\" class=\"rank-math-list-item\"> <h3 class=\"rank-math-question\"><strong>Bu k\u0131r\u0131c\u0131 s\u00fcrekli \u00e7al\u0131\u015fmaya uygun mu?<\/strong><\/h3> <div class=\"rank-math-answer\">  <p>D\u00fc\u015f\u00fck h\u0131z, y\u00fcksek tork tasar\u0131m\u0131, makinenin uzun s\u00fcre kesintisiz \u00e7al\u0131\u015fmas\u0131n\u0131 sa\u011flar.<\/p>  <\/div> <\/div> <div id=\"faq-question-1767838838592\" class=\"rank-math-list-item\"> <h3 class=\"rank-math-question\"><strong>Bu makinenin en fazla hangi kal\u0131nl\u0131ktaki metal k\u0131rabilir?<\/strong><\/h3> <div class=\"rank-math-answer\">  <p>Bu makine ince ve orta kal\u0131nl\u0131ktaki metal malzemelerin i\u015flenmesine uygundur. Daha kal\u0131n veya sert malzemeler i\u00e7in genellikle \u00f6n kesim \u00f6neririz veya daha b\u00fcy\u00fck bir k\u0131r\u0131c\u0131 modeli tercih edilir.<\/p>  <\/div> <\/div> <div id=\"faq-question-1767838937857\" class=\"rank-math-list-item\"> <h3 class=\"rank-math-question\"><strong>K\u0131r\u0131c\u0131 nas\u0131l bak\u0131m yap\u0131l\u0131r?<\/strong><\/h3> <div class=\"rank-math-answer\">  <p>B\u0131\u00e7ak c\u0131vatalar\u0131n\u0131 ve elektrikli bile\u015fenleri d\u00fczenli olarak kontrol edin ve yataklar\u0131 ya\u011flay\u0131n.<\/p>  <\/div> <\/div> <div id=\"faq-question-1767839135772\" class=\"rank-math-list-item\"> <h3 class=\"rank-math-question\"><strong>Sat\u0131\u015f sonras\u0131 hizmetleriniz nelerdir?<\/strong><\/h3> <div class=\"rank-math-answer\">  <p>Kurulum rehberi, uzun vadeli yedek par\u00e7a tedariki ve makine ile ilgili sorular i\u00e7in birebir teknik destek.<\/p>  <\/div> <\/div> <\/div> <\/div>   <p>Bu kompakt metal k\u0131r\u0131c\u0131, k\u00fc\u00e7\u00fck ayak izi, y\u00fcksek verimlilik ve g\u00fc\u00e7l\u00fc \u00e7ift mil k\u0131rma \u00f6zellikleri ile ince taneli \u00e7\u0131kt\u0131 \u00fcretir. Performans ve maliyet aras\u0131nda m\u00fckemmel denge sa\u011flar.<\/p>    <p>K\u00fc\u00e7\u00fck \u00f6l\u00e7ekli geri d\u00f6n\u00fc\u015f\u00fcm tesisleri veya fabrikalar, de\u011fer kat\u0131c\u0131 metal \u00fcr\u00fcnler \u00fcretmek istiyorsa, bu kompakt metal k\u0131r\u0131c\u0131ya yat\u0131r\u0131m yapmak ak\u0131ll\u0131 ve ileriye d\u00f6n\u00fck bir se\u00e7imdir.<\/p>   <div class=\"wp-block-image\"> <figure class=\"aligncenter size-full\"><img loading=\"lazy\" decoding=\"async\" width=\"720\" height=\"540\" src=\"https:\/\/shuliybaler.com\/wp-content\/uploads\/2026\/01\/double-shaft-shredder.webp\" alt=\"\u00e7ift \u015faft k\u0131r\u0131c\u0131\" class=\"wp-image-3483\" title=\"\" srcset=\"https:\/\/shuliybaler.com\/wp-content\/uploads\/2026\/01\/double-shaft-shredder.webp 720w, https:\/\/shuliybaler.com\/wp-content\/uploads\/2026\/01\/double-shaft-shredder-360x270.webp 360w, https:\/\/shuliybaler.com\/wp-content\/uploads\/2026\/01\/double-shaft-shredder-180x135.webp 180w, https:\/\/shuliybaler.com\/wp-content\/uploads\/2026\/01\/double-shaft-shredder-16x12.webp 16w\" sizes=\"auto, (max-width: 720px) 100vw, 720px\" \/><figcaption class=\"wp-element-caption\">\u00e7ift \u015faft k\u0131r\u0131c\u0131<\/figcaption><\/figure> <\/div>   <p>We also offer other models of shredders. If you find this model&#8217;s output not mmet your needs, you can check out these other options:<\/p>    <ul class=\"wp-block-list\"> <li><a href=\"https:\/\/shuliybaler.com\/tr\/product\/steel-drum-shredder\/\">1400 \u00e7elik varil k\u0131r\u0131c\u0131<\/a><\/li>    <li><a href=\"https:\/\/shuliybaler.com\/tr\/product\/scrap-copper-wire-shredder\/\">600 hurda bak\u0131r tel k\u0131r\u0131c\u0131<\/a><\/li> <\/ul>","protected":false},"excerpt":{"rendered":"<p>This compact metal shredder has a compact size and can easily shred waste materials into small pieces, significantly reducing space and operating costs. It is ideal for recycling facilities with limited budgets or small workspaces.<\/p>","protected":false},"author":1,"featured_media":3496,"parent":0,"template":"","tags":[15],"product-type":[46],"class_list":["post-3476","product","type-product","status-publish","has-post-thumbnail","hentry","tag-metal","product-type-metal-shredder"],"_links":{"self":[{"href":"https:\/\/shuliybaler.com\/tr\/wp-json\/wp\/v2\/product\/3476","targetHints":{"allow":["GET"]}}],"collection":[{"href":"https:\/\/shuliybaler.com\/tr\/wp-json\/wp\/v2\/product"}],"about":[{"href":"https:\/\/shuliybaler.com\/tr\/wp-json\/wp\/v2\/types\/product"}],"author":[{"embeddable":true,"href":"https:\/\/shuliybaler.com\/tr\/wp-json\/wp\/v2\/users\/1"}],"wp:featuredmedia":[{"embeddable":true,"href":"https:\/\/shuliybaler.com\/tr\/wp-json\/wp\/v2\/media\/3496"}],"wp:attachment":[{"href":"https:\/\/shuliybaler.com\/tr\/wp-json\/wp\/v2\/media?parent=3476"}],"wp:term":[{"taxonomy":"post_tag","embeddable":true,"href":"https:\/\/shuliybaler.com\/tr\/wp-json\/wp\/v2\/tags?post=3476"},{"taxonomy":"product-type","embeddable":true,"href":"https:\/\/shuliybaler.com\/tr\/wp-json\/wp\/v2\/product-type?post=3476"}],"curies":[{"name":"wp","href":"https:\/\/api.w.org\/{rel}","templated":true}]}}