{"id":3515,"date":"2026-02-03T17:28:38","date_gmt":"2026-02-03T09:28:38","guid":{"rendered":"https:\/\/shuliybaler.com\/?post_type=product&#038;p=3515"},"modified":"2026-02-04T10:19:49","modified_gmt":"2026-02-04T02:19:49","slug":"copper-cable-granulator","status":"publish","type":"product","link":"https:\/\/shuliybaler.com\/tr\/product\/copper-cable-granulator\/","title":{"rendered":"Bak\u0131r Kablo Gran\u00fclat\u00f6r\u00fc | Bak\u0131r Tel Geri D\u00f6n\u00fc\u015f\u00fcm \u00c7\u00f6z\u00fcm\u00fc"},"content":{"rendered":"<p class=\"translation-block\">Bak\u0131r kablo gran\u00fclat\u00f6r\u00fc , at\u0131k bak\u0131r kablolar\u0131 ve bak\u0131r telleri i\u015flemek i\u00e7in kullan\u0131l\u0131r. Plastik izolasyon katman\u0131ndan saf bak\u0131r par\u00e7ac\u0131klar\u0131n\u0131 k\u0131rma, hava ay\u0131rma ve yer\u00e7ekimi ay\u0131rma yoluyla verimli bir \u015fekilde ay\u0131r\u0131r ve at\u0131k kablolar\u0131 y\u00fcksek de\u011ferli geri d\u00f6n\u00fc\u015ft\u00fcr\u00fclebilir malzemelere d\u00f6n\u00fc\u015ft\u00fcr\u00fcr.<\/p>    <p>Son \u00fcr\u00fcn, 99,5%'ye kadar bak\u0131r safl\u0131\u011f\u0131na sahip olup, saatlik \u00e7\u0131k\u0131\u015f 100 ile 1000 kg aras\u0131nda de\u011fi\u015fmektedir. Shuliy, y\u00fcksek hacimli i\u015flemler i\u00e7in bir \u00fcretim hatt\u0131 kullanmay\u0131 veya kalan bak\u0131r\u0131 plastikten ay\u0131rmak i\u00e7in elektrostatik ay\u0131rma ekipman\u0131 ile donatmay\u0131 \u00f6nerir.<\/p>    <figure class=\"wp-block-embed aligncenter is-type-video is-provider-youtube wp-block-embed-youtube wp-embed-aspect-16-9 wp-has-aspect-ratio\"><div class=\"wp-block-embed__wrapper\"> <iframe loading=\"lazy\" title=\"At\u0131k telden saf bak\u0131ra tam \u00e7al\u0131\u015fma s\u00fcreci \u0130leti\u015fim:  8617703863868\" width=\"500\" height=\"281\" src=\"https:\/\/www.youtube.com\/embed\/2RHgzwLOTtU?feature=oembed\" frameborder=\"0\" allow=\"accelerometer; autoplay; clipboard-write; encrypted-media; gyroscope; picture-in-picture; web-share\" referrerpolicy=\"strict-origin-when-cross-origin\" allowfullscreen><\/iframe> <\/div><figcaption class=\"wp-element-caption\">bak\u0131r kablo tel gran\u00fclat\u00f6r\u00fc \u00e7al\u0131\u015fma videosu<\/figcaption><\/figure>    <h2 class=\"wp-block-heading\"><strong>Neden Shuliy bak\u0131r kablo gran\u00fclat\u00f6r\u00fc se\u00e7melisiniz?<\/strong><\/h2>    <ol class=\"wp-block-list\"> <li>The copper recycling granulator recovers copper with a purity exceeding 99.5%, and can be equipped with an electrostatic separation device to achieve 100% copper recovery.<\/li>    <li>Shuliy bak\u0131r gran\u00fclat\u00f6r\u00fc, entegre yap\u0131ya sahiptir, k\u00fc\u00e7\u00fck alan kaplar, kolay kurulur ve y\u00fcksek ta\u015f\u0131nabilirli\u011fe sahiptir.<\/li>    <li>Bu makine, t\u00fcm \u00fcretim s\u00fcrecini y\u00f6netmek i\u00e7in bir PLC kontrol sistemi ile donat\u0131lm\u0131\u015ft\u0131r.<\/li>    <li>Bu bak\u0131r tel ay\u0131rma makinesinin ezme cihaz\u0131, m\u00fckemmel a\u015f\u0131nma direnci ve dayan\u0131kl\u0131l\u0131k sa\u011flamak i\u00e7in SKD-11 ala\u015f\u0131ml\u0131 b\u0131\u00e7aklar (HR58 sertlik) kullan\u0131r.<\/li>    <li>T\u00fcm makine tamamen kapal\u0131 bir \u015fekilde \u00e7al\u0131\u015f\u0131r, ve darbe jetli toz giderme cihaz\u0131, ikincil kirlili\u011fi etkin bir \u015fekilde \u00f6nler.<\/li> <\/ol>   <div class=\"wp-block-image\"> <figure class=\"aligncenter size-full\"><img loading=\"lazy\" decoding=\"async\" width=\"720\" height=\"540\" src=\"https:\/\/shuliybaler.com\/wp-content\/uploads\/2026\/02\/copper-cable-granulator-machine.webp\" alt=\"bak\u0131r kablo gran\u00fclat\u00f6r\u00fc makinesi\" class=\"wp-image-3529\" title=\"\" srcset=\"https:\/\/shuliybaler.com\/wp-content\/uploads\/2026\/02\/copper-cable-granulator-machine.webp 720w, https:\/\/shuliybaler.com\/wp-content\/uploads\/2026\/02\/copper-cable-granulator-machine-360x270.webp 360w, https:\/\/shuliybaler.com\/wp-content\/uploads\/2026\/02\/copper-cable-granulator-machine-180x135.webp 180w, https:\/\/shuliybaler.com\/wp-content\/uploads\/2026\/02\/copper-cable-granulator-machine-16x12.webp 16w\" sizes=\"auto, (max-width: 720px) 100vw, 720px\" \/><figcaption class=\"wp-element-caption\">bak\u0131r kablo gran\u00fclat\u00f6r\u00fc makinesi<\/figcaption><\/figure> <\/div>   <h2 class=\"wp-block-heading\"><strong>End\u00fcstriyel bak\u0131r tel gran\u00fclat\u00f6r\u00fc makinesinin \u00e7al\u0131\u015fma prensibi<\/strong><\/h2>    <p class=\"translation-block\"><strong>Ad\u0131m 1<\/strong>: At\u0131k bak\u0131r kablolar ve teller, k\u0131r\u0131c\u0131ya beslenir, burada SKD-11 ala\u015f\u0131m b\u0131\u00e7aklar malzemeyi uniform par\u00e7ac\u0131klara ay\u0131r\u0131r.<\/p>    <p class=\"translation-block\"><strong>Ad\u0131m 2<\/strong>: Hava ak\u0131m\u0131 ve pn\u00f6matik ay\u0131rma sistemi, hafif plastik par\u00e7ac\u0131klar\u0131n\u0131 a\u011f\u0131r bak\u0131r par\u00e7ac\u0131klar\u0131ndan ay\u0131r\u0131r.<\/p>    <p class=\"translation-block\"><strong>Ad\u0131m 3<\/strong>: Hava y\u00fczey ve pn\u00f6matik ay\u0131rma teknolojisi, yo\u011funluk farklar\u0131na g\u00f6re bak\u0131r ve plastikleri hassas \u015fekilde ay\u0131r\u0131r.<\/p>    <p class=\"translation-block\"><strong>Ad\u0131m 4<\/strong>: Tam kapal\u0131 bir sistem, darbe toz toplay\u0131c\u0131 ile birlikte, \u00e7al\u0131\u015fma s\u0131ras\u0131nda olu\u015fan tozlar\u0131 etkin \u015fekilde giderir.<\/p>    <p class=\"translation-block\"><strong>Ad\u0131m 5<\/strong>: Bak\u0131r ve plastik par\u00e7ac\u0131klar\u0131, iki farkl\u0131 \u00e7\u0131k\u0131\u015ftan toplan\u0131r ve bo\u015falt\u0131l\u0131r.<\/p>    <h2 class=\"wp-block-heading\"><strong>Bak\u0131r kablo gran\u00fclat\u00f6rlerinin uygulamalar\u0131<\/strong><\/h2>    <p>Bak\u0131r kablo gran\u00fclat\u00f6rleri, geri d\u00f6n\u00fc\u015f\u00fcm ve metal yenileme end\u00fcstrisinde yayg\u0131n olarak kullan\u0131l\u0131r, bunlar aras\u0131nda:<\/p>    <ul class=\"wp-block-list\"> <li>At\u0131k bak\u0131r tel ve kablo geri d\u00f6n\u00fc\u015f\u00fcm\u00fc<\/li>    <li>Al\u00fcminyum tel ve kar\u0131\u015f\u0131k metal kablolar\u0131n geri d\u00f6n\u00fc\u015f\u00fcm\u00fc<\/li>    <li>\u00c7e\u015fitli at\u0131k tellerin k\u0131r\u0131lmas\u0131 ve ay\u0131r\u0131lmas\u0131<\/li>    <li>Bak\u0131r, al\u00fcminyum ve demiri, bak\u0131r-al\u00fcminyum radyat\u00f6rlerden ay\u0131rma<\/li> <\/ul>    <p>\u00dcretilen saf bak\u0131r taneleri ve plastik taneleri, ayr\u0131 ayr\u0131 yeniden i\u015flenebilir veya do\u011frudan at\u0131k i\u015fleme tesisine sat\u0131labilir.<\/p>    <figure class=\"wp-block-gallery has-nested-images columns-default is-cropped wp-block-gallery-2 is-layout-flex wp-block-gallery-is-layout-flex\"> <figure class=\"wp-block-image size-large\"><img loading=\"lazy\" decoding=\"async\" width=\"720\" height=\"540\" data-id=\"3520\" src=\"https:\/\/shuliybaler.com\/wp-content\/uploads\/2026\/02\/materials-can-be-processed.webp\" alt=\"materials can be processed\" class=\"wp-image-3520\" title=\"\" srcset=\"https:\/\/shuliybaler.com\/wp-content\/uploads\/2026\/02\/materials-can-be-processed.webp 720w, https:\/\/shuliybaler.com\/wp-content\/uploads\/2026\/02\/materials-can-be-processed-360x270.webp 360w, https:\/\/shuliybaler.com\/wp-content\/uploads\/2026\/02\/materials-can-be-processed-180x135.webp 180w, https:\/\/shuliybaler.com\/wp-content\/uploads\/2026\/02\/materials-can-be-processed-16x12.webp 16w\" sizes=\"auto, (max-width: 720px) 100vw, 720px\" \/><figcaption class=\"wp-element-caption\">Malzemeler \u0130\u015flenebilir<\/figcaption><\/figure>    <figure class=\"wp-block-image size-large\"><img loading=\"lazy\" decoding=\"async\" width=\"720\" height=\"540\" data-id=\"3519\" src=\"https:\/\/shuliybaler.com\/wp-content\/uploads\/2026\/02\/finished-product-of-copper-cable-granulator.webp\" alt=\"finished product of copper cable granulator\" class=\"wp-image-3519\" title=\"\" srcset=\"https:\/\/shuliybaler.com\/wp-content\/uploads\/2026\/02\/finished-product-of-copper-cable-granulator.webp 720w, https:\/\/shuliybaler.com\/wp-content\/uploads\/2026\/02\/finished-product-of-copper-cable-granulator-360x270.webp 360w, https:\/\/shuliybaler.com\/wp-content\/uploads\/2026\/02\/finished-product-of-copper-cable-granulator-180x135.webp 180w, https:\/\/shuliybaler.com\/wp-content\/uploads\/2026\/02\/finished-product-of-copper-cable-granulator-16x12.webp 16w\" sizes=\"auto, (max-width: 720px) 100vw, 720px\" \/><figcaption class=\"wp-element-caption\">Bitmi\u015f Bak\u0131r Kablo Gran\u00fclat\u00f6r\u00fc \u00dcr\u00fcn\u00fc<\/figcaption><\/figure> <\/figure>    <h2 class=\"wp-block-heading\"><strong>Bak\u0131r kablo gran\u00fclat\u00f6r\u00fcn\u00fcn teknik parametreleri<\/strong><\/h2>    <figure class=\"wp-block-table\"><table><tbody><tr><td>Model<\/td><td>Boyut<\/td><td>K\u0131r\u0131c\u0131<\/td><td>Hava ile ta\u015f\u0131ma<\/td><td>R\u00fczgar ay\u0131rma<\/td><td>Toz toplama<\/td><td>\u00c7\u0131kt\u0131<\/td><td>A\u011f\u0131rl\u0131k<\/td><\/tr><tr><td>Sl-400<\/td><td>2000\u00d71850\u00d72600mm<\/td><td>15kw<\/td><td>N\/A<\/td><td>0.75   22kw<\/td><td>0.75kw<\/td><td>100\u2013150kg\/h<\/td><td>1800kg<\/td><\/tr><tr><td>SL-600<\/td><td>4200\u00d71900\u00d73800mm<\/td><td>37kw<\/td><td>3<\/td><td>3.75kw<\/td><td>2.2kw<\/td><td>300\u2013400kg\/h<\/td><td>3500kg<\/td><\/tr><tr><td>SL-1000<\/td><td>5180\u00d72100\u00d74200mm<\/td><td>45kw<\/td><td>4<\/td><td>3.75kw<\/td><td>3kw<\/td><td>800\u20131000kg\/h<\/td><td>4600kg<\/td><\/tr><\/tbody><\/table><figcaption class=\"wp-element-caption\">bak\u0131r kablo gran\u00fclat\u00f6r\u00fc \u00f6zellikleri<\/figcaption><\/figure>    <p>Ger\u00e7ek \u00fcretim hacmine g\u00f6re bir model se\u00e7mek iyi bir yakla\u015f\u0131md\u0131r, ancak en uygun olan\u0131 bulmak profesyonel tavsiye gerektirir. Makine hakk\u0131nda herhangi bir sorunuz varsa, ki\u015fisel tavsiye i\u00e7in bizimle ileti\u015fime ge\u00e7mekten \u00e7ekinmeyin.<\/p>    <p>Daha y\u00fcksek \u00e7\u0131kt\u0131 veya daha fazla otomasyon gerektiren ekipmanlara ihtiyac\u0131n\u0131z varsa, makine \u00fcretim hatt\u0131 tasar\u0131m\u0131 ve \u00fcretim \u00e7\u00f6z\u00fcmleri de sunuyoruz.<\/p>   <div class=\"wp-block-image\"> <figure class=\"aligncenter size-full\"><img loading=\"lazy\" decoding=\"async\" width=\"720\" height=\"540\" src=\"https:\/\/shuliybaler.com\/wp-content\/uploads\/2026\/02\/best-copper-wire-granulator.webp\" alt=\"En iyi bak\u0131r tel gran\u00fclat\u00f6r\u00fc\" class=\"wp-image-3530\" title=\"\" srcset=\"https:\/\/shuliybaler.com\/wp-content\/uploads\/2026\/02\/best-copper-wire-granulator.webp 720w, https:\/\/shuliybaler.com\/wp-content\/uploads\/2026\/02\/best-copper-wire-granulator-360x270.webp 360w, https:\/\/shuliybaler.com\/wp-content\/uploads\/2026\/02\/best-copper-wire-granulator-180x135.webp 180w, https:\/\/shuliybaler.com\/wp-content\/uploads\/2026\/02\/best-copper-wire-granulator-16x12.webp 16w\" sizes=\"auto, (max-width: 720px) 100vw, 720px\" \/><figcaption class=\"wp-element-caption\">En iyi bak\u0131r tel gran\u00fclat\u00f6r\u00fc<\/figcaption><\/figure> <\/div>   <h2 class=\"wp-block-heading\"><strong>Bak\u0131r tel gran\u00fclat\u00f6r\u00fc \u00fcretim hatt\u0131 konfig\u00fcrasyonu<\/strong><\/h2>    <p>Farkl\u0131 kapasite gereksinimleri ve saha ko\u015fullar\u0131na ba\u011fl\u0131 olarak, bak\u0131r tel gran\u00fclat\u00f6rleri k\u00fc\u00e7\u00fck kapasiteli entegre \u00e7\u00f6z\u00fcmler veya b\u00fcy\u00fck kapasiteli end\u00fcstriyel geri d\u00f6n\u00fc\u015f\u00fcm \u00fcretim hatlar\u0131 olarak yap\u0131land\u0131r\u0131labilir.<\/p>    <h3 class=\"wp-block-heading\"><strong>400kg\/s entegre bak\u0131r tel gran\u00fclat\u00f6r\u00fc<\/strong><\/h3>    <p class=\"translation-block\"><strong>\u00dcretim s\u00fcreci:<\/strong><\/p>    <p>K\u0131rma   Yer\u00e7ekimi ay\u0131r\u0131c\u0131   Negatif bas\u0131n\u00e7l\u0131 toz toplay\u0131c\u0131 (Entegre Tasar\u0131m)<\/p>    <p class=\"translation-block\"><strong>\u00d6zellikler:<\/strong><\/p>    <ol class=\"wp-block-list\"> <li>Entegre k\u0131rma ve ay\u0131rma<\/li>    <li>\u00c7ok k\u00fc\u00e7\u00fck ayak izi<\/li>    <li>Kolay kurulum, h\u0131zl\u0131 ba\u015flatma<\/li>    <li>At\u00f6lyeler, k\u00fc\u00e7\u00fck geri d\u00f6n\u00fc\u015f\u00fcm merkezleri ve giri\u015fimler i\u00e7in uygundur<\/li> <\/ol>    <figure class=\"wp-block-gallery has-nested-images columns-default is-cropped wp-block-gallery-3 is-layout-flex wp-block-gallery-is-layout-flex\"> <figure class=\"wp-block-image size-large\"><img loading=\"lazy\" decoding=\"async\" width=\"720\" height=\"540\" data-id=\"3522\" src=\"https:\/\/shuliybaler.com\/wp-content\/uploads\/2026\/02\/400-type1-copper-wire-separator-machine.webp\" alt=\"400 tip 1 bak\u0131r tel ay\u0131r\u0131c\u0131 makinesi\" class=\"wp-image-3522\" title=\"\" srcset=\"https:\/\/shuliybaler.com\/wp-content\/uploads\/2026\/02\/400-type1-copper-wire-separator-machine.webp 720w, https:\/\/shuliybaler.com\/wp-content\/uploads\/2026\/02\/400-type1-copper-wire-separator-machine-360x270.webp 360w, https:\/\/shuliybaler.com\/wp-content\/uploads\/2026\/02\/400-type1-copper-wire-separator-machine-180x135.webp 180w, https:\/\/shuliybaler.com\/wp-content\/uploads\/2026\/02\/400-type1-copper-wire-separator-machine-16x12.webp 16w\" sizes=\"auto, (max-width: 720px) 100vw, 720px\" \/><figcaption class=\"wp-element-caption\">400-Tip1 Bak\u0131r Tel Ay\u0131r\u0131c\u0131 Makinesi<\/figcaption><\/figure>    <figure class=\"wp-block-image size-large\"><img loading=\"lazy\" decoding=\"async\" width=\"720\" height=\"540\" data-id=\"3523\" src=\"https:\/\/shuliybaler.com\/wp-content\/uploads\/2026\/02\/copper-wire-chopper-granulator.webp\" alt=\"bak\u0131r tel do\u011fray\u0131c\u0131 gran\u00fclat\u00f6r\" class=\"wp-image-3523\" title=\"\" srcset=\"https:\/\/shuliybaler.com\/wp-content\/uploads\/2026\/02\/copper-wire-chopper-granulator.webp 720w, https:\/\/shuliybaler.com\/wp-content\/uploads\/2026\/02\/copper-wire-chopper-granulator-360x270.webp 360w, https:\/\/shuliybaler.com\/wp-content\/uploads\/2026\/02\/copper-wire-chopper-granulator-180x135.webp 180w, https:\/\/shuliybaler.com\/wp-content\/uploads\/2026\/02\/copper-wire-chopper-granulator-16x12.webp 16w\" sizes=\"auto, (max-width: 720px) 100vw, 720px\" \/><figcaption class=\"wp-element-caption\">Bak\u0131r Tel Do\u011fray\u0131c\u0131 Gran\u00fclat\u00f6r<\/figcaption><\/figure> <\/figure>    <p>Ayr\u0131ca, daha y\u00fcksek hassasiyet gereksinimleri olan, entegre olmayan ve saatte 400 kg kapasiteye sahip ba\u015fka bir \u00fcretim hatt\u0131m\u0131z da var.<\/p>   <div class=\"wp-block-image\"> <figure class=\"aligncenter size-full\"><img loading=\"lazy\" decoding=\"async\" width=\"720\" height=\"540\" src=\"https:\/\/shuliybaler.com\/wp-content\/uploads\/2026\/02\/400-type-2-small-copper-wire-granulating-line.webp\" alt=\"400-tip2 k\u00fc\u00e7\u00fck bak\u0131r tel gran\u00fclat\u00f6r hatt\u0131\" class=\"wp-image-3521\" title=\"\" srcset=\"https:\/\/shuliybaler.com\/wp-content\/uploads\/2026\/02\/400-type-2-small-copper-wire-granulating-line.webp 720w, https:\/\/shuliybaler.com\/wp-content\/uploads\/2026\/02\/400-type-2-small-copper-wire-granulating-line-360x270.webp 360w, https:\/\/shuliybaler.com\/wp-content\/uploads\/2026\/02\/400-type-2-small-copper-wire-granulating-line-180x135.webp 180w, https:\/\/shuliybaler.com\/wp-content\/uploads\/2026\/02\/400-type-2-small-copper-wire-granulating-line-16x12.webp 16w\" sizes=\"auto, (max-width: 720px) 100vw, 720px\" \/><figcaption class=\"wp-element-caption\">400-tip2 k\u00fc\u00e7\u00fck bak\u0131r tel gran\u00fclat\u00f6r hatt\u0131<\/figcaption><\/figure> <\/div>   <h3 class=\"wp-block-heading\"><strong>600kg\/s bak\u0131r tel gran\u00fclat\u00f6r\u00fc \u00fcretim hatt\u0131<\/strong><\/h3>    <p class=\"translation-block\"><strong>\u00dcretim s\u00fcreci:<\/strong><\/p>    <p>K\u0131rma \u2192 Boru besleme \u2192 Yer\u00e7ekimi ay\u0131r\u0131c\u0131 \u2192 Siklon toz toplay\u0131c\u0131 \u2192 Darbe jetli toz toplay\u0131c\u0131<\/p>    <p class=\"translation-block\"><strong>Avantajlar:<\/strong><\/p>    <ol class=\"wp-block-list\"> <li>Tek entegre cihazlara k\u0131yasla, \u00fcst\u00fcn ay\u0131rma performans\u0131 sunar.<\/li>    <li>Mod\u00fcler yap\u0131, kolay y\u00fckseltme.<\/li>    <li>Daha iyi toz toplama i\u00e7in boru ile ta\u015f\u0131ma.<\/li> <\/ol>    <figure class=\"wp-block-gallery has-nested-images columns-default is-cropped wp-block-gallery-4 is-layout-flex wp-block-gallery-is-layout-flex\"> <figure class=\"wp-block-image size-large\"><img loading=\"lazy\" decoding=\"async\" width=\"720\" height=\"540\" data-id=\"3526\" src=\"https:\/\/shuliybaler.com\/wp-content\/uploads\/2026\/02\/600-type-granulator-for-copper-wire-recycling.webp\" alt=\"Bak\u0131r tel geri d\u00f6n\u00fc\u015f\u00fcm\u00fc i\u00e7in 600 tip gran\u00fclat\u00f6r\" class=\"wp-image-3526\" title=\"\" srcset=\"https:\/\/shuliybaler.com\/wp-content\/uploads\/2026\/02\/600-type-granulator-for-copper-wire-recycling.webp 720w, https:\/\/shuliybaler.com\/wp-content\/uploads\/2026\/02\/600-type-granulator-for-copper-wire-recycling-360x270.webp 360w, https:\/\/shuliybaler.com\/wp-content\/uploads\/2026\/02\/600-type-granulator-for-copper-wire-recycling-180x135.webp 180w, https:\/\/shuliybaler.com\/wp-content\/uploads\/2026\/02\/600-type-granulator-for-copper-wire-recycling-16x12.webp 16w\" sizes=\"auto, (max-width: 720px) 100vw, 720px\" \/><figcaption class=\"wp-element-caption\">600 Tip Gran\u00fclat\u00f6r Bak\u0131r Tel Geri D\u00f6n\u00fc\u015f\u00fcm \u0130\u00e7in<\/figcaption><\/figure>    <figure class=\"wp-block-image size-large\"><img loading=\"lazy\" decoding=\"async\" width=\"720\" height=\"540\" data-id=\"3524\" src=\"https:\/\/shuliybaler.com\/wp-content\/uploads\/2026\/02\/copper-recycling-production-line.webp\" alt=\"bak\u0131r\" class=\"wp-image-3524\" title=\"\" srcset=\"https:\/\/shuliybaler.com\/wp-content\/uploads\/2026\/02\/copper-recycling-production-line.webp 720w, https:\/\/shuliybaler.com\/wp-content\/uploads\/2026\/02\/copper-recycling-production-line-360x270.webp 360w, https:\/\/shuliybaler.com\/wp-content\/uploads\/2026\/02\/copper-recycling-production-line-180x135.webp 180w, https:\/\/shuliybaler.com\/wp-content\/uploads\/2026\/02\/copper-recycling-production-line-16x12.webp 16w\" sizes=\"auto, (max-width: 720px) 100vw, 720px\" \/><figcaption class=\"wp-element-caption\">Bak\u0131r Geri D\u00f6n\u00fc\u015f\u00fcm \u00dcretim Hatt\u0131<\/figcaption><\/figure> <\/figure>    <h3 class=\"wp-block-heading\"><strong>1000kg\/s bak\u0131r kablo gran\u00fclat\u00f6r\u00fc \u00fcretim hatt\u0131<\/strong><\/h3>    <p>Bu yap\u0131, b\u00fcy\u00fck \u00f6l\u00e7ekli geri d\u00f6n\u00fc\u015f\u00fcm tesisleri ve end\u00fcstriyel bak\u0131r kablo geri d\u00f6n\u00fc\u015f\u00fcm projeleri i\u00e7in uygundur.<\/p>    <p class=\"translation-block\"><strong>\u00dcretim s\u00fcreci:<\/strong><\/p>    <p>Konvey\u00f6r band\u0131 besleme \u2192 K\u0131r\u0131c\u0131 \u2192 Konvey\u00f6r band\u0131 ta\u015f\u0131ma \u2192 Bak\u0131r kablo gran\u00fclat\u00f6r\u00fc \u2192 Elektrostatik ay\u0131rma \u2192 Darbe toz toplay\u0131c\u0131<\/p>    <figure class=\"wp-block-embed aligncenter is-type-video is-provider-youtube wp-block-embed-youtube wp-embed-aspect-16-9 wp-has-aspect-ratio\"><div class=\"wp-block-embed__wrapper\"> <iframe loading=\"lazy\" title=\"Hurda malzeden saf bak\u0131ra tam geri d\u00f6n\u00fc\u015f\u00fcm s\u00fcreci \u0130leti\u015fim:\" width=\"500\" height=\"281\" src=\"https:\/\/www.youtube.com\/embed\/XWF21qKhQAI?feature=oembed\" frameborder=\"0\" allow=\"accelerometer; autoplay; clipboard-write; encrypted-media; gyroscope; picture-in-picture; web-share\" referrerpolicy=\"strict-origin-when-cross-origin\" allowfullscreen><\/iframe> <\/div><figcaption class=\"wp-element-caption\">bak\u0131r kablo gran\u00fclat\u00f6r\u00fc \u00fcretim hatt\u0131 \u00e7al\u0131\u015fmas\u0131 <\/figcaption><\/figure>    <p class=\"translation-block\"><strong>Proses ak\u0131\u015f\u0131:<\/strong><\/p>    <ol class=\"wp-block-list\"> <li>B\u00fcy\u00fck par\u00e7alar halinde at\u0131k bak\u0131r kablo \u00f6nce k\u00fc\u00e7\u00fck par\u00e7alara k\u0131r\u0131l\u0131r.<\/li>    <li>Bu par\u00e7alar, bir konvey\u00f6r band\u0131 arac\u0131l\u0131\u011f\u0131yla bak\u0131r kablo gran\u00fclat\u00f6r\u00fcne iletilir ve bak\u0131r ile plastik tanelerine d\u00f6n\u00fc\u015f\u00fcr.<\/li>    <li>K\u0131r\u0131lm\u0131\u015f malzeme, yer\u00e7ekimi ay\u0131rma sistemine iletilir.<\/li>    <li>Bak\u0131r taneleri ve plastik taneleri, yo\u011funluk farklar\u0131na g\u00f6re ayr\u0131l\u0131r.<\/li>    <li>Bir darbe toz toplay\u0131c\u0131 ince tozlar\u0131 yakalar ve temiz \u00e7al\u0131\u015fma sa\u011flar.<\/li>    <li>Elektrostatik ay\u0131rma \u00fcnitesi, plastikten kalan bak\u0131r tozunu daha fazla geri kazan\u0131r, bak\u0131r safl\u0131\u011f\u0131n\u0131 en \u00fcst d\u00fczeye \u00e7\u0131kar\u0131r.<\/li> <\/ol>    <figure class=\"wp-block-gallery has-nested-images columns-default is-cropped wp-block-gallery-5 is-layout-flex wp-block-gallery-is-layout-flex\"> <figure class=\"wp-block-image size-large\"><img loading=\"lazy\" decoding=\"async\" width=\"720\" height=\"540\" data-id=\"3528\" src=\"https:\/\/shuliybaler.com\/wp-content\/uploads\/2026\/02\/1000-type-copper-wire-granulator-separator.webp\" alt=\"Bak\u0131r tel ay\u0131rma \u00fcretim hatt\u0131\" class=\"wp-image-3528\" title=\"\" srcset=\"https:\/\/shuliybaler.com\/wp-content\/uploads\/2026\/02\/1000-type-copper-wire-granulator-separator.webp 720w, https:\/\/shuliybaler.com\/wp-content\/uploads\/2026\/02\/1000-type-copper-wire-granulator-separator-360x270.webp 360w, https:\/\/shuliybaler.com\/wp-content\/uploads\/2026\/02\/1000-type-copper-wire-granulator-separator-180x135.webp 180w, https:\/\/shuliybaler.com\/wp-content\/uploads\/2026\/02\/1000-type-copper-wire-granulator-separator-16x12.webp 16w\" sizes=\"auto, (max-width: 720px) 100vw, 720px\" \/><figcaption class=\"wp-element-caption\">1000 Tip Bak\u0131r Tel Gran\u00fclat\u00f6r Ay\u0131r\u0131c\u0131<\/figcaption><\/figure>    <figure class=\"wp-block-image size-large\"><img loading=\"lazy\" decoding=\"async\" width=\"720\" height=\"540\" data-id=\"3527\" src=\"https:\/\/shuliybaler.com\/wp-content\/uploads\/2026\/02\/copper-wire-separating-production-line.webp\" alt=\"Shuliy, d\u00fcnya genelinde m\u00fc\u015fterilerle i\u015fbirli\u011fi yapmaktad\u0131r\" class=\"wp-image-3527\" title=\"\" srcset=\"https:\/\/shuliybaler.com\/wp-content\/uploads\/2026\/02\/copper-wire-separating-production-line.webp 720w, https:\/\/shuliybaler.com\/wp-content\/uploads\/2026\/02\/copper-wire-separating-production-line-360x270.webp 360w, https:\/\/shuliybaler.com\/wp-content\/uploads\/2026\/02\/copper-wire-separating-production-line-180x135.webp 180w, https:\/\/shuliybaler.com\/wp-content\/uploads\/2026\/02\/copper-wire-separating-production-line-16x12.webp 16w\" sizes=\"auto, (max-width: 720px) 100vw, 720px\" \/><figcaption class=\"wp-element-caption\">Bak\u0131r Tel Ay\u0131rma \u00dcretim Hatt\u0131<\/figcaption><\/figure> <\/figure>    <p class=\"translation-block\"><strong>Avantajlar:<\/strong><\/p>    <ul class=\"wp-block-list\"> <li>Y\u00fcksek \u00e7\u0131k\u0131\u015f ve stabil performans<\/li>    <li>Bak\u0131r geri kazan\u0131m safl\u0131\u011f\u0131 yakla\u015f\u0131k 0'e yak\u0131nd\u0131r<\/li>    <li>Plastikten minimum bak\u0131r kayb\u0131<\/li>    <li>S\u00fcrekli, uzun vadeli \u00e7al\u0131\u015fma i\u00e7in uygundur<\/li> <\/ul>    <h2 class=\"wp-block-heading\"><strong>Do\u011fru bak\u0131r kablo gran\u00fclat\u00f6r \u00fcretim hatt\u0131n\u0131 nas\u0131l se\u00e7ersiniz?<\/strong><\/h2>    <ul class=\"wp-block-list\"> <li>S\u0131n\u0131rl\u0131 alan ve d\u00fc\u015f\u00fck yat\u0131r\u0131m i\u00e7in, entegre bak\u0131r kablo gran\u00fclat\u00f6r\u00fc se\u00e7in.<\/li>    <li>Daha k\u00fc\u00e7\u00fck \u00fcretim hacimleri ancak daha y\u00fcksek ay\u0131rma hassasiyeti i\u00e7in, k\u00fc\u00e7\u00fck kapasiteli bir \u00fcretim hatt\u0131 se\u00e7in.<\/li>    <li>B\u00fcy\u00fck hacimli geri d\u00f6n\u00fc\u015f\u00fcm ve daha y\u00fcksek \u00fcr\u00fcn safl\u0131\u011f\u0131 i\u00e7in, elektrostatik ay\u0131rma ile b\u00fcy\u00fck kapasiteli \u00fcretim hatt\u0131 kullan\u0131n.<\/li> <\/ul>    <p>Shuliy, ham madde ve \u00fcretim gereksinimlerinize g\u00f6re \u00f6zelle\u015ftirilmi\u015f bak\u0131r kablo gran\u00fclat\u00f6r\u00fc \u00e7\u00f6z\u00fcmleri sunabilir, \u00fcretim hatt\u0131 d\u00fczeni, kapasite planlamas\u0131 ve ekipman konfig\u00fcrasyonu dahil. En g\u00fcncel fiyat listesi i\u00e7in bizimle ileti\u015fime ge\u00e7in.<\/p>   <div class=\"wp-block-image\"> <figure class=\"aligncenter size-full\"><img loading=\"lazy\" decoding=\"async\" width=\"720\" height=\"374\" src=\"https:\/\/shuliybaler.com\/wp-content\/uploads\/2026\/02\/shuliy-cooperation-with-customer-around-the-world.webp\" alt=\"shuliy cooperation with customer around the world\" class=\"wp-image-3532\" title=\"\" srcset=\"https:\/\/shuliybaler.com\/wp-content\/uploads\/2026\/02\/shuliy-cooperation-with-customer-around-the-world.webp 720w, https:\/\/shuliybaler.com\/wp-content\/uploads\/2026\/02\/shuliy-cooperation-with-customer-around-the-world-360x187.webp 360w, https:\/\/shuliybaler.com\/wp-content\/uploads\/2026\/02\/shuliy-cooperation-with-customer-around-the-world-18x9.webp 18w\" sizes=\"auto, (max-width: 720px) 100vw, 720px\" \/><figcaption class=\"wp-element-caption\">shuliy, d\u00fcnya genelinde m\u00fc\u015fterilerle i\u015fbirli\u011fi yapmaktad\u0131r<\/figcaption><\/figure> <\/div>   <p>\u0130lgili makineler: <\/p>    <ul class=\"wp-block-list\"> <li><a href=\"https:\/\/shuliybaler.com\/tr\/product\/metal-briquetting-machine\/\">Hurda metal pul briquet makineleri<\/a><\/li>    <li><a href=\"https:\/\/shuliybaler.com\/tr\/product\/metal-crusher-machine-metal-recycling\/\">Metal K\u0131r\u0131c\u0131 Makinesi<\/a><\/li>    <li><a href=\"https:\/\/shuliybaler.com\/tr\/product\/scrap-copper-wire-shredder\/\">Hurda bak\u0131r tel k\u0131rma makinesi<\/a><\/li> <\/ul>","protected":false},"excerpt":{"rendered":"<p>This copper wire granulator is designed to recycle waste copper wire and produce high-purity copper granules (99.5%), achieving maximum recycling of copper wire. Its hourly output can reach 100-1000 kg.<\/p>","protected":false},"author":1,"featured_media":3531,"parent":0,"template":"","tags":[90,15],"product-type":[87],"class_list":["post-3515","product","type-product","status-publish","has-post-thumbnail","hentry","tag-copper","tag-metal","product-type-metal-recycling-machine"],"_links":{"self":[{"href":"https:\/\/shuliybaler.com\/tr\/wp-json\/wp\/v2\/product\/3515","targetHints":{"allow":["GET"]}}],"collection":[{"href":"https:\/\/shuliybaler.com\/tr\/wp-json\/wp\/v2\/product"}],"about":[{"href":"https:\/\/shuliybaler.com\/tr\/wp-json\/wp\/v2\/types\/product"}],"author":[{"embeddable":true,"href":"https:\/\/shuliybaler.com\/tr\/wp-json\/wp\/v2\/users\/1"}],"wp:featuredmedia":[{"embeddable":true,"href":"https:\/\/shuliybaler.com\/tr\/wp-json\/wp\/v2\/media\/3531"}],"wp:attachment":[{"href":"https:\/\/shuliybaler.com\/tr\/wp-json\/wp\/v2\/media?parent=3515"}],"wp:term":[{"taxonomy":"post_tag","embeddable":true,"href":"https:\/\/shuliybaler.com\/tr\/wp-json\/wp\/v2\/tags?post=3515"},{"taxonomy":"product-type","embeddable":true,"href":"https:\/\/shuliybaler.com\/tr\/wp-json\/wp\/v2\/product-type?post=3515"}],"curies":[{"name":"wp","href":"https:\/\/api.w.org\/{rel}","templated":true}]}}