{"id":3585,"date":"2026-03-09T14:25:53","date_gmt":"2026-03-09T06:25:53","guid":{"rendered":"https:\/\/shuliybaler.com\/?post_type=product&#038;p=3585"},"modified":"2026-03-09T14:59:19","modified_gmt":"2026-03-09T06:59:19","slug":"eddy-current-separator","status":"publish","type":"product","link":"https:\/\/shuliybaler.com\/tr\/product\/eddy-current-separator\/","title":{"rendered":"Ferromanyetik olmayan metal geri d\u00f6n\u00fc\u015f\u00fcm i\u00e7in D\u00fczenli Ak\u0131m Ay\u0131r\u0131c\u0131"},"content":{"rendered":"<p class=\"translation-block\">Shuliy <strong>ak\u0131m ay\u0131r\u0131c\u0131<\/strong>, al\u00fcminyum, bak\u0131r ve paslanmaz \u00e7elik gibi ferromanyetik olmayan metalleri, manyetik olmayan malzemelerden ay\u0131rmak i\u00e7in tasarlanm\u0131\u015ft\u0131r. Bu ekipman, elektromanyetik ind\u00fcksiyon prensibini kullanarak kar\u0131\u015f\u0131k at\u0131klardan malzemeleri verimli bir \u015fekilde ay\u0131r\u0131r.<\/p>    <p>\u00c7\u0131k\u0131\u015f\u0131 saatte 4-15 ton olup, otomobil geri d\u00f6n\u00fc\u015f\u00fcm ve s\u00f6k\u00fcm hatlar\u0131 ile elektronik at\u0131k i\u015fleme hatlar\u0131yla etkili bir \u015fekilde entegre edilebilir, geri d\u00f6n\u00fc\u015f\u00fcm verimlili\u011fini \u00f6nemli \u00f6l\u00e7\u00fcde art\u0131r\u0131r.<\/p>    <h2 class=\"wp-block-heading\"><strong>Ferromanyetik olmayan metal ay\u0131r\u0131c\u0131 avantajlar\u0131 ve \u00f6nlemleri<\/strong><\/h2>    <p>Bu ak\u0131m non-ferrous ay\u0131r\u0131c\u0131, geri d\u00f6n\u00fc\u015f\u00fcm i\u015flemlerinde \u00e7e\u015fitli ferromanyetik olmayan metalleri verimli bir \u015fekilde ay\u0131rabilir. G\u00fc\u00e7l\u00fc itme kuvveti sayesinde, manyetik silindirin y\u00f6n\u00fcne ba\u011fl\u0131 olarak, farkl\u0131 par\u00e7ac\u0131k boyutlar\u0131ndaki malzemeleri ay\u0131rabilir, temel \u00f6zellikleri \u015funlard\u0131r.<\/p>    <ul class=\"wp-block-list\"> <li>Y\u00fcksek ay\u0131rma verimlili\u011fi<\/li>    <li>G\u00fcvenilir mekanik yap\u0131<\/li>    <li>Kolay kullan\u0131m ve kurulum<\/li> <\/ul>    <p>Farkl\u0131 geri d\u00f6n\u00fc\u015f\u00fcm malzemelerine kar\u015f\u0131 g\u00fc\u00e7l\u00fc uyum sa\u011flar, ancak bu ekipman\u0131 kullan\u0131rken a\u015fa\u011f\u0131daki hususlara dikkat edin:<\/p>    <ul class=\"wp-block-list\"> <li>Demir gibi ferromanyetik metalleri ay\u0131rmak i\u00e7in uygun de\u011fildir.<\/li>    <li>\u00c7ok ince ferromanyetik olmayan metalleri ay\u0131rmak uygun de\u011fildir.<\/li>    <li>En iyi performans i\u00e7in, malzemenin boyutu ve \u015fekli g\u00f6rece tutarl\u0131 olmal\u0131d\u0131r.<\/li> <\/ul>    <figure class=\"wp-block-gallery has-nested-images columns-default is-cropped wp-block-gallery-2 is-layout-flex wp-block-gallery-is-layout-flex\"> <figure class=\"wp-block-image size-large\"><img loading=\"lazy\" decoding=\"async\" width=\"720\" height=\"540\" data-id=\"3590\" src=\"https:\/\/shuliybaler.com\/wp-content\/uploads\/2026\/03\/eddy-current-non-ferrous-metal-separator.webp\" alt=\"Ak\u0131m non-ferrous metal ay\u0131r\u0131c\u0131\" class=\"wp-image-3590\" title=\"\" srcset=\"https:\/\/shuliybaler.com\/wp-content\/uploads\/2026\/03\/eddy-current-non-ferrous-metal-separator.webp 720w, https:\/\/shuliybaler.com\/wp-content\/uploads\/2026\/03\/eddy-current-non-ferrous-metal-separator-360x270.webp 360w, https:\/\/shuliybaler.com\/wp-content\/uploads\/2026\/03\/eddy-current-non-ferrous-metal-separator-180x135.webp 180w, https:\/\/shuliybaler.com\/wp-content\/uploads\/2026\/03\/eddy-current-non-ferrous-metal-separator-16x12.webp 16w\" sizes=\"auto, (max-width: 720px) 100vw, 720px\" \/><figcaption class=\"wp-element-caption\">Ak\u0131m Non-Ferrous Metal Ay\u0131r\u0131c\u0131<\/figcaption><\/figure>    <figure class=\"wp-block-image size-large\"><img loading=\"lazy\" decoding=\"async\" width=\"720\" height=\"540\" data-id=\"3591\" src=\"https:\/\/shuliybaler.com\/wp-content\/uploads\/2026\/03\/eddy-current-separator-recycling.webp\" alt=\"ak\u0131m ay\u0131r\u0131c\u0131 geri d\u00f6n\u00fc\u015f\u00fcm\" class=\"wp-image-3591\" title=\"\" srcset=\"https:\/\/shuliybaler.com\/wp-content\/uploads\/2026\/03\/eddy-current-separator-recycling.webp 720w, https:\/\/shuliybaler.com\/wp-content\/uploads\/2026\/03\/eddy-current-separator-recycling-360x270.webp 360w, https:\/\/shuliybaler.com\/wp-content\/uploads\/2026\/03\/eddy-current-separator-recycling-180x135.webp 180w, https:\/\/shuliybaler.com\/wp-content\/uploads\/2026\/03\/eddy-current-separator-recycling-16x12.webp 16w\" sizes=\"auto, (max-width: 720px) 100vw, 720px\" \/><figcaption class=\"wp-element-caption\">Ak\u0131m Ay\u0131r\u0131c\u0131 Geri D\u00f6n\u00fc\u015f\u00fcm<\/figcaption><\/figure> <\/figure>    <h2 class=\"wp-block-heading\"><strong>Eksantrik ak\u0131m ay\u0131r\u0131c\u0131 \u00e7al\u0131\u015fma prensibi<\/strong><\/h2>    <p>Ak\u0131m ay\u0131r\u0131c\u0131lar, elektromanyetik ind\u00fcksiyon prensibine dayan\u0131r. Makine i\u00e7inde, y\u00fcksek h\u0131zl\u0131 d\u00f6nen manyetik rotor, h\u0131zla de\u011fi\u015fen manyetik alanlar \u00fcretir. \u0130letken metaller, al\u00fcminyum veya bak\u0131r gibi, bu manyetik alanlardan ge\u00e7erken, ak\u0131m ak\u0131mlar\u0131n\u0131 (eddy currents) \u00fcretir.<\/p>    <p>Bu ak\u0131mlar, ters manyetik alanlar olu\u015fturarak g\u00fc\u00e7l\u00fc bir itme kuvveti yarat\u0131r. Bu nedenle, ferromanyetik olmayan metaller \u00f6ne at\u0131l\u0131r ve di\u011fer malzemelerden ayr\u0131l\u0131r.<\/p>    <p>Ayn\u0131 zamanda, iletken olmayan malzemeler, plastikler, kau\u00e7uk ve cam, yer\u00e7ekimi etkisiyle d\u00fc\u015fer ve b\u00f6ylece metal ay\u0131rma i\u015flemi verimli hale gelir.<\/p>    <h2 class=\"wp-block-heading\"><strong>Ak\u0131m ay\u0131r\u0131c\u0131 yap\u0131sal tasar\u0131m\u0131<\/strong><\/h2>    <p>Al\u00fcminyum ay\u0131r\u0131c\u0131 makinesi, yeni geri d\u00f6n\u00fc\u015f\u00fcm tesislerine ve mevcut metal i\u015fleme \u00fcretim hatlar\u0131na kolayca entegre edilmesine olanak tan\u0131yan mod\u00fcler bir yap\u0131ya sahiptir. Ana yap\u0131sal bile\u015fenleri \u015funlard\u0131r:<\/p>    <ol class=\"wp-block-list\"> <li><strong>Titre\u015fimli besleyici<\/strong>: Malzeme beslemesini sistematik ve s\u00fcrekli hale getirmek, metal ay\u0131rma do\u011frulu\u011funu art\u0131rmak i\u00e7in malzemeyi sabit h\u0131zda manyetik rotora ile ta\u015f\u0131r.<\/li>    <li><strong>Konvey\u00f6r band\u0131 sistemi<\/strong>: Kar\u0131\u015f\u0131k at\u0131k malzemeyi, stabil ve kontrol edilebilir h\u0131zda manyetik rotora ta\u015f\u0131r.<\/li>    <li><strong>Y\u00fcksek h\u0131zl\u0131 manyetik rotor<\/strong>: Manyetik rotor, ak\u0131m ay\u0131r\u0131c\u0131lar\u0131n ana bile\u015fenidir. Bir dizi y\u00fcksek h\u0131zl\u0131 d\u00f6nen, g\u00fc\u00e7l\u00fc kal\u0131c\u0131 m\u0131knat\u0131s i\u00e7erir ve \u00f6zel bir desenle d\u00fczenlenmi\u015ftir.<\/li>    <li><strong>Ay\u0131rma b\u00f6lmeleri<\/strong>: Malzemeyi farkl\u0131 toplama alanlar\u0131na ay\u0131r\u0131r.<\/li>    <li>\u00c7er\u00e7eve yap\u0131s\u0131: Dayan\u0131kl\u0131l\u0131k ve titre\u015fim direnci sa\u011flamak i\u00e7in y\u00fcksek mukavemetli \u00e7elik kullan\u0131larak in\u015fa edilmi\u015ftir.<\/li>    <li><strong>Ak\u0131ll\u0131 kontrol kabini<\/strong>: Makinenin merkezi kontrol sistemi.<\/li>    <li><strong>Manyetik sistem korumas\u0131<\/strong>: Manyetik bile\u015fenlerin y\u00fcksek h\u0131zda d\u00f6nd\u00fcrme s\u0131ras\u0131nda gev\u015femesini veya d\u00fc\u015fmesini \u00f6nler.<\/li> <\/ol>    <figure class=\"wp-block-gallery has-nested-images columns-default is-cropped wp-block-gallery-3 is-layout-flex wp-block-gallery-is-layout-flex\"> <figure class=\"wp-block-image size-large\"><img loading=\"lazy\" decoding=\"async\" width=\"720\" height=\"540\" data-id=\"3593\" src=\"https:\/\/shuliybaler.com\/wp-content\/uploads\/2026\/03\/eccentric-eddy-current-separator.webp\" alt=\"eksantrik ak\u0131m ay\u0131r\u0131c\u0131\" class=\"wp-image-3593\" title=\"\" srcset=\"https:\/\/shuliybaler.com\/wp-content\/uploads\/2026\/03\/eccentric-eddy-current-separator.webp 720w, https:\/\/shuliybaler.com\/wp-content\/uploads\/2026\/03\/eccentric-eddy-current-separator-360x270.webp 360w, https:\/\/shuliybaler.com\/wp-content\/uploads\/2026\/03\/eccentric-eddy-current-separator-180x135.webp 180w, https:\/\/shuliybaler.com\/wp-content\/uploads\/2026\/03\/eccentric-eddy-current-separator-16x12.webp 16w\" sizes=\"auto, (max-width: 720px) 100vw, 720px\" \/><figcaption class=\"wp-element-caption\">Eksantrik Ak\u0131m Ay\u0131r\u0131c\u0131<\/figcaption><\/figure>    <figure class=\"wp-block-image size-large\"><img loading=\"lazy\" decoding=\"async\" width=\"720\" height=\"540\" data-id=\"3592\" src=\"https:\/\/shuliybaler.com\/wp-content\/uploads\/2026\/03\/eddy-current-aluminum-separation.webp\" alt=\"Ak\u0131m al\u00fcminyum ay\u0131r\u0131c\u0131\" class=\"wp-image-3592\" title=\"\" srcset=\"https:\/\/shuliybaler.com\/wp-content\/uploads\/2026\/03\/eddy-current-aluminum-separation.webp 720w, https:\/\/shuliybaler.com\/wp-content\/uploads\/2026\/03\/eddy-current-aluminum-separation-360x270.webp 360w, https:\/\/shuliybaler.com\/wp-content\/uploads\/2026\/03\/eddy-current-aluminum-separation-180x135.webp 180w, https:\/\/shuliybaler.com\/wp-content\/uploads\/2026\/03\/eddy-current-aluminum-separation-16x12.webp 16w\" sizes=\"auto, (max-width: 720px) 100vw, 720px\" \/><figcaption class=\"wp-element-caption\">Ak\u0131m Al\u00fcminyum Ay\u0131rma<\/figcaption><\/figure> <\/figure>    <h2 class=\"wp-block-heading\"><strong>Al\u00fcminyum ay\u0131r\u0131c\u0131 makinesinin teknik parametreleri<\/strong><\/h2>    <figure class=\"wp-block-table\"><table><thead><tr><th>Model<\/th><th class=\"has-text-align-center\" data-align=\"center\">Devir h\u0131z\u0131 <\/th><th class=\"has-text-align-center\" data-align=\"center\">Bant geni\u015fli\u011fi <\/th><th class=\"has-text-align-center\" data-align=\"center\">Kapasite<\/th><th class=\"has-text-align-center\" data-align=\"center\">G\u00fc\u00e7<\/th><th class=\"has-text-align-center\" data-align=\"center\">A\u011f\u0131rl\u0131k<\/th><th>Boyutlar<\/th><\/tr><\/thead><tbody><tr><td>600<\/td><td class=\"has-text-align-center\" data-align=\"center\">0\u20133000r\/dak<\/td><td class=\"has-text-align-center\" data-align=\"center\">650mm<\/td><td class=\"has-text-align-center\" data-align=\"center\">4\u20136t\/h<\/td><td class=\"has-text-align-center\" data-align=\"center\">4.0 0.75kw<\/td><td class=\"has-text-align-center\" data-align=\"center\">1400kg<\/td><td>2980\u00d71883\u00d71210mm<\/td><\/tr><tr><td>800<\/td><td class=\"has-text-align-center\" data-align=\"center\">0\u20133000r\/dak<\/td><td class=\"has-text-align-center\" data-align=\"center\">850mm<\/td><td class=\"has-text-align-center\" data-align=\"center\">6\u201310t\/h<\/td><td class=\"has-text-align-center\" data-align=\"center\">5.5 1.1kw<\/td><td class=\"has-text-align-center\" data-align=\"center\">1800kg<\/td><td>2980\u00d72033\u00d71210mm<\/td><\/tr><tr><td>1000<\/td><td class=\"has-text-align-center\" data-align=\"center\">0\u20133000r\/dak<\/td><td class=\"has-text-align-center\" data-align=\"center\">1050mm<\/td><td class=\"has-text-align-center\" data-align=\"center\">10\u201312t\/h<\/td><td class=\"has-text-align-center\" data-align=\"center\">7.5 1.5kw<\/td><td class=\"has-text-align-center\" data-align=\"center\">2200kg<\/td><td>2980\u00d72233\u00d71210mm<\/td><\/tr><tr><td>1200<\/td><td class=\"has-text-align-center\" data-align=\"center\">0\u20133000r\/dak<\/td><td class=\"has-text-align-center\" data-align=\"center\">1250mm<\/td><td class=\"has-text-align-center\" data-align=\"center\">12\u201315t\/h<\/td><td class=\"has-text-align-center\" data-align=\"center\">11 2.2kw<\/td><td class=\"has-text-align-center\" data-align=\"center\">2400kg<\/td><td>2980\u00d72433\u00d71210mm<\/td><\/tr><\/tbody><\/table><figcaption class=\"wp-element-caption\">Shuliy ak\u0131m ay\u0131r\u0131c\u0131 parametreleri<\/figcaption><\/figure>    <p>Farkl\u0131 modeller, malzeme boyutu, i\u015fleme kapasitesi ve \u00fcretim hatt\u0131 gereksinimlerine g\u00f6re se\u00e7ilebilir. <\/p>    <p>Alternatif olarak, i\u015flemek istedi\u011finiz ham maddeleri veya \u00fcretim kapasitesi gereksinimlerinizi bize sa\u011flayabilir ve profesyonel sat\u0131\u015f ekibimiz, \u00f6zel ihtiya\u00e7lar\u0131n\u0131za g\u00f6re en uygun makineyi \u00f6nerecektir.<\/p>   <div class=\"wp-block-image\"> <figure class=\"aligncenter size-full\"><img loading=\"lazy\" decoding=\"async\" width=\"720\" height=\"540\" src=\"https:\/\/shuliybaler.com\/wp-content\/uploads\/2026\/03\/eddy-current-metal-separator.webp\" alt=\"ak\u0131m metal ay\u0131r\u0131c\u0131\" class=\"wp-image-3594\" title=\"\" srcset=\"https:\/\/shuliybaler.com\/wp-content\/uploads\/2026\/03\/eddy-current-metal-separator.webp 720w, https:\/\/shuliybaler.com\/wp-content\/uploads\/2026\/03\/eddy-current-metal-separator-360x270.webp 360w, https:\/\/shuliybaler.com\/wp-content\/uploads\/2026\/03\/eddy-current-metal-separator-180x135.webp 180w, https:\/\/shuliybaler.com\/wp-content\/uploads\/2026\/03\/eddy-current-metal-separator-16x12.webp 16w\" sizes=\"auto, (max-width: 720px) 100vw, 720px\" \/><figcaption class=\"wp-element-caption\">ak\u0131m metal ay\u0131r\u0131c\u0131<\/figcaption><\/figure> <\/div>   <h2 class=\"wp-block-heading\"><strong>Ak\u0131m ay\u0131r\u0131c\u0131lar\u0131n uygulamalar\u0131<\/strong><\/h2>    <p>Ak\u0131m ay\u0131r\u0131c\u0131lar, metal geri d\u00f6n\u00fc\u015f\u00fcm ve at\u0131k kaynak geri kazan\u0131m\u0131 dahil olmak \u00fczere bir\u00e7ok end\u00fcstride yayg\u0131n olarak kullan\u0131l\u0131r.<\/p>    <ol class=\"wp-block-list\"> <li>Metal geri d\u00f6n\u00fc\u015f\u00fcm ay\u0131r\u0131c\u0131lar\u0131, belediye kat\u0131 at\u0131k ar\u0131tma tesislerinde al\u00fcminyum ve di\u011fer de\u011ferli metalleri evsel ve end\u00fcstriyel at\u0131klardan geri kazanmak i\u00e7in yayg\u0131n olarak kullan\u0131l\u0131r.<\/li>    <li>Otomobil s\u00f6k\u00fcm tesislerinde, ak\u0131m ay\u0131r\u0131c\u0131lar, par\u00e7alanm\u0131\u015f ara\u00e7 malzemelerinden bak\u0131r, al\u00fcminyum ve paslanmaz \u00e7eli\u011fi geri kazanabilir.<\/li>    <li>Elektronik at\u0131klar, at\u0131k motorlar ve elektrikli ekipmanlardan ferromanyetik olmayan metalleri geri kazanmak i\u00e7in uygundur.<\/li>    <li>Ayr\u0131ca, metal d\u00f6k\u00fcm end\u00fcstrisinde, al\u00fcminyum ay\u0131r\u0131c\u0131 makineleri, bak\u0131r ve al\u00fcminyum d\u00f6k\u00fcm kumu ve eritme k\u00fcl\u00fcnden al\u00fcminyum ve bak\u0131r geri kazanabilir.<\/li>    <li>Ferromanyetik olmayan metal ay\u0131r\u0131c\u0131, \u00f6zellikle at\u0131k termal k\u0131r\u0131k al\u00fcminyum kap\u0131 ve pencerelerden al\u00fcminyum geri kazan\u0131m\u0131 i\u00e7in uygundur.<\/li> <\/ol>   <div class=\"wp-block-image\"> <figure class=\"aligncenter size-full\"><img loading=\"lazy\" decoding=\"async\" width=\"720\" height=\"540\" src=\"https:\/\/shuliybaler.com\/wp-content\/uploads\/2026\/03\/refrigerator-recycling-production-line.webp\" alt=\"buzdolab\u0131 geri d\u00f6n\u00fc\u015f\u00fcm \u00fcretim hatt\u0131\" class=\"wp-image-3595\" title=\"\" srcset=\"https:\/\/shuliybaler.com\/wp-content\/uploads\/2026\/03\/refrigerator-recycling-production-line.webp 720w, https:\/\/shuliybaler.com\/wp-content\/uploads\/2026\/03\/refrigerator-recycling-production-line-360x270.webp 360w, https:\/\/shuliybaler.com\/wp-content\/uploads\/2026\/03\/refrigerator-recycling-production-line-180x135.webp 180w, https:\/\/shuliybaler.com\/wp-content\/uploads\/2026\/03\/refrigerator-recycling-production-line-16x12.webp 16w\" sizes=\"auto, (max-width: 720px) 100vw, 720px\" \/><figcaption class=\"wp-element-caption\">buzdolab\u0131 geri d\u00f6n\u00fc\u015f\u00fcm \u00fcretim hatt\u0131<\/figcaption><\/figure> <\/div>   <p>Ayr\u0131ca, \u00e7o\u011fu geri d\u00f6n\u00fc\u015f\u00fcm tesisinde, al\u00fcminyum ay\u0131r\u0131c\u0131lar, tam bir metal geri d\u00f6n\u00fc\u015f\u00fcm \u00fcretim hatt\u0131n\u0131n ayr\u0131lmaz bir par\u00e7as\u0131d\u0131r. Tipik konfig\u00fcrasyon \u015funlar\u0131 i\u00e7erir:<\/p>    <ul class=\"wp-block-list\"> <li><a href=\"https:\/\/shuliybaler.com\/tr\/product\/metal-crusher-machine-metal-recycling\/\">Metal k\u0131r\u0131c\u0131<\/a> veya \u00f6\u011f\u00fct\u00fcc\u00fc<\/li>    <li>Manyetik ay\u0131r\u0131c\u0131 (ferromanyetik metallerin giderilmesi i\u00e7in)<\/li>    <li>Ak\u0131m ay\u0131r\u0131c\u0131<\/li> <\/ul>    <figure class=\"wp-block-gallery has-nested-images columns-default is-cropped wp-block-gallery-4 is-layout-flex wp-block-gallery-is-layout-flex\"> <figure class=\"wp-block-image size-large\"><img loading=\"lazy\" decoding=\"async\" width=\"720\" height=\"540\" data-id=\"3597\" src=\"https:\/\/shuliybaler.com\/wp-content\/uploads\/2026\/03\/aluminum-window-frame-recycling.webp\" alt=\"aluminum window frame recycling\" class=\"wp-image-3597\" title=\"\" srcset=\"https:\/\/shuliybaler.com\/wp-content\/uploads\/2026\/03\/aluminum-window-frame-recycling.webp 720w, https:\/\/shuliybaler.com\/wp-content\/uploads\/2026\/03\/aluminum-window-frame-recycling-360x270.webp 360w, https:\/\/shuliybaler.com\/wp-content\/uploads\/2026\/03\/aluminum-window-frame-recycling-180x135.webp 180w, https:\/\/shuliybaler.com\/wp-content\/uploads\/2026\/03\/aluminum-window-frame-recycling-16x12.webp 16w\" sizes=\"auto, (max-width: 720px) 100vw, 720px\" \/><figcaption class=\"wp-element-caption\">Al\u00fcminyum Pencere \u00c7er\u00e7evesi Geri D\u00f6n\u00fc\u015f\u00fcm\u00fc<\/figcaption><\/figure>    <figure class=\"wp-block-image size-large\"><img loading=\"lazy\" decoding=\"async\" width=\"720\" height=\"540\" data-id=\"3596\" src=\"https:\/\/shuliybaler.com\/wp-content\/uploads\/2026\/03\/thermal-break-aluminum-recycling-line.webp\" alt=\"Hurda metal k\u0131r\u0131c\u0131\" class=\"wp-image-3596\" title=\"\" srcset=\"https:\/\/shuliybaler.com\/wp-content\/uploads\/2026\/03\/thermal-break-aluminum-recycling-line.webp 720w, https:\/\/shuliybaler.com\/wp-content\/uploads\/2026\/03\/thermal-break-aluminum-recycling-line-360x270.webp 360w, https:\/\/shuliybaler.com\/wp-content\/uploads\/2026\/03\/thermal-break-aluminum-recycling-line-180x135.webp 180w, https:\/\/shuliybaler.com\/wp-content\/uploads\/2026\/03\/thermal-break-aluminum-recycling-line-16x12.webp 16w\" sizes=\"auto, (max-width: 720px) 100vw, 720px\" \/><figcaption class=\"wp-element-caption\">Termal K\u0131r\u0131k Al\u00fcminyum Geri D\u00f6n\u00fc\u015f\u00fcm Hatt\u0131<\/figcaption><\/figure> <\/figure>    <p>Bu sistem, kar\u0131\u015f\u0131k at\u0131klardan demir, al\u00fcminyum, bak\u0131r ve di\u011fer de\u011ferli metalleri verimli bir \u015fekilde geri kazan\u0131r.<\/p>    <p>The specific production line configuration will be determined based on the raw materials to be processed and the customer&#8217;s requirements for the final product. If you need metal recycling for scrap materials, contact us to design a custom solution!<\/p>","protected":false},"excerpt":{"rendered":"<p>This eddy current separator is designed to efficiently separate non-ferrous metals such as aluminum and copper from mixed recycling materials. It is widely used in waste treatment plants, scrap vehicle recycling, electronic waste processing, and metal recovery industries. With intelligent control, strong magnetic repulsion, and high sorting efficiency, it helps improve metal recovery rates and production efficiency.<\/p>","protected":false},"author":1,"featured_media":3589,"parent":0,"template":"","tags":[15],"product-type":[87],"class_list":["post-3585","product","type-product","status-publish","has-post-thumbnail","hentry","tag-metal","product-type-metal-recycling-machine"],"_links":{"self":[{"href":"https:\/\/shuliybaler.com\/tr\/wp-json\/wp\/v2\/product\/3585","targetHints":{"allow":["GET"]}}],"collection":[{"href":"https:\/\/shuliybaler.com\/tr\/wp-json\/wp\/v2\/product"}],"about":[{"href":"https:\/\/shuliybaler.com\/tr\/wp-json\/wp\/v2\/types\/product"}],"author":[{"embeddable":true,"href":"https:\/\/shuliybaler.com\/tr\/wp-json\/wp\/v2\/users\/1"}],"wp:featuredmedia":[{"embeddable":true,"href":"https:\/\/shuliybaler.com\/tr\/wp-json\/wp\/v2\/media\/3589"}],"wp:attachment":[{"href":"https:\/\/shuliybaler.com\/tr\/wp-json\/wp\/v2\/media?parent=3585"}],"wp:term":[{"taxonomy":"post_tag","embeddable":true,"href":"https:\/\/shuliybaler.com\/tr\/wp-json\/wp\/v2\/tags?post=3585"},{"taxonomy":"product-type","embeddable":true,"href":"https:\/\/shuliybaler.com\/tr\/wp-json\/wp\/v2\/product-type?post=3585"}],"curies":[{"name":"wp","href":"https:\/\/api.w.org\/{rel}","templated":true}]}}