{"id":3641,"date":"2026-04-13T13:29:55","date_gmt":"2026-04-13T05:29:55","guid":{"rendered":"https:\/\/shuliybaler.com\/?post_type=product&#038;p=3641"},"modified":"2026-04-13T14:24:58","modified_gmt":"2026-04-13T06:24:58","slug":"plastic-rubber-separator-machine","status":"publish","type":"product","link":"https:\/\/shuliybaler.com\/tr\/product\/plastic-rubber-separator-machine\/","title":{"rendered":"Plastik Kau\u00e7uk Ay\u0131r\u0131c\u0131 Makinesi"},"content":{"rendered":"<p class=\"translation-block\">The <strong>plastik kau\u00e7uk ay\u0131r\u0131c\u0131<\/strong>, kau\u00e7uk, silikon (silikon jel) ve plastikleri kar\u0131\u015f\u0131k plastik at\u0131klardan ay\u0131rmak \u00fczere tasarlanm\u0131\u015ft\u0131r\u2014\u00f6rne\u011fin, at\u0131lm\u0131\u015f ev aletleri, otomotiv par\u00e7alar\u0131, t\u0131bbi at\u0131klar ve elektronik hurdalar gibi, \u00e7\u0131k\u0131\u015f kapasitesi 600-1.200 kg\/saat.<\/p>    <p>Ayna-s\u00fcrt\u00fcnme etkisi ve elastik s\u0131\u00e7rama \u00f6zelliklerindeki farklara dayanan tamamen fiziksel ay\u0131rma teknolojisi kullan\u0131r, malzemeleri hassas \u015fekilde ay\u0131rabilir, bu da geri kazan\u0131lan malzemelerin safl\u0131\u011f\u0131n\u0131 \u00f6nemli \u00f6l\u00e7\u00fcde art\u0131r\u0131r.<\/p>    <h2 class=\"wp-block-heading\"><strong>Plastik Kau\u00e7uk Ay\u0131r\u0131c\u0131'n\u0131n Temel Avantajlar\u0131<\/strong><\/h2>    <ol class=\"wp-block-list\"> <li>The equipment achieves a sorting purity of over 99%, effectively removing silicone and rubber impurities.<\/li>    <li>Sadece fiziksel ay\u0131rma i\u015flemi kullan\u0131r, kimyasal reaktif veya su kayna\u011f\u0131 gerektirmez, b\u00f6ylece s\u0131f\u0131r \u00e7evresel y\u00fck getirir.<\/li>    <li>We have optimized the machine&#8217;s structural design to minimize power consumption, resulting in low operating and maintenance costs.<\/li>    <li>T\u00fcm plastik kau\u00e7uk ay\u0131r\u0131c\u0131, otomatik PLC sistemi taraf\u0131ndan kontrol edilir ve 11 in\u00e7 dokunmatik HMI (\u0130nsan-Makine Aray\u00fcz\u00fc) ile donat\u0131lm\u0131\u015ft\u0131r; kullan\u0131m\u0131 minimal e\u011fitim gerektirir.<\/li>    <li>Malzeme ile temas eden t\u00fcm bile\u015fenler paslanmaz \u00e7elik ve krom kapl\u0131 malzemelerden yap\u0131lm\u0131\u015ft\u0131r, a\u015f\u0131nma ve korozyona kar\u015f\u0131 m\u00fckemmel diren\u00e7 sa\u011flar.<\/li>    <li>Entegre bir sistem arac\u0131l\u0131\u011f\u0131yla, otomatik besleme, malzeme ta\u015f\u0131ma, s\u0131ralama, ay\u0131rma, otomatik d\u00f6ng\u00fc ve bo\u015faltma gibi y\u00fcksek seviyede otomasyon sa\u011flar; yaln\u0131zca bir operat\u00f6rle ba\u011f\u0131ms\u0131z \u00e7al\u0131\u015fabilir.<\/li> <\/ol>   <div class=\"wp-block-image\"> <figure class=\"aligncenter size-full\"><img loading=\"lazy\" decoding=\"async\" width=\"720\" height=\"540\" src=\"https:\/\/shuliybaler.com\/wp-content\/uploads\/2026\/04\/commercialplastic-rubber-separator-equipment.webp\" alt=\"ticari plastik kau\u00e7uk ay\u0131r\u0131c\u0131 ekipman\" class=\"wp-image-3646\" title=\"\" srcset=\"https:\/\/shuliybaler.com\/wp-content\/uploads\/2026\/04\/commercialplastic-rubber-separator-equipment.webp 720w, https:\/\/shuliybaler.com\/wp-content\/uploads\/2026\/04\/commercialplastic-rubber-separator-equipment-360x270.webp 360w, https:\/\/shuliybaler.com\/wp-content\/uploads\/2026\/04\/commercialplastic-rubber-separator-equipment-180x135.webp 180w, https:\/\/shuliybaler.com\/wp-content\/uploads\/2026\/04\/commercialplastic-rubber-separator-equipment-16x12.webp 16w\" sizes=\"auto, (max-width: 720px) 100vw, 720px\" \/><figcaption class=\"wp-element-caption\">ticari plastik kau\u00e7uk ay\u0131r\u0131c\u0131 ekipman<\/figcaption><\/figure> <\/div>   <h2 class=\"wp-block-heading\"><strong>Plastik Kau\u00e7uk Ay\u0131rma Makinesi Teknik Parametreleri<\/strong><\/h2>    <p>Compared to traditional separation equipment, this device offers fully automated operation with a higher sorting purity (\u226599%) while consuming less energy. Detailed specifications for its two different models are provided below.<\/p>    <figure class=\"wp-block-table\"><table class=\"has-fixed-layout\"><thead><tr><th class=\"has-text-align-center\" data-align=\"center\">Model<\/th><th class=\"has-text-align-center\" data-align=\"center\">G\u00fc\u00e7<\/th><th class=\"has-text-align-center\" data-align=\"center\">Kapasite<\/th><th class=\"has-text-align-center\" data-align=\"center\">S\u0131ralama safl\u0131\u011f\u0131<\/th><th class=\"has-text-align-center\" data-align=\"center\">Boyut <\/th><th class=\"has-text-align-center\" data-align=\"center\">A\u011f\u0131rl\u0131k<\/th><\/tr><\/thead><tbody><tr><td class=\"has-text-align-center\" data-align=\"center\">SL-1250<\/td><td class=\"has-text-align-center\" data-align=\"center\">9.5 kW<\/td><td class=\"has-text-align-center\" data-align=\"center\">600\u20131000 kg\/saat<\/td><td class=\"has-text-align-center\" data-align=\"center\">\u226599%<\/td><td class=\"has-text-align-center\" data-align=\"center\">5580\u00d72280\u00d74250 mm<\/td><td class=\"has-text-align-center\" data-align=\"center\">3500 kg<\/td><\/tr><tr><td class=\"has-text-align-center\" data-align=\"center\">SL-1800<\/td><td class=\"has-text-align-center\" data-align=\"center\">12.5 kW<\/td><td class=\"has-text-align-center\" data-align=\"center\">800\u20131200 kg\/saat<\/td><td class=\"has-text-align-center\" data-align=\"center\">\u226599%<\/td><td class=\"has-text-align-center\" data-align=\"center\">5580\u00d73150\u00d74250 mm<\/td><td class=\"has-text-align-center\" data-align=\"center\">4800 kg<\/td><\/tr><\/tbody><\/table><figcaption class=\"wp-element-caption\">Plastik kau\u00e7uk ay\u0131r\u0131c\u0131'n\u0131n detayl\u0131 teknik \u00f6zellikleri<\/figcaption><\/figure>    <p>Hangi modelin sizin i\u00e7in en uygun oldu\u011funu bilmiyorsan\u0131z, l\u00fctfen uzman rehberli\u011fi i\u00e7in bizimle ileti\u015fime ge\u00e7in. Sat\u0131\u015f ekibimiz, malzeme ve bitmi\u015f \u00fcr\u00fcn gereksinimlerinize g\u00f6re uygun makineyi \u00f6nerecektir.<\/p>   <div class=\"wp-block-image\"> <figure class=\"aligncenter size-full\"><img loading=\"lazy\" decoding=\"async\" width=\"720\" height=\"540\" src=\"https:\/\/shuliybaler.com\/wp-content\/uploads\/2026\/04\/plastic-rubber-separating-machine.webp\" alt=\"plastik kau\u00e7uk ay\u0131r\u0131c\u0131 makinesi\" class=\"wp-image-3647\" title=\"\" srcset=\"https:\/\/shuliybaler.com\/wp-content\/uploads\/2026\/04\/plastic-rubber-separating-machine.webp 720w, https:\/\/shuliybaler.com\/wp-content\/uploads\/2026\/04\/plastic-rubber-separating-machine-360x270.webp 360w, https:\/\/shuliybaler.com\/wp-content\/uploads\/2026\/04\/plastic-rubber-separating-machine-180x135.webp 180w, https:\/\/shuliybaler.com\/wp-content\/uploads\/2026\/04\/plastic-rubber-separating-machine-16x12.webp 16w\" sizes=\"auto, (max-width: 720px) 100vw, 720px\" \/><figcaption class=\"wp-element-caption\">plastik kau\u00e7uk ay\u0131r\u0131c\u0131 makinesi<\/figcaption><\/figure> <\/div>   <h2 class=\"wp-block-heading\"><strong>Kau\u00e7uk ve Plastik Ay\u0131r\u0131c\u0131'n\u0131n Yap\u0131sal \u00d6zellikleri<\/strong><\/h2>    <p>Bu plastik kau\u00e7uk ay\u0131r\u0131c\u0131, a\u015fa\u011f\u0131daki sistemleri ve temel fonksiyonlar\u0131n\u0131 i\u00e7erir:<\/p>    <ul class=\"wp-block-list\"> <li>Besleme sistemi: Ayarlanabilir, otomatik besleme tasar\u0131m\u0131 ile s\u00fcrekli \u00e7al\u0131\u015fma sa\u011flar.<\/li>    <li>Kald\u0131rma sistemi: Malzemelerin d\u00fczg\u00fcn ve istikrarl\u0131 ta\u015f\u0131nmas\u0131n\u0131 sa\u011flar.<\/li>    <li>S\u0131ralama sistemi: S\u00fcrt\u00fcnme ve s\u0131\u00e7rama ilkelerine dayanan ana birim.<\/li>    <li>Dola\u015f\u0131m sistemi: Uygun olmayan malzemeleri otomatik olarak yeniden i\u015fleme al\u0131r.<\/li>    <li>Bo\u015faltma sistemi: Bitmi\u015f malzemeleri ayr\u0131 ayr\u0131 \u00e7\u0131k\u0131\u015f yapar.<\/li> <\/ul>    <p>\u0130\u00e7 yap\u0131sal tasar\u0131m, ekipman\u0131n operasyonel stabilitesini sa\u011flar ve ay\u0131rma hassasiyetini en \u00fcst d\u00fczeye \u00e7\u0131kar\u0131r.<\/p>    <h2 class=\"wp-block-heading\"><strong>Kar\u0131\u015f\u0131k plastikleri kau\u00e7uk ve silikon ile nas\u0131l ay\u0131rabilirsiniz?<\/strong><\/h2>    <p>Pratik geri d\u00f6n\u00fc\u015f\u00fcm senaryolar\u0131nda, kar\u0131\u015f\u0131k plastikler genellikle ABS, PS, PP ve PE gibi \u00e7e\u015fitli malzemelerden olu\u015fur ve kau\u00e7uk ile silikon ile kar\u0131\u015fm\u0131\u015ft\u0131r.<\/p>    <p>Uygun i\u015fleme ak\u0131\u015f\u0131 genellikle a\u015fa\u011f\u0131daki ad\u0131mlar\u0131 i\u00e7erir:<\/p>    <ul class=\"wp-block-list\"> <li>At\u0131k malzemelerin \u00f6n k\u0131r\u0131lmas\u0131 (kullanarak <a href=\"https:\/\/shuliybaler.com\/tr\/product\/small-metal-shredder-for-waste-recycling\/\">metal k\u0131r\u0131c\u0131<\/a>)<\/li>    <li>\u00d6zel plastik-kau\u00e7uk ay\u0131r\u0131c\u0131 kullanarak kau\u00e7uk ve silikonun giderilmesi<\/li>    <li>Plastiklerin (\u00f6rne\u011fin elektrostatik ay\u0131rma veya yo\u011funluk temelli ay\u0131rma y\u00f6ntemleri kullan\u0131larak) daha fazla s\u0131ralanmas\u0131<\/li> <\/ul>    <p>Buzdolab\u0131 geri d\u00f6n\u00fc\u015f\u00fcm\u00fcn\u00fc \u00f6rnek al\u0131rsak:<\/p>    <ul class=\"wp-block-list\"> <li>K\u0131r\u0131lm\u0131\u015f plastik kar\u0131\u015f\u0131m\u0131, ABS, PS, PP, PE ve kau\u00e7uk i\u00e7erir.<\/li>    <li>\u0130lk olarak, kau\u00e7uk ve silikon bile\u015fenler, plastik-kau\u00e7uk ay\u0131r\u0131c\u0131 kullan\u0131larak giderilir.<\/li>    <li>Daha sonra, kalan plastikler elektrostatik ay\u0131rma veya flotasyon y\u00f6ntemleri kullan\u0131larak ayr\u0131l\u0131r.<\/li> <\/ul>    <p>Bu ad\u0131m, nihai \u00fcr\u00fcn\u00fcn safl\u0131k seviyesini art\u0131r\u0131r ve genel geri d\u00f6n\u00fc\u015f\u00fcm de\u011ferini y\u00fckseltir.<\/p>    <figure class=\"wp-block-gallery has-nested-images columns-default is-cropped wp-block-gallery-2 is-layout-flex wp-block-gallery-is-layout-flex\"> <figure class=\"wp-block-image size-large\"><img loading=\"lazy\" decoding=\"async\" width=\"720\" height=\"540\" data-id=\"3644\" src=\"https:\/\/shuliybaler.com\/wp-content\/uploads\/2026\/04\/plastic-separated-from-the-finished-products.webp\" alt=\"bitmi\u015f \u00fcr\u00fcnlerden ayr\u0131lm\u0131\u015f plastik\" class=\"wp-image-3644\" title=\"\" srcset=\"https:\/\/shuliybaler.com\/wp-content\/uploads\/2026\/04\/plastic-separated-from-the-finished-products.webp 720w, https:\/\/shuliybaler.com\/wp-content\/uploads\/2026\/04\/plastic-separated-from-the-finished-products-360x270.webp 360w, https:\/\/shuliybaler.com\/wp-content\/uploads\/2026\/04\/plastic-separated-from-the-finished-products-180x135.webp 180w, https:\/\/shuliybaler.com\/wp-content\/uploads\/2026\/04\/plastic-separated-from-the-finished-products-16x12.webp 16w\" sizes=\"auto, (max-width: 720px) 100vw, 720px\" \/><figcaption class=\"wp-element-caption\">Bitmi\u015f \u00fcr\u00fcnlerden ayr\u0131lm\u0131\u015f plastik<\/figcaption><\/figure>    <figure class=\"wp-block-image size-large\"><img loading=\"lazy\" decoding=\"async\" width=\"720\" height=\"540\" data-id=\"3645\" src=\"https:\/\/shuliybaler.com\/wp-content\/uploads\/2026\/04\/rubber-separated-from-finished-products.webp\" alt=\"bitmi\u015f \u00fcr\u00fcnlerden ayr\u0131lm\u0131\u015f kau\u00e7uk\" class=\"wp-image-3645\" title=\"\" srcset=\"https:\/\/shuliybaler.com\/wp-content\/uploads\/2026\/04\/rubber-separated-from-finished-products.webp 720w, https:\/\/shuliybaler.com\/wp-content\/uploads\/2026\/04\/rubber-separated-from-finished-products-360x270.webp 360w, https:\/\/shuliybaler.com\/wp-content\/uploads\/2026\/04\/rubber-separated-from-finished-products-180x135.webp 180w, https:\/\/shuliybaler.com\/wp-content\/uploads\/2026\/04\/rubber-separated-from-finished-products-16x12.webp 16w\" sizes=\"auto, (max-width: 720px) 100vw, 720px\" \/><figcaption class=\"wp-element-caption\">Bitmi\u015f \u00fcr\u00fcnlerden kau\u00e7uk ayr\u0131lmas\u0131<\/figcaption><\/figure> <\/figure>    <h2 class=\"wp-block-heading\"><strong>Plastik Kau\u00e7uk Ay\u0131r\u0131c\u0131 \u00c7al\u0131\u015fma Prensibi<\/strong><\/h2>    <p>Plastik ve kau\u00e7uk ay\u0131rma makinesinin \u00e7al\u0131\u015fma prensibi a\u015fa\u011f\u0131daki iki fakt\u00f6re dayan\u0131r:<\/p>    <ul class=\"wp-block-list\"> <li>S\u00fcrt\u00fcnme farklar\u0131: Plastik ve kau\u00e7uk, farkl\u0131 y\u00fczey s\u00fcrt\u00fcnme katsay\u0131lar\u0131na sahiptir.<\/li>    <li>Elastikiyet farklar\u0131: Plastiklere k\u0131yasla, kau\u00e7uk ve silikon, s\u0131\u00e7rama \u00f6zelliklerinde \u00f6nemli farklar g\u00f6sterir.<\/li> <\/ul>    <p>Plastiklerin kayma yolu, kau\u00e7uk ve silikonun yolundan farkl\u0131d\u0131r. Y\u00fcksek elastikiyetleri nedeniyle, kau\u00e7uk bazl\u0131 malzemeler s\u0131\u00e7rar ve uzakla\u015ft\u0131r\u0131l\u0131r. Bu mekanizma, herhangi bir kimyasal madde veya su kullan\u0131lmadan hassas ay\u0131rma sa\u011flar.<\/p>    <h2 class=\"wp-block-heading\"><strong>Plastik Kau\u00e7uk Ay\u0131rma Ekipman\u0131 Hakk\u0131nda SSS<\/strong><\/h2>   <div id=\"rank-math-faq\" class=\"rank-math-block\"> <div class=\"rank-math-list\"> <div id=\"faq-question-1776048969535\" class=\"rank-math-list-item\"> <h3 class=\"rank-math-question\">Plastik kau\u00e7uk ay\u0131r\u0131c\u0131'n\u0131n ay\u0131rma safl\u0131\u011f\u0131 nedir?<\/h3> <div class=\"rank-math-answer\">  <p>Shuliy plastic rubber separator achieves a separation purity of up to 99%.<\/p>  <\/div> <\/div> <div id=\"faq-question-1776048998667\" class=\"rank-math-list-item\"> <h3 class=\"rank-math-question\">Bu makine hangi malzemeleri i\u015fleyebilir?<\/h3> <div class=\"rank-math-answer\">  <p>Bu cihaz, at\u0131lm\u0131\u015f ev aletleri, t\u0131bbi inf\u00fczyon \u015fi\u015feleri ve torbalar\u0131 (PP ve silikon malzemeden yap\u0131lm\u0131\u015f), at\u0131lm\u0131\u015f batarya muhafazalar\u0131ndan kau\u00e7uk t\u0131ka\u00e7lar ve otomotiv ve elektronik kaynakl\u0131 at\u0131k plastikleri i\u015flemek i\u00e7in uygundur.<\/p>  <\/div> <\/div> <div id=\"faq-question-1776049103744\" class=\"rank-math-list-item\"> <h3 class=\"rank-math-question\">\u00c7evre dostu mu?<\/h3> <div class=\"rank-math-answer\">  <p>Bu cihaz, s\u00fcrt\u00fcnme ve s\u0131\u00e7rama farklar\u0131na dayanan tamamen fiziksel bir ay\u0131rma teknolojisi kullan\u0131r. Kimyasal veya su kullanmaz ve ikincil kirlilik olu\u015fturmaz, tamamen \u00e7evre dostu bir geri d\u00f6n\u00fc\u015f\u00fcm \u00e7\u00f6z\u00fcm\u00fcd\u00fcr.<\/p>  <\/div> <\/div> <div id=\"faq-question-1776049154929\" class=\"rank-math-list-item\"> <h3 class=\"rank-math-question\">Tam bir geri d\u00f6n\u00fc\u015f\u00fcm \u00fcretim hatt\u0131na entegre edilebilir mi?<\/h3> <div class=\"rank-math-answer\">  <p>Bu plastik-kau\u00e7uk ay\u0131r\u0131c\u0131 genellikle di\u011fer makinelerle birlikte, k\u0131r\u0131c\u0131lar, elektrostatik ay\u0131r\u0131c\u0131lar ve yo\u011funluk ay\u0131rma tanklar\u0131 gibi di\u011fer ekipmanlarla birlikte kullan\u0131l\u0131r.<\/p>  <\/div> <\/div> <\/div> <\/div>  <div class=\"wp-block-image\"> <figure class=\"aligncenter size-full\"><img loading=\"lazy\" decoding=\"async\" width=\"720\" height=\"540\" src=\"https:\/\/shuliybaler.com\/wp-content\/uploads\/2026\/04\/separate-rubber-from-plastic-machine.webp\" alt=\"Kau\u00e7uk ve plastik ay\u0131rma makinesi\" class=\"wp-image-3648\" title=\"\" srcset=\"https:\/\/shuliybaler.com\/wp-content\/uploads\/2026\/04\/separate-rubber-from-plastic-machine.webp 720w, https:\/\/shuliybaler.com\/wp-content\/uploads\/2026\/04\/separate-rubber-from-plastic-machine-360x270.webp 360w, https:\/\/shuliybaler.com\/wp-content\/uploads\/2026\/04\/separate-rubber-from-plastic-machine-180x135.webp 180w, https:\/\/shuliybaler.com\/wp-content\/uploads\/2026\/04\/separate-rubber-from-plastic-machine-16x12.webp 16w\" sizes=\"auto, (max-width: 720px) 100vw, 720px\" \/><figcaption class=\"wp-element-caption\">Kau\u00e7uk ve plastik ay\u0131rma makinesi<\/figcaption><\/figure> <\/div>   <p>Plastik-kau\u00e7uk ay\u0131rma makinesi, \u00f6zellikle kau\u00e7uk ve silikon i\u00e7eren karma\u015f\u0131k kar\u0131\u015f\u0131k plastik at\u0131klar\u0131n i\u015flenmesine uygun modern geri d\u00f6n\u00fc\u015f\u00fcm sistemlerinde kritik bir bile\u015fendir.<\/p>    <p>Y\u00fcksek hassasiyet, \u00e7evre dostu \u00e7al\u0131\u015fma ve otomasyon \u00f6zellikleri sayesinde, bu ekipman malzeme geri kazan\u0131m de\u011ferini \u00f6nemli \u00f6l\u00e7\u00fcde art\u0131r\u0131r ve s\u00fcrd\u00fcr\u00fclebilir geri d\u00f6n\u00fc\u015f\u00fcm uygulamalar\u0131n\u0131 destekler.<\/p>    <p>Geri d\u00f6n\u00fc\u015f\u00fcm \u00fcretim hatt\u0131n\u0131z\u0131 y\u00fckseltmek veya malzeme safl\u0131\u011f\u0131n\u0131 art\u0131rmak istiyorsan\u0131z, bu plastik kau\u00e7uk ay\u0131r\u0131c\u0131 g\u00fcvenilir ve son derece maliyet etkilidir. En son g\u00fcncellemeler ve \u00f6zel teklifler i\u00e7in bug\u00fcn bizimle ileti\u015fime ge\u00e7in!<\/p>","protected":false},"excerpt":{"rendered":"<p>Utilizing the principles of friction and bouncing, the plastic-rubber separator efficiently separates silicone, rubber, and plastics from mixed materials, achieving a purity level of up to 99%. It is an ideal solution for the recycling industries of electronic waste, medical plastics, and batteries.<\/p>","protected":false},"author":1,"featured_media":3643,"parent":0,"template":"","tags":[93,92],"product-type":[91],"class_list":["post-3641","product","type-product","status-publish","has-post-thumbnail","hentry","tag-plastic","tag-rubber","product-type-other-recycling-machine"],"_links":{"self":[{"href":"https:\/\/shuliybaler.com\/tr\/wp-json\/wp\/v2\/product\/3641","targetHints":{"allow":["GET"]}}],"collection":[{"href":"https:\/\/shuliybaler.com\/tr\/wp-json\/wp\/v2\/product"}],"about":[{"href":"https:\/\/shuliybaler.com\/tr\/wp-json\/wp\/v2\/types\/product"}],"author":[{"embeddable":true,"href":"https:\/\/shuliybaler.com\/tr\/wp-json\/wp\/v2\/users\/1"}],"wp:featuredmedia":[{"embeddable":true,"href":"https:\/\/shuliybaler.com\/tr\/wp-json\/wp\/v2\/media\/3643"}],"wp:attachment":[{"href":"https:\/\/shuliybaler.com\/tr\/wp-json\/wp\/v2\/media?parent=3641"}],"wp:term":[{"taxonomy":"post_tag","embeddable":true,"href":"https:\/\/shuliybaler.com\/tr\/wp-json\/wp\/v2\/tags?post=3641"},{"taxonomy":"product-type","embeddable":true,"href":"https:\/\/shuliybaler.com\/tr\/wp-json\/wp\/v2\/product-type?post=3641"}],"curies":[{"name":"wp","href":"https:\/\/api.w.org\/{rel}","templated":true}]}}