{"id":3658,"date":"2026-04-22T14:16:43","date_gmt":"2026-04-22T06:16:43","guid":{"rendered":"https:\/\/shuliybaler.com\/?post_type=product&#038;p=3658"},"modified":"2026-04-22T14:36:02","modified_gmt":"2026-04-22T06:36:02","slug":"plastic-pulverizer-machine","status":"publish","type":"product","link":"https:\/\/shuliybaler.com\/tr\/product\/plastic-pulverizer-machine\/","title":{"rendered":"Plastik \u00d6\u011f\u00fct\u00fcc\u00fc Makinesi"},"content":{"rendered":"<p class=\"translation-block\"><strong>plastik \u00f6\u011f\u00fct\u00fcc\u00fc makinesi<\/strong>, at\u0131k plastik malzemeleri ince toz haline i\u015flemek i\u00e7in kullan\u0131lan \u00f6zel bir \u00f6\u011f\u00fctme ekipman\u0131d\u0131r. Plastik geri d\u00f6n\u00fc\u015f\u00fcm end\u00fcstrilerinde, sert plastik at\u0131klar\u0131 yeniden i\u015fleme ve \u00fcretim i\u00e7in yeniden kullan\u0131labilir toz formuna d\u00f6n\u00fc\u015ft\u00fcrmek amac\u0131yla yayg\u0131n olarak kullan\u0131lmaktad\u0131r.<\/p>    <p>Bu plastik freze makinesi, PVC borular, plastik profiller, ABS levhalar, PP malzemeler ve di\u011fer termoplastikler gibi sert ve yar\u0131 sert plastikler i\u00e7in \u00f6zellikle etkilidir.<\/p>    <h2 class=\"wp-block-heading\"><strong>Plastik \u00d6\u011f\u00fct\u00fcc\u00fc Makinesi \u00d6ne \u00c7\u0131kanlar<\/strong><\/h2>    <ol class=\"wp-block-list\"> <li>Bu plastik \u00f6\u011f\u00fct\u00fcc\u00fc, g\u00fc\u00e7l\u00fc darbe ve kesme \u00f6\u011f\u00fctme etkileri sunan yenilik\u00e7i bir kesici yap\u0131 tasar\u0131m\u0131na sahiptir.<\/li>    <li>Ayr\u0131ca, y\u00fcksek verimli par\u00e7ac\u0131k boyutu azaltma imkan\u0131 sunan y\u00fcksek h\u0131zl\u0131 santrif\u00fcj kuvveti sistemi ile donat\u0131lm\u0131\u015ft\u0131r.<\/li>    <li>Ayr\u0131ca, hem hava hem de su so\u011futmas\u0131n\u0131 birle\u015ftiren entegre bir \u00e7ift so\u011futma sistemi, ekipman\u0131n a\u015f\u0131r\u0131 \u0131s\u0131nmas\u0131n\u0131 ve i\u015fleme malzemesinin termal bozulmas\u0131n\u0131 etkili bir \u015fekilde \u00f6nler.<\/li>    <li>Shuliy, \u00f6\u011f\u00fctme \u00fcnitesi i\u00e7in a\u00e7\u0131k odal\u0131 bir tasar\u0131m benimsemi\u015ftir, bu da rutin bak\u0131m ve b\u0131\u00e7ak de\u011fi\u015fimini kolayla\u015ft\u0131r\u0131r.<\/li>    <li>Titre\u015fimli bir eleme sistemi ile donat\u0131lm\u0131\u015f olan makine, bitmi\u015f toz \u00fcr\u00fcn\u00fcnde homojen ve tutarl\u0131 par\u00e7ac\u0131k boyutunu garanti eder.<\/li>    <li>Temiz ve verimli \u00fcretim operasyonlar\u0131n\u0131 sa\u011flamak i\u00e7in, makine ayr\u0131ca negatif bas\u0131n\u00e7 besleme sistemi ve toz toplama sistemi ile donat\u0131lm\u0131\u015ft\u0131r.<\/li>    <li>Bir Y\u0131ld\u0131z-Delta elektrik kontrol sistemi kullan\u0131r, bu da ba\u015flang\u0131\u00e7 ak\u0131m\u0131n\u0131 etkili bir \u015fekilde azalt\u0131r ve motorun \u00f6mr\u00fcn\u00fc uzat\u0131r.<\/li> <\/ol>    <h2 class=\"wp-block-heading\"><strong>Plastik K\u0131r\u0131c\u0131lar\u0131n Uygulamalar\u0131<\/strong><\/h2>    <p>Plastik k\u0131r\u0131c\u0131lar, plastik geri d\u00f6n\u00fc\u015f\u00fcm ve i\u015fleme end\u00fcstrilerinin \u00e7e\u015fitli sekt\u00f6rlerinde yayg\u0131n olarak kullan\u0131lmaktad\u0131r.<\/p>    <ul class=\"wp-block-list\"> <li>\u0130\u015flenebilecek malzemeler \u015funlard\u0131r:<\/li>    <li>PVC borular, profiller, levhalar ve ambalaj at\u0131klar\u0131<\/li>    <li>PE, PP, ABS, PS, PA ve PC plastikleri<\/li>    <li>EVA, PET, PPS, EPS ve k\u00f6p\u00fck malzemeleri<\/li>    <li>Al\u00fcminyum-plastik kompozit malzemeler<\/li>    <li>End\u00fcstriyel plastik at\u0131klar, kesikler ve hatal\u0131 \u00fcr\u00fcnler<\/li> <\/ul>    <ol class=\"wp-block-list\"> <li>Tipik uygulamalar \u015funlard\u0131r:<\/li>    <li>Plastik geri d\u00f6n\u00fc\u015f\u00fcm tesisleri<\/li>    <li>PVC boru ve profil \u00fcretim tesisleri<\/li>    <li>Plastik ekstr\u00fczyon ve enjeksiyon kal\u0131plama end\u00fcstrileri<\/li>    <li>At\u0131k plastik i\u015fleme merkezleri<\/li>    <li>Plastik ham madde \u00fcretim sekt\u00f6rleri<\/li> <\/ol>    <p>Bu ekipman, sert PVC'nin geri d\u00f6n\u00fc\u015f\u00fcm\u00fc ve i\u015flenmesi ile orta sertlikteki k\u0131r\u0131lgan plastiklerin \u00f6\u011f\u00fct\u00fclmesi i\u00e7in \u00f6zellikle uygundur.<\/p>    <p class=\"translation-block\"><strong>Plastik \u00d6\u011f\u00fct\u00fcc\u00fc Makinesi Modelleri ve Teknik Parametreleri<\/strong><\/p>    <figure class=\"wp-block-table\"><table><thead><tr><th>Model<\/th><th class=\"has-text-align-center\" data-align=\"center\">Disk \u00e7ap\u0131<\/th><th class=\"has-text-align-center\" data-align=\"center\">D\u00f6nen b\u0131\u00e7aklar<\/th><th class=\"has-text-align-center\" data-align=\"center\">Sabit b\u0131\u00e7aklar<\/th><th class=\"has-text-align-center\" data-align=\"center\">G\u00fc\u00e7<\/th><th>Kapasite<\/th><th>Boyut<\/th><th>A\u011f\u0131rl\u0131k<\/th><\/tr><\/thead><tbody><tr><td>500<\/td><td class=\"has-text-align-center\" data-align=\"center\">483\u00b11 mm<\/td><td class=\"has-text-align-center\" data-align=\"center\">24<\/td><td class=\"has-text-align-center\" data-align=\"center\">12<\/td><td class=\"has-text-align-center\" data-align=\"center\">44\/59 kW<\/td><td>120\u2013300 kg\/s<\/td><td>3000\u00d72800\u00d73900 mm<\/td><td>1680 kg<\/td><\/tr><tr><td>600<\/td><td class=\"has-text-align-center\" data-align=\"center\">583\u00b11 mm<\/td><td class=\"has-text-align-center\" data-align=\"center\">28<\/td><td class=\"has-text-align-center\" data-align=\"center\">14<\/td><td class=\"has-text-align-center\" data-align=\"center\">54\/72 kW<\/td><td>180\u2013480 kg\/s<\/td><td>3200\u00d73000\u00d74200 mm<\/td><td>2280 kg<\/td><\/tr><tr><td>800<\/td><td class=\"has-text-align-center\" data-align=\"center\">783\u00b11 mm<\/td><td class=\"has-text-align-center\" data-align=\"center\">36<\/td><td class=\"has-text-align-center\" data-align=\"center\">16<\/td><td class=\"has-text-align-center\" data-align=\"center\">88\/118 kW<\/td><td>350\u2013880 kg\/s<\/td><td>3500\u00d73200\u00d74500 mm<\/td><td>2880 kg<\/td><\/tr><\/tbody><\/table><figcaption class=\"wp-element-caption\">plastik freze makinesi spesifikasyonu<\/figcaption><\/figure>    <p class=\"translation-block\"><strong>PE PP PVC \u00f6\u011f\u00fct\u00fcc\u00fc makinesi<\/strong>, orta sertlikteki k\u0131r\u0131lgan malzemelerin verimli i\u015flenmesi i\u00e7in tasarlanm\u0131\u015f ta\u015f de\u011firmeni tipi \u00f6\u011f\u00fctme serisine aittir. Belirli bilgiler hakk\u0131nda daha fazla bilgi almak isterseniz, l\u00fctfen bizimle ileti\u015fime ge\u00e7in!<\/p>    <h2 class=\"wp-block-heading\"><strong>Plastik \u00d6\u011f\u00fct\u00fcc\u00fclerinin \u0130lkeleri ve S\u00fcre\u00e7 Ak\u0131\u015f\u0131<\/strong><\/h2>    <p>Bir plastik \u00f6\u011f\u00fct\u00fcc\u00fcn\u00fcn \u00e7al\u0131\u015fmas\u0131 esasen y\u00fcksek h\u0131zl\u0131 \u00f6\u011f\u00fctme ve darbe kuvvetlerinin birle\u015fik etkilerine dayan\u0131r:<\/p>    <ul class=\"wp-block-list\"> <li><strong>Besleme a\u015famas\u0131<\/strong>At\u0131k plastik ham maddeleri, besleme sistemi arac\u0131l\u0131\u011f\u0131yla \u00f6\u011f\u00fctme odas\u0131na beslenir.<\/li>    <li><strong>\u00d6\u011f\u00fctme a\u015famas\u0131<\/strong>Y\u00fcksek h\u0131zl\u0131 d\u00f6nen b\u0131\u00e7aklar g\u00fc\u00e7l\u00fc santrif\u00fcj kuvvetleri olu\u015fturur, bu da malzemenin sabit b\u0131\u00e7aklar ile d\u00f6nen b\u0131\u00e7aklar aras\u0131nda kar\u015f\u0131l\u0131kl\u0131 \u00e7arp\u0131\u015fma ve kesme hareketine maruz kalmas\u0131na neden olur.<\/li>    <li><strong>So\u011futma s\u00fcreci<\/strong>Hava ve su so\u011futma sistemleri, s\u0131cakl\u0131k d\u00fczenlemek i\u00e7in birlikte \u00e7al\u0131\u015f\u0131r, \u0131s\u0131ya duyarl\u0131 plastiklerin erimesini, yanmas\u0131n\u0131 veya \u0131s\u0131nma nedeniyle deformasyonunu \u00f6nler.<\/li>    <li><strong>Eleme a\u015famas\u0131<\/strong>\u00d6\u011f\u00fct\u00fclen malzeme, nihai par\u00e7ac\u0131k boyutunun homojenli\u011fini sa\u011flamak i\u00e7in titre\u015fimli bir elekten ge\u00e7irilir.<\/li>    <li><strong>Dola\u015f\u0131m<\/strong>\u0130stenilen boyutu a\u015fan par\u00e7ac\u0131klar, ikincil i\u015fleme i\u00e7in otomatik olarak \u00f6\u011f\u00fctme odas\u0131na geri d\u00f6ner.<\/li>    <li><strong>Toz toplama<\/strong>Negatif bas\u0131n\u00e7 sistemi, toz toplama i\u015flemini \u00fcstlenerek temiz bir \u00fcretim ortam\u0131 ve verimli bir \u00e7al\u0131\u015fma sa\u011flar.<\/li> <\/ul>    <h2 class=\"wp-block-heading\"><strong>Verimli Plastik Geri D\u00f6n\u00fc\u015f\u00fcm\u00fcn Faydalar\u0131 Plastik \u00d6\u011f\u00fct\u00fcc\u00fcler Kullanarak<\/strong><\/h2>    <p>Plastik \u00f6\u011f\u00fct\u00fcc\u00fclerin kullan\u0131m\u0131, plastik geri d\u00f6n\u00fc\u015f\u00fcm operasyonlar\u0131n\u0131n verimlili\u011fini ve s\u00fcrd\u00fcr\u00fclebilirli\u011fini \u00f6nemli \u00f6l\u00e7\u00fcde art\u0131rabilirken, ayn\u0131 zamanda plastik at\u0131klar\u0131 ve \u00e7evresel kirlili\u011fi azaltmaktad\u0131r.<\/p>    <p>Ayr\u0131ca, bu ekipman at\u0131k plastikleri yeniden kullan\u0131labilir toz haline d\u00f6n\u00fc\u015ft\u00fcrerek geri d\u00f6n\u00fc\u015f\u00fcm tesislerinde \u00fcretim verimlili\u011fini art\u0131r\u0131r ve dolay\u0131s\u0131yla i\u015f\u00e7ilik maliyetlerini d\u00fc\u015f\u00fcr\u00fcr.<\/p>    <p>Ayr\u0131ca, bu sistem geri d\u00f6n\u00fc\u015ft\u00fcr\u00fclm\u00fc\u015f plastik malzemelerin \u00fcretim sekt\u00f6r\u00fcnde yeniden kullan\u0131m de\u011ferini art\u0131rarak, d\u00f6ng\u00fcsel ekonomi ve s\u00fcrd\u00fcr\u00fclebilir kalk\u0131nman\u0131n ilerlemesine katk\u0131da bulunmaktad\u0131r.<\/p>    <h2 class=\"wp-block-heading\"><strong>Plastik \u00d6\u011f\u00fct\u00fcc\u00fc Makinesi SSS<\/strong><\/h2>   <div id=\"rank-math-faq\" class=\"rank-math-block\"> <div class=\"rank-math-list\"> <div id=\"faq-question-1776827103979\" class=\"rank-math-list-item\"> <h3 class=\"rank-math-question\">Bir plastik \u00f6\u011f\u00fct\u00fcc\u00fc makinesi hangi malzemeleri i\u015fleyebilir?<\/h3> <div class=\"rank-math-answer\">  <p>PVC, PE, PP, ABS, PS, PC, PA, EVA, PET ve k\u00f6p\u00fck plastikleri i\u015fleyebilir.<\/p>  <\/div> <\/div> <div id=\"faq-question-1776827116634\" class=\"rank-math-list-item\"> <h3 class=\"rank-math-question\">Plastik \u00f6\u011f\u00fct\u00fcc\u00fc makinesi sert plastikler i\u00e7in uygun mu?<\/h3> <div class=\"rank-math-answer\">  <p>Evet, sert PVC ve orta sertlikteki k\u0131r\u0131lgan plastikler i\u00e7in \u00f6zel olarak tasarlanm\u0131\u015ft\u0131r.<\/p>  <\/div> <\/div> <div id=\"faq-question-1776827129387\" class=\"rank-math-list-item\"> <h3 class=\"rank-math-question\">So\u011futma sistemi nas\u0131l \u00e7al\u0131\u015f\u0131r?<\/h3> <div class=\"rank-math-answer\">  <p>A\u015f\u0131r\u0131 \u0131s\u0131nmay\u0131 \u00f6nlemek ve malzeme kalitesini korumak i\u00e7in hem hava so\u011futmas\u0131 hem de su so\u011futmas\u0131 kullan\u0131r.<\/p>  <\/div> <\/div> <div id=\"faq-question-1776827140283\" class=\"rank-math-list-item\"> <h3 class=\"rank-math-question\">Tozun \u00e7\u0131k\u0131\u015f boyutu nedir?<\/h3> <div class=\"rank-math-answer\">  <p>Makine, ekran boyutuna g\u00f6re ayarlanabilen ince plastik toz \u00fcretir.<\/p>  <\/div> <\/div> <div id=\"faq-question-1776827156943\" class=\"rank-math-list-item\"> <h3 class=\"rank-math-question\">Makine s\u00fcrekli \u00e7al\u0131\u015fabilir mi?<\/h3> <div class=\"rank-math-answer\">  <p>Evet, end\u00fcstriyel geri d\u00f6n\u00fc\u015f\u00fcm \u00fcretim hatlar\u0131nda kararl\u0131, s\u00fcrekli \u00e7al\u0131\u015facak \u015fekilde tasarlanm\u0131\u015ft\u0131r.<\/p>  <\/div> <\/div> <\/div> <\/div>   <p>Bu plastik k\u0131r\u0131c\u0131 serisi, b\u00fcy\u00fck ve k\u00fc\u00e7\u00fck \u00f6l\u00e7ekli geri d\u00f6n\u00fc\u015f\u00fcm operasyonlar\u0131 i\u00e7in esnek ve \u00e7e\u015fitli \u00e7\u00f6z\u00fcmler sunan geni\u015f bir model ve kapasite konfig\u00fcrasyonu yelpazesine sahiptir. Daha fazla bilgi almak veya detayl\u0131 fiyatland\u0131rma hakk\u0131nda bilgi almak isterseniz, l\u00fctfen bizimle ileti\u015fime ge\u00e7in!<\/p>    <p class=\"translation-block\">Di\u011fer plastik i\u015fleme makinesi: <a href=\"https:\/\/shuliybaler.com\/tr\/product\/plastic-rubber-separator-machine\/\">Plastik Kau\u00e7uk Ay\u0131r\u0131c\u0131 Makinesi<\/a><\/p>","protected":false},"excerpt":{"rendered":"<p>The plastic pulverizer machine is designed for grinding PE, PP, PVC and other plastic materials into fine powder for recycling. It features advanced cooling, high efficiency, and wide application in plastic recycling industries.<\/p>","protected":false},"author":1,"featured_media":3664,"parent":0,"template":"","tags":[15],"product-type":[91],"class_list":["post-3658","product","type-product","status-publish","has-post-thumbnail","hentry","tag-metal","product-type-other-recycling-machine"],"_links":{"self":[{"href":"https:\/\/shuliybaler.com\/tr\/wp-json\/wp\/v2\/product\/3658","targetHints":{"allow":["GET"]}}],"collection":[{"href":"https:\/\/shuliybaler.com\/tr\/wp-json\/wp\/v2\/product"}],"about":[{"href":"https:\/\/shuliybaler.com\/tr\/wp-json\/wp\/v2\/types\/product"}],"author":[{"embeddable":true,"href":"https:\/\/shuliybaler.com\/tr\/wp-json\/wp\/v2\/users\/1"}],"wp:featuredmedia":[{"embeddable":true,"href":"https:\/\/shuliybaler.com\/tr\/wp-json\/wp\/v2\/media\/3664"}],"wp:attachment":[{"href":"https:\/\/shuliybaler.com\/tr\/wp-json\/wp\/v2\/media?parent=3658"}],"wp:term":[{"taxonomy":"post_tag","embeddable":true,"href":"https:\/\/shuliybaler.com\/tr\/wp-json\/wp\/v2\/tags?post=3658"},{"taxonomy":"product-type","embeddable":true,"href":"https:\/\/shuliybaler.com\/tr\/wp-json\/wp\/v2\/product-type?post=3658"}],"curies":[{"name":"wp","href":"https:\/\/api.w.org\/{rel}","templated":true}]}}