{"id":3670,"date":"2026-04-27T16:48:58","date_gmt":"2026-04-27T08:48:58","guid":{"rendered":"https:\/\/shuliybaler.com\/?post_type=product&#038;p=3670"},"modified":"2026-04-27T16:55:17","modified_gmt":"2026-04-27T08:55:17","slug":"tire-block-cutting-machine","status":"publish","type":"product","link":"https:\/\/shuliybaler.com\/tr\/product\/tire-block-cutting-machine\/","title":{"rendered":"Lastik Blo\u011fu Kesme Makinesi"},"content":{"rendered":"<p class=\"translation-block\"><strong>Lastik blok kesme makinesi<\/strong>, at\u0131k lastikleri genellikle 50\u201380 mm aras\u0131 tutarl\u0131 boyutlarda kau\u00e7uk bloklar\u0131na kesmek i\u00e7in tasarlanm\u0131\u015ft\u0131r. Lastik geri d\u00f6n\u00fc\u015f\u00fcm \u00fcretim hatlar\u0131nda \u00f6n u\u00e7 bile\u015feni olarak, esas olarak k\u0131rma, \u00f6\u011f\u00fctme veya piroliz i\u015flemleri i\u00e7in hammadde sa\u011flar.<\/p>    <p>Geleneksel kesicilerin aksine, bu Shuliy makinesi, \u00e7ap\u0131 \u22641200 mm olan t\u00fcm lastikleri do\u011frudan i\u015fleyebilir, b\u00f6ylece kesim i\u015flemini tek bir sisteme entegre eder ve operasyonel verimlili\u011fi \u00f6nemli \u00f6l\u00e7\u00fcde art\u0131r\u0131r.<\/p>    <figure class=\"wp-block-embed aligncenter is-type-video is-provider-youtube wp-block-embed-youtube wp-embed-aspect-16-9 wp-has-aspect-ratio\"><div class=\"wp-block-embed__wrapper\"> <iframe loading=\"lazy\" title=\"Lastik Blok Kesme Makinesi | T\u00fcm Lastikleri 50\u201380mm Kau\u00e7uk Bloklara Verimli \u015eekilde Kesin\" width=\"500\" height=\"281\" src=\"https:\/\/www.youtube.com\/embed\/6nKF7r2HliQ?feature=oembed\" frameborder=\"0\" allow=\"accelerometer; autoplay; clipboard-write; encrypted-media; gyroscope; picture-in-picture; web-share\" referrerpolicy=\"strict-origin-when-cross-origin\" allowfullscreen><\/iframe> <\/div><figcaption class=\"wp-element-caption\">Lastik kesme makinesinin \u00e7al\u0131\u015fma videosu<\/figcaption><\/figure>    <h2 class=\"wp-block-heading\"><strong>Lastik Blok Kesme Makinesi Genel Bak\u0131\u015f<\/strong><\/h2>    <p>A\u015fa\u011f\u0131daki resimde g\u00f6sterildi\u011fi gibi, bu ekipman\u0131n genel yap\u0131sal \u00e7er\u00e7evesi a\u015fa\u011f\u0131daki belirgin bile\u015fenlerden olu\u015fur:<\/p>    <ul class=\"wp-block-list\"> <li>Hidrolik kesim odas\u0131: Y\u00fcksek bas\u0131n\u00e7l\u0131 kesme i\u015flemleri i\u00e7in tasarlanm\u0131\u015ft\u0131r.<\/li>    <li>D\u00f6ner kesim sistemi: Blok \u015feklinde malzeme \u00fcretimini s\u00fcrekli hale getirir.<\/li>    <li>Motor ve hidrolik istasyonu: Stabil ve g\u00fcvenilir g\u00fc\u00e7 iletimi sa\u011flar.<\/li>    <li>Besleme haznesi: Malzemenin g\u00fcvenli ve verimli giri\u015fini sa\u011flar.<\/li> <\/ul>    <p>Bu, orta \u00f6l\u00e7ekli geri d\u00f6n\u00fc\u015f\u00fcm ve i\u015fleme tesislerinde kullan\u0131lmak \u00fczere uygun, tamamen otomatik hidrolik lastik blok kesme makinesidir.<\/p>   <div class=\"wp-block-image\"> <figure class=\"aligncenter size-full\"><img loading=\"lazy\" decoding=\"async\" width=\"720\" height=\"540\" src=\"https:\/\/shuliybaler.com\/wp-content\/uploads\/2026\/04\/tire-cutting-machine.webp\" alt=\"lastik kesme makinesi\" class=\"wp-image-3672\" title=\"\" srcset=\"https:\/\/shuliybaler.com\/wp-content\/uploads\/2026\/04\/tire-cutting-machine.webp 720w, https:\/\/shuliybaler.com\/wp-content\/uploads\/2026\/04\/tire-cutting-machine-360x270.webp 360w, https:\/\/shuliybaler.com\/wp-content\/uploads\/2026\/04\/tire-cutting-machine-180x135.webp 180w, https:\/\/shuliybaler.com\/wp-content\/uploads\/2026\/04\/tire-cutting-machine-16x12.webp 16w\" sizes=\"auto, (max-width: 720px) 100vw, 720px\" \/><figcaption class=\"wp-element-caption\">lastik kesme makinesi<\/figcaption><\/figure> <\/div>   <h2 class=\"wp-block-heading\"><strong>Lastik Blok Kesici Kullanman\u0131n Avantajlar\u0131<\/strong><\/h2>    <ol class=\"wp-block-list\"> <li>T\u00fcm lastikler hacimli ve ta\u015f\u0131nmas\u0131 zordur. Bunlar\u0131 bloklara ay\u0131rmak, hacimlerini \u00f6nemli \u00f6l\u00e7\u00fcde azalt\u0131r\u2014verimli boyut k\u00fc\u00e7\u00fcltme sa\u011flar\u2014ve b\u00f6ylece ta\u015f\u0131ma ve depolama i\u015flemlerini \u00e7ok daha pratik hale getirir.<\/li>    <li>Lastik blok kesme makinesi, lastikleri 50\u201380 mm tutarl\u0131 bloklara keser; bu, b\u0131\u00e7ak a\u015f\u0131nmas\u0131n\u0131 azalt\u0131r, k\u0131rma verimlili\u011fini art\u0131r\u0131r ve a\u015fa\u011f\u0131 ak\u0131\u015f i\u015flemlerini optimize eder.<\/li>    <li>By pre-processing tires into &#8220;shreddable&#8221; blocks, the machine reduces energy consumption during the shredding stage. This shortens the return-on-investment period for recycling facilities, making it an economically efficient recycling solution.<\/li> <\/ol>    <h2 class=\"wp-block-heading\"><strong>Lastik Kesici Makinesi Parametreleri<\/strong><\/h2>    <figure class=\"wp-block-table\"><table class=\"has-fixed-layout\"><thead><tr><th>Madde<\/th><th>\u00d6zellikler<\/th><\/tr><\/thead><tbody><tr><td>Fonksiyon<\/td><td>T\u00fcm lasti\u011fi bloklara ay\u0131r\u0131n<\/td><\/tr><tr><td>Lastik \u00e7ap\u0131<\/td><td>\uff1c1200 mm<\/td><\/tr><tr><td>Kapasite<\/td><td>20\u201330 adet\/saat<\/td><\/tr><tr><td>T\u00fcm lasti\u011fi bloklara ay\u0131r\u0131n<\/td><td>50\u201380 mm<\/td><\/tr><tr><td>G\u00fc\u00e7<\/td><td>40.5 kW, 380V, 50Hz<\/td><\/tr><tr><td>Boyut<\/td><td>2000 \u00d7 1800 \u00d7 1580 mm<\/td><\/tr><tr><td>A\u011f\u0131rl\u0131k<\/td><td>1800 kg<\/td><\/tr><\/tbody><\/table><figcaption class=\"wp-element-caption\">lastik blok kesme makinesinin temel teknik parametreleri<\/figcaption><\/figure>   <div class=\"wp-block-image\"> <figure class=\"aligncenter size-full\"><img loading=\"lazy\" decoding=\"async\" width=\"720\" height=\"540\" src=\"https:\/\/shuliybaler.com\/wp-content\/uploads\/2026\/04\/tire-cutter-machine.webp\" alt=\"lastik kesici makinesi\" class=\"wp-image-3671\" title=\"\" srcset=\"https:\/\/shuliybaler.com\/wp-content\/uploads\/2026\/04\/tire-cutter-machine.webp 720w, https:\/\/shuliybaler.com\/wp-content\/uploads\/2026\/04\/tire-cutter-machine-360x270.webp 360w, https:\/\/shuliybaler.com\/wp-content\/uploads\/2026\/04\/tire-cutter-machine-180x135.webp 180w, https:\/\/shuliybaler.com\/wp-content\/uploads\/2026\/04\/tire-cutter-machine-16x12.webp 16w\" sizes=\"auto, (max-width: 720px) 100vw, 720px\" \/><figcaption class=\"wp-element-caption\">lastik kesici makinesi<\/figcaption><\/figure> <\/div>   <h2 class=\"wp-block-heading\"><strong>Hammadde ve Son \u00dcr\u00fcnler<\/strong><\/h2>    <p>Bu ekipman \u015fu i\u015flemler i\u00e7in uygundur:<\/p>    <ul class=\"wp-block-list\"> <li>Binek otomobil lastikleri<\/li>    <li>Kamyon ve otob\u00fcs lastikleri<\/li>    <li>At\u0131k kau\u00e7uk lastikler (\u00e7ap\u0131 \u2264 1200 mm)<\/li> <\/ul>    <p>Bu at\u0131k lastikleri \u00f6nceden keser\u2014ya \u015ferit ya da di\u015fli b\u00f6l\u00fcmler halinde\u2014veya tek tip kau\u00e7uk bloklar (50\u201380 mm) \u00fcretir.<\/p>    <p>Bu lastik blok kesme makinesi, a\u015fa\u011f\u0131daki ekipman veya \u00fcretim hatlar\u0131yla entegrasyon i\u00e7in idealdir:<\/p>    <ul class=\"wp-block-list\"> <li>Lastik k\u0131r\u0131c\u0131lar<\/li>    <li>Kau\u00e7uk de\u011firmenleri<\/li>    <li>Piroliz sistemleri<\/li>    <li>Kau\u00e7uk gran\u00fcl \u00fcretim hatlar\u0131<\/li> <\/ul>   <div class=\"wp-block-image\"> <figure class=\"aligncenter size-full\"><img loading=\"lazy\" decoding=\"async\" width=\"720\" height=\"540\" src=\"https:\/\/shuliybaler.com\/wp-content\/uploads\/2026\/04\/tire-blocks.webp\" alt=\"lastik bloklar\" class=\"wp-image-3673\" title=\"\" srcset=\"https:\/\/shuliybaler.com\/wp-content\/uploads\/2026\/04\/tire-blocks.webp 720w, https:\/\/shuliybaler.com\/wp-content\/uploads\/2026\/04\/tire-blocks-360x270.webp 360w, https:\/\/shuliybaler.com\/wp-content\/uploads\/2026\/04\/tire-blocks-180x135.webp 180w, https:\/\/shuliybaler.com\/wp-content\/uploads\/2026\/04\/tire-blocks-16x12.webp 16w\" sizes=\"auto, (max-width: 720px) 100vw, 720px\" \/><figcaption class=\"wp-element-caption\">lastik bloklar<\/figcaption><\/figure> <\/div>   <h2 class=\"wp-block-heading\"><strong>Lastik Kesme Makinesinin \u00c7al\u0131\u015fma Prensibi<\/strong><\/h2>    <p>The tire block cutting machine operates using a &#8220;hydraulic + mechanical&#8221; cutting system:<\/p>    <p>T\u00fcm lastik besleme haznesine yerle\u015ftirildikten sonra, hidrolik silindir lasti\u011fi kesme b\u0131\u00e7aklar\u0131na do\u011fru iter.<\/p>    <p>Sonu\u00e7ta, y\u00fcksek mukavemetli b\u0131\u00e7aklar lasti\u011fi e\u015fit boyutlarda bloklara keser. Kesilen kau\u00e7uk bloklar, sonraki i\u015fleme a\u015famas\u0131na ge\u00e7mek \u00fczere bo\u015faltma deli\u011finden d\u00fc\u015fer.<\/p>    <p>Bu operasyonel y\u00f6ntem\u2014mekanik kuvvet ile hidrolik bas\u0131nc\u0131 birle\u015ftirir\u2014, ekipman\u0131n kal\u0131n kau\u00e7uk malzemeleri hem verimli hem de g\u00fcvenli bir \u015fekilde kesmesine olanak tan\u0131r.<\/p>    <h2 class=\"wp-block-heading\"><strong>Do\u011fru Lastik Blok Kesici Nas\u0131l Se\u00e7ilir?<\/strong><\/h2>    <p>Ekipman se\u00e7erken a\u015fa\u011f\u0131daki fakt\u00f6rleri g\u00f6z \u00f6n\u00fcnde bulundurun:<\/p>    <ol class=\"wp-block-list\"> <li><strong>\u00dcretim kapasitesi gereksinimleri:<\/strong> Orta \u00f6l\u00e7ekli bir tesisiniz varsa ve saatte 20-30 lastik \u00fcretimi gerekiyorsa, bu lastik blok kesme makinesi ideal bir se\u00e7imdir. Y\u00fcksek hacimli \u00fcretim operasyonlar\u0131 i\u00e7in makine, tam bir lastik geri d\u00f6n\u00fc\u015f\u00fcm \u00fcretim hatt\u0131na entegre edilmelidir.<\/li>    <li><strong>Otomasyon seviyesi:<\/strong> Yar\u0131 otomatik modeller daha d\u00fc\u015f\u00fck maliyetlidir, tam otomatik modeller ise daha y\u00fcksek verimlilik sa\u011flar ve i\u015f\u00e7ilik maliyetlerini azalt\u0131r.<\/li>    <li><strong>B\u0131\u00e7ak kalitesi:<\/strong> B\u0131\u00e7aklar, a\u015f\u0131nmaya dayan\u0131kl\u0131 malzemelerden (\u00f6rne\u011fin ala\u015f\u0131ml\u0131 \u00e7elik) yap\u0131lmal\u0131d\u0131r. Belirli gereksinimleriniz veya ek ihtiya\u00e7lar\u0131n\u0131z varsa, l\u00fctfen do\u011frudan bizimle ileti\u015fime ge\u00e7in.<\/li> <\/ol>   <div class=\"wp-block-image\"> <figure class=\"aligncenter size-full\"><img loading=\"lazy\" decoding=\"async\" width=\"720\" height=\"540\" src=\"https:\/\/shuliybaler.com\/wp-content\/uploads\/2026\/04\/tire-block-cutting-machine.webp\" alt=\"lastik blok kesme makinesi\" class=\"wp-image-3674\" title=\"\" srcset=\"https:\/\/shuliybaler.com\/wp-content\/uploads\/2026\/04\/tire-block-cutting-machine.webp 720w, https:\/\/shuliybaler.com\/wp-content\/uploads\/2026\/04\/tire-block-cutting-machine-360x270.webp 360w, https:\/\/shuliybaler.com\/wp-content\/uploads\/2026\/04\/tire-block-cutting-machine-180x135.webp 180w, https:\/\/shuliybaler.com\/wp-content\/uploads\/2026\/04\/tire-block-cutting-machine-16x12.webp 16w\" sizes=\"auto, (max-width: 720px) 100vw, 720px\" \/><figcaption class=\"wp-element-caption\">lastik blok kesme makinesi<\/figcaption><\/figure> <\/div>  <div id=\"rank-math-faq\" class=\"rank-math-block\"> <div class=\"rank-math-list\"> <div id=\"faq-question-1777256802472\" class=\"rank-math-list-item\"> <h3 class=\"rank-math-question\">Bu makine t\u00fcm lastikleri do\u011frudan kesebilir mi?<\/h3> <div class=\"rank-math-answer\">  <p>Evet. Geli\u015fmi\u015f modeller, \u00f6zellikle \u00e7ap\u0131 1200 mm alt\u0131nda olan lastikleri \u00f6n i\u015fleme gerek olmadan do\u011frudan kesebilir.<\/p>  <\/div> <\/div> <div id=\"faq-question-1777256828159\" class=\"rank-math-list-item\"> <h3 class=\"rank-math-question\">Geri d\u00f6n\u00fc\u015f\u00fcm i\u00e7in ideal \u00e7\u0131k\u0131\u015f boyutu nedir?<\/h3> <div class=\"rank-math-answer\">  <p>\u00c7o\u011fu geri d\u00f6n\u00fc\u015f\u00fcm hatt\u0131, k\u0131r\u0131c\u0131lar ve de\u011firmenler i\u00e7in en uygun olan 50\u201380 mm bloklar gerektirir.<\/p>  <\/div> <\/div> <div id=\"faq-question-1777256841148\" class=\"rank-math-list-item\"> <h3 class=\"rank-math-question\">Neden do\u011frudan k\u0131r\u0131c\u0131ya t\u00fcm lastikleri beslemiyorsunuz?<\/h3> <div class=\"rank-math-answer\">  <p>Bunu do\u011frudan yapmak, b\u0131\u00e7ak a\u015f\u0131nmas\u0131n\u0131 h\u0131zland\u0131r\u0131r ve t\u0131kanmalara neden olabilir, b\u00f6ylece verimlilik d\u00fc\u015fer. Lastikleri par\u00e7alara ay\u0131rmak, sistemin genel performans\u0131n\u0131 art\u0131r\u0131r.<\/p>  <\/div> <\/div> <div id=\"faq-question-1777256910945\" class=\"rank-math-list-item\"> <h3 class=\"rank-math-question\">Bu lastik blok kesme makinesi hangi end\u00fcstrilerde kullan\u0131l\u0131r?<\/h3> <div class=\"rank-math-answer\">  <p>Lastik geri d\u00f6n\u00fc\u015f\u00fcm tesisleri, kau\u00e7uk tozu tesisleri, piroliz tesisleri veya at\u0131k y\u00f6netim \u015firketleri i\u00e7in<\/p>  <\/div> <\/div> <\/div> <\/div>   <p>Hacimli at\u0131k lastikleri, tutmas\u0131 kolay ve standart hale getirilmi\u015f kau\u00e7uk bloklar\u0131na d\u00f6n\u00fc\u015ft\u00fcrerek, lastik blok kesicinin operasyonel verimlili\u011fini art\u0131r\u0131r, i\u015fletme maliyetlerini d\u00fc\u015f\u00fcr\u00fcr ve a\u015fa\u011f\u0131 ak\u0131\u015f i\u015flemlerinin performans\u0131n\u0131 optimize eder.<\/p>    <p>Lastik geri d\u00f6n\u00fc\u015f\u00fcm end\u00fcstrisinde faaliyet g\u00f6steren i\u015fletmeler i\u00e7in, y\u00fcksek verimli, tamamen otomatik lastik blok kesiciye yat\u0131r\u0131m yapmak kesinlikle ak\u0131ll\u0131ca bir karard\u0131r ve gelecekte b\u00fcy\u00fcme potansiyeli y\u00fcksektir. \u00dcr\u00fcnlerimizle ilgileniyorsan\u0131z, l\u00fctfen detayl\u0131 fiyatland\u0131rma bilgisi i\u00e7in bizimle ileti\u015fime ge\u00e7in.<\/p>    <p>Di\u011fer lastik i\u015fleme ekipmanlar\u0131: <\/p>    <ul class=\"wp-block-list\"> <li><a href=\"https:\/\/shuliybaler.com\/tr\/product\/scrap-hydraulic-tyre-baling-machine\/\">Hurda hidrolik lastik balyalama makinesi ile lastik geri d\u00f6n\u00fc\u015f\u00fcm\u00fc<\/a><\/li>    <li><a href=\"https:\/\/shuliybaler.com\/tr\/product\/scrap-metal-shredder-machine\/\">At\u0131k lastik k\u0131rma makinesi<\/a><\/li> <\/ul>","protected":false},"excerpt":{"rendered":"<p>The tire block cutter is capable of cutting whole waste tires into uniformly sized rubber blocks ranging from 50 to 80 millimeters. This enhances the efficiency of subsequent shredding processes, reduces labor costs, and ensures a consistent output suitable for recycling and pyrolysis applications.<\/p>","protected":false},"author":1,"featured_media":3675,"parent":0,"template":"","meta":{"product_tpl_data":{"subtitle":"","param_summary":"","model_summary_title":"","model_summary":"","model_series":[],"finished_product_title":"","raw_materials_title":"","process_title":"","endsummary":""},"product_extra_property":[{"pname":"Function","pvalue":"Cut the whole tire into blocks"},{"pname":"Tire diameter","pvalue":"\uff1c1200 mm"},{"pname":"Capacity","pvalue":"20\u201330 pcs\/hour"},{"pname":"Cut the whole tire into blocks","pvalue":"50\u201380 mm"},{"pname":"Power","pvalue":"40.5 kW, 380V, 50Hz"},{"pname":"Dimension","pvalue":"2000 \u00d7 1800 \u00d7 1580 mm"},{"pname":"Weight","pvalue":"1800 kg"}],"product_extra_image":"3671,3672,3674,3673"},"tags":[85],"product-type":[91],"class_list":["post-3670","product","type-product","status-publish","has-post-thumbnail","hentry","tag-tire","product-type-other-recycling-machine"],"light_meta":{"product_tpl_data":{"subtitle":"","param_summary":"","model_summary_title":"","model_summary":"","model_series":"","finished_product_title":"","raw_materials_title":"","process_title":"","endsummary":""},"rank_math_internal_links_processed":"1","rank_math_seo_score":"82","rank_math_focus_keyword":"tire block cutting machine","rank_math_title":"Tire Block Cutting Machine For Scrap Rubber Recycling","rank_math_description":"This tire block cutting machine cuts tires (with a diameter of \u22641200 mm) into rubber blocks ranging from 50-80 mm with an output of 20-30 tires per hour.","rank_math_og_content_image":{"check":"f4c4d6a8a46706b18fbc9a76c71e33e8","images":[3672]},"product_extra_property":{"1":{"pname":"Function","pvalue":"Cut the whole tire into blocks"},"2":{"pname":"Tire diameter","pvalue":"\uff1c1200 mm"},"3":{"pname":"Capacity","pvalue":"20\u201330 pcs\/hour"},"4":{"pname":"Cut the whole tire into blocks","pvalue":"50\u201380 mm"},"5":{"pname":"Power","pvalue":"40.5 kW, 380V, 50Hz"},"6":{"pname":"Dimension","pvalue":"2000 \u00d7 1800 \u00d7 1580 mm"},"7":{"pname":"Weight","pvalue":"1800 kg"}},"product_extra_image":"3671,3672,3674,3673","_oembed_b36e0d7498a27da9ec529da478442216":"<iframe title=\"Tire Block Cutting Machine | Cut Whole Tires into 50\u201380mm Rubber Blocks Efficiently\" width=\"500\" height=\"281\" src=\"https:\/\/www.youtube.com\/embed\/6nKF7r2HliQ?feature=oembed\" frameborder=\"0\" allow=\"accelerometer; autoplay; clipboard-write; encrypted-media; gyroscope; picture-in-picture; web-share\" referrerpolicy=\"strict-origin-when-cross-origin\" allowfullscreen><\/iframe>","_oembed_time_b36e0d7498a27da9ec529da478442216":"1777280116","rank_math_schema_VideoObject":{"@type":"VideoObject","metadata":{"title":"Video","type":"template","shortcode":"s-69ef247792592","isPrimary":true,"reviewLocationShortcode":"[rank_math_rich_snippet]","category":"%categories%","tags":"%tags%","isAutoGenerated":true},"name":"Lastik Blok Kesme Makinesi | T\u00fcm Lastikleri 50\u201380mm Kau\u00e7uk Bloklara Verimli \u015eekilde Kesin","description":"WhatsApp: https:\/\/wa.me\/ 8617703863868 E-posta: info@shuliybaler.comWeb sitesi:https:\/\/shuliybaler.com\/product\/tire-block-cutting-machine\/Lastiklerin nas\u0131l kesilece\u011fini ke\u015ffedin...","uploadDate":"2026-04-27T01:54:42-07:00","thumbnailUrl":"https:\/\/shuliybaler.com\/wp-content\/uploads\/2026\/04\/tire-block-cutting-machine-cut-w.jpg","embedUrl":"https:\/\/www.youtube.com\/embed\/6nKF7r2HliQ","contentUrl":"","duration":"PT3M0S","width":"1280","height":"720","isFamilyFriendly":true}},"seo_meta":{"title":"Hurda Kau\u00e7uk Geri D\u00f6n\u00fc\u015f\u00fcm \u0130\u00e7in Lastik Blok Kesme Makinesi","description":"Bu lastik blok kesme makinesi, \u00e7ap\u0131 \u22641200 mm olan lastikleri 50-80 mm aras\u0131 kau\u00e7uk bloklar\u0131na, saatte 20-30 lastik \u00e7\u0131k\u0131\u015f\u0131yla keser.","focusKeyword":"tire block cutting machine","canonicalUrl":"https:\/\/shuliybaler.com\/tr\/product\/tire-block-cutting-machine\/","robots":["index","follow"],"ogTitle":"Tire Block Cutting Machine For Scrap Rubber Recycling","ogDescription":"This tire block cutting machine cuts tires (with a diameter of \u22641200 mm) into rubber blocks ranging from 50-80 mm with an output of 20-30 tires per hour.","ogImage":"https:\/\/shuliybaler.com\/wp-content\/uploads\/2026\/04\/automatic-tire-block-cutting-machine.webp","twitterTitle":"Tire Block Cutting Machine For Scrap Rubber Recycling","twitterDescription":"This tire block cutting machine cuts tires (with a diameter of \u22641200 mm) into rubber blocks ranging from 50-80 mm with an output of 20-30 tires per hour.","twitterImage":"https:\/\/shuliybaler.com\/wp-content\/uploads\/2026\/04\/automatic-tire-block-cutting-machine.webp","primaryCategory":0,"seoScore":82,"schemas":{"VideoObject":{"type":"VideoObject","data":{"@type":"VideoObject","metadata":{"title":"Video","type":"template","shortcode":"s-69ef247792592","isPrimary":true,"reviewLocationShortcode":"[rank_math_rich_snippet]","category":"%categories%","tags":"%tags%","isAutoGenerated":true},"name":"Lastik Blok Kesme Makinesi | T\u00fcm Lastikleri 50\u201380mm Kau\u00e7uk Bloklara Verimli \u015eekilde Kesin","description":"WhatsApp: https:\/\/wa.me\/ 8617703863868 E-posta: info@shuliybaler.comWeb sitesi:https:\/\/shuliybaler.com\/product\/tire-block-cutting-machine\/Lastiklerin nas\u0131l kesilece\u011fini ke\u015ffedin...","uploadDate":"2026-04-27T01:54:42-07:00","thumbnailUrl":"https:\/\/shuliybaler.com\/wp-content\/uploads\/2026\/04\/tire-block-cutting-machine-cut-w.jpg","embedUrl":"https:\/\/www.youtube.com\/embed\/6nKF7r2HliQ","contentUrl":"","duration":"PT3M0S","width":"1280","height":"720","isFamilyFriendly":true}}},"source":"rank_math"},"_links":{"self":[{"href":"https:\/\/shuliybaler.com\/tr\/wp-json\/wp\/v2\/product\/3670","targetHints":{"allow":["GET"]}}],"collection":[{"href":"https:\/\/shuliybaler.com\/tr\/wp-json\/wp\/v2\/product"}],"about":[{"href":"https:\/\/shuliybaler.com\/tr\/wp-json\/wp\/v2\/types\/product"}],"author":[{"embeddable":true,"href":"https:\/\/shuliybaler.com\/tr\/wp-json\/wp\/v2\/users\/1"}],"wp:featuredmedia":[{"embeddable":true,"href":"https:\/\/shuliybaler.com\/tr\/wp-json\/wp\/v2\/media\/3675"}],"wp:attachment":[{"href":"https:\/\/shuliybaler.com\/tr\/wp-json\/wp\/v2\/media?parent=3670"}],"wp:term":[{"taxonomy":"post_tag","embeddable":true,"href":"https:\/\/shuliybaler.com\/tr\/wp-json\/wp\/v2\/tags?post=3670"},{"taxonomy":"product-type","embeddable":true,"href":"https:\/\/shuliybaler.com\/tr\/wp-json\/wp\/v2\/product-type?post=3670"}],"curies":[{"name":"wp","href":"https:\/\/api.w.org\/{rel}","templated":true}]}}