{"id":407,"date":"2019-12-05T11:19:36","date_gmt":"2019-12-05T03:19:36","guid":{"rendered":"https:\/\/shuliybaler.com\/?p=407"},"modified":"2024-01-10T17:39:46","modified_gmt":"2024-01-10T09:39:46","slug":"metal-baler","status":"publish","type":"product","link":"https:\/\/shuliybaler.com\/tr\/product\/metal-baler\/","title":{"rendered":"End\u00fcstriyel hurda metal balyalama makinesi"},"content":{"rendered":"<p class=\"translation-block\"><strong>Metal presleme <\/strong> ayn\u0131 zamanda hurda metal briquet makinesi, yatay metal presleme makinesi, hidrolik metal presleme makinesi olarak da adland\u0131r\u0131l\u0131r. Ana amac\u0131, metal hurdalar\u0131 belirli bir \u015fekle presleyerek hacmi azaltmak, depolama, ta\u015f\u0131ma ve geri d\u00f6n\u00fc\u015f\u00fcm\u00fc kolayla\u015ft\u0131rmakt\u0131r.<\/p>    <figure class=\"wp-block-embed is-type-video is-provider-youtube wp-block-embed-youtube wp-embed-aspect-16-9 wp-has-aspect-ratio\"><div class=\"wp-block-embed__wrapper\"> <iframe loading=\"lazy\" title=\"Verimli Metal Presleme G\u00f6sterisi: Hurda Metalin M\u00fckemmel Preslenmesi! At\u0131k Demir i\u00e7in Hidrolik Pres\" width=\"500\" height=\"281\" src=\"https:\/\/www.youtube.com\/embed\/bypm63IX3u0?start=8&#038;feature=oembed\" frameborder=\"0\" allow=\"accelerometer; autoplay; clipboard-write; encrypted-media; gyroscope; picture-in-picture; web-share\" referrerpolicy=\"strict-origin-when-cross-origin\" allowfullscreen><\/iframe> <\/div><figcaption class=\"wp-element-caption\">Yatay metal presleme videosu<\/figcaption><\/figure>    <h2 class=\"wp-block-heading\" id=\"h-parameters-of-the-metal-press-machine\"><strong>Sat\u0131l\u0131k metal hurda presleme makinelerinin parametreleri<\/strong><\/h2>    <figure class=\"wp-block-table\"><table><tbody><tr><td>Tip <strong>&nbsp;<\/strong><strong><\/strong><\/td><td>Nominal itme g\u00fcc\u00fc(Kn)<\/td><td>Kompresyon odas\u0131 boyutu<br>(Uzunluk * geni\u015flik * y\u00fckseklik)(mm)<strong><\/strong><\/td><td>Bale boyutu(mm)<strong><\/strong><\/td><td>Metal bloklar\u0131n\u0131n yo\u011funlu\u011fu(kg\/m\u00b3)<\/td><td>Kapasite(kg\/h)<strong><\/strong><\/td><td>Tek d\u00f6ng\u00fc s\u00fcresi(s)<\/td><td>Uygun g\u00fc\u00e7 (kW)<\/td><\/tr><tr><td>Y81-1250A<strong><\/strong><\/td><td>1250<strong><\/strong><\/td><td>1200*700*600<strong><\/strong><\/td><td>300*300<strong><\/strong><\/td><td>\u22652000<strong><\/strong><\/td><td>1200-1800<strong><\/strong><\/td><td>\u2264120<strong><\/strong><\/td><td>15<strong><\/strong><\/td><\/tr><tr><td>Y81-1250B<strong><\/strong><\/td><td>1250<strong><\/strong><\/td><td>1400*800*700<strong><\/strong><\/td><td>300*300<strong><\/strong><\/td><td>\u22652000<strong><\/strong><\/td><td>1600-2300<strong><\/strong><\/td><td>\u2264140<strong><\/strong><\/td><td>15<strong><\/strong><\/td><\/tr><tr><td>Y81-1350<strong><\/strong><\/td><td>1350<strong><\/strong><\/td><td>1400*600*600<strong><\/strong><\/td><td>600*240<strong><\/strong><\/td><td>\u22652000<strong><\/strong><\/td><td>1600-2500<strong><\/strong><\/td><td>\u2264100<strong><\/strong><\/td><td>18.5<strong><\/strong><\/td><\/tr><tr><td>Y81-1600A<strong><\/strong><\/td><td>1600<strong><\/strong><\/td><td>1600*1000*800<strong><\/strong><\/td><td>400*400<strong><\/strong><\/td><td>\u22652000<strong><\/strong><\/td><td>2000-3500<strong><\/strong><\/td><td>\u2264120<strong><\/strong><\/td><td>22<strong><\/strong><\/td><\/tr><tr><td>Y81-1600B<strong><\/strong><\/td><td>1600<strong><\/strong><\/td><td>1600*1200*800<strong><\/strong><\/td><td>400*400<strong><\/strong><\/td><td>\u22652000<strong><\/strong><\/td><td>2000-4000<strong><\/strong><\/td><td>\u2264130<strong><\/strong><\/td><td>30<strong><\/strong><\/td><\/tr><tr><td>Y81-2000A<strong><\/strong><\/td><td>2000<strong><\/strong><\/td><td>1600*1200*800<strong><\/strong><\/td><td>400*400<strong><\/strong><\/td><td>\u22652000<strong><\/strong><\/td><td>2500-4500<strong><\/strong><\/td><td>\u2264130<strong><\/strong><\/td><td>22\/15<\/td><\/tr><tr><td>Y81-2000B<strong><\/strong><\/td><td>2000<strong><\/strong><\/td><td>1800*1400*900<strong><\/strong><\/td><td>450*450<strong><\/strong><\/td><td>\u22652000<strong><\/strong><\/td><td>3000-5000<strong><\/strong><\/td><td>\u2264130<strong><\/strong><\/td><td>30\/37<\/td><\/tr><tr><td>Y81-2500A<strong><\/strong><\/td><td>2500<strong><\/strong><\/td><td>2000*1400*900<strong><\/strong><\/td><td>500*500<strong><\/strong><\/td><td>\u22652000<strong><\/strong><\/td><td>4000-6300<strong><\/strong><\/td><td>\u2264130<strong><\/strong><\/td><td>44\/60<\/td><\/tr><tr><td>Y81-2500B<strong><\/strong><\/td><td>2500<strong><\/strong><\/td><td>2000*1750*1000<strong><\/strong><\/td><td>500*500<strong><\/strong><\/td><td>\u22652000<strong><\/strong><\/td><td>5000-6300<strong><\/strong><\/td><td>\u2264150<strong><\/strong><\/td><td>44<strong><\/strong><\/td><\/tr><tr><td>Y81-2500C<strong><\/strong><\/td><td>2500<strong><\/strong><\/td><td>2000*1750*1200<strong><\/strong><\/td><td>600*600<strong><\/strong><\/td><td>\u22652000<strong><\/strong><\/td><td>5500-6500<strong><\/strong><\/td><td>\u2264150<strong><\/strong><\/td><td>60<strong><\/strong><\/td><\/tr><tr><td>Y81-2500D<strong><\/strong><\/td><td>2500<strong><\/strong><\/td><td>2500*2000*1200<strong><\/strong><\/td><td>600*600<strong><\/strong><\/td><td>\u22652000<strong><\/strong><\/td><td>5500-6500<strong><\/strong><\/td><td>\u2264150<strong><\/strong><\/td><td>60<strong><\/strong><\/td><\/tr><tr><td>Y81-3150A<strong><\/strong><\/td><td>3150<strong><\/strong><\/td><td>2000*1750*1000<strong><\/strong><\/td><td>500*500<strong><\/strong><\/td><td>\u22652000<strong><\/strong><\/td><td>4000-6500<strong><\/strong><\/td><td>\u2264150<strong><\/strong><\/td><td>60<strong><\/strong><\/td><\/tr><tr><td>Y81-3150B<strong><\/strong><\/td><td>3150<strong><\/strong><\/td><td>2000*1750*1200<strong><\/strong><\/td><td>600*600<strong><\/strong><\/td><td>\u22652000<strong><\/strong><\/td><td>5000-7000<strong><\/strong><\/td><td>\u2264150<strong><\/strong><\/td><td>60<strong><\/strong><\/td><\/tr><tr><td>Y81-3150C<strong><\/strong><\/td><td>3150<strong><\/strong><\/td><td>2500*2000*1200<strong><\/strong><\/td><td>600*600<strong><\/strong><\/td><td>\u22652000<strong><\/strong><\/td><td>6000-8000<strong><\/strong><\/td><td>\u2264150<strong><\/strong><\/td><td>90<strong><\/strong><\/td><\/tr><tr><td>Y81-3150D<strong><\/strong><\/td><td>3150<strong><\/strong><\/td><td>3000*2500*1200<strong><\/strong><\/td><td>600*600<strong><\/strong><\/td><td>\u22652000<strong><\/strong><\/td><td>6000-8000<strong><\/strong><\/td><td>\u2264160<strong><\/strong><\/td><td>90<strong><\/strong><\/td><\/tr><tr><td>Y81-4000A<strong><\/strong><\/td><td>4000<strong><\/strong><\/td><td>2500*2000*1200<strong><\/strong><\/td><td>600*600<strong><\/strong><\/td><td>\u22652000<strong><\/strong><\/td><td>5000-7500<strong><\/strong><\/td><td>\u2264160<strong><\/strong><\/td><td>90<strong><\/strong><\/td><\/tr><tr><td>Y81-4000B<strong><\/strong><\/td><td>4000<strong><\/strong><\/td><td>3000*2500*1200<strong><\/strong><\/td><td>600*600<strong><\/strong><\/td><td>\u22652000<strong><\/strong><\/td><td>8500-13000<strong><\/strong><\/td><td>\u2264160<strong><\/strong><\/td><td>90<strong><\/strong><\/td><\/tr><tr><td>Y81-4000C<strong><\/strong><\/td><td>4000<strong><\/strong><\/td><td>3500*3000*1200<strong><\/strong><\/td><td>600*600<strong><\/strong><\/td><td>\u22652000<strong><\/strong><\/td><td>9500-14000<strong><\/strong><\/td><td>\u2264160<strong><\/strong><\/td><td>90<strong><\/strong><\/td><\/tr><\/tbody><\/table><figcaption class=\"wp-element-caption\">hurda metal briquet makinesi<\/figcaption><\/figure>    <h2 class=\"wp-block-heading\" id=\"h-application-of-metal-baler\"><strong>Yatay metal presleme uygulamas\u0131<\/strong><\/h2>    <p class=\"translation-block\">Metal baler makinesi, <strong>hurda \u00e7elik, hurda demir, bak\u0131r, al\u00fcminyum hurdas\u0131,<\/strong> <strong>al\u00fcminyum tala\u015f, demir levhalar, \u00e7elik t\u0131ra\u015f, al\u00fcminyum t\u0131ra\u015f, at\u0131k ya\u011f varili, boya tenekeleri ve di\u011fer metal variller ve kutular<\/strong>, <strong>at\u0131k otomobil g\u00f6vdesi<\/strong>,<strong> at\u0131k ya\u011f tenekeleri, kutular, g\u0131da kutular\u0131,<\/strong> <strong>par\u00e7alanm\u0131\u015f araba g\u00f6vdesi, g\u00f6vde, kap\u0131, motor blo\u011fu, fren tamburlar\u0131, motor par\u00e7alar\u0131, s\u00fcspansiyon par\u00e7alar\u0131, \u00e7e\u015fitli metal at\u0131klar, kesim tala\u015flar\u0131, ta\u015flama tala\u015flar\u0131 vb. end\u00fcstriyel \u00fcretim s\u0131ras\u0131nda olu\u015fan<\/strong>,<strong> vb<\/strong>. <\/p>   <div class=\"wp-block-image\"> <figure class=\"aligncenter size-large\"><img loading=\"lazy\" decoding=\"async\" width=\"720\" height=\"695\" src=\"https:\/\/shuliybaler.com\/wp-content\/uploads\/2019\/12\/application-of-the-metal-press-machine.jpg\" alt=\"metal pres makinesinin uygulamas\u0131\" class=\"wp-image-424\" title=\"\" srcset=\"https:\/\/shuliybaler.com\/wp-content\/uploads\/2019\/12\/application-of-the-metal-press-machine.jpg 720w, https:\/\/shuliybaler.com\/wp-content\/uploads\/2019\/12\/application-of-the-metal-press-machine-280x270.jpg 280w, https:\/\/shuliybaler.com\/wp-content\/uploads\/2019\/12\/application-of-the-metal-press-machine-559x540.jpg 559w\" sizes=\"auto, (max-width: 720px) 100vw, 720px\" \/><figcaption class=\"wp-element-caption\">metal presleme uygulamas\u0131<\/figcaption><\/figure> <\/div>   <p class=\"translation-block\">Farkl\u0131 \u015fekillerde bloklar yapmak i\u00e7in kullan\u0131labilir (bloklar\u0131n boyutlar\u0131 \u00f6zelle\u015ftirilebilir), \u00f6rne\u011fin uzun k\u00fcp, silindir, k\u00fcp vb., eritme ve yeniden kullanma kolayl\u0131\u011f\u0131 sa\u011flar. Ayr\u0131ca, kartonlar, plastik \u015fi\u015feler ve di\u011fer nesnelerin s\u0131k\u0131\u015ft\u0131r\u0131lmas\u0131 i\u00e7in de kullan\u0131labilir.<\/p>    <h2 class=\"wp-block-heading\" id=\"h-structural-composition-of-metal-briquette-machine\"><strong>Yatay metal hurda presleme makinesinin yap\u0131s\u0131<\/strong><\/h2>    <p>Hurda metal briquet makinesi, esas olarak hidrolik par\u00e7alar, besleme odas\u0131, kapak, teleskopik kol, konsol, yan hidrolik silindiri, ana hidrolik silindiri, motor, red\u00fckt\u00f6r, g\u00fcvenlik cihaz\u0131 vb. bile\u015fenlerden olu\u015fur.<\/p>   <div class=\"wp-block-image\"> <figure class=\"aligncenter size-large\"><img loading=\"lazy\" decoding=\"async\" width=\"720\" height=\"540\" src=\"https:\/\/shuliybaler.com\/wp-content\/uploads\/2019\/12\/structure-of-the-metal-baler.jpg\" alt=\"metal presleme makinesinin yap\u0131s\u0131\" class=\"wp-image-426\" title=\"\" srcset=\"https:\/\/shuliybaler.com\/wp-content\/uploads\/2019\/12\/structure-of-the-metal-baler.jpg 720w, https:\/\/shuliybaler.com\/wp-content\/uploads\/2019\/12\/structure-of-the-metal-baler-360x270.jpg 360w, https:\/\/shuliybaler.com\/wp-content\/uploads\/2019\/12\/structure-of-the-metal-baler-180x135.jpg 180w\" sizes=\"auto, (max-width: 720px) 100vw, 720px\" \/><figcaption class=\"wp-element-caption\">metal presleme makinesinin yap\u0131s\u0131<\/figcaption><\/figure> <\/div>   <ul class=\"wp-block-list\"> <li>Hidrolik k\u0131sm\u0131, metal s\u0131k\u0131\u015ft\u0131r\u0131c\u0131 makinenin \u201ckalbi\u201d ve g\u00fc\u00e7 kayna\u011f\u0131d\u0131r. Bu makinenin bas\u0131n\u00e7 aral\u0131\u011f\u0131 1250kn ile 4000kn aras\u0131ndad\u0131r.<\/li>    <li>Besleme odas\u0131, i\u00e7ine konabilecek malzemelerin boyutunu belirler. Besleme odas\u0131n\u0131n boyut aral\u0131\u011f\u0131 1200 * 700 * 600mm \u2013 3500 * 3000 * 1200mm'dir.<\/li>    <li>Makinede d\u00f6rt hidrolik silindir bulunur, biri kapak \u00fczerinde, biri ana itici \u00fczerinde, biri yan itici \u00fczerinde ve biri \u00e7\u0131k\u0131\u015f b\u00f6l\u00fcm\u00fcnde.<\/li>    <li>Acil durdurma cihaz\u0131 ve a\u015f\u0131r\u0131 ak\u0131m koruma cihazlar\u0131 kurarak kazalar\u0131 \u00f6nleyin.<\/li> <\/ul>    <h2 class=\"wp-block-heading\" id=\"h-how-does-a-metal-baler-work\"><strong>Bir metal hurda presleme makinesi nas\u0131l \u00e7al\u0131\u015f\u0131r?<\/strong><\/h2>    <figure class=\"wp-block-embed is-type-video is-provider-youtube wp-block-embed-youtube wp-embed-aspect-16-9 wp-has-aspect-ratio\"><div class=\"wp-block-embed__wrapper\"> <iframe loading=\"lazy\" title=\"Oto demir varil ve kutu s\u0131k\u0131\u015ft\u0131rma makinesi | geri d\u00f6n\u00fc\u015f\u00fcm s\u0131k\u0131\u015ft\u0131r\u0131c\u0131 makinesi al\u00fcminyum kutular ve metal s\u0131k\u0131\u015ft\u0131r\u0131c\u0131lar\" width=\"500\" height=\"281\" src=\"https:\/\/www.youtube.com\/embed\/9JxkvEm4QMc?feature=oembed\" frameborder=\"0\" allow=\"accelerometer; autoplay; clipboard-write; encrypted-media; gyroscope; picture-in-picture; web-share\" referrerpolicy=\"strict-origin-when-cross-origin\" allowfullscreen><\/iframe> <\/div><figcaption class=\"wp-element-caption\">Hurda \u00e7elik, demir, bak\u0131r, al\u00fcminyum gibi malzemelerin preslenmesi videosu <\/figcaption><\/figure>   <div id=\"rank-math-howto\" class=\"rank-math-block\" > <div class=\"rank-math-howto-description\">  <\/div>  <div class=\"rank-math-steps\"> <div id=\"howto-step-1704877907192\" class=\"rank-math-step\"> <h3 class=\"rank-math-step-title\"><strong>Hurda y\u00fckleme <\/strong><\/h3> <div class=\"rank-math-step-content\"><p>\u0130lk olarak, malzemeyi metal s\u0131k\u0131\u015ft\u0131r\u0131c\u0131'n\u0131n besleme odas\u0131na koyun. Not: Konulan malzemeler makinenin maksimum \u00e7\u0131k\u0131\u015f\u0131n\u0131 a\u015fmamal\u0131d\u0131r, \u00e7\u00fcnk\u00fc motor a\u015f\u0131r\u0131 y\u00fck alt\u0131nda \u00e7al\u0131\u015f\u0131rken kolayca zarar g\u00f6rebilir.<\/p> <\/div> <\/div> <div id=\"howto-step-1704877937503\" class=\"rank-math-step\"> <h3 class=\"rank-math-step-title\"><strong>Hurda metal briquet makinelerini ba\u015flat\u0131n<\/strong><\/h3> <div class=\"rank-math-step-content\"><p>Makinenin g\u00fcc\u00fcn\u00fc a\u00e7\u0131n ve kapak presini a\u015fa\u011f\u0131 do\u011fru kontrol etmek i\u00e7in \u00e7al\u0131\u015fma kolunu kullan\u0131n. Presleme tamamland\u0131ktan sonra, kapak ve besleme kutusu kapal\u0131 bir alan olu\u015fturur.<\/p> <\/div> <\/div> <div id=\"howto-step-1704878010159\" class=\"rank-math-step\"> <h3 class=\"rank-math-step-title\"><strong>\u00c7ok noktal\u0131 hidrolik s\u0131k\u0131\u015ft\u0131rma<\/strong><\/h3> <div class=\"rank-math-step-content\"><p>Metal hurda presleme makinesinin arka ve yan hidrolik \u00e7ubuklar\u0131, malzemeyi ileri iter ve s\u00fcrekli s\u0131k\u0131\u015ft\u0131r\u0131r, sonunda y\u00fcksek yo\u011funluklu bir metal blo\u011fu olu\u015fturur.<\/p> <\/div> <\/div> <div id=\"howto-step-1704878082347\" class=\"rank-math-step\"> <h3 class=\"rank-math-step-title\"><strong>\u015eekillendirme ve bo\u015faltma s\u00fcreci<\/strong><\/h3> <div class=\"rank-math-step-content\"><p>Devirli hidrolik \u00e7ubuk, malzemeleri d\u00fczenli \u015fekillerde d\u0131\u015far\u0131 iter ve yo\u011funluk 2000 kg \/ m3'e ula\u015fabilir. Son olarak, s\u0131k\u0131\u015ft\u0131r\u0131lm\u0131\u015f metal bloklar\u0131 presleme makinesinden d\u00fczg\u00fcnce d\u0131\u015far\u0131 iter. Bu, metal hurdalar\u0131n tam bir presleme i\u015flemini tamamlar.<\/p> <\/div> <\/div> <\/div> <\/div>       <h2 class=\"wp-block-heading\" id=\"h-advantages-of-hydraulic-scrap-metal-briquette-machine\"><strong>Hidrolik hurda metal briquet makinelerinin avantajlar\u0131<\/strong><\/h2>    <ol class=\"wp-block-list\"> <li>Makine, d\u00fc\u015f\u00fck g\u00fcr\u00fclt\u00fc, stabil \u00e7al\u0131\u015fma ve y\u00fcksek g\u00fcvenlik fakt\u00f6rleri ile hidrolik olarak \u00e7al\u0131\u015f\u0131r.<\/li>    <li>Bo\u015faltma y\u00f6ntemleri \u00e7e\u015fitli olup, makine bo\u015faltma ve manuel bo\u015faltma olarak ikiye ayr\u0131l\u0131r. M\u00fc\u015fteriler ihtiya\u00e7lar\u0131na g\u00f6re se\u00e7im yapabilirler.<\/li>    <li>Genellikle, makinenin voltaj\u0131 380v'dir, ancak m\u00fc\u015fteri ihtiya\u00e7lar\u0131na g\u00f6re ayarlanabilir. Uygun olmayan g\u00fc\u00e7 kaynaklar\u0131 durumunda, dizel motorlar g\u00fc\u00e7 sa\u011flamak i\u00e7in kullan\u0131labilir.<\/li>    <li>Makine kurulumu kolayd\u0131r, ayak vidalar\u0131 gerekmez.<\/li>    <li>Makinenin \u00e7e\u015fitli \u00e7al\u0131\u015fma modlar\u0131 vard\u0131r, b\u00f6ylece manuel veya PLC operasyonu se\u00e7ebilirsiniz.<\/li>    <li>Hurda metal briket makinesi par\u00e7alar\u0131, bilgisayar say\u0131sal kontroll\u00fc torna ile hassas \u015fekilde i\u015flenir. Makinenin hareketi yumu\u015fak ve dayan\u0131kl\u0131d\u0131r.<\/li>    <li>Makine kal\u0131n karbon \u00e7elikten yap\u0131lm\u0131\u015f olup, g\u00fczel bir g\u00f6r\u00fcn\u00fcme sahiptir. Makine y\u00fczeyi su ge\u00e7irmez ve korozyona kar\u015f\u0131 boya ile kaplanm\u0131\u015ft\u0131r, b\u00f6ylece makinenin kullan\u0131m \u00f6mr\u00fc uzar.<\/li> <\/ol>    <figure class=\"wp-block-gallery has-nested-images columns-default is-cropped wp-block-gallery-2 is-layout-flex wp-block-gallery-is-layout-flex\"> <figure class=\"wp-block-image size-large\"><img loading=\"lazy\" decoding=\"async\" width=\"720\" height=\"540\" data-id=\"428\" src=\"https:\/\/shuliybaler.com\/wp-content\/uploads\/2019\/12\/the-motor-of-this-metal-briquetting-machine.jpg\" alt=\"Bu metal briketleme makinesinin motoru\" class=\"wp-image-428\" title=\"\" srcset=\"https:\/\/shuliybaler.com\/wp-content\/uploads\/2019\/12\/the-motor-of-this-metal-briquetting-machine.jpg 720w, https:\/\/shuliybaler.com\/wp-content\/uploads\/2019\/12\/the-motor-of-this-metal-briquetting-machine-360x270.jpg 360w, https:\/\/shuliybaler.com\/wp-content\/uploads\/2019\/12\/the-motor-of-this-metal-briquetting-machine-180x135.jpg 180w\" sizes=\"auto, (max-width: 720px) 100vw, 720px\" \/><figcaption class=\"wp-element-caption\">Bu Metal Briquetleme Makinesinin Motoru<\/figcaption><\/figure>    <figure class=\"wp-block-image size-large\"><img loading=\"lazy\" decoding=\"async\" width=\"720\" height=\"540\" data-id=\"427\" src=\"https:\/\/shuliybaler.com\/wp-content\/uploads\/2019\/12\/the-detail-part-of-this-baler-machine.jpg\" alt=\"Bu balyalama makinesinin detayl\u0131 par\u00e7as\u0131\" class=\"wp-image-427\" title=\"\" srcset=\"https:\/\/shuliybaler.com\/wp-content\/uploads\/2019\/12\/the-detail-part-of-this-baler-machine.jpg 720w, https:\/\/shuliybaler.com\/wp-content\/uploads\/2019\/12\/the-detail-part-of-this-baler-machine-360x270.jpg 360w, https:\/\/shuliybaler.com\/wp-content\/uploads\/2019\/12\/the-detail-part-of-this-baler-machine-180x135.jpg 180w\" sizes=\"auto, (max-width: 720px) 100vw, 720px\" \/><figcaption class=\"wp-element-caption\">Bu pres makinesinin detay par\u00e7as\u0131<\/figcaption><\/figure>    <figure class=\"wp-block-image size-large\"><img loading=\"lazy\" decoding=\"async\" width=\"720\" height=\"540\" data-id=\"425\" src=\"https:\/\/shuliybaler.com\/wp-content\/uploads\/2019\/12\/Hydraulic-shaft-of-metal-briquetting-machine.jpg\" alt=\"Metal briquetleme makinesinin hidrolik \u015faft\u0131\" class=\"wp-image-425\" title=\"\" srcset=\"https:\/\/shuliybaler.com\/wp-content\/uploads\/2019\/12\/Hydraulic-shaft-of-metal-briquetting-machine.jpg 720w, https:\/\/shuliybaler.com\/wp-content\/uploads\/2019\/12\/Hydraulic-shaft-of-metal-briquetting-machine-360x270.jpg 360w, https:\/\/shuliybaler.com\/wp-content\/uploads\/2019\/12\/Hydraulic-shaft-of-metal-briquetting-machine-180x135.jpg 180w\" sizes=\"auto, (max-width: 720px) 100vw, 720px\" \/><figcaption class=\"wp-element-caption\">Metal Briquetleme Makinesinin Hidrolik \u015eaft\u0131<\/figcaption><\/figure>    <figure class=\"wp-block-image size-large\"><img loading=\"lazy\" decoding=\"async\" width=\"720\" height=\"540\" data-id=\"490\" src=\"https:\/\/shuliybaler.com\/wp-content\/uploads\/2019\/12\/aluminum-can-baler.jpg\" alt=\"metal balya makinesi\" class=\"wp-image-490\" title=\"\" srcset=\"https:\/\/shuliybaler.com\/wp-content\/uploads\/2019\/12\/aluminum-can-baler.jpg 720w, https:\/\/shuliybaler.com\/wp-content\/uploads\/2019\/12\/aluminum-can-baler-360x270.jpg 360w, https:\/\/shuliybaler.com\/wp-content\/uploads\/2019\/12\/aluminum-can-baler-180x135.jpg 180w\" sizes=\"auto, (max-width: 720px) 100vw, 720px\" \/><figcaption class=\"wp-element-caption\">Hurda Metal Briquet Makinesi<\/figcaption><\/figure> <\/figure>    <h2 class=\"wp-block-heading\"><strong>Neden Shuliy'i hurda metal briquet makinesi tedarik\u00e7isi olarak se\u00e7melisiniz?<\/strong><\/h2>    <p>Shuliy, ekipman performans\u0131, kalite g\u00fcvencesi ve m\u00fc\u015fteri hizmetleri a\u00e7\u0131s\u0131ndan sekt\u00f6r\u00fcnde rekabet avantajlar\u0131 nedeniyle hurda metal presleme makineleri tedarik\u00e7isi olarak se\u00e7ildi.<\/p>    <ul class=\"wp-block-list\"> <li><strong>Makul fiyat<\/strong>: Shuliy, maliyetleri kontrol alt\u0131nda tutarken m\u00fc\u015fterilerin y\u00fcksek kaliteli \u00fcretim ekipmanlar\u0131 elde etmelerini sa\u011flayan uygun maliyetli hurda metal balyalay\u0131c\u0131lar sunar.<\/li>    <li><strong>: \u00d6zelle\u015ftirilmi\u015f hizmet<\/strong>: Farkl\u0131 m\u00fc\u015fteri ihtiya\u00e7lar\u0131na yan\u0131t olarak, Schulich belirli hurda i\u015fleme senaryolar\u0131 i\u00e7in balyalay\u0131c\u0131lar\u0131 tasarlamak ve optimize etmek amac\u0131yla ki\u015fiselle\u015ftirilmi\u015f \u00e7\u00f6z\u00fcmler sunabilir.<\/li>    <li><strong>M\u00fckemmel hizmet<\/strong>: \u00d6n sat\u0131\u015f dan\u0131\u015fmanl\u0131\u011f\u0131ndan sat\u0131\u015f sonras\u0131 kurulum ve bak\u0131m hizmetlerine kadar, m\u00fc\u015fterilerin endi\u015fe duymamas\u0131n\u0131 sa\u011flamak i\u00e7in tek durakl\u0131 kapsaml\u0131 bir hizmet sunuyoruz.<\/li>    <li><strong>\u00c7e\u015fitli modeller<\/strong>: Metal balya makinesi serisinin \u00e7e\u015fitli \u00f6zelliklerine sahibiz, farkl\u0131 \u00e7\u0131kt\u0131 ve malzeme t\u00fcrlerine uygun balyalama ihtiya\u00e7lar\u0131n\u0131 kar\u015f\u0131lamak ve pazar\u0131n \u00e7e\u015fitlenme trendine uyum sa\u011flamak i\u00e7in.<\/li> <\/ul>    <h2 class=\"wp-block-heading\"><strong>Daha fazla detay nas\u0131l al\u0131n\u0131r <a href=\"https:\/\/shuliybaler.com\/tr\/product\/scrap-metal-baler\/\">metal hurda presleme makinesi<\/a>?<\/strong><\/h2>    <p class=\"translation-block\">Daha fazla detay veya Shuliy Yatay Metal Presleme makinesi sipari\u015fi i\u00e7in resmi web sitemizi ziyaret edin. Ayn\u0131 zamanda, e-posta, \u00e7evrimi\u00e7i sohbet arac\u0131yla da ileti\u015fime ge\u00e7ebilirsiniz, size profesyonel dan\u0131\u015fmanl\u0131k hizmetleri sa\u011flayaca\u011f\u0131z.<\/p>","protected":false},"excerpt":{"rendered":"<p>Hurda metal briket makinesi, hurda metal, \u00e7elik, demir, bak\u0131r gibi metalleri \u015fekilli balyalar haline getirerek geri d\u00f6n\u00fc\u015f\u00fcm ve kar amac\u0131yla kullan\u0131l\u0131r. Bu makale, balyalanabilecek makine t\u00fcrlerini ve balyalanabilecek malzemeleri tan\u0131mlar, se\u00e7im yaparken referans olmas\u0131 i\u00e7in.<\/p>","protected":false},"author":1,"featured_media":2719,"parent":0,"template":"","tags":[39],"product-type":[41],"class_list":["post-407","product","type-product","status-publish","has-post-thumbnail","hentry","tag-metal-baler","product-type-metal-baler-machine"],"_links":{"self":[{"href":"https:\/\/shuliybaler.com\/tr\/wp-json\/wp\/v2\/product\/407","targetHints":{"allow":["GET"]}}],"collection":[{"href":"https:\/\/shuliybaler.com\/tr\/wp-json\/wp\/v2\/product"}],"about":[{"href":"https:\/\/shuliybaler.com\/tr\/wp-json\/wp\/v2\/types\/product"}],"author":[{"embeddable":true,"href":"https:\/\/shuliybaler.com\/tr\/wp-json\/wp\/v2\/users\/1"}],"wp:featuredmedia":[{"embeddable":true,"href":"https:\/\/shuliybaler.com\/tr\/wp-json\/wp\/v2\/media\/2719"}],"wp:attachment":[{"href":"https:\/\/shuliybaler.com\/tr\/wp-json\/wp\/v2\/media?parent=407"}],"wp:term":[{"taxonomy":"post_tag","embeddable":true,"href":"https:\/\/shuliybaler.com\/tr\/wp-json\/wp\/v2\/tags?post=407"},{"taxonomy":"product-type","embeddable":true,"href":"https:\/\/shuliybaler.com\/tr\/wp-json\/wp\/v2\/product-type?post=407"}],"curies":[{"name":"wp","href":"https:\/\/api.w.org\/{rel}","templated":true}]}}