{"id":462,"date":"2019-12-10T14:17:29","date_gmt":"2019-12-10T06:17:29","guid":{"rendered":"https:\/\/shuliybaler.com\/?p=462"},"modified":"2022-12-29T16:05:20","modified_gmt":"2022-12-29T08:05:20","slug":"vertical-metal-baler","status":"publish","type":"product","link":"https:\/\/shuliybaler.com\/tr\/product\/vertical-metal-baler\/","title":{"rendered":"Dikey metal pres | geri d\u00f6n\u00fc\u015f\u00fcm pres makinesi"},"content":{"rendered":"<p>Dikey metal pres, geri d\u00f6n\u00fc\u015f\u00fcm presi, dikey hidrolik pres vb. olarak da adland\u0131r\u0131l\u0131r. At\u0131k metal hammaddelerini s\u0131k\u0131\u015ft\u0131rmak i\u00e7in hidrolik prensibi kullan\u0131r, b\u00f6ylece alan tasarrufu sa\u011flar ve ta\u015f\u0131may\u0131 kolayla\u015ft\u0131r\u0131r. Bu makine \u00e7e\u015fitli malzemelerle ba\u015fa \u00e7\u0131kmak i\u00e7in kullan\u0131labildi\u011finden, saman, y\u00fcn, yerf\u0131st\u0131\u011f\u0131 kabu\u011fu, \u015ferbet\u00e7i otu, deri, giysi malzemeleri, at\u0131k ka\u011f\u0131t, at\u0131k plastik, at\u0131k metal, kutular vb. s\u0131k\u0131\u015ft\u0131rmak i\u00e7in uygundur, bu nedenle \u00e7ok i\u015flevli hidrolik pres olarak da adland\u0131r\u0131l\u0131r.<\/p>   <div class=\"wp-block-image\"> <figure class=\"aligncenter size-large\"><img loading=\"lazy\" decoding=\"async\" width=\"720\" height=\"540\" src=\"https:\/\/shuliybaler.com\/wp-content\/uploads\/2019\/12\/vertical-metal-baler-1.jpg\" alt=\"dikey metal balya makinesi\" class=\"wp-image-478\" title=\"\" srcset=\"https:\/\/shuliybaler.com\/wp-content\/uploads\/2019\/12\/vertical-metal-baler-1.jpg 720w, https:\/\/shuliybaler.com\/wp-content\/uploads\/2019\/12\/vertical-metal-baler-1-360x270.jpg 360w, https:\/\/shuliybaler.com\/wp-content\/uploads\/2019\/12\/vertical-metal-baler-1-180x135.jpg 180w\" sizes=\"auto, (max-width: 720px) 100vw, 720px\" \/><figcaption class=\"wp-element-caption\">dikey metal balya makinesi<\/figcaption><\/figure> <\/div>   <h2 class=\"wp-block-heading\" id=\"h-structure-of-vertical-metal-baler\">dikey metal presin yap\u0131s\u0131<\/h2>   <div class=\"wp-block-image\"> <figure class=\"aligncenter size-full\"><img loading=\"lazy\" decoding=\"async\" width=\"720\" height=\"750\" src=\"https:\/\/shuliybaler.com\/wp-content\/uploads\/2019\/12\/1ca47c90.jpg\" alt=\"Hurda lastik presi\" class=\"wp-image-2454\" title=\"\"><figcaption class=\"wp-element-caption\">Hurda lastik presi<\/figcaption><\/figure> <\/div>   <ol class=\"wp-block-list\"> <li>G\u00f6vde. G\u00f6vde, bir taban plakas\u0131 ve iki hareketli \u00f6n ve arka yan baffle i\u00e7erir. Makinenin farkl\u0131 \u00fcretim kapasitelerine g\u00f6re, makine zeminindeki ip oluklar\u0131n\u0131n say\u0131s\u0131 da farkl\u0131d\u0131r. <\/li>    <li>\u00dcst baffle. \u00dcst pres baffle, makinenin besleme haznesinin hemen \u00fczerindedir. Makine \u00e7al\u0131\u015f\u0131rken, \u00fcst baffle plakas\u0131 hidrolik sistem taraf\u0131ndan a\u015fa\u011f\u0131 do\u011fru itilir, bu da besleme haznesinin i\u00e7indeki alan\u0131 s\u00fcrekli s\u0131k\u0131\u015ft\u0131r\u0131r ve malzemeleri s\u0131k\u0131\u015ft\u0131r\u0131r.<\/li>    <li>Hidrolik sistem. Hidrolik sistem, makinenin merkezi sistemidir ve boru hatt\u0131, ya\u011f tank\u0131, hidrolik pompa, vana vb. bile\u015fenlerden olu\u015fur ve makinenin \u00e7al\u0131\u015fmas\u0131 i\u00e7in g\u00fc\u00e7 sa\u011flar.<\/li> <\/ol>    <figure class=\"wp-block-embed is-type-video is-provider-youtube wp-block-embed-youtube wp-embed-aspect-16-9 wp-has-aspect-ratio\"><div class=\"wp-block-embed__wrapper\"> <iframe loading=\"lazy\" title=\"At\u0131k ka\u011f\u0131t pres makinesi | pamuk balya makinesi | kutu pres makinesi | geri d\u00f6n\u00fc\u015f\u00fcm pres makinesi\" width=\"500\" height=\"281\" src=\"https:\/\/www.youtube.com\/embed\/QZtXuzoCVkA?feature=oembed\" frameborder=\"0\" allow=\"accelerometer; autoplay; clipboard-write; encrypted-media; gyroscope; picture-in-picture; web-share\" referrerpolicy=\"strict-origin-when-cross-origin\" allowfullscreen><\/iframe> <\/div><\/figure>    <h2 class=\"wp-block-heading\" id=\"h-how-does-a-recycling-baler-work\">Geri d\u00f6n\u00fc\u015f\u00fcm pres makinesi nas\u0131l \u00e7al\u0131\u015f\u0131r?<\/h2>   <div class=\"wp-block-image\"> <figure class=\"aligncenter size-full\"><img loading=\"lazy\" decoding=\"async\" width=\"720\" height=\"750\" src=\"https:\/\/shuliybaler.com\/wp-content\/uploads\/2019\/12\/1942c7a8.jpg\" alt=\"plastik \u015fi\u015fe ambalaj\u0131\" class=\"wp-image-2453\" title=\"\"><figcaption class=\"wp-element-caption\">plastik \u015fi\u015fe ambalaj\u0131<\/figcaption><\/figure> <\/div>   <p>\u00d6nce her t\u00fcrl\u00fc at\u0131\u011f\u0131 (at\u0131k metal, plastik \u015fi\u015feler, at\u0131k giysiler vb.) besleme haznesine koyun. Makine anahtar\u0131n\u0131 a\u00e7\u0131n ve \u00fcst baffle yava\u015f\u00e7a a\u015fa\u011f\u0131 inecek, malzemeyi kompakt bir k\u00fcp \u015feklinde s\u0131k\u0131\u015ft\u0131racakt\u0131r. Makine i\u015fini bitirdikten sonra, \u00f6n ve arka baffle'lar\u0131 a\u00e7\u0131n ve s\u0131k\u0131\u015ft\u0131r\u0131lm\u0131\u015f malzemeyi sa\u011flam bir \u015fekilde ba\u011flamak i\u00e7in demir tel, ip, kuma\u015f \u015ferit vb. kullanarak kompakt yap\u0131s\u0131n\u0131 sa\u011flamak i\u00e7in ba\u011flay\u0131n.<\/p>    <h2 class=\"wp-block-heading\" id=\"h-what-s-the-difference-between-a-vertical-metal-baler-and-a-horizontal-one\">Dikey metal pres ile yatay pres aras\u0131ndaki fark nedir?<\/h2>    <p>Genel olarak, yatay presin daha b\u00fcy\u00fck bir \u00e7\u0131kt\u0131s\u0131 vard\u0131r ve i\u015flenmi\u015f malzemelerin ip ile ba\u011flanmas\u0131na gerek yoktur. B\u00fcy\u00fck yo\u011funluklu ve b\u00fcy\u00fck hacimli malzemeleri i\u015flerken, genellikle dikey metal presler kullan\u0131l\u0131r. Ancak, dikey presler daha yayg\u0131n olarak kullan\u0131lmaktad\u0131r. Ayr\u0131ca, dikey metal presin zemin alan\u0131 k\u00fc\u00e7\u00fckt\u00fcr.<\/p>    <figure class=\"wp-block-gallery has-nested-images columns-default is-cropped wp-block-gallery-2 is-layout-flex wp-block-gallery-is-layout-flex\"> <figure class=\"wp-block-image size-large\"><img loading=\"lazy\" decoding=\"async\" width=\"720\" height=\"540\" data-id=\"480\" src=\"https:\/\/shuliybaler.com\/wp-content\/uploads\/2019\/12\/recycling-baler-1.jpg\" alt=\"geri d\u00f6n\u00fc\u015f\u00fcm balyalama\" class=\"wp-image-480\" title=\"\" srcset=\"https:\/\/shuliybaler.com\/wp-content\/uploads\/2019\/12\/recycling-baler-1.jpg 720w, https:\/\/shuliybaler.com\/wp-content\/uploads\/2019\/12\/recycling-baler-1-360x270.jpg 360w, https:\/\/shuliybaler.com\/wp-content\/uploads\/2019\/12\/recycling-baler-1-180x135.jpg 180w\" sizes=\"auto, (max-width: 720px) 100vw, 720px\" \/><figcaption class=\"wp-element-caption\">Geri D\u00f6n\u00fc\u015f\u00fcm Presi<\/figcaption><\/figure>    <figure class=\"wp-block-image size-large\"><img loading=\"lazy\" decoding=\"async\" width=\"720\" height=\"540\" data-id=\"481\" src=\"https:\/\/shuliybaler.com\/wp-content\/uploads\/2019\/12\/application-range-of-the-hydraulic-baler-1.jpg\" alt=\"hidrolik balyalama makinesinin kullan\u0131m alan\u0131\" class=\"wp-image-481\" title=\"\" srcset=\"https:\/\/shuliybaler.com\/wp-content\/uploads\/2019\/12\/application-range-of-the-hydraulic-baler-1.jpg 720w, https:\/\/shuliybaler.com\/wp-content\/uploads\/2019\/12\/application-range-of-the-hydraulic-baler-1-360x270.jpg 360w, https:\/\/shuliybaler.com\/wp-content\/uploads\/2019\/12\/application-range-of-the-hydraulic-baler-1-180x135.jpg 180w\" sizes=\"auto, (max-width: 720px) 100vw, 720px\" \/><figcaption class=\"wp-element-caption\">Hidrolik Presin Uygulama Alan\u0131<\/figcaption><\/figure> <\/figure>    <h2 class=\"wp-block-heading\" id=\"h-features-of-recycling-baler\">geri d\u00f6n\u00fc\u015f\u00fcm pres makinesinin \u00f6zellikleri<\/h2>    <p>1. Yayg\u0131n olarak kullan\u0131l\u0131r.<\/p>    <ul class=\"wp-block-list\"> <li>Tar\u0131m at\u0131klar\u0131n\u0131 s\u0131k\u0131\u015ft\u0131rmak i\u00e7in kullan\u0131labilir, \u00f6rne\u011fin saman, yerf\u0131st\u0131\u011f\u0131 kabuklar\u0131, pamuk vb.<\/li>    <li>Hayvan malzemelerinin paketlenmesinde kullan\u0131labilir, \u00f6rne\u011fin saman, y\u00fcn vb.<\/li>    <li>End\u00fcstriyel at\u0131klar\u0131n paketlenmesi, \u00e7e\u015fitli plastik \u00fcr\u00fcnler, plastik \u015fi\u015feler, plastik filmler, metal at\u0131klar, al\u00fcminyum kutular, demir kovalar vb.<\/li> <\/ul>    <p>2. Alan tasarrufu yap\u0131n. Bir yandan, makinenin k\u00fc\u00e7\u00fck bir ayak izi vard\u0131r ve makineyi kullanmak i\u00e7in \u00e7ok fazla alan gerekmez. Di\u011fer yandan, s\u0131k\u0131\u015ft\u0131r\u0131lm\u0131\u015f malzemeler depolama alan\u0131 tasarrufu sa\u011flar.<br> 3. Geni\u015f se\u00e7im. Makinenin bas\u0131n\u00e7 aral\u0131\u011f\u0131 10 tondan 200 tona kadard\u0131r. Bu aral\u0131kta, m\u00fc\u015fteriler ihtiya\u00e7lar\u0131na g\u00f6re se\u00e7im yapabilirler.<br> 4. Korozyona dayan\u0131kl\u0131l\u0131k. Baz\u0131 at\u0131klar, a\u015f\u0131nd\u0131r\u0131c\u0131 s\u0131v\u0131lar ve malzemeler i\u00e7erebilir. Makine kal\u0131nla\u015ft\u0131r\u0131lm\u0131\u015f malzemeden yap\u0131lm\u0131\u015f ve anti-korozyon boyas\u0131 ile kaplanm\u0131\u015ft\u0131r.<br> 5. \u00d6zelle\u015ftirmeye destek olun. M\u00fc\u015fteriler, f\u0131r\u0131n eritme, ta\u015f\u0131ma vb. kolayla\u015ft\u0131rmak i\u00e7in \u00e7\u0131kt\u0131 blok boyutu, makine boyutu, bas\u0131n\u00e7 boyutu vb. \u00f6zelle\u015ftirebilirler.<\/p>   <div class=\"wp-block-image\"> <figure class=\"aligncenter size-large\"><img loading=\"lazy\" decoding=\"async\" width=\"720\" height=\"540\" src=\"https:\/\/shuliybaler.com\/wp-content\/uploads\/2019\/12\/big-capacity-of-the-metal-baler-1.jpg\" alt=\"metal presin b\u00fcy\u00fck kapasitesi\" class=\"wp-image-483\" title=\"\" srcset=\"https:\/\/shuliybaler.com\/wp-content\/uploads\/2019\/12\/big-capacity-of-the-metal-baler-1.jpg 720w, https:\/\/shuliybaler.com\/wp-content\/uploads\/2019\/12\/big-capacity-of-the-metal-baler-1-360x270.jpg 360w, https:\/\/shuliybaler.com\/wp-content\/uploads\/2019\/12\/big-capacity-of-the-metal-baler-1-180x135.jpg 180w\" sizes=\"auto, (max-width: 720px) 100vw, 720px\" \/><figcaption class=\"wp-element-caption\">metal presin b\u00fcy\u00fck kapasitesi<\/figcaption><\/figure> <\/div>   <h2 class=\"wp-block-heading\" id=\"h-technical-parameters-of-vertical-metal-baler\"><strong>dikey metal presin teknik parametreleri<\/strong><\/h2>   <div class=\"wp-block-image\"> <figure class=\"aligncenter size-full\"><img loading=\"lazy\" decoding=\"async\" width=\"720\" height=\"750\" src=\"https:\/\/shuliybaler.com\/wp-content\/uploads\/2019\/12\/wKh-1-2.jpg\" alt=\"geri d\u00f6n\u00fc\u015f\u00fcm pres makinesi\" class=\"wp-image-2452\" title=\"\"><figcaption class=\"wp-element-caption\">geri d\u00f6n\u00fc\u015f\u00fcm pres makinesi<\/figcaption><\/figure> <\/div>   <figure class=\"wp-block-table\"><table class=\"\"><tbody><tr><td><strong>&nbsp;<\/strong><\/td><td><strong>Tip <\/strong><strong><\/strong><\/td><td><strong>silindir \u00e7ap\u0131<\/strong><strong><\/strong><\/td><td><strong>G\u00fc\u00e7 (Kw)<\/strong><strong><\/strong><\/td><td><strong>Blok boyutu<\/strong><strong><\/strong><\/td><td><strong>Makine boyutu<\/strong><strong><\/strong><\/td><td><strong>Blok a\u011f\u0131rl\u0131\u011f\u0131 <\/strong><strong><\/strong><\/td><td><strong>Makine a\u011f\u0131rl\u0131\u011f\u0131 <\/strong><strong><\/strong><\/td><\/tr><tr><td rowspan=\"6\"><strong>Tek hidrolik kol<\/strong><strong><\/strong><\/td><td><strong>10T<\/strong><strong><\/strong><\/td><td><strong>115<\/strong><strong><\/strong><\/td><td><strong>7.5<\/strong><strong><\/strong><\/td><td><strong>80*40*80<\/strong><strong><\/strong><\/td><td><strong>1.5*0.7*2.7<\/strong><strong><\/strong><\/td><td><strong>130<\/strong><strong><\/strong><\/td><td><strong>500<\/strong><strong><\/strong><\/td><\/tr><tr><td><strong>20T<\/strong><strong><\/strong><\/td><td><strong>140<\/strong><strong><\/strong><\/td><td><strong>7.5<\/strong><strong><\/strong><\/td><td><strong>80*40*80<\/strong><strong><\/strong><\/td><td><strong>1.5*0.7*2.8<\/strong><strong><\/strong><\/td><td><strong>150<\/strong><strong><\/strong><\/td><td><strong>550<\/strong><strong><\/strong><\/td><\/tr><tr><td><strong>30T<\/strong><strong><\/strong><\/td><td><strong>160<\/strong><strong><\/strong><\/td><td><strong>11<\/strong><strong><\/strong><\/td><td><strong>80*40*80<\/strong><strong><\/strong><\/td><td><strong>1.5*0.7*2.8<\/strong><strong><\/strong><\/td><td><strong>200<\/strong><strong><\/strong><\/td><td><strong>600<\/strong><strong><\/strong><\/td><\/tr><tr><td><strong>30T<\/strong><strong><\/strong><\/td><td><strong>160<\/strong><strong><\/strong><\/td><td><strong>11<\/strong><strong><\/strong><\/td><td><strong>80*60*80<\/strong><strong><\/strong><\/td><td><strong>1.5*0.85*2.8<\/strong><strong><\/strong><\/td><td><strong>260<\/strong><strong><\/strong><\/td><td><strong>650<\/strong><strong><\/strong><\/td><\/tr><tr><td><strong>30T<\/strong><strong><\/strong><\/td><td><strong>160<\/strong><strong><\/strong><\/td><td><strong>11<\/strong><strong><\/strong><\/td><td><strong>100*60*80<\/strong><strong><\/strong><\/td><td><strong>1.75*0.85*2.8<\/strong><strong><\/strong><\/td><td><strong>300<\/strong><strong><\/strong><\/td><td><strong>700<\/strong><strong><\/strong><\/td><\/tr><tr><td><strong>40T<\/strong><strong><\/strong><\/td><td><strong>180<\/strong><strong><\/strong><\/td><td><strong>11<\/strong><strong><\/strong><\/td><td><strong>100*60*80<\/strong><strong><\/strong><\/td><td><strong>1.75*0.85*2.8<\/strong><strong><\/strong><\/td><td><strong>350<\/strong><strong><\/strong><\/td><td><strong>750<\/strong><strong><\/strong><\/td><\/tr><tr><td rowspan=\"5\"><strong>\u00c7ift hidrolik kol<\/strong><strong><\/strong><\/td><td><strong>30T<\/strong><strong><\/strong><\/td><td><strong>115<\/strong><strong><\/strong><\/td><td><strong>11<\/strong><strong><\/strong><\/td><td><strong>100*60*80<\/strong><strong><\/strong><\/td><td><strong>1.75*0.85*2.8<\/strong><strong><\/strong><\/td><td><strong>300<\/strong><strong><\/strong><\/td><td><strong>700<\/strong><strong><\/strong><\/td><\/tr><tr><td><strong>40T<\/strong><strong><\/strong><\/td><td><strong>140<\/strong><strong><\/strong><\/td><td><strong>11<\/strong><strong><\/strong><\/td><td><strong>100*60*80<\/strong><strong><\/strong><\/td><td><strong>1.75*0.85*2.8<\/strong><strong><\/strong><\/td><td><strong>400<\/strong><strong><\/strong><\/td><td><strong>800<\/strong><strong><\/strong><\/td><\/tr><tr><td><strong>60T<\/strong><strong><\/strong><\/td><td><strong>160<\/strong><strong><\/strong><\/td><td><strong>15<\/strong><strong><\/strong><\/td><td><strong>120*80*100<\/strong><strong><\/strong><\/td><td><strong>1.7*1*3.2<\/strong><strong><\/strong><\/td><td><strong>600<\/strong><strong><\/strong><\/td><td><strong>1300<\/strong><strong><\/strong><\/td><\/tr><tr><td><strong>80T<\/strong><strong><\/strong><\/td><td><strong>180<\/strong><strong><\/strong><\/td><td><strong>18.5<\/strong><strong><\/strong><\/td><td><strong>120*80*100<\/strong><strong><\/strong><\/td><td><strong>1.75*1.1*3.3<\/strong><strong><\/strong><\/td><td><strong>800<\/strong><strong><\/strong><\/td><td><strong>1450<\/strong><strong><\/strong><\/td><\/tr><tr><td><strong>100T<\/strong><strong><\/strong><\/td><td><strong>180<\/strong><strong><\/strong><\/td><td><strong>22<\/strong><strong><\/strong><\/td><td><strong>120*80*100<\/strong><strong><\/strong><\/td><td><strong>1.75*1.1*3.3<\/strong><strong><\/strong><\/td><td><strong>900<\/strong><strong><\/strong><\/td><td><strong>1600<\/strong><strong><\/strong><\/td><\/tr><\/tbody><\/table><\/figure>    <p><\/p>    <p class=\"translation-block\">Bu parametre tablosuna g\u00f6re, bu geri d\u00f6n\u00fc\u015f\u00fcm pres makinesi \u00e7e\u015fitli modellere sahiptir. M\u00fc\u015fterilere pres modelini se\u00e7melerini \u00f6nerirken, esasen makinenin modelini m\u00fc\u015fterinin paketledi\u011fi \u00fcr\u00fcnlere g\u00f6re belirliyoruz. \u00d6rne\u011fin, <a href=\"https:\/\/shuliybaler.com\/tr\/application-of-cotton-baler-machine\/\">m\u00fc\u015fteri pamuk ve at\u0131k ka\u011f\u0131t paketlemek istiyorsa, daha k\u00fc\u00e7\u00fck bir makine kullan\u0131labilir.<\/a> M\u00fc\u015fteri lastik veya demir varil paketlemek istiyorsa, daha b\u00fcy\u00fck bir makine gereklidir.<\/p>   <div class=\"vlp-link-container vlp-layout-basic wp-block-visual-link-preview-link\"><a href=\"https:\/\/shuliybaler.com\/tr\/application-of-cotton-baler-machine\/\" class=\"vlp-link\" title=\"Pamuk balyalama makinesi uygulamas\u0131\" rel=\"nofollow\" target=\"_blank\"><\/a><div class=\"vlp-layout-zone-side\"><div class=\"vlp-block-2 vlp-link-image\"><img decoding=\"async\" src=\"https:\/\/shuliybaler.com\/wp-content\/uploads\/2022\/06\/%E7%99%BD%E5%BA%95%E5%9B%BE1.jpg\" style=\"max-width: 150px; max-height: 150px\" alt=\"\" title=\"\"><\/div><\/div><div class=\"vlp-layout-zone-main\"><div class=\"vlp-block-0 vlp-link-title\">Pamuk balyalama makinesi uygulamas\u0131<\/div><div class=\"vlp-block-1 vlp-link-summary\">Pamuk, Malvaceae familyas\u0131ndan Gossypium bitkisinin tohum lifidir ve subtropiklere \u00f6zg\u00fcd\u00fcr. Bitki \u00e7al\u0131 formundad\u0131r ve 6 metreye kadar boylanabilir.<\/div><\/div><\/div>   <h2 class=\"wp-block-heading\">Dikey metal presin videosu<\/h2>    <figure class=\"wp-block-embed is-type-video is-provider-youtube wp-block-embed-youtube wp-embed-aspect-16-9 wp-has-aspect-ratio\"><div class=\"wp-block-embed__wrapper\"> <iframe loading=\"lazy\" title=\"\u00c7ok ama\u00e7l\u0131 balya makinesi ile ne paketlemek istersiniz? | At\u0131k ka\u011f\u0131d\u0131 nas\u0131l paketlerim?#baler\" width=\"500\" height=\"281\" src=\"https:\/\/www.youtube.com\/embed\/utYKwdaiwy8?feature=oembed\" frameborder=\"0\" allow=\"accelerometer; autoplay; clipboard-write; encrypted-media; gyroscope; picture-in-picture; web-share\" referrerpolicy=\"strict-origin-when-cross-origin\" allowfullscreen><\/iframe> <\/div><\/figure>","protected":false},"excerpt":{"rendered":"<p>Dikey metal pres, geri d\u00f6n\u00fc\u015f\u00fcm presi, dikey hidrolik pres vb. olarak da adland\u0131r\u0131l\u0131r. At\u0131k metal hammaddelerini s\u0131k\u0131\u015ft\u0131rmak i\u00e7in hidrolik prensibi kullan\u0131r, b\u00f6ylece alan tasarrufu sa\u011flar ve ta\u015f\u0131may\u0131 kolayla\u015ft\u0131r\u0131r. Bu makine \u00e7e\u015fitli malzemelerle ba\u015fa \u00e7\u0131kmak i\u00e7in kullan\u0131labildi\u011finden, saman, y\u00fcn, yerf\u0131st\u0131\u011f\u0131 kabu\u011fu, \u015ferbet\u00e7i otu, deri, giysi malzemeleri, at\u0131k ka\u011f\u0131t, at\u0131k plastik, at\u0131k metal, kutular vb. s\u0131k\u0131\u015ft\u0131rmak i\u00e7in uygundur, bu nedenle \u00e7ok i\u015flevli hidrolik pres olarak da adland\u0131r\u0131l\u0131r.<\/p>","protected":false},"author":1,"featured_media":2450,"parent":0,"template":"","tags":[50,6],"product-type":[41],"class_list":["post-462","product","type-product","status-publish","has-post-thumbnail","hentry","tag-metal-baling-machine","tag-vertical-metal-baler","product-type-metal-baler-machine"],"_links":{"self":[{"href":"https:\/\/shuliybaler.com\/tr\/wp-json\/wp\/v2\/product\/462","targetHints":{"allow":["GET"]}}],"collection":[{"href":"https:\/\/shuliybaler.com\/tr\/wp-json\/wp\/v2\/product"}],"about":[{"href":"https:\/\/shuliybaler.com\/tr\/wp-json\/wp\/v2\/types\/product"}],"author":[{"embeddable":true,"href":"https:\/\/shuliybaler.com\/tr\/wp-json\/wp\/v2\/users\/1"}],"wp:featuredmedia":[{"embeddable":true,"href":"https:\/\/shuliybaler.com\/tr\/wp-json\/wp\/v2\/media\/2450"}],"wp:attachment":[{"href":"https:\/\/shuliybaler.com\/tr\/wp-json\/wp\/v2\/media?parent=462"}],"wp:term":[{"taxonomy":"post_tag","embeddable":true,"href":"https:\/\/shuliybaler.com\/tr\/wp-json\/wp\/v2\/tags?post=462"},{"taxonomy":"product-type","embeddable":true,"href":"https:\/\/shuliybaler.com\/tr\/wp-json\/wp\/v2\/product-type?post=462"}],"curies":[{"name":"wp","href":"https:\/\/api.w.org\/{rel}","templated":true}]}}