{"id":489,"date":"2019-12-10T17:43:43","date_gmt":"2019-12-10T09:43:43","guid":{"rendered":"https:\/\/shuliybaler.com\/?p=489"},"modified":"2022-12-27T10:12:54","modified_gmt":"2022-12-27T02:12:54","slug":"aluminum-can-baler","status":"publish","type":"product","link":"https:\/\/shuliybaler.com\/tr\/product\/aluminum-can-baler\/","title":{"rendered":"Al\u00fcminyum kutu s\u0131k\u0131\u015ft\u0131r\u0131c\u0131 makine"},"content":{"rendered":"<p class=\"translation-block\">Bir al\u00fcminyum kutu s\u0131k\u0131\u015ft\u0131r\u0131c\u0131 makinesi, \u00e7e\u015fitli <a href=\"https:\/\/en.wikipedia.org\/wiki\/Aluminum_can\" data-type=\"URL\" data-id=\"https:\/\/en.wikipedia.org\/wiki\/Aluminum_can\" target=\"_blank\" rel=\"noopener\">al\u00fcminyum kutular\u0131<\/a> s\u0131k\u0131\u015ft\u0131rmaya ve paketlemeye uygun bir makinad\u0131r. \u00c7e\u015fitli metal kutular\u0131n geri kazan\u0131m\u0131 i\u00e7in ideal bir ekipmand\u0131r.<\/p>    <figure class=\"wp-block-image size-full\"><img loading=\"lazy\" decoding=\"async\" width=\"720\" height=\"540\" src=\"https:\/\/shuliybaler.com\/wp-content\/uploads\/2019\/12\/metal-briquett-press-machine.jpg\" alt=\"metal-briquett-press makinesi\" class=\"wp-image-2848\" title=\"\" srcset=\"https:\/\/shuliybaler.com\/wp-content\/uploads\/2019\/12\/metal-briquett-press-machine.jpg 720w, https:\/\/shuliybaler.com\/wp-content\/uploads\/2019\/12\/metal-briquett-press-machine-360x270.jpg 360w, https:\/\/shuliybaler.com\/wp-content\/uploads\/2019\/12\/metal-briquett-press-machine-180x135.jpg 180w\" sizes=\"auto, (max-width: 720px) 100vw, 720px\" \/><figcaption class=\"wp-element-caption\">Metal K\u0131v\u0131rc\u0131k Makine<\/figcaption><\/figure>    <h2 class=\"wp-block-heading\"><strong>Al\u00fcminyum kutunun yap\u0131s\u0131 <\/strong><strong>pres<\/strong> makine<\/h2>    <p class=\"translation-block\"><a href=\"https:\/\/shuliybaler.com\/tr\/product\/scrap-metal-baler\/\" data-type=\"URL\" data-id=\"https:\/\/shuliybaler.com\/product\/scrap-metal-baler\/\">yatay metal s\u0131k\u0131\u015ft\u0131r\u0131c\u0131<\/a> esas olarak hidrolik sistem, kontrol sistemi ve besleme sisteminden olu\u015fur. Ana par\u00e7alar ya\u011f tanklar\u0131, hidrolik teleskopik bom, besleme odas\u0131, yan hidrolik \u00e7ubuk, bask\u0131 plakas\u0131, kontrol paneli, Kilitleme mekanizmas\u0131, <\/p>    <h2 class=\"wp-block-heading\">Hidrolik metal s\u0131k\u0131\u015ft\u0131r\u0131c\u0131s\u0131n\u0131n uygulama g\u00f6r?\u00fc<\/h2>    <p>Son iki y\u0131lda, insanlar\u0131n s\u00fcrd\u00fcr\u00fclebilir kalk\u0131nma bilincinin s\u00fcrekli artmas\u0131yla, giderek daha fazla ki\u015fi kaynaklar\u0131n geri d\u00f6n\u00fc\u015f\u00fcm\u00fcne \u00f6nem vermeye ba\u015flad\u0131. Metal geri d\u00f6n\u00fc\u015f\u00fcm end\u00fcstrisinde ana makinelerden biri olan al\u00fcminyum kutu balyalama makineleri, hafif metalleri y\u00fcksek yo\u011funluklu metal bloklar\u0131na s\u0131k\u0131\u015ft\u0131rabilir, bu da depolama ve ta\u015f\u0131ma alan\u0131n\u0131 b\u00fcy\u00fck \u00f6l\u00e7\u00fcde tasarruf sa\u011flar.<\/p>   <div class=\"wp-block-image\"> <figure class=\"aligncenter size-large\"><img loading=\"lazy\" decoding=\"async\" width=\"720\" height=\"540\" src=\"https:\/\/shuliybaler.com\/wp-content\/uploads\/2019\/12\/the-working-process-of-the-metal-baler.jpg\" alt=\"metal s\u0131k\u0131\u015ft\u0131r\u0131c\u0131daki \u00e7al\u0131\u015fma s\u00fcreci\" class=\"wp-image-498\" title=\"\" srcset=\"https:\/\/shuliybaler.com\/wp-content\/uploads\/2019\/12\/the-working-process-of-the-metal-baler.jpg 720w, https:\/\/shuliybaler.com\/wp-content\/uploads\/2019\/12\/the-working-process-of-the-metal-baler-360x270.jpg 360w, https:\/\/shuliybaler.com\/wp-content\/uploads\/2019\/12\/the-working-process-of-the-metal-baler-180x135.jpg 180w\" sizes=\"auto, (max-width: 720px) 100vw, 720px\" \/><figcaption class=\"wp-element-caption\">metal s\u0131k\u0131\u015ft\u0131r\u0131c\u0131daki \u00e7al\u0131\u015fma s\u00fcreci<\/figcaption><\/figure> <\/div>   <h2 class=\"wp-block-heading\">Al\u00fcminyum kutu s\u0131k\u0131\u015ft\u0131r\u0131c\u0131 makinesinin parametreleri<\/h2>    <figure class=\"wp-block-table\"><table><tbody><tr><td>Tip<\/td><td>Y81-2000B<\/td><td>Metal bloklar\u0131n\u0131n yo\u011funlu\u011fu(kg\/m\u00b3)<\/td><td>\u22652000<\/td><\/tr><tr><td>Nominal itme g\u00fcc\u00fc(Kn)<\/td><td>2000<\/td><td>Kapasite(kg\/h)<\/td><td>3000-5000<\/td><\/tr><tr><td>Kompresyon odas\u0131 boyutu<br>(Uzunluk * geni\u015flik * y\u00fckseklik)(mm)<\/td><td>1800*1400*900<\/td><td>Tek d\u00f6ng\u00fc s\u00fcresi (s)<\/td><td>\u2264130<\/td><\/tr><tr><td>Bale boyutu(mm)<\/td><td>450*450<\/td><td>Uygun g\u00fc\u00e7 (kW)<\/td><td>30 veya 37<\/td><\/tr><\/tbody><\/table><figcaption class=\"wp-element-caption\">al\u00fcminyum kutu s\u0131k\u0131\u015ft\u0131r\u0131c\u0131 makinesi<\/figcaption><\/figure>    <h2 class=\"wp-block-heading\">Bir al\u00fcminyum kutu s\u0131k\u0131\u015ft\u0131r\u0131c\u0131 makinesi nas\u0131l \u00e7al\u0131\u015f\u0131r?<\/h2>    <figure class=\"wp-block-embed is-type-video is-provider-youtube wp-block-embed-youtube wp-embed-aspect-16-9 wp-has-aspect-ratio\"><div class=\"wp-block-embed__wrapper\"> <iframe loading=\"lazy\" title=\"Oto demir varil ve kutu s\u0131k\u0131\u015ft\u0131rma makinesi | geri d\u00f6n\u00fc\u015f\u00fcm s\u0131k\u0131\u015ft\u0131r\u0131c\u0131 makinesi al\u00fcminyum kutular ve metal s\u0131k\u0131\u015ft\u0131r\u0131c\u0131lar\" width=\"500\" height=\"281\" src=\"https:\/\/www.youtube.com\/embed\/9JxkvEm4QMc?start=223&#038;feature=oembed\" frameborder=\"0\" allow=\"accelerometer; autoplay; clipboard-write; encrypted-media; gyroscope; picture-in-picture; web-share\" referrerpolicy=\"strict-origin-when-cross-origin\" allowfullscreen><\/iframe> <\/div><\/figure>    <p>Metal briquet makinesinin hareket program\u0131 \u015fu \u015fekildedir:<\/p>    <ol class=\"wp-block-list\"> <li>Doldurulmas\u0131 tamamland\u0131ktan sonra \u00fcst Kapak kapat\u0131l\u0131r ve \u00fcst kapak a\u00e7\u0131lmas\u0131n\u0131 \u00f6nlemek i\u00e7in kilitleme mekanizmas\u0131 ile kilitlenir.<\/li>    <li>Ana silindir ba\u015f\u0131 ileriye h\u0131zla hareket eder ve belirlenen stroka ula\u015ft\u0131ktan sonra yava\u015f\u00e7a ilerler. At\u0131k metal balyalar halinde s\u0131k\u0131\u015ft\u0131r\u0131l\u0131p balyalar\u0131n uzunlu\u011funa e\u015fit oldu\u011funda bu anda ana silindir bas\u0131nc\u0131 devam eder.<\/li>    <li>Ana silindir bas\u0131n\u00e7 uygularken yan silindir h\u0131zl\u0131 ileri gider ve belirli bir konuma geldi\u011finde yava\u015f ileri ge\u00e7i\u015fe ge\u00e7er. Geri at\u0131k metal belirli bir geni\u015flik konumuna s\u0131k\u0131\u015ft\u0131r\u0131ld\u0131\u011f\u0131nda arka silindirin bas\u0131nc\u0131 korur.<\/li>    <li> Ambalaj tamamland\u0131ktan sonra kilitleme mekanizmas\u0131 kendi konumuna geri d\u00f6ner ve \u00fcst kapak a\u00e7\u0131l\u0131r.  <\/li>    <li> \u0130tici hidrolik \u015faft, balyay\u0131 makinenin bo\u015faltma odas\u0131ndan d\u0131\u015far\u0131 iter.<\/li>    <li> \u00d6n kap\u0131 kapat\u0131l\u0131r, bir sonraki cicloya hemen girer ve beslenir. <\/li> <\/ol>    <figure class=\"wp-block-gallery has-nested-images columns-3 is-cropped wp-block-gallery-2 is-layout-flex wp-block-gallery-is-layout-flex\"> <figure class=\"wp-block-image size-large\"><img loading=\"lazy\" decoding=\"async\" width=\"720\" height=\"540\" data-id=\"501\" src=\"https:\/\/shuliybaler.com\/wp-content\/uploads\/2019\/12\/our-factory-of-the-metal-briquetting-machine.jpg\" alt=\"metal briketleme makinemizin fabrikas\u0131\" class=\"wp-image-501\" title=\"\" srcset=\"https:\/\/shuliybaler.com\/wp-content\/uploads\/2019\/12\/our-factory-of-the-metal-briquetting-machine.jpg 720w, https:\/\/shuliybaler.com\/wp-content\/uploads\/2019\/12\/our-factory-of-the-metal-briquetting-machine-360x270.jpg 360w, https:\/\/shuliybaler.com\/wp-content\/uploads\/2019\/12\/our-factory-of-the-metal-briquetting-machine-180x135.jpg 180w\" sizes=\"auto, (max-width: 720px) 100vw, 720px\" \/><figcaption class=\"wp-element-caption\">Metal K\u0131v\u0131lc\u0131m Makinesinin Fabrikam\u0131z<\/figcaption><\/figure>    <figure class=\"wp-block-image size-large\"><img loading=\"lazy\" decoding=\"async\" width=\"720\" height=\"540\" data-id=\"436\" src=\"https:\/\/shuliybaler.com\/wp-content\/uploads\/2019\/12\/metal-baler-1.jpg\" alt=\"al\u00fcminyum kutu balyalama\" class=\"wp-image-436\" title=\"\" srcset=\"https:\/\/shuliybaler.com\/wp-content\/uploads\/2019\/12\/metal-baler-1.jpg 720w, https:\/\/shuliybaler.com\/wp-content\/uploads\/2019\/12\/metal-baler-1-360x270.jpg 360w, https:\/\/shuliybaler.com\/wp-content\/uploads\/2019\/12\/metal-baler-1-180x135.jpg 180w\" sizes=\"auto, (max-width: 720px) 100vw, 720px\" \/><figcaption class=\"wp-element-caption\">Al\u00fcminyum Kutu S\u0131k\u0131\u015ft\u0131r\u0131c\u0131<\/figcaption><\/figure>    <figure class=\"wp-block-image size-large\"><img loading=\"lazy\" decoding=\"async\" width=\"720\" height=\"540\" data-id=\"670\" src=\"https:\/\/shuliybaler.com\/wp-content\/uploads\/2019\/12\/Aluminum-can.jpg\" alt=\"Al\u00fcminyum kutu\" class=\"wp-image-670\" title=\"\" srcset=\"https:\/\/shuliybaler.com\/wp-content\/uploads\/2019\/12\/Aluminum-can.jpg 720w, https:\/\/shuliybaler.com\/wp-content\/uploads\/2019\/12\/Aluminum-can-360x270.jpg 360w, https:\/\/shuliybaler.com\/wp-content\/uploads\/2019\/12\/Aluminum-can-180x135.jpg 180w\" sizes=\"auto, (max-width: 720px) 100vw, 720px\" \/><figcaption class=\"wp-element-caption\">Al\u00fcminyum Kutu<\/figcaption><\/figure>    <figure class=\"wp-block-image size-large\"><img loading=\"lazy\" decoding=\"async\" width=\"720\" height=\"540\" data-id=\"671\" src=\"https:\/\/shuliybaler.com\/wp-content\/uploads\/2019\/12\/Packed-aluminum-cans-by-aluminum-can-baler.jpg\" alt=\"Al\u00fcminyum kutular, al\u00fcminyum kutu s\u0131k\u0131\u015ft\u0131r\u0131c\u0131 ile paketlenmi\u015f\" class=\"wp-image-671\" title=\"\" srcset=\"https:\/\/shuliybaler.com\/wp-content\/uploads\/2019\/12\/Packed-aluminum-cans-by-aluminum-can-baler.jpg 720w, https:\/\/shuliybaler.com\/wp-content\/uploads\/2019\/12\/Packed-aluminum-cans-by-aluminum-can-baler-360x270.jpg 360w, https:\/\/shuliybaler.com\/wp-content\/uploads\/2019\/12\/Packed-aluminum-cans-by-aluminum-can-baler-180x135.jpg 180w\" sizes=\"auto, (max-width: 720px) 100vw, 720px\" \/><figcaption class=\"wp-element-caption\">Al\u00fcminyum Kutu S\u0131k\u0131\u015ft\u0131r\u0131c\u0131 ile Paketlenmi\u015f Al\u00fcminyum Kutular<\/figcaption><\/figure> <\/figure>","protected":false},"excerpt":{"rendered":"<p>Al\u00fcminyum kutu balyalama makinesi, \u00e7e\u015fitli al\u00fcminyum kutular\u0131 balyalamak ve paketlemek i\u00e7in uygun bir makinedir. Farkl\u0131 metal kutular\u0131 geri d\u00f6n\u00fc\u015ft\u00fcrmek i\u00e7in ideal bir ekipmand\u0131r.<\/p>","protected":false},"author":1,"featured_media":499,"parent":0,"template":"","tags":[55],"product-type":[41],"class_list":["post-489","product","type-product","status-publish","has-post-thumbnail","hentry","tag-aluminum-can-baler-machine","product-type-metal-baler-machine"],"_links":{"self":[{"href":"https:\/\/shuliybaler.com\/tr\/wp-json\/wp\/v2\/product\/489","targetHints":{"allow":["GET"]}}],"collection":[{"href":"https:\/\/shuliybaler.com\/tr\/wp-json\/wp\/v2\/product"}],"about":[{"href":"https:\/\/shuliybaler.com\/tr\/wp-json\/wp\/v2\/types\/product"}],"author":[{"embeddable":true,"href":"https:\/\/shuliybaler.com\/tr\/wp-json\/wp\/v2\/users\/1"}],"wp:featuredmedia":[{"embeddable":true,"href":"https:\/\/shuliybaler.com\/tr\/wp-json\/wp\/v2\/media\/499"}],"wp:attachment":[{"href":"https:\/\/shuliybaler.com\/tr\/wp-json\/wp\/v2\/media?parent=489"}],"wp:term":[{"taxonomy":"post_tag","embeddable":true,"href":"https:\/\/shuliybaler.com\/tr\/wp-json\/wp\/v2\/tags?post=489"},{"taxonomy":"product-type","embeddable":true,"href":"https:\/\/shuliybaler.com\/tr\/wp-json\/wp\/v2\/product-type?post=489"}],"curies":[{"name":"wp","href":"https:\/\/api.w.org\/{rel}","templated":true}]}}