{"id":523,"date":"2019-12-13T15:01:34","date_gmt":"2019-12-13T07:01:34","guid":{"rendered":"https:\/\/shuliybaler.com\/?p=523"},"modified":"2022-09-27T10:17:35","modified_gmt":"2022-09-27T02:17:35","slug":"scrap-steel-shearing-machine","status":"publish","type":"product","link":"https:\/\/shuliybaler.com\/tr\/product\/scrap-steel-shearing-machine\/","title":{"rendered":"Hurda \u00e7elik kesme makinesi | araba g\u00f6vdesi kesme makinesi"},"content":{"rendered":"<p class=\"translation-block\">Hurda \u00e7elik kesim makinesi, ayn\u0131 zamanda a\u011f\u0131r hizmet tipi gantry kesici, <a href=\"https:\/\/shuliybaler.com\/tr\/alligator-shear\/\">hidrolik \u00e7elik kesim makinesi<\/a>, araba g\u00f6vdesi kesim makinesi olarak da adland\u0131r\u0131l\u0131r. B\u00fcy\u00fck ve uzun metalleri kesmek i\u00e7in uygundur, b\u00f6ylece ikincil i\u015flemler kolayla\u015f\u0131r. Kesim uzunlu\u011fu \u015feritler halinde ayarlanabilir. Hurda araba s\u00f6k\u00fcm tesisleri, metal geri d\u00f6n\u00fc\u015f\u00fcm tesisleri, metal eritme ve imalat sanayileri ile metal ticareti sekt\u00f6rlerinde yayg\u0131n olarak kullan\u0131l\u0131r. <\/p>   <div class=\"wp-block-image\"> <figure class=\"aligncenter size-full\"><img loading=\"lazy\" decoding=\"async\" width=\"720\" height=\"540\" src=\"https:\/\/shuliybaler.com\/wp-content\/uploads\/2019\/12\/0.2.jpg\" alt=\"Hurda \u00e7elik kesme makinesi\" class=\"wp-image-2367\" title=\"\"><figcaption>Hurda \u00e7elik kesme makinesi<\/figcaption><\/figure> <\/div>   <h2 class=\"wp-block-heading\" id=\"h-the-prospect-of-the-waste-metal-recycling-industry\">The<strong> metal hurda geri d\u00f6n\u00fc\u015f\u00fcm end\u00fcstrisinin potansiyeli<\/strong><\/h2>   <div class=\"wp-block-image\"> <figure class=\"aligncenter size-full\"><img loading=\"lazy\" decoding=\"async\" width=\"720\" height=\"540\" src=\"https:\/\/shuliybaler.com\/wp-content\/uploads\/2019\/12\/u32927398893292153908fm199app68fJPEG.jpg\" alt=\"Hurda \u00e7elik kesme makinesi\" class=\"wp-image-2368\" title=\"\"><figcaption>Hurda \u00c7elik Kesimi <\/figcaption><\/figure> <\/div>   <p>Due to the continuous exploitation and utilization of mineral resources, mine resources have become increasingly scarce. Therefore, the recovery and utilization of waste metal are one of the main ways to save mineral resources. The average recovery level of steel scrap in the world is 48%. Then, there are still 52% unrecycled resources, which is a very serious waste of resources.The metal recycling industry has a broad market prospect, not only can save resources but also has a huge profit and value space. With the development of the economy, many countries&#8217; automobiles, home appliances, mining, and other equipment have nearly entered the retirement period. Take the recycling of end-of-life cars as an example. 82% of the materials in a car are metals, of which 90% can be recycled. The benefits are considerable. The emergence of metal baler machine, briquetting machine, gantry shear, crocodile shear, double-axis shredder and other professional equipment for metal recycling has brought great convenience to the metal recycling industry.<\/p>   <div class=\"vlp-link-container vlp-layout-basic wp-block-visual-link-preview-link\"><a href=\"https:\/\/shuliybaler.com\/tr\/alligator-shear\/\" class=\"vlp-link\" title=\"Hurda metal kesme makas\u0131 | timsah \u00e7elik makas makinesi\" rel=\"nofollow\" target=\"_blank\"><\/a><div class=\"vlp-layout-zone-side\"><div class=\"vlp-block-2 vlp-link-image\"><img decoding=\"async\" src=\"https:\/\/shuliybaler.com\/wp-content\/uploads\/2019\/12\/lQDPJxZbRD8EtkvNAhzNAtCwMSUSbS6LiGcClpj0uoDTAA_720_540.jpg_720x720q90g.jpg\" style=\"max-width: 150px; max-height: 150px\" alt=\"\" title=\"\"><\/div><\/div><div class=\"vlp-layout-zone-main\"><div class=\"vlp-block-0 vlp-link-title\">Hurda metal kesme makas\u0131 | timsah \u00e7elik makas makinesi<\/div><div class=\"vlp-block-1 vlp-link-summary\">Hurda metal kesim makinesi, di\u011fer ad\u0131yla timsah \u00e7elik kesici makinesi, uzun metalleri kesmek i\u00e7in \u00e7ok uygundur. Di\u011fer kesim ekipmanlar\u0131yla kar\u015f\u0131la\u015ft\u0131r\u0131ld\u0131\u011f\u0131nda, bu<\/div><\/div><\/div>   <h2 class=\"wp-block-heading\" id=\"h-brief-introduction-of-scrap-steel-shearing-machine\">Hurda \u00e7elik kesim makinesinin k\u0131sa tan\u0131t\u0131m\u0131<\/h2>    <p>Metal geri kazan\u0131m ve eritme s\u00fcrecinde, metalin uzun olmas\u0131, f\u0131r\u0131na yeniden d\u00f6k\u00fcm i\u00e7in uygun de\u011fildir ve hidrolik hurda demir kesici bu metalleri h\u0131zla kesebilir. Gaz kesimi, alev kesimi ve di\u011fer y\u00f6ntemlerle kar\u015f\u0131la\u015ft\u0131r\u0131ld\u0131\u011f\u0131nda, bu y\u00f6ntem so\u011fuk kesim kullan\u0131r ve ek yard\u0131mc\u0131 ekipman gerekmez. Basit, zaman ve emek tasarrufu sa\u011flayan bir y\u00f6ntemdir.<\/p>   <div class=\"wp-block-image\"> <figure class=\"aligncenter size-large\"><img loading=\"lazy\" decoding=\"async\" width=\"720\" height=\"540\" src=\"https:\/\/shuliybaler.com\/wp-content\/uploads\/2019\/12\/hydraulic-gantry-shear.jpg\" alt=\"Hurda \u00e7elik kesme makinesi\" class=\"wp-image-526\" title=\"\" srcset=\"https:\/\/shuliybaler.com\/wp-content\/uploads\/2019\/12\/hydraulic-gantry-shear.jpg 720w, https:\/\/shuliybaler.com\/wp-content\/uploads\/2019\/12\/hydraulic-gantry-shear-360x270.jpg 360w, https:\/\/shuliybaler.com\/wp-content\/uploads\/2019\/12\/hydraulic-gantry-shear-180x135.jpg 180w\" sizes=\"auto, (max-width: 720px) 100vw, 720px\" \/><figcaption>hidrolik gantry kesici<\/figcaption><\/figure> <\/div>   <p>Hurda \u00e7elik kesim makinesi ile i\u015flenebilecek hammaddeler<\/p>    <p>Metal kesim makinesi, demir levhalar, \u00e7elik, \u00e7elik \u00e7ubuklar, renkli \u00e7elik kiremitler, al\u00fcminyum ala\u015f\u0131mlar\u0131, bak\u0131r levhalar, al\u00fcminyum levhalar ve demir levhalar i\u00e7in uygundur. Metal geri d\u00f6n\u00fc\u015f\u00fcm ve i\u015fleme end\u00fcstrileri, eritme ve otomobil s\u00f6k\u00fcm fabrikalar\u0131 i\u00e7in uygundur. Metal kesim makinesiyle kesilen malzeme, uzunluk a\u00e7\u0131s\u0131ndan homojen olur, bu da ta\u015f\u0131ma ve eritme i\u015flemini kolayla\u015ft\u0131r\u0131r. Ayr\u0131ca, kesilen metalin boyutu ayarlanabilir. Kesme kuvveti 100 tondan 250 tona kadar. Ana kesim malzemesi boyutu (12~20mm)*250mm. Kesim say\u0131s\u0131 dakikada 8 ile 12 aras\u0131nda.<\/p>   <div class=\"vlp-link-container vlp-layout-basic wp-block-visual-link-preview-link\"><a href=\"https:\/\/shuliybaler.com\/tr\/5-metal-shears-successfully-sold-to-indonesia\/\" class=\"vlp-link\" title=\"Endonezya&#039;ya 5 metal kesici ba\u015far\u0131yla sat\u0131ld\u0131\" rel=\"nofollow\" target=\"_blank\"><\/a><div class=\"vlp-layout-zone-side\"><div class=\"vlp-block-2 vlp-link-image\"><img decoding=\"async\" src=\"https:\/\/shuliybaler.com\/wp-content\/uploads\/2020\/01\/metal-cutting-machine.jpg\" style=\"max-width: 150px; max-height: 150px\" alt=\"\" title=\"\"><\/div><\/div><div class=\"vlp-layout-zone-main\"><div class=\"vlp-block-0 vlp-link-title\">Endonezya'ya 5 metal kesici ba\u015far\u0131yla sat\u0131ld\u0131<\/div><div class=\"vlp-block-1 vlp-link-summary\">Metal kesici, ayn\u0131 zamanda timsah kesici olarak da adland\u0131r\u0131l\u0131r, k\u00fc\u00e7\u00fck ekipman t\u00fcr\u00fcd\u00fcr. \u00d6zellikleri aras\u0131nda k\u00fc\u00e7\u00fck boyut, kolay ta\u015f\u0131nabilirlik, basit kullan\u0131m bulunur.<\/div><\/div><\/div>   <h2 class=\"wp-block-heading\">Hurda \u00e7elik kesim makinesi ile i\u015flenebilecek hammaddeler<\/h2>    <figure class=\"wp-block-gallery has-nested-images columns-2 is-cropped wp-block-gallery-2 is-layout-flex wp-block-gallery-is-layout-flex\"> <figure class=\"wp-block-image size-large\"><img loading=\"lazy\" decoding=\"async\" width=\"720\" height=\"540\" data-id=\"2369\" src=\"https:\/\/shuliybaler.com\/wp-content\/uploads\/2019\/12\/u30316147773776703245fm199app68fJPEG.jpg\" alt=\"araba g\u00f6vdesi kesme makinesi\" class=\"wp-image-2369\" title=\"\"><figcaption>Araba G\u00f6vdesi Kesim Makinesi<\/figcaption><\/figure>    <figure class=\"wp-block-image size-large\"><img loading=\"lazy\" decoding=\"async\" width=\"720\" height=\"540\" data-id=\"2370\" src=\"https:\/\/shuliybaler.com\/wp-content\/uploads\/2019\/12\/u31622210103071795580fm199app68fJPEG.jpg\" alt=\"araba g\u00f6vdesi kesme makinesi\" class=\"wp-image-2370\" title=\"\"><figcaption>Araba G\u00f6vdesi Kesim Makinesi<\/figcaption><\/figure>    <figure class=\"wp-block-image size-large\"><img loading=\"lazy\" decoding=\"async\" width=\"720\" height=\"540\" data-id=\"2371\" src=\"https:\/\/shuliybaler.com\/wp-content\/uploads\/2019\/12\/u32151374751516385207fm199app68fJPEG.jpg\" alt=\"araba g\u00f6vdesi kesme makinesi\" class=\"wp-image-2371\" title=\"\"><figcaption>Araba G\u00f6vdesi Kesim Makinesi<\/figcaption><\/figure>    <figure class=\"wp-block-image size-large\"><img loading=\"lazy\" decoding=\"async\" width=\"720\" height=\"540\" data-id=\"2373\" src=\"https:\/\/shuliybaler.com\/wp-content\/uploads\/2019\/12\/u37799490573405378457fm199app68fJPEG.jpg\" alt=\"araba g\u00f6vdesi kesme makinesi\" class=\"wp-image-2373\" title=\"\"><figcaption>Araba G\u00f6vdesi Kesim Makinesi<\/figcaption><\/figure> <\/figure>    <p>Hurda \u00e7elik kesim makinesi, demir levhalar, \u00e7elik, \u00e7elik \u00e7ubuklar, renkli \u00e7elik kiremitler, al\u00fcminyum ala\u015f\u0131mlar\u0131, bak\u0131r levhalar, al\u00fcminyum levhalar ve demir levhalar i\u00e7in uygundur. Metal geri d\u00f6n\u00fc\u015f\u00fcm ve i\u015fleme end\u00fcstrileri, eritme ve otomobil s\u00f6k\u00fcm fabrikalar\u0131 i\u00e7in uygundur. Metal kesim makinesiyle kesilen malzeme, uzunluk a\u00e7\u0131s\u0131ndan homojen olur, bu da ta\u015f\u0131ma ve eritme i\u015flemini kolayla\u015ft\u0131r\u0131r. Ayr\u0131ca, kesilen metalin boyutu ayarlanabilir. Kesme kuvveti 100 tondan 250 tona kadar. Ana kesim malzemesi boyutu (12~20mm)*250mm. Kesim say\u0131s\u0131 dakikada 8 ile 12 aras\u0131nda.<\/p>    <h2 class=\"wp-block-heading\" id=\"h-how-does-the-gantry-shear-work\">Gantry kesici nas\u0131l \u00e7al\u0131\u015f\u0131r?<\/h2>    <figure class=\"wp-block-embed is-type-video is-provider-youtube wp-block-embed-youtube wp-embed-aspect-16-9 wp-has-aspect-ratio\"><div class=\"wp-block-embed__wrapper\"> <iframe loading=\"lazy\" title=\"Hurda \u00c7elik Kesim Makinesi | Sac Metal Kesim Makinesi | Metal Levha Kesim Makinesi\" width=\"500\" height=\"281\" src=\"https:\/\/www.youtube.com\/embed\/JpCLiP-V-l0?feature=oembed\" frameborder=\"0\" allow=\"accelerometer; autoplay; clipboard-write; encrypted-media; gyroscope; picture-in-picture; web-share\" referrerpolicy=\"strict-origin-when-cross-origin\" allowfullscreen><\/iframe> <\/div><\/figure>    <p>Gantry kesici, g\u00f6vde, besleme sistemi, hidrolik sistem, elektrik kontrol sistemi gibi b\u00f6l\u00fcmlerden olu\u015fur. Makinenin kesme kuvveti 50t ile 1200t aras\u0131ndad\u0131r. G\u00f6vde, kal\u0131nla\u015ft\u0131r\u0131lm\u0131\u015f \u00e7elik levhadan kaynakl\u0131d\u0131r ve d\u0131\u015ftan g\u00fc\u00e7lendirilmi\u015ftir, bu da g\u00fc\u00e7l\u00fc kesme kuvvetine dayanabilir. \u00c7al\u0131\u015fma s\u0131ras\u0131nda, tutucu veya di\u011fer ekipmanlar malzemeyi besleme sistemine yerle\u015ftirir ve malzeme konvey\u00f6r band\u0131yla ileriye do\u011fru hareket eder. Hidrolik sistem devreye girer ve kesici, malzemeyi kesmek i\u00e7in d\u00fc\u015fer. Konvey\u00f6r\u00fcn besleme h\u0131z\u0131 sonsuz ayarlanabilir. Makinenin her iki taraf\u0131nda, malzemeleri sabitlemek ve kesme i\u015flemini h\u0131zland\u0131rmak i\u00e7in yan bas\u0131n\u00e7 cihazlar\u0131 bulunur.<\/p>    <figure class=\"wp-block-gallery has-nested-images columns-default is-cropped wp-block-gallery-3 is-layout-flex wp-block-gallery-is-layout-flex\"> <figure class=\"wp-block-image size-large\"><img loading=\"lazy\" decoding=\"async\" width=\"720\" height=\"540\" data-id=\"528\" src=\"https:\/\/shuliybaler.com\/wp-content\/uploads\/2019\/12\/heavy-duty-metal-cutting-machine.jpg\" alt=\"Hurda \u00e7elik kesme makinesi\" class=\"wp-image-528\" title=\"\" srcset=\"https:\/\/shuliybaler.com\/wp-content\/uploads\/2019\/12\/heavy-duty-metal-cutting-machine.jpg 720w, https:\/\/shuliybaler.com\/wp-content\/uploads\/2019\/12\/heavy-duty-metal-cutting-machine-360x270.jpg 360w, https:\/\/shuliybaler.com\/wp-content\/uploads\/2019\/12\/heavy-duty-metal-cutting-machine-180x135.jpg 180w\" sizes=\"auto, (max-width: 720px) 100vw, 720px\" \/><figcaption>A\u011f\u0131r Hizmet Tipi Metal Kesim Makinesi<\/figcaption><\/figure>    <figure class=\"wp-block-image size-large\"><img loading=\"lazy\" decoding=\"async\" width=\"720\" height=\"540\" data-id=\"527\" src=\"https:\/\/shuliybaler.com\/wp-content\/uploads\/2019\/12\/Guillotine-Shear-1.jpg\" alt=\"Makara Kesici\" class=\"wp-image-527\" title=\"\" srcset=\"https:\/\/shuliybaler.com\/wp-content\/uploads\/2019\/12\/Guillotine-Shear-1.jpg 720w, https:\/\/shuliybaler.com\/wp-content\/uploads\/2019\/12\/Guillotine-Shear-1-360x270.jpg 360w, https:\/\/shuliybaler.com\/wp-content\/uploads\/2019\/12\/Guillotine-Shear-1-180x135.jpg 180w\" sizes=\"auto, (max-width: 720px) 100vw, 720px\" \/><figcaption>Makara Kesici<\/figcaption><\/figure> <\/figure>    <h2 class=\"wp-block-heading\" id=\"h-features-of-the-car-body-cutting-machine\"><strong>Araba g\u00f6vdesi kesim makinesinin \u00f6zellikleri<\/strong><strong><\/strong><\/h2>    <p>1. Hurda \u00e7elik kesim makinesi, hidrolik ile \u00e7al\u0131\u015f\u0131r, d\u00fc\u015f\u00fck g\u00fcr\u00fclt\u00fc, stabil \u00e7al\u0131\u015fma, k\u00fc\u00e7\u00fck atalet ve b\u00fcy\u00fck kesme y\u00fczeyi \u00f6zelliklerine sahiptir ve a\u015f\u0131r\u0131 y\u00fck korumas\u0131n\u0131 kolayca sa\u011flar.<\/p>    <p>2. Kesim blo\u011funun boyutu ve uzunlu\u011fu ayarlanabilir, ayar y\u00f6ntemi ise pratiktir.<\/p>    <p>3. Elektrik k\u0131sm\u0131, uluslararas\u0131 \u00fcne sahip marka olan Schneider Electric kullan\u0131larak, makinenin hizmet \u00f6mr\u00fc garanti alt\u0131na al\u0131nm\u0131\u015ft\u0131r.<\/p>    <p>4. Hidrolik geleneksel sistem, d\u00fc\u015f\u00fck makine g\u00fcr\u00fclt\u00fcs\u00fc ve y\u00fcksek metal kesim verimlili\u011fi sa\u011flar.<\/p>    <p>5. PLC tam otomatik i\u015fletim sistemi, y\u00fcksek derecede makine otomasyonu.<\/p>   <div class=\"wp-block-image\"> <figure class=\"aligncenter size-large\"><img loading=\"lazy\" decoding=\"async\" width=\"720\" height=\"540\" src=\"https:\/\/shuliybaler.com\/wp-content\/uploads\/2019\/12\/our-customers-metal-scrap-factory-gantry-shear.jpg\" alt=\"Hurda \u00e7elik kesme makinesi\" class=\"wp-image-530\" title=\"\" srcset=\"https:\/\/shuliybaler.com\/wp-content\/uploads\/2019\/12\/our-customers-metal-scrap-factory-gantry-shear.jpg 720w, https:\/\/shuliybaler.com\/wp-content\/uploads\/2019\/12\/our-customers-metal-scrap-factory-gantry-shear-360x270.jpg 360w, https:\/\/shuliybaler.com\/wp-content\/uploads\/2019\/12\/our-customers-metal-scrap-factory-gantry-shear-180x135.jpg 180w\" sizes=\"auto, (max-width: 720px) 100vw, 720px\" \/><figcaption>m\u00fc\u015fterimizin metal hurdas\u0131 fabrikas\u0131-gantry makas\u0131<\/figcaption><\/figure> <\/div>  <div class=\"vlp-link-container vlp-layout-basic wp-block-visual-link-preview-link\"><a href=\"https:\/\/shuliybaler.com\/tr\/maintenance-tips-of-hydraulic-alligator-shears\/\" class=\"vlp-link\" title=\"Hidrolik timsah makas\u0131 bak\u0131m ipu\u00e7lar\u0131\" rel=\"nofollow\" target=\"_blank\"><\/a><div class=\"vlp-layout-zone-side\"><div class=\"vlp-block-2 vlp-link-image\"><img decoding=\"async\" src=\"https:\/\/shuliybaler.com\/wp-content\/uploads\/2019\/12\/alligator-shear.jpg\" style=\"max-width: 150px; max-height: 150px\" alt=\"\" title=\"\"><\/div><\/div><div class=\"vlp-layout-zone-main\"><div class=\"vlp-block-0 vlp-link-title\">Hidrolik timsah makas\u0131 bak\u0131m ipu\u00e7lar\u0131<\/div><div class=\"vlp-block-1 vlp-link-summary\">Timsah Kesici (hidrolik metal kesim makinesi), \u00f6zellikle hurda metal geri d\u00f6n\u00fc\u015f\u00fcm alan\u0131nda \u00e7ok yayg\u0131n kullan\u0131lan \u00e7elik kesim ekipman\u0131d\u0131r. Bu hidrolik metal kesici uygulamas\u0131, metal hurdalar\u0131n geri kazan\u0131m verimlili\u011fini art\u0131rabilir ve daha y\u00fcksek ekonomik faydalar sa\u011flar\u2026<\/div><\/div><\/div>","protected":false},"excerpt":{"rendered":"<p>Hurda \u00e7elik makas\u0131, ayn\u0131 zamanda a\u011f\u0131r hizmet tipi gantry makas\u0131, hidrolik \u00e7elik kesme makinesi, araba g\u00f6vdesi kesme makinesi olarak da adland\u0131r\u0131l\u0131r. B\u00fcy\u00fck ve uzun metalleri kesmek i\u00e7in uygundur, ikincil i\u015flemi kolayla\u015ft\u0131rmak amac\u0131yla. Kesim uzunlu\u011fu \u015feritler halinde ayarlanabilir. Hurda araba s\u00f6k\u00fcm tesisleri, metal geri d\u00f6n\u00fc\u015f\u00fcm tesisleri, metal eritme ve imalat end\u00fcstrileri ve metal ticareti sekt\u00f6rlerinde yayg\u0131n olarak kullan\u0131l\u0131r. <\/p>","protected":false},"author":1,"featured_media":2366,"parent":0,"template":"","tags":[35],"product-type":[43],"class_list":["post-523","product","type-product","status-publish","has-post-thumbnail","hentry","tag-scrap-steel-shearing-machine","product-type-metal-shear"],"_links":{"self":[{"href":"https:\/\/shuliybaler.com\/tr\/wp-json\/wp\/v2\/product\/523","targetHints":{"allow":["GET"]}}],"collection":[{"href":"https:\/\/shuliybaler.com\/tr\/wp-json\/wp\/v2\/product"}],"about":[{"href":"https:\/\/shuliybaler.com\/tr\/wp-json\/wp\/v2\/types\/product"}],"author":[{"embeddable":true,"href":"https:\/\/shuliybaler.com\/tr\/wp-json\/wp\/v2\/users\/1"}],"wp:featuredmedia":[{"embeddable":true,"href":"https:\/\/shuliybaler.com\/tr\/wp-json\/wp\/v2\/media\/2366"}],"wp:attachment":[{"href":"https:\/\/shuliybaler.com\/tr\/wp-json\/wp\/v2\/media?parent=523"}],"wp:term":[{"taxonomy":"post_tag","embeddable":true,"href":"https:\/\/shuliybaler.com\/tr\/wp-json\/wp\/v2\/tags?post=523"},{"taxonomy":"product-type","embeddable":true,"href":"https:\/\/shuliybaler.com\/tr\/wp-json\/wp\/v2\/product-type?post=523"}],"curies":[{"name":"wp","href":"https:\/\/api.w.org\/{rel}","templated":true}]}}