{"id":540,"date":"2019-12-14T09:21:04","date_gmt":"2019-12-14T01:21:04","guid":{"rendered":"https:\/\/shuliybaler.com\/?p=540"},"modified":"2022-09-27T10:15:58","modified_gmt":"2022-09-27T02:15:58","slug":"horizontal-metal-briquetting-machine","status":"publish","type":"product","link":"https:\/\/shuliybaler.com\/tr\/product\/horizontal-metal-briquetting-machine\/","title":{"rendered":"Metal t\u0131ra\u015f presi | al\u00fcminyum par\u00e7ac\u0131klar\u0131 presleme makinesi"},"content":{"rendered":"<p class=\"translation-block\">Bir metal t\u0131ra\u015flama briquetleme makinesi<strong> <\/strong>(yatay metal par\u00e7a s\u0131k\u0131\u015ft\u0131rma makinesi, <a href=\"https:\/\/shuliybaler.com\/tr\/metal-briquetting-machine\/\">metal par\u00e7a\/at\u0131k \u00e7elik briquetleme geri d\u00f6n\u00fc\u015f\u00fcm makinesi<\/a>) bak\u0131r par\u00e7alar\u0131, demir par\u00e7alar\u0131 ve al\u00fcminyum par\u00e7alar\u0131 i\u015flemek i\u00e7in idealdir. Dikey metal briquetleme makinesine k\u0131yasla, bu makinenin ayak izi b\u00fcy\u00fck olsa da, daha fazla bas\u0131n\u00e7 uygular ve hidrolik yumruk etkisiyle metal par\u00e7alar\u0131n\u0131 y\u00fcksek yo\u011funluklu blo\u011fa s\u0131k\u0131\u015ft\u0131rabilir. Metal i\u015fleme end\u00fcstrisi i\u00e7in vazge\u00e7ilmez bir makinedir.<\/p>    <figure class=\"wp-block-image size-full is-resized\"><img loading=\"lazy\" decoding=\"async\" src=\"https:\/\/shuliybaler.com\/wp-content\/uploads\/2019\/12\/0.256.png\" alt=\"Metal t\u0131ra\u015flama briquetleme\u00a0\" class=\"wp-image-2275\" width=\"1150\" height=\"305\" title=\"\"><figcaption>Metal T\u0131ra\u015f Peletleme&amp;Nbsp;<\/figcaption><\/figure>    <h2 class=\"wp-block-heading\" id=\"h-brief-introduction-of-metal-shaving-briquetting-machine\">Metal t\u0131ra\u015f peletleme makinesi hakk\u0131nda k\u0131sa giri\u015f <\/h2>    <figure class=\"wp-block-image size-full\"><img loading=\"lazy\" decoding=\"async\" width=\"720\" height=\"540\" src=\"https:\/\/shuliybaler.com\/wp-content\/uploads\/2019\/12\/xintu-.jpg\" alt=\"Metal T\u0131ra\u015f Par\u00e7alama Presi\" class=\"wp-image-2276\" title=\"\"><figcaption>Metal T\u0131ra\u015f Peletleme Makinesi<\/figcaption><\/figure>    <p>Hurda demir briquetleme geri d\u00f6n\u00fc\u015f\u00fcm makinesi, paslanmaz \u00e7elik metal tala\u015f\u0131, bak\u0131r tala\u015f\u0131, demir tala\u015f\u0131, ala\u015f\u0131m tala\u015f\u0131, \u00e7inko, bronz, titanyum, magnezyum gibi \u00e7e\u015fitli non-ferrous metallerin preslenmesine uygundur. Metal par\u00e7a briquetleme makinesi, metal geri d\u00f6n\u00fc\u015f\u00fcm end\u00fcstrisi i\u00e7in \u00f6zel d\u00f6vme ekipman\u0131d\u0131r. Metal par\u00e7alar\u0131 k\u0131sa s\u00fcrede y\u00fcksek yo\u011funluklu briquette haline getirip f\u0131r\u0131na g\u00f6ndererek f\u0131r\u0131n kullan\u0131m oran\u0131n\u0131 art\u0131rabilir. Ayn\u0131 zamanda metal hurdalar\u0131n depolanmas\u0131 ve ta\u015f\u0131nmas\u0131 i\u00e7in de uygundur.<\/p>   <div class=\"vlp-link-container vlp-layout-basic wp-block-visual-link-preview-link\"><a href=\"https:\/\/shuliybaler.com\/tr\/metal-briquetting-machine\/\" class=\"vlp-link\" title=\"Hurda metal par\u00e7ac\u0131klar\u0131 briquetleme pres makinesi | metal k\u0131r\u0131nt\u0131lar\u0131 briquetleme makinesi\" rel=\"nofollow\" target=\"_blank\"><\/a><div class=\"vlp-layout-zone-side\"><div class=\"vlp-block-2 vlp-link-image\"><img decoding=\"async\" src=\"https:\/\/shuliybaler.com\/wp-content\/uploads\/2019\/12\/1698-3.jpg\" style=\"max-width: 150px; max-height: 150px\" alt=\"\" title=\"\"><\/div><\/div><div class=\"vlp-layout-zone-main\"><div class=\"vlp-block-0 vlp-link-title\">Hurda metal par\u00e7ac\u0131klar\u0131 briquetleme pres makinesi | metal k\u0131r\u0131nt\u0131lar\u0131 briquetleme makinesi<\/div><div class=\"vlp-block-1 vlp-link-summary\">Metal par\u00e7ac\u0131klar\u0131 briquetleme makinesi, dikey metal hurda geri d\u00f6n\u00fc\u015f\u00fcm makinesi, metal par\u00e7a birle\u015ftirme makinesi, metal presleme makinesi veya y\u00fcksek yo\u011funluklu makine olarak da adland\u0131r\u0131l\u0131r.<\/div><\/div><\/div>   <h2 class=\"wp-block-heading\" id=\"h-working-principle-of-aluminum-chips-briquetting-machine\">Al\u00fcminyum par\u00e7alar\u0131 peletleme makinesinin \u00e7al\u0131\u015fma prensibi<\/h2>    <figure class=\"wp-block-image size-full\"><img loading=\"lazy\" decoding=\"async\" width=\"720\" height=\"540\" src=\"https:\/\/shuliybaler.com\/wp-content\/uploads\/2019\/12\/\u672a\u547d\u540d\u56fe\u7247-7.jpg\" alt=\"aluminum chips\u00a0briquetting machine\" class=\"wp-image-2280\" title=\"\"><figcaption>Al\u00fcminyum Par\u00e7alar\u0131&amp;Nbsp;Peletleme Makinesi<\/figcaption><\/figure>    <p>Tozlar\u0131, torna i\u015flemi tozlar\u0131n\u0131, tala\u015flar\u0131, demir tozlar\u0131n\u0131, pirin\u00e7 tozlar\u0131n\u0131, al\u00fcminyum par\u00e7ac\u0131klar\u0131n\u0131 ve di\u011fer metal hammaddelerini makinenin besleme haznesine koyun. Hammadde, hazne arac\u0131l\u0131\u011f\u0131yla makinenin \u015fekillendirme kal\u0131b\u0131na girer ve hidrolik yumrukla s\u0131k\u0131\u015ft\u0131r\u0131larak kat\u0131 metal bloklar haline getirilir. Daha sonra, itici \u00e7ubuk taraf\u0131ndan d\u0131\u015far\u0131 itilerek bo\u015faltma konvey\u00f6r band\u0131na al\u0131n\u0131r. Bu makine, bir kova kald\u0131r\u0131c\u0131, metal k\u0131r\u0131c\u0131lar vb. ile kullan\u0131labilir.<\/p>   <div class=\"vlp-link-container vlp-layout-basic wp-block-visual-link-preview-link\"><a href=\"https:\/\/shuliybaler.com\/tr\/improve-the-briquetting-strength\/\" class=\"vlp-link\" title=\"Hurda demir par\u00e7ac\u0131klar\u0131n\u0131n briquetleme dayan\u0131kl\u0131l\u0131\u011f\u0131n\u0131 nas\u0131l art\u0131rabilirim?\" rel=\"nofollow\" target=\"_blank\"><\/a><div class=\"vlp-layout-zone-side\"><div class=\"vlp-block-2 vlp-link-image\"><img decoding=\"async\" src=\"https:\/\/shuliybaler.com\/wp-content\/uploads\/2022\/06\/metal-briquetting-machine.jpg\" style=\"max-width: 150px; max-height: 150px\" alt=\"\" title=\"\"><\/div><\/div><div class=\"vlp-layout-zone-main\"><div class=\"vlp-block-0 vlp-link-title\">Hurda demir par\u00e7ac\u0131klar\u0131n\u0131n briquetleme dayan\u0131kl\u0131l\u0131\u011f\u0131n\u0131 nas\u0131l art\u0131rabilirim?<\/div><div class=\"vlp-block-1 vlp-link-summary\">Demir hurdas\u0131 briquetleme makineleri \u00fcretimi s\u0131ras\u0131nda, bir\u00e7ok m\u00fc\u015fteri, \u015fekillendirilen kekin dayan\u0131kl\u0131l\u0131\u011f\u0131n\u0131n d\u00fc\u015f\u00fck oldu\u011funu ve istifleme veya sinterleme s\u0131ras\u0131nda k\u0131r\u0131ld\u0131\u011f\u0131n\u0131 bildirmektedir. Ekipman ar\u0131zalar\u0131n\u0131 giderdikten sonra, demir tozu briquette'lerinin dayan\u0131kl\u0131l\u0131\u011f\u0131n\u0131 art\u0131rmak i\u00e7in birka\u00e7 y\u00f6ntem \u00f6neriyoruz, w\u2026<\/div><\/div><\/div>   <h2 class=\"wp-block-heading\" id=\"h-what-are-the-dangers-of-recycling-metal-scrap-directly\">Metal hurdalar\u0131n\u0131 do\u011frudan geri d\u00f6n\u00fc\u015ft\u00fcrmenin tehlikeleri nelerdir?<\/h2>    <figure class=\"wp-block-image size-full\"><img loading=\"lazy\" decoding=\"async\" width=\"720\" height=\"540\" src=\"https:\/\/shuliybaler.com\/wp-content\/uploads\/2019\/12\/0.1.jpg\" alt=\"\" class=\"wp-image-2278\" title=\"\"><figcaption>Al\u00fcminyum Par\u00e7alar\u0131&amp;Nbsp;Peletleme Makinesi<\/figcaption><\/figure>    <ol class=\"wp-block-list\"><li>Demir tozlar\u0131 k\u00fc\u00e7\u00fck hacimli ve y\u00fcksek yo\u011funlukludur. Do\u011frudan f\u0131r\u0131na konulup ergitilmesi, y\u00fckselen kanal\u0131n t\u0131kanmas\u0131na ve do\u011frudan ergitme etkisinin azalmas\u0131na neden olur.<\/li><li>F\u0131r\u0131ndaki hava ak\u0131\u015f\u0131 b\u00fcy\u00fckse, demir tozlar\u0131 u\u00e7urulur ve bo\u015faltma oran\u0131 d\u00fc\u015f\u00fck olur.<\/li><li>Demir tozlar\u0131, briquetleme i\u015flemi yap\u0131lmadan da f\u0131r\u0131n duvar\u0131na kolayca yap\u0131\u015fabilir, bu da f\u0131r\u0131n duvar\u0131n\u0131 kal\u0131nla\u015ft\u0131r\u0131r ve f\u0131r\u0131na daha fazla zarar verir.<\/li><li>Hurda demir, silikon, mangan ve di\u011fer malzemelerin depolanmas\u0131 kolay de\u011fildir. Su ve hava ile temaslar\u0131 oksidatif bozulmaya neden olur. Ancak, demir oksidin erime noktas\u0131 demirden y\u00fcksektir, bu da uzun erime s\u00fcresi ve artan yanma maliyetine yol a\u00e7ar.<\/li><li>Demir tozlar\u0131, c\u00fcruf taraf\u0131ndan kolayca sar\u0131l\u0131r ve bu da hammaddenin d\u00fc\u015f\u00fck kullan\u0131m oran\u0131na yol a\u00e7ar.<\/li><\/ol>   <div class=\"vlp-link-container vlp-layout-basic wp-block-visual-link-preview-link\"><a href=\"https:\/\/shuliybaler.com\/tr\/how-to-maintain-the-bearings-of-a-metal-briquette-machine\/\" class=\"vlp-link\" title=\"Bir metal briquetleme makinesinin yataklar\u0131n\u0131 nas\u0131l koruyabilirim?\" rel=\"nofollow\" target=\"_blank\"><\/a><div class=\"vlp-layout-zone-side\"><div class=\"vlp-block-2 vlp-link-image\"><img decoding=\"async\" src=\"https:\/\/shuliybaler.com\/wp-content\/uploads\/2020\/01\/scrap-metal-chips-briquetting-machine.jpg\" style=\"max-width: 150px; max-height: 150px\" alt=\"\" title=\"\"><\/div><\/div><div class=\"vlp-layout-zone-main\"><div class=\"vlp-block-0 vlp-link-title\">Bir metal briquetleme makinesinin yataklar\u0131n\u0131 nas\u0131l koruyabilirim?<\/div><div class=\"vlp-block-1 vlp-link-summary\">Metal par\u00e7a briquetleme makinesi, \u00e7e\u015fitli k\u00fc\u00e7\u00fck hacimli metal par\u00e7alar\u0131n\u0131 y\u00fcksek yo\u011funluklu metal bloklar\u0131na s\u0131k\u0131\u015ft\u0131rmak i\u00e7in uygundur. \u00d6rne\u011fin, demir<\/div><\/div><\/div>   <h2 class=\"wp-block-heading\" id=\"h-aluminum-chips-briquetting-machine-structure\">Al\u00fcminyum par\u00e7alar\u0131 peletleme makinesi yap\u0131s\u0131<\/h2>    <figure class=\"wp-block-image size-full\"><img loading=\"lazy\" decoding=\"async\" width=\"720\" height=\"540\" src=\"https:\/\/shuliybaler.com\/wp-content\/uploads\/2019\/12\/58.jpg\" alt=\"Metal t\u0131ra\u015flama makinesi yap\u0131s\u0131\" class=\"wp-image-2277\" title=\"\"><figcaption>Metal T\u0131ra\u015f Peletleme Makinesi Yap\u0131s\u0131<\/figcaption><\/figure>    <p>Bir makinenin fiyat\u0131 genellikle kalitesiyle do\u011fru orant\u0131l\u0131d\u0131r. Bu makine, temel olarak bir taban plaka, hidrolik silindir, \u015fekillendirme silindiri, itici hidrolik silindir, destek kal\u0131p \u00e7er\u00e7evesi ve kal\u0131p, pres ba\u015fl\u0131\u011f\u0131, motor, hidrolik ya\u011f tank\u0131, a\u015f\u0131r\u0131 bas\u0131n\u00e7 ve ak\u0131m koruma cihaz\u0131, acil durdurma koruma cihaz\u0131, kontrol paneli gibi par\u00e7alardan olu\u015fur. Elektrik k\u0131sm\u0131, uluslararas\u0131 \u00fcnl\u00fc markalar\u0131 kullan\u0131r ve makinenin uzun s\u00fcre kesintisiz \u00e7al\u0131\u015fmas\u0131n\u0131 sa\u011flar. Hidrolik sistemi, geli\u015fmi\u015f teknolojiyi kullanarak s\u0131k\u0131 ba\u011flant\u0131 ve s\u0131z\u0131nt\u0131s\u0131zl\u0131k sa\u011flar.<\/p>    <h2 class=\"wp-block-heading\">Bir metal t\u0131ra\u015f peletleme makinesi ne kadar?<\/h2>    <figure class=\"wp-block-gallery has-nested-images columns-2 is-cropped wp-block-gallery-2 is-layout-flex wp-block-gallery-is-layout-flex\"> <figure class=\"wp-block-image size-large\"><img loading=\"lazy\" decoding=\"async\" width=\"720\" height=\"540\" data-id=\"2281\" src=\"https:\/\/shuliybaler.com\/wp-content\/uploads\/2019\/12\/u2868808451582290434fm199app68fJPEG.jpg\" alt=\"Metal T\u0131ra\u015f Par\u00e7alama Presi \" class=\"wp-image-2281\" title=\"\"><figcaption>Al\u00fcminyum Par\u00e7alar\u0131&amp;Nbsp;Peletleme Makinesi<\/figcaption><\/figure>    <figure class=\"wp-block-image size-large\"><img loading=\"lazy\" decoding=\"async\" width=\"720\" height=\"540\" data-id=\"2282\" src=\"https:\/\/shuliybaler.com\/wp-content\/uploads\/2019\/12\/1641298199.jpg\" alt=\"Metal T\u0131ra\u015f Par\u00e7alama Presi \" class=\"wp-image-2282\" title=\"\"><figcaption>Metal T\u0131ra\u015f Peletleme Makinesi <\/figcaption><\/figure>    <figure class=\"wp-block-image size-large\"><img loading=\"lazy\" decoding=\"async\" width=\"720\" height=\"540\" data-id=\"2283\" src=\"https:\/\/shuliybaler.com\/wp-content\/uploads\/2019\/12\/new-designed-metal-scraps-press-machine.png.webp.jpg\" alt=\"Metal T\u0131ra\u015f Par\u00e7alama Presi \" class=\"wp-image-2283\" title=\"\"><figcaption>Metal T\u0131ra\u015f Peletleme Makinesi <\/figcaption><\/figure>    <figure class=\"wp-block-image size-large\"><img loading=\"lazy\" decoding=\"async\" width=\"720\" height=\"540\" data-id=\"2284\" src=\"https:\/\/shuliybaler.com\/wp-content\/uploads\/2019\/12\/u25173659733467872037fm199app68fJPEG.jpg\" alt=\"Metal T\u0131ra\u015f Par\u00e7alama Presi \" class=\"wp-image-2284\" title=\"\"><figcaption>Metal T\u0131ra\u015f Peletleme Makinesi <\/figcaption><\/figure> <\/figure>    <p>&nbsp;Bir\u00e7ok makine g\u00f6r\u00fcn\u00fcm olarak birbirinden \u00e7ok farkl\u0131 g\u00f6r\u00fcnm\u00fcyor. Yine de kar\u015f\u0131la\u015ft\u0131rma sonras\u0131, fiyat\u0131n kaliteyle ili\u015fkili oldu\u011fu ve farkl\u0131 modeller i\u00e7in fiyatlar\u0131n farkl\u0131 olaca\u011f\u0131 sonucuna var\u0131labilir. Kullan\u0131lan malzeme, makinelerin malzeme kal\u0131nl\u0131\u011f\u0131, motorun kalitesi ve \u00fcretim s\u00fcreci, makinelerin farkl\u0131 fiyatlara neden olan fakt\u00f6rlerdir. Shuliy, m\u00fc\u015fteriler i\u00e7in en uygun \u00fcretim plan\u0131n\u0131 tasarlayacak ve uygun makineleri \u00f6nerecektir.<\/p>    <p>Metal t\u0131ra\u015flama briquetleme makinesi etki g\u00f6sterimi<\/p>    <figure class=\"wp-block-gallery has-nested-images columns-2 is-cropped wp-block-gallery-3 is-layout-flex wp-block-gallery-is-layout-flex\"> <figure class=\"wp-block-image size-large\"><img loading=\"lazy\" decoding=\"async\" width=\"720\" height=\"540\" data-id=\"2285\" src=\"https:\/\/shuliybaler.com\/wp-content\/uploads\/2019\/12\/u27771247752629997818fm199app68fJPEG.jpg\" alt=\"al\u00fcminyum tala\u015f\u0131 briquetting makinesinin etki g\u00f6stergesi\" class=\"wp-image-2285\" title=\"\"><figcaption>Al\u00fcminyum Par\u00e7alar\u0131 ve Nbsp;Peletleme Makinesi Etki G\u00f6stergesi<\/figcaption><\/figure>    <figure class=\"wp-block-image size-large\"><img loading=\"lazy\" decoding=\"async\" width=\"720\" height=\"540\" data-id=\"2286\" src=\"https:\/\/shuliybaler.com\/wp-content\/uploads\/2019\/12\/1728148099784019586.jpg\" alt=\"al\u00fcminyum tala\u015f\u0131 briquetting makinesinin etki g\u00f6stergesi\" class=\"wp-image-2286\" title=\"\"><figcaption>Al\u00fcminyum Par\u00e7alar\u0131 ve Nbsp;Peletleme Makinesi Etki G\u00f6stergesi<\/figcaption><\/figure>    <figure class=\"wp-block-image size-large\"><img loading=\"lazy\" decoding=\"async\" width=\"720\" height=\"540\" data-id=\"2287\" src=\"https:\/\/shuliybaler.com\/wp-content\/uploads\/2019\/12\/csm_RUF-Briketts-aus-verschiedenen-Metallen_56f3292710.jpg\" alt=\"al\u00fcminyum tala\u015f\u0131 briquetting makinesinin etki g\u00f6stergesi\" class=\"wp-image-2287\" title=\"\"><figcaption>Al\u00fcminyum Par\u00e7alar\u0131 ve Nbsp;Peletleme Makinesi Etki G\u00f6stergesi<\/figcaption><\/figure>    <figure class=\"wp-block-image size-large\"><img loading=\"lazy\" decoding=\"async\" width=\"720\" height=\"540\" data-id=\"2288\" src=\"https:\/\/shuliybaler.com\/wp-content\/uploads\/2019\/12\/12.jpg\" alt=\"al\u00fcminyum tala\u015f\u0131 briquetting makinesinin etki g\u00f6stergesi\" class=\"wp-image-2288\" title=\"\"><figcaption>Al\u00fcminyum Par\u00e7alar\u0131 ve Nbsp;Peletleme Makinesi Etki G\u00f6stergesi<\/figcaption><\/figure> <figcaption class=\"blocks-gallery-caption\">al\u00fcminyum par\u00e7ac\u0131klar\u0131 briquetleme makinesi etki g\u00f6sterimi<\/figcaption><\/figure>    <h2 class=\"wp-block-heading\">Metal t\u0131ra\u015f peletleme makinesi videosu<\/h2>    <figure class=\"wp-block-embed is-type-video is-provider-youtube wp-block-embed-youtube wp-embed-aspect-16-9 wp-has-aspect-ratio\"><div class=\"wp-block-embed__wrapper\"> <iframe loading=\"lazy\" title=\"Fabrikadan \u00e7\u0131kan al\u00fcminyum par\u00e7ac\u0131klar\u0131 ne i\u015fe yarar? | Metal tala\u015flar tekrar blok haline getirilebilir mi?\" width=\"500\" height=\"281\" src=\"https:\/\/www.youtube.com\/embed\/I3TqlAc0_4w?start=13&#038;feature=oembed\" frameborder=\"0\" allow=\"accelerometer; autoplay; clipboard-write; encrypted-media; gyroscope; picture-in-picture; web-share\" referrerpolicy=\"strict-origin-when-cross-origin\" allowfullscreen><\/iframe> <\/div><figcaption>al\u00fcminyum par\u00e7ac\u0131klar\u0131 briquetleme makinesi<\/figcaption><\/figure>","protected":false},"excerpt":{"rendered":"<p>Bir metal t\u0131ra\u015f peletleme makinesi (yatay metal par\u00e7a s\u0131k\u0131\u015ft\u0131rma makinesi, metal par\u00e7a\/at\u0131k \u00e7elik peletleme geri d\u00f6n\u00fc\u015f\u00fcm makinesi) bak\u0131r par\u00e7alar\u0131, demir par\u00e7alar\u0131 ve al\u00fcminyum par\u00e7alar\u0131 i\u015flemek i\u00e7in idealdir. Dikey metal peletleme makinesi ile kar\u015f\u0131la\u015ft\u0131r\u0131ld\u0131\u011f\u0131nda, bu makinenin alan\u0131 b\u00fcy\u00fck olsa da, daha b\u00fcy\u00fck bir bas\u0131nca sahiptir ve hidrolik yumruk etkisiyle metal par\u00e7alar\u0131n\u0131 y\u00fcksek yo\u011funluklu bir blo\u011fa s\u0131k\u0131\u015ft\u0131rabilir. Metal i\u015fleme end\u00fcstrisi i\u00e7in vazge\u00e7ilmez bir makinedir.<\/p>","protected":false},"author":1,"featured_media":2311,"parent":0,"template":"","tags":[],"product-type":[42],"class_list":["post-540","product","type-product","status-publish","has-post-thumbnail","hentry","product-type-metal-briquetting-machine"],"_links":{"self":[{"href":"https:\/\/shuliybaler.com\/tr\/wp-json\/wp\/v2\/product\/540","targetHints":{"allow":["GET"]}}],"collection":[{"href":"https:\/\/shuliybaler.com\/tr\/wp-json\/wp\/v2\/product"}],"about":[{"href":"https:\/\/shuliybaler.com\/tr\/wp-json\/wp\/v2\/types\/product"}],"author":[{"embeddable":true,"href":"https:\/\/shuliybaler.com\/tr\/wp-json\/wp\/v2\/users\/1"}],"wp:featuredmedia":[{"embeddable":true,"href":"https:\/\/shuliybaler.com\/tr\/wp-json\/wp\/v2\/media\/2311"}],"wp:attachment":[{"href":"https:\/\/shuliybaler.com\/tr\/wp-json\/wp\/v2\/media?parent=540"}],"wp:term":[{"taxonomy":"post_tag","embeddable":true,"href":"https:\/\/shuliybaler.com\/tr\/wp-json\/wp\/v2\/tags?post=540"},{"taxonomy":"product-type","embeddable":true,"href":"https:\/\/shuliybaler.com\/tr\/wp-json\/wp\/v2\/product-type?post=540"}],"curies":[{"name":"wp","href":"https:\/\/api.w.org\/{rel}","templated":true}]}}