{"id":572,"date":"2019-12-14T16:54:38","date_gmt":"2019-12-14T08:54:38","guid":{"rendered":"https:\/\/shuliybaler.com\/?p=572"},"modified":"2022-09-27T10:17:08","modified_gmt":"2022-09-27T02:17:08","slug":"alligator-shear","status":"publish","type":"product","link":"https:\/\/shuliybaler.com\/tr\/product\/alligator-shear\/","title":{"rendered":"Hurda metal kesme makas\u0131 | timsah \u00e7elik makas makinesi"},"content":{"rendered":"<p class=\"translation-block\"><strong>Hurda metal kesme makas\u0131<\/strong> di\u011fer ad\u0131yla timsah \u00e7elik makas makinesi, uzun metalleri kesmek i\u00e7in \u00e7ok uygundur. Di\u011fer<a href=\"https:\/\/shuliybaler.com\/tr\/gantry-shear\/\"> kesim ekipmanlar\u0131na k\u0131yasla<\/a>, hafif, k\u00fc\u00e7\u00fck ayak izi ve y\u00fcksek verimlilik \u00f6zelliklerine sahiptir. Bu nedenle, bu makine s\u0131kl\u0131kla haddehanelerde, metal geri d\u00f6n\u00fc\u015f\u00fcm tesislerinde, hurda araba s\u00f6k\u00fcm tesislerinde, elektrik geri d\u00f6n\u00fc\u015f\u00fcm tesislerinde vb. kullan\u0131l\u0131r. Yuvarlak \u00e7elik, a\u00e7\u0131 \u00e7eli\u011fi, rebars, tel, demir levha, renkli metal kiremit, al\u00fcminyum ala\u015f\u0131m\u0131, kanal \u00e7eli\u011fi, bak\u0131r levha, demir levha, hurda metal vb. kesmek i\u00e7in \u00e7ok uygundur.<\/p>    <figure class=\"wp-block-image size-full\"><img loading=\"lazy\" decoding=\"async\" width=\"720\" height=\"540\" src=\"https:\/\/shuliybaler.com\/wp-content\/uploads\/2019\/12\/u7513068303196564925fm199app68fJPEG.jpg\" alt=\"metal kesme makas\u0131\" class=\"wp-image-2059\" title=\"\"><figcaption>Metal Kesme Makas\u0131<\/figcaption><\/figure>    <h2 class=\"wp-block-heading\" id=\"h-how-does-the-alligator-steel-shear-machine-work\">Timsah \u00e7elik makas makinesi nas\u0131l \u00e7al\u0131\u015f\u0131r\uff1f<\/h2>    <p>Timsah makaslar, esasen kesme ya\u011f silindirleri, kesme b\u0131\u00e7aklar\u0131, presleme b\u0131\u00e7aklar\u0131, presleme ya\u011f silindiri, hidrolik pompalar, kontrol panelleri, g\u00fcvenlik cihazlar\u0131 ve benzerlerinden olu\u015fur. Hurda \u00e7elik kesme makinesi \u00e7al\u0131\u015f\u0131rken, hidrolik pompa g\u00fc\u00e7 sa\u011flar ve presleme b\u0131\u00e7a\u011f\u0131 a\u015fa\u011f\u0131ya inerek malzemeyi s\u0131k\u0131ca tutar. Ard\u0131ndan, hidrolik ya\u011f pompas\u0131 kesme silindrini ya\u011fa doldurur ve kesici yava\u015f yava\u015f a\u015fa\u011f\u0131 inerek malzemeyi keser.<\/p>    <figure class=\"wp-block-image size-full\"><img loading=\"lazy\" decoding=\"async\" width=\"720\" height=\"540\" src=\"https:\/\/shuliybaler.com\/wp-content\/uploads\/2019\/12\/u35814314264196434871fm199app68fJPEG.jpg\" alt=\"Timsah \u00e7eli\u011fi makas\u0131 makine \u00e7al\u0131\u015fma etkisi ekran\u0131\" class=\"wp-image-2060\" title=\"\"><figcaption>Timsah \u00c7elik Makas Makinesi \u00c7al\u0131\u015fma Etkisi G\u00f6sterimi<\/figcaption><\/figure>    <h2 class=\"wp-block-heading\">Hurda metal kesme makas\u0131 uygulama alanlar\u0131<\/h2>    <p>Bu hurda metal makas\u0131, metal geri d\u00f6n\u00fc\u015f\u00fcm end\u00fcstrisi, metal i\u015fleme end\u00fcstrisi, hurda araba i\u015fleme end\u00fcstrisi vb. alanlarda kullan\u0131labilir. Uzun metal \u015feritleri h\u0131zl\u0131ca belirli uzunluklara kesebilir. \u0130\u015flenebilecek hammaddeler metal, demir, \u00e7elik, renkli metal kiremit, al\u00fcminyum ala\u015f\u0131m\u0131, hurda \u00e7elik ve demir levhay\u0131 i\u00e7erir.<\/p>    <figure class=\"wp-block-gallery has-nested-images columns-default is-cropped wp-block-gallery-2 is-layout-flex wp-block-gallery-is-layout-flex\"> <figure class=\"wp-block-image size-large\"><img loading=\"lazy\" decoding=\"async\" width=\"720\" height=\"540\" data-id=\"2061\" src=\"https:\/\/shuliybaler.com\/wp-content\/uploads\/2019\/12\/0.5.jpg\" alt=\"Hurda metal kesme makas\u0131 uygulamas\u0131 \" class=\"wp-image-2061\" title=\"\"><figcaption>Hurda Metal Kesme Makas\u0131 Uygulamalar\u0131 <\/figcaption><\/figure>    <figure class=\"wp-block-image size-large\"><img loading=\"lazy\" decoding=\"async\" width=\"720\" height=\"540\" data-id=\"2062\" src=\"https:\/\/shuliybaler.com\/wp-content\/uploads\/2019\/12\/14.jpg\" alt=\"Hurda metal kesme makas\u0131 uygulamas\u0131 \" class=\"wp-image-2062\" title=\"\"><figcaption>Hurda Metal Kesme Makas\u0131 Uygulamalar\u0131 <\/figcaption><\/figure> <\/figure>    <h2 class=\"wp-block-heading\">Hurda metal kesme makas\u0131 detaylar\u0131<\/h2>    <div class=\"wp-block-media-text alignwide is-stacked-on-mobile\"><figure class=\"wp-block-media-text__media\"><img loading=\"lazy\" decoding=\"async\" width=\"720\" height=\"540\" src=\"https:\/\/shuliybaler.com\/wp-content\/uploads\/2019\/12\/25b9061356dd0a69822e0f61b844f99.jpg\" alt=\"timsah \u00e7eli\u011fi makas\u0131 makinesi\" class=\"wp-image-2066 size-full\" title=\"\"><\/figure><div class=\"wp-block-media-text__content\"> <p class=\"has-large-font-size\">Bas\u0131n\u00e7, y\u0131llarca kullan\u0131m sonras\u0131 azalmayacak, s\u0131zd\u0131rmazl\u0131k halkas\u0131 malzemesi ya\u011f\u0131 s\u0131zd\u0131rmaz ve makine dayan\u0131kl\u0131d\u0131r.<\/p> <\/div><\/div>    <div class=\"wp-block-media-text alignwide has-media-on-the-right is-stacked-on-mobile\"><figure class=\"wp-block-media-text__media\"><img loading=\"lazy\" decoding=\"async\" width=\"720\" height=\"540\" src=\"https:\/\/shuliybaler.com\/wp-content\/uploads\/2019\/12\/454424f9dd2b4051916fcccd18f56f8.jpg\" alt=\"metal kesme makas\u0131\" class=\"wp-image-2058 size-full\" title=\"\"><\/figure><div class=\"wp-block-media-text__content\"> <p class=\"has-large-font-size\">Otomatik fonksiyonlara sahip i\u015fletme paneli, kare de\u011fi\u015fim kontrol\u00fc ve ayar<\/p> <\/div><\/div>    <div class=\"wp-block-media-text alignwide is-stacked-on-mobile\"><figure class=\"wp-block-media-text__media\"><img loading=\"lazy\" decoding=\"async\" width=\"749\" height=\"495\" src=\"https:\/\/shuliybaler.com\/wp-content\/uploads\/2019\/12\/adc8ee69798d0581d143eb885f18d5d.jpg\" alt=\"Hurda metal kesme makas\u0131\" class=\"wp-image-2068 size-full\" title=\"\"><\/figure><div class=\"wp-block-media-text__content\"> <p class=\"has-large-font-size\"> Hidrolik silindir, ya\u011f s\u0131z\u0131nt\u0131s\u0131 yapmaz, paslanmaz, d\u00fczg\u00fcn metal makas\u0131n\u0131 sa\u011flar.<\/p> <\/div><\/div>    <div class=\"wp-block-media-text alignwide has-media-on-the-right is-stacked-on-mobile\"><figure class=\"wp-block-media-text__media\"><img loading=\"lazy\" decoding=\"async\" width=\"720\" height=\"540\" src=\"https:\/\/shuliybaler.com\/wp-content\/uploads\/2019\/12\/u954169839773959795fm199app68fJPEG.jpg\" alt=\" timsah \u00e7eli\u011fi makas\u0131 makinesi\" class=\"wp-image-2070 size-full\" title=\"\"><\/figure><div class=\"wp-block-media-text__content\"> <p class=\"has-large-font-size\">\u00c7elik veya metal kenarlar\u0131 i\u00e7in uygun \u00e7e\u015fitli \u015fekillerde makas b\u0131\u00e7a\u011f\u0131<\/p> <\/div><\/div>    <h2 class=\"wp-block-heading\">Hurda metal kesme makas\u0131n\u0131n \u00e7al\u0131\u015fma prensibi<\/h2>    <figure class=\"wp-block-image size-full\"><img loading=\"lazy\" decoding=\"async\" width=\"720\" height=\"540\" src=\"https:\/\/shuliybaler.com\/wp-content\/uploads\/2019\/12\/lQDPJxZbRD8Et-HNAhzNAtCwXBwOvkc-vW0Clpj01AC9AA_720_540.jpg_720x720q90g.jpg\" alt=\"Hurda metal kesme makas\u0131\" class=\"wp-image-2056\" title=\"\"><figcaption>Hurda Metal Kesme Makas\u0131 Yap\u0131s\u0131<\/figcaption><\/figure>    <p>Timsah makas yap\u0131s\u0131 prensibi: Timsah makas, \u00fcst ve alt timsah yap\u0131s\u0131 ile, hidrolik pompa s\u00fcr\u00fcc\u00fcs\u00fc arac\u0131l\u0131\u011f\u0131yla bas\u0131n\u00e7 olu\u015fturur, elektromanyetik geri d\u00f6n\u00fc\u015f valfi ve ya\u011f devresi kontrol\u00fc ile silindirin kald\u0131r\u0131lmas\u0131 ve b\u00fcz\u00fclmesini sa\u011flar, kald\u0131ra\u00e7 prensibiyle silindirdeki bas\u0131n\u00e7 alt\u0131nda, timsah\u0131n yukar\u0131 itilmesi ve alt timsah b\u0131\u00e7a\u011f\u0131n\u0131n hareketiyle kar\u015f\u0131l\u0131kl\u0131 kesim ger\u00e7ekle\u015fir, malzeme makasa girer ve kesilir.<\/p>    <figure class=\"wp-block-embed is-type-video is-provider-youtube wp-block-embed-youtube wp-embed-aspect-16-9 wp-has-aspect-ratio\"><div class=\"wp-block-embed__wrapper\"> <iframe loading=\"lazy\" title=\"Hurda makas nedir? | hurda metal kesme makinesi | hidrolik Timsah Makas sat\u0131l\u0131k\" width=\"500\" height=\"281\" src=\"https:\/\/www.youtube.com\/embed\/GNmdIftq4X8?start=11&#038;feature=oembed\" frameborder=\"0\" allow=\"accelerometer; autoplay; clipboard-write; encrypted-media; gyroscope; picture-in-picture; web-share\" referrerpolicy=\"strict-origin-when-cross-origin\" allowfullscreen><\/iframe> <\/div><\/figure>    <h2 class=\"wp-block-heading\" id=\"h-features-of-the-scrap-steel-cutting-shear\">Hurda \u00e7elik kesme makas\u0131n\u0131n \u00f6zellikleri:<\/h2>    <figure class=\"wp-block-image size-full\"><img loading=\"lazy\" decoding=\"async\" width=\"720\" height=\"540\" src=\"https:\/\/shuliybaler.com\/wp-content\/uploads\/2019\/12\/\u5fae\u4fe1\u622a\u56fe_20220530145403.jpg\" alt=\"metal kesme makas\u0131\" class=\"wp-image-2063\" title=\"\"><figcaption>Metal Kesme Makas\u0131<\/figcaption><\/figure>    <ol class=\"wp-block-list\"><li>D\u00fc\u015f\u00fck maliyet. K\u00f6pr\u00fc makas\u0131na k\u0131yasla fiyat \u00e7ok daha d\u00fc\u015f\u00fckt\u00fcr. Genel metal geri d\u00f6n\u00fc\u015f\u00fcm tesislerinde nadiren b\u00fcy\u00fck metal hurdalar\u0131 bulunur. Geleneksel hurdalar bu makineyle kesilebilir.<\/li><li>K\u00fc\u00e7\u00fck alan. K\u00fc\u00e7\u00fck ayak izi sayesinde, bu makine bir\u00e7ok yerde kullan\u0131labilir.<\/li><li>Y\u00fcksek \u00e7al\u0131\u015fma verimlili\u011fi. Bu makine dakikada 8-12 kez kesebilir ve \u00e7al\u0131\u015fma verimlili\u011fi \u00e7ok y\u00fcksektir.<\/li><li>Hidrolik iletme modunu benimser, stabil \u00e7al\u0131\u015fma, d\u00fc\u015f\u00fck g\u00fcr\u00fclt\u00fc ve y\u00fcksek g\u00fcvenlik fakt\u00f6rleri avantajlar\u0131na sahiptir.<\/li><li>Kolay kurulum. Bu makine ayak vidalar\u0131 kurmaya gerek duymaz, kullan\u0131m\u0131 basit ve esnektir, kesim y\u00fczeyi istenildi\u011fi gibi ayarlanabilir.<\/li><\/ol>    <h2 class=\"wp-block-heading\" id=\"h-operating-instructions-for-alligator-steel-shear-machine\">Timsah \u00e7elik makas makinesi kullan\u0131m talimatlar\u0131<\/h2>    <figure class=\"wp-block-image size-full\"><img loading=\"lazy\" decoding=\"async\" width=\"720\" height=\"540\" src=\"https:\/\/shuliybaler.com\/wp-content\/uploads\/2019\/12\/u196941569234101685fm199app68fJPEG.jpg\" alt=\"timsah \u00e7eli\u011fi makas\u0131 makinesi\" class=\"wp-image-2064\" title=\"\"><figcaption>Timsah \u00c7elik Makas Makinesi<\/figcaption><\/figure>    <p>1. Bu makinenin bas\u0131n\u00e7 aral\u0131\u011f\u0131 100 ile 300 ton aras\u0131ndad\u0131r.<\/p>    <p>2. Kesici uzunlu\u011fu 25-120 cm aras\u0131ndad\u0131r.<\/p>    <p>3. Hem makinenin kesme kuvveti hem de b\u0131\u00e7ak uzunlu\u011fu m\u00fc\u015fteri ihtiya\u00e7lar\u0131na g\u00f6re \u00f6zelle\u015ftirilebilir.<\/p>    <p>4. Yak\u0131t tank\u0131ndaki ya\u011f filtresini d\u00fczenli olarak kontrol edin ve zaman\u0131nda yabanc\u0131 maddeleri temizleyin, b\u00f6ylece ya\u011f borusunun t\u0131kanmas\u0131n\u0131 ve makinenin \u00e7al\u0131\u015fma verimlili\u011finin etkilenmesini \u00f6nleyin.<\/p>    <p>5. Her iki ayda bir makinenin vidalar\u0131n\u0131n s\u0131k\u0131 olup olmad\u0131\u011f\u0131n\u0131 ve d\u00fczg\u00fcn \u00e7al\u0131\u015f\u0131p \u00e7al\u0131\u015fmad\u0131\u011f\u0131n\u0131 kontrol edin.<\/p>    <p>6. Makineyi kullan\u0131rken \u00e7evredeki personelin g\u00fcvenli\u011fine dikkat edin. K\u0131sa malzemeleri keserken, elle yerine kelep\u00e7e kullan\u0131n.<\/p>    <h2 class=\"wp-block-heading\">Hurda metal kesme makinesi i\u00e7in yard\u0131mc\u0131 ekipman<\/h2>    <figure class=\"wp-block-image size-full\"><img loading=\"lazy\" decoding=\"async\" width=\"720\" height=\"540\" src=\"https:\/\/shuliybaler.com\/wp-content\/uploads\/2019\/12\/1a79d9871a0582dce90735cff14238a.jpg\" alt=\"Hurda metal kesme makas\u0131 konvey\u00f6r band\u0131\" class=\"wp-image-2057\" title=\"\"><figcaption>Hurda Metal Kesme Makas\u0131 Konvey\u00f6r Band\u0131<\/figcaption><\/figure>    <p>Bu metal makasan\u0131n \u00f6n\u00fcne bir konvey\u00f6r band\u0131 eklenebilir, bu da tamamen otomatik besleme sa\u011flar ve d\u00fczg\u00fcn besleme rol\u00fc de oynayabilir. Bu metal makas konvey\u00f6r band\u0131 iste\u011fe ba\u011fl\u0131d\u0131r, i\u015fleme ko\u015fullar\u0131na g\u00f6re sat\u0131n al\u0131p almama karar\u0131 verebilirsiniz.<\/p>    <figure class=\"wp-block-image size-full\"><img loading=\"lazy\" decoding=\"async\" width=\"720\" height=\"540\" src=\"https:\/\/shuliybaler.com\/wp-content\/uploads\/2019\/12\/\u5fae\u4fe1\u622a\u56fe_20211019111839.jpg\" alt=\"Hurda metal kesme makas\u0131\" class=\"wp-image-2065\" title=\"\"><figcaption>Hurda Metal Kesme Makas\u0131<\/figcaption><\/figure>    <h2 class=\"wp-block-heading\">Hurda metal kesme makas\u0131 videosu<\/h2>    <figure class=\"wp-block-embed is-type-video is-provider-youtube wp-block-embed-youtube wp-embed-aspect-16-9 wp-has-aspect-ratio\"><div class=\"wp-block-embed__wrapper\"> <iframe loading=\"lazy\" title=\"Bir makas ne kadar kal\u0131nl\u0131ktaki metali kesebilir? | Bir metal makas ne i\u00e7in kullan\u0131labilir? | hurda metal kesimi\" width=\"500\" height=\"281\" src=\"https:\/\/www.youtube.com\/embed\/v9FmaOvp3nc?feature=oembed\" frameborder=\"0\" allow=\"accelerometer; autoplay; clipboard-write; encrypted-media; gyroscope; picture-in-picture; web-share\" referrerpolicy=\"strict-origin-when-cross-origin\" allowfullscreen><\/iframe> <\/div><figcaption>hurda metal kesme makinesi<\/figcaption><\/figure>","protected":false},"excerpt":{"rendered":"<p>Scrap metal cutting shear also called alligator steel shear machine, is very suitable for cutting long metals. Compared with other cutting equipment, it has the characteristics of a lightweight, small footprint, and high efficiency. Therefore, this machine is often used in rolling mills, metal recycling plants, scrap car dismantling plants, electrical recycling plants, etc. It [&hellip;]<\/p>\n","protected":false},"author":1,"featured_media":2055,"parent":0,"template":"","tags":[30],"product-type":[43],"class_list":["post-572","product","type-product","status-publish","has-post-thumbnail","hentry","tag-scrap-metal-cutting-shear","product-type-metal-shear"],"_links":{"self":[{"href":"https:\/\/shuliybaler.com\/tr\/wp-json\/wp\/v2\/product\/572","targetHints":{"allow":["GET"]}}],"collection":[{"href":"https:\/\/shuliybaler.com\/tr\/wp-json\/wp\/v2\/product"}],"about":[{"href":"https:\/\/shuliybaler.com\/tr\/wp-json\/wp\/v2\/types\/product"}],"author":[{"embeddable":true,"href":"https:\/\/shuliybaler.com\/tr\/wp-json\/wp\/v2\/users\/1"}],"wp:featuredmedia":[{"embeddable":true,"href":"https:\/\/shuliybaler.com\/tr\/wp-json\/wp\/v2\/media\/2055"}],"wp:attachment":[{"href":"https:\/\/shuliybaler.com\/tr\/wp-json\/wp\/v2\/media?parent=572"}],"wp:term":[{"taxonomy":"post_tag","embeddable":true,"href":"https:\/\/shuliybaler.com\/tr\/wp-json\/wp\/v2\/tags?post=572"},{"taxonomy":"product-type","embeddable":true,"href":"https:\/\/shuliybaler.com\/tr\/wp-json\/wp\/v2\/product-type?post=572"}],"curies":[{"name":"wp","href":"https:\/\/api.w.org\/{rel}","templated":true}]}}