{"id":654,"date":"2019-12-26T11:08:05","date_gmt":"2019-12-26T03:08:05","guid":{"rendered":"https:\/\/shuliybaler.com\/?p=654"},"modified":"2022-12-27T09:01:48","modified_gmt":"2022-12-27T01:01:48","slug":"scrap-metal-baler","status":"publish","type":"product","link":"https:\/\/shuliybaler.com\/tr\/product\/scrap-metal-baler\/","title":{"rendered":"Hurda metal balyalama | al\u00fcminyum metal balyalama makinesi"},"content":{"rendered":"<p class=\"translation-block\">Hurda metal s\u0131k\u0131\u015ft\u0131r\u0131c\u0131, metal geri d\u00f6n\u00fc\u015f\u00fcm end\u00fcstrisi i\u00e7in kullan\u0131lan metal s\u0131k\u0131\u015ft\u0131rma makinesidir. Makine ile i\u015flenerek d\u00fczensiz metal, belirli boyutta kareye s\u0131k\u0131\u015ft\u0131r\u0131labilir, ta\u015f\u0131mak ve depolamak kolayd\u0131r. <a href=\"https:\/\/shuliybaler.com\/tr\/aluminum-can-baler\/\">metal s\u0131k\u0131\u015ft\u0131r\u0131c\u0131<\/a> hem metal geri d\u00f6n\u00fc\u015f\u00fcm end\u00fcstrisinde hem de hurda araba geri d\u00f6n\u00fc\u015f\u00fcm end\u00fcstrisinde, at\u0131k ka\u011f\u0131t s\u0131k\u0131\u015ft\u0131rma gibi alanlarda kullan\u0131labilir. Makine basit ve kullan\u0131m\u0131 rahatt\u0131r.<\/p>    <figure class=\"wp-block-image size-full\"><img loading=\"lazy\" decoding=\"async\" width=\"720\" height=\"540\" src=\"https:\/\/shuliybaler.com\/wp-content\/uploads\/2019\/12\/QQ\u622a\u56fe20180930110637.jpg\" alt=\"Hurda metal presi\" class=\"wp-image-2024\" title=\"\"><figcaption class=\"wp-element-caption\">Hurda metal s\u0131k\u0131\u015ft\u0131r\u0131c\u0131<\/figcaption><\/figure>    <h2 class=\"wp-block-heading\" id=\"h-application-range-of-metal-baling-machine\">Metal s\u0131k\u0131\u015ft\u0131r\u0131c\u0131 kullan\u0131m alan\u0131<\/h2>    <p>Hurda metal s\u0131k\u0131\u015ft\u0131r\u0131c\u0131, metal kenarlar\u0131n\u0131, \u00e7elik tala\u015flar\u0131n\u0131, al\u00fcminyum, bak\u0131r ve di\u011fer metalleri dikd\u00f6rtgen, silindirik, alt\u0131gen, sekizgen gibi \u00e7e\u015fitli \u015fekillere ekstr\u00fcde edebilir, f\u0131r\u0131n malzemesi olarak kullan\u0131labilir ve nakliye maliyetlerini azalt\u0131r. Ayr\u0131ca, kutular\u0131, plastik \u015fi\u015feleri, at\u0131k ka\u011f\u0131tlar\u0131 ve di\u011fer \u00fcr\u00fcnleri paketlemek i\u00e7in de kullan\u0131labilir. Hurda metal s\u0131k\u0131\u015ft\u0131r\u0131c\u0131, metal geri d\u00f6n\u00fc\u015f\u00fcm end\u00fcstrisi, metallurji, \u00e7elik \u00fcretimi ve hurda geri d\u00f6n\u00fc\u015f\u00fcm sekt\u00f6r\u00fcnde yayg\u0131n olarak kullan\u0131l\u0131r.<\/p>    <figure class=\"wp-block-image size-full\"><img loading=\"lazy\" decoding=\"async\" width=\"720\" height=\"540\" src=\"https:\/\/shuliybaler.com\/wp-content\/uploads\/2019\/12\/\u5fae\u4fe1\u622a\u56fe_20220526143405.jpg\" alt=\"hurda metal balyalama makinesinin uygulamas\u0131\" class=\"wp-image-2025\" title=\"\"><figcaption class=\"wp-element-caption\">Hurda metal s\u0131k\u0131\u015ft\u0131r\u0131c\u0131 uygulamas\u0131<\/figcaption><\/figure>    <h2 class=\"wp-block-heading\" id=\"h-why-need-to-use-a-metal-baler\">Hurda metal kullan\u0131m\u0131 neden gereklidir?<\/h2>    <figure class=\"wp-block-image size-full\"><img loading=\"lazy\" decoding=\"async\" width=\"720\" height=\"540\" src=\"https:\/\/shuliybaler.com\/wp-content\/uploads\/2019\/12\/\u672a\u547d\u540d\u56fe\u7247-5.jpg\" alt=\"metal balya makinesi\" class=\"wp-image-2028\" title=\"\"><figcaption class=\"wp-element-caption\">Metal S\u0131k\u0131\u015ft\u0131r\u0131c\u0131<\/figcaption><\/figure>    <p>Baz\u0131 hurda metaller, farkl\u0131 \u015fekillerde \u00e7e\u015fitli \u00fcr\u00fcnlerden s\u00f6k\u00fclm\u00fc\u015f olup, depolama ve ta\u015f\u0131ma a\u00e7\u0131s\u0131ndan zorluk \u00e7\u0131kar\u0131r. S\u0131k\u0131\u015ft\u0131r\u0131ld\u0131ktan ve balyalanmadan sonra, metal tek bir boyutta olur ve listelenebilir, depo alan\u0131ndan tasarruf sa\u011flar. Ta\u015f\u0131ma s\u0131ras\u0131nda, vin\u00e7 kullan\u0131larak do\u011frudan kald\u0131r\u0131labilir, bu da ta\u015f\u0131ma verimlili\u011fini art\u0131r\u0131r ve ta\u015f\u0131ma maliyetlerini azalt\u0131r. Ayr\u0131ca, ta\u015f\u0131ma maliyetlerini d\u00fc\u015f\u00fcr\u00fcr.<\/p>    <h2 class=\"wp-block-heading\">Hurda metalin iyi olmas\u0131n\u0131n nedeni nedir?<\/h2>    <figure class=\"wp-block-image size-full\"><img loading=\"lazy\" decoding=\"async\" width=\"720\" height=\"540\" src=\"https:\/\/shuliybaler.com\/wp-content\/uploads\/2019\/12\/\u5fae\u4fe1\u622a\u56fe_20220526143548.jpg\" alt=\"metal blok\" class=\"wp-image-2026\" title=\"\"><figcaption class=\"wp-element-caption\">Metal Blok<\/figcaption><\/figure>    <p>Metal mineral kaynaklar\u0131 yenilenemez ve giderek azalmaktad\u0131r. Metal kaynaklar\u0131n\u0131n tam kullan\u0131m\u0131 i\u00e7in bir\u00e7ok \u00fclke \u00e7e\u015fitli te\u015fvik politikalar\u0131 getirmi\u015ftir. Ayr\u0131ca, devlet b\u00fcy\u00fck miktarda metal ihracat\u0131n\u0131 izinsiz yasaklamaktad\u0131r. Bu nedenle, metal geri d\u00f6n\u00fc\u015f\u00fcm end\u00fcstrisi s\u00fcrekli geli\u015fmeye ba\u015flam\u0131\u015ft\u0131r. Hurda metal geri d\u00f6n\u00fc\u015f\u00fcm\u00fc y\u00fcksek k\u00e2rl\u0131 olmas\u0131n\u0131n yan\u0131 s\u0131ra kaynak tasarrufu ve \u00e7evre koruma a\u00e7\u0131s\u0131ndan da faydal\u0131d\u0131r.<\/p>    <h2 class=\"wp-block-heading\">Hurda metal s\u0131k\u0131\u015ft\u0131r\u0131c\u0131 operasyonu<\/h2>    <figure class=\"wp-block-image size-full\"><img loading=\"lazy\" decoding=\"async\" width=\"720\" height=\"540\" src=\"https:\/\/shuliybaler.com\/wp-content\/uploads\/2019\/12\/6.jpg\" alt=\"Metal balyalama i\u015flemi\" class=\"wp-image-2027\" title=\"\"><figcaption class=\"wp-element-caption\">Metal S\u0131k\u0131\u015ft\u0131r\u0131c\u0131 Operasyonu<\/figcaption><\/figure>    <p>Hurda al\u00fcminyum veya di\u011fer metal malzemeleri balyalama i\u00e7in oluk i\u00e7ine koyun, kolu itin ve ard\u0131ndan balyalama i\u015flemini ger\u00e7ekle\u015ftirin, makinenin s\u0131k\u0131\u015ft\u0131rma sonras\u0131 metal blo\u011fu d\u0131\u015far\u0131 at\u0131l\u0131r. Makinenin bo\u015faltma y\u00f6ntemleri: \u00f6ne itme, yana \u00e7evirme, yana itme veya otomatik balya bo\u015faltma olmadan kullanma.<\/p>    <h2 class=\"wp-block-heading\">Hurda metal s\u0131k\u0131\u015ft\u0131r\u0131c\u0131 yap\u0131s\u0131<\/h2>    <figure class=\"wp-block-image size-full\"><img loading=\"lazy\" decoding=\"async\" width=\"720\" height=\"540\" src=\"https:\/\/shuliybaler.com\/wp-content\/uploads\/2019\/12\/timg-5.jpg\" alt=\"metal balyalama yap\u0131s\u0131\" class=\"wp-image-2029\" title=\"\"><figcaption class=\"wp-element-caption\">Metal S\u0131k\u0131\u015ft\u0131r\u0131c\u0131 Yap\u0131s\u0131<\/figcaption><\/figure>    <p>Metal s\u0131k\u0131\u015ft\u0131rma makinesi, g\u00f6vde, ana silindir, yan silindir, kapak silindiri, kilit silindiri, y\u00fcksek bas\u0131n\u00e7l\u0131 ya\u011f pompas\u0131, hidrolik valf grubu, elektrik sistemi ve boru hatt\u0131 sisteminden olu\u015fur. Metal s\u0131k\u0131\u015ft\u0131rma makinesi, hidrolik tahrik sistemi, kompakt yap\u0131 ve basit kullan\u0131m sa\u011flar.<\/p>    <h2 class=\"wp-block-heading\" id=\"h-characteristics-of-scrap-metal-baler\">Hurda metal s\u0131k\u0131\u015ft\u0131r\u0131c\u0131 \u00f6zellikleri<\/h2>    <figure class=\"wp-block-gallery has-nested-images columns-default is-cropped wp-block-gallery-2 is-layout-flex wp-block-gallery-is-layout-flex\"> <figure class=\"wp-block-image size-full\"><img loading=\"lazy\" decoding=\"async\" width=\"720\" height=\"540\" data-id=\"2031\" src=\"https:\/\/shuliybaler.com\/wp-content\/uploads\/2019\/12\/QQ\u622a\u56fe20180930110342.jpg\" alt=\"hurda metal balyalama makinesi\" class=\"wp-image-2031\" title=\"\"><figcaption class=\"wp-element-caption\">Hurda metal s\u0131k\u0131\u015ft\u0131r\u0131c\u0131<\/figcaption><\/figure>    <figure class=\"wp-block-image size-full\"><img loading=\"lazy\" decoding=\"async\" width=\"720\" height=\"540\" data-id=\"2030\" src=\"https:\/\/shuliybaler.com\/wp-content\/uploads\/2019\/12\/QQ\u622a\u56fe20180930110421.jpg\" alt=\"hurda metal balyalama makinesi\" class=\"wp-image-2030\" title=\"\"><figcaption class=\"wp-element-caption\">Hurda metal s\u0131k\u0131\u015ft\u0131r\u0131c\u0131<\/figcaption><\/figure> <\/figure>    <p class=\"translation-block\"><strong>1. Hidrolik tahrik sistemini kullan\u0131n.<\/strong>Makine d\u00fczg\u00fcn \u00e7al\u0131\u015f\u0131r ve \u00e7al\u0131\u015fma s\u0131ras\u0131nda d\u00fc\u015f\u00fck g\u00fcr\u00fclt\u00fc seviyesine sahiptir, b\u00f6ylece iyi bir \u00fcretim ortam\u0131 sa\u011flar.<\/p>    <p class=\"translation-block\"><strong>2. Geni\u015f uygulama.<\/strong>\u00a0Birden fazla malzeme i\u015flenebilir ve \u00e7e\u015fitli \u015fekillerde metal bloklara s\u0131k\u0131\u015ft\u0131r\u0131labilir.<\/p>    <p class=\"translation-block\"><strong>3. Geni\u015f se\u00e7im. <\/strong>Makinenin bas\u0131n\u00e7 aral\u0131\u011f\u0131 80-400 ton aras\u0131nda olup, her \u00fcretim ihtiyac\u0131n\u0131za uygun bir makine mevcuttur. Tabii ki, 400 ton \u00fczeri bas\u0131nca sahip makineler de sunuyoruz, ihtiyac\u0131n\u0131za g\u00f6re \u00f6zelle\u015ftirebilirsiniz.<\/p>    <p class=\"translation-block\"><strong>4. Alan Tasarrufu.<\/strong>\u00a0B\u00fcy\u00fck bir metal par\u00e7as\u0131n\u0131 daha yo\u011fun bir par\u00e7a haline getirmek alan tasarrufu sa\u011flar ve bir anlamda maliyetleri de azalt\u0131r.<\/p>    <p class=\"translation-block\"><strong>5. Kolay kurulum. <\/strong>Makine monte edildikten sonra, sadece d\u00fcz bir zemine yerle\u015ftirilmesi yeterlidir, ba\u015fka kurulum gerekmez.<\/p>    <figure class=\"wp-block-gallery has-nested-images columns-2 is-cropped wp-block-gallery-3 is-layout-flex wp-block-gallery-is-layout-flex\"> <figure class=\"wp-block-image size-large\"><img loading=\"lazy\" decoding=\"async\" width=\"720\" height=\"540\" data-id=\"656\" src=\"https:\/\/shuliybaler.com\/wp-content\/uploads\/2019\/12\/Aluminum-sheet-baler.jpg\" alt=\"Al\u00fcminyum levha s\u0131k\u0131\u015ft\u0131r\u0131c\u0131\" class=\"wp-image-656\" title=\"\" srcset=\"https:\/\/shuliybaler.com\/wp-content\/uploads\/2019\/12\/Aluminum-sheet-baler.jpg 720w, https:\/\/shuliybaler.com\/wp-content\/uploads\/2019\/12\/Aluminum-sheet-baler-360x270.jpg 360w, https:\/\/shuliybaler.com\/wp-content\/uploads\/2019\/12\/Aluminum-sheet-baler-180x135.jpg 180w\" sizes=\"auto, (max-width: 720px) 100vw, 720px\" \/><figcaption class=\"wp-element-caption\">Al\u00fcminyum Levha S\u0131k\u0131\u015ft\u0131r\u0131c\u0131<\/figcaption><\/figure>    <figure class=\"wp-block-image size-large\"><img loading=\"lazy\" decoding=\"async\" width=\"720\" height=\"540\" data-id=\"659\" src=\"https:\/\/shuliybaler.com\/wp-content\/uploads\/2019\/12\/Scrap-iron-baler.jpg\" alt=\"Hurda Demir S\u0131k\u0131\u015ft\u0131r\u0131c\u0131\" class=\"wp-image-659\" title=\"\" srcset=\"https:\/\/shuliybaler.com\/wp-content\/uploads\/2019\/12\/Scrap-iron-baler.jpg 720w, https:\/\/shuliybaler.com\/wp-content\/uploads\/2019\/12\/Scrap-iron-baler-360x270.jpg 360w, https:\/\/shuliybaler.com\/wp-content\/uploads\/2019\/12\/Scrap-iron-baler-180x135.jpg 180w\" sizes=\"auto, (max-width: 720px) 100vw, 720px\" \/><figcaption class=\"wp-element-caption\">Hurda Demir S\u0131k\u0131\u015ft\u0131r\u0131c\u0131<\/figcaption><\/figure> <\/figure>    <h2 class=\"wp-block-heading\" id=\"h-scrap-metal-baler-parameters\">Hurda metal s\u0131k\u0131\u015ft\u0131r\u0131c\u0131 parametreleri<\/h2>    <figure class=\"wp-block-table\"><table><tbody><tr><td>Model<\/td><td>\u0130tme G\u00fcc\u00fc<\/td><td>S\u0131k\u0131\u015ft\u0131r\u0131lm\u0131\u015f depo(mm)<\/td><td>S\u0131k\u0131\u015ft\u0131r\u0131c\u0131 boyutu<br>(mm)<\/td><td>Blok yo\u011funlu\u011fu(kg\/saat)<\/td><td>&nbsp;Verimlilik(kg\/saat)<\/td><td>Tek d\u00f6ng\u00fc s\u00fcresi(s)<\/td><td>G\u00fc\u00e7(kW)<\/td><\/tr><tr><td>Y81-1250A<\/td><td>1250<\/td><td>1200*700*600<\/td><td>300*300<\/td><td>\u22652000<\/td><td>1200-1800<\/td><td>\u2264120<\/td><td>15<\/td><\/tr><tr><td>Y81-1250B<\/td><td>1250<\/td><td>1400*800*700<\/td><td>300*300<\/td><td>\u22652000<\/td><td>1600-2300<\/td><td>\u2264140<\/td><td>15<\/td><\/tr><tr><td>Y81-1350<\/td><td>1350<\/td><td>1400*600*600<\/td><td>600*240<\/td><td>\u22652000<\/td><td>1600-2500<\/td><td>\u2264100<\/td><td>18.5<\/td><\/tr><tr><td>Y81-1600A<\/td><td>1600<\/td><td>1600*1000*800<\/td><td>400*400<\/td><td>\u22652000<\/td><td>2000-3500<\/td><td>\u2264120<\/td><td>22<\/td><\/tr><tr><td>Y81-1600B<\/td><td>1600<\/td><td>1600*1200*800<\/td><td>400*400<\/td><td>\u22652000<\/td><td>2000-4000<\/td><td>\u2264130<\/td><td>30<\/td><\/tr><tr><td>Y81-2000A<\/td><td>2000<\/td><td>1600*1200*800<\/td><td>400*400<\/td><td>\u22652000<\/td><td>2500-4500<\/td><td>\u2264130<\/td><td>22\/15<\/td><\/tr><tr><td>Y81-2000B<\/td><td>2000<\/td><td>1800*1400*900<\/td><td>450*450<\/td><td>\u22652000<\/td><td>3000-5000<\/td><td>\u2264130<\/td><td>30\/37<\/td><\/tr><tr><td>Y81-2500A<\/td><td>2500<\/td><td>2000*1400*900<\/td><td>500*500<\/td><td>\u22652000<\/td><td>4000-6300<\/td><td>\u2264130<\/td><td>44\/60<\/td><\/tr><tr><td>Y81-2500B<\/td><td>2500<\/td><td>2000*1750*1000<\/td><td>500*500<\/td><td>\u22652000<\/td><td>5000-6300<\/td><td>\u2264150<\/td><td>44<\/td><\/tr><tr><td>Y81-2500C<\/td><td>2500<\/td><td>2000*1750*1200<\/td><td>600*600<\/td><td>\u22652000<\/td><td>5500-6500<\/td><td>\u2264150<\/td><td>60<\/td><\/tr><tr><td>Y81-2500D<\/td><td>2500<\/td><td>2500*2000*1200<\/td><td>600*600<\/td><td>\u22652000<\/td><td>5500-6500<\/td><td>\u2264150<\/td><td>60<\/td><\/tr><tr><td>Y81-3150A<\/td><td>3150<\/td><td>2000*1750*1000<\/td><td>500*500<\/td><td>\u22652000<\/td><td>4000-6500<\/td><td>\u2264150<\/td><td>60<\/td><\/tr><tr><td>Y81-3150B<\/td><td>3150<\/td><td>2000*1750*1200<\/td><td>600*600<\/td><td>\u22652000<\/td><td>5000-7000<\/td><td>\u2264150<\/td><td>60<\/td><\/tr><tr><td>Y81-3150C<\/td><td>3150<\/td><td>2500*2000*1200<\/td><td>600*600<\/td><td>\u22652000<\/td><td>6000-8000<\/td><td>\u2264150<\/td><td>90<\/td><\/tr><tr><td>Y81-3150D<\/td><td>3150<\/td><td>3000*2500*1200<\/td><td>600*600<\/td><td>\u22652000<\/td><td>6000-8000<\/td><td>\u2264160<\/td><td>90<\/td><\/tr><tr><td>Y81-4000A<\/td><td>4000<\/td><td>2500*2000*1200<\/td><td>600*600<\/td><td>\u22652000<\/td><td>5000-7500<\/td><td>\u2264160<\/td><td>90<\/td><\/tr><tr><td>Y81-4000B<\/td><td>4000<\/td><td>3000*2500*1200<\/td><td>600*600<\/td><td>\u22652000<\/td><td>8500-13000<\/td><td>\u2264160<\/td><td>90<\/td><\/tr><tr><td>Y81-4000C<\/td><td>4000<\/td><td>3500*3000*1200<\/td><td>600*600<\/td><td>\u22652000<\/td><td>9500-14000<\/td><td>\u2264160<\/td><td>90<\/td><\/tr><\/tbody><\/table><figcaption class=\"wp-element-caption\">metal s\u0131k\u0131\u015ft\u0131r\u0131c\u0131 parametreleri<\/figcaption><\/figure>    <figure class=\"wp-block-image size-full\"><img loading=\"lazy\" decoding=\"async\" width=\"720\" height=\"540\" src=\"https:\/\/shuliybaler.com\/wp-content\/uploads\/2019\/12\/3.jpg\" alt=\"metal balya makinesi \" class=\"wp-image-2037\" title=\"\"><figcaption class=\"wp-element-caption\">Metal S\u0131k\u0131\u015ft\u0131r\u0131c\u0131 <\/figcaption><\/figure>    <p class=\"translation-block\"><a href=\"https:\/\/shuliybaler.com\/tr\/vertical-metal-baler\/\">metal s\u0131k\u0131\u015ft\u0131r\u0131c\u0131<\/a> model parametresi, makinenin itme g\u00fcc\u00fcn\u00fc temsil eder. Model ne kadar b\u00fcy\u00fckse, makinenin itme g\u00fcc\u00fc de o kadar fazlad\u0131r, bu da daha fazla metal i\u015flenebilece\u011fi anlam\u0131na gelir. Ayr\u0131ca, her makine tipi ayn\u0131 \u00f6zellikte metal bloklar \u00fcretebilir. Sat\u0131n al\u0131rken, i\u015flemek istedi\u011finiz metalin boyutuna ve s\u0131k\u0131\u015ft\u0131rmak istedi\u011finiz boyuta g\u00f6re metal s\u0131k\u0131\u015ft\u0131r\u0131c\u0131 alabilirsiniz.<\/p>    <h2 class=\"wp-block-heading\">Hurda metalin kalitesini ne etkiler?<\/h2>    <figure class=\"wp-block-gallery has-nested-images columns-2 is-cropped wp-block-gallery-4 is-layout-flex wp-block-gallery-is-layout-flex\"> <figure class=\"wp-block-image size-large\"><img loading=\"lazy\" decoding=\"async\" width=\"720\" height=\"540\" data-id=\"2036\" src=\"https:\/\/shuliybaler.com\/wp-content\/uploads\/2019\/12\/11.jpg\" alt=\"hurda al\u00fcminyum balyas\u0131\" class=\"wp-image-2036\" title=\"\"><figcaption class=\"wp-element-caption\">Al\u00fcminyum Balya<\/figcaption><\/figure>    <figure class=\"wp-block-image size-large\"><img loading=\"lazy\" decoding=\"async\" width=\"720\" height=\"540\" data-id=\"2034\" src=\"https:\/\/shuliybaler.com\/wp-content\/uploads\/2019\/12\/10.jpg\" alt=\"hurda al\u00fcminyum balyas\u0131\" class=\"wp-image-2034\" title=\"\"><figcaption class=\"wp-element-caption\">Al\u00fcminyum Balya<\/figcaption><\/figure>    <figure class=\"wp-block-image size-large\"><img loading=\"lazy\" decoding=\"async\" width=\"720\" height=\"540\" data-id=\"2033\" src=\"https:\/\/shuliybaler.com\/wp-content\/uploads\/2019\/12\/timg-18.jpg\" alt=\"hurda al\u00fcminyum balyas\u0131\" class=\"wp-image-2033\" title=\"\"><figcaption class=\"wp-element-caption\">Al\u00fcminyum Balya<\/figcaption><\/figure>    <figure class=\"wp-block-image size-large\"><img loading=\"lazy\" decoding=\"async\" width=\"720\" height=\"540\" data-id=\"2032\" src=\"https:\/\/shuliybaler.com\/wp-content\/uploads\/2019\/12\/10602767033_1781001424.jpg\" alt=\"hurda al\u00fcminyum balyas\u0131\" class=\"wp-image-2032\" title=\"\"><figcaption class=\"wp-element-caption\">Al\u00fcminyum Balya<\/figcaption><\/figure> <\/figure>    <p class=\"translation-block\"><a href=\"https:\/\/shuliybaler.com\/tr\/what-factors-affect-the-quality-of-the-metal-baler\/\">Metal s\u0131k\u0131\u015ft\u0131r\u0131c\u0131n\u0131n kalitesini hangi y\u00f6nlerimize g\u00f6re de\u011ferlendirmeliyiz?<\/a> Makine, malzeme, hidrolik sistem, maksimum bas\u0131n\u00e7 gibi unsurlardan se\u00e7ilebilir. Makine \u00e7al\u0131\u015f\u0131rken s\u0131cakl\u0131k artar, hidrolik ya\u011f\u0131n s\u0131cakl\u0131\u011f\u0131 bir\u00e7ok nedene ba\u011fl\u0131d\u0131r. Hidrolik makinelerin ya\u011f s\u0131cakl\u0131\u011f\u0131 y\u00fckseldi\u011finde, kullan\u0131c\u0131lar a\u015fa\u011f\u0131daki nedenleri g\u00f6rebilir. \u00d6rne\u011fin, metal s\u0131k\u0131\u015ft\u0131r\u0131c\u0131s\u0131n\u0131n \u0131s\u0131 da\u011f\u0131l\u0131m\u0131 zay\u0131ft\u0131r. End\u00fcstrinin geli\u015fimiyle birlikte.<\/p>    <h2 class=\"wp-block-heading\">Metal s\u0131k\u0131\u015ft\u0131r\u0131c\u0131 videosu<\/h2>    <figure class=\"wp-block-embed is-type-video is-provider-youtube wp-block-embed-youtube wp-embed-aspect-16-9 wp-has-aspect-ratio\"><div class=\"wp-block-embed__wrapper\"> <iframe loading=\"lazy\" title=\"Geri d\u00f6n\u00fc\u015f\u00fcm tesisinde preslenmi\u015f al\u00fcminyum metal nedir? | metal s\u0131k\u0131\u015ft\u0131r\u0131c\u0131 | hurda metal s\u0131k\u0131\u015ft\u0131r\u0131c\u0131\" width=\"500\" height=\"281\" src=\"https:\/\/www.youtube.com\/embed\/XzuHDaIrrcI?feature=oembed\" frameborder=\"0\" allow=\"accelerometer; autoplay; clipboard-write; encrypted-media; gyroscope; picture-in-picture; web-share\" referrerpolicy=\"strict-origin-when-cross-origin\" allowfullscreen><\/iframe> <\/div><figcaption class=\"wp-element-caption\">metal s\u0131k\u0131\u015ft\u0131r\u0131c\u0131<\/figcaption><\/figure>","protected":false},"excerpt":{"rendered":"<p>Scrap metal baler&nbsp;is used for metal recycling industry metal compression machine, through the processing of the machine can be irregular metal compression into a specific size of the square, easy to transport and storage, the metal baling machine can be used for the metal recycling industry, can also be used for scrap car recycling industry, [&hellip;]<\/p>\n","protected":false},"author":1,"featured_media":2023,"parent":0,"template":"","tags":[],"product-type":[41],"class_list":["post-654","product","type-product","status-publish","has-post-thumbnail","hentry","product-type-metal-baler-machine"],"_links":{"self":[{"href":"https:\/\/shuliybaler.com\/tr\/wp-json\/wp\/v2\/product\/654","targetHints":{"allow":["GET"]}}],"collection":[{"href":"https:\/\/shuliybaler.com\/tr\/wp-json\/wp\/v2\/product"}],"about":[{"href":"https:\/\/shuliybaler.com\/tr\/wp-json\/wp\/v2\/types\/product"}],"author":[{"embeddable":true,"href":"https:\/\/shuliybaler.com\/tr\/wp-json\/wp\/v2\/users\/1"}],"wp:featuredmedia":[{"embeddable":true,"href":"https:\/\/shuliybaler.com\/tr\/wp-json\/wp\/v2\/media\/2023"}],"wp:attachment":[{"href":"https:\/\/shuliybaler.com\/tr\/wp-json\/wp\/v2\/media?parent=654"}],"wp:term":[{"taxonomy":"post_tag","embeddable":true,"href":"https:\/\/shuliybaler.com\/tr\/wp-json\/wp\/v2\/tags?post=654"},{"taxonomy":"product-type","embeddable":true,"href":"https:\/\/shuliybaler.com\/tr\/wp-json\/wp\/v2\/product-type?post=654"}],"curies":[{"name":"wp","href":"https:\/\/api.w.org\/{rel}","templated":true}]}}