{"id":19,"date":"2019-11-30T01:26:31","date_gmt":"2019-11-30T01:26:31","guid":{"rendered":"https:\/\/shuliybaler.com\/?page_id=19"},"modified":"2022-09-28T15:34:50","modified_gmt":"2022-09-28T07:34:50","slug":"services","status":"publish","type":"page","link":"https:\/\/shuliybaler.com\/vi\/services\/","title":{"rendered":"D\u1ecbch v\u1ee5"},"content":{"rendered":"<h2 class=\"wp-block-heading\"> D\u1ecbch v\u1ee5 k\u1ef9 thu\u1eadt<\/h2>    <p>Tr\u01b0\u1edbc khi mua m\u00e1y, b\u1ea1n c\u00f3 th\u1ec3 tr\u00f2 chuy\u1ec7n v\u1edbi c\u00e1c t\u01b0 v\u1ea5n vi\u00ean b\u00e1n h\u00e0ng c\u1ee7a ch\u00fang t\u00f4i, h\u1ecd s\u1ebd gi\u1ea3i quy\u1ebft c\u00e1c v\u1ea5n \u0111\u1ec1 v\u1ec1 m\u00e1y cho b\u1ea1n. N\u1ebfu c\u1ea7n, b\u1ea1n c\u0169ng c\u00f3 th\u1ec3 li\u00ean h\u1ec7 tr\u1ef1c ti\u1ebfp v\u1edbi \u0111\u1ed9i ng\u0169 k\u1ef9 thu\u1eadt \u0111\u1ec3 nh\u1eadn \u0111\u01b0\u1ee3c c\u00e2u tr\u1ea3 l\u1eddi chuy\u00ean nghi\u1ec7p h\u01a1n.<\/p>    <p>2. Sau khi mua m\u00e1y, ch\u00fang t\u00f4i s\u1ebd g\u1eedi cho b\u1ea1n video, h\u00ecnh \u1ea3nh, t\u00e0i li\u1ec7u, v.v. \u0111\u1ec3 h\u01b0\u1edbng d\u1eabn l\u1eafp \u0111\u1eb7t m\u00e1y. N\u1ebfu c\u1ea7n, ch\u00fang t\u00f4i c\u00f3 th\u1ec3 c\u1eed k\u1ef9 thu\u1eadt vi\u00ean t\u1edbi n\u01b0\u1edbc b\u1ea1n \u0111\u1ec3 gi\u1ea3i quy\u1ebft m\u1ed9t lo\u1ea1t v\u1ea5n \u0111\u1ec1 nh\u01b0 l\u1eafp \u0111\u1eb7t v\u00e0 s\u1eed d\u1ee5ng.<\/p>    <p>3. C\u00f4ng ty ch\u00fang t\u00f4i cung c\u1ea5p c\u00e1c d\u1ecbch v\u1ee5 kh\u00e1c nhau nh\u01b0 thi\u1ebft k\u1ebf nh\u00e0 m\u00e1y, t\u00ednh to\u00e1n di\u1ec7n t\u00edch nh\u00e0 m\u00e1y, b\u1ea3n v\u1ebd nh\u00e0 m\u00e1y v\u00e0 c\u00e1c d\u1ecbch v\u1ee5 kh\u00e1c.<\/p>    <p>4. Xin vui l\u00f2ng g\u1eedi tin nh\u1eafn cho ch\u00fang t\u00f4i trong v\u00f2ng 24 gi\u1edd.<\/p>    <figure class=\"wp-block-image size-large\"><img loading=\"lazy\" decoding=\"async\" width=\"800\" height=\"500\" src=\"https:\/\/shuliybaler.com\/wp-content\/uploads\/2019\/12\/Technischer-Support.jpg\" alt=\"H\u1ed7 tr\u1ee3 k\u1ef9 thu\u1eadt\" class=\"wp-image-450\" title=\"\" srcset=\"https:\/\/shuliybaler.com\/wp-content\/uploads\/2019\/12\/Technischer-Support.jpg 800w, https:\/\/shuliybaler.com\/wp-content\/uploads\/2019\/12\/Technischer-Support-360x225.jpg 360w, https:\/\/shuliybaler.com\/wp-content\/uploads\/2019\/12\/Technischer-Support-720x450.jpg 720w, https:\/\/shuliybaler.com\/wp-content\/uploads\/2019\/12\/Technischer-Support-768x480.jpg 768w\" sizes=\"auto, (max-width: 800px) 100vw, 800px\" \/><figcaption>H\u1ed7 tr\u1ee3 k\u1ef9 thu\u1eadt<\/figcaption><\/figure>    <h2 class=\"wp-block-heading\">H\u1ed7 tr\u1ee3 t\u00f9y ch\u1ec9nh<\/h2>    <p>H\u1ea7u h\u1ebft c\u00e1c m\u00e1y h\u1ed7 tr\u1ee3 t\u00f9y ch\u1ec9nh \u0111\u1ec3 \u0111\u00e1p \u1ee9ng c\u00e1c y\u00eau c\u1ea7u kh\u00e1c nhau c\u1ee7a kh\u00e1ch h\u00e0ng. Vi\u1ec7c t\u00f9y ch\u1ec9nh bao g\u1ed3m v\u1eadt li\u1ec7u m\u00e1y, \u0111\u1ed9 d\u00e0y v\u1eadt li\u1ec7u, k\u00edch th\u01b0\u1edbc khu\u00f4n m\u00e1y, thay \u0111\u1ed5i \u0111i\u1ec7n \u00e1p, v.v.<\/p>    <div class=\"wp-block-media-text alignwide is-stacked-on-mobile\"><figure class=\"wp-block-media-text__media\"><img loading=\"lazy\" decoding=\"async\" width=\"720\" height=\"540\" src=\"https:\/\/shuliybaler.com\/wp-content\/uploads\/2019\/12\/Pick-up-managing-customer-accommodation.jpg\" alt=\"\" class=\"wp-image-452 size-full\" title=\"\" srcset=\"https:\/\/shuliybaler.com\/wp-content\/uploads\/2019\/12\/Pick-up-managing-customer-accommodation.jpg 720w, https:\/\/shuliybaler.com\/wp-content\/uploads\/2019\/12\/Pick-up-managing-customer-accommodation-360x270.jpg 360w, https:\/\/shuliybaler.com\/wp-content\/uploads\/2019\/12\/Pick-up-managing-customer-accommodation-180x135.jpg 180w\" sizes=\"auto, (max-width: 720px) 100vw, 720px\" \/><\/figure><div class=\"wp-block-media-text__content\"> <h2 class=\"wp-block-heading\">Ti\u1ebfp \u0111\u00f3n kh\u00e1ch<\/h2>    <p>N\u1ebfu b\u1ea1n mu\u1ed1n th\u1eed nghi\u1ec7m ho\u1eb7c tham quan nh\u00e0 m\u00e1y c\u1ee7a ch\u00fang t\u00f4i, ch\u00fang t\u00f4i c\u00f3 th\u1ec3 cung c\u1ea5p d\u1ecbch v\u1ee5 \u0111\u01b0a \u0111\u00f3n \u0111\u1eb7c bi\u1ec7t, d\u1ecbch v\u1ee5 t\u00f9y bi\u1ebfn kh\u00e1ch s\u1ea1n, d\u1ecbch v\u1ee5 \u0103n u\u1ed1ng, v.v., \u0111\u1ec3 b\u1ea1n y\u00ean t\u00e2m h\u01a1n khi \u1edf n\u01b0\u1edbc ngo\u00e0i.<\/p> <\/div><\/div>    <div class=\"wp-block-media-text alignwide has-media-on-the-right is-stacked-on-mobile\"><figure class=\"wp-block-media-text__media\"><img loading=\"lazy\" decoding=\"async\" width=\"720\" height=\"540\" src=\"https:\/\/shuliybaler.com\/wp-content\/uploads\/2019\/12\/Support-all-forms-of-logistics.jpg\" alt=\"H\u1ed7 tr\u1ee3 t\u1ea5t c\u1ea3 c\u00e1c h\u00ecnh th\u1ee9c logistics\" class=\"wp-image-453 size-full\" title=\"\" srcset=\"https:\/\/shuliybaler.com\/wp-content\/uploads\/2019\/12\/Support-all-forms-of-logistics.jpg 720w, https:\/\/shuliybaler.com\/wp-content\/uploads\/2019\/12\/Support-all-forms-of-logistics-360x270.jpg 360w, https:\/\/shuliybaler.com\/wp-content\/uploads\/2019\/12\/Support-all-forms-of-logistics-180x135.jpg 180w\" sizes=\"auto, (max-width: 720px) 100vw, 720px\" \/><\/figure><div class=\"wp-block-media-text__content\"> <h2 class=\"wp-block-heading\">V\u1eadn chuy\u1ec3n v\u00e0 c\u00e1c d\u1ecbch v\u1ee5 kh\u00e1c<\/h2>    <p> T\u00f9y thu\u1ed9c v\u00e0o k\u00edch th\u01b0\u1edbc, m\u00e1y s\u1ebd \u0111\u01b0\u1ee3c \u0111\u00f3ng g\u00f3i v\u00e0o container ho\u1eb7c h\u1ed9p g\u1ed7, cung c\u1ea5p nhi\u1ec1u ph\u01b0\u01a1ng th\u1ee9c v\u1eadn chuy\u1ec3n kh\u00e1c nhau.  <\/p> <\/div><\/div>    <p><\/p>","protected":false},"excerpt":{"rendered":"<p>Technical&nbsp;services 1. Before purchasing the machine, you can communicate with our sales consultants, they will solve the machine problems for you. If you need it, you can also contact our technical staff directly for a more professional answer. 2. After purchasing the machine, we will send you videos, pictures, files, etc. to guide your machine [&hellip;]<\/p>\n","protected":false},"author":1,"featured_media":0,"parent":0,"menu_order":0,"comment_status":"closed","ping_status":"closed","template":"","meta":{"footnotes":""},"class_list":["post-19","page","type-page","status-publish","hentry"],"_links":{"self":[{"href":"https:\/\/shuliybaler.com\/vi\/wp-json\/wp\/v2\/pages\/19","targetHints":{"allow":["GET"]}}],"collection":[{"href":"https:\/\/shuliybaler.com\/vi\/wp-json\/wp\/v2\/pages"}],"about":[{"href":"https:\/\/shuliybaler.com\/vi\/wp-json\/wp\/v2\/types\/page"}],"author":[{"embeddable":true,"href":"https:\/\/shuliybaler.com\/vi\/wp-json\/wp\/v2\/users\/1"}],"replies":[{"embeddable":true,"href":"https:\/\/shuliybaler.com\/vi\/wp-json\/wp\/v2\/comments?post=19"}],"version-history":[{"count":0,"href":"https:\/\/shuliybaler.com\/vi\/wp-json\/wp\/v2\/pages\/19\/revisions"}],"wp:attachment":[{"href":"https:\/\/shuliybaler.com\/vi\/wp-json\/wp\/v2\/media?parent=19"}],"curies":[{"name":"wp","href":"https:\/\/api.w.org\/{rel}","templated":true}]}}