{"id":21,"date":"2019-11-30T01:26:53","date_gmt":"2019-11-30T01:26:53","guid":{"rendered":"https:\/\/shuliybaler.com\/?page_id=21"},"modified":"2026-04-02T15:47:36","modified_gmt":"2026-04-02T07:47:36","slug":"contact-us","status":"publish","type":"page","link":"https:\/\/shuliybaler.com\/vi\/contact-us\/","title":{"rendered":"Li\u00ean h\u1ec7 ch\u00fang t\u00f4i"},"content":{"rendered":"<p>C\u1ea3m \u01a1n b\u1ea1n \u0111\u00e3 d\u00e0nh th\u1eddi gian truy c\u1eadp trang web m\u00e1y n\u00e9n kim lo\u1ea1i Shuliy, n\u1ebfu b\u1ea1n c\u00f3 b\u1ea5t k\u1ef3 c\u00e2u h\u1ecfi n\u00e0o v\u1ec1 m\u00e1y n\u00e9n kim lo\u1ea1i, b\u1ea5t k\u1ef3 d\u1ecbch v\u1ee5 ho\u1eb7c th\u00f4ng tin n\u00e0o \u0111\u01b0\u1ee3c tr\u00ecnh b\u00e0y trong trang web c\u1ee7a ch\u00fang t\u00f4i, vui l\u00f2ng li\u00ean h\u1ec7 v\u1edbi ch\u00fang t\u00f4i b\u1eb1ng m\u1eabu \u0111\u00e3 cung c\u1ea5p.<\/p>    <p>WhatsApp\/Tel\/WeChat :  86 17703863868<\/p>    <p>E-mail: info@shuliybaler.com<\/p>    <p>\u0110\u1ecba ch\u1ec9: \u0110\u01b0\u1eddng Nautical \u0110\u00f4ng, Khu ph\u00e1t tri\u1ec3n kinh t\u1ebf Zhengzhou, H\u00e0 Nam, Trung Qu\u1ed1c<\/p>    <center><h3>V\u1ecb tr\u00ed c\u1ee7a ch\u00fang t\u00f4i<\/h3><\/center>  <figure><iframe loading=\"lazy\" src=\"https:\/\/www.google.com\/maps\/embed?pb=!1m18!1m12!1m3!1d4637.858294685538!2d113.7687638117563!3d34.718771243596244!2m3!1f0!2f0!3f0!3m2!1i1024!2i768!4f13.1!3m3!1m2!1s0x35d75d5400687d85%3A0xcf132ebf9700fff4!2sJing%20Kai%20Di%20Jiu%20Da%20Jie%2C%20Guancheng%20Huizuqu%2C%20Zhengzhou%20Shi%2C%20Henan%20Sheng%2C%20China!5e0!3m2!1sen!2ssg!4v1575446978486!5m2!1sen!2ssg\" width=\"1200\" height=\"450\" frameborder=\"0\" style=\"border:0;\" allowfullscreen=\"\"><\/iframe><\/figure>","protected":false},"excerpt":{"rendered":"<p>Thank you for taking the time to visit Shuliy Metal baler website, if you have any questions regarding metal baler machinery, any of the services or information featured within our website, please feel free to contact us using the form provided. WhatsApp\/Tel\/WeChat : +86 17703863868 E-mail: info@shuliybaler.com Address: Nautical Road East, Zhengzhou Economic Development Zone, [&hellip;]<\/p>\n","protected":false},"author":1,"featured_media":0,"parent":0,"menu_order":0,"comment_status":"closed","ping_status":"closed","template":"","meta":{"footnotes":""},"class_list":["post-21","page","type-page","status-publish","hentry"],"_links":{"self":[{"href":"https:\/\/shuliybaler.com\/vi\/wp-json\/wp\/v2\/pages\/21","targetHints":{"allow":["GET"]}}],"collection":[{"href":"https:\/\/shuliybaler.com\/vi\/wp-json\/wp\/v2\/pages"}],"about":[{"href":"https:\/\/shuliybaler.com\/vi\/wp-json\/wp\/v2\/types\/page"}],"author":[{"embeddable":true,"href":"https:\/\/shuliybaler.com\/vi\/wp-json\/wp\/v2\/users\/1"}],"replies":[{"embeddable":true,"href":"https:\/\/shuliybaler.com\/vi\/wp-json\/wp\/v2\/comments?post=21"}],"version-history":[{"count":3,"href":"https:\/\/shuliybaler.com\/vi\/wp-json\/wp\/v2\/pages\/21\/revisions"}],"predecessor-version":[{"id":3630,"href":"https:\/\/shuliybaler.com\/vi\/wp-json\/wp\/v2\/pages\/21\/revisions\/3630"}],"wp:attachment":[{"href":"https:\/\/shuliybaler.com\/vi\/wp-json\/wp\/v2\/media?parent=21"}],"curies":[{"name":"wp","href":"https:\/\/api.w.org\/{rel}","templated":true}]}}