{"id":23,"date":"2019-11-30T01:27:16","date_gmt":"2019-11-30T01:27:16","guid":{"rendered":"https:\/\/shuliybaler.com\/?page_id=23"},"modified":"2022-09-27T11:02:06","modified_gmt":"2022-09-27T03:02:06","slug":"about-us","status":"publish","type":"page","link":"https:\/\/shuliybaler.com\/vi\/about-us\/","title":{"rendered":"V\u1ec1 ch\u00fang t\u00f4i"},"content":{"rendered":"<p>C\u00f4ng ty TNHH M\u00e1y Shuliy n\u1eb1m t\u1ea1i Khu Ph\u00e1t Tri\u1ec3n Kinh T\u1ebf Zhengzhou, t\u1ec9nh H\u00e0 Nam, c\u00f3 giao th\u00f4ng thu\u1eadn ti\u1ec7n. \u0110\u00e2y l\u00e0 m\u1ed9t c\u00f4ng ty chuy\u00ean nghi\u1ec7p t\u00edch h\u1ee3p nghi\u00ean c\u1ee9u v\u00e0 ph\u00e1t tri\u1ec3n m\u00e1y m\u00f3c, s\u1ea3n xu\u1ea5t v\u00e0 b\u00e1n h\u00e0ng. C\u00f4ng ty ch\u00fang t\u00f4i \u0111\u01b0\u1ee3c th\u00e0nh l\u1eadp v\u00e0o n\u0103m 2011 nh\u01b0ng c\u00f3 kinh nghi\u1ec7m s\u1ea3n xu\u1ea5t m\u00e1y m\u00f3c th\u1ef1c t\u1ebf v\u00e0 kinh nghi\u1ec7m b\u00e1n h\u00e0ng h\u01a1n m\u01b0\u1eddi n\u0103m. Sau nh\u1eefng n\u0103m ph\u00e1t tri\u1ec3n n\u00e0y, c\u00f4ng ty ch\u00fang t\u00f4i \u0111\u00e3 tr\u1edf th\u00e0nh m\u1ed9t nh\u00e0 l\u00e3nh \u0111\u1ea1o trong l\u0129nh v\u1ef1c t\u00e1i ch\u1ebf, nghi\u1ec1n v\u00e0 n\u00e9n c\u00e1c lo\u1ea1i kim lo\u1ea1i ph\u1ebf li\u1ec7u t\u1ea1i Trung Qu\u1ed1c.<\/p>    <figure class=\"wp-block-image size-large\"><img decoding=\"async\" src=\"https:\/\/shuliybaler.com\/wp-content\/uploads\/2020\/01\/certification-of-Shuliy-machinery.jpg\" alt=\"Ch\u1ee9ng Nh\u1eadn c\u1ee7a M\u00e1y Shuliy\" title=\"\"><figcaption>Ch\u1ee9ng Nh\u1eadn c\u1ee7a M\u00e1y Shuliy<\/figcaption><\/figure>    <h2 class=\"wp-block-heading\" id=\"h-enterprise-team\"><strong>Nh\u00f3m doanh nghi\u1ec7p<\/strong><\/h2>    <p>Trong qu\u00e1 tr\u00ecnh ph\u00e1t tri\u1ec3n c\u1ee7a c\u00f4ng ty, ch\u00fang t\u00f4i \u0111\u1eb7c bi\u1ec7t ch\u00fa tr\u1ecdng \u0111\u1ebfn vi\u1ec7c ph\u00e1t tri\u1ec3n v\u00e0 \u0111\u00e0o t\u1ea1o nh\u00e2n t\u00e0i v\u00e0 c\u00f3 m\u1ed9t nh\u00f3m c\u00e1c chuy\u00ean gia s\u00e1ng t\u1ea1o v\u00e0 c\u00f3 k\u1ef9 n\u0103ng. Hi\u1ec7n t\u1ea1i, c\u00f4ng ty c\u00f3 h\u01a1n 100 nh\u00e2n vi\u00ean. C\u00f4ng ty ch\u00fang t\u00f4i kh\u00f4ng ch\u1ec9 c\u00f3 \u0111\u1ed9i ng\u0169 nh\u00e2n vi\u00ean gi\u00e0u kinh nghi\u1ec7m v\u00e0 k\u1ef9 n\u0103ng s\u00e2u s\u1eafc m\u00e0 c\u00f2n b\u1eaft k\u1ecbp th\u1eddi \u0111\u1ea1i \u0111\u1ec3 ti\u1ebfp thu v\u00e0 ch\u1ea5p nh\u1eadn nh\u1eefng ng\u01b0\u1eddi tr\u1ebb d\u00e1m \u0111\u1ed5i m\u1edbi.<\/p>    <h2 class=\"wp-block-heading\" id=\"h-main-machine\"><strong>M\u00e1y ch\u00ednh<\/strong><\/h2>    <p>Hi\u1ec7n t\u1ea1i, c\u00e1c s\u1ea3n ph\u1ea9m ch\u00ednh c\u1ee7a c\u00f4ng ty ch\u00fang t\u00f4i bao g\u1ed3m m\u00e1y \u00e9p kim lo\u1ea1i, c\u1eaft kim lo\u1ea1i, m\u00e1y nghi\u1ec1n kim lo\u1ea1i, m\u00e1y n\u00e9n b\u00faa m\u1ea3nh kim lo\u1ea1i, v.v. V\u1edbi s\u1ee9 m\u1ec7nh \u201c\u0110\u1ec3 c\u00e1c m\u00e1y m\u00f3c Trung Qu\u1ed1c lan r\u1ed9ng kh\u1eafp m\u1ecdi n\u01a1i tr\u00ean th\u1ebf gi\u1edbi\u201d, ph\u1ea1m vi kinh doanh c\u1ee7a ch\u00fang t\u00f4i kh\u00f4ng ng\u1eebng m\u1edf r\u1ed9ng. Hi\u1ec7n t\u1ea1i, c\u00e1c m\u00e1y c\u1ee7a ch\u00fang t\u00f4i \u0111\u00e3 \u0111\u01b0\u1ee3c b\u00e1n th\u00e0nh c\u00f4ng \u0111\u1ebfn h\u01a1n 80 qu\u1ed1c gia bao g\u1ed3m Nigeria, \u1ea4n \u0110\u1ed9, Hoa K\u1ef3, Malaysia, Sudan, C\u00e1c Ti\u1ec3u V\u01b0\u01a1ng Qu\u1ed1c \u1ea2 R\u1eadp Th\u1ed1ng Nh\u1ea5t, V\u01b0\u01a1ng Qu\u1ed1c Anh, Sri Lanka, Pakistan, Th\u00e1i Lan, Algeria v\u00e0 Uganda. V\u00e0 nh\u1edd ch\u1ea5t l\u01b0\u1ee3ng m\u00e1y xu\u1ea5t s\u1eafc, gi\u00e1 c\u1ea3 h\u1ee3p l\u00fd, \u0111\u00e3 nh\u1eadn \u0111\u01b0\u1ee3c s\u1ef1 khen ng\u1ee3i r\u1ed9ng r\u00e3i t\u1eeb kh\u00e1ch h\u00e0ng c\u1ee7a ch\u00fang t\u00f4i.<\/p>    <h2 class=\"wp-block-heading\" id=\"h-company-culture\"><strong>V\u0103n h\u00f3a c\u00f4ng ty<\/strong><\/h2>    <p>T\u1ea7m Nh\u00ecn: T\u1ea1o ra m\u1ed9t n\u1ec1n t\u1ea3ng t\u1ed1i \u01b0u \u0111\u1ec3 gi\u00fap nh\u00e2n vi\u00ean ph\u00e1t tri\u1ec3n.<\/p>    <p>Nhi\u1ec7m v\u1ee5: \u0110\u1ec3 c\u00e1c m\u00e1y m\u00f3c Trung Qu\u1ed1c lan r\u1ed9ng kh\u1eafp m\u1ecdi n\u01a1i tr\u00ean th\u1ebf gi\u1edbi.<\/p>    <p>Gi\u00e1 Tr\u1ecb: Ch\u00ednh tr\u1ef1c, Bi\u1ebft \u01a0n, V\u1ecb Tha v\u00e0 Gi\u00fap \u0110\u1ee1 L\u1eabn Nhau.<\/p>    <p>T\u1eadp \u0111o\u00e0n Shuliy ch\u01b0a bao gi\u1edd ng\u1eebng ti\u1ebfn v\u1ec1 ph\u00eda tr\u01b0\u1edbc. T\u1eeb m\u1ed9t c\u00f4ng ty nh\u1ecf v\u1edbi ch\u01b0a \u0111\u1ebfn m\u01b0\u1eddi ng\u01b0\u1eddi, ch\u00fang t\u00f4i \u0111\u00e3 t\u1eebng b\u01b0\u1edbc \u0111\u1ebfn ng\u00e0y h\u00f4m nay. Kh\u00f4ng ph\u1ea3i l\u00e0 may m\u1eafn m\u1edbi c\u00f3 th\u1ec3 \u0111\u1ea1t \u0111\u01b0\u1ee3c k\u1ebft qu\u1ea3 ng\u00e0y h\u00f4m nay, m\u00e0 l\u00e0 s\u1ee9c m\u1ea1nh! Ch\u00fang t\u00f4i mong mu\u1ed1n thi\u1ebft l\u1eadp c\u00e1c m\u1ed1i quan h\u1ec7 h\u1ee3p t\u00e1c v\u1edbi nhi\u1ec1u b\u1ea1n b\u00e8 n\u01b0\u1edbc ngo\u00e0i h\u01a1n v\u00e0 hoan ngh\u00eanh m\u1ecdi b\u1ea1n b\u00e8 n\u01b0\u1edbc ngo\u00e0i \u0111\u1ebfn th\u0103m nh\u00e0 m\u00e1y c\u1ee7a ch\u00fang t\u00f4i.<\/p>","protected":false},"excerpt":{"rendered":"<p>Shuliy Machinery Co., Ltd. is located in Zhengzhou Economic Development Zone, Henan Province with convenient transportation. It is a professional company integrating machine research and development, manufacturing and sales. Our company was founded in 2011 but has actual machine manufacturing experience and sales experience for more than ten years. After the development of these years, [&hellip;]<\/p>\n","protected":false},"author":1,"featured_media":0,"parent":0,"menu_order":0,"comment_status":"closed","ping_status":"closed","template":"","meta":{"footnotes":""},"class_list":["post-23","page","type-page","status-publish","hentry"],"_links":{"self":[{"href":"https:\/\/shuliybaler.com\/vi\/wp-json\/wp\/v2\/pages\/23","targetHints":{"allow":["GET"]}}],"collection":[{"href":"https:\/\/shuliybaler.com\/vi\/wp-json\/wp\/v2\/pages"}],"about":[{"href":"https:\/\/shuliybaler.com\/vi\/wp-json\/wp\/v2\/types\/page"}],"author":[{"embeddable":true,"href":"https:\/\/shuliybaler.com\/vi\/wp-json\/wp\/v2\/users\/1"}],"replies":[{"embeddable":true,"href":"https:\/\/shuliybaler.com\/vi\/wp-json\/wp\/v2\/comments?post=23"}],"version-history":[{"count":0,"href":"https:\/\/shuliybaler.com\/vi\/wp-json\/wp\/v2\/pages\/23\/revisions"}],"wp:attachment":[{"href":"https:\/\/shuliybaler.com\/vi\/wp-json\/wp\/v2\/media?parent=23"}],"curies":[{"name":"wp","href":"https:\/\/api.w.org\/{rel}","templated":true}]}}