{"id":2686,"date":"2022-07-26T16:12:20","date_gmt":"2022-07-26T08:12:20","guid":{"rendered":"https:\/\/shuliybaler.com\/?p=2686"},"modified":"2025-02-08T15:24:58","modified_gmt":"2025-02-08T07:24:58","slug":"scrap-metal-shredder-machine","status":"publish","type":"product","link":"https:\/\/shuliybaler.com\/vi\/product\/scrap-metal-shredder-machine\/","title":{"rendered":"M\u00e1y nghi\u1ec1n kim lo\u1ea1i ph\u1ebf li\u1ec7u | m\u00e1y nghi\u1ec1n l\u1ed1p xe c\u0169"},"content":{"rendered":"<p>M\u00e1y nghi\u1ec1n kim lo\u1ea1i ph\u1ebf li\u1ec7u d\u00f9ng \u0111\u1ec3 nghi\u1ec1n kim lo\u1ea1i. N\u00f3 c\u00f3 th\u1ec3 d\u00f9ng cho nguy\u00ean li\u1ec7u c\u00f3 m\u1ea3nh kim lo\u1ea1i, c\u0169ng nh\u01b0 ph\u1ebf li\u1ec7u \u00f4 t\u00f4 ch\u00ednh, ph\u1ebf li\u1ec7u c\u01a1 b\u1ea3n, v\u00e0 c\u00e1c s\u1ea3n ph\u1ea9m kh\u00e1c. C\u00f3 nguy\u00ean li\u1ec7u th\u00f4 c\u1ee7a m\u00e1y nghi\u1ec1n kim lo\u1ea1i. Nghi\u1ec1n nguy\u00ean li\u1ec7u kim lo\u1ea1i l\u1edbn \u0111\u1ec3 d\u1ec5 d\u00e0ng t\u00e1i ch\u1ebf v\u00e0 x\u1eed l\u00fd. \u0110\u01b0\u1ee3c d\u00f9ng trong ng\u00e0nh t\u00e1i ch\u1ebf, ng\u00e0nh x\u1eed l\u00fd thi\u1ebft b\u1ecb gia d\u1ee5ng th\u1ea3i, v\u00e0 nghi\u1ec1n kim lo\u1ea1i n\u1ed9i th\u1ea5t th\u1ea3i.<\/p>    <figure class=\"wp-block-embed is-type-video is-provider-youtube wp-block-embed-youtube wp-embed-aspect-16-9 wp-has-aspect-ratio\"><div class=\"wp-block-embed__wrapper\"> <iframe loading=\"lazy\" title=\"M\u00e1y nghi\u1ec1n kim lo\u1ea1i c\u00f3 th\u1ec3 nghi\u1ec1n g\u00ec? | m\u00e1y nghi\u1ec1n kim lo\u1ea1i ph\u1ebf li\u1ec7u | m\u00e1y nghi\u1ec1n ph\u1ebf li\u1ec7u\" width=\"500\" height=\"281\" src=\"https:\/\/www.youtube.com\/embed\/Vk_1d0oict8?feature=oembed\" frameborder=\"0\" allow=\"accelerometer; autoplay; clipboard-write; encrypted-media; gyroscope; picture-in-picture; web-share\" referrerpolicy=\"strict-origin-when-cross-origin\" allowfullscreen><\/iframe> <\/div><\/figure>    <h2 class=\"wp-block-heading\">Nguy\u00ean li\u1ec7u th\u00f4 c\u1ee7a m\u00e1y nghi\u1ec1n kim lo\u1ea1i ph\u1ebf li\u1ec7u<\/h2>   <div class=\"wp-block-image\"> <figure class=\"aligncenter size-full\"><img loading=\"lazy\" decoding=\"async\" width=\"720\" height=\"540\" src=\"https:\/\/shuliybaler.com\/wp-content\/uploads\/2022\/07\/3DScrap-metal-shredder-machine.webp\" alt=\"M\u00e1y nghi\u1ec1n kim lo\u1ea1i ph\u1ebf li\u1ec7u 3D\" class=\"wp-image-2697\" title=\"\"><figcaption class=\"wp-element-caption\">M\u00e1y nghi\u1ec1n kim lo\u1ea1i 3D<\/figcaption><\/figure> <\/div>   <p>M\u00e1y nghi\u1ec1n \u0111a ch\u1ee9c n\u0103ng ph\u00f9 h\u1ee3p \u0111\u1ec3 nghi\u1ec1n t\u1ea5t c\u1ea3 c\u00e1c lo\u1ea1i ph\u1ebf li\u1ec7u kim lo\u1ea1i, g\u1ed7, nh\u1ef1a, khung, b\u0103ng t\u1ea3i c\u0169, t\u1ee7 s\u1eaft, tivi c\u0169, \u0111i\u1ec1u h\u00f2a c\u0169, m\u00e1y gi\u1eb7t, m\u00e1y t\u00ednh, \u0111i\u1ec7n tho\u1ea1i di \u0111\u1ed9ng, t\u1ee7 \u0111\u00f4ng, v.v., \u0111\u1ed3 gia d\u1ee5ng c\u0169 v\u00e0 v\u1ecf m\u00e1y gia d\u1ee5ng, len th\u1ee7y tinh, th\u1ee7y tinh, d\u1ee5ng c\u1ee5 v\u0103n ph\u00f2ng c\u0169, v\u1ecf \u0111\u1ed9ng c\u01a1, thi\u1ebft b\u1ecb \u0111i\u1ec7n t\u1eed c\u0169, v\u1ecf pin, n\u1ed9i th\u1ea5t th\u00e9p, v.v. K\u00edch th\u01b0\u1edbc \u0111\u1ea7u ra c\u1ee7a m\u00e1y nghi\u1ec1n ph\u1ebf li\u1ec7u kim lo\u1ea1i c\u00f3 th\u1ec3 \u0111i\u1ec1u ch\u1ec9nh theo y\u00eau c\u1ea7u c\u1ee7a ng\u01b0\u1eddi d\u00f9ng. Thi\u1ebft b\u1ecb nghi\u1ec1n ph\u1ebf li\u1ec7u kim lo\u1ea1i s\u1eed d\u1ee5ng \u0111i\u1ec1u khi\u1ec3n t\u1ef1 \u0111\u1ed9ng, c\u00f3 ch\u1ee9c n\u0103ng kh\u1edfi \u0111\u1ed9ng, d\u1eebng, \u0111\u1ea3o chi\u1ec1u, v\u00e0 t\u1ef1 \u0111\u1ed9ng \u0111\u1ea3o chi\u1ec1u qu\u00e1 t\u1ea3i, gi\u00fap ng\u01b0\u1eddi d\u00f9ng gi\u1ea3m thi\u1ec3u h\u01b0 h\u1ecfng do l\u1ed7i v\u1eadn h\u00e0nh. Theo y\u00eau c\u1ea7u c\u1ee7a kh\u00e1ch h\u00e0ng v\u1ec1 s\u1ea3n ph\u1ea9m ho\u00e0n ch\u1ec9nh, thay th\u1ebf c\u00e1c c\u00f4ng c\u1ee5 kh\u00e1c nhau, v\u00e0 tr\u1ee5c nghi\u1ec1n \u0111\u01b0\u1ee3c x\u1eed l\u00fd nhi\u1ec7t, gi\u00fap c\u00e1c b\u1ed9 ph\u1eadn ch\u1ecbu m\u00e0i m\u00f2n c\u1ee7a to\u00e0n b\u1ed9 m\u00e1y b\u1ec1n b\u1ec9 v\u00e0 ch\u1ed1ng m\u00e0i m\u00f2n, n\u00e2ng cao hi\u1ec7u qu\u1ea3 s\u1eed d\u1ee5ng. <\/p>    <figure class=\"wp-block-gallery has-nested-images columns-2 is-cropped wp-block-gallery-2 is-layout-flex wp-block-gallery-is-layout-flex\"> <figure class=\"wp-block-image size-large\"><img loading=\"lazy\" decoding=\"async\" width=\"720\" height=\"540\" data-id=\"2698\" src=\"https:\/\/shuliybaler.com\/wp-content\/uploads\/2022\/07\/waste-tires.webp\" alt=\"Ph\u1ebf li\u1ec7u l\u1ed1p xe\" class=\"wp-image-2698\" title=\"\"><figcaption class=\"wp-element-caption\">L\u1ed1p xe th\u1ea3i<\/figcaption><\/figure>    <figure class=\"wp-block-image size-large\"><img loading=\"lazy\" decoding=\"async\" width=\"720\" height=\"540\" data-id=\"2699\" src=\"https:\/\/shuliybaler.com\/wp-content\/uploads\/2022\/07\/scrap-car.webp\" alt=\"Ph\u1ebf li\u1ec7u \u00f4 t\u00f4\" class=\"wp-image-2699\" title=\"\"><figcaption class=\"wp-element-caption\">Xe \u00f4 t\u00f4 ph\u1ebf li\u1ec7u<\/figcaption><\/figure>    <figure class=\"wp-block-image size-large\"><img loading=\"lazy\" decoding=\"async\" width=\"720\" height=\"540\" data-id=\"2700\" src=\"https:\/\/shuliybaler.com\/wp-content\/uploads\/2022\/07\/wooden-pallet.webp\" alt=\"Pallet g\u1ed7\" class=\"wp-image-2700\" title=\"\"><figcaption class=\"wp-element-caption\">Palet g\u1ed7<\/figcaption><\/figure>    <figure class=\"wp-block-image size-large\"><img loading=\"lazy\" decoding=\"async\" width=\"720\" height=\"540\" data-id=\"2701\" src=\"https:\/\/shuliybaler.com\/wp-content\/uploads\/2022\/07\/Waste-household-appliances.webp\" alt=\"Thi\u1ebft b\u1ecb gia d\u1ee5ng trong nh\u00e0\" class=\"wp-image-2701\" title=\"\"><figcaption class=\"wp-element-caption\">Thi\u1ebft b\u1ecb gia d\u1ee5ng trong nh\u00e0<\/figcaption><\/figure> <\/figure>    <h2 class=\"wp-block-heading\">C\u1ea5u tr\u00fac c\u1ee7a m\u00e1y nghi\u1ec1n kim lo\u1ea1i ph\u1ebf li\u1ec7u<\/h2>   <div class=\"wp-block-image\"> <figure class=\"aligncenter size-full\"><img loading=\"lazy\" decoding=\"async\" width=\"720\" height=\"540\" src=\"https:\/\/shuliybaler.com\/wp-content\/uploads\/2022\/07\/waste-tire-crushing-machine.webp\" alt=\"m\u00e1y nghi\u1ec1n l\u1ed1p th\u1ea3i\" class=\"wp-image-2703\" title=\"\"><figcaption class=\"wp-element-caption\">m\u00e1y nghi\u1ec1n l\u1ed1p th\u1ea3i<\/figcaption><\/figure> <\/div>   <p>C\u1ea5u tr\u00fac c\u1ee7a m\u00e1y nghi\u1ec1n kim lo\u1ea1i ch\u1ee7 y\u1ebfu g\u1ed3m c\u1ed5ng c\u1ea5p li\u1ec7u, c\u1ed5ng x\u1ea3, dao c\u1eaft, \u0111\u1ed9ng c\u01a1, ch\u00e2n m\u00e1y, b\u1ed9 gi\u1ea3m t\u1ed1c, v.v. M\u00e1y quay quanh tr\u1ee5c c\u1ee7a n\u00f3 qua hai dao c\u1eaft, sau \u0111\u00f3 \u00e9p m\u1ea3nh kim lo\u1ea1i ph\u1ebf li\u1ec7u, r\u1ed3i d\u00f9ng dao c\u1eaft \u0111\u1ec3 c\u1eaft kim lo\u1ea1i, th\u01b0\u1eddng l\u00e0 l\u1edbn. Sau khi b\u1ecf m\u1ea3nh kim lo\u1ea1i v\u00e0o m\u00e1y nghi\u1ec1n kim lo\u1ea1i ph\u1ebf li\u1ec7u, m\u00e1y s\u1ebd t\u1ef1 ph\u00e2n h\u1ee7y.<\/p>    <h2 class=\"wp-block-heading\">Ph\u01b0\u01a1ng ph\u00e1p c\u1ea5p li\u1ec7u v\u00e0 x\u1ea3 c\u1ee7a m\u00e1y nghi\u1ec1n l\u1ed1p xe th\u1ea3i<\/h2>   <div class=\"wp-block-image\"> <figure class=\"aligncenter size-full\"><img loading=\"lazy\" decoding=\"async\" width=\"720\" height=\"540\" src=\"https:\/\/shuliybaler.com\/wp-content\/uploads\/2022\/07\/waste-tire-crushing-machine-1.webp\" alt=\"m\u00e1y nghi\u1ec1n l\u1ed1p th\u1ea3i\" class=\"wp-image-2704\" title=\"\"><figcaption class=\"wp-element-caption\">m\u00e1y nghi\u1ec1n l\u1ed1p th\u1ea3i<\/figcaption><\/figure> <\/div>   <p>Th\u00f4ng th\u01b0\u1eddng, c\u00e1c s\u1ea3n ph\u1ea9m c\u1ea7n b\u1ecf v\u00e0o m\u00e1y nghi\u1ec1n kim lo\u1ea1i n\u00e0y l\u00e0 l\u1edbn, nh\u01b0 xe ph\u1ebf li\u1ec7u, th\u00f9ng s\u1eaft, thi\u1ebft b\u1ecb gia d\u1ee5ng c\u0169, v.v. N\u1ebfu s\u1ea3n ph\u1ea9m c\u1ea7n nghi\u1ec1n qu\u00e1 l\u1edbn, c\u1ea7n d\u00f9ng c\u00e1c thi\u1ebft b\u1ecb nh\u01b0 c\u1ea7n c\u1ea9u th\u00e1p \u0111\u1ec3 \u0111\u01b0a v\u00e0o m\u00e1y. T\u1ea5t nhi\u00ean, c\u00f3 th\u1ec3 nghi\u1ec1n c\u00e1c s\u1ea3n ph\u1ea9m nh\u1ecf nh\u01b0 xe \u0111\u1ea1p r\u1ed3i b\u1ecf tr\u1ef1c ti\u1ebfp v\u00e0o m\u00e1y. Sau khi kim lo\u1ea1i b\u1ecb nghi\u1ec1n, n\u00f3 s\u1ebd ra kh\u1ecfi \u0111\u00e1y m\u00e1y. C\u00f3 th\u1ec3 l\u1eafp b\u0103ng t\u1ea3i d\u01b0\u1edbi m\u00e1y \u0111\u1ec3 s\u1ea3n xu\u1ea5t t\u1ef1 \u0111\u1ed9ng ho\u00e0n to\u00e0n.<\/p>    <h2 class=\"wp-block-heading\">Dao nghi\u1ec1n l\u1ed1p xe th\u1ea3i<\/h2>    <figure class=\"wp-block-gallery has-nested-images columns-2 is-cropped wp-block-gallery-3 is-layout-flex wp-block-gallery-is-layout-flex\"> <figure class=\"wp-block-image size-large\"><img loading=\"lazy\" decoding=\"async\" width=\"720\" height=\"540\" data-id=\"2705\" src=\"https:\/\/shuliybaler.com\/wp-content\/uploads\/2022\/07\/knife-of-metal-shredder.webp\" alt=\"Dao c\u1ee7a m\u00e1y nghi\u1ec1n kim lo\u1ea1i\" class=\"wp-image-2705\" title=\"\"><figcaption class=\"wp-element-caption\">Dao c\u1ee7a m\u00e1y nghi\u1ec1n kim lo\u1ea1i<\/figcaption><\/figure>    <figure class=\"wp-block-image size-large\"><img loading=\"lazy\" decoding=\"async\" width=\"720\" height=\"540\" data-id=\"2706\" src=\"https:\/\/shuliybaler.com\/wp-content\/uploads\/2022\/07\/knife-of-metal-shredder-1.webp\" alt=\"Dao c\u1ee7a m\u00e1y nghi\u1ec1n kim lo\u1ea1i\" class=\"wp-image-2706\" title=\"\"><figcaption class=\"wp-element-caption\">Dao c\u1ee7a m\u00e1y nghi\u1ec1n kim lo\u1ea1i<\/figcaption><\/figure>    <figure class=\"wp-block-image size-large\"><img loading=\"lazy\" decoding=\"async\" width=\"720\" height=\"540\" data-id=\"2707\" src=\"https:\/\/shuliybaler.com\/wp-content\/uploads\/2022\/07\/knife-of-metal-shredder-2.webp\" alt=\"Dao c\u1ee7a m\u00e1y nghi\u1ec1n kim lo\u1ea1i\" class=\"wp-image-2707\" title=\"\"><figcaption class=\"wp-element-caption\">Dao c\u1ee7a m\u00e1y nghi\u1ec1n kim lo\u1ea1i<\/figcaption><\/figure>    <figure class=\"wp-block-image size-large\"><img loading=\"lazy\" decoding=\"async\" width=\"720\" height=\"540\" data-id=\"2708\" src=\"https:\/\/shuliybaler.com\/wp-content\/uploads\/2022\/07\/knife-of-metal-shredder-3.webp\" alt=\"Dao c\u1ee7a m\u00e1y nghi\u1ec1n kim lo\u1ea1i\" class=\"wp-image-2708\" title=\"\"><figcaption class=\"wp-element-caption\">Dao c\u1ee7a m\u00e1y nghi\u1ec1n kim lo\u1ea1i<\/figcaption><\/figure> <\/figure>    <p>Dao c\u1ee7a m\u00e1y nghi\u1ec1n \u0111\u01b0\u1ee3c c\u1ea5u h\u00ecnh theo m\u1eabu c\u1ee7a m\u00e1y. Th\u01b0\u1eddng th\u00ec dao c\u1ee7a c\u00e1c m\u00e1y l\u1edbn d\u00e0y h\u01a1n. N\u00f3i chung, gi\u00e1 s\u1ebd cao h\u01a1n. Ngo\u00e0i ra, c\u00f2n li\u00ean quan \u0111\u1ebfn s\u1ea3n ph\u1ea9m th\u00e0nh ph\u1ea9m. Dao c\u0169ng li\u00ean quan \u0111\u1ebfn m\u1eadt \u0111\u1ed9 r\u0103ng c\u1ee7a m\u00e1y. C\u00f3 c\u00e1c lo\u1ea1i v\u1eadt li\u1ec7u kh\u00e1c nhau. N\u1ebfu mu\u1ed1n nghi\u1ec1n l\u1ed1p xe, c\u00f3 th\u1ec3 d\u00f9ng dao 55SiCr. N\u1ebfu mu\u1ed1n nghi\u1ec1n kim lo\u1ea1i nh\u1eb9 v\u00e0 m\u1ecfng, c\u1ea7n dao 9CrSi, c\u00f2n n\u1ebfu mu\u1ed1n nghi\u1ec1n kim lo\u1ea1i d\u00e0y v\u00e0 c\u1ee9ng h\u01a1n, c\u1ea7n dao c\u00f3 \u0111\u1ed9 b\u1ec1n cao nh\u1ea5t, v\u1eadt li\u1ec7u H13. N\u00f3i c\u00e1ch kh\u00e1c, d\u1ee5ng c\u1ee5 l\u00e0m t\u1eeb H13 ph\u00f9 h\u1ee3p cho c\u00e1c v\u1eadt li\u1ec7u c\u00f3 \u0111\u1ed9 c\u1ee9ng kh\u00e1c nhau. Nh\u01b0ng d\u1ee5ng c\u1ee5 55SiCr kh\u00f4ng th\u1ec3 d\u00f9ng \u0111\u1ec3 c\u1eaft kim lo\u1ea1i d\u00e0y. C\u1ea7n ch\u00fa \u00fd khi mua m\u00e1y nghi\u1ec1n kim lo\u1ea1i.<\/p>    <figure class=\"wp-block-table\"><table><tbody><tr><td>Ch\u1ea5t li\u1ec7u<\/td><td>Ch\u1ea5t li\u1ec7u ch\u00ednh \u1ee9ng d\u1ee5ng<\/td><\/tr><tr><td>55SiCr (N\u0103m ho\u1eb7c n\u0103m silicon s\u1eaft)<\/td><td>g\u1ed7, nh\u1ef1a<\/td><\/tr><tr><td>9CrSi (Silicon s\u1eaft h\u00e0n 9)<\/td><td>cao su, kim lo\u1ea1i<\/td><\/tr><tr><td>H13<\/td><td>kim lo\u1ea1i<\/td><\/tr><\/tbody><\/table><\/figure>    <h2 class=\"wp-block-heading\" id=\"h-the-advantages-of-the-metal-shredder-machine\">\u01afu \u0111i\u1ec3m c\u1ee7a m\u00e1y nghi\u1ec1n kim lo\u1ea1i<\/h2>   <div class=\"wp-block-image\"> <figure class=\"aligncenter size-full\"><img loading=\"lazy\" decoding=\"async\" width=\"720\" height=\"540\" src=\"https:\/\/shuliybaler.com\/wp-content\/uploads\/2022\/07\/metal-shredder.webp\" alt=\"m\u00e1y nghi\u1ec1n kim lo\u1ea1i\" class=\"wp-image-2709\" title=\"\" srcset=\"https:\/\/shuliybaler.com\/wp-content\/uploads\/2022\/07\/metal-shredder.webp 720w, https:\/\/shuliybaler.com\/wp-content\/uploads\/2022\/07\/metal-shredder-360x270.webp 360w, https:\/\/shuliybaler.com\/wp-content\/uploads\/2022\/07\/metal-shredder-180x135.webp 180w\" sizes=\"auto, (max-width: 720px) 100vw, 720px\" \/><figcaption class=\"wp-element-caption\">m\u00e1y nghi\u1ec1n kim lo\u1ea1i<\/figcaption><\/figure> <\/div>   <ul class=\"wp-block-list\"> <li>K\u00edch th\u01b0\u1edbc \u0111\u1ea7u ra c\u00f3 th\u1ec3 t\u00f9y ch\u1ec9nh<\/li>    <li>Ch\u1ed1ng m\u00e0i m\u00f2n v\u00e0 b\u1ec1n, m\u00e1y c\u00f3 tu\u1ed5i th\u1ecd d\u00e0i<\/li>    <li>Ho\u1ea1t \u0111\u1ed9ng \u00eam v\u00e0 hi\u1ec7u qu\u1ea3 cao khi m\u00e1y nghi\u1ec1n kim lo\u1ea1i ph\u1ebf li\u1ec7u ho\u1ea1t \u0111\u1ed9ng<\/li>    <li>M\u00e1y nghi\u1ec1n kim lo\u1ea1i ph\u1ebf li\u1ec7u c\u00f3 kh\u1ea3 n\u0103ng k\u00edn kh\u00ed cao v\u00e0 b\u1ea3o v\u1ec7 ng\u01b0\u1eddi v\u1eadn h\u00e0nh<\/li> <\/ul>    <h2 class=\"wp-block-heading\">Th\u00f4ng s\u1ed1 k\u1ef9 thu\u1eadt c\u1ee7a m\u00e1y nghi\u1ec1n kim lo\u1ea1i<\/h2>    <figure class=\"wp-block-gallery has-nested-images columns-default is-cropped wp-block-gallery-4 is-layout-flex wp-block-gallery-is-layout-flex\"> <figure class=\"wp-block-image size-large\"><img loading=\"lazy\" decoding=\"async\" width=\"720\" height=\"540\" data-id=\"2712\" src=\"https:\/\/shuliybaler.com\/wp-content\/uploads\/2022\/07\/SL-400-metal-shredder.webp\" alt=\"M\u00e1y nghi\u1ec1n kim lo\u1ea1i SL-400\" class=\"wp-image-2712\" title=\"\" srcset=\"https:\/\/shuliybaler.com\/wp-content\/uploads\/2022\/07\/SL-400-metal-shredder.webp 720w, https:\/\/shuliybaler.com\/wp-content\/uploads\/2022\/07\/SL-400-metal-shredder-360x270.webp 360w, https:\/\/shuliybaler.com\/wp-content\/uploads\/2022\/07\/SL-400-metal-shredder-180x135.webp 180w\" sizes=\"auto, (max-width: 720px) 100vw, 720px\" \/><figcaption class=\"wp-element-caption\">M\u00e1y nghi\u1ec1n kim lo\u1ea1i Sl-400<\/figcaption><\/figure>    <figure class=\"wp-block-image size-large\"><img loading=\"lazy\" decoding=\"async\" width=\"720\" height=\"540\" data-id=\"2714\" src=\"https:\/\/shuliybaler.com\/wp-content\/uploads\/2022\/07\/Sl-1000-metal-shredder.webp\" alt=\"M\u00e1y nghi\u1ec1n kim lo\u1ea1i Sl-1000\" class=\"wp-image-2714\" title=\"\" srcset=\"https:\/\/shuliybaler.com\/wp-content\/uploads\/2022\/07\/Sl-1000-metal-shredder.webp 720w, https:\/\/shuliybaler.com\/wp-content\/uploads\/2022\/07\/Sl-1000-metal-shredder-360x270.webp 360w, https:\/\/shuliybaler.com\/wp-content\/uploads\/2022\/07\/Sl-1000-metal-shredder-180x135.webp 180w\" sizes=\"auto, (max-width: 720px) 100vw, 720px\" \/><figcaption class=\"wp-element-caption\">M\u00e1y nghi\u1ec1n kim lo\u1ea1i Sl-800<\/figcaption><\/figure>    <figure class=\"wp-block-image size-large\"><img loading=\"lazy\" decoding=\"async\" width=\"720\" height=\"540\" data-id=\"2713\" src=\"https:\/\/shuliybaler.com\/wp-content\/uploads\/2022\/07\/SL-800-metal-shredder.webp\" alt=\"M\u00e1y nghi\u1ec1n kim lo\u1ea1i SL-800\" class=\"wp-image-2713\" title=\"\" srcset=\"https:\/\/shuliybaler.com\/wp-content\/uploads\/2022\/07\/SL-800-metal-shredder.webp 720w, https:\/\/shuliybaler.com\/wp-content\/uploads\/2022\/07\/SL-800-metal-shredder-360x270.webp 360w, https:\/\/shuliybaler.com\/wp-content\/uploads\/2022\/07\/SL-800-metal-shredder-180x135.webp 180w\" sizes=\"auto, (max-width: 720px) 100vw, 720px\" \/><figcaption class=\"wp-element-caption\">M\u00e1y nghi\u1ec1n kim lo\u1ea1i Sl-1000<\/figcaption><\/figure> <\/figure>    <figure class=\"wp-block-table\"><table><tbody><tr><td>M\u1eabu m\u00e3<\/td><td>SL-400<\/td><td>M\u00e1y nghi\u1ec1n Sl-800<\/td><td>Sl-1000<\/td><\/tr><tr><td>C\u00f4ng su\u1ea5t<\/td><td>7.5KW*2<\/td><td>18.5KW*2<\/td><td>45KW*2<\/td><\/tr><tr><td>\u0110\u1ed9 d\u00e0y l\u01b0\u1ee1i dao<\/td><td>20mm<\/td><td>20mm<\/td><td>50mm<\/td><\/tr><tr><td>S\u1ed1 l\u01b0\u1ee3ng l\u01b0\u1ee1i dao<\/td><td>20<\/td><td>20<\/td><td>20<\/td><\/tr><tr><td>K\u00edch th\u01b0\u1edbc<\/td><td>2000*1100*1620mm<\/td><td>3800x1500x1900mm<\/td><td>4500*1900*220mm<\/td><\/tr><tr><td>Tr\u1ecdng l\u01b0\u1ee3ng<\/td><td>1.1T<\/td><td>3.5T<\/td><td>1100KG<\/td><\/tr><\/tbody><\/table><figcaption class=\"wp-element-caption\">Th\u00f4ng s\u1ed1 k\u1ef9 thu\u1eadt c\u1ee7a m\u00e1y nghi\u1ec1n kim lo\u1ea1i<\/figcaption><\/figure>    <p class=\"translation-block\">C\u00f3 nhi\u1ec1u m\u1eabu m\u00e3 m\u00e1y, m\u1eabu nh\u1ecf nh\u1ea5t l\u00e0 SL-400, l\u1edbn nh\u1ea5t l\u00e0 SL-2000. Ch\u00fang t\u00f4i s\u1ebd \u0111\u1ec1 xu\u1ea5t m\u1eabu ph\u00f9 h\u1ee3p d\u1ef1a tr\u00ean s\u1ea3n ph\u1ea9m c\u1ea7n nghi\u1ec1n. Ch\u00fang t\u00f4i c\u0169ng c\u00f3  m\u00e1y c\u1eaft th\u00e9p ph\u1ebf li\u1ec7u  \u0111\u1ec3 b\u00e1n v\u00e0 m\u1ed9t  m\u00e1y n\u00e9n gi\u1ea5y  kh\u00e1c.<\/p>","protected":false},"excerpt":{"rendered":"<p>M\u00e1y nghi\u1ec1n kim lo\u1ea1i ph\u1ebf li\u1ec7u d\u00f9ng \u0111\u1ec3 nghi\u1ec1n kim lo\u1ea1i. N\u00f3 c\u00f3 th\u1ec3 d\u00f9ng cho nguy\u00ean li\u1ec7u c\u00f3 m\u1ea3nh kim lo\u1ea1i, c\u0169ng nh\u01b0 ph\u1ebf li\u1ec7u \u00f4 t\u00f4 ch\u00ednh, ph\u1ebf li\u1ec7u c\u01a1 b\u1ea3n, v\u00e0 c\u00e1c s\u1ea3n ph\u1ea9m kh\u00e1c. C\u00f3 nguy\u00ean li\u1ec7u th\u00f4 c\u1ee7a m\u00e1y nghi\u1ec1n kim lo\u1ea1i. Nghi\u1ec1n nguy\u00ean li\u1ec7u kim lo\u1ea1i l\u1edbn \u0111\u1ec3 d\u1ec5 d\u00e0ng t\u00e1i ch\u1ebf v\u00e0 x\u1eed l\u00fd. \u0110\u01b0\u1ee3c d\u00f9ng trong ng\u00e0nh t\u00e1i ch\u1ebf, ng\u00e0nh x\u1eed l\u00fd thi\u1ebft b\u1ecb gia d\u1ee5ng th\u1ea3i, v\u00e0 nghi\u1ec1n kim lo\u1ea1i n\u1ed9i th\u1ea5t th\u1ea3i.<\/p>","protected":false},"author":1,"featured_media":2695,"parent":0,"template":"","tags":[38,84],"product-type":[46],"class_list":["post-2686","product","type-product","status-publish","has-post-thumbnail","hentry","tag-scrap-metal-shredder-machine","tag-shredder","product-type-metal-shredder"],"_links":{"self":[{"href":"https:\/\/shuliybaler.com\/vi\/wp-json\/wp\/v2\/product\/2686","targetHints":{"allow":["GET"]}}],"collection":[{"href":"https:\/\/shuliybaler.com\/vi\/wp-json\/wp\/v2\/product"}],"about":[{"href":"https:\/\/shuliybaler.com\/vi\/wp-json\/wp\/v2\/types\/product"}],"author":[{"embeddable":true,"href":"https:\/\/shuliybaler.com\/vi\/wp-json\/wp\/v2\/users\/1"}],"wp:featuredmedia":[{"embeddable":true,"href":"https:\/\/shuliybaler.com\/vi\/wp-json\/wp\/v2\/media\/2695"}],"wp:attachment":[{"href":"https:\/\/shuliybaler.com\/vi\/wp-json\/wp\/v2\/media?parent=2686"}],"wp:term":[{"taxonomy":"post_tag","embeddable":true,"href":"https:\/\/shuliybaler.com\/vi\/wp-json\/wp\/v2\/tags?post=2686"},{"taxonomy":"product-type","embeddable":true,"href":"https:\/\/shuliybaler.com\/vi\/wp-json\/wp\/v2\/product-type?post=2686"}],"curies":[{"name":"wp","href":"https:\/\/api.w.org\/{rel}","templated":true}]}}