{"id":2808,"date":"2022-09-29T15:05:42","date_gmt":"2022-09-29T07:05:42","guid":{"rendered":"https:\/\/shuliybaler.com\/?post_type=product&#038;p=2808"},"modified":"2022-10-10T13:53:38","modified_gmt":"2022-10-10T05:53:38","slug":"cotton-baling-machine","status":"publish","type":"product","link":"https:\/\/shuliybaler.com\/vi\/product\/cotton-baling-machine\/","title":{"rendered":"M\u00e1y \u0111\u00f3ng g\u00f3i b\u00f4ng | m\u00e1y \u00e9p b\u00f4ng"},"content":{"rendered":"<p class=\"translation-block\">M\u00e1y \u0111\u00f3ng b\u00f4ng d\u00f9ng \u0111\u1ec3 \u00e9p b\u00f4ng. M\u00e1y n\u00e9n b\u00f4ng m\u1edf r\u1ed9ng b\u1eb1ng c\u00e1ch n\u00e9n, thu\u1eadn ti\u1ec7n cho v\u1eadn chuy\u1ec3n v\u00e0 l\u01b0u tr\u1eef. M\u00e1y \u0111\u00f3ng b\u00f4ng s\u1eed d\u1ee5ng n\u00e9n th\u1ee7y l\u1ef1c \u0111\u1ec3 \u00e9p ch\u1eb7t kho\u1ea3ng c\u00e1ch gi\u1eefa c\u00e1c s\u1ee3i b\u00f4ng. <a href=\"https:\/\/shuliybaler.com\/vi\/product\/vertical-metal-baler\/\" data-type=\"URL\" data-id=\"https:\/\/shuliybaler.com\/product\/vertical-metal-baler\/\">M\u00e1y \u0111\u00f3ng b\u00f4ng<\/a> c\u00f3 th\u1ec3 d\u00f9ng trong c\u00e1c trang tr\u1ea1i tr\u1ed3ng b\u00f4ng v\u00e0 c\u00e1c nh\u00e0 m\u00e1y x\u1eed l\u00fd ch\u0103n ga, v.v. M\u00e1y \u00e9p b\u00f4ng c\u1ee7a ch\u00fang t\u00f4i \u0111\u00e3 \u0111\u01b0\u1ee3c b\u00e1n sang Indonesia, Pakistan, Ai C\u1eadp, Sudan, Mexico, \u1ea2 R\u1eadp Saudi.<\/p>    <figure class=\"wp-block-gallery has-nested-images columns-default is-cropped wp-block-gallery-2 is-layout-flex wp-block-gallery-is-layout-flex\"> <figure class=\"wp-block-image size-large\"><img loading=\"lazy\" decoding=\"async\" width=\"720\" height=\"540\" data-id=\"2812\" src=\"https:\/\/shuliybaler.com\/wp-content\/uploads\/2022\/09\/cotton-baling-machine.webp\" alt=\"m\u00e1y \u0111\u00f3ng ki\u1ec7n b\u00f4ng \" class=\"wp-image-2812\" title=\"\" srcset=\"https:\/\/shuliybaler.com\/wp-content\/uploads\/2022\/09\/cotton-baling-machine.webp 720w, https:\/\/shuliybaler.com\/wp-content\/uploads\/2022\/09\/cotton-baling-machine-360x270.webp 360w, https:\/\/shuliybaler.com\/wp-content\/uploads\/2022\/09\/cotton-baling-machine-180x135.webp 180w\" sizes=\"auto, (max-width: 720px) 100vw, 720px\" \/><figcaption>M\u00e1y \u0111\u00f3ng b\u00f4ng <\/figcaption><\/figure>    <figure class=\"wp-block-image size-large\"><img loading=\"lazy\" decoding=\"async\" width=\"720\" height=\"540\" data-id=\"2813\" src=\"https:\/\/shuliybaler.com\/wp-content\/uploads\/2022\/09\/cotton-baling-machine-1.webp\" alt=\"m\u00e1y \u0111\u00f3ng ki\u1ec7n b\u00f4ng \" class=\"wp-image-2813\" title=\"\" srcset=\"https:\/\/shuliybaler.com\/wp-content\/uploads\/2022\/09\/cotton-baling-machine-1.webp 720w, https:\/\/shuliybaler.com\/wp-content\/uploads\/2022\/09\/cotton-baling-machine-1-360x270.webp 360w, https:\/\/shuliybaler.com\/wp-content\/uploads\/2022\/09\/cotton-baling-machine-1-180x135.webp 180w\" sizes=\"auto, (max-width: 720px) 100vw, 720px\" \/><figcaption>M\u00e1y \u0111\u00f3ng b\u00f4ng <\/figcaption><\/figure> <\/figure>    <h2 class=\"wp-block-heading\">Ph\u1ea1m vi \u1ee9ng d\u1ee5ng c\u1ee7a m\u00e1y \u0111\u00f3ng b\u00f4ng <\/h2>    <figure class=\"wp-block-gallery has-nested-images columns-2 is-cropped wp-block-gallery-3 is-layout-flex wp-block-gallery-is-layout-flex\"> <figure class=\"wp-block-image size-large\"><img loading=\"lazy\" decoding=\"async\" width=\"720\" height=\"540\" data-id=\"2815\" src=\"https:\/\/shuliybaler.com\/wp-content\/uploads\/2022\/09\/cotton-baling-1.webp\" alt=\"\u00e9p b\u00f4ng\" class=\"wp-image-2815\" title=\"\" srcset=\"https:\/\/shuliybaler.com\/wp-content\/uploads\/2022\/09\/cotton-baling-1.webp 720w, https:\/\/shuliybaler.com\/wp-content\/uploads\/2022\/09\/cotton-baling-1-360x270.webp 360w, https:\/\/shuliybaler.com\/wp-content\/uploads\/2022\/09\/cotton-baling-1-180x135.webp 180w\" sizes=\"auto, (max-width: 720px) 100vw, 720px\" \/><figcaption>\u0110\u00f3ng b\u00f4ng<\/figcaption><\/figure>    <figure class=\"wp-block-image size-large\"><img loading=\"lazy\" decoding=\"async\" width=\"720\" height=\"540\" data-id=\"2814\" src=\"https:\/\/shuliybaler.com\/wp-content\/uploads\/2022\/09\/cotton-baling.webp\" alt=\"\" class=\"wp-image-2814\" title=\"\" srcset=\"https:\/\/shuliybaler.com\/wp-content\/uploads\/2022\/09\/cotton-baling.webp 720w, https:\/\/shuliybaler.com\/wp-content\/uploads\/2022\/09\/cotton-baling-360x270.webp 360w, https:\/\/shuliybaler.com\/wp-content\/uploads\/2022\/09\/cotton-baling-180x135.webp 180w\" sizes=\"auto, (max-width: 720px) 100vw, 720px\" \/><figcaption>\u0110\u00f3ng b\u00f4ng<\/figcaption><\/figure>    <figure class=\"wp-block-image size-large\"><img loading=\"lazy\" decoding=\"async\" width=\"720\" height=\"540\" data-id=\"2816\" src=\"https:\/\/shuliybaler.com\/wp-content\/uploads\/2022\/09\/Recycling-and-packaging.webp\" alt=\"T\u00e1i ch\u1ebf v\u00e0 \u0111\u00f3ng g\u00f3i\" class=\"wp-image-2816\" title=\"\" srcset=\"https:\/\/shuliybaler.com\/wp-content\/uploads\/2022\/09\/Recycling-and-packaging.webp 720w, https:\/\/shuliybaler.com\/wp-content\/uploads\/2022\/09\/Recycling-and-packaging-360x270.webp 360w, https:\/\/shuliybaler.com\/wp-content\/uploads\/2022\/09\/Recycling-and-packaging-180x135.webp 180w\" sizes=\"auto, (max-width: 720px) 100vw, 720px\" \/><figcaption>T\u00e1i ch\u1ebf v\u00e0 \u0111\u00f3ng g\u00f3i<\/figcaption><\/figure>    <figure class=\"wp-block-image size-large\"><img loading=\"lazy\" decoding=\"async\" width=\"720\" height=\"540\" data-id=\"2817\" src=\"https:\/\/shuliybaler.com\/wp-content\/uploads\/2022\/09\/Recycling-and-packaging-1.webp\" alt=\"T\u00e1i ch\u1ebf v\u00e0 \u0111\u00f3ng g\u00f3i\" class=\"wp-image-2817\" title=\"\" srcset=\"https:\/\/shuliybaler.com\/wp-content\/uploads\/2022\/09\/Recycling-and-packaging-1.webp 720w, https:\/\/shuliybaler.com\/wp-content\/uploads\/2022\/09\/Recycling-and-packaging-1-360x270.webp 360w, https:\/\/shuliybaler.com\/wp-content\/uploads\/2022\/09\/Recycling-and-packaging-1-180x135.webp 180w\" sizes=\"auto, (max-width: 720px) 100vw, 720px\" \/><figcaption>T\u00e1i ch\u1ebf v\u00e0 \u0111\u00f3ng g\u00f3i<\/figcaption><\/figure> <\/figure>    <p class=\"translation-block\">M\u00e1y \u0111\u00f3ng b\u00f4ng ch\u1ee7 y\u1ebfu ph\u00f9 h\u1ee3p cho gi\u1ea5y v\u1ee5n, nh\u1ef1a, <a href=\"https:\/\/en.wikipedia.org\/wiki\/Iron_filings\" data-type=\"URL\" data-id=\"https:\/\/en.wikipedia.org\/wiki\/Iron_filings\" target=\"_blank\" rel=\"noopener\">b\u1ed9t s\u1eaft<\/a>, b\u00f4ng, len, gi\u1ea5y v\u1ee5n, h\u1ed9p gi\u1ea5y v\u1ee5n, b\u00eca c\u1ee9ng v\u1ee5n, s\u1ee3i, l\u00e1 thu\u1ed1c l\u00e1, nh\u1ef1a, v\u1ea3i, t\u00fai d\u1ec7t, len \u0111an, hemp, bao t\u1ea3i, \u0111\u1ec9nh, len, \u0111\u00f3ng g\u00f3i c\u00e1c v\u1eadt li\u1ec7u r\u1eddi nh\u01b0 b\u00f3ng, k\u00e9n t\u01a1, t\u01a1, hoa h\u1ed3i, l\u00faa m\u00ec, c\u1ee7i l\u1eeda, c\u1ecf, r\u00e1c th\u1ea3i, v.v., gi\u1ea3m th\u1ec3 t\u00edch, thu\u1eadn ti\u1ec7n \u0111\u00f3ng g\u00f3i, v\u1eadn chuy\u1ec3n v\u00e0 gi\u1ea3m di\u1ec7n t\u00edch l\u01b0u tr\u1eef. N\u00f3 c\u00f3 c\u1ea5u tr\u00fac k\u00edn v\u00e0 ch\u1eafc ch\u1eafn, v\u1eefng ch\u1eafc.<\/p>    <h2 class=\"wp-block-heading\">Hai lo\u1ea1i m\u00e1y \u0111\u00f3ng b\u00f4ng<\/h2>    <figure class=\"wp-block-gallery has-nested-images columns-default is-cropped wp-block-gallery-4 is-layout-flex wp-block-gallery-is-layout-flex\"> <figure class=\"wp-block-image size-large\"><img loading=\"lazy\" decoding=\"async\" width=\"720\" height=\"540\" data-id=\"2818\" src=\"https:\/\/shuliybaler.com\/wp-content\/uploads\/2022\/09\/horizontal-baler.webp\" alt=\"m\u00e1y \u0111\u00f3ng ki\u1ec7n ngang\" class=\"wp-image-2818\" title=\"\" srcset=\"https:\/\/shuliybaler.com\/wp-content\/uploads\/2022\/09\/horizontal-baler.webp 720w, https:\/\/shuliybaler.com\/wp-content\/uploads\/2022\/09\/horizontal-baler-360x270.webp 360w, https:\/\/shuliybaler.com\/wp-content\/uploads\/2022\/09\/horizontal-baler-180x135.webp 180w\" sizes=\"auto, (max-width: 720px) 100vw, 720px\" \/><figcaption>Baler ngang<\/figcaption><\/figure>    <figure class=\"wp-block-image size-large\"><img loading=\"lazy\" decoding=\"async\" width=\"720\" height=\"540\" data-id=\"2819\" src=\"https:\/\/shuliybaler.com\/wp-content\/uploads\/2022\/09\/vertical-baler-machine.webp\" alt=\"M\u00e1y n\u00e9n bales d\u1ecdc\" class=\"wp-image-2819\" title=\"\" srcset=\"https:\/\/shuliybaler.com\/wp-content\/uploads\/2022\/09\/vertical-baler-machine.webp 720w, https:\/\/shuliybaler.com\/wp-content\/uploads\/2022\/09\/vertical-baler-machine-360x270.webp 360w, https:\/\/shuliybaler.com\/wp-content\/uploads\/2022\/09\/vertical-baler-machine-180x135.webp 180w\" sizes=\"auto, (max-width: 720px) 100vw, 720px\" \/><figcaption>M\u00e1y n\u00e9n th\u00f9ng \u0111\u1ee9ng<\/figcaption><\/figure> <\/figure>    <p>Ngo\u00e0i m\u00e1y \u0111\u00f3ng b\u00f4ng d\u1ecdc n\u00e0y, c\u00f2n c\u00f3 m\u00e1y \u0111\u00f3ng b\u00f4ng ngang, thu\u1eadn ti\u1ec7n h\u01a1n cho vi\u1ec7c t\u1ea3i v\u00e0 l\u1edbn h\u01a1n v\u1ec1 k\u00edch th\u01b0\u1edbc. M\u00e1y \u0111\u00f3ng b\u00f4ng d\u1ecdc th\u01b0\u1eddng d\u00f9ng \u0111\u1ec3 \u0111\u00f3ng g\u00f3i c\u00e1c v\u1eadt nh\u1eb9 nh\u01b0 r\u00e1c th\u1ea3i, b\u00f4ng, lon, chai. Lo\u1ea1i m\u00e1y \u0111\u00f3ng b\u00f4ng d\u00f9ng \u0111\u1ec3 \u0111\u00f3ng g\u00f3i nguy\u00ean li\u1ec7u c\u00f3 \u0111\u1ed9 c\u1ee9ng cao h\u01a1n nh\u01b0 kim lo\u1ea1i ph\u1ebf li\u1ec7u.<\/p>    <h2 class=\"wp-block-heading\">C\u1ea5u tr\u00fac m\u00e1y \u0111\u00f3ng b\u00f4ng<\/h2>    <figure class=\"wp-block-gallery has-nested-images columns-default is-cropped wp-block-gallery-5 is-layout-flex wp-block-gallery-is-layout-flex\"> <figure class=\"wp-block-image size-large\"><img loading=\"lazy\" decoding=\"async\" width=\"720\" height=\"540\" data-id=\"2820\" src=\"https:\/\/shuliybaler.com\/wp-content\/uploads\/2022\/09\/Cotton-baling-machine-structure.webp\" alt=\"C\u1ea5u tr\u00fac m\u00e1y \u0111\u00f3ng b\u00f4ng\" class=\"wp-image-2820\" title=\"\" srcset=\"https:\/\/shuliybaler.com\/wp-content\/uploads\/2022\/09\/Cotton-baling-machine-structure.webp 720w, https:\/\/shuliybaler.com\/wp-content\/uploads\/2022\/09\/Cotton-baling-machine-structure-360x270.webp 360w, https:\/\/shuliybaler.com\/wp-content\/uploads\/2022\/09\/Cotton-baling-machine-structure-180x135.webp 180w\" sizes=\"auto, (max-width: 720px) 100vw, 720px\" \/><figcaption>C\u1ea5u tr\u00fac m\u00e1y \u0111\u00f3ng b\u00f4ng<\/figcaption><\/figure> <\/figure>    <p>M\u00e1y \u0111\u00f3ng b\u00f4ng bao g\u1ed3m xi lanh th\u1ee7y l\u1ef1c, van th\u1ee7y l\u1ef1c, h\u1ed9p th\u1ee7y l\u1ef1c, tay c\u1ea7m v\u1eadn h\u00e0nh, b\u1ec7 \u00e9p d\u00e0y, tay c\u1ea7m v\u1eadn h\u00e0nh, \u0111\u1ed9ng c\u01a1 \u0111\u1ed3ng nguy\u00ean ch\u1ea5t, kh\u00f3a c\u1eeda h\u00ecnh U, v\u00e0 th\u00f9ng n\u00e9n dung t\u00edch l\u1edbn.<\/p>    <p>\u01afu \u0111i\u1ec3m c\u1ee7a m\u00e1y \u0111\u00f3ng b\u00f4ng<\/p>    <div class=\"wp-block-media-text alignwide is-stacked-on-mobile\"><figure class=\"wp-block-media-text__media\"><img loading=\"lazy\" decoding=\"async\" width=\"720\" height=\"540\" src=\"https:\/\/shuliybaler.com\/wp-content\/uploads\/2022\/09\/cotton-pressing-machine.webp\" alt=\"m\u00e1y \u00e9p b\u00f4ng\" class=\"wp-image-2821 size-full\" title=\"\" srcset=\"https:\/\/shuliybaler.com\/wp-content\/uploads\/2022\/09\/cotton-pressing-machine.webp 720w, https:\/\/shuliybaler.com\/wp-content\/uploads\/2022\/09\/cotton-pressing-machine-360x270.webp 360w, https:\/\/shuliybaler.com\/wp-content\/uploads\/2022\/09\/cotton-pressing-machine-180x135.webp 180w\" sizes=\"auto, (max-width: 720px) 100vw, 720px\" \/><\/figure><div class=\"wp-block-media-text__content\"> <h3 class=\"wp-block-heading\">Xi lanh chrome ch\u1ecbu \u00e1p l\u1ef1c cao<\/h3>    <p>Xi lanh d\u1ea7u m\u1ea1 chrome ch\u1ecbu nhi\u1ec7t cao, \u0111\u1ed9 b\u1ec1n cao, kh\u00f4ng tho\u00e1t kh\u00ed, kh\u00f4ng r\u00f2 r\u1ec9 d\u1ea7u<\/p> <\/div><\/div>    <div class=\"wp-block-media-text alignwide has-media-on-the-right is-stacked-on-mobile\"><figure class=\"wp-block-media-text__media\"><img loading=\"lazy\" decoding=\"async\" width=\"720\" height=\"540\" src=\"https:\/\/shuliybaler.com\/wp-content\/uploads\/2022\/09\/cotton-pressing-machine-platen.webp\" alt=\"m\u00e1y \u00e9p b\u00f4ng c\u1ee7a m\u00e1y \u00e9p b\u00f4ng\" class=\"wp-image-2822 size-full\" title=\"\" srcset=\"https:\/\/shuliybaler.com\/wp-content\/uploads\/2022\/09\/cotton-pressing-machine-platen.webp 720w, https:\/\/shuliybaler.com\/wp-content\/uploads\/2022\/09\/cotton-pressing-machine-platen-360x270.webp 360w, https:\/\/shuliybaler.com\/wp-content\/uploads\/2022\/09\/cotton-pressing-machine-platen-180x135.webp 180w\" sizes=\"auto, (max-width: 720px) 100vw, 720px\" \/><\/figure><div class=\"wp-block-media-text__content\"> <h3 class=\"wp-block-heading\">B\u1ec7 \u00e9p d\u00e0y h\u01a1n v\u00e0 n\u00e2ng c\u1ea5p<\/h3>    <p>Khung th\u00e9p c\u1ee7a th\u00e2n m\u00e1y \u0111\u00f3ng b\u00f4ng d\u00e0y h\u01a1n \u0111\u1ec3 b\u1ec1n h\u01a1n<\/p> <\/div><\/div>    <div class=\"wp-block-media-text alignwide is-stacked-on-mobile\"><figure class=\"wp-block-media-text__media\"><img loading=\"lazy\" decoding=\"async\" width=\"720\" height=\"540\" src=\"https:\/\/shuliybaler.com\/wp-content\/uploads\/2022\/09\/cotton-pressing-machine-details.webp\" alt=\"chi ti\u1ebft m\u00e1y \u00e9p b\u00f4ng\" class=\"wp-image-2823 size-full\" title=\"\" srcset=\"https:\/\/shuliybaler.com\/wp-content\/uploads\/2022\/09\/cotton-pressing-machine-details.webp 720w, https:\/\/shuliybaler.com\/wp-content\/uploads\/2022\/09\/cotton-pressing-machine-details-360x270.webp 360w, https:\/\/shuliybaler.com\/wp-content\/uploads\/2022\/09\/cotton-pressing-machine-details-180x135.webp 180w\" sizes=\"auto, (max-width: 720px) 100vw, 720px\" \/><\/figure><div class=\"wp-block-media-text__content\"> <h2 class=\"wp-block-heading\">\u0110\u1ed9ng c\u01a1 ch\u1ea5t l\u01b0\u1ee3ng cao<\/h2>    <p>\u0110\u1ed9ng c\u01a1 \u0111\u1ed3ng nguy\u00ean ch\u1ea5t, l\u00e0m m\u00e1t nhanh, \u0111\u1ee7 c\u00f4ng su\u1ea5t, tu\u1ed5i th\u1ecd d\u00e0i<\/p> <\/div><\/div>    <div class=\"wp-block-media-text alignwide has-media-on-the-right is-stacked-on-mobile\"><figure class=\"wp-block-media-text__media\"><img loading=\"lazy\" decoding=\"async\" width=\"720\" height=\"540\" src=\"https:\/\/shuliybaler.com\/wp-content\/uploads\/2022\/09\/cotton-pressing-machine-details-1.webp\" alt=\"chi ti\u1ebft m\u00e1y \u00e9p b\u00f4ng\" class=\"wp-image-2824 size-full\" title=\"\" srcset=\"https:\/\/shuliybaler.com\/wp-content\/uploads\/2022\/09\/cotton-pressing-machine-details-1.webp 720w, https:\/\/shuliybaler.com\/wp-content\/uploads\/2022\/09\/cotton-pressing-machine-details-1-360x270.webp 360w, https:\/\/shuliybaler.com\/wp-content\/uploads\/2022\/09\/cotton-pressing-machine-details-1-180x135.webp 180w\" sizes=\"auto, (max-width: 720px) 100vw, 720px\" \/><\/figure><div class=\"wp-block-media-text__content\"> <h2 class=\"wp-block-heading\">C\u1eeda an to\u00e0n<\/h2>    <p>M\u00e1y \u0111\u00f3ng b\u00f4ng c\u00f3 c\u1eeda chuy\u1ec3n \u0111\u1ed5i m\u1edbi, ch\u1eafc ch\u1eafn v\u00e0 b\u1ec1n b\u1ec9.<\/p> <\/div><\/div>    <h2 class=\"wp-block-heading\">C\u00e1c bi\u1ec7n ph\u00e1p ph\u00f2ng ng\u1eeba khi s\u1eed d\u1ee5ng m\u00e1y \u0111\u00f3ng b\u00f4ng<\/h2>    <figure class=\"wp-block-gallery has-nested-images columns-default is-cropped wp-block-gallery-6 is-layout-flex wp-block-gallery-is-layout-flex\"> <figure class=\"wp-block-image size-large\"><img loading=\"lazy\" decoding=\"async\" width=\"720\" height=\"540\" data-id=\"2826\" src=\"https:\/\/shuliybaler.com\/wp-content\/uploads\/2022\/09\/cotton-pressing-machine-details-2.webp\" alt=\"chi ti\u1ebft m\u00e1y \u00e9p b\u00f4ng\" class=\"wp-image-2826\" title=\"\" srcset=\"https:\/\/shuliybaler.com\/wp-content\/uploads\/2022\/09\/cotton-pressing-machine-details-2.webp 720w, https:\/\/shuliybaler.com\/wp-content\/uploads\/2022\/09\/cotton-pressing-machine-details-2-360x270.webp 360w, https:\/\/shuliybaler.com\/wp-content\/uploads\/2022\/09\/cotton-pressing-machine-details-2-180x135.webp 180w\" sizes=\"auto, (max-width: 720px) 100vw, 720px\" \/><figcaption>Chi ti\u1ebft m\u00e1y \u00e9p b\u00f4ng<\/figcaption><\/figure>    <figure class=\"wp-block-image size-large\"><img loading=\"lazy\" decoding=\"async\" width=\"720\" height=\"540\" data-id=\"2825\" src=\"https:\/\/shuliybaler.com\/wp-content\/uploads\/2022\/09\/cotton-pressing-machine-shipping.webp\" alt=\"v\u1eadn chuy\u1ec3n m\u00e1y \u00e9p b\u00f4ng\" class=\"wp-image-2825\" title=\"\" srcset=\"https:\/\/shuliybaler.com\/wp-content\/uploads\/2022\/09\/cotton-pressing-machine-shipping.webp 720w, https:\/\/shuliybaler.com\/wp-content\/uploads\/2022\/09\/cotton-pressing-machine-shipping-360x270.webp 360w, https:\/\/shuliybaler.com\/wp-content\/uploads\/2022\/09\/cotton-pressing-machine-shipping-180x135.webp 180w\" sizes=\"auto, (max-width: 720px) 100vw, 720px\" \/><figcaption>V\u1eadn chuy\u1ec3n m\u00e1y \u00e9p b\u00f4ng<\/figcaption><\/figure>    <figure class=\"wp-block-image size-large\"><img loading=\"lazy\" decoding=\"async\" width=\"720\" height=\"540\" data-id=\"2827\" src=\"https:\/\/shuliybaler.com\/wp-content\/uploads\/2022\/09\/cotton-pressing-machine-details-3.webp\" alt=\"chi ti\u1ebft m\u00e1y \u00e9p b\u00f4ng\" class=\"wp-image-2827\" title=\"\" srcset=\"https:\/\/shuliybaler.com\/wp-content\/uploads\/2022\/09\/cotton-pressing-machine-details-3.webp 720w, https:\/\/shuliybaler.com\/wp-content\/uploads\/2022\/09\/cotton-pressing-machine-details-3-360x270.webp 360w, https:\/\/shuliybaler.com\/wp-content\/uploads\/2022\/09\/cotton-pressing-machine-details-3-180x135.webp 180w\" sizes=\"auto, (max-width: 720px) 100vw, 720px\" \/><figcaption>Chi ti\u1ebft m\u00e1y \u00e9p b\u00f4ng<\/figcaption><\/figure> <\/figure>    <p>(1) N\u00ean s\u1eed d\u1ee5ng d\u1ea7u th\u1ee7y l\u1ef1c ch\u1ed1ng m\u00e0i m\u00f2n ch\u1ea5t l\u01b0\u1ee3ng cao cho d\u1ea7u th\u1ee7y l\u1ef1c trong b\u00ecnh, c\u1ea7n l\u1ecdc k\u1ef9, v\u00e0 lu\u00f4n duy tr\u00ec l\u01b0\u1ee3ng d\u1ea7u \u0111\u1ee7.<\/p>    <p> (2) B\u00ecnh d\u1ea7u c\u1ea7n \u0111\u01b0\u1ee3c l\u00e0m s\u1ea1ch v\u00e0 thay d\u1ea7u m\u1edbi m\u1ed7i s\u00e1u th\u00e1ng, nh\u01b0ng kh\u00f4ng \u0111\u01b0\u1ee3c l\u00e0m s\u1ea1ch v\u00e0 l\u1ecdc d\u1ea7u qu\u00e1 m\u1ed9t th\u00e1ng. D\u1ea7u m\u1edbi \u0111\u00e3 qua s\u1eed d\u1ee5ng m\u1ed9t l\u1ea7n c\u00f3 th\u1ec3 \u0111\u01b0\u1ee3c s\u1eed d\u1ee5ng l\u1ea1i sau khi l\u1ecdc k\u1ef9.<\/p>    <p> (3) M\u1ed7i b\u1ed9 ph\u1eadn b\u00f4i tr\u01a1n c\u1ee7a m\u00e1y c\u1ea7n \u0111\u01b0\u1ee3c b\u00f4i d\u1ea7u b\u00f4i tr\u01a1n \u00edt nh\u1ea5t m\u1ed9t l\u1ea7n m\u1ed7i ca l\u00e0m vi\u1ec7c theo y\u00eau c\u1ea7u. <\/p>    <figure class=\"wp-block-gallery has-nested-images columns-default is-cropped wp-block-gallery-7 is-layout-flex wp-block-gallery-is-layout-flex\"> <figure class=\"wp-block-image size-large\"><img loading=\"lazy\" decoding=\"async\" width=\"720\" height=\"540\" data-id=\"2828\" src=\"https:\/\/shuliybaler.com\/wp-content\/uploads\/2022\/09\/cotton-pressing-machine-1.webp\" alt=\"M\u00e1y \u0111\u00f3ng g\u00f3i chai b\u00f4ng \" class=\"wp-image-2828\" title=\"\" srcset=\"https:\/\/shuliybaler.com\/wp-content\/uploads\/2022\/09\/cotton-pressing-machine-1.webp 720w, https:\/\/shuliybaler.com\/wp-content\/uploads\/2022\/09\/cotton-pressing-machine-1-360x270.webp 360w, https:\/\/shuliybaler.com\/wp-content\/uploads\/2022\/09\/cotton-pressing-machine-1-180x135.webp 180w\" sizes=\"auto, (max-width: 720px) 100vw, 720px\" \/><figcaption>M\u00e1y \u0111\u00f3ng b\u00f4ng <\/figcaption><\/figure>    <figure class=\"wp-block-image size-large\"><img loading=\"lazy\" decoding=\"async\" width=\"720\" height=\"540\" data-id=\"2829\" src=\"https:\/\/shuliybaler.com\/wp-content\/uploads\/2022\/09\/Cotton-baling-machine.webp\" alt=\"M\u00e1y \u0111\u00f3ng g\u00f3i chai b\u00f4ng \" class=\"wp-image-2829\" title=\"\" srcset=\"https:\/\/shuliybaler.com\/wp-content\/uploads\/2022\/09\/Cotton-baling-machine.webp 720w, https:\/\/shuliybaler.com\/wp-content\/uploads\/2022\/09\/Cotton-baling-machine-360x270.webp 360w, https:\/\/shuliybaler.com\/wp-content\/uploads\/2022\/09\/Cotton-baling-machine-180x135.webp 180w\" sizes=\"auto, (max-width: 720px) 100vw, 720px\" \/><figcaption>M\u00e1y \u0111\u00f3ng b\u00f4ng <\/figcaption><\/figure>    <figure class=\"wp-block-image size-large\"><img loading=\"lazy\" decoding=\"async\" width=\"720\" height=\"540\" data-id=\"2830\" src=\"https:\/\/shuliybaler.com\/wp-content\/uploads\/2022\/09\/Cotton-baling-machine-1.webp\" alt=\"M\u00e1y \u0111\u00f3ng g\u00f3i chai b\u00f4ng \" class=\"wp-image-2830\" title=\"\" srcset=\"https:\/\/shuliybaler.com\/wp-content\/uploads\/2022\/09\/Cotton-baling-machine-1.webp 720w, https:\/\/shuliybaler.com\/wp-content\/uploads\/2022\/09\/Cotton-baling-machine-1-360x270.webp 360w, https:\/\/shuliybaler.com\/wp-content\/uploads\/2022\/09\/Cotton-baling-machine-1-180x135.webp 180w\" sizes=\"auto, (max-width: 720px) 100vw, 720px\" \/><figcaption>M\u00e1y \u0111\u00f3ng b\u00f4ng <\/figcaption><\/figure> <\/figure>    <p>(4) Ph\u1ea7n v\u1ee5n trong h\u1ed9p v\u1eadt li\u1ec7u c\u1ea7n \u0111\u01b0\u1ee3c l\u00e0m s\u1ea1ch k\u1ecbp th\u1eddi.<\/p>    <p> (5) Nh\u1eefng ng\u01b0\u1eddi kh\u00f4ng hi\u1ec3u r\u00f5 c\u1ea5u tr\u00fac, hi\u1ec7u su\u1ea5t, v\u00e0 quy tr\u00ecnh v\u1eadn h\u00e0nh c\u1ee7a m\u00e1y kh\u00f4ng \u0111\u01b0\u1ee3c ph\u00e9p kh\u1edfi \u0111\u1ed9ng m\u00e1y khi ch\u01b0a c\u00f3 s\u1ef1 cho ph\u00e9p. <\/p>    <p>(6) Khi m\u00e1y g\u1eb7p r\u00f2 r\u1ec9 d\u1ea7u nghi\u00eam tr\u1ecdng ho\u1eb7c c\u00f3 hi\u1ec7n t\u01b0\u1ee3ng b\u1ea5t th\u01b0\u1eddng trong qu\u00e1 tr\u00ecnh l\u00e0m vi\u1ec7c, c\u1ea7n d\u1eebng m\u00e1y ngay \u0111\u1ec3 ph\u00e2n t\u00edch nguy\u00ean nh\u00e2n v\u00e0 kh\u1eafc ph\u1ee5c l\u1ed7i, kh\u00f4ng \u0111\u01b0\u1ee3c v\u1eadn h\u00e0nh m\u00e1y khi g\u1eb7p s\u1ef1 c\u1ed1. <\/p>    <figure class=\"wp-block-gallery has-nested-images columns-default is-cropped wp-block-gallery-8 is-layout-flex wp-block-gallery-is-layout-flex\"> <figure class=\"wp-block-image size-large\"><img loading=\"lazy\" decoding=\"async\" width=\"720\" height=\"540\" data-id=\"2831\" src=\"https:\/\/shuliybaler.com\/wp-content\/uploads\/2022\/09\/baling-machine.webp\" alt=\"m\u00e1y \u0111\u00f3ng ki\u1ec7n\" class=\"wp-image-2831\" title=\"\" srcset=\"https:\/\/shuliybaler.com\/wp-content\/uploads\/2022\/09\/baling-machine.webp 720w, https:\/\/shuliybaler.com\/wp-content\/uploads\/2022\/09\/baling-machine-360x270.webp 360w, https:\/\/shuliybaler.com\/wp-content\/uploads\/2022\/09\/baling-machine-180x135.webp 180w\" sizes=\"auto, (max-width: 720px) 100vw, 720px\" \/><figcaption>M\u00e1y \u0111\u00f3ng g\u00f3i<\/figcaption><\/figure>    <figure class=\"wp-block-image size-large\"><img loading=\"lazy\" decoding=\"async\" width=\"720\" height=\"540\" data-id=\"2832\" src=\"https:\/\/shuliybaler.com\/wp-content\/uploads\/2022\/09\/can-packer.webp\" alt=\"m\u00e1y \u0111\u00f3ng g\u00f3i\" class=\"wp-image-2832\" title=\"\" srcset=\"https:\/\/shuliybaler.com\/wp-content\/uploads\/2022\/09\/can-packer.webp 720w, https:\/\/shuliybaler.com\/wp-content\/uploads\/2022\/09\/can-packer-360x270.webp 360w, https:\/\/shuliybaler.com\/wp-content\/uploads\/2022\/09\/can-packer-180x135.webp 180w\" sizes=\"auto, (max-width: 720px) 100vw, 720px\" \/><figcaption>M\u00e1y \u0111\u00f3ng h\u1ed9p<\/figcaption><\/figure>    <figure class=\"wp-block-image size-large\"><img loading=\"lazy\" decoding=\"async\" width=\"720\" height=\"540\" data-id=\"2833\" src=\"https:\/\/shuliybaler.com\/wp-content\/uploads\/2022\/09\/baling.webp\" alt=\"\u0111\u00f3ng ki\u1ec7n\" class=\"wp-image-2833\" title=\"\" srcset=\"https:\/\/shuliybaler.com\/wp-content\/uploads\/2022\/09\/baling.webp 720w, https:\/\/shuliybaler.com\/wp-content\/uploads\/2022\/09\/baling-360x270.webp 360w, https:\/\/shuliybaler.com\/wp-content\/uploads\/2022\/09\/baling-180x135.webp 180w\" sizes=\"auto, (max-width: 720px) 100vw, 720px\" \/><figcaption>\u0110\u00f3ng b\u00f4ng<\/figcaption><\/figure> <\/figure>    <p>(7) Trong qu\u00e1 tr\u00ecnh v\u1eadn h\u00e0nh c\u1ee7a m\u00e1y, kh\u00f4ng \u0111\u01b0\u1ee3c s\u1eeda ch\u1eefa ho\u1eb7c ch\u1ea1m v\u00e0o c\u00e1c b\u1ed9 ph\u1eadn chuy\u1ec3n \u0111\u1ed9ng, v\u00e0 tuy\u1ec7t \u0111\u1ed1i kh\u00f4ng \u0111\u01b0\u1ee3c d\u00f9ng tay ho\u1eb7c ch\u00e2n \u0111\u1ec3 \u00e9p v\u1eadt li\u1ec7u trong h\u1ed9p v\u1eadt li\u1ec7u. <\/p>    <p>(8) Khi \u0111i\u1ec1u ch\u1ec9nh b\u01a1m, van, v\u00e0 \u0111\u1ed3ng h\u1ed3 \u00e1p, c\u1ea7n do k\u1ef9 thu\u1eadt vi\u00ean c\u00f3 kinh nghi\u1ec7m th\u1ef1c hi\u1ec7n. N\u1ebfu \u0111\u1ed3ng h\u1ed3 \u00e1p b\u1ecb l\u1ed7i, c\u1ea7n ki\u1ec3m tra ho\u1eb7c thay th\u1ebf ngay l\u1eadp t\u1ee9c.<\/p>    <h2 class=\"wp-block-heading\">M\u00e1y \u0111\u00f3ng b\u00f4ng ho\u1ea1t \u0111\u1ed9ng nh\u01b0 th\u1ebf n\u00e0o\uff1f<\/h2>    <figure class=\"wp-block-embed is-type-video is-provider-youtube wp-block-embed-youtube wp-embed-aspect-16-9 wp-has-aspect-ratio\"><div class=\"wp-block-embed__wrapper\"> <iframe loading=\"lazy\" title=\"M\u00e1y n\u00e9n gi\u1ea5y th\u1ea3i | m\u00e1y \u00e9p b\u00f4ng | m\u00e1y n\u00e9n lon | m\u00e1y n\u00e9n t\u00e1i ch\u1ebf\" width=\"500\" height=\"281\" src=\"https:\/\/www.youtube.com\/embed\/QZtXuzoCVkA?feature=oembed\" frameborder=\"0\" allow=\"accelerometer; autoplay; clipboard-write; encrypted-media; gyroscope; picture-in-picture; web-share\" referrerpolicy=\"strict-origin-when-cross-origin\" allowfullscreen><\/iframe> <\/div><figcaption>Ho\u1ea1t \u0111\u1ed9ng c\u1ee7a m\u00e1y \u0111\u00f3ng b\u00f4ng<\/figcaption><\/figure>","protected":false},"excerpt":{"rendered":"<p>M\u00e1y \u0111\u00f3ng ki\u1ec7n b\u00f4ng d\u00f9ng \u0111\u1ec3 \u00e9p b\u00f4ng. M\u00e1y \u0111\u00f3ng ki\u1ec7n b\u00f4ng n\u00e9n b\u00f4ng m\u1edf r\u1ed9ng, thu\u1eadn ti\u1ec7n cho v\u1eadn chuy\u1ec3n v\u00e0 l\u01b0u tr\u1eef. M\u00e1y \u0111\u00f3ng ki\u1ec7n b\u00f4ng s\u1eed d\u1ee5ng n\u00e9n th\u1ee7y l\u1ef1c \u0111\u1ec3 \u00e9p ch\u1eb7t kho\u1ea3ng c\u00e1ch gi\u1eefa c\u00e1c s\u1ee3i b\u00f4ng. M\u00e1y \u0111\u00f3ng ki\u1ec7n b\u00f4ng c\u00f3 th\u1ec3 s\u1eed d\u1ee5ng trong c\u00e1c trang tr\u1ea1i tr\u1ed3ng b\u00f4ng v\u00e0 c\u00e1c nh\u00e0 m\u00e1y ch\u1ebf bi\u1ebfn ch\u0103n ga, v.v. M\u00e1y \u00e9p b\u00f4ng c\u1ee7a ch\u00fang t\u00f4i \u0111\u00e3 \u0111\u01b0\u1ee3c b\u00e1n sang Indonesia, Pakistan, Ai C\u1eadp, Sudan, Mexico, \u1ea2 R\u1eadp Saudi<\/p>","protected":false},"author":1,"featured_media":2811,"parent":0,"template":"","tags":[50],"product-type":[48],"class_list":["post-2808","product","type-product","status-publish","has-post-thumbnail","hentry","tag-metal-baling-machine","product-type-solution"],"_links":{"self":[{"href":"https:\/\/shuliybaler.com\/vi\/wp-json\/wp\/v2\/product\/2808","targetHints":{"allow":["GET"]}}],"collection":[{"href":"https:\/\/shuliybaler.com\/vi\/wp-json\/wp\/v2\/product"}],"about":[{"href":"https:\/\/shuliybaler.com\/vi\/wp-json\/wp\/v2\/types\/product"}],"author":[{"embeddable":true,"href":"https:\/\/shuliybaler.com\/vi\/wp-json\/wp\/v2\/users\/1"}],"wp:featuredmedia":[{"embeddable":true,"href":"https:\/\/shuliybaler.com\/vi\/wp-json\/wp\/v2\/media\/2811"}],"wp:attachment":[{"href":"https:\/\/shuliybaler.com\/vi\/wp-json\/wp\/v2\/media?parent=2808"}],"wp:term":[{"taxonomy":"post_tag","embeddable":true,"href":"https:\/\/shuliybaler.com\/vi\/wp-json\/wp\/v2\/tags?post=2808"},{"taxonomy":"product-type","embeddable":true,"href":"https:\/\/shuliybaler.com\/vi\/wp-json\/wp\/v2\/product-type?post=2808"}],"curies":[{"name":"wp","href":"https:\/\/api.w.org\/{rel}","templated":true}]}}