{"id":2860,"date":"2022-10-10T13:51:09","date_gmt":"2022-10-10T05:51:09","guid":{"rendered":"https:\/\/shuliybaler.com\/?post_type=product&#038;p=2860"},"modified":"2022-10-10T17:37:05","modified_gmt":"2022-10-10T09:37:05","slug":"sawdust-baler-machine-2","status":"publish","type":"product","link":"https:\/\/shuliybaler.com\/vi\/product\/sawdust-baler-machine-2\/","title":{"rendered":"M\u00e1y \u00e9p m\u00f9n c\u01b0a | m\u00e1y \u00e9p g\u1ed7 b\u00e0o"},"content":{"rendered":"<p>M\u1ed9t m\u00e1y baler m\u00f9n c\u01b0a l\u00e0 m\u00e1y n\u00e9n v\u00e0 \u0111\u00f3ng g\u00f3i m\u00f9n c\u01b0a, sau khi \u0111\u00f3ng g\u00f3i m\u00e1y c\u00f3 th\u1ec3 l\u01b0u tr\u1eef v\u00e0 v\u1eadn chuy\u1ec3n d\u1ec5 d\u00e0ng, balers c\u1ee7a ch\u00fang t\u00f4i ho\u1ea1t \u0111\u1ed9ng hi\u1ec7u qu\u1ea3 v\u00e0 c\u00f3 th\u1ec3 \u0111\u00f3ng g\u00f3i ph\u1ebf li\u1ec7u kim lo\u1ea1i v\u00e0 c\u00e1c nguy\u00ean li\u1ec7u kh\u00e1c. M\u00e1y baler m\u00f9n c\u01b0a \u0111\u01b0\u1ee3c s\u1eed d\u1ee5ng r\u1ed9ng r\u00e3i trong c\u00e1c nh\u00e0 m\u00e1y ch\u1ebf bi\u1ebfn g\u1ed7 v\u00e0 c\u00e1c nh\u00e0 m\u00e1y ch\u1ebf bi\u1ebfn than.<\/p>   <div class=\"wp-block-image\"> <figure class=\"aligncenter size-full\"><img loading=\"lazy\" decoding=\"async\" width=\"720\" height=\"540\" src=\"https:\/\/shuliybaler.com\/wp-content\/uploads\/2022\/10\/baler-machine.webp\" alt=\"M\u00e1y n\u00e9n\" class=\"wp-image-2862\" title=\"\" srcset=\"https:\/\/shuliybaler.com\/wp-content\/uploads\/2022\/10\/baler-machine.webp 720w, https:\/\/shuliybaler.com\/wp-content\/uploads\/2022\/10\/baler-machine-360x270.webp 360w, https:\/\/shuliybaler.com\/wp-content\/uploads\/2022\/10\/baler-machine-180x135.webp 180w\" sizes=\"auto, (max-width: 720px) 100vw, 720px\" \/><figcaption>M\u00e1y n\u00e9n<\/figcaption><\/figure> <\/div>   <h2 class=\"wp-block-heading\">V\u1eadt li\u1ec7u th\u00f4 n\u00e0o m\u00e0 m\u00e1y baler m\u00f9n c\u01b0a c\u00f3 th\u1ec3 \u0111\u00f3ng g\u00f3i?<\/h2>    <p class=\"translation-block\">Ngo\u00e0i \u0111\u00f3ng g\u00f3i <a href=\"https:\/\/hnwoodmachine.com\/wood-crusher-wood-shredder\/\" data-type=\"URL\" data-id=\"https:\/\/hnwoodmachine.com\/wood-crusher-wood-shredder\/\" target=\"_blank\" rel=\"noopener\">m\u00f9n c\u01b0a<\/a>, m\u00e1y baler m\u00f9n c\u01b0a c\u00f2n c\u00f3 th\u1ec3 \u0111\u00f3ng g\u00f3i tr\u1ed1ng kim lo\u1ea1i, s\u1ea3n ph\u1ea9m th\u00e9p, s\u1ea3n ph\u1ea9m nh\u00f4m, carton ph\u1ebf li\u1ec7u v\u00e0 c\u00e1c s\u1ea3n ph\u1ea9m kh\u00e1c, c\u0169ng nh\u01b0 c\u00e1c s\u1ea3n ph\u1ea9m nh\u01b0 r\u01a1m v\u00e0 th\u1ee9c \u0103n.<\/p>    <figure class=\"wp-block-gallery has-nested-images columns-2 is-cropped wp-block-gallery-2 is-layout-flex wp-block-gallery-is-layout-flex\"> <figure class=\"wp-block-image size-large\"><img loading=\"lazy\" decoding=\"async\" width=\"720\" height=\"540\" data-id=\"2863\" src=\"https:\/\/shuliybaler.com\/wp-content\/uploads\/2022\/10\/straw-baling.webp\" alt=\"\" class=\"wp-image-2863\" title=\"\" srcset=\"https:\/\/shuliybaler.com\/wp-content\/uploads\/2022\/10\/straw-baling.webp 720w, https:\/\/shuliybaler.com\/wp-content\/uploads\/2022\/10\/straw-baling-360x270.webp 360w, https:\/\/shuliybaler.com\/wp-content\/uploads\/2022\/10\/straw-baling-180x135.webp 180w\" sizes=\"auto, (max-width: 720px) 100vw, 720px\" \/><figcaption><\/figcaption><\/figure>    <figure class=\"wp-block-image size-large\"><img loading=\"lazy\" decoding=\"async\" width=\"720\" height=\"540\" data-id=\"2864\" src=\"https:\/\/shuliybaler.com\/wp-content\/uploads\/2022\/10\/waste-paper-baling.webp\" alt=\"\u0111\u00f3ng g\u00f3i gi\u1ea5y ph\u1ebf li\u1ec7u\" class=\"wp-image-2864\" title=\"\" srcset=\"https:\/\/shuliybaler.com\/wp-content\/uploads\/2022\/10\/waste-paper-baling.webp 720w, https:\/\/shuliybaler.com\/wp-content\/uploads\/2022\/10\/waste-paper-baling-360x270.webp 360w, https:\/\/shuliybaler.com\/wp-content\/uploads\/2022\/10\/waste-paper-baling-180x135.webp 180w\" sizes=\"auto, (max-width: 720px) 100vw, 720px\" \/><figcaption>Bao b\u00ec gi\u1ea5y th\u1ea3i<\/figcaption><\/figure>    <figure class=\"wp-block-image size-large\"><img loading=\"lazy\" decoding=\"async\" width=\"720\" height=\"540\" data-id=\"2865\" src=\"https:\/\/shuliybaler.com\/wp-content\/uploads\/2022\/10\/metal-baling.webp\" alt=\"\u0111\u00f3ng ki\u1ec7n kim lo\u1ea1i\" class=\"wp-image-2865\" title=\"\" srcset=\"https:\/\/shuliybaler.com\/wp-content\/uploads\/2022\/10\/metal-baling.webp 720w, https:\/\/shuliybaler.com\/wp-content\/uploads\/2022\/10\/metal-baling-360x270.webp 360w, https:\/\/shuliybaler.com\/wp-content\/uploads\/2022\/10\/metal-baling-180x135.webp 180w\" sizes=\"auto, (max-width: 720px) 100vw, 720px\" \/><figcaption>\u0110\u00f3ng Bao Kim Lo\u1ea1i<\/figcaption><\/figure>    <figure class=\"wp-block-image size-large\"><img loading=\"lazy\" decoding=\"async\" width=\"720\" height=\"540\" data-id=\"2866\" src=\"https:\/\/shuliybaler.com\/wp-content\/uploads\/2022\/10\/waste-clothes-baling.webp\" alt=\"\u0111\u00f3ng ki\u1ec7n qu\u1ea7n \u00e1o c\u0169\" class=\"wp-image-2866\" title=\"\" srcset=\"https:\/\/shuliybaler.com\/wp-content\/uploads\/2022\/10\/waste-clothes-baling.webp 720w, https:\/\/shuliybaler.com\/wp-content\/uploads\/2022\/10\/waste-clothes-baling-360x270.webp 360w, https:\/\/shuliybaler.com\/wp-content\/uploads\/2022\/10\/waste-clothes-baling-180x135.webp 180w\" sizes=\"auto, (max-width: 720px) 100vw, 720px\" \/><figcaption>\u00c9p Qu\u1ea7n \u00c1o Th\u1ea3i<\/figcaption><\/figure> <\/figure>    <h2 class=\"wp-block-heading\">Vai tr\u00f2 c\u1ee7a m\u00e1y baling m\u00f9n c\u01b0a <\/h2>   <div class=\"wp-block-image\"> <figure class=\"aligncenter size-full\"><img loading=\"lazy\" decoding=\"async\" width=\"720\" height=\"540\" src=\"https:\/\/shuliybaler.com\/wp-content\/uploads\/2022\/10\/sawdust-baling-machine.webp\" alt=\"m\u00e1y baling m\u00f9n c\u01b0a \" class=\"wp-image-2867\" title=\"\" srcset=\"https:\/\/shuliybaler.com\/wp-content\/uploads\/2022\/10\/sawdust-baling-machine.webp 720w, https:\/\/shuliybaler.com\/wp-content\/uploads\/2022\/10\/sawdust-baling-machine-360x270.webp 360w, https:\/\/shuliybaler.com\/wp-content\/uploads\/2022\/10\/sawdust-baling-machine-180x135.webp 180w\" sizes=\"auto, (max-width: 720px) 100vw, 720px\" \/><figcaption>m\u00e1y baling m\u00f9n c\u01b0a <\/figcaption><\/figure> <\/div>   <p>Baler s\u1ebd n\u00e9n v\u1eadt li\u1ec7u ban \u0111\u1ea7u tr\u01b0\u1edbc, sau khi n\u00e9n kho\u1ea3ng c\u00e1ch gi\u1eefa c\u00e1c v\u1eadt li\u1ec7u s\u1ebd tr\u1edf n\u00ean nh\u1ecf h\u01a1n, ti\u1ebft ki\u1ec7m kh\u00f4ng gian v\u00e0 c\u00f3 th\u1ec3 \u0111\u01b0\u1ee3c v\u1eadn chuy\u1ec3n tr\u1ef1c ti\u1ebfp b\u1eb1ng c\u1ea7n c\u1ea9u v\u00e0 xe t\u1ea3i nh\u1ecf cho kho\u1ea3ng c\u00e1ch ng\u1eafn. B\u00ean c\u1ea1nh \u0111\u00f3, sau khi baler b\u1ed5 sung ch\u1ee9c n\u0103ng, n\u00f3 s\u1ebd t\u1ea1o th\u00e0nh m\u1ed9t h\u00ecnh d\u1ea1ng c\u1ee5 th\u1ec3 nh\u01b0 h\u00ecnh vu\u00f4ng ho\u1eb7c h\u00ecnh ch\u1eef nh\u1eadt, s\u00e1u \u0111\u01b0\u1eddng h\u00ecnh, v.v., v\u00e0 c\u00e1c h\u00ecnh d\u1ea1ng h\u00ecnh th\u00e0nh \u0111\u1ec1u \u0111\u1ed3ng nh\u1ea5t. C\u00f3 th\u1ec3 x\u1ebfp ch\u1ed3ng.<\/p>    <h2 class=\"wp-block-heading\">Hai m\u1eabu baler kim lo\u1ea1i<\/h2>    <figure class=\"wp-block-gallery has-nested-images columns-default is-cropped wp-block-gallery-3 is-layout-flex wp-block-gallery-is-layout-flex\"> <figure class=\"wp-block-image size-large\"><img loading=\"lazy\" decoding=\"async\" width=\"720\" height=\"540\" data-id=\"2868\" src=\"https:\/\/shuliybaler.com\/wp-content\/uploads\/2022\/10\/vertical-baler-machine.webp\" alt=\"M\u00e1y n\u00e9n bales d\u1ecdc\" class=\"wp-image-2868\" title=\"\" srcset=\"https:\/\/shuliybaler.com\/wp-content\/uploads\/2022\/10\/vertical-baler-machine.webp 720w, https:\/\/shuliybaler.com\/wp-content\/uploads\/2022\/10\/vertical-baler-machine-360x270.webp 360w, https:\/\/shuliybaler.com\/wp-content\/uploads\/2022\/10\/vertical-baler-machine-180x135.webp 180w\" sizes=\"auto, (max-width: 720px) 100vw, 720px\" \/><figcaption>M\u00e1y n\u00e9n th\u00f9ng \u0111\u1ee9ng<\/figcaption><\/figure>    <figure class=\"wp-block-image size-large\"><img loading=\"lazy\" decoding=\"async\" width=\"720\" height=\"540\" data-id=\"2869\" src=\"https:\/\/shuliybaler.com\/wp-content\/uploads\/2022\/10\/horizontal-baler-machine.webp\" alt=\"m\u00e1y n\u00e9n ngang\" class=\"wp-image-2869\" title=\"\" srcset=\"https:\/\/shuliybaler.com\/wp-content\/uploads\/2022\/10\/horizontal-baler-machine.webp 720w, https:\/\/shuliybaler.com\/wp-content\/uploads\/2022\/10\/horizontal-baler-machine-360x270.webp 360w, https:\/\/shuliybaler.com\/wp-content\/uploads\/2022\/10\/horizontal-baler-machine-180x135.webp 180w\" sizes=\"auto, (max-width: 720px) 100vw, 720px\" \/><figcaption>M\u00e1y \u00e9p n\u00e9n ngang<\/figcaption><\/figure> <\/figure>    <p class=\"translation-block\">C\u00f4ng ty c\u1ee7a ch\u00fang t\u00f4i c\u00f3 hai lo\u1ea1i baler, m\u1ed9t l\u00e0 m\u00e1y baler th\u1eb3ng \u0111\u1ee9ng  v\u00e0 lo\u1ea1i kia l\u00e0 baler ngang . C\u00e1c ch\u1ee9c n\u0103ng c\u1ee7a hai lo\u1ea1i baler n\u00e0y gi\u1ed1ng nhau, nh\u01b0ng h\u00ecnh d\u1ea1ng b\u00ean ngo\u00e0i kh\u00e1c nhau. Baler th\u1eb3ng \u0111\u1ee9ng c\u1ea7n n\u1ea1p t\u1eeb tr\u00ean xu\u1ed1ng; baler ngang c\u1ea7n n\u1ea1p t\u1eeb sau ra tr\u01b0\u1edbc. Do \u0111\u00f3, baler th\u1eb3ng \u0111\u1ee9ng ph\u00f9 h\u1ee3p h\u01a1n v\u1edbi nguy\u00ean li\u1ec7u \u0111\u1ea7u v\u00e0o nh\u1eb9, nh\u01b0 gi\u1ea5y ph\u1ebf li\u1ec7u, qu\u1ea7n \u00e1o c\u0169, r\u01a1m r\u1ea1 v\u00e0 c\u00e1c s\u1ea3n ph\u1ea9m kh\u00e1c. Baler ngang ph\u00f9 h\u1ee3p h\u01a1n v\u1edbi nguy\u00ean li\u1ec7u n\u1eb7ng h\u01a1n, nh\u01b0 m\u1ed9t s\u1ed1 th\u00e9p v\u00e0 tr\u1ed1ng kim lo\u1ea1i ph\u1ebf li\u1ec7u.<\/p>    <h2 class=\"wp-block-heading\">Kh\u00e1ch h\u00e0ng Indonesia mua baler ngang<\/h2>    <figure class=\"wp-block-gallery has-nested-images columns-2 is-cropped wp-block-gallery-4 is-layout-flex wp-block-gallery-is-layout-flex\"> <figure class=\"wp-block-image size-large\"><img loading=\"lazy\" decoding=\"async\" width=\"720\" height=\"540\" data-id=\"2873\" src=\"https:\/\/shuliybaler.com\/wp-content\/uploads\/2022\/10\/Wood-chip-baler-export-3.webp\" alt=\"Xu\u1ea5t kh\u1ea9u baler g\u1ed7 Chip\" class=\"wp-image-2873\" title=\"\" srcset=\"https:\/\/shuliybaler.com\/wp-content\/uploads\/2022\/10\/Wood-chip-baler-export-3.webp 720w, https:\/\/shuliybaler.com\/wp-content\/uploads\/2022\/10\/Wood-chip-baler-export-3-360x270.webp 360w, https:\/\/shuliybaler.com\/wp-content\/uploads\/2022\/10\/Wood-chip-baler-export-3-180x135.webp 180w\" sizes=\"auto, (max-width: 720px) 100vw, 720px\" \/><figcaption>Xu\u1ea5t kh\u1ea9u M\u00e1y Baler C\u00e0nh G\u1ed7<\/figcaption><\/figure>    <figure class=\"wp-block-image size-large\"><img loading=\"lazy\" decoding=\"async\" width=\"720\" height=\"540\" data-id=\"2872\" src=\"https:\/\/shuliybaler.com\/wp-content\/uploads\/2022\/10\/Wood-chip-baler-export-2.webp\" alt=\"Xu\u1ea5t kh\u1ea9u baler g\u1ed7 Chip\" class=\"wp-image-2872\" title=\"\" srcset=\"https:\/\/shuliybaler.com\/wp-content\/uploads\/2022\/10\/Wood-chip-baler-export-2.webp 720w, https:\/\/shuliybaler.com\/wp-content\/uploads\/2022\/10\/Wood-chip-baler-export-2-360x270.webp 360w, https:\/\/shuliybaler.com\/wp-content\/uploads\/2022\/10\/Wood-chip-baler-export-2-180x135.webp 180w\" sizes=\"auto, (max-width: 720px) 100vw, 720px\" \/><figcaption>Xu\u1ea5t kh\u1ea9u M\u00e1y Baler C\u00e0nh G\u1ed7<\/figcaption><\/figure>    <figure class=\"wp-block-image size-large\"><img loading=\"lazy\" decoding=\"async\" width=\"720\" height=\"540\" data-id=\"2871\" src=\"https:\/\/shuliybaler.com\/wp-content\/uploads\/2022\/10\/Wood-chip-baler-export-1.webp\" alt=\"Xu\u1ea5t kh\u1ea9u baler g\u1ed7 Chip\" class=\"wp-image-2871\" title=\"\" srcset=\"https:\/\/shuliybaler.com\/wp-content\/uploads\/2022\/10\/Wood-chip-baler-export-1.webp 720w, https:\/\/shuliybaler.com\/wp-content\/uploads\/2022\/10\/Wood-chip-baler-export-1-360x270.webp 360w, https:\/\/shuliybaler.com\/wp-content\/uploads\/2022\/10\/Wood-chip-baler-export-1-180x135.webp 180w\" sizes=\"auto, (max-width: 720px) 100vw, 720px\" \/><figcaption>Xu\u1ea5t kh\u1ea9u M\u00e1y Baler C\u00e0nh G\u1ed7<\/figcaption><\/figure>    <figure class=\"wp-block-image size-large\"><img loading=\"lazy\" decoding=\"async\" width=\"720\" height=\"540\" data-id=\"2870\" src=\"https:\/\/shuliybaler.com\/wp-content\/uploads\/2022\/10\/Wood-chip-baler-export.webp\" alt=\"Xu\u1ea5t kh\u1ea9u baler g\u1ed7 Chip\" class=\"wp-image-2870\" title=\"\" srcset=\"https:\/\/shuliybaler.com\/wp-content\/uploads\/2022\/10\/Wood-chip-baler-export.webp 720w, https:\/\/shuliybaler.com\/wp-content\/uploads\/2022\/10\/Wood-chip-baler-export-360x270.webp 360w, https:\/\/shuliybaler.com\/wp-content\/uploads\/2022\/10\/Wood-chip-baler-export-180x135.webp 180w\" sizes=\"auto, (max-width: 720px) 100vw, 720px\" \/><figcaption>Xu\u1ea5t kh\u1ea9u M\u00e1y Baler C\u00e0nh G\u1ed7<\/figcaption><\/figure> <\/figure>    <p>Ch\u00fang t\u00f4i xu\u1ea5t kh\u1ea9u m\u1ed9t baler ngang sang Indonesia. Kh\u00e1ch h\u00e0ng c\u00f3 m\u1ed9t nh\u00e0 m\u00e1y g\u1ed7 v\u00e0 mua baler \u0111\u1ec3 baling v\u1ecf g\u1ed7. Balerr ngang c\u1ee7a ch\u00fang t\u00f4i r\u1ea5t ph\u00f9 h\u1ee3p cho baling m\u00f9n c\u01b0a. Th\u00f4ng th\u01b0\u1eddng, chu k\u1ef3 giao h\u00e0ng c\u1ee7a ch\u00fang t\u00f4i l\u00e0 m\u1ed9t tu\u1ea7n, v\u00e0 th\u1eddi gian v\u1eadn chuy\u1ec3n kho\u1ea3ng 35-40 ng\u00e0y, v\u00ec v\u1eady kh\u00e1ch h\u00e0ng c\u00f3 th\u1ec3 \u0111\u01b0a v\u00e0o s\u1eed d\u1ee5ng trong h\u01a1n m\u1ed9t th\u00e1ng.<\/p>    <figure class=\"wp-block-embed is-type-video is-provider-youtube wp-block-embed-youtube wp-embed-aspect-16-9 wp-has-aspect-ratio\"><div class=\"wp-block-embed__wrapper\"> <iframe loading=\"lazy\" title=\"M\u00e1y \u0111\u00f3ng h\u1ed9p th\u00e9p v\u00e0 lon t\u1ef1 \u0111\u1ed9ng | m\u00e1y n\u00e9n t\u00e1i ch\u1ebf lon nh\u00f4m v\u00e0 kim lo\u1ea1i\" width=\"500\" height=\"281\" src=\"https:\/\/www.youtube.com\/embed\/9JxkvEm4QMc?feature=oembed\" frameborder=\"0\" allow=\"accelerometer; autoplay; clipboard-write; encrypted-media; gyroscope; picture-in-picture; web-share\" referrerpolicy=\"strict-origin-when-cross-origin\" allowfullscreen><\/iframe> <\/div><figcaption>M\u00e1y n\u00e9n <\/figcaption><\/figure>","protected":false},"excerpt":{"rendered":"<p>A sawdust baler machine is a machine for compressing and packing sawdust, which can be easily stored and transported after being packed by the machine, Our balers work efficiently and can pack scrap metal and other raw materials. Sawdust baler machines are widely used in wood processing plants and coal processing plants. What raw materials [&hellip;]<\/p>\n","protected":false},"author":1,"featured_media":2861,"parent":0,"template":"","tags":[50],"product-type":[48],"class_list":["post-2860","product","type-product","status-publish","has-post-thumbnail","hentry","tag-metal-baling-machine","product-type-solution"],"_links":{"self":[{"href":"https:\/\/shuliybaler.com\/vi\/wp-json\/wp\/v2\/product\/2860","targetHints":{"allow":["GET"]}}],"collection":[{"href":"https:\/\/shuliybaler.com\/vi\/wp-json\/wp\/v2\/product"}],"about":[{"href":"https:\/\/shuliybaler.com\/vi\/wp-json\/wp\/v2\/types\/product"}],"author":[{"embeddable":true,"href":"https:\/\/shuliybaler.com\/vi\/wp-json\/wp\/v2\/users\/1"}],"wp:featuredmedia":[{"embeddable":true,"href":"https:\/\/shuliybaler.com\/vi\/wp-json\/wp\/v2\/media\/2861"}],"wp:attachment":[{"href":"https:\/\/shuliybaler.com\/vi\/wp-json\/wp\/v2\/media?parent=2860"}],"wp:term":[{"taxonomy":"post_tag","embeddable":true,"href":"https:\/\/shuliybaler.com\/vi\/wp-json\/wp\/v2\/tags?post=2860"},{"taxonomy":"product-type","embeddable":true,"href":"https:\/\/shuliybaler.com\/vi\/wp-json\/wp\/v2\/product-type?post=2860"}],"curies":[{"name":"wp","href":"https:\/\/api.w.org\/{rel}","templated":true}]}}