{"id":2876,"date":"2022-10-12T10:00:44","date_gmt":"2022-10-12T02:00:44","guid":{"rendered":"https:\/\/shuliybaler.com\/?post_type=product&#038;p=2876"},"modified":"2023-03-22T17:29:10","modified_gmt":"2023-03-22T09:29:10","slug":"waste-paper-baler-machine","status":"publish","type":"product","link":"https:\/\/shuliybaler.com\/vi\/product\/waste-paper-baler-machine\/","title":{"rendered":"M\u00e1y n\u00e9n gi\u1ea5y v\u1ee5n | M\u00e1y \u0111\u00f3ng ki\u1ec7n b\u00eca c\u1ee9ng"},"content":{"rendered":"<p class=\"translation-block\">M\u00e1y \u00e9p gi\u1ea5y r\u00e1c l\u00e0 m\u00e1y d\u00f9ng \u0111\u1ec3 t\u00e1i ch\u1ebf v\u00e0 \u0111\u00f3ng g\u00f3i gi\u1ea5y r\u00e1c. Th\u00f4ng qua s\u1ef1 n\u00e9n v\u00e0 \u0111\u00fac khu\u00f4n c\u1ee7a m\u00e1y, gi\u1ea5y r\u00e1c c\u00f3 th\u1ec3 gi\u1ea3m khe h\u1edf v\u00e0 h\u00ecnh th\u00e0nh t\u00fai gi\u1ea5y r\u00e1c c\u00f3 k\u00edch th\u01b0\u1edbc \u0111\u1ed3ng nh\u1ea5t, c\u00f3 th\u1ec3 l\u01b0u tr\u1eef trong kho. C\u00f3 hai lo\u1ea1i m\u00e1y \u00e9p carton: m\u1ed9t l\u00e0 m\u00e1y \u00e9p \u0111\u1ee9ng nh\u1ecf <a href=\"https:\/\/shuliybaler.com\/vi\/product\/vertical-metal-baler\/\" data-type=\"URL\" data-id=\"https:\/\/shuliybaler.com\/product\/vertical-metal-baler\/\">vertical baler machine<\/a>, v\u00e0 lo\u1ea1i kia l\u00e0 m\u00e1y \u00e9p ngang l\u1edbn <a href=\"https:\/\/shuliybaler.com\/vi\/product\/scrap-metal-baler\/\" data-type=\"URL\" data-id=\"https:\/\/shuliybaler.com\/product\/scrap-metal-baler\/\">horizontal baler machine<\/a>. Ph\u1ea7n ti\u1ebfp theo l\u00e0 m\u00e1y \u00e9p ngang.<\/p>    <figure class=\"wp-block-gallery has-nested-images columns-default is-cropped wp-block-gallery-2 is-layout-flex wp-block-gallery-is-layout-flex\"> <figure class=\"wp-block-image size-large\"><img loading=\"lazy\" decoding=\"async\" width=\"720\" height=\"540\" data-id=\"2878\" src=\"https:\/\/shuliybaler.com\/wp-content\/uploads\/2022\/10\/paper-baler.webp\" alt=\"m\u00e1y \u0111\u00f3ng ki\u1ec7n gi\u1ea5y\" class=\"wp-image-2878\" title=\"\" srcset=\"https:\/\/shuliybaler.com\/wp-content\/uploads\/2022\/10\/paper-baler.webp 720w, https:\/\/shuliybaler.com\/wp-content\/uploads\/2022\/10\/paper-baler-360x270.webp 360w, https:\/\/shuliybaler.com\/wp-content\/uploads\/2022\/10\/paper-baler-180x135.webp 180w\" sizes=\"auto, (max-width: 720px) 100vw, 720px\" \/><figcaption class=\"wp-element-caption\">M\u00e1y \u00e9p gi\u1ea5y<\/figcaption><\/figure>    <figure class=\"wp-block-image size-large\"><img loading=\"lazy\" decoding=\"async\" width=\"720\" height=\"540\" data-id=\"2879\" src=\"https:\/\/shuliybaler.com\/wp-content\/uploads\/2022\/10\/paper-baler-1.webp\" alt=\"\" class=\"wp-image-2879\" title=\"\" srcset=\"https:\/\/shuliybaler.com\/wp-content\/uploads\/2022\/10\/paper-baler-1.webp 720w, https:\/\/shuliybaler.com\/wp-content\/uploads\/2022\/10\/paper-baler-1-360x270.webp 360w, https:\/\/shuliybaler.com\/wp-content\/uploads\/2022\/10\/paper-baler-1-180x135.webp 180w\" sizes=\"auto, (max-width: 720px) 100vw, 720px\" \/><figcaption class=\"wp-element-caption\">M\u00e1y \u00e9p gi\u1ea5y<\/figcaption><\/figure> <\/figure>    <h2 class=\"wp-block-heading\">Ph\u1ea1m vi \u1ee9ng d\u1ee5ng c\u1ee7a m\u00e1y \u00e9p gi\u1ea5y r\u00e1c<\/h2>    <p class=\"translation-block\">M\u00e1y \u00e9p gi\u1ea5y r\u00e1c c\u00f3 ph\u1ea1m vi \u1ee9ng d\u1ee5ng r\u1ed9ng. M\u00e1y \u00e9p gi\u1ea5y r\u00e1c c\u00f3 th\u1ec3 \u0111\u00f3ng g\u00f3i v\u1eadt li\u1ec7u c\u1ee9ng nh\u01b0 kim lo\u1ea1i v\u00e0 s\u1eaft v\u1ee5n v\u00e0 c\u00f3 th\u1ec3 \u0111\u00f3ng g\u00f3i v\u1eadt li\u1ec7u nh\u1eb9 nh\u01b0 chai nh\u1ef1a,<a href=\"https:\/\/shuliybaler.com\/vi\/product\/aluminum-can-baler\/\" data-type=\"URL\" data-id=\"https:\/\/shuliybaler.com\/product\/aluminum-can-baler\/\"> lon<\/a>, \u1ed1ng h\u00fat, gi\u1ea5y r\u00e1c, qu\u1ea7n \u00e1o, <a href=\"https:\/\/shuliybaler.com\/vi\/product\/cotton-baling-machine\/\" data-type=\"URL\" data-id=\"https:\/\/shuliybaler.com\/product\/cotton-baling-machine\/\">s\u1ee3i cotton<\/a>, v.v., v\u00ec v\u1eady \u0111\u00e2y l\u00e0 m\u1ed9t <a href=\"https:\/\/shuliybaler.com\/vi\/product\/metal-baler\/\" data-type=\"URL\" data-id=\"https:\/\/shuliybaler.com\/product\/metal-baler\/\">m\u00e1y \u00e9p kim lo\u1ea1i \u0111a ch\u1ee9c n\u0103ng<\/a>.<\/p>    <figure class=\"wp-block-gallery has-nested-images columns-default is-cropped wp-block-gallery-3 is-layout-flex wp-block-gallery-is-layout-flex\"> <figure class=\"wp-block-image size-large\"><img loading=\"lazy\" decoding=\"async\" width=\"720\" height=\"540\" data-id=\"2880\" src=\"https:\/\/shuliybaler.com\/wp-content\/uploads\/2022\/10\/straw-baling-1.webp\" alt=\"\u0111\u00f3ng r\u01a1m\" class=\"wp-image-2880\" title=\"\" srcset=\"https:\/\/shuliybaler.com\/wp-content\/uploads\/2022\/10\/straw-baling-1.webp 720w, https:\/\/shuliybaler.com\/wp-content\/uploads\/2022\/10\/straw-baling-1-360x270.webp 360w, https:\/\/shuliybaler.com\/wp-content\/uploads\/2022\/10\/straw-baling-1-180x135.webp 180w\" sizes=\"auto, (max-width: 720px) 100vw, 720px\" \/><figcaption class=\"wp-element-caption\">Baling r\u01a1m<\/figcaption><\/figure>    <figure class=\"wp-block-image size-large\"><img loading=\"lazy\" decoding=\"async\" width=\"720\" height=\"540\" data-id=\"2881\" src=\"https:\/\/shuliybaler.com\/wp-content\/uploads\/2022\/10\/plastic-bottle-packaging.webp\" alt=\"\u0111\u00f3ng g\u00f3i chai nh\u1ef1a\" class=\"wp-image-2881\" title=\"\" srcset=\"https:\/\/shuliybaler.com\/wp-content\/uploads\/2022\/10\/plastic-bottle-packaging.webp 720w, https:\/\/shuliybaler.com\/wp-content\/uploads\/2022\/10\/plastic-bottle-packaging-360x270.webp 360w, https:\/\/shuliybaler.com\/wp-content\/uploads\/2022\/10\/plastic-bottle-packaging-180x135.webp 180w\" sizes=\"auto, (max-width: 720px) 100vw, 720px\" \/><figcaption class=\"wp-element-caption\">\u0110\u00f3ng g\u00f3i chai nh\u1ef1a<\/figcaption><\/figure>    <figure class=\"wp-block-image size-large\"><img loading=\"lazy\" decoding=\"async\" width=\"720\" height=\"540\" data-id=\"2882\" src=\"https:\/\/shuliybaler.com\/wp-content\/uploads\/2022\/10\/cardboard-baling.webp\" alt=\"\u00e9c carton baling\" class=\"wp-image-2882\" title=\"\" srcset=\"https:\/\/shuliybaler.com\/wp-content\/uploads\/2022\/10\/cardboard-baling.webp 720w, https:\/\/shuliybaler.com\/wp-content\/uploads\/2022\/10\/cardboard-baling-360x270.webp 360w, https:\/\/shuliybaler.com\/wp-content\/uploads\/2022\/10\/cardboard-baling-180x135.webp 180w\" sizes=\"auto, (max-width: 720px) 100vw, 720px\" \/><figcaption class=\"wp-element-caption\">N\u00e9n b\u00eca c\u1ee9ng<\/figcaption><\/figure> <\/figure>    <h2 class=\"wp-block-heading\">T\u1ea1i sao d\u00f9ng m\u00e1y \u00e9p gi\u1ea5y r\u00e1c?<\/h2>   <div class=\"wp-block-image\"> <figure class=\"aligncenter size-full\"><img loading=\"lazy\" decoding=\"async\" width=\"720\" height=\"540\" src=\"https:\/\/shuliybaler.com\/wp-content\/uploads\/2022\/10\/cardboard-baling-machine.webp\" alt=\"m\u00e1y \u00e9p \u1ed1ng gi\u1ea5y carton\" class=\"wp-image-2883\" title=\"\" srcset=\"https:\/\/shuliybaler.com\/wp-content\/uploads\/2022\/10\/cardboard-baling-machine.webp 720w, https:\/\/shuliybaler.com\/wp-content\/uploads\/2022\/10\/cardboard-baling-machine-360x270.webp 360w, https:\/\/shuliybaler.com\/wp-content\/uploads\/2022\/10\/cardboard-baling-machine-180x135.webp 180w\" sizes=\"auto, (max-width: 720px) 100vw, 720px\" \/><figcaption class=\"wp-element-caption\">m\u00e1y \u00e9p \u1ed1ng gi\u1ea5y carton<\/figcaption><\/figure> <\/div>   <p>1. V\u1eadn chuy\u1ec3n thu\u1eadn ti\u1ec7n. Gi\u1ea5y r\u00e1c \u0111\u01b0\u1ee3c \u0111\u00f3ng g\u00f3i c\u00f3 th\u1ec3 gi\u1ea3m chi ph\u00ed v\u1eadn chuy\u1ec3n v\u00e0 t\u0103ng hi\u1ec7u qu\u1ea3 v\u1eadn chuy\u1ec3n<\/p>    <p>2. Ph\u1ed5 bi\u1ebfn. Gi\u1ea5y r\u00e1c \u0111\u01b0\u1ee3c \u0111\u00f3ng g\u00f3i v\u00e0 ph\u00e2n lo\u1ea1i tr\u00ean th\u1ecb tr\u01b0\u1eddng tr\u1edf n\u00ean ph\u1ed5 bi\u1ebfn h\u01a1n khi \u0111\u01b0\u1ee3c b\u00e1n.<\/p>    <p>3. D\u1ec5 l\u01b0u tr\u1eef. Sau khi m\u00e1y \u00e9p gi\u1ea5y r\u00e1c \u0111\u01b0\u1ee3c x\u1eed l\u00fd, gi\u1ea5y r\u00e1c c\u00f3 th\u1ec3 \u0111\u01b0\u1ee3c l\u01b0u tr\u1eef trong kho, ti\u1ebft ki\u1ec7m kh\u00f4ng gian kho h\u01a1n<\/p>    <p>4. D\u1ec5 t\u00e1i x\u1eed l\u00fd. Sau khi gi\u1ea5y r\u00e1c \u0111\u01b0\u1ee3c \u0111\u00f3ng g\u00f3i, vi\u1ec7c t\u00e1i s\u1eed d\u1ee5ng s\u1ebd ti\u1ec7n l\u1ee3i h\u01a1n.<\/p>    <h2 class=\"wp-block-heading\">M\u00e1y \u00e9p carton c\u00f3 th\u1ec3 \u0111\u01b0\u1ee3c c\u1ea5u h\u00ecnh v\u1edbi b\u0103ng t\u1ea3i<\/h2>   <div class=\"wp-block-image\"> <figure class=\"aligncenter size-full\"><img loading=\"lazy\" decoding=\"async\" width=\"720\" height=\"540\" src=\"https:\/\/shuliybaler.com\/wp-content\/uploads\/2022\/10\/cardboard-baling-machine-conveyor.webp\" alt=\"b\u0103ng t\u1ea3i m\u00e1y \u00e9p carton\" class=\"wp-image-2884\" title=\"\" srcset=\"https:\/\/shuliybaler.com\/wp-content\/uploads\/2022\/10\/cardboard-baling-machine-conveyor.webp 720w, https:\/\/shuliybaler.com\/wp-content\/uploads\/2022\/10\/cardboard-baling-machine-conveyor-360x270.webp 360w, https:\/\/shuliybaler.com\/wp-content\/uploads\/2022\/10\/cardboard-baling-machine-conveyor-180x135.webp 180w\" sizes=\"auto, (max-width: 720px) 100vw, 720px\" \/><figcaption class=\"wp-element-caption\">b\u0103ng t\u1ea3i m\u00e1y \u00e9p carton<\/figcaption><\/figure> <\/div>   <p>Gi\u1ea5y r\u00e1c c\u00f3 quy m\u00f4 l\u1edbn c\u00f3 c\u01a1 h\u1ed9i \u00e9p nhi\u1ec1u h\u01a1n, v\u00e0 c\u1eeda n\u1ea1p c\u00f3 th\u1ec3 \u0111\u01b0\u1ee3c trang b\u1ecb b\u0103ng t\u1ea3i, c\u00f3 th\u1ec3 th\u1ef1c hi\u1ec7n \u0111\u00f3ng g\u00f3i t\u1ef1 \u0111\u1ed9ng gi\u1ea5y r\u00e1c, ti\u1ebft ki\u1ec7m th\u1eddi gian v\u00e0 c\u00f4ng s\u1ee9c. V\u00e0 c\u1eeda n\u1ea1p c\u1ee7a m\u00e1y \u00e9p carton t\u01b0\u01a1ng \u0111\u1ed1i l\u1edbn. M\u00e1y \u00e9p gi\u1ea5y nh\u01b0 v\u1eady thu\u1eadn ti\u1ec7n cho vi\u1ec7c \u0111\u01b0a gi\u1ea5y v\u00e0o, kh\u00f4ng b\u1ecb k\u1eb9t v\u00e0 c\u00f3 n\u0103ng su\u1ea5t cao.<\/p>    <h2 class=\"wp-block-heading\">Ba d\u1ea1ng x\u1ea3 c\u1ee7a m\u00e1y \u00e9p carton<\/h2>    <figure class=\"wp-block-gallery has-nested-images columns-2 is-cropped wp-block-gallery-4 is-layout-flex wp-block-gallery-is-layout-flex\"> <figure class=\"wp-block-image size-large\"><img loading=\"lazy\" decoding=\"async\" width=\"720\" height=\"540\" data-id=\"2886\" src=\"https:\/\/shuliybaler.com\/wp-content\/uploads\/2022\/10\/Waste-paper-baler-machine-2.webp\" alt=\"M\u00e1y n\u00e9n gi\u1ea5y ph\u1ebf li\u1ec7u\" class=\"wp-image-2886\" title=\"\" srcset=\"https:\/\/shuliybaler.com\/wp-content\/uploads\/2022\/10\/Waste-paper-baler-machine-2.webp 720w, https:\/\/shuliybaler.com\/wp-content\/uploads\/2022\/10\/Waste-paper-baler-machine-2-360x270.webp 360w, https:\/\/shuliybaler.com\/wp-content\/uploads\/2022\/10\/Waste-paper-baler-machine-2-180x135.webp 180w\" sizes=\"auto, (max-width: 720px) 100vw, 720px\" \/><figcaption class=\"wp-element-caption\">M\u00e1y \u00e9p gi\u1ea5y r\u1eddi<\/figcaption><\/figure>    <figure class=\"wp-block-image size-large\"><img loading=\"lazy\" decoding=\"async\" width=\"720\" height=\"540\" data-id=\"2887\" src=\"https:\/\/shuliybaler.com\/wp-content\/uploads\/2022\/10\/Waste-paper-baler-machine-3.webp\" alt=\"M\u00e1y n\u00e9n gi\u1ea5y ph\u1ebf li\u1ec7u\" class=\"wp-image-2887\" title=\"\" srcset=\"https:\/\/shuliybaler.com\/wp-content\/uploads\/2022\/10\/Waste-paper-baler-machine-3.webp 720w, https:\/\/shuliybaler.com\/wp-content\/uploads\/2022\/10\/Waste-paper-baler-machine-3-360x270.webp 360w, https:\/\/shuliybaler.com\/wp-content\/uploads\/2022\/10\/Waste-paper-baler-machine-3-180x135.webp 180w\" sizes=\"auto, (max-width: 720px) 100vw, 720px\" \/><figcaption class=\"wp-element-caption\">M\u00e1y \u00e9p gi\u1ea5y r\u1eddi<\/figcaption><\/figure>    <figure class=\"wp-block-image size-large\"><img loading=\"lazy\" decoding=\"async\" width=\"720\" height=\"540\" data-id=\"2888\" src=\"https:\/\/shuliybaler.com\/wp-content\/uploads\/2022\/10\/Waste-paper-baler-machine-4.webp\" alt=\"M\u00e1y n\u00e9n gi\u1ea5y ph\u1ebf li\u1ec7u\" class=\"wp-image-2888\" title=\"\" srcset=\"https:\/\/shuliybaler.com\/wp-content\/uploads\/2022\/10\/Waste-paper-baler-machine-4.webp 720w, https:\/\/shuliybaler.com\/wp-content\/uploads\/2022\/10\/Waste-paper-baler-machine-4-360x270.webp 360w, https:\/\/shuliybaler.com\/wp-content\/uploads\/2022\/10\/Waste-paper-baler-machine-4-180x135.webp 180w\" sizes=\"auto, (max-width: 720px) 100vw, 720px\" \/><figcaption class=\"wp-element-caption\">M\u00e1y \u00e9p gi\u1ea5y r\u1eddi<\/figcaption><\/figure>    <figure class=\"wp-block-image size-large\"><img loading=\"lazy\" decoding=\"async\" width=\"720\" height=\"540\" data-id=\"2885\" src=\"https:\/\/shuliybaler.com\/wp-content\/uploads\/2022\/10\/Waste-paper-baler-machine-1.webp\" alt=\"M\u00e1y n\u00e9n gi\u1ea5y ph\u1ebf li\u1ec7u\" class=\"wp-image-2885\" title=\"\" srcset=\"https:\/\/shuliybaler.com\/wp-content\/uploads\/2022\/10\/Waste-paper-baler-machine-1.webp 720w, https:\/\/shuliybaler.com\/wp-content\/uploads\/2022\/10\/Waste-paper-baler-machine-1-360x270.webp 360w, https:\/\/shuliybaler.com\/wp-content\/uploads\/2022\/10\/Waste-paper-baler-machine-1-180x135.webp 180w\" sizes=\"auto, (max-width: 720px) 100vw, 720px\" \/><figcaption class=\"wp-element-caption\">M\u00e1y \u00e9p gi\u1ea5y r\u1eddi<\/figcaption><\/figure> <\/figure>    <p class=\"translation-block\">Gi\u1ea5y r\u00e1c \u0111\u01b0\u1ee3c \u0111\u00f3ng g\u00f3i \u0111\u1eb7t v\u00e0o kho ch\u1ee9a c\u1ee7a m\u00e1y \u00e9p gi\u1ea5y r\u00e1c, l\u00e0m th\u1ebf n\u00e0o \u0111\u1ec3 th\u00e1o ra? Th\u1ef1c t\u1ebf, vi\u1ec7c x\u1ea3 c\u1ee7a m\u00e1y \u00e9p \u0111\u01b0\u1ee3c chia th\u00e0nh ba c\u00e1ch. M\u00e1y \u00e9p carton c\u00f3 th\u1ec3 \u0111\u01b0\u1ee3c l\u1eadt \u0111\u1ec3 x\u1ea3, \u0111\u1ea9y t\u00fai \u0111\u1ec3 x\u1ea3, v\u00e0 x\u1ea3 b\u1eb1ng tay. Ba h\u00ecnh th\u1ee9c x\u1ea3 n\u00e0y c\u00f3 th\u1ec3 \u0111\u01b0\u1ee3c t\u00f9y ch\u1ec9nh. K\u00edch th\u01b0\u1edbc c\u1ee7a gi\u1ea5y r\u00e1c \u0111\u00f3ng g\u00f3i c\u0169ng c\u00f3 th\u1ec3 \u0111\u01b0\u1ee3c t\u00f9y ch\u1ec9nh.<\/p>    <h2 class=\"wp-block-heading\">Th\u00f4ng s\u1ed1 c\u1ee7a m\u00e1y \u00e9p carton <\/h2>   <div class=\"wp-block-image\"> <figure class=\"aligncenter size-full\"><img loading=\"lazy\" decoding=\"async\" width=\"720\" height=\"540\" src=\"https:\/\/shuliybaler.com\/wp-content\/uploads\/2022\/10\/cardboard-baling-machine-1.webp\" alt=\"m\u00e1y \u00e9p \u1ed1ng gi\u1ea5y carton\" class=\"wp-image-2889\" title=\"\" srcset=\"https:\/\/shuliybaler.com\/wp-content\/uploads\/2022\/10\/cardboard-baling-machine-1.webp 720w, https:\/\/shuliybaler.com\/wp-content\/uploads\/2022\/10\/cardboard-baling-machine-1-360x270.webp 360w, https:\/\/shuliybaler.com\/wp-content\/uploads\/2022\/10\/cardboard-baling-machine-1-180x135.webp 180w\" sizes=\"auto, (max-width: 720px) 100vw, 720px\" \/><figcaption class=\"wp-element-caption\">m\u00e1y \u00e9p \u1ed1ng gi\u1ea5y carton<\/figcaption><\/figure> <\/div>   <figure class=\"wp-block-table\"><table><tbody><tr><td>M\u1eabu m\u00e3<\/td><td>SL-DB-100<\/td><td>SL-DB-160<\/td><td>SL-DB-180<\/td><td>SL-DB-200<\/td><\/tr><tr><td>\u00c1p su\u1ea5t<\/td><td>1000KN<\/td><td>1600 KN<\/td><td>1800 KN<\/td><td>2000 KN<\/td><\/tr><tr><td>C\u00f4ng su\u1ea5t ch\u00ednh<\/td><td>22KW 1.5KW 4kw<\/td><td>37KW 1.5KW 4kw<\/td><td>45KW 3KW 5kw<\/td><td>55KW 13KW 5.5kw<\/td><\/tr><tr><td>S\u1ed1 l\u01b0\u1ee3ng d\u00e2y baling<\/td><td>4\/5<\/td><td>4\/5<\/td><td>5<\/td><td>5<\/td><\/tr><tr><td>K\u00edch th\u01b0\u1edbc bale<\/td><td>W1150mm*Cao1050mm*D\u00e0i (\u0111i\u1ec1u ch\u1ec9nh)<\/td><td>W1150mm*Cao1250mm*D\u00e0i (\u0111i\u1ec1u ch\u1ec9nh)<\/td><td>W1150mm*Cao1350mm*D\u00e0i (\u0111i\u1ec1u ch\u1ec9nh)<\/td><td>W1150mm*Cao1450mm*D\u00e0i (\u0111i\u1ec1u ch\u1ec9nh)<\/td><\/tr><tr><td>D\u00e2y th\u00e9p<\/td><td>D\u00e2y \u0111\u00e3 luy\u1ec7n 3mm(12#)ho\u1eb7c d\u00e2y nh\u1ef1a<\/td><td>D\u00e2y \u0111\u00e3 luy\u1ec7n 3mm(12#)ho\u1eb7c d\u00e2y nh\u1ef1a<\/td><td>D\u00e2y \u0111\u00e3 luy\u1ec7n 3mm(12#)ho\u1eb7c d\u00e2y nh\u1ef1a<\/td><td>D\u00e2y \u0111\u00e3 luy\u1ec7n 3mm(12#)ho\u1eb7c d\u00e2y nh\u1ef1a<\/td><\/tr><tr><td>\u0110i\u1ec7n \u00e1p<\/td><td>380V\/50HZ<\/td><td>380V\/50HZ<\/td><td>380V\/50HZ<\/td><td>380V\/50HZ<\/td><\/tr><tr><td>Ph\u01b0\u01a1ng ph\u00e1p bu\u1ed9c<\/td><td>B\u1eadt\/ T\u1ef1 \u0111\u1ed9ng<\/td><td>B\u1eadt\/ T\u1ef1 \u0111\u1ed9ng<\/td><td>B\u1eadt\/ T\u1ef1 \u0111\u1ed9ng<\/td><td>B\u1eadt\/ T\u1ef1 \u0111\u1ed9ng<\/td><\/tr><tr><td>Dung l\u01b0\u1ee3ng<\/td><td>6-8 bale\/h<\/td><td>6-8 bale\/h<\/td><td>6-8 bale\/h<\/td><td>6-8 bale\/h<\/td><\/tr><tr><td>Tr\u1ecdng l\u01b0\u1ee3ng bale<\/td><td>500-1000kg<\/td><td>1000-1300kg<\/td><td>1000-1300kg<\/td><td>1000-1300kg&nbsp;<\/td><\/tr><tr><td>K\u00edch th\u01b0\u1edbc b\u0103ng t\u1ea3i<\/td><td>6530*1400*3200mm<\/td><td>7113*1555*3360mm<\/td><td>7800*1655*3360mm<\/td><td>8200*1700*3360mm<\/td><\/tr><tr><td>Ph\u01b0\u01a1ng ph\u00e1p v\u1eadn h\u00e0nh<\/td><td>Thao t\u00e1c\/ PLC<\/td><td>Thao t\u00e1c\/ PLC<\/td><td>Thao t\u00e1c\/ PLC<\/td><td>Thao t\u00e1c\/ PLC<\/td><\/tr><\/tbody><\/table><figcaption class=\"wp-element-caption\">m\u00e1y \u00e9p \u1ed1ng gi\u1ea5y carton <\/figcaption><\/figure>    <h2 class=\"wp-block-heading\">\u01afu \u0111i\u1ec3m c\u1ee7a m\u00e1y \u00e9p gi\u1ea5y r\u00e1c <\/h2>    <figure class=\"wp-block-gallery has-nested-images columns-default is-cropped wp-block-gallery-5 is-layout-flex wp-block-gallery-is-layout-flex\"> <figure class=\"wp-block-image size-large\"><img loading=\"lazy\" decoding=\"async\" width=\"720\" height=\"540\" data-id=\"2890\" src=\"https:\/\/shuliybaler.com\/wp-content\/uploads\/2022\/10\/cardboard-baling-machine-shipping.webp\" alt=\"m\u00e1y \u00e9p \u1ed1ng gi\u1ea5y carton\" class=\"wp-image-2890\" title=\"\" srcset=\"https:\/\/shuliybaler.com\/wp-content\/uploads\/2022\/10\/cardboard-baling-machine-shipping.webp 720w, https:\/\/shuliybaler.com\/wp-content\/uploads\/2022\/10\/cardboard-baling-machine-shipping-360x270.webp 360w, https:\/\/shuliybaler.com\/wp-content\/uploads\/2022\/10\/cardboard-baling-machine-shipping-180x135.webp 180w\" sizes=\"auto, (max-width: 720px) 100vw, 720px\" \/><figcaption class=\"wp-element-caption\">M\u00e1y \u00e9p gi\u1ea5y carton<\/figcaption><\/figure>    <figure class=\"wp-block-image size-large\"><img loading=\"lazy\" decoding=\"async\" width=\"720\" height=\"540\" data-id=\"2892\" src=\"https:\/\/shuliybaler.com\/wp-content\/uploads\/2022\/10\/cardboard-baling-machine-export.webp\" alt=\"xu\u1ea5t kh\u1ea9u m\u00e1y \u0111\u00f3ng ki\u1ec7n b\u00eca c\u1ee9ng\" class=\"wp-image-2892\" title=\"\" srcset=\"https:\/\/shuliybaler.com\/wp-content\/uploads\/2022\/10\/cardboard-baling-machine-export.webp 720w, https:\/\/shuliybaler.com\/wp-content\/uploads\/2022\/10\/cardboard-baling-machine-export-360x270.webp 360w, https:\/\/shuliybaler.com\/wp-content\/uploads\/2022\/10\/cardboard-baling-machine-export-180x135.webp 180w\" sizes=\"auto, (max-width: 720px) 100vw, 720px\" \/><figcaption class=\"wp-element-caption\">Xu\u1ea5t kh\u1ea9u m\u00e1y \u00e9p gi\u1ea5y carton<\/figcaption><\/figure> <\/figure>    <p>1. M\u00e1y \u00e9p gi\u1ea5y carton \u00e1p d\u1ee5ng truy\u1ec1n \u0111\u1ed9ng th\u1ee7y l\u1ef1c, c\u1ea5u tr\u00fac g\u1ecdn, l\u1eafp \u0111\u1eb7t ti\u1ec7n l\u1ee3i, v\u1eadn h\u00e0nh \u0111\u01a1n gi\u1ea3n, b\u1ea3o d\u01b0\u1ee1ng d\u1ec5 d\u00e0ng v\u00e0 \u0111\u1ed9 k\u00edn kh\u00ed t\u1ed1t.<\/p>    <p>2. Thi\u1ebft l\u1eadp th\u1ee7y l\u1ef1c \u00edt \u1ed3n \u0111\u1ec3 tr\u00e1nh \u00f4 nhi\u1ec5m ti\u1ebfng \u1ed3n,<\/p>    <p>3. T\u1ed1c \u0111\u1ed9 c\u00f3 th\u1ec3 \u0111i\u1ec1u ch\u1ec9nh, t\u1ed1c \u0111\u1ed9 \u0111\u00f3ng g\u00f3i c\u1ee7a m\u00e1y c\u00f3 th\u1ec3 \u0111\u01b0\u1ee3c \u0111i\u1ec1u khi\u1ec3n b\u1eb1ng tay.<\/p>    <p>4. \u00c1p d\u1ee5ng nguy\u00ean l\u00fd th\u1ee7y l\u1ef1c, v\u1eadt li\u1ec7u \u0111\u01b0\u1ee3c n\u00e9n \u1edf t\u1ed1c \u0111\u1ed9 nhanh th\u00f4ng qua n\u00e9n, \u0111i\u1ec1u n\u00e0y h\u1eefu \u00edch cho vi\u1ec7c gi\u1ea3m kh\u00f4ng gian l\u01b0u tr\u1eef c\u1ee7a v\u1eadt li\u1ec7u.<\/p>    <h2 class=\"wp-block-heading\">Video v\u1ec1 m\u00e1y \u00e9p ngang \u0111\u1ec3 \u00e9p gi\u1ea5y r\u00e1c<\/h2>    <figure class=\"wp-block-embed is-type-video is-provider-youtube wp-block-embed-youtube wp-embed-aspect-16-9 wp-has-aspect-ratio\"><div class=\"wp-block-embed__wrapper\"> <iframe loading=\"lazy\" title=\"M\u00e1y \u00e9p r\u00e1c carton t\u00e1i ch\u1ebf \u0111ang \u0111\u01b0\u1ee3c rao b\u00e1n | m\u00e1y \u00e9p ngang \u0111\u1ec3 \u00e9p gi\u1ea5y r\u00e1c\" width=\"500\" height=\"281\" src=\"https:\/\/www.youtube.com\/embed\/upwnSm5wzR0?feature=oembed\" frameborder=\"0\" allow=\"accelerometer; autoplay; clipboard-write; encrypted-media; gyroscope; picture-in-picture; web-share\" referrerpolicy=\"strict-origin-when-cross-origin\" allowfullscreen><\/iframe> <\/div><\/figure>","protected":false},"excerpt":{"rendered":"<p>A waste paper baler machine is a machine used to recycle and pack waste paper. Through the compression and molding of the machine, the waste paper can reduce the gap and form a uniform size waste paper bag, which can be stored in the warehouse. There are two types of cardboard baling machines, one is [&hellip;]<\/p>\n","protected":false},"author":1,"featured_media":2877,"parent":0,"template":"","tags":[],"product-type":[48],"class_list":["post-2876","product","type-product","status-publish","has-post-thumbnail","hentry","product-type-solution"],"_links":{"self":[{"href":"https:\/\/shuliybaler.com\/vi\/wp-json\/wp\/v2\/product\/2876","targetHints":{"allow":["GET"]}}],"collection":[{"href":"https:\/\/shuliybaler.com\/vi\/wp-json\/wp\/v2\/product"}],"about":[{"href":"https:\/\/shuliybaler.com\/vi\/wp-json\/wp\/v2\/types\/product"}],"author":[{"embeddable":true,"href":"https:\/\/shuliybaler.com\/vi\/wp-json\/wp\/v2\/users\/1"}],"wp:featuredmedia":[{"embeddable":true,"href":"https:\/\/shuliybaler.com\/vi\/wp-json\/wp\/v2\/media\/2877"}],"wp:attachment":[{"href":"https:\/\/shuliybaler.com\/vi\/wp-json\/wp\/v2\/media?parent=2876"}],"wp:term":[{"taxonomy":"post_tag","embeddable":true,"href":"https:\/\/shuliybaler.com\/vi\/wp-json\/wp\/v2\/tags?post=2876"},{"taxonomy":"product-type","embeddable":true,"href":"https:\/\/shuliybaler.com\/vi\/wp-json\/wp\/v2\/product-type?post=2876"}],"curies":[{"name":"wp","href":"https:\/\/api.w.org\/{rel}","templated":true}]}}