{"id":2893,"date":"2022-10-13T15:04:44","date_gmt":"2022-10-13T07:04:44","guid":{"rendered":"https:\/\/shuliybaler.com\/?post_type=product&#038;p=2893"},"modified":"2022-10-13T15:05:33","modified_gmt":"2022-10-13T07:05:33","slug":"plastic-bottle-baling-machine","status":"publish","type":"product","link":"https:\/\/shuliybaler.com\/vi\/product\/plastic-bottle-baling-machine\/","title":{"rendered":"M\u00e1y \u0111\u00f3ng g\u00f3i chai nh\u1ef1a"},"content":{"rendered":"<p class=\"translation-block\">M\u00e1y \u0111\u00f3ng g\u00f3i chai nh\u1ef1a c\u00f2n g\u1ecdi l\u00e0 m\u00e1y n\u00e9n th\u1ee7y l\u1ef1c. M\u00e1y n\u00e9n chai nh\u1ef1a l\u00e0 m\u1ed9t m\u00e1y d\u00f9ng \u0111\u1ec3 n\u00e9n v\u00e0 \u0111\u00f3ng g\u00f3i chai n\u01b0\u1edbc nh\u1ef1a. Qua qu\u00e1 tr\u00ecnh n\u00e9n c\u1ee7a <a href=\"https:\/\/shuliybaler.com\/vi\/product\/scrap-metal-baler\/\" data-type=\"URL\" data-id=\"https:\/\/shuliybaler.com\/product\/scrap-metal-baler\/\">m\u00e1y n\u00e9n chai nh\u1ef1a<\/a>, th\u1ec3 t\u00edch c\u1ee7a chai nh\u1ef1a c\u00f3 th\u1ec3 gi\u1ea3m xu\u1ed1ng v\u00e0 vi\u1ec7c v\u1eadn chuy\u1ec3n tr\u1edf n\u00ean thu\u1eadn ti\u1ec7n. M\u00e1y \u0111\u00f3ng g\u00f3i chai nh\u1ef1a c\u0169ng c\u00f3 th\u1ec3 <a href=\"https:\/\/shuliybaler.com\/vi\/product\/aluminum-can-baler\/\" data-type=\"URL\" data-id=\"https:\/\/shuliybaler.com\/product\/aluminum-can-baler\/\">\u0111\u00f3ng g\u00f3i lon<\/a>, h\u1ed9p carton, b\u00f4ng, <a href=\"https:\/\/shuliybaler.com\/vi\/product\/metal-baler\/\" data-type=\"URL\" data-id=\"https:\/\/shuliybaler.com\/product\/metal-baler\/\">kim lo\u1ea1i ph\u1ebf li\u1ec7u<\/a>, v.v., \u0111\u01b0\u1ee3c s\u1eed d\u1ee5ng r\u1ed9ng r\u00e3i, ch\u1ee7 y\u1ebfu \u0111\u1ec3 gi\u1ea3m di\u1ec7n t\u00edch l\u01b0u tr\u1eef. Thu\u1eadn ti\u1ec7n cho t\u00e1i ch\u1ebf th\u1ee9 c\u1ea5p.<\/p>   <div class=\"wp-block-image\"> <figure class=\"aligncenter size-full\"><img loading=\"lazy\" decoding=\"async\" width=\"720\" height=\"540\" src=\"https:\/\/shuliybaler.com\/wp-content\/uploads\/2022\/10\/raw-material-Plastic-bottle-baling-machine.webp\" alt=\"Nguy\u00ean li\u1ec7u \u0111\u1ea7u v\u00e0o c\u1ee7a m\u00e1y \u0111\u00f3ng g\u00f3i chai nh\u1ef1a\" class=\"wp-image-2896\" title=\"\" srcset=\"https:\/\/shuliybaler.com\/wp-content\/uploads\/2022\/10\/raw-material-Plastic-bottle-baling-machine.webp 720w, https:\/\/shuliybaler.com\/wp-content\/uploads\/2022\/10\/raw-material-Plastic-bottle-baling-machine-360x270.webp 360w, https:\/\/shuliybaler.com\/wp-content\/uploads\/2022\/10\/raw-material-Plastic-bottle-baling-machine-180x135.webp 180w\" sizes=\"auto, (max-width: 720px) 100vw, 720px\" \/><figcaption>Nguy\u00ean li\u1ec7u \u0111\u1ea7u v\u00e0o c\u1ee7a m\u00e1y \u0111\u00f3ng g\u00f3i chai nh\u1ef1a<\/figcaption><\/figure> <\/div>   <h2 class=\"wp-block-heading\">C\u1ea5u tr\u00fac c\u1ee7a m\u00e1y \u0111\u00f3ng g\u00f3i chai nh\u1ef1a<\/h2>   <div class=\"wp-block-image\"> <figure class=\"aligncenter size-full\"><img loading=\"lazy\" decoding=\"async\" width=\"720\" height=\"540\" src=\"https:\/\/shuliybaler.com\/wp-content\/uploads\/2022\/10\/Plastic-bottle-baling-machine-1.webp\" alt=\"M\u00e1y \u0111\u00f3ng g\u00f3i chai nh\u1ef1a\" class=\"wp-image-2895\" title=\"\" srcset=\"https:\/\/shuliybaler.com\/wp-content\/uploads\/2022\/10\/Plastic-bottle-baling-machine-1.webp 720w, https:\/\/shuliybaler.com\/wp-content\/uploads\/2022\/10\/Plastic-bottle-baling-machine-1-360x270.webp 360w, https:\/\/shuliybaler.com\/wp-content\/uploads\/2022\/10\/Plastic-bottle-baling-machine-1-180x135.webp 180w\" sizes=\"auto, (max-width: 720px) 100vw, 720px\" \/><figcaption>M\u00e1y \u0111\u00f3ng g\u00f3i chai nh\u1ef1a<\/figcaption><\/figure> <\/div>   <p class=\"translation-block\">C\u00e1c th\u00e0nh ph\u1ea7n ch\u00ednh c\u1ee7a \u0111\u1ed9ng c\u01a1 ch\u00ednh c\u1ee7a <a href=\"https:\/\/en.wikipedia.org\/wiki\/Plastic_bottle\" data-type=\"URL\" data-id=\"https:\/\/en.wikipedia.org\/wiki\/Plastic_bottle\" target=\"_blank\" rel=\"noopener\">chai nh\u1ef1a<\/a>, bao g\u1ed3m khung ch\u00ednh, h\u1ec7 th\u1ed1ng th\u1ee7y l\u1ef1c, h\u1ec7 th\u1ed1ng \u0111i\u1ec1u khi\u1ec3n \u0111i\u1ec7n, v\u00e0 h\u1ec7 th\u1ed1ng c\u1ea5p li\u1ec7u. Khung ch\u00ednh \u0111\u01b0\u1ee3c l\u00e0m b\u1eb1ng th\u00e9p ch\u1ea5t l\u01b0\u1ee3ng cao, d\u00e0y v\u00e0 h\u00e0n ch\u1eafc ch\u1eafn, b\u1ec1n b\u1ec9. H\u1ec7 th\u1ed1ng th\u1ee7y l\u1ef1c g\u1ed3m c\u00e1c th\u00e0nh ph\u1ea7n ch\u00ednh nh\u01b0 b\u01a1m th\u1ee7y l\u1ef1c, van solenoid, xy lanh d\u1ea7u, v.v. M\u00e1y n\u00e9n th\u1ee7y l\u1ef1c c\u00f3 \u00e1p su\u1ea5t cao, t\u1ed1c \u0111\u1ed9 cao, ti\u1ebfng \u1ed3n th\u1ea5p. H\u1ec7 th\u1ed1ng x\u1ea3 \u0111\u01b0\u1ee3c chia th\u00e0nh c\u00e1c ph\u01b0\u01a1ng ph\u00e1p nh\u01b0 \u0111\u1ea9y b\u00ean, th\u1ee7 c\u00f4ng v\u00e0 \u0111\u1ea9y ti\u1ebfn.<\/p>    <h2 class=\"wp-block-heading\">Th\u00f4ng s\u1ed1 k\u1ef9 thu\u1eadt c\u1ee7a m\u00e1y \u0111\u00f3ng g\u00f3i nh\u1ef1a <\/h2>    <figure class=\"wp-block-gallery has-nested-images columns-2 is-cropped wp-block-gallery-2 is-layout-flex wp-block-gallery-is-layout-flex\"> <figure class=\"wp-block-image size-large\"><img loading=\"lazy\" decoding=\"async\" width=\"720\" height=\"540\" data-id=\"2897\" src=\"https:\/\/shuliybaler.com\/wp-content\/uploads\/2022\/10\/SLSH-120.webp\" alt=\"SLSH-120\" class=\"wp-image-2897\" title=\"\" srcset=\"https:\/\/shuliybaler.com\/wp-content\/uploads\/2022\/10\/SLSH-120.webp 720w, https:\/\/shuliybaler.com\/wp-content\/uploads\/2022\/10\/SLSH-120-360x270.webp 360w, https:\/\/shuliybaler.com\/wp-content\/uploads\/2022\/10\/SLSH-120-180x135.webp 180w\" sizes=\"auto, (max-width: 720px) 100vw, 720px\" \/><figcaption>Slsh-200<\/figcaption><\/figure>    <figure class=\"wp-block-image size-large\"><img loading=\"lazy\" decoding=\"async\" width=\"720\" height=\"540\" data-id=\"2898\" src=\"https:\/\/shuliybaler.com\/wp-content\/uploads\/2022\/10\/SLSH-160.webp\" alt=\"SLSH-160\" class=\"wp-image-2898\" title=\"\" srcset=\"https:\/\/shuliybaler.com\/wp-content\/uploads\/2022\/10\/SLSH-160.webp 720w, https:\/\/shuliybaler.com\/wp-content\/uploads\/2022\/10\/SLSH-160-360x270.webp 360w, https:\/\/shuliybaler.com\/wp-content\/uploads\/2022\/10\/SLSH-160-180x135.webp 180w\" sizes=\"auto, (max-width: 720px) 100vw, 720px\" \/><figcaption>Slsh-160<\/figcaption><\/figure>    <figure class=\"wp-block-image size-large\"><img loading=\"lazy\" decoding=\"async\" width=\"720\" height=\"540\" data-id=\"2899\" src=\"https:\/\/shuliybaler.com\/wp-content\/uploads\/2022\/10\/SLSH-180.webp\" alt=\"SLSH-180\" class=\"wp-image-2899\" title=\"\" srcset=\"https:\/\/shuliybaler.com\/wp-content\/uploads\/2022\/10\/SLSH-180.webp 720w, https:\/\/shuliybaler.com\/wp-content\/uploads\/2022\/10\/SLSH-180-360x270.webp 360w, https:\/\/shuliybaler.com\/wp-content\/uploads\/2022\/10\/SLSH-180-180x135.webp 180w\" sizes=\"auto, (max-width: 720px) 100vw, 720px\" \/><figcaption>Slsh-180<\/figcaption><\/figure>    <figure class=\"wp-block-image size-large\"><img loading=\"lazy\" decoding=\"async\" width=\"720\" height=\"540\" data-id=\"2900\" src=\"https:\/\/shuliybaler.com\/wp-content\/uploads\/2022\/10\/SLSH-200.webp\" alt=\"SLSH-200\" class=\"wp-image-2900\" title=\"\" srcset=\"https:\/\/shuliybaler.com\/wp-content\/uploads\/2022\/10\/SLSH-200.webp 720w, https:\/\/shuliybaler.com\/wp-content\/uploads\/2022\/10\/SLSH-200-360x270.webp 360w, https:\/\/shuliybaler.com\/wp-content\/uploads\/2022\/10\/SLSH-200-180x135.webp 180w\" sizes=\"auto, (max-width: 720px) 100vw, 720px\" \/><figcaption>Slsh-200<\/figcaption><\/figure> <\/figure>    <figure class=\"wp-block-table\"><table><tbody><tr><td>M\u1eabu m\u00e3<\/td><td>SLSH-120<\/td><td>SLSH-160<\/td><td>SLSH-180<\/td><td>SLSH-200<\/td><\/tr><tr><td>H\u1ec7 th\u1ed1ng \u0111\u1ed9ng l\u1ef1c<\/td><td>h\u1ec7 th\u1ed1ng th\u1ee7y l\u1ef1c\u2300245 h\u00e0nh tr\u00ecnh 2100mm<\/td><td>H\u1ec7 th\u1ed1ng th\u1ee7y l\u1ef1c\u2300280Chuy\u1ebfn \u0111i 2300mm<\/td><td>h\u1ec7 th\u1ed1ng th\u1ee7y l\u1ef1c\u2300280Chuy\u1ebfn \u0111i 2400mm<\/td><td>h\u1ec7 th\u1ed1ng th\u1ee7y l\u1ef1c\u2300280Chuy\u1ebfn \u0111i 2450mm<\/td><\/tr><tr><td>C\u00f4ng su\u1ea5t<\/td><td>22kw,3 HP,380V<\/td><td>30Kw 4Kw, 3 HP,380V<\/td><td>37Kw 4Kw, 3 HP,380V<\/td><td>45Kw 4Kw<\/td><\/tr><tr><td>L\u1ef1c \u0111\u1ea9y danh ngh\u0129a ch\u00ednh<\/td><td>1200KN<\/td><td>1600KN<\/td><td>1800KN<\/td><td>2000kn<\/td><\/tr><tr><td>\u00c1p su\u1ea5t h\u1ec7 th\u1ed1ng<\/td><td>28Mpa<\/td><td>31.5MPA<\/td><td>31.5Mpa<\/td><td>31.5MPA &nbsp;<\/td><\/tr><tr><td>H\u1ec7 th\u1ed1ng \u0111i\u1ec1u khi\u1ec3n<\/td><td>\u0110i\u1ec1u khi\u1ec3n t\u1ef1 \u0111\u1ed9ng PLC<\/td><td>\u0110i\u1ec1u khi\u1ec3n t\u1ef1 \u0111\u1ed9ng PLC<\/td><td>\u0110i\u1ec1u khi\u1ec3n t\u1ef1 \u0111\u1ed9ng PLC<\/td><td>\u0110i\u1ec1u khi\u1ec3n t\u1ef1 \u0111\u1ed9ng PLC<\/td><\/tr><tr><td>K\u00edch th\u01b0\u1edbc c\u1ea5p li\u1ec7u<\/td><td>1650mm*1100mm<\/td><td>1650mm*1100mm<\/td><td>2000*1100mm<\/td><td>2000mm*1100mm<\/td><\/tr><tr><td>K\u00edch th\u01b0\u1edbc bao<\/td><td>1100*900mm<\/td><td>1100mm*1250mm<\/td><td>1100*1300mm<\/td><td>1100mm*1400mm<\/td><\/tr><tr><td>M\u1eadt \u0111\u1ed9 bao<\/td><td>800Kg\/bao, 400-450kg\/m\u00b3<\/td><td>1200Kg\/bao  450Kg\/m\u00b3<\/td><td>1300kg\/bao, 500kg\/m\u00b3<\/td><td>1400Kg\/bao 520Kg\/m\u00b3<\/td><\/tr><tr><td>Dung l\u01b0\u1ee3ng<\/td><td>4-7 bao\/h<\/td><td>5-8 bao<\/td><td>6-9 bao<\/td><td>8-10 bao<\/td><\/tr><tr><td>Bu\u1ed9c b\u00f3<\/td><td>3 chi\u1ebfc th\u1ee7 c\u00f4ng<\/td><td>4-5 chi\u1ebfc, th\u1ee7 c\u00f4ng<\/td><td>4-5 chi\u1ebfc, th\u1ee7 c\u00f4ng<\/td><td>4-5 chi\u1ebfc, th\u1ee7 c\u00f4ng<\/td><\/tr><\/tbody><\/table><figcaption>M\u00e1y n\u00e9n chai nh\u1ef1a<\/figcaption><\/figure>   <div class=\"wp-block-image\"> <figure class=\"aligncenter size-full\"><img loading=\"lazy\" decoding=\"async\" width=\"720\" height=\"540\" src=\"https:\/\/shuliybaler.com\/wp-content\/uploads\/2022\/10\/Plastic-bottle-baling-machine-2.webp\" alt=\"M\u00e1y \u0111\u00f3ng g\u00f3i chai nh\u1ef1a\" class=\"wp-image-2901\" title=\"\" srcset=\"https:\/\/shuliybaler.com\/wp-content\/uploads\/2022\/10\/Plastic-bottle-baling-machine-2.webp 720w, https:\/\/shuliybaler.com\/wp-content\/uploads\/2022\/10\/Plastic-bottle-baling-machine-2-360x270.webp 360w, https:\/\/shuliybaler.com\/wp-content\/uploads\/2022\/10\/Plastic-bottle-baling-machine-2-180x135.webp 180w\" sizes=\"auto, (max-width: 720px) 100vw, 720px\" \/><figcaption>M\u00e1y \u0111\u00f3ng g\u00f3i chai nh\u1ef1a<\/figcaption><\/figure> <\/div>   <h2 class=\"wp-block-heading\">M\u00e1y \u0111\u00f3ng g\u00f3i chai nh\u1ef1a xu\u1ea5t kh\u1ea9u sang Uganda<\/h2>   <div class=\"wp-block-image\"> <figure class=\"aligncenter size-full\"><img loading=\"lazy\" decoding=\"async\" width=\"720\" height=\"540\" src=\"https:\/\/shuliybaler.com\/wp-content\/uploads\/2022\/10\/Plastic-bottle-baling-machine-3.webp\" alt=\"M\u00e1y \u0111\u00f3ng g\u00f3i chai nh\u1ef1a\" class=\"wp-image-2902\" title=\"\" srcset=\"https:\/\/shuliybaler.com\/wp-content\/uploads\/2022\/10\/Plastic-bottle-baling-machine-3.webp 720w, https:\/\/shuliybaler.com\/wp-content\/uploads\/2022\/10\/Plastic-bottle-baling-machine-3-360x270.webp 360w, https:\/\/shuliybaler.com\/wp-content\/uploads\/2022\/10\/Plastic-bottle-baling-machine-3-180x135.webp 180w\" sizes=\"auto, (max-width: 720px) 100vw, 720px\" \/><figcaption>M\u00e1y \u0111\u00f3ng g\u00f3i chai nh\u1ef1a<\/figcaption><\/figure> <\/div>   <p>Ch\u00fang t\u00f4i \u0111\u00e3 xu\u1ea5t kh\u1ea9u m\u1ed9t m\u00e1y \u0111\u00f3ng g\u00f3i chai nh\u1ef1a 200 m\u1eabu sang Uganda. Kh\u00e1ch h\u00e0ng ho\u1ea1t \u0111\u1ed9ng trong ng\u00e0nh t\u00e1i ch\u1ebf. Kh\u00e1ch h\u00e0ng c\u1ea7n \u0111\u00f3ng g\u00f3i kim lo\u1ea1i ph\u1ebf li\u1ec7u v\u00e0 chai nh\u1ef1a. Do \u0111\u00f3, \u0111\u1ec3 ph\u00f9 h\u1ee3p v\u1edbi c\u1ea3 hai s\u1ea3n ph\u1ea9m, kh\u00e1ch h\u00e0ng \u0111\u00e3 ch\u1ecdn lo\u1ea1i l\u1edbn nh\u1ea5t c\u1ee7a m\u00e1y \u0111\u00f3ng g\u00f3i chai nh\u1ef1a. \u0110i\u1ec1u n\u00e0y cho ph\u00e9p \u0111\u00f3ng g\u00f3i hai s\u1ea3n ph\u1ea9m. V\u00e0 sau khi kh\u00e1ch h\u00e0ng th\u1eed nghi\u1ec7m, ph\u00e1t hi\u1ec7n ra hi\u1ec7u qu\u1ea3 \u0111\u00f3ng g\u00f3i r\u1ea5t t\u1ed1t, \u0111\u1eb7c bi\u1ec7t sau khi chai nh\u1ef1a \u0111\u01b0\u1ee3c n\u00e9n, ti\u1ebft ki\u1ec7m r\u1ea5t nhi\u1ec1u kh\u00f4ng gian.<\/p>","protected":false},"excerpt":{"rendered":"<p>M\u00e1y \u0111\u00f3ng ki\u1ec7n chai nh\u1ef1a c\u0169ng g\u1ecdi l\u00e0 m\u00e1y \u00e9p th\u1ee7y l\u1ef1c. M\u00e1y \u0111\u00f3ng ki\u1ec7n chai nh\u1ef1a l\u00e0 m\u1ed9t m\u00e1y d\u00f9ng \u0111\u1ec3 n\u00e9n v\u00e0 \u0111\u00f3ng g\u00f3i chai n\u01b0\u1edbc nh\u1ef1a. Qua qu\u00e1 tr\u00ecnh n\u00e9n c\u1ee7a m\u00e1y \u0111\u00f3ng ki\u1ec7n chai nh\u1ef1a, th\u1ec3 t\u00edch c\u1ee7a chai nh\u1ef1a c\u00f3 th\u1ec3 gi\u1ea3m v\u00e0 v\u1eadn chuy\u1ec3n thu\u1eadn ti\u1ec7n. M\u00e1y \u0111\u00f3ng ki\u1ec7n chai nh\u1ef1a c\u00f2n c\u00f3 th\u1ec3 \u0111\u00f3ng g\u00f3i lon, carton th\u1ea3i, b\u00f4ng, kim lo\u1ea1i ph\u1ebf li\u1ec7u, v.v., \u0111\u01b0\u1ee3c s\u1eed d\u1ee5ng r\u1ed9ng r\u00e3i, ch\u1ee7 y\u1ebfu \u0111\u1ec3 gi\u1ea3m kh\u00f4ng gian l\u01b0u tr\u1eef. Thu\u1eadn ti\u1ec7n cho t\u00e1i ch\u1ebf th\u1ee9 c\u1ea5p.<\/p>","protected":false},"author":1,"featured_media":2894,"parent":0,"template":"","tags":[51],"product-type":[48],"class_list":["post-2893","product","type-product","status-publish","has-post-thumbnail","hentry","tag-baler-machine","product-type-solution"],"_links":{"self":[{"href":"https:\/\/shuliybaler.com\/vi\/wp-json\/wp\/v2\/product\/2893","targetHints":{"allow":["GET"]}}],"collection":[{"href":"https:\/\/shuliybaler.com\/vi\/wp-json\/wp\/v2\/product"}],"about":[{"href":"https:\/\/shuliybaler.com\/vi\/wp-json\/wp\/v2\/types\/product"}],"author":[{"embeddable":true,"href":"https:\/\/shuliybaler.com\/vi\/wp-json\/wp\/v2\/users\/1"}],"wp:featuredmedia":[{"embeddable":true,"href":"https:\/\/shuliybaler.com\/vi\/wp-json\/wp\/v2\/media\/2894"}],"wp:attachment":[{"href":"https:\/\/shuliybaler.com\/vi\/wp-json\/wp\/v2\/media?parent=2893"}],"wp:term":[{"taxonomy":"post_tag","embeddable":true,"href":"https:\/\/shuliybaler.com\/vi\/wp-json\/wp\/v2\/tags?post=2893"},{"taxonomy":"product-type","embeddable":true,"href":"https:\/\/shuliybaler.com\/vi\/wp-json\/wp\/v2\/product-type?post=2893"}],"curies":[{"name":"wp","href":"https:\/\/api.w.org\/{rel}","templated":true}]}}