{"id":2904,"date":"2022-10-19T16:35:05","date_gmt":"2022-10-19T08:35:05","guid":{"rendered":"https:\/\/shuliybaler.com\/?post_type=product&#038;p=2904"},"modified":"2023-02-28T16:04:04","modified_gmt":"2023-02-28T08:04:04","slug":"plastic-bottle-baler-machine","status":"publish","type":"product","link":"https:\/\/shuliybaler.com\/vi\/product\/plastic-bottle-baler-machine-plastic-bottle-packing-machine\/","title":{"rendered":"M\u00e1y n\u00e9n chai nh\u1ef1a | M\u00e1y \u0111\u00f3ng g\u00f3i chai nh\u1ef1a"},"content":{"rendered":"<p class=\"translation-block\">M\u00e1y n\u00e9n chai nh\u1ef1a l\u00e0 thi\u1ebft b\u1ecb \u0111\u1eb7c bi\u1ec7t \u0111\u1ec3 n\u00e9n chai nh\u1ef1a. B\u1eb1ng c\u00e1ch n\u00e9n <a href=\"https:\/\/www.google.com\/search?q=waste plastic bottle&amp;sxsrf=ALiCzsZDD9uj538vXpp1bTkcyeTWwADRLg:1669878238699&amp;source=lnms&amp;tbm=isch&amp;sa=X&amp;ved=2ahUKEwi5kPGZ7df7AhVZNEQIHehCDb0Q_AUoAXoECAEQAw&amp;biw=1745&amp;bih=852&amp;dpr=1.1\" data-type=\"URL\" data-id=\"https:\/\/www.google.com\/search?q=waste plastic bottle&amp;sxsrf=ALiCzsZDD9uj538vXpp1bTkcyeTWwADRLg:1669878238699&amp;source=lnms&amp;tbm=isch&amp;sa=X&amp;ved=2ahUKEwi5kPGZ7df7AhVZNEQIHehCDb0Q_AUoAXoECAEQAw&amp;biw=1745&amp;bih=852&amp;dpr=1.1\" target=\"_blank\" rel=\"noopener\">chai nh\u1ef1a<\/a> v\u00e0 \u0111\u1ea9y c\u00e1c khe h\u1edf gi\u1eefa c\u00e1c chai nh\u1ef1a, kh\u00f4ng gian l\u01b0u tr\u1eef c\u1ee7a chai nh\u1ef1a c\u00f3 th\u1ec3 \u0111\u01b0\u1ee3c n\u00e9n l\u1ea1i, \u0111\u1ed3ng th\u1eddi \u0111\u1eb7c \u0111i\u1ec3m c\u1ee7a chai nh\u1ef1a l\u00e0 kh\u00f3 v\u1eadn chuy\u1ec3n.<\/p>    <figure class=\"wp-block-image size-full\"><img loading=\"lazy\" decoding=\"async\" width=\"720\" height=\"540\" src=\"https:\/\/shuliybaler.com\/wp-content\/uploads\/2022\/10\/Plastic-bottle-baler-machine-1.webp\" alt=\"M\u00e1y n\u00e9n chai nh\u1ef1a\" class=\"wp-image-2965\" title=\"\" srcset=\"https:\/\/shuliybaler.com\/wp-content\/uploads\/2022\/10\/Plastic-bottle-baler-machine-1.webp 720w, https:\/\/shuliybaler.com\/wp-content\/uploads\/2022\/10\/Plastic-bottle-baler-machine-1-360x270.webp 360w, https:\/\/shuliybaler.com\/wp-content\/uploads\/2022\/10\/Plastic-bottle-baler-machine-1-180x135.webp 180w\" sizes=\"auto, (max-width: 720px) 100vw, 720px\" \/><figcaption class=\"wp-element-caption\">M\u00e1y n\u00e9n chai nh\u1ef1a<\/figcaption><\/figure>    <h2 class=\"wp-block-heading\">Gi\u1edbi thi\u1ec7u v\u1ec1 m\u00e1y \u0111\u00f3ng g\u00f3i chai nh\u1ef1a ngang<\/h2>    <figure class=\"wp-block-image size-full\"><img loading=\"lazy\" decoding=\"async\" width=\"720\" height=\"540\" src=\"https:\/\/shuliybaler.com\/wp-content\/uploads\/2022\/10\/Plastic-bottle-packing-machine.webp\" alt=\"M\u00e1y \u0111\u00f3ng g\u00f3i chai nh\u1ef1a\" class=\"wp-image-2966\" title=\"\" srcset=\"https:\/\/shuliybaler.com\/wp-content\/uploads\/2022\/10\/Plastic-bottle-packing-machine.webp 720w, https:\/\/shuliybaler.com\/wp-content\/uploads\/2022\/10\/Plastic-bottle-packing-machine-360x270.webp 360w, https:\/\/shuliybaler.com\/wp-content\/uploads\/2022\/10\/Plastic-bottle-packing-machine-180x135.webp 180w\" sizes=\"auto, (max-width: 720px) 100vw, 720px\" \/><figcaption class=\"wp-element-caption\">M\u00e1y \u0111\u00f3ng g\u00f3i chai nh\u1ef1a<\/figcaption><\/figure>    <p class=\"translation-block\">&nbsp;<a href=\"https:\/\/shuliybaler.com\/vi\/product\/scrap-metal-baler\/\" data-type=\"URL\" data-id=\"https:\/\/shuliybaler.com\/product\/scrap-metal-baler\/\">M\u00e1y n\u00e9n chai n\u01b0\u1edbc gi\u1ea3i kh\u00e1t ngang<\/a> ph\u00f9 h\u1ee3p cho c\u00e1c m\u00e1y n\u00e9n \u0111\u1ec3 n\u00e9n chai cola, lon, m\u00e0ng nh\u1ef1a, gi\u1ea5y v\u1ee5n, m\u00fat x\u1ed1p, s\u1ee3i h\u00f3a h\u1ecdc v\u00e0 v\u1eadt li\u1ec7u ph\u1ebf li\u1ec7u. N\u00f3 \u0111\u01b0\u1ee3c trang b\u1ecb b\u0103ng chuy\u1ec1n \u0111\u1ec3 c\u1ea5p li\u1ec7u. Ph\u00f9 h\u1ee3p \u0111\u1ec3 x\u1eed l\u00fd kho\u1ea3ng 1-5 t\u1ea5n m\u1ed7i gi\u1edd. N\u00f3 c\u0169ng c\u00f3 th\u1ec3 \u0111\u01b0\u1ee3c s\u1eed d\u1ee5ng nh\u01b0 m\u1ed9t m\u00e1y \u0111\u1ed9c l\u1eadp, v\u1edbi di\u1ec7n t\u00edch nh\u1ecf, t\u1ed1c \u0111\u1ed9 \u0111\u00f3ng g\u00f3i nhanh, v\u1eadn h\u00e0nh \u0111\u01a1n gi\u1ea3n, hi\u1ec7u su\u1ea5t \u1ed5n \u0111\u1ecbnh v\u00e0 t\u1ef7 l\u1ec7 l\u1ed7i th\u1ea5p.<\/p>    <h2 class=\"wp-block-heading\">T\u1ea1i sao c\u1ea7n c\u00f3 m\u00e1y n\u00e9n chai nh\u1ef1a?<\/h2>    <figure class=\"wp-block-gallery has-nested-images columns-default is-cropped wp-block-gallery-2 is-layout-flex wp-block-gallery-is-layout-flex\"> <figure class=\"wp-block-image size-full\"><img loading=\"lazy\" decoding=\"async\" width=\"720\" height=\"540\" data-id=\"2967\" src=\"https:\/\/shuliybaler.com\/wp-content\/uploads\/2022\/10\/Plastic-bottle-packing-machine-1.webp\" alt=\"M\u00e1y \u0111\u00f3ng g\u00f3i chai nh\u1ef1a\" class=\"wp-image-2967\" title=\"\" srcset=\"https:\/\/shuliybaler.com\/wp-content\/uploads\/2022\/10\/Plastic-bottle-packing-machine-1.webp 720w, https:\/\/shuliybaler.com\/wp-content\/uploads\/2022\/10\/Plastic-bottle-packing-machine-1-360x270.webp 360w, https:\/\/shuliybaler.com\/wp-content\/uploads\/2022\/10\/Plastic-bottle-packing-machine-1-180x135.webp 180w\" sizes=\"auto, (max-width: 720px) 100vw, 720px\" \/><figcaption class=\"wp-element-caption\">M\u00e1y \u0111\u00f3ng g\u00f3i chai nh\u1ef1a<\/figcaption><\/figure>    <figure class=\"wp-block-image size-full\"><img loading=\"lazy\" decoding=\"async\" width=\"720\" height=\"540\" data-id=\"2971\" src=\"https:\/\/shuliybaler.com\/wp-content\/uploads\/2022\/10\/plastic-bottle-baling.webp\" alt=\"n\u00e9n chai nh\u1ef1a\" class=\"wp-image-2971\" title=\"\" srcset=\"https:\/\/shuliybaler.com\/wp-content\/uploads\/2022\/10\/plastic-bottle-baling.webp 720w, https:\/\/shuliybaler.com\/wp-content\/uploads\/2022\/10\/plastic-bottle-baling-360x270.webp 360w, https:\/\/shuliybaler.com\/wp-content\/uploads\/2022\/10\/plastic-bottle-baling-180x135.webp 180w\" sizes=\"auto, (max-width: 720px) 100vw, 720px\" \/><figcaption class=\"wp-element-caption\">N\u00e9n chai nh\u1ef1a<\/figcaption><\/figure> <\/figure>    <p>Chai nh\u1ef1a c\u00f3 th\u1ec3 \u0111\u01b0\u1ee3c t\u00e1i ch\u1ebf, v\u00e0 c\u00e1c h\u1ea1t nh\u1ef1a c\u00f3 th\u1ec3 \u0111\u01b0\u1ee3c l\u00e0m ra. Khi t\u00e1i ch\u1ebf chai nh\u1ef1a, chai nh\u1ef1a r\u1ed7ng, s\u1ebd c\u00f3 nhi\u1ec1u kh\u00f4ng gian gi\u1eefa c\u00e1c chai, v\u00e0 chai nh\u1ef1a kh\u00e1 m\u1ecfng v\u00e0 kh\u00f3 x\u1eed l\u00fd, v\u00ec v\u1eady m\u00e1y n\u00e9n chai nh\u1ef1a c\u00f3 th\u1ec3 x\u1eed l\u00fd. C\u00e1c chai \u0111\u01b0\u1ee3c n\u00e9n v\u00e0 t\u1ea1o th\u00e0nh kh\u1ed1i chai nh\u1ef1a c\u00f9ng k\u00edch c\u1ee1, c\u00f3 th\u1ec3 v\u1eadn chuy\u1ec3n v\u00e0 l\u01b0u tr\u1eef.<\/p>    <h2 class=\"wp-block-heading\">Hai lo\u1ea1i m\u00e1y n\u00e9n chai nh\u1ef1a<\/h2>    <figure class=\"wp-block-image size-full\"><img loading=\"lazy\" decoding=\"async\" width=\"720\" height=\"540\" src=\"https:\/\/shuliybaler.com\/wp-content\/uploads\/2022\/10\/plastic-bottle-baler-machine.webp\" alt=\"m\u00e1y n\u00e9n chai nh\u1ef1a\" class=\"wp-image-2968\" title=\"\" srcset=\"https:\/\/shuliybaler.com\/wp-content\/uploads\/2022\/10\/plastic-bottle-baler-machine.webp 720w, https:\/\/shuliybaler.com\/wp-content\/uploads\/2022\/10\/plastic-bottle-baler-machine-360x270.webp 360w, https:\/\/shuliybaler.com\/wp-content\/uploads\/2022\/10\/plastic-bottle-baler-machine-180x135.webp 180w\" sizes=\"auto, (max-width: 720px) 100vw, 720px\" \/><figcaption class=\"wp-element-caption\">M\u00e1y n\u00e9n chai nh\u1ef1a<\/figcaption><\/figure>    <p class=\"translation-block\">Hi\u1ec7n t\u1ea1i, c\u00e1c m\u00e1y n\u00e9n chai nh\u1ef1a tr\u00ean th\u1ecb tr\u01b0\u1eddng \u0111\u01b0\u1ee3c chia th\u00e0nh hai lo\u1ea1i: <a href=\"https:\/\/shuliybaler.com\/vi\/product\/vertical-metal-baler\/\" data-type=\"URL\" data-id=\"https:\/\/shuliybaler.com\/product\/vertical-metal-baler\/\">m\u00e1y n\u00e9n th\u1eb3ng \u0111\u1ee9ng<\/a> v\u00e0 <a href=\"https:\/\/shuliybaler.com\/vi\/product\/scrap-metal-baler\/\" data-type=\"URL\" data-id=\"https:\/\/shuliybaler.com\/product\/scrap-metal-baler\/\">m\u00e1y n\u00e9n ngang<\/a>. C\u1ea3 hai lo\u1ea1i m\u00e1y n\u00e9n \u0111\u1ec1u c\u00f3 th\u1ec3 d\u00f9ng \u0111\u1ec3 \u0111\u00f3ng g\u00f3i chai nh\u1ef1a ph\u1ebf li\u1ec7u. S\u1ef1 kh\u00e1c bi\u1ec7t n\u1eb1m \u1edf s\u1ea3n l\u01b0\u1ee3ng \u0111\u00f3ng g\u00f3i, m\u1ee9c \u0111\u1ed9 t\u1ef1 \u0111\u1ed9ng h\u00f3a v\u00e0 k\u00edch th\u01b0\u1edbc c\u1ee7a bao b\u00ec. Theo nhu c\u1ea7u kh\u00e1c nhau c\u1ee7a c\u00e1c doanh nghi\u1ec7p, c\u00e1c lo\u1ea1i m\u00e1y mua c\u0169ng kh\u00e1c nhau. D\u01b0\u1edbi \u0111\u00e2y s\u1ebd n\u00f3i v\u1ec1 c\u00e1ch s\u1eed d\u1ee5ng c\u1ee7a hai lo\u1ea1i m\u00e1y n\u00e9n chai nh\u1ef1a.<\/p>    <h2 class=\"wp-block-heading\">L\u00e0m th\u1ebf n\u00e0o \u0111\u1ec3 s\u1eed d\u1ee5ng m\u00e1y n\u00e9n chai nh\u1ef1a th\u1eb3ng \u0111\u1ee9ng?<\/h2>    <figure class=\"wp-block-image size-full\"><img loading=\"lazy\" decoding=\"async\" width=\"720\" height=\"540\" src=\"https:\/\/shuliybaler.com\/wp-content\/uploads\/2022\/10\/plastic-bottle-baler-machine-1.webp\" alt=\"m\u00e1y n\u00e9n chai nh\u1ef1a\" class=\"wp-image-2969\" title=\"\" srcset=\"https:\/\/shuliybaler.com\/wp-content\/uploads\/2022\/10\/plastic-bottle-baler-machine-1.webp 720w, https:\/\/shuliybaler.com\/wp-content\/uploads\/2022\/10\/plastic-bottle-baler-machine-1-360x270.webp 360w, https:\/\/shuliybaler.com\/wp-content\/uploads\/2022\/10\/plastic-bottle-baler-machine-1-180x135.webp 180w\" sizes=\"auto, (max-width: 720px) 100vw, 720px\" \/><figcaption class=\"wp-element-caption\">M\u00e1y n\u00e9n chai nh\u1ef1a<\/figcaption><\/figure>    <p>Quy tr\u00ecnh v\u1eadn h\u00e0nh ph\u1ee9c t\u1ea1p. \u0110\u1ea7u ti\u00ean, m\u1edf c\u1eeda x\u1ea3 c\u1ee7a thi\u1ebft b\u1ecb b\u1eb1ng thi\u1ebft b\u1ecb kh\u00f3a b\u00e1nh xe tay, l\u00e0m s\u1ea1ch ph\u00f2ng \u0111\u00f3ng g\u00f3i, v\u00e0 \u0111\u1eb7t m\u1ed9t t\u1ea5m v\u1ea3i \u0111\u00f3ng g\u00f3i ho\u1eb7c h\u1ed9p carton l\u00ean \u0111\u00f3. \u0110\u00f3ng c\u1eeda bu\u1ed3ng n\u00e9n, m\u1edf c\u1eeda c\u1ea5p li\u1ec7u c\u00f9ng l\u00fac, v\u00e0 c\u1ea5p li\u1ec7u t\u1eeb c\u1eeda c\u1ea5p. Sau khi v\u1eadt li\u1ec7u \u0111\u1ea7y, \u0111\u00f3ng c\u1eeda c\u1ea5p li\u1ec7u, t\u1ef1 \u0111\u1ed9ng n\u00e9n qua h\u1ec7 th\u1ed1ng \u0111i\u1ec7n PLC, ti\u1ebfp t\u1ee5c c\u1ea5p li\u1ec7u sau khi n\u00e9n v\u00e0 gi\u1ea3m th\u1ec3 t\u00edch, v\u00e0 l\u1eb7p l\u1ea1i c\u00e1c thao t\u00e1c tr\u00ean cho \u0111\u1ebfn khi \u0111\u1ea7y v\u1eadt li\u1ec7u. Sau khi t\u1ea1o h\u00ecnh n\u00e9n, m\u1edf c\u1eeda bu\u1ed3ng n\u00e9n v\u00e0 c\u1eeda c\u1ea5p li\u1ec7u, v\u00e0 threading v\u00e0 threading chai nh\u1ef1a \u0111\u00e3 n\u00e9n. Sau khi ho\u00e0n t\u1ea5t, th\u1ef1c hi\u1ec7n thao t\u00e1c \u0111\u1ea9y \u0111\u00f3ng g\u00f3i \u0111\u1ec3 ho\u00e0n t\u1ea5t x\u1ea3 h\u00e0ng.<\/p>    <figure class=\"wp-block-image size-full\"><img loading=\"lazy\" decoding=\"async\" width=\"720\" height=\"540\" src=\"https:\/\/shuliybaler.com\/wp-content\/uploads\/2022\/10\/Plastic-bottle-baler-conveyor-belt.webp\" alt=\"B\u0103ng chuy\u1ec1n m\u00e1y n\u00e9n chai nh\u1ef1a\" class=\"wp-image-2972\" title=\"\" srcset=\"https:\/\/shuliybaler.com\/wp-content\/uploads\/2022\/10\/Plastic-bottle-baler-conveyor-belt.webp 720w, https:\/\/shuliybaler.com\/wp-content\/uploads\/2022\/10\/Plastic-bottle-baler-conveyor-belt-360x270.webp 360w, https:\/\/shuliybaler.com\/wp-content\/uploads\/2022\/10\/Plastic-bottle-baler-conveyor-belt-180x135.webp 180w\" sizes=\"auto, (max-width: 720px) 100vw, 720px\" \/><figcaption class=\"wp-element-caption\">B\u0103ng chuy\u1ec1n m\u00e1y n\u00e9n chai nh\u1ef1a<\/figcaption><\/figure>    <h2 class=\"wp-block-heading\">L\u00e0m th\u1ebf n\u00e0o \u0111\u1ec3 s\u1eed d\u1ee5ng m\u00e1y n\u00e9n chai nh\u1ef1a ngang?<\/h2>    <figure class=\"wp-block-image size-full\"><img loading=\"lazy\" decoding=\"async\" width=\"720\" height=\"540\" src=\"https:\/\/shuliybaler.com\/wp-content\/uploads\/2022\/10\/horizontal-plastic-bottle-baler.webp\" alt=\"m\u00e1y n\u00e9n chai nh\u1ef1a ngang\" class=\"wp-image-2970\" title=\"\" srcset=\"https:\/\/shuliybaler.com\/wp-content\/uploads\/2022\/10\/horizontal-plastic-bottle-baler.webp 720w, https:\/\/shuliybaler.com\/wp-content\/uploads\/2022\/10\/horizontal-plastic-bottle-baler-360x270.webp 360w, https:\/\/shuliybaler.com\/wp-content\/uploads\/2022\/10\/horizontal-plastic-bottle-baler-180x135.webp 180w\" sizes=\"auto, (max-width: 720px) 100vw, 720px\" \/><figcaption class=\"wp-element-caption\">M\u00e1y n\u00e9n chai nh\u1ef1a ngang<\/figcaption><\/figure>    <p>M\u00e1y n\u00e9n chai nh\u1ef1a ngang d\u1ec5 v\u1eadn h\u00e0nh h\u01a1n nhi\u1ec1u. Sau khi ki\u1ec3m tra kh\u00f4ng c\u00f3 b\u1ea5t th\u01b0\u1eddng khi m\u1edf thi\u1ebft b\u1ecb, c\u00f3 th\u1ec3 c\u1ea5p li\u1ec7u tr\u1ef1c ti\u1ebfp ho\u1eb7c qua b\u0103ng chuy\u1ec1n v\u00e0o bu\u1ed3ng n\u00e9n. Khi chai nh\u1ef1a \u0111\u1ea1t v\u1ecb tr\u00ed, nh\u1ea5n n\u00fat n\u00e9n \u0111\u1ec3 n\u00e9n \u0111\u00fang ch\u1ed7. N\u00f3 s\u1ebd t\u1ef1 \u0111\u1ed9ng l\u00f9i l\u1ea1i v\u00e0 d\u1eebng l\u1ea1i. L\u1eb7p l\u1ea1i thao t\u00e1c c\u1ea5p li\u1ec7u v\u00e0 n\u00e9n cho \u0111\u1ebfn khi \u0111\u1ea1t chi\u1ec1u d\u00e0i \u0111\u00f3ng g\u00f3i mong mu\u1ed1n, nh\u1ea5n n\u00fat \u0111\u00f3ng g\u00f3i, v\u00e0 sau khi \u0111\u1ea1t v\u1ecb tr\u00ed \u0111\u00f3ng g\u00f3i, nh\u1ea5n n\u00fat threading, qu\u00e1 tr\u00ecnh threading s\u1ebd t\u1ef1 \u0111\u1ed9ng c\u1eaft v\u00e0 ho\u00e0n t\u1ea5t.<\/p>    <figure class=\"wp-block-embed is-type-video is-provider-youtube wp-block-embed-youtube wp-embed-aspect-16-9 wp-has-aspect-ratio\"><div class=\"wp-block-embed__wrapper\"> <iframe loading=\"lazy\" title=\"M\u00e1y n\u00e9n kim lo\u1ea1i xu\u1ea5t kh\u1ea9u sang Gabon hai l\u1ea7n | M\u00e1y \u00e9p th\u00f9ng d\u1ea7u, m\u00e1y n\u00e9n chai nh\u1ef1a\" width=\"500\" height=\"281\" src=\"https:\/\/www.youtube.com\/embed\/1WCZwz3QRbs?feature=oembed\" frameborder=\"0\" allow=\"accelerometer; autoplay; clipboard-write; encrypted-media; gyroscope; picture-in-picture; web-share\" referrerpolicy=\"strict-origin-when-cross-origin\" allowfullscreen><\/iframe> <\/div><figcaption class=\"wp-element-caption\">M\u00e1y n\u00e9n chai nh\u1ef1a<\/figcaption><\/figure>","protected":false},"excerpt":{"rendered":"<p>M\u00e1y n\u00e9n chai nh\u1ef1a l\u00e0 thi\u1ebft b\u1ecb \u0111\u1eb7c bi\u1ec7t cho chai nh\u1ef1a. B\u1eb1ng c\u00e1ch n\u00e9n c\u00e1c chai nh\u1ef1a v\u00e0 \u0111\u00f9n c\u00e1c khe h\u1edf gi\u1eefa c\u00e1c chai nh\u1ef1a, kh\u00f4ng gian l\u01b0u tr\u1eef c\u1ee7a c\u00e1c chai nh\u1ef1a c\u00f3 th\u1ec3 \u0111\u01b0\u1ee3c n\u00e9n l\u1ea1i, v\u00e0 \u0111\u1eb7c \u0111i\u1ec3m c\u1ee7a c\u00e1c chai nh\u1ef1a l\u00e0 kh\u00f4ng d\u1ec5 v\u1eadn chuy\u1ec3n.<\/p>","protected":false},"author":1,"featured_media":2963,"parent":0,"template":"","tags":[],"product-type":[41],"class_list":["post-2904","product","type-product","status-publish","has-post-thumbnail","hentry","product-type-metal-baler-machine"],"_links":{"self":[{"href":"https:\/\/shuliybaler.com\/vi\/wp-json\/wp\/v2\/product\/2904","targetHints":{"allow":["GET"]}}],"collection":[{"href":"https:\/\/shuliybaler.com\/vi\/wp-json\/wp\/v2\/product"}],"about":[{"href":"https:\/\/shuliybaler.com\/vi\/wp-json\/wp\/v2\/types\/product"}],"author":[{"embeddable":true,"href":"https:\/\/shuliybaler.com\/vi\/wp-json\/wp\/v2\/users\/1"}],"wp:featuredmedia":[{"embeddable":true,"href":"https:\/\/shuliybaler.com\/vi\/wp-json\/wp\/v2\/media\/2963"}],"wp:attachment":[{"href":"https:\/\/shuliybaler.com\/vi\/wp-json\/wp\/v2\/media?parent=2904"}],"wp:term":[{"taxonomy":"post_tag","embeddable":true,"href":"https:\/\/shuliybaler.com\/vi\/wp-json\/wp\/v2\/tags?post=2904"},{"taxonomy":"product-type","embeddable":true,"href":"https:\/\/shuliybaler.com\/vi\/wp-json\/wp\/v2\/product-type?post=2904"}],"curies":[{"name":"wp","href":"https:\/\/api.w.org\/{rel}","templated":true}]}}