{"id":2905,"date":"2022-11-10T14:55:46","date_gmt":"2022-11-10T06:55:46","guid":{"rendered":"https:\/\/shuliybaler.com\/?post_type=product&#038;p=2905"},"modified":"2022-11-17T16:33:36","modified_gmt":"2022-11-17T08:33:36","slug":"scrap-plate-shearing-machine","status":"publish","type":"product","link":"https:\/\/shuliybaler.com\/vi\/product\/scrap-plate-shearing-machine\/","title":{"rendered":"M\u00e1y C\u1eaft T\u1ea5m Ph\u1ebf Li\u1ec7u | M\u00e1y C\u1eaft S\u1eaft S\u1eaft Ph\u1ebf Li\u1ec7u S\u1eaft"},"content":{"rendered":"<p class=\"translation-block\">M\u00e1y c\u1eaft t\u1ea5m ph\u1ebf li\u1ec7u l\u00e0 m\u1ed9t lo\u1ea1i thi\u1ebft b\u1ecb c\u1eaft kim lo\u1ea1i th\u1ee7y l\u1ef1c. H\u00ecnh d\u1ea1ng gi\u1ed1ng nh\u01b0 \u0111\u1ea7u h\u1ed5, v\u00ec v\u1eady c\u00f2n g\u1ecdi l\u00e0 c\u1eaft \u0111\u1ea7u h\u1ed5. K\u00e9o \u0111\u1ea7u h\u1ed5 c\u00f3 ch\u1ee9c n\u0103ng gi\u1ed1ng nh\u01b0 <a href=\"https:\/\/shuliybaler.com\/vi\/product\/alligator-shear\/\" data-type=\"URL\" data-id=\"https:\/\/shuliybaler.com\/product\/alligator-shear\/\">m\u00e1y c\u1eaft th\u00e9p c\u00e1 s\u1ea5u<\/a> v\u00e0 ph\u00f9 h\u1ee3p cho c\u00e1c nh\u00e0 m\u00e1y t\u00e1i ch\u1ebf kim lo\u1ea1i, c\u00e1c b\u00e3i th\u00e1o d\u1ee1 \u00f4 t\u00f4 \u0111\u00e3 b\u1ecb h\u1ecfng, ng\u00e0nh luy\u1ec7n kim v\u00e0 \u0111\u00fac, v\u00e0 c\u1eaft l\u1ea1nh c\u00e1c h\u00ecnh d\u1ea1ng th\u00e9p v\u00e0 c\u00e1c v\u1eadt li\u1ec7u kim lo\u1ea1i kh\u00e1c nhau.<\/p>    <figure class=\"wp-block-image size-full\"><img loading=\"lazy\" decoding=\"async\" width=\"720\" height=\"540\" src=\"https:\/\/shuliybaler.com\/wp-content\/uploads\/2022\/11\/iron-scrap-cutting-machine.webp\" alt=\"m\u00e1y c\u1eaft s\u1eaft ph\u1ebf li\u1ec7u\" class=\"wp-image-2908\" title=\"\" srcset=\"https:\/\/shuliybaler.com\/wp-content\/uploads\/2022\/11\/iron-scrap-cutting-machine.webp 720w, https:\/\/shuliybaler.com\/wp-content\/uploads\/2022\/11\/iron-scrap-cutting-machine-360x270.webp 360w, https:\/\/shuliybaler.com\/wp-content\/uploads\/2022\/11\/iron-scrap-cutting-machine-180x135.webp 180w\" sizes=\"auto, (max-width: 720px) 100vw, 720px\" \/><figcaption class=\"wp-element-caption\">M\u00e1y c\u1eaft s\u1eaft th\u00e9p<\/figcaption><\/figure>    <h2 class=\"wp-block-heading\">Ph\u1ea1m vi \u1ee9ng d\u1ee5ng c\u1ee7a m\u00e1y c\u1eaft t\u1ea5m ph\u1ebf li\u1ec7u<\/h2>    <p class=\"translation-block\">M\u00e1y c\u1eaft t\u1ea5m ph\u1ebf li\u1ec7u ph\u00f9 h\u1ee3p v\u1edbi c\u00e1c \u0111\u1ecba \u0111i\u1ec3m t\u00e1i ch\u1ebf kim lo\u1ea1i \u0111\u1ec3 c\u1eaft kim lo\u1ea1i, thu\u1eadn ti\u1ec7n cho vi\u1ec7c t\u00e1i ch\u1ebf v\u00e0 t\u00e1i s\u1eed d\u1ee5ng; <a href=\"https:\/\/www.youtube.com\/watch?v=GNmdIftq4X8&amp;t=13s\" data-type=\"URL\" data-id=\"https:\/\/www.youtube.com\/watch?v=GNmdIftq4X8&amp;t=13s\" target=\"_blank\" rel=\"noopener\">m\u00e1y c\u1eaft t\u1ea5m ph\u1ebf li\u1ec7u <\/a>c\u0169ng c\u00f3 th\u1ec3 \u0111\u01b0\u1ee3c s\u1eed d\u1ee5ng trong c\u00e1c nh\u00e0 m\u00e1y t\u00e1i ch\u1ebf \u00f4 t\u00f4 \u0111\u1ec3 th\u00e1o d\u1ee1 xe \u0111\u00e3 b\u1ecb h\u1ecfng. C\u00e1c m\u00e1y c\u1eaft kim lo\u1ea1i c\u00f3 th\u1ec3 \u0111\u01b0\u1ee3c s\u1eed d\u1ee5ng tr\u00ean c\u00e1c c\u00f4ng tr\u01b0\u1eddng x\u00e2y d\u1ef1ng \u0111\u1ec3 c\u1eaft th\u00e9p rebar v\u00e0 kim lo\u1ea1i. V\u00ec v\u1eady, k\u00e9o \u0111\u1ea7u h\u1ed5 c\u00f3 th\u1ec3 d\u00f9ng \u0111\u1ec3 c\u1eaft t\u1ea5t c\u1ea3 c\u00e1c lo\u1ea1i kim lo\u1ea1i c\u1ee9ng.<\/p>    <h2 class=\"wp-block-heading\">\u01afu \u0111i\u1ec3m c\u1ee7a m\u00e1y c\u1eaft t\u1ea5m ph\u1ebf li\u1ec7u<\/h2>    <figure class=\"wp-block-gallery has-nested-images columns-default is-cropped wp-block-gallery-2 is-layout-flex wp-block-gallery-is-layout-flex\"> <figure class=\"wp-block-image size-large\"><img loading=\"lazy\" decoding=\"async\" width=\"720\" height=\"540\" data-id=\"2909\" src=\"https:\/\/shuliybaler.com\/wp-content\/uploads\/2022\/11\/scrap-plate-shearing-machine.webp\" alt=\"M\u00e1y c\u1eaft t\u1ea5m ph\u1ebf li\u1ec7u\" class=\"wp-image-2909\" title=\"\" srcset=\"https:\/\/shuliybaler.com\/wp-content\/uploads\/2022\/11\/scrap-plate-shearing-machine.webp 720w, https:\/\/shuliybaler.com\/wp-content\/uploads\/2022\/11\/scrap-plate-shearing-machine-360x270.webp 360w, https:\/\/shuliybaler.com\/wp-content\/uploads\/2022\/11\/scrap-plate-shearing-machine-180x135.webp 180w\" sizes=\"auto, (max-width: 720px) 100vw, 720px\" \/><figcaption class=\"wp-element-caption\">M\u00e1y c\u1eaft t\u1ea5m ph\u1ebf li\u1ec7u<\/figcaption><\/figure>    <figure class=\"wp-block-image size-large\"><img loading=\"lazy\" decoding=\"async\" width=\"720\" height=\"540\" data-id=\"2910\" src=\"https:\/\/shuliybaler.com\/wp-content\/uploads\/2022\/11\/scrap-plate-shearing-machine-1.webp\" alt=\"M\u00e1y c\u1eaft t\u1ea5m ph\u1ebf li\u1ec7u\" class=\"wp-image-2910\" title=\"\" srcset=\"https:\/\/shuliybaler.com\/wp-content\/uploads\/2022\/11\/scrap-plate-shearing-machine-1.webp 720w, https:\/\/shuliybaler.com\/wp-content\/uploads\/2022\/11\/scrap-plate-shearing-machine-1-360x270.webp 360w, https:\/\/shuliybaler.com\/wp-content\/uploads\/2022\/11\/scrap-plate-shearing-machine-1-180x135.webp 180w\" sizes=\"auto, (max-width: 720px) 100vw, 720px\" \/><figcaption class=\"wp-element-caption\">M\u00e1y c\u1eaft t\u1ea5m ph\u1ebf li\u1ec7u<\/figcaption><\/figure> <\/figure>    <p>1. M\u00e1y c\u1eaft s\u1eaft th\u00e9p ph\u1ebf li\u1ec7u n\u00e0y ch\u1ee7 y\u1ebfu \u0111\u01b0\u1ee3c s\u1eed d\u1ee5ng trong ng\u00e0nh t\u00e1i ch\u1ebf v\u00e0 x\u1eed l\u00fd v\u1eadt li\u1ec7u th\u1ea3i. C\u00e1c nh\u00e0 m\u00e1y th\u00e9p nh\u1ecf v\u00e0 v\u1eeba c\u1eaft l\u1ea1nh ph\u1ebf li\u1ec7u kim lo\u1ea1i c\u00f3 c\u00e1c h\u00ecnh d\u1ea1ng m\u1eb7t c\u1eaft kh\u00e1c nhau nh\u01b0 th\u00e9p tr\u00f2n, th\u00e9p vu\u00f4ng, th\u00e9p h\u00ecnh ch\u1eef C, th\u00e9p g\u00f3c, I-beam, t\u1ea5m th\u00e9p, \u1ed1ng th\u00e9p, v.v.<\/p>    <p>2. M\u00e1y c\u1eaft s\u1eaft th\u00e9p ph\u1ebf li\u1ec7u n\u00e0y c\u00f3 ch\u1ee9c n\u0103ng th\u1ee7 c\u00f4ng v\u00e0 t\u1ef1 \u0111\u1ed9ng. Vi\u1ec7c \u0111i\u1ec1u khi\u1ec3n v\u1eadn h\u00e0nh thu\u1eadn ti\u1ec7n v\u00e0 \u0111\u01a1n gi\u1ea3n, k\u00e9o c\u1eaft c\u00f3 th\u1ec3 \u0111\u01b0\u1ee3c c\u1eaft v\u00e0 d\u1eebng \u1edf b\u1ea5t k\u1ef3 v\u1ecb tr\u00ed n\u00e0o trong qu\u00e1 tr\u00ecnh l\u00e0m vi\u1ec7c. v\u00e0 theo<\/p>    <p>3. N\u00f3 s\u1eed d\u1ee5ng truy\u1ec1n \u0111\u1ed9ng th\u1ee7y l\u1ef1c, d\u1ec5 v\u1eadn h\u00e0nh v\u00e0 b\u1ea3o tr\u00ec.<\/p>    <p>4. So v\u1edbi m\u00e1y c\u1eaft truy\u1ec1n \u0111\u1ed9ng c\u01a1 h\u1ecdc, n\u00f3 c\u00f3 nh\u1eefng \u01b0u \u0111i\u1ec3m nh\u01b0 k\u00edch th\u01b0\u1edbc nh\u1ecf, nh\u1eb9, qu\u00e1n t\u00ednh th\u1ea5p, ti\u1ebfng \u1ed3n th\u1ea5p, ho\u1ea1t \u0111\u1ed9ng \u1ed5n \u0111\u1ecbnh, v\u1eadn h\u00e0nh thu\u1eadn ti\u1ec7n, linh ho\u1ea1t, ph\u1ea7n c\u1eaft l\u1edbn, v\u00e0 \u0111i\u1ec1u ch\u1ec9nh k\u00e9o c\u1eaft d\u1ec5 d\u00e0ng. An to\u00e0n khi v\u1eadn h\u00e0nh v\u00e0 d\u1ec5 th\u1ef1c hi\u1ec7n. B\u1ea3o v\u1ec7 qu\u00e1 t\u1ea3i.<\/p>    <figure class=\"wp-block-embed is-type-video is-provider-youtube wp-block-embed-youtube wp-embed-aspect-16-9 wp-has-aspect-ratio\"><div class=\"wp-block-embed__wrapper\"> <iframe loading=\"lazy\" title=\"M\u00e1y c\u1eaft t\u1ea5m ph\u1ebf li\u1ec7u th\u1ee7y l\u1ef1c | M\u00e1y c\u1eaft s\u1eaft ph\u1ebf li\u1ec7u | M\u00e1y c\u1eaft s\u1eaft th\u00e9p\" width=\"500\" height=\"281\" src=\"https:\/\/www.youtube.com\/embed\/B3-xPveJGvw?feature=oembed\" frameborder=\"0\" allow=\"accelerometer; autoplay; clipboard-write; encrypted-media; gyroscope; picture-in-picture; web-share\" referrerpolicy=\"strict-origin-when-cross-origin\" allowfullscreen><\/iframe> <\/div><\/figure>    <h2 class=\"wp-block-heading\">Th\u00f4ng s\u1ed1 k\u1ef9 thu\u1eadt c\u1ee7a m\u00e1y c\u1eaft t\u1ea5m ph\u1ebf li\u1ec7u<\/h2>    <figure class=\"wp-block-image size-full\"><img loading=\"lazy\" decoding=\"async\" width=\"720\" height=\"540\" src=\"https:\/\/shuliybaler.com\/wp-content\/uploads\/2022\/11\/hydraulic-metal-shearing-equipment.webp\" alt=\"thi\u1ebft b\u1ecb c\u1eaft kim lo\u1ea1i th\u1ee7y l\u1ef1c\" class=\"wp-image-2911\" title=\"\" srcset=\"https:\/\/shuliybaler.com\/wp-content\/uploads\/2022\/11\/hydraulic-metal-shearing-equipment.webp 720w, https:\/\/shuliybaler.com\/wp-content\/uploads\/2022\/11\/hydraulic-metal-shearing-equipment-360x270.webp 360w, https:\/\/shuliybaler.com\/wp-content\/uploads\/2022\/11\/hydraulic-metal-shearing-equipment-180x135.webp 180w\" sizes=\"auto, (max-width: 720px) 100vw, 720px\" \/><figcaption class=\"wp-element-caption\">Thi\u1ebft b\u1ecb c\u1eaft kim lo\u1ea1i th\u1ee7y l\u1ef1c<\/figcaption><\/figure>    <figure class=\"wp-block-table\"><table><tbody><tr><td>\u00c1p l\u1ef1c thi\u1ebft b\u1ecb<\/td><td>2500kn<\/td><\/tr><tr><td>\u00c1p su\u1ea5t h\u1ec7 th\u1ed1ng<\/td><td>25mpa<\/td><\/tr><tr><td>K\u00edch th\u01b0\u1edbc l\u01b0\u1ee1i dao<\/td><td>1000mm<\/td><\/tr><tr><td>C\u00f4ng su\u1ea5t \u0111\u1ed9ng c\u01a1<\/td><td>22kv<\/td><\/tr><tr><td>Dung l\u01b0\u1ee3ng h\u1ed9p th\u01b0<\/td><td>360L<\/td><\/tr><tr><td>S\u1ed1 l\u1ea7n c\u1eaft <\/td><td>4-8<\/td><\/tr><tr><td>K\u00edch th\u01b0\u1edbc m\u00e1y c\u1eaft<\/td><td>2000*1200*2100<\/td><\/tr><\/tbody><\/table><figcaption class=\"wp-element-caption\">M\u00e1y c\u1eaft t\u1ea5m ph\u1ebf li\u1ec7u<\/figcaption><\/figure>    <h2 class=\"wp-block-heading\">M\u00e1y c\u1eaft t\u1ea5m ph\u1ebf li\u1ec7u ho\u1ea1t \u0111\u1ed9ng nh\u01b0 th\u1ebf n\u00e0o?<\/h2>    <figure class=\"wp-block-gallery has-nested-images columns-default is-cropped wp-block-gallery-3 is-layout-flex wp-block-gallery-is-layout-flex\"> <figure class=\"wp-block-image size-large\"><img loading=\"lazy\" decoding=\"async\" width=\"720\" height=\"540\" data-id=\"2913\" src=\"https:\/\/shuliybaler.com\/wp-content\/uploads\/2022\/11\/hydraulic-metal-shearing-equipment-2.webp\" alt=\"thi\u1ebft b\u1ecb c\u1eaft kim lo\u1ea1i th\u1ee7y l\u1ef1c\" class=\"wp-image-2913\" title=\"\" srcset=\"https:\/\/shuliybaler.com\/wp-content\/uploads\/2022\/11\/hydraulic-metal-shearing-equipment-2.webp 720w, https:\/\/shuliybaler.com\/wp-content\/uploads\/2022\/11\/hydraulic-metal-shearing-equipment-2-360x270.webp 360w, https:\/\/shuliybaler.com\/wp-content\/uploads\/2022\/11\/hydraulic-metal-shearing-equipment-2-180x135.webp 180w\" sizes=\"auto, (max-width: 720px) 100vw, 720px\" \/><figcaption class=\"wp-element-caption\">Thi\u1ebft b\u1ecb c\u1eaft kim lo\u1ea1i th\u1ee7y l\u1ef1c<\/figcaption><\/figure>    <figure class=\"wp-block-image size-large\"><img loading=\"lazy\" decoding=\"async\" width=\"720\" height=\"540\" data-id=\"2914\" src=\"https:\/\/shuliybaler.com\/wp-content\/uploads\/2022\/11\/hydraulic-metal-shearing-equipment-3.webp\" alt=\"thi\u1ebft b\u1ecb c\u1eaft kim lo\u1ea1i th\u1ee7y l\u1ef1c\" class=\"wp-image-2914\" title=\"\" srcset=\"https:\/\/shuliybaler.com\/wp-content\/uploads\/2022\/11\/hydraulic-metal-shearing-equipment-3.webp 720w, https:\/\/shuliybaler.com\/wp-content\/uploads\/2022\/11\/hydraulic-metal-shearing-equipment-3-360x270.webp 360w, https:\/\/shuliybaler.com\/wp-content\/uploads\/2022\/11\/hydraulic-metal-shearing-equipment-3-180x135.webp 180w\" sizes=\"auto, (max-width: 720px) 100vw, 720px\" \/><figcaption class=\"wp-element-caption\">Thi\u1ebft b\u1ecb c\u1eaft kim lo\u1ea1i th\u1ee7y l\u1ef1c<\/figcaption><\/figure>    <figure class=\"wp-block-image size-large\"><img loading=\"lazy\" decoding=\"async\" width=\"720\" height=\"540\" data-id=\"2915\" src=\"https:\/\/shuliybaler.com\/wp-content\/uploads\/2022\/11\/metal-shearing-equipment.webp\" alt=\"thi\u1ebft b\u1ecb c\u1eaft kim lo\u1ea1i th\u1ee7y l\u1ef1c\" class=\"wp-image-2915\" title=\"\" srcset=\"https:\/\/shuliybaler.com\/wp-content\/uploads\/2022\/11\/metal-shearing-equipment.webp 720w, https:\/\/shuliybaler.com\/wp-content\/uploads\/2022\/11\/metal-shearing-equipment-360x270.webp 360w, https:\/\/shuliybaler.com\/wp-content\/uploads\/2022\/11\/metal-shearing-equipment-180x135.webp 180w\" sizes=\"auto, (max-width: 720px) 100vw, 720px\" \/><figcaption class=\"wp-element-caption\">Thi\u1ebft b\u1ecb c\u1eaft kim lo\u1ea1i th\u1ee7y l\u1ef1c<\/figcaption><\/figure>    <figure class=\"wp-block-image size-large\"><img loading=\"lazy\" decoding=\"async\" width=\"720\" height=\"540\" data-id=\"2912\" src=\"https:\/\/shuliybaler.com\/wp-content\/uploads\/2022\/11\/hydraulic-metal-shearing-equipment-1.webp\" alt=\"thi\u1ebft b\u1ecb c\u1eaft kim lo\u1ea1i th\u1ee7y l\u1ef1c\" class=\"wp-image-2912\" title=\"\" srcset=\"https:\/\/shuliybaler.com\/wp-content\/uploads\/2022\/11\/hydraulic-metal-shearing-equipment-1.webp 720w, https:\/\/shuliybaler.com\/wp-content\/uploads\/2022\/11\/hydraulic-metal-shearing-equipment-1-360x270.webp 360w, https:\/\/shuliybaler.com\/wp-content\/uploads\/2022\/11\/hydraulic-metal-shearing-equipment-1-180x135.webp 180w\" sizes=\"auto, (max-width: 720px) 100vw, 720px\" \/><figcaption class=\"wp-element-caption\">Thi\u1ebft b\u1ecb c\u1eaft kim lo\u1ea1i th\u1ee7y l\u1ef1c<\/figcaption><\/figure> <\/figure>    <p>So v\u1edbi m\u00e1y c\u1eaft truy\u1ec1n \u0111\u1ed9ng c\u01a1 h\u1ecdc, n\u00f3 c\u00f3 nh\u1eefng \u01b0u \u0111i\u1ec3m nh\u01b0 k\u00edch th\u01b0\u1edbc nh\u1ecf, nh\u1eb9, qu\u00e1n t\u00ednh th\u1ea5p, ti\u1ebfng \u1ed3n th\u1ea5p, ho\u1ea1t \u0111\u1ed9ng \u1ed5n \u0111\u1ecbnh, v\u1eadn h\u00e0nh thu\u1eadn ti\u1ec7n, linh ho\u1ea1t, ph\u1ea7n c\u1eaft l\u1edbn, v\u00e0 \u0111i\u1ec1u ch\u1ec9nh k\u00e9o c\u1eaft d\u1ec5 d\u00e0ng. An to\u00e0n khi v\u1eadn h\u00e0nh v\u00e0 s\u1eed d\u1ee5ng, d\u1ec5 d\u00e0ng \u0111\u1ea1t \u0111\u01b0\u1ee3c ch\u1ee9c n\u0103ng b\u1ea3o v\u1ec7 qu\u00e1 t\u1ea3i.<\/p>","protected":false},"excerpt":{"rendered":"<p>M\u00e1y c\u1eaft t\u1ea5m ph\u1ebf li\u1ec7u l\u00e0 m\u1ed9t lo\u1ea1i thi\u1ebft b\u1ecb c\u1eaft kim lo\u1ea1i th\u1ee7y l\u1ef1c. H\u00ecnh d\u1ea1ng gi\u1ed1ng \u0111\u1ea7u h\u1ed5, c\u00f2n g\u1ecdi l\u00e0 c\u1eaft \u0111\u1ea7u h\u1ed5. C\u1eaft \u0111\u1ea7u h\u1ed5 c\u00f3 ch\u1ee9c n\u0103ng gi\u1ed1ng nh\u01b0 m\u00e1y c\u1eaft th\u00e9p alligator v\u00e0 ph\u00f9 h\u1ee3p cho c\u00e1c nh\u00e0 m\u00e1y t\u00e1i ch\u1ebf kim lo\u1ea1i, c\u00e1c khu v\u1ef1c th\u00e1o d\u1ee1 xe c\u0169, ng\u00e0nh luy\u1ec7n kim v\u00e0 \u0111\u00fac, v\u00e0 c\u1eaft l\u1ea1nh c\u00e1c lo\u1ea1i th\u00e9p v\u00e0 kim lo\u1ea1i h\u00ecnh d\u1ea1ng kh\u00e1c nhau.<\/p>","protected":false},"author":1,"featured_media":2907,"parent":0,"template":"","tags":[37],"product-type":[43],"class_list":["post-2905","product","type-product","status-publish","has-post-thumbnail","hentry","tag-scrap-metal-shear-machine","product-type-metal-shear"],"_links":{"self":[{"href":"https:\/\/shuliybaler.com\/vi\/wp-json\/wp\/v2\/product\/2905","targetHints":{"allow":["GET"]}}],"collection":[{"href":"https:\/\/shuliybaler.com\/vi\/wp-json\/wp\/v2\/product"}],"about":[{"href":"https:\/\/shuliybaler.com\/vi\/wp-json\/wp\/v2\/types\/product"}],"author":[{"embeddable":true,"href":"https:\/\/shuliybaler.com\/vi\/wp-json\/wp\/v2\/users\/1"}],"wp:featuredmedia":[{"embeddable":true,"href":"https:\/\/shuliybaler.com\/vi\/wp-json\/wp\/v2\/media\/2907"}],"wp:attachment":[{"href":"https:\/\/shuliybaler.com\/vi\/wp-json\/wp\/v2\/media?parent=2905"}],"wp:term":[{"taxonomy":"post_tag","embeddable":true,"href":"https:\/\/shuliybaler.com\/vi\/wp-json\/wp\/v2\/tags?post=2905"},{"taxonomy":"product-type","embeddable":true,"href":"https:\/\/shuliybaler.com\/vi\/wp-json\/wp\/v2\/product-type?post=2905"}],"curies":[{"name":"wp","href":"https:\/\/api.w.org\/{rel}","templated":true}]}}