{"id":2916,"date":"2022-11-16T18:06:03","date_gmt":"2022-11-16T10:06:03","guid":{"rendered":"https:\/\/shuliybaler.com\/?post_type=product&#038;p=2916"},"modified":"2022-12-13T11:34:27","modified_gmt":"2022-12-13T03:34:27","slug":"steel-drum-shredder","status":"publish","type":"product","link":"https:\/\/shuliybaler.com\/vi\/product\/steel-drum-shredder\/","title":{"rendered":"M\u00e1y xay th\u00f9ng th\u00e9p | m\u00e1y nghi\u1ec1n th\u00f9ng th\u00e9p"},"content":{"rendered":"<p class=\"translation-block\">M\u00e1y nghi\u1ec1n th\u00f9ng th\u00e9p c\u00f2n g\u1ecdi l\u00e0 m\u00e1y nghi\u1ec1n tr\u1ee5c \u0111\u00f4i. M\u00e1y nghi\u1ec1n th\u00f9ng th\u00e9p n\u00e0y c\u00f3 th\u1ec3 nghi\u1ec1n l\u1ed1p xe, kim lo\u1ea1i, th\u00e9p ph\u1ebf li\u1ec7u, \u00f4 t\u00f4 ph\u1ebf li\u1ec7u, v.v. M\u00e1y nghi\u1ec1n th\u00f9ng th\u00e9p c\u1eaft, nghi\u1ec1n, \u00e9p, v.v. Thu nh\u1ecf k\u00edch th\u01b0\u1edbc. M\u00e1y nghi\u1ec1n th\u00f9ng th\u00e9p l\u00e0 m\u1ed9t m\u00e1y r\u1ea5t quan tr\u1ecdng trong thi\u1ebft b\u1ecb t\u00e1i ch\u1ebf b\u1ea3o v\u1ec7 m\u00f4i tr\u01b0\u1eddng. Dao c\u1ee7a m\u00e1y c\u00f3 \u0111\u1ed9 c\u1ee9ng cao, ph\u1ea1m vi s\u1eed d\u1ee5ng r\u1ed9ng, v\u00e0 ti\u1ebfng \u1ed3n th\u1ea5p. Ti\u00eau th\u1ee5 n\u0103ng l\u01b0\u1ee3ng th\u1ea5p.<\/p>    <figure class=\"wp-block-image size-full\"><img loading=\"lazy\" decoding=\"async\" width=\"720\" height=\"540\" src=\"https:\/\/shuliybaler.com\/wp-content\/uploads\/2022\/11\/steel-drum-shredder-1.jpg\" alt=\"m\u00e1y nghi\u1ec1n th\u00f9ng th\u00e9p\" class=\"wp-image-2922\" title=\"\" srcset=\"https:\/\/shuliybaler.com\/wp-content\/uploads\/2022\/11\/steel-drum-shredder-1.jpg 720w, https:\/\/shuliybaler.com\/wp-content\/uploads\/2022\/11\/steel-drum-shredder-1-360x270.jpg 360w, https:\/\/shuliybaler.com\/wp-content\/uploads\/2022\/11\/steel-drum-shredder-1-180x135.jpg 180w\" sizes=\"auto, (max-width: 720px) 100vw, 720px\" \/><figcaption class=\"wp-element-caption\">M\u00e1y nghi\u1ec1n th\u00f9ng th\u00e9p<\/figcaption><\/figure>    <h2 class=\"wp-block-heading\">Ph\u1ea1m vi \u1ee9ng d\u1ee5ng c\u1ee7a m\u00e1y nghi\u1ec1n th\u00f9ng th\u00e9p<\/h2>    <figure class=\"wp-block-image size-full\"><img loading=\"lazy\" decoding=\"async\" width=\"720\" height=\"540\" src=\"https:\/\/shuliybaler.com\/wp-content\/uploads\/2022\/11\/application-of-steel-drum-shredder.jpg\" alt=\"\u1ee8ng d\u1ee5ng c\u1ee7a m\u00e1y nghi\u1ec1n th\u00f9ng th\u00e9p\" class=\"wp-image-2923\" title=\"\" srcset=\"https:\/\/shuliybaler.com\/wp-content\/uploads\/2022\/11\/application-of-steel-drum-shredder.jpg 720w, https:\/\/shuliybaler.com\/wp-content\/uploads\/2022\/11\/application-of-steel-drum-shredder-360x270.jpg 360w, https:\/\/shuliybaler.com\/wp-content\/uploads\/2022\/11\/application-of-steel-drum-shredder-180x135.jpg 180w\" sizes=\"auto, (max-width: 720px) 100vw, 720px\" \/><figcaption class=\"wp-element-caption\">\u1ee8ng d\u1ee5ng c\u1ee7a m\u00e1y nghi\u1ec1n th\u00f9ng th\u00e9p<\/figcaption><\/figure>    <p class=\"translation-block\"><strong>Kim lo\u1ea1i<\/strong>: lon, h\u1ed9p kim lo\u1ea1i, xe \u0111\u1ea1p s\u1eaft, v\u1ecf xe \u00f4 t\u00f4<\/p>    <p class=\"translation-block\"><strong>G\u1ed7 v\u1ee5n<\/strong>: \u0111\u1ed3 n\u1ed9i th\u1ea5t b\u1ecf \u0111i, c\u00e0nh c\u00e2y, th\u00e2n c\u00e2y, m\u1ea3nh v\u1ee5n g\u1ed7, pallet g\u1ed7, g\u1ed7 \u0111\u1eb7c,<\/p>    <p>L\u1ed1p cao su: l\u1ed1p xe c\u0169, b\u0103ng t\u1ea3i, ng\u00e0nh c\u00f4ng nghi\u1ec7p \u1ed1ng cao su, s\u1ea3n ph\u1ea9m cao su,<\/p>    <p>Nh\u1ef1a, m\u00e0ng nh\u1ef1a, t\u00fai nh\u1ef1a, t\u00fai d\u1ec7t, chai nh\u1ef1a,<\/p>    <p>\u1ed0ng: \u1ed1ng nh\u1ef1a, \u1ed1ng PE, \u1ed1ng nh\u00f4m kim lo\u1ea1i,<\/p>    <figure class=\"wp-block-image size-full\"><img loading=\"lazy\" decoding=\"async\" width=\"720\" height=\"540\" src=\"https:\/\/shuliybaler.com\/wp-content\/uploads\/2022\/11\/steel-barrels-crusher.jpg\" alt=\"m\u00e1y nghi\u1ec1n th\u00f9ng th\u00e9p\" class=\"wp-image-2925\" title=\"\" srcset=\"https:\/\/shuliybaler.com\/wp-content\/uploads\/2022\/11\/steel-barrels-crusher.jpg 720w, https:\/\/shuliybaler.com\/wp-content\/uploads\/2022\/11\/steel-barrels-crusher-360x270.jpg 360w, https:\/\/shuliybaler.com\/wp-content\/uploads\/2022\/11\/steel-barrels-crusher-180x135.jpg 180w\" sizes=\"auto, (max-width: 720px) 100vw, 720px\" \/><figcaption class=\"wp-element-caption\">M\u00e1y nghi\u1ec1n th\u00f9ng th\u00e9p<\/figcaption><\/figure>    <p>Bao b\u00ec: t\u00fai d\u1ec7t, t\u00fai nh\u1ef1a, r\u00e1c th\u1ea3i nh\u1eadn,<\/p>    <p>\u0110i\u1ec7n t\u1eed: bo m\u1ea1ch \u0111i\u1ec1u khi\u1ec3n t\u1ee7 l\u1ea1nh, v\u1ecf laptop, v\u1ecf TV<\/p>    <p>Gi\u1ea5y: s\u00e1ch c\u0169 v\u00e0 b\u00e1o, t\u1ea1p ch\u00ed, gi\u1ea5y photocopy,<\/p>    <p>Th\u1ecbt: x\u01b0\u01a1ng l\u1ee3n, n\u01b0\u1edbc d\u00f9ng b\u00f2,<\/p>    <p>K\u00ednh: \u1ed1ng nh\u1eb9, c\u1ed1c th\u1ee7y tinh, chai th\u1ee7y tinh<\/p>    <h2 class=\"wp-block-heading\">Vai tr\u00f2 c\u1ee7a m\u00e1y nghi\u1ec1n th\u00f9ng th\u00e9p<\/h2>    <figure class=\"wp-block-image size-full\"><img loading=\"lazy\" decoding=\"async\" width=\"720\" height=\"540\" src=\"https:\/\/shuliybaler.com\/wp-content\/uploads\/2022\/11\/steel-drum-shredder-2.jpg\" alt=\"m\u00e1y nghi\u1ec1n th\u00f9ng th\u00e9p\" class=\"wp-image-2924\" title=\"\" srcset=\"https:\/\/shuliybaler.com\/wp-content\/uploads\/2022\/11\/steel-drum-shredder-2.jpg 720w, https:\/\/shuliybaler.com\/wp-content\/uploads\/2022\/11\/steel-drum-shredder-2-360x270.jpg 360w, https:\/\/shuliybaler.com\/wp-content\/uploads\/2022\/11\/steel-drum-shredder-2-180x135.jpg 180w\" sizes=\"auto, (max-width: 720px) 100vw, 720px\" \/><figcaption class=\"wp-element-caption\">M\u00e1y nghi\u1ec1n th\u00f9ng th\u00e9p<\/figcaption><\/figure>    <p>Ch\u1ee9c n\u0103ng ch\u00ednh c\u1ee7a m\u00e1y nghi\u1ec1n th\u00f9ng s\u1eaft l\u00e0 nghi\u1ec1n nguy\u00ean li\u1ec7u, th\u01b0\u1eddng d\u00f9ng \u0111\u1ec3 x\u1eed l\u00fd nguy\u00ean li\u1ec7u ch\u01b0a qua ch\u1ebf bi\u1ebfn ho\u1eb7c ph\u1ebf li\u1ec7u. K\u00edch th\u01b0\u1edbc s\u1ebd nh\u1ecf h\u01a1n. V\u00ed d\u1ee5, chai nh\u1ef1a b\u1ecb nghi\u1ec1n, l\u1ed1p xe b\u1ecb x\u00e9 nh\u1ecf, r\u1ed3i nung ch\u1ea3y th\u00e0nh h\u1ea1t, d\u00f9ng l\u00e0m nguy\u00ean li\u1ec7u v\u00e0 t\u00e1i ch\u1ebf. M\u00e1y nghi\u1ec1n th\u00f9ng s\u1eaft n\u00e0y c\u0169ng th\u01b0\u1eddng d\u00f9ng \u0111\u1ec3 nghi\u1ec1n c\u00e1c th\u00f9ng s\u1eaft th\u1ea3i, sau \u0111\u00f3 t\u00e1i ch\u1ebf t\u1ea1o gi\u00e1 tr\u1ecb kinh t\u1ebf.<\/p>    <figure class=\"wp-block-image size-full\"><img loading=\"lazy\" decoding=\"async\" width=\"720\" height=\"540\" src=\"https:\/\/shuliybaler.com\/wp-content\/uploads\/2022\/11\/steel-drum-shredder-2-1.jpg\" alt=\"m\u00e1y nghi\u1ec1n th\u00f9ng th\u00e9p\" class=\"wp-image-2929\" title=\"\" srcset=\"https:\/\/shuliybaler.com\/wp-content\/uploads\/2022\/11\/steel-drum-shredder-2-1.jpg 720w, https:\/\/shuliybaler.com\/wp-content\/uploads\/2022\/11\/steel-drum-shredder-2-1-360x270.jpg 360w, https:\/\/shuliybaler.com\/wp-content\/uploads\/2022\/11\/steel-drum-shredder-2-1-180x135.jpg 180w\" sizes=\"auto, (max-width: 720px) 100vw, 720px\" \/><figcaption class=\"wp-element-caption\">M\u00e1y nghi\u1ec1n th\u00f9ng th\u00e9p<\/figcaption><\/figure>    <h2 class=\"wp-block-heading\">Th\u00e0nh ph\u1ea7n c\u1ee7a m\u00e1y nghi\u1ec1n th\u00f9ng th\u00e9p<\/h2>    <figure class=\"wp-block-gallery has-nested-images columns-default is-cropped wp-block-gallery-2 is-layout-flex wp-block-gallery-is-layout-flex\"> <figure class=\"wp-block-image size-large\"><img loading=\"lazy\" decoding=\"async\" width=\"720\" height=\"540\" data-id=\"2918\" src=\"https:\/\/shuliybaler.com\/wp-content\/uploads\/2022\/11\/steel-barrels-crusher-knife.jpg\" alt=\"m\u00e1y nghi\u1ec1n th\u00f9ng th\u00e9p c\u00f3 dao\" class=\"wp-image-2918\" title=\"\" srcset=\"https:\/\/shuliybaler.com\/wp-content\/uploads\/2022\/11\/steel-barrels-crusher-knife.jpg 720w, https:\/\/shuliybaler.com\/wp-content\/uploads\/2022\/11\/steel-barrels-crusher-knife-360x270.jpg 360w, https:\/\/shuliybaler.com\/wp-content\/uploads\/2022\/11\/steel-barrels-crusher-knife-180x135.jpg 180w\" sizes=\"auto, (max-width: 720px) 100vw, 720px\" \/><figcaption class=\"wp-element-caption\">L\u01b0\u1ee1i dao m\u00e1y nghi\u1ec1n th\u00f9ng th\u00e9p<\/figcaption><\/figure>    <figure class=\"wp-block-image size-large\"><img loading=\"lazy\" decoding=\"async\" width=\"720\" height=\"540\" data-id=\"2919\" src=\"https:\/\/shuliybaler.com\/wp-content\/uploads\/2022\/11\/machine-bearing.jpg\" alt=\"m\u00e1y nghi\u1ec1n th\u00f9ng th\u00e9p c\u00f3 bearing\" class=\"wp-image-2919\" title=\"\" srcset=\"https:\/\/shuliybaler.com\/wp-content\/uploads\/2022\/11\/machine-bearing.jpg 720w, https:\/\/shuliybaler.com\/wp-content\/uploads\/2022\/11\/machine-bearing-360x270.jpg 360w, https:\/\/shuliybaler.com\/wp-content\/uploads\/2022\/11\/machine-bearing-180x135.jpg 180w\" sizes=\"auto, (max-width: 720px) 100vw, 720px\" \/><figcaption class=\"wp-element-caption\">\u1ed4 \u0111\u1ee1 m\u00e1y nghi\u1ec1n th\u00f9ng th\u00e9p<\/figcaption><\/figure>    <figure class=\"wp-block-image size-large\"><img loading=\"lazy\" decoding=\"async\" width=\"720\" height=\"540\" data-id=\"2920\" src=\"https:\/\/shuliybaler.com\/wp-content\/uploads\/2022\/11\/steel-barrels-crusher-details.jpg\" alt=\"Chi ti\u1ebft m\u00e1y nghi\u1ec1n th\u00f9ng th\u00e9p\" class=\"wp-image-2920\" title=\"\" srcset=\"https:\/\/shuliybaler.com\/wp-content\/uploads\/2022\/11\/steel-barrels-crusher-details.jpg 720w, https:\/\/shuliybaler.com\/wp-content\/uploads\/2022\/11\/steel-barrels-crusher-details-360x270.jpg 360w, https:\/\/shuliybaler.com\/wp-content\/uploads\/2022\/11\/steel-barrels-crusher-details-180x135.jpg 180w\" sizes=\"auto, (max-width: 720px) 100vw, 720px\" \/><figcaption class=\"wp-element-caption\">Chi ti\u1ebft m\u00e1y nghi\u1ec1n th\u00f9ng th\u00e9p<\/figcaption><\/figure> <\/figure>    <p>M\u00e1y nghi\u1ec1n tr\u1ee5c \u0111\u00f4i l\u00e0 m\u1ed9t lo\u1ea1i thi\u1ebft b\u1ecb nghi\u1ec1n ch\u1ea5t th\u1ea3i r\u1eafn. N\u00f3 ch\u1ee7 y\u1ebfu g\u1ed3m m\u1ed9t tr\u1ee5c dao, m\u1ed9t dao c\u1ed1 \u0111\u1ecbnh, h\u1ed9p ch\u1ecbu t\u1ea3i, h\u1ed9p, gi\u00e1 \u0111\u1ee1, h\u1ec7 th\u1ed1ng c\u1ea5p li\u1ec7u, h\u1ec7 th\u1ed1ng \u0111\u1ea9y th\u1ee7y l\u1ef1c, h\u1ec7 th\u1ed1ng ngu\u1ed3n \u0111i\u1ec7n v\u00e0 h\u1ec7 th\u1ed1ng \u0111i\u1ec1u khi\u1ec3n \u0111\u1ed9ng c\u01a1. Nguy\u00ean li\u1ec7u \u0111i v\u00e0o t\u1eeb tr\u00ean c\u00f9ng c\u1ee7a m\u00e1y, \u0111i qua l\u01b0\u1ee1i dao, v\u00e0 c\u00e1c m\u1ea3nh th\u00f9ng s\u1eaft nghi\u1ec1n n\u00e1t ch\u1ea3y ra t\u1eeb d\u01b0\u1edbi c\u00f9ng c\u1ee7a m\u00e1y. M\u1ed9t b\u0103ng chuy\u1ec1n c\u00f3 th\u1ec3 \u0111\u1eb7t d\u01b0\u1edbi m\u00e1y \u0111\u1ec3 th\u1ef1c hi\u1ec7n qu\u00e1 tr\u00ecnh t\u1ef1 \u0111\u1ed9ng ho\u00e0n to\u00e0n.<\/p>    <figure class=\"wp-block-embed is-type-video is-provider-youtube wp-block-embed-youtube wp-embed-aspect-16-9 wp-has-aspect-ratio\"><div class=\"wp-block-embed__wrapper\"> <iframe loading=\"lazy\" title=\"M\u00e1y nghi\u1ec1n kim lo\u1ea1i c\u00f3 th\u1ec3 nghi\u1ec1n g\u00ec? | m\u00e1y nghi\u1ec1n kim lo\u1ea1i ph\u1ebf li\u1ec7u | m\u00e1y nghi\u1ec1n ph\u1ebf li\u1ec7u\" width=\"500\" height=\"281\" src=\"https:\/\/www.youtube.com\/embed\/Vk_1d0oict8?feature=oembed\" frameborder=\"0\" allow=\"accelerometer; autoplay; clipboard-write; encrypted-media; gyroscope; picture-in-picture; web-share\" referrerpolicy=\"strict-origin-when-cross-origin\" allowfullscreen><\/iframe> <\/div><figcaption class=\"wp-element-caption\">Video v\u1ec1 m\u00e1y nghi\u1ec1n th\u00f9ng th\u00e9p<\/figcaption><\/figure>    <h2 class=\"wp-block-heading\">\u01afu \u0111i\u1ec3m c\u1ee7a m\u00e1y nghi\u1ec1n th\u00f9ng th\u00e9p<\/h2>    <figure class=\"wp-block-image size-full\"><img loading=\"lazy\" decoding=\"async\" width=\"720\" height=\"540\" src=\"https:\/\/shuliybaler.com\/wp-content\/uploads\/2022\/11\/steel-drum-shredder.jpg\" alt=\"m\u00e1y nghi\u1ec1n th\u00f9ng th\u00e9p\" class=\"wp-image-2921\" title=\"\" srcset=\"https:\/\/shuliybaler.com\/wp-content\/uploads\/2022\/11\/steel-drum-shredder.jpg 720w, https:\/\/shuliybaler.com\/wp-content\/uploads\/2022\/11\/steel-drum-shredder-360x270.jpg 360w, https:\/\/shuliybaler.com\/wp-content\/uploads\/2022\/11\/steel-drum-shredder-180x135.jpg 180w\" sizes=\"auto, (max-width: 720px) 100vw, 720px\" \/><figcaption class=\"wp-element-caption\">M\u00e1y nghi\u1ec1n th\u00f9ng th\u00e9p<\/figcaption><\/figure>    <p>1. To\u00e0n b\u1ed9 \u0111\u01b0\u1ee3c h\u01b0\u1edbng d\u1eabn, \u0111\u1ea3m b\u1ea3o \u0111\u1ed9 b\u1ec1n c\u01a1 h\u1ecdc cao v\u00e0 \u0111\u1ed9 ch\u00ednh x\u00e1c trong x\u1eed l\u00fd, k\u00e9o d\u00e0i tu\u1ed5i th\u1ecd c\u1ee7a thi\u1ebft b\u1ecb, v\u00e0 ti\u1ebft ki\u1ec7m chi ph\u00ed b\u1ea3o tr\u00ec<\/p>    <p>2. C\u00f4ng ngh\u1ec7 dao c\u1ed1 \u0111\u1ecbnh th\u00e1o r\u1eddi \u0111\u1ed9c l\u1eadp, m\u1ed7i dao c\u1ed1 \u0111\u1ecbnh c\u00f3 th\u1ec3 th\u00e1o r\u1eddi v\u00e0 l\u1eafp \u0111\u1eb7t ri\u00eang bi\u1ec7t. C\u00f3 th\u1ec3 th\u00e1o r\u1eddi trong th\u1eddi gian ng\u1eafn v\u00e0 nhanh ch\u00f3ng, gi\u1ea3m t\u1ea3i c\u00f4ng vi\u1ec7c th\u1ee7 c\u00f4ng v\u00e0 n\u00e2ng cao t\u00ednh li\u00ean t\u1ee5c c\u1ee7a ho\u1ea1t \u0111\u1ed9ng.<\/p>    <p>3. T\u00f9y ch\u1ec9nh d\u1ee5ng c\u1ee5. L\u01b0\u1ee1i c\u1eaft c\u00f3 th\u1ec3 thay th\u1ebf \u0111\u1ec3 ki\u1ec3m so\u00e1t \u0111\u1ed9 m\u1ecbn c\u1ee7a v\u1eadt li\u1ec7u sau khi nghi\u1ec1n c\u1ee7a m\u00e1y nghi\u1ec1n th\u00f9ng th\u00e9p. Th\u1ef1c hi\u1ec7n s\u1ea3n xu\u1ea5t m\u00e1y c\u00f3 th\u1ec3 ki\u1ec3m so\u00e1t.<\/p>    <figure class=\"wp-block-gallery has-nested-images columns-default is-cropped wp-block-gallery-3 is-layout-flex wp-block-gallery-is-layout-flex\"> <figure class=\"wp-block-image size-large\"><img loading=\"lazy\" decoding=\"async\" width=\"720\" height=\"540\" data-id=\"2926\" src=\"https:\/\/shuliybaler.com\/wp-content\/uploads\/2022\/11\/steel-barrels-crusher-1.jpg\" alt=\"m\u00e1y nghi\u1ec1n th\u00f9ng th\u00e9p\" class=\"wp-image-2926\" title=\"\" srcset=\"https:\/\/shuliybaler.com\/wp-content\/uploads\/2022\/11\/steel-barrels-crusher-1.jpg 720w, https:\/\/shuliybaler.com\/wp-content\/uploads\/2022\/11\/steel-barrels-crusher-1-360x270.jpg 360w, https:\/\/shuliybaler.com\/wp-content\/uploads\/2022\/11\/steel-barrels-crusher-1-180x135.jpg 180w\" sizes=\"auto, (max-width: 720px) 100vw, 720px\" \/><figcaption class=\"wp-element-caption\">M\u00e1y nghi\u1ec1n th\u00f9ng th\u00e9p<\/figcaption><\/figure>    <figure class=\"wp-block-image size-large\"><img loading=\"lazy\" decoding=\"async\" width=\"720\" height=\"540\" data-id=\"2927\" src=\"https:\/\/shuliybaler.com\/wp-content\/uploads\/2022\/11\/steel-barrels-crusher-2.jpg\" alt=\"m\u00e1y nghi\u1ec1n th\u00f9ng th\u00e9p\" class=\"wp-image-2927\" title=\"\" srcset=\"https:\/\/shuliybaler.com\/wp-content\/uploads\/2022\/11\/steel-barrels-crusher-2.jpg 720w, https:\/\/shuliybaler.com\/wp-content\/uploads\/2022\/11\/steel-barrels-crusher-2-360x270.jpg 360w, https:\/\/shuliybaler.com\/wp-content\/uploads\/2022\/11\/steel-barrels-crusher-2-180x135.jpg 180w\" sizes=\"auto, (max-width: 720px) 100vw, 720px\" \/><figcaption class=\"wp-element-caption\">M\u00e1y nghi\u1ec1n th\u00f9ng th\u00e9p<\/figcaption><\/figure>    <figure class=\"wp-block-image size-large\"><img loading=\"lazy\" decoding=\"async\" width=\"720\" height=\"540\" data-id=\"2928\" src=\"https:\/\/shuliybaler.com\/wp-content\/uploads\/2022\/11\/steel-barrels-crusher-3.jpg\" alt=\"m\u00e1y nghi\u1ec1n th\u00f9ng th\u00e9p\" class=\"wp-image-2928\" title=\"\" srcset=\"https:\/\/shuliybaler.com\/wp-content\/uploads\/2022\/11\/steel-barrels-crusher-3.jpg 720w, https:\/\/shuliybaler.com\/wp-content\/uploads\/2022\/11\/steel-barrels-crusher-3-360x270.jpg 360w, https:\/\/shuliybaler.com\/wp-content\/uploads\/2022\/11\/steel-barrels-crusher-3-180x135.jpg 180w\" sizes=\"auto, (max-width: 720px) 100vw, 720px\" \/><figcaption class=\"wp-element-caption\">M\u00e1y nghi\u1ec1n th\u00f9ng th\u00e9p<\/figcaption><\/figure> <\/figure>","protected":false},"excerpt":{"rendered":"<p>M\u00e1y nghi\u1ec1n th\u00f9ng th\u00e9p c\u00f2n g\u1ecdi l\u00e0 m\u00e1y nghi\u1ec1n tr\u1ee5c \u0111\u00f4i. M\u00e1y nghi\u1ec1n th\u00f9ng th\u00e9p n\u00e0y c\u00f3 th\u1ec3 nghi\u1ec1n l\u1ed1p xe, kim lo\u1ea1i, th\u00e9p ph\u1ebf li\u1ec7u, \u00f4 t\u00f4 ph\u1ebf li\u1ec7u, v.v. M\u00e1y nghi\u1ec1n th\u00f9ng th\u00e9p c\u1eaft, nghi\u1ec1n, \u00e9p, v.v. <\/p>","protected":false},"author":1,"featured_media":2917,"parent":0,"template":"","tags":[],"product-type":[46],"class_list":["post-2916","product","type-product","status-publish","has-post-thumbnail","hentry","product-type-metal-shredder"],"_links":{"self":[{"href":"https:\/\/shuliybaler.com\/vi\/wp-json\/wp\/v2\/product\/2916","targetHints":{"allow":["GET"]}}],"collection":[{"href":"https:\/\/shuliybaler.com\/vi\/wp-json\/wp\/v2\/product"}],"about":[{"href":"https:\/\/shuliybaler.com\/vi\/wp-json\/wp\/v2\/types\/product"}],"author":[{"embeddable":true,"href":"https:\/\/shuliybaler.com\/vi\/wp-json\/wp\/v2\/users\/1"}],"wp:featuredmedia":[{"embeddable":true,"href":"https:\/\/shuliybaler.com\/vi\/wp-json\/wp\/v2\/media\/2917"}],"wp:attachment":[{"href":"https:\/\/shuliybaler.com\/vi\/wp-json\/wp\/v2\/media?parent=2916"}],"wp:term":[{"taxonomy":"post_tag","embeddable":true,"href":"https:\/\/shuliybaler.com\/vi\/wp-json\/wp\/v2\/tags?post=2916"},{"taxonomy":"product-type","embeddable":true,"href":"https:\/\/shuliybaler.com\/vi\/wp-json\/wp\/v2\/product-type?post=2916"}],"curies":[{"name":"wp","href":"https:\/\/api.w.org\/{rel}","templated":true}]}}