{"id":2952,"date":"2022-12-01T14:12:42","date_gmt":"2022-12-01T06:12:42","guid":{"rendered":"https:\/\/shuliybaler.com\/?post_type=product&#038;p=2952"},"modified":"2022-12-13T11:30:36","modified_gmt":"2022-12-13T03:30:36","slug":"wood-pallet-shredder-machine","status":"publish","type":"product","link":"https:\/\/shuliybaler.com\/vi\/product\/wood-pallet-shredder-machine\/","title":{"rendered":"M\u00e1y nghi\u1ec1n pallet g\u1ed7 | m\u00e1y nghi\u1ec1n pallet g\u1ed7"},"content":{"rendered":"<p class=\"translation-block\">M\u00e1y nghi\u1ec1n pallet g\u1ed7 \u0111a ch\u1ee9c n\u0103ng n\u00e0y c\u00f3 th\u1ec3 nghi\u1ec1n pallet g\u1ed7, th\u00f9ng s\u1eaft, xe h\u01a1i ph\u1ebf li\u1ec7u, h\u1ed9p carton v\u00e0  l\u1ed1p xe , ch\u1ee7 y\u1ebfu d\u00f9ng trong ng\u00e0nh t\u00e1i ch\u1ebf, m\u00e1y nghi\u1ec1n pallet g\u1ed7 d\u1ec5 v\u1eadn h\u00e0nh v\u00e0 hi\u1ec7u qu\u1ea3, m\u00e1y nghi\u1ec1n pallet g\u1ed7 n\u00e0y c\u00f2n g\u1ecdi l\u00e0 m\u00e1y nghi\u1ec1n tr\u1ee5c \u0111\u00f4i v\u00ec m\u00e1y c\u00f3 hai tr\u1ee5c v\u1edbi dao, ho\u1ea1t \u0111\u1ed9ng c\u00f9ng chi\u1ec1u \u0111\u1ec3 nghi\u1ec1n v\u1eadt li\u1ec7u. M\u00e1y n\u00e0y \u0111ang b\u00e1n r\u1ea5t ch\u1ea1y t\u1ea1i C\u00e1c Ti\u1ec3u v\u01b0\u01a1ng qu\u1ed1c \u1ea2 R\u1eadp Th\u1ed1ng nh\u1ea5t, \u00dac, T\u00e2y Ban Nha, Pakistan, Macedonia, Alg\u00e9rie v\u00e0 c\u00e1c qu\u1ed1c gia kh\u00e1c.<\/p>   <div class=\"wp-block-image\"> <figure class=\"aligncenter size-full\"><img loading=\"lazy\" decoding=\"async\" width=\"720\" height=\"540\" src=\"https:\/\/shuliybaler.com\/wp-content\/uploads\/2022\/12\/wooden-pallet-shredding-machine.webp\" alt=\"m\u00e1y nghi\u1ec1n pallet g\u1ed7\" class=\"wp-image-2960\" title=\"\" srcset=\"https:\/\/shuliybaler.com\/wp-content\/uploads\/2022\/12\/wooden-pallet-shredding-machine.webp 720w, https:\/\/shuliybaler.com\/wp-content\/uploads\/2022\/12\/wooden-pallet-shredding-machine-360x270.webp 360w, https:\/\/shuliybaler.com\/wp-content\/uploads\/2022\/12\/wooden-pallet-shredding-machine-180x135.webp 180w\" sizes=\"auto, (max-width: 720px) 100vw, 720px\" \/><figcaption class=\"wp-element-caption\">m\u00e1y nghi\u1ec1n pallet g\u1ed7<\/figcaption><\/figure> <\/div>   <h2 class=\"wp-block-heading\">Vai tr\u00f2 c\u1ee7a m\u00e1y nghi\u1ec1n pallet g\u1ed7 <\/h2>    <figure class=\"wp-block-gallery has-nested-images columns-default is-cropped wp-block-gallery-2 is-layout-flex wp-block-gallery-is-layout-flex\"> <figure class=\"wp-block-image size-large\"><img loading=\"lazy\" decoding=\"async\" width=\"720\" height=\"540\" data-id=\"2954\" src=\"https:\/\/shuliybaler.com\/wp-content\/uploads\/2022\/12\/wood-pallet.webp\" alt=\"pallet g\u1ed7\" class=\"wp-image-2954\" title=\"\" srcset=\"https:\/\/shuliybaler.com\/wp-content\/uploads\/2022\/12\/wood-pallet.webp 720w, https:\/\/shuliybaler.com\/wp-content\/uploads\/2022\/12\/wood-pallet-360x270.webp 360w, https:\/\/shuliybaler.com\/wp-content\/uploads\/2022\/12\/wood-pallet-180x135.webp 180w\" sizes=\"auto, (max-width: 720px) 100vw, 720px\" \/><figcaption class=\"wp-element-caption\">Pallet g\u1ed7<\/figcaption><\/figure>    <figure class=\"wp-block-image size-large\"><img loading=\"lazy\" decoding=\"async\" width=\"720\" height=\"540\" data-id=\"2955\" src=\"https:\/\/shuliybaler.com\/wp-content\/uploads\/2022\/12\/wood-pallet-crushing.webp\" alt=\"nghi\u1ec1n g\u1ed7\" class=\"wp-image-2955\" title=\"\" srcset=\"https:\/\/shuliybaler.com\/wp-content\/uploads\/2022\/12\/wood-pallet-crushing.webp 720w, https:\/\/shuliybaler.com\/wp-content\/uploads\/2022\/12\/wood-pallet-crushing-360x270.webp 360w, https:\/\/shuliybaler.com\/wp-content\/uploads\/2022\/12\/wood-pallet-crushing-180x135.webp 180w\" sizes=\"auto, (max-width: 720px) 100vw, 720px\" \/><figcaption class=\"wp-element-caption\">Nghi\u1ec1n Pallet G\u1ed7<\/figcaption><\/figure> <\/figure>    <p>Ch\u1ee9c n\u0103ng ch\u00ednh c\u1ee7a m\u00e1y nghi\u1ec1n pallet g\u1ed7 l\u00e0 nghi\u1ec1n ph\u1ebf li\u1ec7u pallet g\u1ed7. Pallet g\u1ed7 nghi\u1ec1n ra c\u00f3 th\u1ec3 d\u00f9ng \u0111\u1ec3 l\u00e0m than ho\u1ea1t t\u00ednh v\u00e0 t\u00e1i s\u1eed d\u1ee5ng. Khi m\u00e1y ho\u1ea1t \u0111\u1ed9ng, c\u00e1c \u0111inh tr\u00ean \u0111\u00f3 c\u00f3 th\u1ec3 \u0111\u01b0\u1ee3c mang \u0111i, v\u00e0 c\u00e1c b\u01b0\u1edbc l\u1ea5y \u0111inh \u0111\u00e3 \u0111\u01b0\u1ee3c b\u1ecf qua. Khi s\u1eed d\u1ee5ng, \u0111\u1eb7t pallet g\u1ed7 tr\u1ef1c ti\u1ebfp t\u1eeb tr\u00ean c\u00f9ng c\u1ee7a m\u00e1y, v\u00e0 m\u00e1y nghi\u1ec1n c\u00f3 th\u1ec3 ra tr\u1ef1c ti\u1ebfp t\u1eeb d\u01b0\u1edbi c\u00f9ng c\u1ee7a m\u00e1y. M\u1ed9t b\u0103ng t\u1ea3i c\u00f3 th\u1ec3 \u0111\u1eb7t d\u01b0\u1edbi m\u00e1y \u0111\u1ec3 s\u1ea3n xu\u1ea5t t\u1ef1 \u0111\u1ed9ng ho\u00e0n to\u00e0n.<\/p>    <figure class=\"wp-block-embed is-type-video is-provider-youtube wp-block-embed-youtube wp-embed-aspect-16-9 wp-has-aspect-ratio\"><div class=\"wp-block-embed__wrapper\"> <iframe loading=\"lazy\" title=\"M\u00e1y nghi\u1ec1n pallet g\u1ed7 th\u1ea3i | m\u00e1y nghi\u1ec1n g\u1ed7 | m\u00e1y nghi\u1ec1n tr\u1ee5c \u0111\u00f4i\" width=\"500\" height=\"281\" src=\"https:\/\/www.youtube.com\/embed\/QUaXAB-KYM4?start=139&#038;feature=oembed\" frameborder=\"0\" allow=\"accelerometer; autoplay; clipboard-write; encrypted-media; gyroscope; picture-in-picture; web-share\" referrerpolicy=\"strict-origin-when-cross-origin\" allowfullscreen><\/iframe> <\/div><figcaption class=\"wp-element-caption\">m\u00e1y nghi\u1ec1n g\u1ed7 <\/figcaption><\/figure>    <h2 class=\"wp-block-heading\">T\u00f9y ch\u1ec9nh dao c\u1eaft pallet g\u1ed7<\/h2>   <div class=\"wp-block-image\"> <figure class=\"aligncenter size-full\"><img loading=\"lazy\" decoding=\"async\" width=\"720\" height=\"540\" src=\"https:\/\/shuliybaler.com\/wp-content\/uploads\/2022\/12\/Wooden-pallet-shredder-knives.jpg\" alt=\"Dao nghi\u1ec1n pallet g\u1ed7 \" class=\"wp-image-2956\" title=\"\" srcset=\"https:\/\/shuliybaler.com\/wp-content\/uploads\/2022\/12\/Wooden-pallet-shredder-knives.jpg 720w, https:\/\/shuliybaler.com\/wp-content\/uploads\/2022\/12\/Wooden-pallet-shredder-knives-360x270.jpg 360w, https:\/\/shuliybaler.com\/wp-content\/uploads\/2022\/12\/Wooden-pallet-shredder-knives-180x135.jpg 180w\" sizes=\"auto, (max-width: 720px) 100vw, 720px\" \/><figcaption class=\"wp-element-caption\">Dao nghi\u1ec1n pallet g\u1ed7 <\/figcaption><\/figure> <\/div>   <p>Vai tr\u00f2 c\u1ee7a dao c\u1eaft kh\u00f4ng ch\u1ec9 \u0111\u1ec3 nghi\u1ec1n pallet g\u1ed7 m\u00e0 c\u00f2n \u0111\u1ec3 ki\u1ec3m so\u00e1t k\u00edch th\u01b0\u1edbc c\u1ee7a pallet g\u1ed7 \u0111\u00e3 nghi\u1ec1n. N\u1ebfu mu\u1ed1n l\u00e0m nh\u1ecf h\u01a1n, c\u00f3 th\u1ec3 th\u00eam nhi\u1ec1u dao h\u01a1n, n\u1ebfu kh\u00f4ng, pallet g\u1ed7 s\u1ebd l\u1edbn h\u01a1n.<\/p>    <h2 class=\"wp-block-heading\">C\u1ea5u tr\u00fac c\u1ee7a m\u00e1y nghi\u1ec1n pallet g\u1ed7<\/h2>   <div class=\"wp-block-image\"> <figure class=\"aligncenter size-full\"><img loading=\"lazy\" decoding=\"async\" width=\"720\" height=\"540\" src=\"https:\/\/shuliybaler.com\/wp-content\/uploads\/2022\/12\/wood-pallet-shredder.webp\" alt=\"m\u00e1y nghi\u1ec1n pallet g\u1ed7\" class=\"wp-image-2957\" title=\"\" srcset=\"https:\/\/shuliybaler.com\/wp-content\/uploads\/2022\/12\/wood-pallet-shredder.webp 720w, https:\/\/shuliybaler.com\/wp-content\/uploads\/2022\/12\/wood-pallet-shredder-360x270.webp 360w, https:\/\/shuliybaler.com\/wp-content\/uploads\/2022\/12\/wood-pallet-shredder-180x135.webp 180w\" sizes=\"auto, (max-width: 720px) 100vw, 720px\" \/><figcaption class=\"wp-element-caption\">m\u00e1y nghi\u1ec1n pallet g\u1ed7<\/figcaption><\/figure> <\/div>   <p class=\"translation-block\">C\u1ea5u tr\u00fac ch\u00ednh c\u1ee7a <a href=\"https:\/\/shuliybaler.com\/vi\/product\/steel-drum-shredder\/\" data-type=\"URL\" data-id=\"https:\/\/shuliybaler.com\/product\/steel-drum-shredder\/\">m\u00e1y nghi\u1ec1n tr\u1ee5c \u0111\u00f4i<\/a> bao g\u1ed3m l\u01b0\u1ee1i dao nghi\u1ec1n, h\u1ed9p s\u1ed1, c\u00e1c th\u00e0nh ph\u1ea7n truy\u1ec1n \u0111\u1ed9ng v\u00e0 h\u1ed9p \u0111i\u1ec7n. Khi m\u00e1y nghi\u1ec1n pallet g\u1ed7 ho\u1ea1t \u0111\u1ed9ng, v\u1eadt li\u1ec7u \u0111\u01b0\u1ee3c \u0111\u01b0a v\u00e0o t\u1eeb tr\u00ean c\u00f9ng c\u1ee7a m\u00e1y, v\u00e0 sau khi b\u1ecb nghi\u1ec1n n\u00e1t, g\u1ed7 s\u1ebd ra t\u1eeb d\u01b0\u1edbi c\u00f9ng c\u1ee7a m\u00e1y. M\u1ed9t b\u0103ng t\u1ea3i c\u00f3 th\u1ec3 \u0111\u01b0\u1ee3c k\u1ebft n\u1ed1i d\u01b0\u1edbi m\u00e1y \u0111\u1ec3 v\u1eadn chuy\u1ec3n b\u1ee5i m\u00f9n t\u1ef1 \u0111\u1ed9ng, v\u00e0 vi\u1ec7c nghi\u1ec1n g\u1ed7 tr\u1edf n\u00ean hi\u1ec7u qu\u1ea3 h\u01a1n.<\/p>    <h2 class=\"wp-block-heading\">Th\u00f4ng s\u1ed1 k\u1ef9 thu\u1eadt c\u1ee7a m\u00e1y nghi\u1ec1n pallet g\u1ed7<\/h2>   <div class=\"wp-block-image\"> <figure class=\"aligncenter size-full\"><img loading=\"lazy\" decoding=\"async\" width=\"720\" height=\"540\" src=\"https:\/\/shuliybaler.com\/wp-content\/uploads\/2022\/12\/wood-pallet-shredder-mahcine.webp\" alt=\"m\u00e1y nghi\u1ec1n pallet g\u1ed7\" class=\"wp-image-2958\" title=\"\" srcset=\"https:\/\/shuliybaler.com\/wp-content\/uploads\/2022\/12\/wood-pallet-shredder-mahcine.webp 720w, https:\/\/shuliybaler.com\/wp-content\/uploads\/2022\/12\/wood-pallet-shredder-mahcine-360x270.webp 360w, https:\/\/shuliybaler.com\/wp-content\/uploads\/2022\/12\/wood-pallet-shredder-mahcine-180x135.webp 180w\" sizes=\"auto, (max-width: 720px) 100vw, 720px\" \/><figcaption class=\"wp-element-caption\">m\u00e1y nghi\u1ec1n pallet g\u1ed7 <\/figcaption><\/figure> <\/div>   <figure class=\"wp-block-table\"><table><tbody><tr><td>M\u1eabu m\u00e3<\/td><td>C\u00f4ng su\u1ea5t (kW)<\/td><td>N\u0103ng su\u1ea5t (t\/h)<\/td><td>S\u1ed1 l\u01b0\u1ee3ng dao (c\u00e1i)<\/td><\/tr><tr><td>400<\/td><td>7.5*2<\/td><td>0.5-1<\/td><td>20<\/td><\/tr><tr><td>600<\/td><td>11*2<\/td><td>1.5-2<\/td><td>30<\/td><\/tr><tr><td>800<\/td><td>18.5*2<\/td><td>2-3<\/td><td>40<\/td><\/tr><tr><td>1000<\/td><td>22*2<\/td><td>4-5<\/td><td>50<\/td><\/tr><tr><td>1200<\/td><td>37*2<\/td><td>5-7<\/td><td>30<\/td><\/tr><tr><td>1400<\/td><td>45*2<\/td><td>8-10<\/td><td>40<\/td><\/tr><tr><td>1600<\/td><td>75*2<\/td><td>12-15<\/td><td>20<\/td><\/tr><tr><td>1800<\/td><td>75*2<\/td><td>15-18<\/td><td>18<\/td><\/tr><tr><td>2000<\/td><td>90*2<\/td><td>20-25<\/td><td>20<\/td><\/tr><\/tbody><\/table><figcaption class=\"wp-element-caption\">Th\u00f4ng s\u1ed1 k\u1ef9 thu\u1eadt c\u1ee7a m\u00e1y nghi\u1ec1n pallet g\u1ed7<\/figcaption><\/figure>    <figure class=\"wp-block-gallery has-nested-images columns-default is-cropped wp-block-gallery-3 is-layout-flex wp-block-gallery-is-layout-flex\"> <figure class=\"wp-block-image size-large\"><img loading=\"lazy\" decoding=\"async\" width=\"720\" height=\"540\" data-id=\"2961\" src=\"https:\/\/shuliybaler.com\/wp-content\/uploads\/2022\/12\/Wood-pallet-shredder-machine-1.webp\" alt=\"M\u00e1y nghi\u1ec1n pallet g\u1ed7 \" class=\"wp-image-2961\" title=\"\" srcset=\"https:\/\/shuliybaler.com\/wp-content\/uploads\/2022\/12\/Wood-pallet-shredder-machine-1.webp 720w, https:\/\/shuliybaler.com\/wp-content\/uploads\/2022\/12\/Wood-pallet-shredder-machine-1-360x270.webp 360w, https:\/\/shuliybaler.com\/wp-content\/uploads\/2022\/12\/Wood-pallet-shredder-machine-1-180x135.webp 180w\" sizes=\"auto, (max-width: 720px) 100vw, 720px\" \/><figcaption class=\"wp-element-caption\">M\u00e1y nghi\u1ec1n pallet g\u1ed7 <\/figcaption><\/figure>    <figure class=\"wp-block-image size-large\"><img loading=\"lazy\" decoding=\"async\" width=\"720\" height=\"540\" data-id=\"2962\" src=\"https:\/\/shuliybaler.com\/wp-content\/uploads\/2022\/12\/Wood-pallet-shredder-machine-2.webp\" alt=\"M\u00e1y nghi\u1ec1n pallet g\u1ed7 \" class=\"wp-image-2962\" title=\"\" srcset=\"https:\/\/shuliybaler.com\/wp-content\/uploads\/2022\/12\/Wood-pallet-shredder-machine-2.webp 720w, https:\/\/shuliybaler.com\/wp-content\/uploads\/2022\/12\/Wood-pallet-shredder-machine-2-360x270.webp 360w, https:\/\/shuliybaler.com\/wp-content\/uploads\/2022\/12\/Wood-pallet-shredder-machine-2-180x135.webp 180w\" sizes=\"auto, (max-width: 720px) 100vw, 720px\" \/><figcaption class=\"wp-element-caption\">M\u00e1y nghi\u1ec1n pallet g\u1ed7 <\/figcaption><\/figure> <\/figure>    <h2 class=\"wp-block-heading\">\u01afu \u0111i\u1ec3m c\u1ee7a m\u00e1y nghi\u1ec1n pallet g\u1ed7 <\/h2>   <div class=\"wp-block-image\"> <figure class=\"aligncenter size-full\"><img loading=\"lazy\" decoding=\"async\" width=\"720\" height=\"540\" src=\"https:\/\/shuliybaler.com\/wp-content\/uploads\/2022\/12\/wooden-pallet-crushing-machine.webp\" alt=\"m\u00e1y nghi\u1ec1n pallet g\u1ed7 \" class=\"wp-image-2959\" title=\"\" srcset=\"https:\/\/shuliybaler.com\/wp-content\/uploads\/2022\/12\/wooden-pallet-crushing-machine.webp 720w, https:\/\/shuliybaler.com\/wp-content\/uploads\/2022\/12\/wooden-pallet-crushing-machine-360x270.webp 360w, https:\/\/shuliybaler.com\/wp-content\/uploads\/2022\/12\/wooden-pallet-crushing-machine-180x135.webp 180w\" sizes=\"auto, (max-width: 720px) 100vw, 720px\" \/><figcaption class=\"wp-element-caption\">m\u00e1y nghi\u1ec1n pallet g\u1ed7 <\/figcaption><\/figure> <\/div>   <p>V\u1ecf m\u00e1y t\u00ednh to\u00e1n \u0111\u1ebfn \u0111i\u1ec1u n\u00e0y. V\u1ecf c\u1ee7a m\u00e1y \u0111\u01b0\u1ee3c l\u00e0m b\u1eb1ng v\u1eadt li\u1ec7u d\u00e0y h\u01a1n, b\u1ec1n b\u1ec9.<\/p>    <p>v\u00e0 hi\u1ec7u qu\u1ea3. \u0110\u01a1n v\u1ecb c\u00f3 m\u1ee9c \u0111\u1ed9 t\u1ef1 \u0111\u1ed9ng h\u00f3a cao, hi\u1ec7u qu\u1ea3 cao v\u00e0 \u00edt nh\u00e2n c\u00f4ng<\/p>    <p class=\"translation-block\"><strong>\u1ee8ng d\u1ee5ng r\u1ed9ng r\u00e3i.<\/strong> C\u00f3 th\u1ec3 d\u00f9ng \u0111\u1ec3 t\u00e1i ch\u1ebf kim lo\u1ea1i, nh\u1ef1a, khay g\u1ed7, gi\u1ea5y th\u1ea3i, v.v.<\/p>    <p class=\"translation-block\"><strong>thi\u1ebft k\u1ebf \u0111\u1ed9c \u0111\u00e1o.<\/strong> Tr\u1ee5c c\u1eaft c\u1ee7a m\u00e1y \u0111\u01b0\u1ee3c thi\u1ebft k\u1ebf sao cho kh\u00f4ng c\u00f3 v\u1eadt li\u1ec7u b\u1ecb qu\u1ea5n ho\u1eb7c k\u1eb9t<\/p>    <p class=\"translation-block\"><strong>Ti\u1ebfng \u1ed3n th\u1ea5p<\/strong>. M\u00e1y ho\u1ea1t \u0111\u1ed9ng \u00eam khi l\u00e0m vi\u1ec7c.<\/p>","protected":false},"excerpt":{"rendered":"<p>M\u00e1y nghi\u1ec1n pallet g\u1ed7 n\u00e0y l\u00e0 m\u1ed9t m\u00e1y nghi\u1ec1n \u0111a ch\u1ee9c n\u0103ng, c\u00f3 th\u1ec3 nghi\u1ec1n pallet g\u1ed7, th\u00f9ng s\u1eaft, xe h\u01a1i ph\u1ebf li\u1ec7u, h\u1ed9p carton v\u00e0 l\u1ed1p xe, ch\u1ee7 y\u1ebfu \u0111\u01b0\u1ee3c s\u1eed d\u1ee5ng trong ng\u00e0nh t\u00e1i ch\u1ebf, m\u00e1y nghi\u1ec1n pallet g\u1ed7 d\u1ec5 v\u1eadn h\u00e0nh v\u00e0 hi\u1ec7u qu\u1ea3.<\/p>","protected":false},"author":1,"featured_media":2953,"parent":0,"template":"","tags":[54],"product-type":[46],"class_list":["post-2952","product","type-product","status-publish","has-post-thumbnail","hentry","tag-wood-pallet-shredder-machine","product-type-metal-shredder"],"_links":{"self":[{"href":"https:\/\/shuliybaler.com\/vi\/wp-json\/wp\/v2\/product\/2952","targetHints":{"allow":["GET"]}}],"collection":[{"href":"https:\/\/shuliybaler.com\/vi\/wp-json\/wp\/v2\/product"}],"about":[{"href":"https:\/\/shuliybaler.com\/vi\/wp-json\/wp\/v2\/types\/product"}],"author":[{"embeddable":true,"href":"https:\/\/shuliybaler.com\/vi\/wp-json\/wp\/v2\/users\/1"}],"wp:featuredmedia":[{"embeddable":true,"href":"https:\/\/shuliybaler.com\/vi\/wp-json\/wp\/v2\/media\/2953"}],"wp:attachment":[{"href":"https:\/\/shuliybaler.com\/vi\/wp-json\/wp\/v2\/media?parent=2952"}],"wp:term":[{"taxonomy":"post_tag","embeddable":true,"href":"https:\/\/shuliybaler.com\/vi\/wp-json\/wp\/v2\/tags?post=2952"},{"taxonomy":"product-type","embeddable":true,"href":"https:\/\/shuliybaler.com\/vi\/wp-json\/wp\/v2\/product-type?post=2952"}],"curies":[{"name":"wp","href":"https:\/\/api.w.org\/{rel}","templated":true}]}}