{"id":2981,"date":"2022-12-12T11:11:28","date_gmt":"2022-12-12T03:11:28","guid":{"rendered":"https:\/\/shuliybaler.com\/?post_type=product&#038;p=2981"},"modified":"2022-12-12T11:34:04","modified_gmt":"2022-12-12T03:34:04","slug":"plastic-shredder-machine","status":"publish","type":"product","link":"https:\/\/shuliybaler.com\/vi\/product\/plastic-shredder-machine\/","title":{"rendered":"M\u00e1y nghi\u1ec1n nh\u1ef1a \u0111\u1ec3 nghi\u1ec1n chai nh\u1ef1a"},"content":{"rendered":"<p>M\u00e1y nghi\u1ec1n nh\u1ef1a l\u00e0 thi\u1ebft b\u1ecb c\u00f3 th\u1ec3 nghi\u1ec1n nh\u1ef1a. M\u00e1y nghi\u1ec1n r\u1ea5t ti\u1ec7n l\u1ee3i cho vi\u1ec7c t\u00e1i ch\u1ebf sau khi nghi\u1ec1n c\u00e1c m\u1ea3nh nh\u1ef1a l\u1edbn. M\u00e1y nghi\u1ec1n nh\u1ef1a c\u00f3 th\u1ec3 nghi\u1ec1n chai nh\u1ef1a, \u1ed1ng nh\u1ef1a, v\u1ecf thi\u1ebft b\u1ecb gia d\u1ee5ng, th\u00f9ng nh\u1ef1a, v.v. M\u00e1y c\u00f3 th\u1ec3 ki\u1ec3m so\u00e1t k\u00edch th\u01b0\u1edbc c\u1ee7a c\u00e1c m\u1ea3nh nh\u1ef1a \u0111\u00e3 nghi\u1ec1n.<\/p>    <figure class=\"wp-block-gallery has-nested-images columns-default is-cropped wp-block-gallery-2 is-layout-flex wp-block-gallery-is-layout-flex\"> <figure class=\"wp-block-image size-large\"><img loading=\"lazy\" decoding=\"async\" width=\"720\" height=\"540\" data-id=\"2983\" src=\"https:\/\/shuliybaler.com\/wp-content\/uploads\/2022\/12\/plastic-shredding-machine-machine.webp\" alt=\"m\u00e1y nghi\u1ec1n nh\u1ef1a\" class=\"wp-image-2983\" title=\"\" srcset=\"https:\/\/shuliybaler.com\/wp-content\/uploads\/2022\/12\/plastic-shredding-machine-machine.webp 720w, https:\/\/shuliybaler.com\/wp-content\/uploads\/2022\/12\/plastic-shredding-machine-machine-360x270.webp 360w, https:\/\/shuliybaler.com\/wp-content\/uploads\/2022\/12\/plastic-shredding-machine-machine-180x135.webp 180w\" sizes=\"auto, (max-width: 720px) 100vw, 720px\" \/><figcaption class=\"wp-element-caption\">M\u00e1y nghi\u1ec1n nh\u1ef1a<\/figcaption><\/figure>    <figure class=\"wp-block-image size-large\"><img loading=\"lazy\" decoding=\"async\" width=\"720\" height=\"540\" data-id=\"2984\" src=\"https:\/\/shuliybaler.com\/wp-content\/uploads\/2022\/12\/after-shredding.webp\" alt=\"sau khi x\u00e9 nh\u1ecf\" class=\"wp-image-2984\" title=\"\" srcset=\"https:\/\/shuliybaler.com\/wp-content\/uploads\/2022\/12\/after-shredding.webp 720w, https:\/\/shuliybaler.com\/wp-content\/uploads\/2022\/12\/after-shredding-360x270.webp 360w, https:\/\/shuliybaler.com\/wp-content\/uploads\/2022\/12\/after-shredding-180x135.webp 180w\" sizes=\"auto, (max-width: 720px) 100vw, 720px\" \/><figcaption class=\"wp-element-caption\">Sau khi nghi\u1ec1n<\/figcaption><\/figure> <\/figure>    <h2 class=\"wp-block-heading\">\u1ee8ng d\u1ee5ng c\u1ee7a m\u00e1y nghi\u1ec1n nh\u1ef1a<\/h2>    <figure class=\"wp-block-gallery has-nested-images columns-2 is-cropped wp-block-gallery-3 is-layout-flex wp-block-gallery-is-layout-flex\"> <figure class=\"wp-block-image size-large\"><img loading=\"lazy\" decoding=\"async\" width=\"720\" height=\"540\" data-id=\"2985\" src=\"https:\/\/shuliybaler.com\/wp-content\/uploads\/2022\/12\/plastic-pipe.webp\" alt=\"\u1ed1ng nh\u1ef1a\" class=\"wp-image-2985\" title=\"\" srcset=\"https:\/\/shuliybaler.com\/wp-content\/uploads\/2022\/12\/plastic-pipe.webp 720w, https:\/\/shuliybaler.com\/wp-content\/uploads\/2022\/12\/plastic-pipe-360x270.webp 360w, https:\/\/shuliybaler.com\/wp-content\/uploads\/2022\/12\/plastic-pipe-180x135.webp 180w\" sizes=\"auto, (max-width: 720px) 100vw, 720px\" \/><figcaption class=\"wp-element-caption\">\u1ed0ng nh\u1ef1a<\/figcaption><\/figure>    <figure class=\"wp-block-image size-large\"><img loading=\"lazy\" decoding=\"async\" width=\"720\" height=\"540\" data-id=\"2986\" src=\"https:\/\/shuliybaler.com\/wp-content\/uploads\/2022\/12\/plastic-barrel.jpg\" alt=\"b\u00ecnh nh\u1ef1a\" class=\"wp-image-2986\" title=\"\" srcset=\"https:\/\/shuliybaler.com\/wp-content\/uploads\/2022\/12\/plastic-barrel.jpg 720w, https:\/\/shuliybaler.com\/wp-content\/uploads\/2022\/12\/plastic-barrel-360x270.jpg 360w, https:\/\/shuliybaler.com\/wp-content\/uploads\/2022\/12\/plastic-barrel-180x135.jpg 180w\" sizes=\"auto, (max-width: 720px) 100vw, 720px\" \/><figcaption class=\"wp-element-caption\">Th\u00f9ng nh\u1ef1a<\/figcaption><\/figure>    <figure class=\"wp-block-image size-large\"><img loading=\"lazy\" decoding=\"async\" width=\"720\" height=\"540\" data-id=\"2987\" src=\"https:\/\/shuliybaler.com\/wp-content\/uploads\/2022\/12\/plastic-bottles.webp\" alt=\"chai nh\u1ef1a\" class=\"wp-image-2987\" title=\"\" srcset=\"https:\/\/shuliybaler.com\/wp-content\/uploads\/2022\/12\/plastic-bottles.webp 720w, https:\/\/shuliybaler.com\/wp-content\/uploads\/2022\/12\/plastic-bottles-360x270.webp 360w, https:\/\/shuliybaler.com\/wp-content\/uploads\/2022\/12\/plastic-bottles-180x135.webp 180w\" sizes=\"auto, (max-width: 720px) 100vw, 720px\" \/><figcaption class=\"wp-element-caption\">Chai nh\u1ef1a<\/figcaption><\/figure>    <figure class=\"wp-block-image size-large\"><img loading=\"lazy\" decoding=\"async\" width=\"720\" height=\"540\" data-id=\"2988\" src=\"https:\/\/shuliybaler.com\/wp-content\/uploads\/2022\/12\/plastic-bottle.jpg\" alt=\"chai n\u01b0\u1edbc u\u1ed1ng\" class=\"wp-image-2988\" title=\"\" srcset=\"https:\/\/shuliybaler.com\/wp-content\/uploads\/2022\/12\/plastic-bottle.jpg 720w, https:\/\/shuliybaler.com\/wp-content\/uploads\/2022\/12\/plastic-bottle-360x270.jpg 360w, https:\/\/shuliybaler.com\/wp-content\/uploads\/2022\/12\/plastic-bottle-180x135.jpg 180w\" sizes=\"auto, (max-width: 720px) 100vw, 720px\" \/><figcaption class=\"wp-element-caption\">Chai u\u1ed1ng n\u01b0\u1edbc<\/figcaption><\/figure> <\/figure>    <p>M\u00e1y nghi\u1ec1n nh\u1ef1a c\u00f2n g\u1ecdi l\u00e0 m\u00e1y nghi\u1ec1n tr\u1ee5c \u0111\u00f4i, ch\u1ee7 y\u1ebfu d\u00f9ng \u0111\u1ec3 nghi\u1ec1n ph\u1ebf li\u1ec7u \u0111\u00e3 qua x\u1eed l\u00fd ho\u1eb7c s\u1ea3n ph\u1ea9m t\u00e1i ch\u1ebf, \u0111\u1eb7c bi\u1ec7t \u0111\u1ec3 nghi\u1ec1n ph\u1ebf li\u1ec7u nh\u1ef1a ho\u1eb7c cao su v\u00e0 s\u1eed d\u1ee5ng ch\u00fang l\u00e0m nguy\u00ean li\u1ec7u \u0111\u1ec3 nung ch\u1ea3y v\u00e0 t\u1ea1o h\u1ea1t l\u1ea1i \u0111\u1ec3 l\u00e0m chai nh\u1ef1a m\u1edbi. L\u1ed1p xe ho\u1eb7c th\u00f9ng r\u00e1c v\u00e0 nhi\u1ec1u h\u01a1n n\u1eefa. M\u00e1y nghi\u1ec1n \u0111\u01b0\u1ee3c s\u1eed d\u1ee5ng trong ng\u00e0nh c\u00f4ng nghi\u1ec7p t\u00e1i ch\u1ebf v\u00e0 t\u00e1i s\u1eed d\u1ee5ng nh\u1ef1a, th\u01b0\u1eddng d\u00f9ng \u0111\u1ec3 nghi\u1ec1n \u1ed1ng nh\u1ef1a PE \u0111\u01b0\u1eddng k\u00ednh l\u1edbn, m\u00e0ng nh\u1ef1a \u0111\u00f3ng g\u00f3i, v\u00e0 c\u00e1c \u0111\u1ed1ng l\u1edbn t\u1ea5m nh\u1ef1a.<\/p>    <h2 class=\"wp-block-heading\">M\u1eabu m\u00e1y nghi\u1ec1n nh\u1ef1a<\/h2>    <figure class=\"wp-block-table\"><table><tbody><tr><td>m\u1eabu m\u00e3<\/td><td>\u0110\u1ed9 d\u00e0y l\u01b0\u1ee1i (mm)<\/td><td>S\u1ed1 l\u01b0\u1ee3ng l\u01b0\u1ee1i dao<\/td><td>C\u00f4ng su\u1ea5t (kW)<\/td><\/tr><tr><td>600<\/td><td>30<\/td><td>20<\/td><td>22*2<\/td><\/tr><tr><td>800<\/td><td>40<\/td><td>20<\/td><td>30*2<\/td><\/tr><tr><td>1000<\/td><td>50<\/td><td>20<\/td><td>37*2<\/td><\/tr><tr><td>1200<\/td><td>50<\/td><td>24<\/td><td>45*2<\/td><\/tr><tr><td>1400<\/td><td>70<\/td><td>24<\/td><td>55*2<\/td><\/tr><\/tbody><\/table><\/figure>    <figure class=\"wp-block-gallery has-nested-images columns-default is-cropped wp-block-gallery-4 is-layout-flex wp-block-gallery-is-layout-flex\"> <figure class=\"wp-block-image size-large\"><img loading=\"lazy\" decoding=\"async\" width=\"720\" height=\"540\" data-id=\"2992\" src=\"https:\/\/shuliybaler.com\/wp-content\/uploads\/2022\/12\/600plastic-bottle-crushing-machine.webp\" alt=\"M\u00e1y nghi\u1ec1n chai nh\u1ef1a 600\" class=\"wp-image-2992\" title=\"\" srcset=\"https:\/\/shuliybaler.com\/wp-content\/uploads\/2022\/12\/600plastic-bottle-crushing-machine.webp 720w, https:\/\/shuliybaler.com\/wp-content\/uploads\/2022\/12\/600plastic-bottle-crushing-machine-360x270.webp 360w, https:\/\/shuliybaler.com\/wp-content\/uploads\/2022\/12\/600plastic-bottle-crushing-machine-180x135.webp 180w\" sizes=\"auto, (max-width: 720px) 100vw, 720px\" \/><figcaption class=\"wp-element-caption\">M\u00e1y nghi\u1ec1n chai nh\u1ef1a 600<\/figcaption><\/figure>    <figure class=\"wp-block-image size-large\"><img loading=\"lazy\" decoding=\"async\" width=\"720\" height=\"540\" data-id=\"2993\" src=\"https:\/\/shuliybaler.com\/wp-content\/uploads\/2022\/12\/800-Plastic-shredder-machine.webp\" alt=\"M\u00e1y nghi\u1ec1n nh\u1ef1a 800\" class=\"wp-image-2993\" title=\"\" srcset=\"https:\/\/shuliybaler.com\/wp-content\/uploads\/2022\/12\/800-Plastic-shredder-machine.webp 720w, https:\/\/shuliybaler.com\/wp-content\/uploads\/2022\/12\/800-Plastic-shredder-machine-360x270.webp 360w, https:\/\/shuliybaler.com\/wp-content\/uploads\/2022\/12\/800-Plastic-shredder-machine-180x135.webp 180w\" sizes=\"auto, (max-width: 720px) 100vw, 720px\" \/><figcaption class=\"wp-element-caption\">M\u00e1y nghi\u1ec1n nh\u1ef1a 800<\/figcaption><\/figure>    <figure class=\"wp-block-image size-large\"><img loading=\"lazy\" decoding=\"async\" width=\"720\" height=\"540\" data-id=\"2994\" src=\"https:\/\/shuliybaler.com\/wp-content\/uploads\/2022\/12\/1000Plastic-shredder-machine.webp\" alt=\"M\u00e1y nghi\u1ec1n nh\u1ef1a 1000\" class=\"wp-image-2994\" title=\"\" srcset=\"https:\/\/shuliybaler.com\/wp-content\/uploads\/2022\/12\/1000Plastic-shredder-machine.webp 720w, https:\/\/shuliybaler.com\/wp-content\/uploads\/2022\/12\/1000Plastic-shredder-machine-360x270.webp 360w, https:\/\/shuliybaler.com\/wp-content\/uploads\/2022\/12\/1000Plastic-shredder-machine-180x135.webp 180w\" sizes=\"auto, (max-width: 720px) 100vw, 720px\" \/><figcaption class=\"wp-element-caption\">M\u00e1y nghi\u1ec1n nh\u1ef1a 1000<\/figcaption><\/figure>    <figure class=\"wp-block-image size-large\"><img loading=\"lazy\" decoding=\"async\" width=\"720\" height=\"540\" data-id=\"2995\" src=\"https:\/\/shuliybaler.com\/wp-content\/uploads\/2022\/12\/1200-Plastic-shredding-machine.webp\" alt=\"M\u00e1y nghi\u1ec1n nh\u1ef1a 1200\" class=\"wp-image-2995\" title=\"\" srcset=\"https:\/\/shuliybaler.com\/wp-content\/uploads\/2022\/12\/1200-Plastic-shredding-machine.webp 720w, https:\/\/shuliybaler.com\/wp-content\/uploads\/2022\/12\/1200-Plastic-shredding-machine-360x270.webp 360w, https:\/\/shuliybaler.com\/wp-content\/uploads\/2022\/12\/1200-Plastic-shredding-machine-180x135.webp 180w\" sizes=\"auto, (max-width: 720px) 100vw, 720px\" \/><figcaption class=\"wp-element-caption\">M\u00e1y nghi\u1ec1n nh\u1ef1a 1200<\/figcaption><\/figure> <\/figure>    <h2 class=\"wp-block-heading\">Nguy\u00ean l\u00fd ho\u1ea1t \u0111\u1ed9ng c\u1ee7a m\u00e1y nghi\u1ec1n nh\u1ef1a<\/h2>    <figure class=\"wp-block-gallery has-nested-images columns-default is-cropped wp-block-gallery-5 is-layout-flex wp-block-gallery-is-layout-flex\"> <figure class=\"wp-block-image size-large\"><img loading=\"lazy\" decoding=\"async\" width=\"720\" height=\"540\" data-id=\"2989\" src=\"https:\/\/shuliybaler.com\/wp-content\/uploads\/2022\/12\/plastic-shredder-knives.webp\" alt=\"Dao c\u1eaft nh\u1ef1a\" class=\"wp-image-2989\" title=\"\" srcset=\"https:\/\/shuliybaler.com\/wp-content\/uploads\/2022\/12\/plastic-shredder-knives.webp 720w, https:\/\/shuliybaler.com\/wp-content\/uploads\/2022\/12\/plastic-shredder-knives-360x270.webp 360w, https:\/\/shuliybaler.com\/wp-content\/uploads\/2022\/12\/plastic-shredder-knives-180x135.webp 180w\" sizes=\"auto, (max-width: 720px) 100vw, 720px\" \/><figcaption class=\"wp-element-caption\">Dao nghi\u1ec1n nh\u1ef1a<\/figcaption><\/figure>    <figure class=\"wp-block-image size-large\"><img loading=\"lazy\" decoding=\"async\" width=\"720\" height=\"540\" data-id=\"2990\" src=\"https:\/\/shuliybaler.com\/wp-content\/uploads\/2022\/12\/knife-teeth.webp\" alt=\"R\u0103ng dao\" class=\"wp-image-2990\" title=\"\" srcset=\"https:\/\/shuliybaler.com\/wp-content\/uploads\/2022\/12\/knife-teeth.webp 720w, https:\/\/shuliybaler.com\/wp-content\/uploads\/2022\/12\/knife-teeth-360x270.webp 360w, https:\/\/shuliybaler.com\/wp-content\/uploads\/2022\/12\/knife-teeth-180x135.webp 180w\" sizes=\"auto, (max-width: 720px) 100vw, 720px\" \/><figcaption class=\"wp-element-caption\">R\u0103ng dao dao<\/figcaption><\/figure> <\/figure>    <p>S\u1ea3n ph\u1ea9m nh\u1ef1a \u0111i v\u00e0o b\u00ean trong h\u1ed9p nghi\u1ec1n, \u0111i qua l\u01b0\u1ee1i dao c\u1ee7a m\u00e1y nghi\u1ec1n, v\u00e0 tr\u1ea3i qua s\u1ef1 k\u1ebft h\u1ee3p c\u1ee7a \u00e9p v\u00e0 c\u1eaft \u0111\u1ec3 t\u1ea1o th\u00e0nh c\u00e1c m\u1ea3nh nh\u1ecf c\u1ee7a v\u1eadt li\u1ec7u. Sau khi nghi\u1ec1n xong, v\u1eadt li\u1ec7u \u0111\u01b0\u1ee3c x\u1ea3 ra t\u1eeb ph\u00eda d\u01b0\u1edbi c\u1ee7a m\u00e1y.<\/p>    <figure class=\"wp-block-embed is-type-video is-provider-youtube wp-block-embed-youtube wp-embed-aspect-16-9 wp-has-aspect-ratio\"><div class=\"wp-block-embed__wrapper\"> <iframe loading=\"lazy\" title=\"M\u00e1y nghi\u1ec1n nh\u1ef1a si\u00eau m\u1ea1nh nghi\u1ec1n t\u1ea5t c\u1ea3 c\u00e1c s\u1ea3n ph\u1ea9m nh\u1ef1a#shorts\" width=\"500\" height=\"281\" src=\"https:\/\/www.youtube.com\/embed\/CwBs3wEBitY?feature=oembed\" frameborder=\"0\" allow=\"accelerometer; autoplay; clipboard-write; encrypted-media; gyroscope; picture-in-picture; web-share\" referrerpolicy=\"strict-origin-when-cross-origin\" allowfullscreen><\/iframe> <\/div><\/figure>    <h2 class=\"wp-block-heading\">Gi\u1edbi thi\u1ec7u c\u00f4ng ty Shuliy<\/h2>   <div class=\"wp-block-image\"> <figure class=\"aligncenter size-full\"><img loading=\"lazy\" decoding=\"async\" width=\"720\" height=\"540\" src=\"https:\/\/shuliybaler.com\/wp-content\/uploads\/2022\/12\/plastic-shredder-machine-delivery.webp\" alt=\"Giao h\u00e0ng m\u00e1y nghi\u1ec1n nh\u1ef1a\" class=\"wp-image-2991\" title=\"\" srcset=\"https:\/\/shuliybaler.com\/wp-content\/uploads\/2022\/12\/plastic-shredder-machine-delivery.webp 720w, https:\/\/shuliybaler.com\/wp-content\/uploads\/2022\/12\/plastic-shredder-machine-delivery-360x270.webp 360w, https:\/\/shuliybaler.com\/wp-content\/uploads\/2022\/12\/plastic-shredder-machine-delivery-180x135.webp 180w\" sizes=\"auto, (max-width: 720px) 100vw, 720px\" \/><figcaption class=\"wp-element-caption\">Giao h\u00e0ng m\u00e1y nghi\u1ec1n nh\u1ef1a<\/figcaption><\/figure> <\/div>   <p>C\u00f4ng ty Shuliy l\u00e0 m\u1ed9t c\u00f4ng ty thi\u1ebft b\u1ecb x\u1eed l\u00fd kim lo\u1ea1i. C\u00e1c thi\u1ebft b\u1ecb ch\u00ednh c\u1ee7a h\u1ecd bao g\u1ed3m m\u00e1y n\u00e9n kim lo\u1ea1i, c\u00f3 th\u1ec3 n\u00e9n kim lo\u1ea1i v\u00e0 \u0111\u00f3ng g\u00f3i th\u00e0nh kh\u1ed1i kim lo\u1ea1i; k\u00e9o c\u1eaft kim lo\u1ea1i c\u00f3 th\u1ec3 c\u1eaft v\u1ee5n kim lo\u1ea1i th\u00e0nh k\u00edch th\u01b0\u1edbc y\u00eau c\u1ea7u, v\u00e0 m\u00e1y \u00e9p kim lo\u1ea1i c\u00f3 th\u1ec3 \u00e9p v\u1ee5n kim lo\u1ea1i th\u00e0nh t\u1eebng m\u1ea3nh; m\u00e1y nghi\u1ec1n nh\u1ef1a kim lo\u1ea1i n\u00e0y \u0111a n\u0103ng h\u01a1n v\u00e0 c\u00f3 th\u1ec3 nghi\u1ec1n b\u1ea5t k\u1ef3 v\u1eadt li\u1ec7u n\u00e0o, ch\u1ec9 c\u1ea7n b\u1ecf v\u1eadt li\u1ec7u v\u00e0o m\u00e1y, v\u00e0 v\u1eadt li\u1ec7u s\u1ebd b\u1ecb nghi\u1ec1n. C\u00e1c m\u00e1y nghi\u1ec1n kim lo\u1ea1i l\u00e0 thi\u1ebft b\u1ecb thi\u1ebft y\u1ebfu trong ng\u00e0nh c\u00f4ng nghi\u1ec7p t\u00e1i ch\u1ebf.<\/p>    <h2 class=\"wp-block-heading\">C\u00e2u h\u1ecfi th\u01b0\u1eddng g\u1eb7p<\/h2>   <div id=\"rank-math-faq\" class=\"rank-math-block\"> <div class=\"rank-math-list\"> <div id=\"faq-question-1670810085633\" class=\"rank-math-list-item\"> <h3 class=\"rank-math-question\">C\u00f3 nh\u1eefng lo\u1ea1i m\u00e1y nghi\u1ec1n n\u00e0o? L\u00e0m th\u1ebf n\u00e0o \u0111\u1ec3 ph\u00e2n bi\u1ec7t?<\/h3> <div class=\"rank-math-answer\">  <p>C\u00e1c lo\u1ea1i m\u00e1y nghi\u1ec1n g\u1ed3m 600, 800, 1000, 1200, 1500, 2000, v.v. C\u00e1c m\u1eabu m\u00e3 \u0111\u01b0\u1ee3c ph\u00e2n bi\u1ec7t theo k\u00edch th\u01b0\u1edbc c\u1ee7a h\u1ed9p dao v\u00e0 c\u00f3 th\u1ec3 t\u00f9y ch\u1ec9nh theo y\u00eau c\u1ea7u.<\/p>  <\/div> <\/div> <div id=\"faq-question-1670810109596\" class=\"rank-math-list-item\"> <h3 class=\"rank-math-question\">M\u00e1y nghi\u1ec1n nh\u1ef1a c\u00f3 th\u1ec3 x\u1eed l\u00fd c\u00e1c v\u1eadt li\u1ec7u n\u00e0o?<\/h3> <div class=\"rank-math-answer\">  <p>M\u00e1y nghi\u1ec1n c\u00f3 th\u1ec3 x\u1eed l\u00fd c\u00e1c v\u1eadt li\u1ec7u nh\u01b0 kim lo\u1ea1i, s\u1eaft v\u1ee5n, nh\u1ef1a, r\u00e1c th\u1ea3i gia \u0111\u00ecnh, qu\u1ea7n \u00e1o c\u0169, l\u1ed1p xe cao su, v.v. N\u00f3 thu\u1ed9c lo\u1ea1i thi\u1ebft b\u1ecb nghi\u1ec1n \u0111a ch\u1ee9c n\u0103ng.<\/p>  <\/div> <\/div> <div id=\"faq-question-1670810156676\" class=\"rank-math-list-item\"> <h3 class=\"rank-math-question\">M\u00e1y nghi\u1ec1n nh\u1ef1a c\u00f3 g\u00e2y \u1ed3n kh\u00f4ng?<\/h3> <div class=\"rank-math-answer\">  <p>M\u00e1y nghi\u1ec1n nh\u1ef1a kh\u00f4ng g\u00e2y ti\u1ebfng \u1ed3n, l\u00e0 thi\u1ebft b\u1ecb kh\u00e1 y\u00ean t\u0129nh, kh\u00f4ng g\u00e2y \u00f4 nhi\u1ec5m.<\/p>  <\/div> <\/div> <\/div> <\/div>","protected":false},"excerpt":{"rendered":"<p>The plastic shredder machine is a device that can crush plastic. The shredder is convenient for recycling after crushing large pieces of plastic. The plastic shredder can shred plastic bottles, plastic pipes, home appliance shells, plastic buckets, etc. The machine can Control the size of the crushed plastic flakes. Application of plastic shredder machine Plastic [&hellip;]<\/p>\n","protected":false},"author":1,"featured_media":2982,"parent":0,"template":"","tags":[52],"product-type":[46],"class_list":["post-2981","product","type-product","status-publish","has-post-thumbnail","hentry","tag-plastic-shredder-machine","product-type-metal-shredder"],"_links":{"self":[{"href":"https:\/\/shuliybaler.com\/vi\/wp-json\/wp\/v2\/product\/2981","targetHints":{"allow":["GET"]}}],"collection":[{"href":"https:\/\/shuliybaler.com\/vi\/wp-json\/wp\/v2\/product"}],"about":[{"href":"https:\/\/shuliybaler.com\/vi\/wp-json\/wp\/v2\/types\/product"}],"author":[{"embeddable":true,"href":"https:\/\/shuliybaler.com\/vi\/wp-json\/wp\/v2\/users\/1"}],"wp:featuredmedia":[{"embeddable":true,"href":"https:\/\/shuliybaler.com\/vi\/wp-json\/wp\/v2\/media\/2982"}],"wp:attachment":[{"href":"https:\/\/shuliybaler.com\/vi\/wp-json\/wp\/v2\/media?parent=2981"}],"wp:term":[{"taxonomy":"post_tag","embeddable":true,"href":"https:\/\/shuliybaler.com\/vi\/wp-json\/wp\/v2\/tags?post=2981"},{"taxonomy":"product-type","embeddable":true,"href":"https:\/\/shuliybaler.com\/vi\/wp-json\/wp\/v2\/product-type?post=2981"}],"curies":[{"name":"wp","href":"https:\/\/api.w.org\/{rel}","templated":true}]}}