{"id":3004,"date":"2022-12-13T10:54:05","date_gmt":"2022-12-13T02:54:05","guid":{"rendered":"https:\/\/shuliybaler.com\/?post_type=product&#038;p=3004"},"modified":"2025-02-08T15:25:37","modified_gmt":"2025-02-08T07:25:37","slug":"scrap-copper-wire-shredder","status":"publish","type":"product","link":"https:\/\/shuliybaler.com\/vi\/product\/scrap-copper-wire-shredder\/","title":{"rendered":"M\u00e1y nghi\u1ec1n d\u00e2y \u0111\u1ed3ng ph\u1ebf li\u1ec7u | M\u00e1y nghi\u1ec1n b\u1ea3ng c\u00e1p"},"content":{"rendered":"<p class=\"translation-block\">M\u1ed9t m\u00e1y x\u00e9 d\u00e2y \u0111\u1ed3ng l\u00e0 m\u00e1y \u0111\u1ec3 x\u00e9 c\u00e1p. M\u00e1y n\u00e0y <a href=\"https:\/\/shuliybaler.com\/vi\/product\/scrap-metal-shredder-machine\/\" data-type=\"URL\" data-id=\"https:\/\/shuliybaler.com\/product\/scrap-metal-shredder-machine\/\">m\u00e1y x\u00e9 d\u00e2y \u0111\u1ed3ng ph\u1ebf li\u1ec7u <\/a> c\u00f3 th\u1ec3 x\u00e9 c\u1ea3 d\u00e2y v\u00e0 b\u1ea3ng c\u00e1p. R\u1ea5t ph\u00f9 h\u1ee3p cho ng\u00e0nh c\u00f4ng nghi\u1ec7p t\u00e1i ch\u1ebf c\u00e1p. M\u00e1y \u0111\u01b0\u1ee3c thi\u1ebft k\u1ebf v\u1edbi hai tr\u1ee5c v\u00e0 c\u00f3 hi\u1ec7u su\u1ea5t l\u00e0m vi\u1ec7c cao.<\/p>    <figure class=\"wp-block-gallery has-nested-images columns-default is-cropped wp-block-gallery-2 is-layout-flex wp-block-gallery-is-layout-flex\"> <figure class=\"wp-block-image size-large\"><img loading=\"lazy\" decoding=\"async\" width=\"720\" height=\"540\" data-id=\"3006\" src=\"https:\/\/shuliybaler.com\/wp-content\/uploads\/2022\/12\/copper-wire-shredder.webp\" alt=\"m\u00e1y nghi\u1ec1n d\u00e2y \u0111\u1ed3ng\" class=\"wp-image-3006\" title=\"\" srcset=\"https:\/\/shuliybaler.com\/wp-content\/uploads\/2022\/12\/copper-wire-shredder.webp 720w, https:\/\/shuliybaler.com\/wp-content\/uploads\/2022\/12\/copper-wire-shredder-360x270.webp 360w, https:\/\/shuliybaler.com\/wp-content\/uploads\/2022\/12\/copper-wire-shredder-180x135.webp 180w\" sizes=\"auto, (max-width: 720px) 100vw, 720px\" \/><figcaption class=\"wp-element-caption\">M\u00e1y x\u00e9 d\u00e2y \u0111\u1ed3ng<\/figcaption><\/figure>    <figure class=\"wp-block-image size-large\"><img loading=\"lazy\" decoding=\"async\" width=\"720\" height=\"540\" data-id=\"3007\" src=\"https:\/\/shuliybaler.com\/wp-content\/uploads\/2022\/12\/copper-wire.webp\" alt=\"m\u00e1y nghi\u1ec1n d\u00e2y \u0111\u1ed3ng\" class=\"wp-image-3007\" title=\"\" srcset=\"https:\/\/shuliybaler.com\/wp-content\/uploads\/2022\/12\/copper-wire.webp 720w, https:\/\/shuliybaler.com\/wp-content\/uploads\/2022\/12\/copper-wire-360x270.webp 360w, https:\/\/shuliybaler.com\/wp-content\/uploads\/2022\/12\/copper-wire-180x135.webp 180w\" sizes=\"auto, (max-width: 720px) 100vw, 720px\" \/><figcaption class=\"wp-element-caption\">M\u00e1y x\u00e9 d\u00e2y \u0111\u1ed3ng<\/figcaption><\/figure> <\/figure>    <p>M\u00e1y x\u00e9 d\u00e2y \u0111\u1ed3ng c\u0169ng c\u00f3 th\u1ec3 nghi\u1ec1n kim lo\u1ea1i ph\u1ebf li\u1ec7u, th\u00f9ng s\u1eaft, nh\u1ef1a, b\u00eca c\u1ee9ng, g\u1ed7 v\u00e0 c\u00e1c v\u1eadt li\u1ec7u kh\u00e1c, \u0111\u01b0\u1ee3c s\u1eed d\u1ee5ng r\u1ed9ng r\u00e3i v\u00e0 b\u1ec1n. M\u00e1y nghi\u1ec1n b\u1ea3ng c\u00e1p n\u00e0y r\u1ea5t ph\u1ed5 bi\u1ebfn \u1edf B\u1ec9, Chile, Nam Phi, Canada v\u00e0 Morocco.<\/p>   <div class=\"wp-block-image\"> <figure class=\"aligncenter size-full\"><img loading=\"lazy\" decoding=\"async\" width=\"720\" height=\"540\" src=\"https:\/\/shuliybaler.com\/wp-content\/uploads\/2022\/12\/shredder-material.webp\" alt=\"V\u1eadt li\u1ec7u x\u00e9\" class=\"wp-image-3012\" title=\"\" srcset=\"https:\/\/shuliybaler.com\/wp-content\/uploads\/2022\/12\/shredder-material.webp 720w, https:\/\/shuliybaler.com\/wp-content\/uploads\/2022\/12\/shredder-material-360x270.webp 360w, https:\/\/shuliybaler.com\/wp-content\/uploads\/2022\/12\/shredder-material-180x135.webp 180w\" sizes=\"auto, (max-width: 720px) 100vw, 720px\" \/><figcaption class=\"wp-element-caption\">V\u1eadt li\u1ec7u x\u00e9<\/figcaption><\/figure> <\/div>   <h2 class=\"wp-block-heading\">T\u1ea1i sao l\u1ea1i t\u00e1i ch\u1ebf d\u00e2y\uff1f<\/h2>    <h3 class=\"wp-block-heading\">D\u00e2y \u0111\u1ed3ng c\u00f3 gi\u00e1 tr\u1ecb cao<\/h3>    <figure class=\"wp-block-gallery has-nested-images columns-default is-cropped wp-block-gallery-3 is-layout-flex wp-block-gallery-is-layout-flex\"> <figure class=\"wp-block-image size-large\"><img loading=\"lazy\" decoding=\"async\" width=\"720\" height=\"540\" data-id=\"3008\" src=\"https:\/\/shuliybaler.com\/wp-content\/uploads\/2022\/12\/copper-wire-1.webp\" alt=\"D\u00e2y \u0111\u1ed3ng\" class=\"wp-image-3008\" title=\"\" srcset=\"https:\/\/shuliybaler.com\/wp-content\/uploads\/2022\/12\/copper-wire-1.webp 720w, https:\/\/shuliybaler.com\/wp-content\/uploads\/2022\/12\/copper-wire-1-360x270.webp 360w, https:\/\/shuliybaler.com\/wp-content\/uploads\/2022\/12\/copper-wire-1-180x135.webp 180w\" sizes=\"auto, (max-width: 720px) 100vw, 720px\" \/><figcaption class=\"wp-element-caption\">D\u00e2y \u0111\u1ed3ng<\/figcaption><\/figure>    <figure class=\"wp-block-image size-large\"><img loading=\"lazy\" decoding=\"async\" width=\"720\" height=\"540\" data-id=\"3009\" src=\"https:\/\/shuliybaler.com\/wp-content\/uploads\/2022\/12\/copper-wire-after-shredder.webp\" alt=\"D\u00e2y \u0111\u1ed3ng sau khi nghi\u1ec1n\" class=\"wp-image-3009\" title=\"\" srcset=\"https:\/\/shuliybaler.com\/wp-content\/uploads\/2022\/12\/copper-wire-after-shredder.webp 720w, https:\/\/shuliybaler.com\/wp-content\/uploads\/2022\/12\/copper-wire-after-shredder-360x270.webp 360w, https:\/\/shuliybaler.com\/wp-content\/uploads\/2022\/12\/copper-wire-after-shredder-180x135.webp 180w\" sizes=\"auto, (max-width: 720px) 100vw, 720px\" \/><figcaption class=\"wp-element-caption\">D\u00e2y \u0111\u1ed3ng sau khi x\u00e9<\/figcaption><\/figure> <\/figure>    <p>Nhi\u1ec1u d\u00e2y l\u00e0 d\u00e2y \u0111\u1ed3ng, d\u00e2y r\u1ea5t n\u1eb7ng do kim lo\u1ea1i trong d\u00e2y, v\u00e0 \u0111\u1ed3ng r\u1ea5t qu\u00fd v\u00ec \u0111\u1ed3ng l\u00e0 kim lo\u1ea1i kh\u00f4ng t\u00e1i t\u1ea1o. V\u00ec v\u1eady, n\u00f3 c\u00f3 gi\u00e1 tr\u1ecb t\u00e1i ch\u1ebf cao.<\/p>    <h3 class=\"wp-block-heading\">S\u1ea3n l\u01b0\u1ee3ng cao c\u1ee7a vi\u1ec7c t\u00e1i ch\u1ebf d\u00e2y<\/h3>    <figure class=\"wp-block-gallery has-nested-images columns-default is-cropped wp-block-gallery-4 is-layout-flex wp-block-gallery-is-layout-flex\"> <figure class=\"wp-block-image size-large\"><img loading=\"lazy\" decoding=\"async\" width=\"720\" height=\"540\" data-id=\"3010\" src=\"https:\/\/shuliybaler.com\/wp-content\/uploads\/2022\/12\/cable-board.webp\" alt=\"b\u1ea3ng m\u1ea1ch\" class=\"wp-image-3010\" title=\"\" srcset=\"https:\/\/shuliybaler.com\/wp-content\/uploads\/2022\/12\/cable-board.webp 720w, https:\/\/shuliybaler.com\/wp-content\/uploads\/2022\/12\/cable-board-360x270.webp 360w, https:\/\/shuliybaler.com\/wp-content\/uploads\/2022\/12\/cable-board-180x135.webp 180w\" sizes=\"auto, (max-width: 720px) 100vw, 720px\" \/><figcaption class=\"wp-element-caption\">B\u1ea3ng c\u00e1p<\/figcaption><\/figure>    <figure class=\"wp-block-image size-large\"><img loading=\"lazy\" decoding=\"async\" width=\"720\" height=\"540\" data-id=\"3011\" src=\"https:\/\/shuliybaler.com\/wp-content\/uploads\/2022\/12\/cable-board-after-crushing.webp\" alt=\"B\u1ea3ng m\u1ea1ch sau khi nghi\u1ec1n\" class=\"wp-image-3011\" title=\"\" srcset=\"https:\/\/shuliybaler.com\/wp-content\/uploads\/2022\/12\/cable-board-after-crushing.webp 720w, https:\/\/shuliybaler.com\/wp-content\/uploads\/2022\/12\/cable-board-after-crushing-360x270.webp 360w, https:\/\/shuliybaler.com\/wp-content\/uploads\/2022\/12\/cable-board-after-crushing-180x135.webp 180w\" sizes=\"auto, (max-width: 720px) 100vw, 720px\" \/><figcaption class=\"wp-element-caption\">B\u1ea3ng c\u00e1p sau khi nghi\u1ec1n<\/figcaption><\/figure> <\/figure>    <p>V\u00ec l\u1edbp v\u1ecf b\u1ecb h\u1ecfng ho\u1eb7c s\u1eed d\u1ee5ng l\u00e2u, c\u00e1c d\u00e2y n\u00e0y s\u1ebd b\u1ecb lo\u1ea1i b\u1ecf, do \u0111\u00f3 t\u1ef7 l\u1ec7 t\u00e1i ch\u1ebf cao v\u00e0 c\u00f3 th\u1ec3 m\u1edf r\u1ed9ng quy m\u00f4.<\/p>    <h2 class=\"wp-block-heading\">Vai tr\u00f2 c\u1ee7a m\u00e1y nghi\u1ec1n b\u1ea3ng c\u00e1p trong ng\u00e0nh c\u00e1p<\/h2>    <figure class=\"wp-block-gallery has-nested-images columns-default is-cropped wp-block-gallery-5 is-layout-flex wp-block-gallery-is-layout-flex\"> <figure class=\"wp-block-image size-large\"><img loading=\"lazy\" decoding=\"async\" width=\"720\" height=\"540\" data-id=\"3013\" src=\"https:\/\/shuliybaler.com\/wp-content\/uploads\/2022\/12\/cable-board-crushing-machine-knife.webp\" alt=\"B\u1ea3ng m\u1ea1ch sau khi nghi\u1ec1n\" class=\"wp-image-3013\" title=\"\" srcset=\"https:\/\/shuliybaler.com\/wp-content\/uploads\/2022\/12\/cable-board-crushing-machine-knife.webp 720w, https:\/\/shuliybaler.com\/wp-content\/uploads\/2022\/12\/cable-board-crushing-machine-knife-360x270.webp 360w, https:\/\/shuliybaler.com\/wp-content\/uploads\/2022\/12\/cable-board-crushing-machine-knife-180x135.webp 180w\" sizes=\"auto, (max-width: 720px) 100vw, 720px\" \/><figcaption class=\"wp-element-caption\">M\u00e1y nghi\u1ec1n b\u1ea3ng c\u00e1p<\/figcaption><\/figure>    <figure class=\"wp-block-image size-large\"><img loading=\"lazy\" decoding=\"async\" width=\"720\" height=\"540\" data-id=\"3014\" src=\"https:\/\/shuliybaler.com\/wp-content\/uploads\/2022\/12\/cable-board-crushing-machine.webp\" alt=\"B\u1ea3ng m\u1ea1ch sau khi nghi\u1ec1n\" class=\"wp-image-3014\" title=\"\" srcset=\"https:\/\/shuliybaler.com\/wp-content\/uploads\/2022\/12\/cable-board-crushing-machine.webp 720w, https:\/\/shuliybaler.com\/wp-content\/uploads\/2022\/12\/cable-board-crushing-machine-360x270.webp 360w, https:\/\/shuliybaler.com\/wp-content\/uploads\/2022\/12\/cable-board-crushing-machine-180x135.webp 180w\" sizes=\"auto, (max-width: 720px) 100vw, 720px\" \/><figcaption class=\"wp-element-caption\">M\u00e1y nghi\u1ec1n b\u1ea3ng c\u00e1p<\/figcaption><\/figure> <\/figure>    <p>Khi t\u00e1i ch\u1ebf c\u00e1p, kim lo\u1ea1i b\u00ean trong ch\u1ee7 y\u1ebfu \u0111\u01b0\u1ee3c thu h\u1ed3i, nh\u01b0ng s\u1ebd c\u00f3 d\u00e2y c\u00e1ch \u0111i\u1ec7n b\u00ean ngo\u00e0i d\u00e2y, c\u1ea7n ph\u1ea3i t\u00e1ch ra. Vi\u1ec7c nghi\u1ec1n d\u00e2y l\u00e0 b\u01b0\u1edbc \u0111\u1ea7u ti\u00ean trong qu\u00e1 tr\u00ecnh x\u1eed l\u00fd c\u00e1p.<\/p>    <h2 class=\"wp-block-heading\">Ch\u1ebf \u0111\u1ed9 c\u00f4ng su\u1ea5t c\u1ee7a m\u00e1y x\u00e9 d\u00e2y \u0111\u1ed3ng<\/h2>    <figure class=\"wp-block-gallery has-nested-images columns-default is-cropped wp-block-gallery-6 is-layout-flex wp-block-gallery-is-layout-flex\"> <figure class=\"wp-block-image size-large\"><img loading=\"lazy\" decoding=\"async\" width=\"720\" height=\"540\" data-id=\"3015\" src=\"https:\/\/shuliybaler.com\/wp-content\/uploads\/2022\/12\/copper-wire-shredder-1.webp\" alt=\"m\u00e1y nghi\u1ec1n d\u00e2y \u0111\u1ed3ng\" class=\"wp-image-3015\" title=\"\" srcset=\"https:\/\/shuliybaler.com\/wp-content\/uploads\/2022\/12\/copper-wire-shredder-1.webp 720w, https:\/\/shuliybaler.com\/wp-content\/uploads\/2022\/12\/copper-wire-shredder-1-360x270.webp 360w, https:\/\/shuliybaler.com\/wp-content\/uploads\/2022\/12\/copper-wire-shredder-1-180x135.webp 180w\" sizes=\"auto, (max-width: 720px) 100vw, 720px\" \/><figcaption class=\"wp-element-caption\">M\u00e1y x\u00e9 d\u00e2y \u0111\u1ed3ng<\/figcaption><\/figure>    <figure class=\"wp-block-image size-large\"><img loading=\"lazy\" decoding=\"async\" width=\"720\" height=\"540\" data-id=\"3016\" src=\"https:\/\/shuliybaler.com\/wp-content\/uploads\/2022\/12\/copper-wire-shredder-2.webp\" alt=\"m\u00e1y nghi\u1ec1n d\u00e2y \u0111\u1ed3ng\" class=\"wp-image-3016\" title=\"\" srcset=\"https:\/\/shuliybaler.com\/wp-content\/uploads\/2022\/12\/copper-wire-shredder-2.webp 720w, https:\/\/shuliybaler.com\/wp-content\/uploads\/2022\/12\/copper-wire-shredder-2-360x270.webp 360w, https:\/\/shuliybaler.com\/wp-content\/uploads\/2022\/12\/copper-wire-shredder-2-180x135.webp 180w\" sizes=\"auto, (max-width: 720px) 100vw, 720px\" \/><figcaption class=\"wp-element-caption\">M\u00e1y x\u00e9 d\u00e2y \u0111\u1ed3ng<\/figcaption><\/figure>    <figure class=\"wp-block-image size-large\"><img loading=\"lazy\" decoding=\"async\" width=\"720\" height=\"540\" data-id=\"3017\" src=\"https:\/\/shuliybaler.com\/wp-content\/uploads\/2022\/12\/copper-wire-shredder-3.webp\" alt=\"m\u00e1y nghi\u1ec1n d\u00e2y \u0111\u1ed3ng\" class=\"wp-image-3017\" title=\"\" srcset=\"https:\/\/shuliybaler.com\/wp-content\/uploads\/2022\/12\/copper-wire-shredder-3.webp 720w, https:\/\/shuliybaler.com\/wp-content\/uploads\/2022\/12\/copper-wire-shredder-3-360x270.webp 360w, https:\/\/shuliybaler.com\/wp-content\/uploads\/2022\/12\/copper-wire-shredder-3-180x135.webp 180w\" sizes=\"auto, (max-width: 720px) 100vw, 720px\" \/><figcaption class=\"wp-element-caption\">M\u00e1y x\u00e9 d\u00e2y \u0111\u1ed3ng<\/figcaption><\/figure> <\/figure>    <p>M\u00e1y nghi\u1ec1n b\u1ea3ng c\u00e1p c\u00f3 th\u1ec3 d\u00f9ng \u0111i\u1ec7n, ho\u1eb7c c\u00f3 th\u1ec3 trang b\u1ecb \u0111\u1ed9ng c\u01a1 diesel \u0111\u1ec3 d\u00f9ng d\u1ea7u diesel. B\u1ea1n c\u00f3 th\u1ec3 ch\u1ecdn ph\u01b0\u01a1ng ph\u00e1p ph\u00f9 h\u1ee3p theo \u0111\u1ecba \u0111i\u1ec3m s\u1ea3n xu\u1ea5t v\u00e0 chi ph\u00ed s\u1ea3n xu\u1ea5t. Ch\u00fang t\u00f4i h\u1ed7 tr\u1ee3 t\u00f9y ch\u1ec9nh.<\/p>    <h2 class=\"wp-block-heading\">M\u00e1y x\u00e9 d\u00e2y \u0111\u1ed3ng cho ng\u00e0nh c\u00f4ng nghi\u1ec7p t\u00e1i ch\u1ebf<\/h2>    <figure class=\"wp-block-gallery has-nested-images columns-default is-cropped wp-block-gallery-7 is-layout-flex wp-block-gallery-is-layout-flex\"> <figure class=\"wp-block-image size-large\"><img loading=\"lazy\" decoding=\"async\" width=\"720\" height=\"540\" data-id=\"3019\" src=\"https:\/\/shuliybaler.com\/wp-content\/uploads\/2022\/12\/Copper-wire-shredder-machine.webp\" alt=\"M\u00e1y x\u00e9 d\u00e2y \u0111\u1ed3ng\" class=\"wp-image-3019\" title=\"\" srcset=\"https:\/\/shuliybaler.com\/wp-content\/uploads\/2022\/12\/Copper-wire-shredder-machine.webp 720w, https:\/\/shuliybaler.com\/wp-content\/uploads\/2022\/12\/Copper-wire-shredder-machine-360x270.webp 360w, https:\/\/shuliybaler.com\/wp-content\/uploads\/2022\/12\/Copper-wire-shredder-machine-180x135.webp 180w\" sizes=\"auto, (max-width: 720px) 100vw, 720px\" \/><figcaption class=\"wp-element-caption\">M\u00e1y nghi\u1ec1n d\u00e2y<\/figcaption><\/figure>    <figure class=\"wp-block-image size-large\"><img loading=\"lazy\" decoding=\"async\" width=\"720\" height=\"540\" data-id=\"3018\" src=\"https:\/\/shuliybaler.com\/wp-content\/uploads\/2022\/12\/Copper-wire-recycling-industry.webp\" alt=\"Ng\u00e0nh c\u00f4ng nghi\u1ec7p t\u00e1i ch\u1ebf d\u00e2y \u0111\u1ed3ng\" class=\"wp-image-3018\" title=\"\" srcset=\"https:\/\/shuliybaler.com\/wp-content\/uploads\/2022\/12\/Copper-wire-recycling-industry.webp 720w, https:\/\/shuliybaler.com\/wp-content\/uploads\/2022\/12\/Copper-wire-recycling-industry-360x270.webp 360w, https:\/\/shuliybaler.com\/wp-content\/uploads\/2022\/12\/Copper-wire-recycling-industry-180x135.webp 180w\" sizes=\"auto, (max-width: 720px) 100vw, 720px\" \/><figcaption class=\"wp-element-caption\">Ng\u00e0nh c\u00f4ng nghi\u1ec7p t\u00e1i ch\u1ebf d\u00e2y \u0111\u1ed3ng<\/figcaption><\/figure> <\/figure>    <p class=\"translation-block\">M\u00e1y x\u00e9 n\u00e0y kh\u00f4ng ch\u1ec9 d\u00f9ng trong ng\u00e0nh t\u00e1i ch\u1ebf d\u00e2y m\u00e0 c\u00f2n c\u00f3 th\u1ec3 d\u00f9ng \u0111\u1ec3 t\u00e1i ch\u1ebf <a href=\"https:\/\/www.tmscrapmetals.com\/los-angeles-scrap-metal-price-quote\/\" data-type=\"URL\" data-id=\"https:\/\/www.tmscrapmetals.com\/los-angeles-scrap-metal-price-quote\/\" target=\"_blank\" rel=\"noopener\">kim lo\u1ea1i ph\u1ebf li\u1ec7u<\/a>. V\u00ec l\u01b0\u1ee1i dao \u0111\u1ee7 c\u1ee9ng, n\u00f3 c\u0169ng c\u00f3 th\u1ec3 x\u1eed l\u00fd kim lo\u1ea1i. Ngo\u00e0i ra, n\u00f3 c\u00f2n c\u00f3 th\u1ec3 x\u1eed l\u00fd c\u00e1c v\u1eadt li\u1ec7u m\u1ec1m nh\u01b0 carton, v\u00ec v\u1eady m\u00e1y nghi\u1ec1n d\u00e2y c\u00e1p c\u00f3 ph\u1ea1m vi \u1ee9ng d\u1ee5ng r\u1ed9ng.<\/p>    <h2 class=\"wp-block-heading\">L\u1ef1a ch\u1ecdn m\u00f4 h\u00ecnh c\u1ee7a m\u00e1y x\u00e9 d\u00e2y \u0111\u1ed3ng<\/h2>    <figure class=\"wp-block-gallery has-nested-images columns-default is-cropped wp-block-gallery-8 is-layout-flex wp-block-gallery-is-layout-flex\"> <figure class=\"wp-block-image size-large\"><img loading=\"lazy\" decoding=\"async\" width=\"720\" height=\"540\" data-id=\"3020\" src=\"https:\/\/shuliybaler.com\/wp-content\/uploads\/2022\/12\/copper-wire-shredder-4.webp\" alt=\"m\u00e1y nghi\u1ec1n d\u00e2y \u0111\u1ed3ng\" class=\"wp-image-3020\" title=\"\" srcset=\"https:\/\/shuliybaler.com\/wp-content\/uploads\/2022\/12\/copper-wire-shredder-4.webp 720w, https:\/\/shuliybaler.com\/wp-content\/uploads\/2022\/12\/copper-wire-shredder-4-360x270.webp 360w, https:\/\/shuliybaler.com\/wp-content\/uploads\/2022\/12\/copper-wire-shredder-4-180x135.webp 180w\" sizes=\"auto, (max-width: 720px) 100vw, 720px\" \/><figcaption class=\"wp-element-caption\">M\u00e1y nghi\u1ec1n d\u00e2y<\/figcaption><\/figure>    <figure class=\"wp-block-image size-large\"><img loading=\"lazy\" decoding=\"async\" width=\"720\" height=\"540\" data-id=\"3021\" src=\"https:\/\/shuliybaler.com\/wp-content\/uploads\/2022\/12\/copper-wire-shredder-5.webp\" alt=\"m\u00e1y nghi\u1ec1n d\u00e2y \u0111\u1ed3ng\" class=\"wp-image-3021\" title=\"\" srcset=\"https:\/\/shuliybaler.com\/wp-content\/uploads\/2022\/12\/copper-wire-shredder-5.webp 720w, https:\/\/shuliybaler.com\/wp-content\/uploads\/2022\/12\/copper-wire-shredder-5-360x270.webp 360w, https:\/\/shuliybaler.com\/wp-content\/uploads\/2022\/12\/copper-wire-shredder-5-180x135.webp 180w\" sizes=\"auto, (max-width: 720px) 100vw, 720px\" \/><figcaption class=\"wp-element-caption\">M\u00e1y nghi\u1ec1n d\u00e2y<\/figcaption><\/figure> <\/figure>    <p class=\"translation-block\">C\u00f3 <a href=\"https:\/\/shuliybaler.com\/vi\/product\/plastic-shredder-machine\/\" data-type=\"URL\" data-id=\"https:\/\/shuliybaler.com\/product\/plastic-shredder-machine\/\">nhi\u1ec1u lo\u1ea1i m\u00e1y x\u00e9<\/a>: 600, 800, 1000, 1200, v\u00e0 1400. C\u00f3 nhi\u1ec1u lo\u1ea1i m\u00e1y \u0111\u1ec3 l\u1ef1a ch\u1ecdn. C\u00e1c k\u1ef9 s\u01b0 c\u1ee7a ch\u00fang t\u00f4i c\u00f3 th\u1ec3 c\u1ea5u h\u00ecnh m\u00e1y ph\u00f9 h\u1ee3p nh\u1ea5t cho b\u1ea1n d\u1ef1a tr\u00ean nguy\u00ean li\u1ec7u c\u1ee7a b\u1ea1n. N\u1ebfu c\u1ea7n, xin vui l\u00f2ng li\u00ean h\u1ec7 v\u1edbi ch\u00fang t\u00f4i.<\/p>    <h2 class=\"wp-block-heading\">Video v\u1ec1 m\u00e1y x\u00e9 d\u00e2y \u0111\u1ed3ng<\/h2>    <figure class=\"wp-block-embed is-type-video is-provider-youtube wp-block-embed-youtube wp-embed-aspect-16-9 wp-has-aspect-ratio\"><div class=\"wp-block-embed__wrapper\"> <iframe loading=\"lazy\" title=\"Lo\u1ea1i m\u00e1y x\u00e9 n\u00e0o c\u1ea7n thi\u1ebft \u0111\u1ec3 t\u00e1i ch\u1ebf d\u00e2y \u0111\u1ed3ng\uff1f | nghi\u1ec1n v\u00e0 nghi\u1ec1n b\u1ea3ng c\u00e1p ph\u1ebf li\u1ec7u\" width=\"500\" height=\"281\" src=\"https:\/\/www.youtube.com\/embed\/KUGPWyrz0bk?feature=oembed\" frameborder=\"0\" allow=\"accelerometer; autoplay; clipboard-write; encrypted-media; gyroscope; picture-in-picture; web-share\" referrerpolicy=\"strict-origin-when-cross-origin\" allowfullscreen><\/iframe> <\/div><figcaption class=\"wp-element-caption\">m\u00e1y nghi\u1ec1n d\u00e2y \u0111\u1ed3ng<\/figcaption><\/figure>","protected":false},"excerpt":{"rendered":"<p>A copper wire shredder is a machine for shredding cables. This scrap wire copper cable board shredder machine can shred both wires and cable boards. It is very suitable for the cable recycling industry. The machine is designed with two shafts and has high work efficiency. The copper wire shredder can also crush waste metal, [&hellip;]<\/p>\n","protected":false},"author":1,"featured_media":3005,"parent":0,"template":"","tags":[53,84],"product-type":[46],"class_list":["post-3004","product","type-product","status-publish","has-post-thumbnail","hentry","tag-scrap-copper-wire-shredder","tag-shredder","product-type-metal-shredder"],"_links":{"self":[{"href":"https:\/\/shuliybaler.com\/vi\/wp-json\/wp\/v2\/product\/3004","targetHints":{"allow":["GET"]}}],"collection":[{"href":"https:\/\/shuliybaler.com\/vi\/wp-json\/wp\/v2\/product"}],"about":[{"href":"https:\/\/shuliybaler.com\/vi\/wp-json\/wp\/v2\/types\/product"}],"author":[{"embeddable":true,"href":"https:\/\/shuliybaler.com\/vi\/wp-json\/wp\/v2\/users\/1"}],"wp:featuredmedia":[{"embeddable":true,"href":"https:\/\/shuliybaler.com\/vi\/wp-json\/wp\/v2\/media\/3005"}],"wp:attachment":[{"href":"https:\/\/shuliybaler.com\/vi\/wp-json\/wp\/v2\/media?parent=3004"}],"wp:term":[{"taxonomy":"post_tag","embeddable":true,"href":"https:\/\/shuliybaler.com\/vi\/wp-json\/wp\/v2\/tags?post=3004"},{"taxonomy":"product-type","embeddable":true,"href":"https:\/\/shuliybaler.com\/vi\/wp-json\/wp\/v2\/product-type?post=3004"}],"curies":[{"name":"wp","href":"https:\/\/api.w.org\/{rel}","templated":true}]}}