{"id":3031,"date":"2022-12-27T16:10:28","date_gmt":"2022-12-27T08:10:28","guid":{"rendered":"https:\/\/shuliybaler.com\/?post_type=product&#038;p=3031"},"modified":"2022-12-27T16:10:29","modified_gmt":"2022-12-27T08:10:29","slug":"corrugated-box-shredding-machine","status":"publish","type":"product","link":"https:\/\/shuliybaler.com\/vi\/product\/corrugated-box-shredding-machine\/","title":{"rendered":"M\u00e1y xay th\u00f9ng carton l\u1edbn"},"content":{"rendered":"<p class=\"translation-block\">M\u1ed9t m\u00e1y x\u00e9 h\u1ed9p carton s\u00f3ng l\u00e0 m\u1ed9t m\u00e1y d\u00f9ng \u0111\u1ec3 x\u00e9 th\u00f9ng carton, ch\u1ee7 y\u1ebfu \u0111\u01b0\u1ee3c s\u1eed d\u1ee5ng trong ng\u00e0nh t\u00e1i ch\u1ebf, n\u00f3 c\u00f3 th\u1ec3 x\u00e9 \u0111\u01b0\u1ee3c <a href=\"https:\/\/en.wikipedia.org\/wiki\/Drum_(container)\" data-type=\"URL\" data-id=\"https:\/\/en.wikipedia.org\/wiki\/Drum_(container)\" target=\"_blank\" rel=\"noopener\">x\u00f4 kim lo\u1ea1i<\/a>, l\u1ed1p, pallet g\u1ed7, nh\u00e0nh c\u00e2y, x\u01b0\u01a1ng \u0111\u1ed9ng v\u1eadt, v.v. N\u00f3 \u0111\u01b0\u1ee3c s\u1eed d\u1ee5ng r\u1ed9ng r\u00e3i v\u00e0 c\u00f3 kh\u1ea3 n\u0103ng x\u00e9 m\u1ea1nh.<\/p>    <h2 class=\"wp-block-heading\">T\u00e1i ch\u1ebf h\u1ed9p carton s\u00f3ng<\/h2>    <figure class=\"wp-block-gallery has-nested-images columns-default is-cropped wp-block-gallery-2 is-layout-flex wp-block-gallery-is-layout-flex\"> <figure class=\"wp-block-image size-large\"><img loading=\"lazy\" decoding=\"async\" width=\"720\" height=\"540\" data-id=\"3033\" src=\"https:\/\/shuliybaler.com\/wp-content\/uploads\/2022\/12\/corrugated-box.webp\" alt=\"h\u1ed9p x\u1ed1p\" class=\"wp-image-3033\" title=\"\" srcset=\"https:\/\/shuliybaler.com\/wp-content\/uploads\/2022\/12\/corrugated-box.webp 720w, https:\/\/shuliybaler.com\/wp-content\/uploads\/2022\/12\/corrugated-box-360x270.webp 360w, https:\/\/shuliybaler.com\/wp-content\/uploads\/2022\/12\/corrugated-box-180x135.webp 180w\" sizes=\"auto, (max-width: 720px) 100vw, 720px\" \/><figcaption class=\"wp-element-caption\">H\u1ed9p carton s\u00f3ng<\/figcaption><\/figure>    <figure class=\"wp-block-image size-large\"><img loading=\"lazy\" decoding=\"async\" width=\"720\" height=\"540\" data-id=\"3034\" src=\"https:\/\/shuliybaler.com\/wp-content\/uploads\/2022\/12\/corrugated-box-shredding.webp\" alt=\"Nghi\u1ec1n h\u1ed9p x\u1ed1p \" class=\"wp-image-3034\" title=\"\" srcset=\"https:\/\/shuliybaler.com\/wp-content\/uploads\/2022\/12\/corrugated-box-shredding.webp 720w, https:\/\/shuliybaler.com\/wp-content\/uploads\/2022\/12\/corrugated-box-shredding-360x270.webp 360w, https:\/\/shuliybaler.com\/wp-content\/uploads\/2022\/12\/corrugated-box-shredding-180x135.webp 180w\" sizes=\"auto, (max-width: 720px) 100vw, 720px\" \/><figcaption class=\"wp-element-caption\">X\u00e9 h\u1ed9p carton s\u00f3ng <\/figcaption><\/figure> <\/figure>    <p>M\u1ed9t h\u1ed9p carton s\u00f3ng \u0111\u01b0\u1ee3c d\u00f9ng \u0111\u1ec3 v\u1eadn chuy\u1ec3n v\u00e0 \u0111\u00f3ng g\u00f3i. Th\u00f9ng carton c\u00f3 m\u1ed9t tu\u1ed5i th\u1ecd nh\u1ea5t \u0111\u1ecbnh. Sau nhi\u1ec1u l\u1ea7n s\u1eed d\u1ee5ng, th\u00f9ng carton s\u1ebd b\u1ecb lo\u1ea1i b\u1ecf v\u00e0 nh\u1eadp v\u00e0o h\u1ec7 th\u1ed1ng t\u00e1i ch\u1ebf. Th\u00f9ng carton s\u00f3ng c\u00f3 th\u1ec3 \u0111\u01b0\u1ee3c t\u00e1i s\u1eed d\u1ee5ng sau khi b\u1ecb nghi\u1ec1n n\u00e1t, ho\u1eb7c l\u00e0m th\u00e0nh c\u00e1c s\u1ea3n ph\u1ea9m gi\u1ea5y kh\u00e1c, nh\u01b0 l\u00e0m khay tr\u1ee9ng.<\/p>    <h2 class=\"wp-block-heading\">M\u00e1y nghi\u1ec1n h\u1ed9p carton<\/h2>   <div class=\"wp-block-image\"> <figure class=\"aligncenter size-full\"><img loading=\"lazy\" decoding=\"async\" width=\"720\" height=\"540\" src=\"https:\/\/shuliybaler.com\/wp-content\/uploads\/2022\/12\/Corrugated-box-shredding-machine.webp\" alt=\"M\u00e1y nghi\u1ec1n h\u1ed9p carton\" class=\"wp-image-3035\" title=\"\" srcset=\"https:\/\/shuliybaler.com\/wp-content\/uploads\/2022\/12\/Corrugated-box-shredding-machine.webp 720w, https:\/\/shuliybaler.com\/wp-content\/uploads\/2022\/12\/Corrugated-box-shredding-machine-360x270.webp 360w, https:\/\/shuliybaler.com\/wp-content\/uploads\/2022\/12\/Corrugated-box-shredding-machine-180x135.webp 180w\" sizes=\"auto, (max-width: 720px) 100vw, 720px\" \/><figcaption class=\"wp-element-caption\">M\u00e1y nghi\u1ec1n h\u1ed9p carton<\/figcaption><\/figure> <\/div>   <p>Sau khi \u0111\u01b0\u1ee3c x\u00e9 nhanh th\u00e0nh m\u1ea3nh nh\u1ecf b\u1edfi m\u1ed9t m\u00e1y x\u00e9 h\u1ed9p carton s\u00f3ng, vi\u1ec7c ti\u1ebfp theo cho qu\u00e1 tr\u00ecnh \u0111\u00e1nh gi\u1ea5y nhanh ch\u00f3ng. Sau khi th\u00eam nguy\u00ean li\u1ec7u h\u00f3a h\u1ecdc, c\u00f3 th\u1ec3 s\u1ea3n xu\u1ea5t gi\u1ea5y m\u1edbi. So v\u1edbi s\u1ea3n ph\u1ea9m gi\u1ea5y m\u1edbi, gi\u1ea5y t\u00e1i ch\u1ebf g\u00e2y \u00f4 nhi\u1ec5m m\u00f4i tr\u01b0\u1eddng \u00edt h\u01a1n nhi\u1ec1u.<\/p>    <h2 class=\"wp-block-heading\">T\u00ednh n\u0103ng m\u00e1y x\u00e9 h\u1ed9p carton s\u00f3ng:<\/h2>   <div class=\"wp-block-image\"> <figure class=\"aligncenter size-full\"><img loading=\"lazy\" decoding=\"async\" width=\"720\" height=\"540\" src=\"https:\/\/shuliybaler.com\/wp-content\/uploads\/2022\/12\/corrugated-box-shredder.webp\" alt=\"m\u00e1y nghi\u1ec1n h\u1ed9p x\u1ebfp l\u1edbp\" class=\"wp-image-3037\" title=\"\" srcset=\"https:\/\/shuliybaler.com\/wp-content\/uploads\/2022\/12\/corrugated-box-shredder.webp 720w, https:\/\/shuliybaler.com\/wp-content\/uploads\/2022\/12\/corrugated-box-shredder-360x270.webp 360w, https:\/\/shuliybaler.com\/wp-content\/uploads\/2022\/12\/corrugated-box-shredder-180x135.webp 180w\" sizes=\"auto, (max-width: 720px) 100vw, 720px\" \/><figcaption class=\"wp-element-caption\">m\u00e1y nghi\u1ec1n h\u1ed9p x\u1ebfp l\u1edbp<\/figcaption><\/figure> <\/div>   <ol class=\"wp-block-list\"> <li>H\u1ed9p dao t\u00edch h\u1ee3p<br>\u0110\u1ea3m b\u1ea3o \u0111\u1ed9 b\u1ec1n c\u01a1 h\u1ecdc cao v\u00e0 \u0111\u1ed9 ch\u00ednh x\u00e1c gia c\u00f4ng, k\u00e9o d\u00e0i tu\u1ed5i th\u1ecd c\u1ee7a thi\u1ebft b\u1ecb, v\u00e0 ti\u1ebft ki\u1ec7m chi ph\u00ed b\u1ea3o tr\u00ec.<\/li>    <li>C\u00f4ng ngh\u1ec7 th\u00e1o l\u1eafp d\u1ee5ng c\u1ee5<br>M\u1ed7i dao c\u1ed1 \u0111\u1ecbnh c\u00f3 th\u1ec3 th\u00e1o r\u1eddi v\u00e0 l\u1eafp \u0111\u1eb7t, v\u00e0 c\u00f3 th\u1ec3 th\u00e1o r\u1eddi nhanh ch\u00f3ng trong th\u1eddi gian ng\u1eafn, gi\u1ea3m \u0111\u00e1ng k\u1ec3 kh\u1ed1i l\u01b0\u1ee3ng c\u00f4ng vi\u1ec7c c\u1ee7a c\u00f4ng nh\u00e2n.<\/li>    <li>T\u00ednh n\u0103ng th\u00f4ng minh<br>\u00c1p d\u1ee5ng c\u00f4ng ngh\u1ec7 th\u00f4ng minh GEP \u0111\u1ec3 th\u1ef1c hi\u1ec7n b\u00f4i tr\u01a1n t\u1ef1 \u0111\u1ed9ng, ph\u00e1t hi\u1ec7n th\u00f4ng minh v\u00e0 c\u1ea3nh b\u00e1o b\u1ea5t th\u01b0\u1eddng, v\u00e0 thi\u1ebft k\u1ebf h\u1ec7 th\u1ed1ng b\u1ea3o v\u1ec7 th\u00f4ng minh cho c\u00e1c v\u1eadt th\u1ec3 kh\u00f4ng th\u1ec3 ph\u00e1 v\u1ee1, gi\u00fap gi\u1ea3m chi ph\u00ed b\u1ea3o tr\u00ec v\u00e0 r\u1ee7i ro h\u1ecfng h\u00f3c, \u0111\u1ea3m b\u1ea3o ho\u1ea1t \u0111\u1ed9ng l\u00e2u d\u00e0i v\u00e0 kh\u1ecfe m\u1ea1nh c\u1ee7a thi\u1ebft b\u1ecb.<\/li>    <li>Tr\u1ee5c ch\u00ednh c\u00f3 \u0111\u1ed9 \u1ed5n \u0111\u1ecbnh t\u1ed1t v\u00e0 kh\u1ea3 n\u0103ng ch\u1ecbu t\u00e1c \u0111\u1ed9ng m\u1ea1nh m\u1ebd<br>Tr\u1ee5c ch\u00ednh l\u00e0m b\u1eb1ng v\u1eadt li\u1ec7u \u0111\u1eb7c bi\u1ec7t, \u0111\u00e3 qua x\u1eed l\u00fd nhi\u1ec7t v\u00e0 gia c\u00f4ng nhi\u1ec1u l\u1ea7n, c\u00f3 \u0111\u1ed9 b\u1ec1n c\u01a1 h\u1ecdc t\u1ed1t, kh\u1ea3 n\u0103ng ch\u1ed1ng l\u00e3o h\u00f3a v\u00e0 ch\u1ed1ng va \u0111\u1eadp m\u1ea1nh m\u1ebd, tu\u1ed5i th\u1ecd d\u00e0i.<\/li>    <li>D\u1ea7u b\u1ea1c nh\u1eadp kh\u1ea9u v\u00e0 nhi\u1ec1u b\u1ed9 ph\u1eadn ni\u00eam phong k\u1ebft h\u1ee3p<br>Kh\u00e1ng t\u1ea3i cao, tu\u1ed5i th\u1ecd d\u00e0i, ch\u1ed1ng b\u1ee5i, ch\u1ed1ng n\u01b0\u1edbc v\u00e0 ch\u1ed1ng b\u00e1m b\u1ea9n, \u0111\u1ea3m b\u1ea3o ho\u1ea1t \u0111\u1ed9ng li\u00ean t\u1ee5c v\u00e0 \u1ed5n \u0111\u1ecbnh c\u1ee7a m\u00e1y m\u00f3c.<\/li>    <li>T\u1ee7 \u0111i\u1ec1u khi\u1ec3n c\u1ea3m \u1ee9ng PLC<br>S\u1eed d\u1ee5ng t\u1ee7 \u0111i\u1ec1u khi\u1ec3n c\u1ea3m \u1ee9ng Siemens PLC, trang b\u1ecb c\u00e1c th\u00e0nh ph\u1ea7n \u0111i\u1ec7n t\u1eed ti\u00ean ti\u1ebfn, \u0111\u1ed9 \u1ed5n \u0111\u1ecbnh t\u1ed1t v\u00e0 d\u1ec5 v\u1eadn h\u00e0nh.<\/li> <\/ol>    <figure class=\"wp-block-gallery has-nested-images columns-default is-cropped wp-block-gallery-3 is-layout-flex wp-block-gallery-is-layout-flex\"> <figure class=\"wp-block-image size-large\"><img loading=\"lazy\" decoding=\"async\" width=\"720\" height=\"540\" data-id=\"3038\" src=\"https:\/\/shuliybaler.com\/wp-content\/uploads\/2022\/12\/corrugated-box-shredder-1.webp\" alt=\"m\u00e1y nghi\u1ec1n h\u1ed9p x\u1ebfp l\u1edbp\" class=\"wp-image-3038\" title=\"\" srcset=\"https:\/\/shuliybaler.com\/wp-content\/uploads\/2022\/12\/corrugated-box-shredder-1.webp 720w, https:\/\/shuliybaler.com\/wp-content\/uploads\/2022\/12\/corrugated-box-shredder-1-360x270.webp 360w, https:\/\/shuliybaler.com\/wp-content\/uploads\/2022\/12\/corrugated-box-shredder-1-180x135.webp 180w\" sizes=\"auto, (max-width: 720px) 100vw, 720px\" \/><figcaption class=\"wp-element-caption\">M\u00e1y x\u00e9 h\u1ed9p carton s\u00f3ng<\/figcaption><\/figure>    <figure class=\"wp-block-image size-large\"><img loading=\"lazy\" decoding=\"async\" width=\"720\" height=\"540\" data-id=\"3039\" src=\"https:\/\/shuliybaler.com\/wp-content\/uploads\/2022\/12\/corrugated-box-shredder-knife.webp\" alt=\"Dao c\u1eaft h\u1ed9p x\u1ed1p\" class=\"wp-image-3039\" title=\"\" srcset=\"https:\/\/shuliybaler.com\/wp-content\/uploads\/2022\/12\/corrugated-box-shredder-knife.webp 720w, https:\/\/shuliybaler.com\/wp-content\/uploads\/2022\/12\/corrugated-box-shredder-knife-360x270.webp 360w, https:\/\/shuliybaler.com\/wp-content\/uploads\/2022\/12\/corrugated-box-shredder-knife-180x135.webp 180w\" sizes=\"auto, (max-width: 720px) 100vw, 720px\" \/><figcaption class=\"wp-element-caption\">Dao c\u1eaft h\u1ed9p b\u00eca carton s\u00f3ng<\/figcaption><\/figure> <\/figure>    <h2 class=\"wp-block-heading\">Th\u00f4ng s\u1ed1 m\u00e1y x\u00e9 h\u1ed9p carton s\u00f3ng<\/h2>    <figure class=\"wp-block-table\"><table><tbody><tr><td>M\u1eabu m\u00e3<\/td><td>SL1000<\/td><\/tr><tr><td>\u0110\u01b0\u1eddng k\u00ednh \u0111\u0129a l\u01b0\u1ee1i c\u1eaft (mm)<\/td><td>485<\/td><\/tr><tr><td>\u0110\u1ed9 d\u00e0y l\u01b0\u1ee1i (mm)<\/td><td>50<\/td><\/tr><tr><td>S\u1ed1 l\u01b0\u1ee3ng l\u01b0\u1ee1i dao<\/td><td>20<\/td><\/tr><tr><td>\u0110\u01b0\u1eddng k\u00ednh tr\u1ee5c (mm)<\/td><td>260<\/td><\/tr><tr><td>K\u00edch th\u01b0\u1edbc (mm)<\/td><td>4500\u00d71900\u00d72200<\/td><\/tr><tr><td>K\u00edch th\u01b0\u1edbc m\u1edf mi\u1ec7ng ph\u1ec5u (mm)<\/td><td>1400\u00d71200<\/td><\/tr><tr><td>K\u00edch th\u01b0\u1edbc ph\u00f2ng h\u1ecfng (mm)<\/td><td>1200\u00d71050<\/td><\/tr><tr><td>\u0110\u1ed9 d\u00e0y h\u1ed9p (mm)<\/td><td>50<\/td><\/tr><tr><td>C\u00f4ng su\u1ea5t \u0111\u1ed9ng c\u01a1 (kW)<\/td><td>Y-6 45kw\u00d72<\/td><\/tr><tr><td>T\u1ed1c \u0111\u1ed9 (v\u00f2ng\/ph\u00fat)<\/td><td>9-15<\/td><\/tr><tr><td>T\u1ee7 ph\u00e2n ph\u1ed1i<\/td><td>Qu\u00e1 t\u1ea3i t\u1ef1 \u0111\u1ed9ng ti\u1ebfn v\u00e0 l\u00f9i<\/td><\/tr><\/tbody><\/table><figcaption class=\"wp-element-caption\">m\u00e1y x\u00e9 h\u1ed9p carton s\u00f3ng<\/figcaption><\/figure>   <div class=\"wp-block-image\"> <figure class=\"aligncenter size-full\"><img loading=\"lazy\" decoding=\"async\" width=\"720\" height=\"540\" src=\"https:\/\/shuliybaler.com\/wp-content\/uploads\/2022\/12\/corrugated-box-shredding-machine-1.webp\" alt=\"m\u00e1y x\u00e9 h\u1ed9p carton s\u00f3ng\" class=\"wp-image-3040\" title=\"\" srcset=\"https:\/\/shuliybaler.com\/wp-content\/uploads\/2022\/12\/corrugated-box-shredding-machine-1.webp 720w, https:\/\/shuliybaler.com\/wp-content\/uploads\/2022\/12\/corrugated-box-shredding-machine-1-360x270.webp 360w, https:\/\/shuliybaler.com\/wp-content\/uploads\/2022\/12\/corrugated-box-shredding-machine-1-180x135.webp 180w\" sizes=\"auto, (max-width: 720px) 100vw, 720px\" \/><figcaption class=\"wp-element-caption\">m\u00e1y x\u00e9 h\u1ed9p carton s\u00f3ng<\/figcaption><\/figure> <\/div>   <h2 class=\"wp-block-heading\">Tr\u01b0\u1eddng h\u1ee3p kh\u00e1ch h\u00e0ng v\u1edbi m\u00e1y x\u00e9 h\u1ed9p carton s\u00f3ng<\/h2>   <div class=\"wp-block-image\"> <figure class=\"aligncenter size-full\"><img loading=\"lazy\" decoding=\"async\" width=\"720\" height=\"540\" src=\"https:\/\/shuliybaler.com\/wp-content\/uploads\/2022\/12\/corrugated-box-shredding-machines.webp\" alt=\"m\u00e1y x\u00e9 h\u1ed9p carton s\u00f3ng\" class=\"wp-image-3036\" title=\"\" srcset=\"https:\/\/shuliybaler.com\/wp-content\/uploads\/2022\/12\/corrugated-box-shredding-machines.webp 720w, https:\/\/shuliybaler.com\/wp-content\/uploads\/2022\/12\/corrugated-box-shredding-machines-360x270.webp 360w, https:\/\/shuliybaler.com\/wp-content\/uploads\/2022\/12\/corrugated-box-shredding-machines-180x135.webp 180w\" sizes=\"auto, (max-width: 720px) 100vw, 720px\" \/><figcaption class=\"wp-element-caption\">m\u00e1y x\u00e9 h\u1ed9p carton s\u00f3ng<\/figcaption><\/figure> <\/div>   <p class=\"translation-block\">Kh\u00e1ch h\u00e0ng mua m\u1ed9t <a href=\"https:\/\/shuliybaler.com\/vi\/product\/scrap-metal-shredder-machine\/\" data-type=\"URL\" data-id=\"https:\/\/shuliybaler.com\/product\/scrap-metal-shredder-machine\/\">m\u00e1y x\u00e9<\/a> \u0111\u1ec3 x\u00e9 x\u01b0\u01a1ng b\u00f2. Nh\u1eefng x\u01b0\u01a1ng b\u00f2 r\u1ea5t c\u1ee9ng, m\u1ed9t s\u1ed1 x\u01b0\u01a1ng r\u1ea5t l\u1edbn, n\u00ean m\u00e1y m\u00f3c th\u1ecbt th\u00f4ng th\u01b0\u1eddng kh\u00f4ng th\u1ec3 x\u1eed l\u00fd \u0111\u01b0\u1ee3c. Kh\u00e1ch h\u00e0ng xem video v\u1ec1 m\u00e1y x\u00e9 c\u1ee7a ch\u00fang t\u00f4i x\u00e9 th\u00f9ng kim lo\u1ea1i, n\u00ean h\u1ecfi xem ch\u00fang t\u00f4i c\u00f3 th\u1ec3 x\u1eed l\u00fd x\u01b0\u01a1ng b\u00f2 c\u1ee7a anh \u1ea5y kh\u00f4ng, ch\u00fang t\u00f4i ch\u01b0a t\u1eebng x\u1eed l\u00fd x\u01b0\u01a1ng tr\u01b0\u1edbc \u0111\u00e2y, nh\u01b0ng v\u1ec1 l\u00fd thuy\u1ebft l\u00e0 c\u00f3 th\u1ec3 v\u00ec m\u00e1y m\u00f3c c\u1ee7a ch\u00fang t\u00f4i x\u1eed l\u00fd c\u00f4ng c\u1ee5 kim lo\u1ea1i d\u1ec5 d\u00e0ng.<br>Ch\u00fang t\u00f4i mua x\u01b0\u01a1ng b\u00f2 \u0111\u1ec3 th\u1eed nghi\u1ec7m v\u00e0 th\u1ea5y hi\u1ec7u qu\u1ea3 r\u1ea5t t\u1ed1t. Ch\u00fang t\u00f4i quay video v\u00e0 g\u1eedi cho kh\u00e1ch h\u00e0ng, ng\u01b0\u1eddi n\u00e0y c\u0169ng r\u1ea5t h\u00e0i l\u00f2ng. M\u1ed9t kh\u00e1ch h\u00e0ng \u0111\u1eb7t m\u1ed9t m\u00e1y x\u00e9 trong m\u1ed9t ng\u00e0y \u0111\u1ec3 s\u1eed d\u1ee5ng trong nh\u00e0 ch\u1ebf bi\u1ebfn b\u00f2 c\u1ee7a anh \u1ea5y.<\/p>","protected":false},"excerpt":{"rendered":"<p>M\u1ed9t m\u00e1y nghi\u1ec1n h\u1ed9p x\u1ed1p d\u00f9ng \u0111\u1ec3 nghi\u1ec1n c\u00e1c h\u1ed9p carton, ch\u1ee7 y\u1ebfu d\u00f9ng trong ng\u00e0nh t\u00e1i ch\u1ebf, c\u00f3 th\u1ec3 nghi\u1ec1n th\u00f9ng s\u1eaft, l\u1ed1p xe, pallet g\u1ed7, c\u00e0nh c\u00e2y, x\u01b0\u01a1ng \u0111\u1ed9ng v\u1eadt, v.v. N\u00f3 \u0111\u01b0\u1ee3c s\u1eed d\u1ee5ng r\u1ed9ng r\u00e3i v\u00e0 c\u00f3 kh\u1ea3 n\u0103ng nghi\u1ec1n m\u1ea1nh m\u1ebd.<\/p>","protected":false},"author":1,"featured_media":3032,"parent":0,"template":"","tags":[56],"product-type":[46],"class_list":["post-3031","product","type-product","status-publish","has-post-thumbnail","hentry","tag-corrugated-box-shredding-machine","product-type-metal-shredder"],"_links":{"self":[{"href":"https:\/\/shuliybaler.com\/vi\/wp-json\/wp\/v2\/product\/3031","targetHints":{"allow":["GET"]}}],"collection":[{"href":"https:\/\/shuliybaler.com\/vi\/wp-json\/wp\/v2\/product"}],"about":[{"href":"https:\/\/shuliybaler.com\/vi\/wp-json\/wp\/v2\/types\/product"}],"author":[{"embeddable":true,"href":"https:\/\/shuliybaler.com\/vi\/wp-json\/wp\/v2\/users\/1"}],"wp:featuredmedia":[{"embeddable":true,"href":"https:\/\/shuliybaler.com\/vi\/wp-json\/wp\/v2\/media\/3032"}],"wp:attachment":[{"href":"https:\/\/shuliybaler.com\/vi\/wp-json\/wp\/v2\/media?parent=3031"}],"wp:term":[{"taxonomy":"post_tag","embeddable":true,"href":"https:\/\/shuliybaler.com\/vi\/wp-json\/wp\/v2\/tags?post=3031"},{"taxonomy":"product-type","embeddable":true,"href":"https:\/\/shuliybaler.com\/vi\/wp-json\/wp\/v2\/product-type?post=3031"}],"curies":[{"name":"wp","href":"https:\/\/api.w.org\/{rel}","templated":true}]}}