{"id":3051,"date":"2023-01-06T11:14:47","date_gmt":"2023-01-06T03:14:47","guid":{"rendered":"https:\/\/shuliybaler.com\/?post_type=product&#038;p=3051"},"modified":"2025-02-08T15:25:15","modified_gmt":"2025-02-08T07:25:15","slug":"animal-bone-shredding-crusher-machine","status":"publish","type":"product","link":"https:\/\/shuliybaler.com\/vi\/product\/animal-bone-shredding-crusher-machine\/","title":{"rendered":"M\u00e1y nghi\u1ec1n x\u01b0\u01a1ng \u0111\u1ed9ng v\u1eadt"},"content":{"rendered":"<p>M\u00e1y nghi\u1ec1n x\u01b0\u01a1ng \u0111\u1ed9ng v\u1eadt l\u00e0 thi\u1ebft b\u1ecb nghi\u1ec1n x\u01b0\u01a1ng \u0111\u1ed9ng v\u1eadt c\u1ee9ng. M\u00e1y c\u00f3 th\u1ec3 \u0111\u01b0\u1ee3c s\u1eed d\u1ee5ng trong c\u00e1c nh\u00e0 m\u00e1y gi\u1ebft m\u1ed5 v\u00e0 ch\u1ebf bi\u1ebfn th\u1ef1c ph\u1ea9m. M\u00e1y nghi\u1ec1n x\u01b0\u01a1ng \u0111\u1ed9ng v\u1eadt c\u00f3 hi\u1ec7u su\u1ea5t l\u00e0m vi\u1ec7c cao.<\/p>    <figure class=\"wp-block-gallery has-nested-images columns-default is-cropped wp-block-gallery-2 is-layout-flex wp-block-gallery-is-layout-flex\"> <figure class=\"wp-block-image size-large\"><img loading=\"lazy\" decoding=\"async\" width=\"720\" height=\"540\" data-id=\"3062\" src=\"https:\/\/shuliybaler.com\/wp-content\/uploads\/2023\/01\/bone-shredding-crusher.jpg\" alt=\"m\u00e1y nghi\u1ec1n x\u01b0\u01a1ng\" class=\"wp-image-3062\" title=\"\" srcset=\"https:\/\/shuliybaler.com\/wp-content\/uploads\/2023\/01\/bone-shredding-crusher.jpg 720w, https:\/\/shuliybaler.com\/wp-content\/uploads\/2023\/01\/bone-shredding-crusher-360x270.jpg 360w, https:\/\/shuliybaler.com\/wp-content\/uploads\/2023\/01\/bone-shredding-crusher-180x135.jpg 180w\" sizes=\"auto, (max-width: 720px) 100vw, 720px\" \/><figcaption class=\"wp-element-caption\">M\u00e1y nghi\u1ec1n x\u01b0\u01a1ng<\/figcaption><\/figure>    <figure class=\"wp-block-image size-large\"><img loading=\"lazy\" decoding=\"async\" width=\"720\" height=\"540\" data-id=\"3063\" src=\"https:\/\/shuliybaler.com\/wp-content\/uploads\/2023\/01\/bone-shredding-crusher-1.jpg\" alt=\"m\u00e1y nghi\u1ec1n x\u01b0\u01a1ng\" class=\"wp-image-3063\" title=\"\" srcset=\"https:\/\/shuliybaler.com\/wp-content\/uploads\/2023\/01\/bone-shredding-crusher-1.jpg 720w, https:\/\/shuliybaler.com\/wp-content\/uploads\/2023\/01\/bone-shredding-crusher-1-360x270.jpg 360w, https:\/\/shuliybaler.com\/wp-content\/uploads\/2023\/01\/bone-shredding-crusher-1-180x135.jpg 180w\" sizes=\"auto, (max-width: 720px) 100vw, 720px\" \/><figcaption class=\"wp-element-caption\">M\u00e1y nghi\u1ec1n x\u01b0\u01a1ng<\/figcaption><\/figure> <\/figure>    <h2 class=\"wp-block-heading\">C\u00e1c s\u1ea3n ph\u1ea9m n\u00e0o c\u00f3 th\u1ec3 \u0111\u01b0\u1ee3c x\u1eed l\u00fd b\u1edfi m\u00e1y nghi\u1ec1n x\u01b0\u01a1ng?  <\/h2>    <h3 class=\"wp-block-heading\">M\u00e1y nghi\u1ec1n x\u01b0\u01a1ng x\u1eed l\u00fd x\u01b0\u01a1ng v\u00e0 th\u1ecbt<\/h3>    <figure class=\"wp-block-gallery has-nested-images columns-default is-cropped wp-block-gallery-3 is-layout-flex wp-block-gallery-is-layout-flex\"> <figure class=\"wp-block-image size-large\"><img loading=\"lazy\" decoding=\"async\" width=\"720\" height=\"540\" data-id=\"3053\" src=\"https:\/\/shuliybaler.com\/wp-content\/uploads\/2023\/01\/bones.jpg\" alt=\"x\u01b0\u01a1ng \" class=\"wp-image-3053\" title=\"\" srcset=\"https:\/\/shuliybaler.com\/wp-content\/uploads\/2023\/01\/bones.jpg 720w, https:\/\/shuliybaler.com\/wp-content\/uploads\/2023\/01\/bones-360x270.jpg 360w, https:\/\/shuliybaler.com\/wp-content\/uploads\/2023\/01\/bones-180x135.jpg 180w\" sizes=\"auto, (max-width: 720px) 100vw, 720px\" \/><figcaption class=\"wp-element-caption\">X\u01b0\u01a1ng <\/figcaption><\/figure>    <figure class=\"wp-block-image size-large\"><img loading=\"lazy\" decoding=\"async\" width=\"720\" height=\"540\" data-id=\"3054\" src=\"https:\/\/shuliybaler.com\/wp-content\/uploads\/2023\/01\/beef-bone.jpg\" alt=\"X\u01b0\u01a1ng b\u00f2\" class=\"wp-image-3054\" title=\"\" srcset=\"https:\/\/shuliybaler.com\/wp-content\/uploads\/2023\/01\/beef-bone.jpg 720w, https:\/\/shuliybaler.com\/wp-content\/uploads\/2023\/01\/beef-bone-360x270.jpg 360w, https:\/\/shuliybaler.com\/wp-content\/uploads\/2023\/01\/beef-bone-180x135.jpg 180w\" sizes=\"auto, (max-width: 720px) 100vw, 720px\" \/><figcaption class=\"wp-element-caption\">X\u01b0\u01a1ng b\u00f2<\/figcaption><\/figure> <\/figure>    <p>M\u00e1y nghi\u1ec1n x\u01b0\u01a1ng \u0111\u1ed9ng v\u1eadt kh\u00f4ng ch\u1ec9 nghi\u1ec1n x\u01b0\u01a1ng m\u00e0 c\u00f2n nghi\u1ec1n th\u1ecbt \u0111\u00f4ng l\u1ea1nh v\u00e0 th\u1ecbt t\u01b0\u01a1i. M\u00e1y nghi\u1ec1n x\u01b0\u01a1ng \u0111\u1ed9ng v\u1eadt c\u00f3 th\u1ec3 d\u00f9ng \u0111\u1ec3 ch\u1ebf bi\u1ebfn th\u1ee9c \u0103n cho th\u00fa c\u01b0ng. Ngo\u00e0i ra, m\u00e1y c\u00f2n d\u00f9ng \u0111\u1ec3 x\u1eed l\u00fd x\u00e1c \u0111\u1ed9ng v\u1eadt ch\u1ebft, v\u00ed d\u1ee5 nh\u01b0 khi \u0111\u1ed1t, gi\u00fap \u0111\u1ed1t ch\u00e1y hi\u1ec7u qu\u1ea3 h\u01a1n v\u00e0 n\u00e2ng cao hi\u1ec7u su\u1ea5t thi\u00eau h\u1ee7y.<\/p>    <h3 class=\"wp-block-heading\">M\u00e1y nghi\u1ec1n kim lo\u1ea1i<\/h3>    <p class=\"translation-block\">M\u00e1y nghi\u1ec1n n\u00e0y c\u0169ng<a href=\"https:\/\/shuliybaler.com\/vi\/product\/scrap-metal-shredder-machine\/\" data-type=\"URL\" data-id=\"https:\/\/shuliybaler.com\/product\/scrap-metal-shredder-machine\/\"> x\u00e9 c\u00e1c s\u1ea3n ph\u1ea9m kim lo\u1ea1i<\/a>, nh\u01b0 \u0111\u1ed9ng c\u01a1, xe \u0111\u1ea1p, \u1ed1ng kim lo\u1ea1i, v.v.<\/p>    <h2 class=\"wp-block-heading\">C\u00e1c v\u1ea5n \u0111\u1ec1 s\u1ebd g\u1eb7p ph\u1ea3i khi x\u01b0\u01a1ng b\u1ecb v\u1ee1?<\/h2>   <div class=\"wp-block-image\"> <figure class=\"aligncenter size-full\"><img loading=\"lazy\" decoding=\"async\" width=\"720\" height=\"540\" src=\"https:\/\/shuliybaler.com\/wp-content\/uploads\/2023\/01\/bone-crusher.jpg\" alt=\"m\u00e1y nghi\u1ec1n x\u01b0\u01a1ng\" class=\"wp-image-3061\" title=\"\" srcset=\"https:\/\/shuliybaler.com\/wp-content\/uploads\/2023\/01\/bone-crusher.jpg 720w, https:\/\/shuliybaler.com\/wp-content\/uploads\/2023\/01\/bone-crusher-360x270.jpg 360w, https:\/\/shuliybaler.com\/wp-content\/uploads\/2023\/01\/bone-crusher-180x135.jpg 180w\" sizes=\"auto, (max-width: 720px) 100vw, 720px\" \/><figcaption class=\"wp-element-caption\">m\u00e1y nghi\u1ec1n x\u01b0\u01a1ng<\/figcaption><\/figure> <\/div>   <p class=\"translation-block\">Khi x\u01b0\u01a1ng b\u1ecb nghi\u1ec1n, do k\u00edch th\u01b0\u1edbc qu\u00e1 l\u1edbn, <a href=\"https:\/\/www.meatprocessingmachine.org\/products\/meat-cutting-machine\/\" data-type=\"URL\" data-id=\"https:\/\/www.meatprocessingmachine.org\/products\/meat-cutting-machine\/\" target=\"_blank\" rel=\"noopener\">m\u00e1y ch\u1ebf bi\u1ebfn th\u1ecbt t\u1ed5ng qu\u00e1t<\/a> kh\u00f4ng th\u1ec3 x\u1eed l\u00fd khi x\u00e9, ho\u1eb7c n\u1ebfu s\u1eed d\u1ee5ng, s\u1ebd g\u00e2y h\u01b0 h\u1ecfng l\u1edbn cho m\u00e1y v\u00e0 gi\u1ea3m tu\u1ed5i th\u1ecd. Tuy nhi\u00ean, dao c\u1ee7a m\u00e1y nghi\u1ec1n x\u01b0\u01a1ng n\u00e0y s\u1eed d\u1ee5ng c\u00f9ng v\u1eadt li\u1ec7u H13, c\u00f3 kh\u1ea3 n\u0103ng x\u00e9 kim lo\u1ea1i v\u00e0 x\u01b0\u01a1ng l\u1edbn d\u1ec5 d\u00e0ng.<\/p>    <h2 class=\"wp-block-heading\">\u01afu \u0111i\u1ec3m c\u1ee7a m\u00e1y nghi\u1ec1n x\u01b0\u01a1ng \u0111\u1ed9ng v\u1eadt<\/h2>    <figure class=\"wp-block-gallery has-nested-images columns-default is-cropped wp-block-gallery-4 is-layout-flex wp-block-gallery-is-layout-flex\"> <figure class=\"wp-block-image size-large\"><img loading=\"lazy\" decoding=\"async\" width=\"720\" height=\"540\" data-id=\"3055\" src=\"https:\/\/shuliybaler.com\/wp-content\/uploads\/2023\/01\/bone-shredding-crusher-machine.jpg\" alt=\"m\u00e1y nghi\u1ec1n x\u01b0\u01a1ng\" class=\"wp-image-3055\" title=\"\" srcset=\"https:\/\/shuliybaler.com\/wp-content\/uploads\/2023\/01\/bone-shredding-crusher-machine.jpg 720w, https:\/\/shuliybaler.com\/wp-content\/uploads\/2023\/01\/bone-shredding-crusher-machine-360x270.jpg 360w, https:\/\/shuliybaler.com\/wp-content\/uploads\/2023\/01\/bone-shredding-crusher-machine-180x135.jpg 180w\" sizes=\"auto, (max-width: 720px) 100vw, 720px\" \/><figcaption class=\"wp-element-caption\">M\u00e1y nghi\u1ec1n x\u01b0\u01a1ng<\/figcaption><\/figure>    <figure class=\"wp-block-image size-large\"><img loading=\"lazy\" decoding=\"async\" width=\"720\" height=\"540\" data-id=\"3056\" src=\"https:\/\/shuliybaler.com\/wp-content\/uploads\/2023\/01\/bone-shredding-crusher-machine-knife.jpg\" alt=\"m\u00e1y nghi\u1ec1n x\u01b0\u01a1ng c\u00f3 dao c\u1eaft\" class=\"wp-image-3056\" title=\"\" srcset=\"https:\/\/shuliybaler.com\/wp-content\/uploads\/2023\/01\/bone-shredding-crusher-machine-knife.jpg 720w, https:\/\/shuliybaler.com\/wp-content\/uploads\/2023\/01\/bone-shredding-crusher-machine-knife-360x270.jpg 360w, https:\/\/shuliybaler.com\/wp-content\/uploads\/2023\/01\/bone-shredding-crusher-machine-knife-180x135.jpg 180w\" sizes=\"auto, (max-width: 720px) 100vw, 720px\" \/><figcaption class=\"wp-element-caption\">Dao m\u00e1y nghi\u1ec1n x\u01b0\u01a1ng<\/figcaption><\/figure> <\/figure>    <p>Ch\u1ebf \u0111\u1ed9 ch\u1eadm, ti\u1ebfng \u1ed3n th\u1ea5p<\/p>    <p>Kh\u1ea3 n\u0103ng x\u1eed l\u00fd l\u1edbn v\u00e0 k\u00edch th\u01b0\u1edbc \u0111\u1ea7u ra c\u00f3 th\u1ec3 ki\u1ec3m so\u00e1t<\/p>    <p>\u0110\u1ed9 k\u00edn c\u1ee7a m\u00e1y t\u1ed1t, v\u1eadt li\u1ec7u th\u00e9p kh\u00f4ng g\u1ec9 c\u00f3 kh\u1ea3 n\u0103ng ch\u1ed1ng \u0103n m\u00f2n t\u1ed1t<\/p>    <p>H\u1ed7 tr\u1ee3 \u0111\u1ea7y \u0111\u1ee7 c\u00e1c th\u00f4ng s\u1ed1 k\u1ef9 thu\u1eadt t\u00f9y ch\u1ec9nh<\/p>    <h2 class=\"wp-block-heading\">Th\u00f4ng s\u1ed1 k\u1ef9 thu\u1eadt c\u1ee7a m\u00e1y nghi\u1ec1n x\u01b0\u01a1ng \u0111\u1ed9ng v\u1eadt<\/h2>    <figure class=\"wp-block-gallery has-nested-images columns-2 is-cropped wp-block-gallery-5 is-layout-flex wp-block-gallery-is-layout-flex\"> <figure class=\"wp-block-image size-large\"><img loading=\"lazy\" decoding=\"async\" width=\"720\" height=\"540\" data-id=\"3057\" src=\"https:\/\/shuliybaler.com\/wp-content\/uploads\/2023\/01\/Animal-bone-shredding-crusher-machine-1.jpg\" alt=\"M\u00e1y nghi\u1ec1n x\u01b0\u01a1ng \u0111\u1ed9ng v\u1eadt\" class=\"wp-image-3057\" title=\"\" srcset=\"https:\/\/shuliybaler.com\/wp-content\/uploads\/2023\/01\/Animal-bone-shredding-crusher-machine-1.jpg 720w, https:\/\/shuliybaler.com\/wp-content\/uploads\/2023\/01\/Animal-bone-shredding-crusher-machine-1-360x270.jpg 360w, https:\/\/shuliybaler.com\/wp-content\/uploads\/2023\/01\/Animal-bone-shredding-crusher-machine-1-180x135.jpg 180w\" sizes=\"auto, (max-width: 720px) 100vw, 720px\" \/><figcaption class=\"wp-element-caption\">M\u00e1y nghi\u1ec1n x\u01b0\u01a1ng \u0111\u1ed9ng v\u1eadt<\/figcaption><\/figure>    <figure class=\"wp-block-image size-large\"><img loading=\"lazy\" decoding=\"async\" width=\"720\" height=\"540\" data-id=\"3058\" src=\"https:\/\/shuliybaler.com\/wp-content\/uploads\/2023\/01\/Animal-bone-shredding-crusher-machine-2.jpg\" alt=\"M\u00e1y nghi\u1ec1n x\u01b0\u01a1ng \u0111\u1ed9ng v\u1eadt\" class=\"wp-image-3058\" title=\"\" srcset=\"https:\/\/shuliybaler.com\/wp-content\/uploads\/2023\/01\/Animal-bone-shredding-crusher-machine-2.jpg 720w, https:\/\/shuliybaler.com\/wp-content\/uploads\/2023\/01\/Animal-bone-shredding-crusher-machine-2-360x270.jpg 360w, https:\/\/shuliybaler.com\/wp-content\/uploads\/2023\/01\/Animal-bone-shredding-crusher-machine-2-180x135.jpg 180w\" sizes=\"auto, (max-width: 720px) 100vw, 720px\" \/><figcaption class=\"wp-element-caption\">M\u00e1y nghi\u1ec1n x\u01b0\u01a1ng \u0111\u1ed9ng v\u1eadt <\/figcaption><\/figure>    <figure class=\"wp-block-image size-large\"><img loading=\"lazy\" decoding=\"async\" width=\"720\" height=\"540\" data-id=\"3059\" src=\"https:\/\/shuliybaler.com\/wp-content\/uploads\/2023\/01\/Animal-bone-shredding-crusher-machine-3.jpg\" alt=\"M\u00e1y nghi\u1ec1n x\u01b0\u01a1ng \u0111\u1ed9ng v\u1eadt\" class=\"wp-image-3059\" title=\"\" srcset=\"https:\/\/shuliybaler.com\/wp-content\/uploads\/2023\/01\/Animal-bone-shredding-crusher-machine-3.jpg 720w, https:\/\/shuliybaler.com\/wp-content\/uploads\/2023\/01\/Animal-bone-shredding-crusher-machine-3-360x270.jpg 360w, https:\/\/shuliybaler.com\/wp-content\/uploads\/2023\/01\/Animal-bone-shredding-crusher-machine-3-180x135.jpg 180w\" sizes=\"auto, (max-width: 720px) 100vw, 720px\" \/><figcaption class=\"wp-element-caption\">M\u00e1y nghi\u1ec1n x\u01b0\u01a1ng \u0111\u1ed9ng v\u1eadt<\/figcaption><\/figure>    <figure class=\"wp-block-image size-large\"><img loading=\"lazy\" decoding=\"async\" width=\"720\" height=\"540\" data-id=\"3060\" src=\"https:\/\/shuliybaler.com\/wp-content\/uploads\/2023\/01\/Animal-bone-shredding-crusher-machine-4.jpg\" alt=\"M\u00e1y nghi\u1ec1n x\u01b0\u01a1ng \u0111\u1ed9ng v\u1eadt\" class=\"wp-image-3060\" title=\"\" srcset=\"https:\/\/shuliybaler.com\/wp-content\/uploads\/2023\/01\/Animal-bone-shredding-crusher-machine-4.jpg 720w, https:\/\/shuliybaler.com\/wp-content\/uploads\/2023\/01\/Animal-bone-shredding-crusher-machine-4-360x270.jpg 360w, https:\/\/shuliybaler.com\/wp-content\/uploads\/2023\/01\/Animal-bone-shredding-crusher-machine-4-180x135.jpg 180w\" sizes=\"auto, (max-width: 720px) 100vw, 720px\" \/><figcaption class=\"wp-element-caption\">M\u00e1y nghi\u1ec1n x\u01b0\u01a1ng \u0111\u1ed9ng v\u1eadt<\/figcaption><\/figure> <\/figure>    <figure class=\"wp-block-table\"><table><tbody><tr><td>T\u00ean<\/td><td>Th\u00f4ng s\u1ed1 k\u1ef9 thu\u1eadt<\/td><\/tr><tr><td>M\u00e1y x\u00e9<\/td><td>1200 n\u1eb7ng<\/td><\/tr><tr><td>\u0110\u01b0\u1eddng k\u00ednh dao c\u1eaft<\/td><td>500mm<\/td><\/tr><tr><td>\u0110\u1ed9 d\u00e0y dao c\u1eaft<\/td><td>60mm<\/td><\/tr><tr><td>S\u1ed1 r\u0103ng c\u1eaft<\/td><td>7 r\u0103ng<\/td><\/tr><tr><td>Chi\u1ec1u cao r\u0103ng c\u1eaft<\/td><td>40-45mm<\/td><\/tr><tr><td>T\u1ef7 l\u1ec7 truy\u1ec1n \u0111\u1ed9ng<\/td><td>90:1<\/td><\/tr><tr><td>M\u00f4 h\u00ecnh b\u1ed9 gi\u1ea3m t\u1ed1c<\/td><td>Zsy450 lo\u1ea1i\u00d72 (b\u1ec1 m\u1eb7t r\u0103ng c\u1ee9ng)<\/td><\/tr><tr><td>C\u00f4ng su\u1ea5t \u0111\u1ed9ng c\u01a1<\/td><td>55kw\u00d72 (C\u1ea5p \u0111\u1ed9 6)<\/td><\/tr><tr><td>Khung<\/td><td>\u1ed0ng vu\u00f4ng 160\u00d7160<\/td><\/tr><tr><td>T\u1ee7 ph\u00e2n ph\u1ed1i<\/td><td>Ch\u1ee9c n\u0103ng t\u1ef1 \u0111\u1ed9ng qu\u00e1 t\u1ea3i, b\u1ea3o v\u1ec7 ti\u1ebfn v\u00e0 l\u00f9i<\/td><\/tr><tr><td>K\u00edch th\u01b0\u1edbc<\/td><td>3500\u00d71800\u00d71950<\/td><\/tr><tr><td>B\u0103ng t\u1ea3i ra<\/td><td>Lo\u1ea1i 600 \u00d7 6 m\u00e9t<\/td><\/tr><tr><td>M\u00e1y t\u00e1ch t\u1eeb t\u1eeb ch\u1ed1ng nhi\u1ec5m t\u1eeb<\/td><td>Lo\u1ea1i 600<\/td><\/tr><\/tbody><\/table><\/figure>","protected":false},"excerpt":{"rendered":"<p>Khi x\u01b0\u01a1ng b\u1ecb nghi\u1ec1n, c\u00f3 th\u1ec3 qu\u00e1 l\u1edbn do k\u00edch th\u01b0\u1edbc, v\u00ec v\u1eady m\u00e1y ch\u1ebf bi\u1ebfn th\u1ecbt th\u00f4ng th\u01b0\u1eddng kh\u00f4ng th\u1ec3 x\u1eed l\u00fd khi x\u01b0\u01a1ng b\u1ecb nghi\u1ec1n, ho\u1eb7c n\u1ebfu s\u1eed d\u1ee5ng s\u1ebd g\u00e2y h\u01b0 h\u1ecfng l\u1edbn cho m\u00e1y v\u00e0 gi\u1ea3m tu\u1ed5i th\u1ecd. Tuy nhi\u00ean, l\u01b0\u1ee1i dao c\u1ee7a m\u00e1y nghi\u1ec1n x\u01b0\u01a1ng n\u00e0y s\u1eed d\u1ee5ng c\u00f9ng v\u1eadt li\u1ec7u H13, c\u00f3 kh\u1ea3 n\u0103ng nghi\u1ec1n kim lo\u1ea1i v\u00e0 x\u01b0\u01a1ng l\u1edbn d\u1ec5 d\u00e0ng.<\/p>","protected":false},"author":1,"featured_media":3052,"parent":0,"template":"","tags":[84,57],"product-type":[46],"class_list":["post-3051","product","type-product","status-publish","has-post-thumbnail","hentry","tag-shredder","tag-shredding-crusher-machine","product-type-metal-shredder"],"_links":{"self":[{"href":"https:\/\/shuliybaler.com\/vi\/wp-json\/wp\/v2\/product\/3051","targetHints":{"allow":["GET"]}}],"collection":[{"href":"https:\/\/shuliybaler.com\/vi\/wp-json\/wp\/v2\/product"}],"about":[{"href":"https:\/\/shuliybaler.com\/vi\/wp-json\/wp\/v2\/types\/product"}],"author":[{"embeddable":true,"href":"https:\/\/shuliybaler.com\/vi\/wp-json\/wp\/v2\/users\/1"}],"wp:featuredmedia":[{"embeddable":true,"href":"https:\/\/shuliybaler.com\/vi\/wp-json\/wp\/v2\/media\/3052"}],"wp:attachment":[{"href":"https:\/\/shuliybaler.com\/vi\/wp-json\/wp\/v2\/media?parent=3051"}],"wp:term":[{"taxonomy":"post_tag","embeddable":true,"href":"https:\/\/shuliybaler.com\/vi\/wp-json\/wp\/v2\/tags?post=3051"},{"taxonomy":"product-type","embeddable":true,"href":"https:\/\/shuliybaler.com\/vi\/wp-json\/wp\/v2\/product-type?post=3051"}],"curies":[{"name":"wp","href":"https:\/\/api.w.org\/{rel}","templated":true}]}}